{"id":58083,"date":"2021-12-01T10:44:25","date_gmt":"2021-12-01T10:44:25","guid":{"rendered":"https:\/\/scisa.es\/analyse-chimique\/"},"modified":"2023-01-25T15:38:49","modified_gmt":"2023-01-25T15:38:49","slug":"analyse-chimique","status":"publish","type":"page","link":"https:\/\/scisa.es\/fr\/controles-non-destructifs-et-laboratoire-de-metallurgie\/laboratoire-de-metallurgie\/analyse-chimique\/","title":{"rendered":"Analyse chimique"},"content":{"rendered":"<div class=\"wpb-content-wrapper\"><p>[vc_row css_animation=&#8221;&#8221; row_type=&#8221;row&#8221; use_row_as_full_screen_section=&#8221;no&#8221; type=&#8221;full_width&#8221; angled_section=&#8221;no&#8221; text_align=&#8221;left&#8221; background_image_as_pattern=&#8221;without_pattern&#8221;][vc_column width=&#8221;1\/4&#8243;][vc_raw_html]PGg1PkF1dHJlcyBzZXJ2aWNlcyBkZSBDTkQ8L2g1Pg==[\/vc_raw_html][vc_separator type=&#8221;normal&#8221; color=&#8221;#bcbcbc&#8221; thickness=&#8221;1&#8243; transparency=&#8221;0.4&#8243;][vc_raw_html]JTNDdWwlMjBjbGFzcyUzRCUyMm1lbnUtbGF0ZXJhbCUyMiUzRSUwQSUzQ2xpJTIwY2xhc3MlM0QlMjJ2b2x2ZXIlMjIlM0UlM0NhJTIwaHJlZiUzRCUyMmh0dHBzJTNBJTJGJTJGc2Npc2EuZXMlMkZmciUyRmNvbnRyb2xlcy1ub24tZGVzdHJ1Y3RpZnMtZXQtbGFib3JhdG9pcmUtZGUtbWV0YWxsdXJnaWUlMkYlMjIlM0UlM0NpJTIwY2xhc3MlM0QlMjJmYSUyMGZhLWJhY2t3YXJkJTIyJTIwYXJpYS1oaWRkZW4lM0QlMjJ0cnVlJTIyJTNFJTNDJTJGaSUzRSUyMCUyMExBQk9SQVRPSVJFJTIwRCUyN0VTU0FJUyUyME5PTiUyMERFU1RSVUNUSUZTJTIwRVQlMjBNJUMzJTg5VEFMTFVSR0lRVUVTJTNDJTJGYSUzRSUzQyUyRmxpJTNFJTBBJTBBJTBBJTNDbGklM0UlM0NhJTIwaHJlZiUzRCUyMmh0dHBzJTNBJTJGJTJGc2Npc2EuZXMlMkZmciUyRmNvbnRyb2xlcy1ub24tZGVzdHJ1Y3RpZnMtZXQtbGFib3JhdG9pcmUtZGUtbWV0YWxsdXJnaWUlMkZsYWJvcmF0b2lyZS1kZS1tZXRhbGx1cmdpZSUyRm1ldGFsbG9ncmFwaGllJTJGJTIyJTNFTSVDMyVBOXRhbGxvZ3JhcGhpZSUzQyUyRmElM0UlM0MlMkZsaSUzRSUwQSUwQSUzQ2xpJTIwY2xhc3MlM0QlMjJzaW4tZW5sYWNlJTIyJTNFQW5hbHlzZSUyMGNoaW1pcXVlJTNDJTJGbGklM0UlMEElMEElMEElM0NsaSUzRSUzQ2ElMjBocmVmJTNEJTIyaHR0cHMlM0ElMkYlMkZzY2lzYS5lcyUyRmZyJTJGY29udHJvbGVzLW5vbi1kZXN0cnVjdGlmcy1ldC1sYWJvcmF0b2lyZS1kZS1tZXRhbGx1cmdpZSUyRmxhYm9yYXRvaXJlLWRlLW1ldGFsbHVyZ2llJTJGZXNzYWlzLW1lY2FuaXF1ZXMlMkYlMjIlM0VFc3NhaXMlMjBtJUMzJUE5Y2FuaXF1ZXMlM0MlMkZhJTNFJTNDJTJGbGklM0UlMEElMEElMEElMEElM0MlMkZ1bCUzRQ==[\/vc_raw_html][vc_empty_space][vc_raw_html]PGg1PkNvbnRhY3QgYXZlYyBub3VzPC9oNT4=[\/vc_raw_html][vc_separator type=&#8221;normal&#8221; color=&#8221;#bcbcbc&#8221; thickness=&#8221;1&#8243; transparency=&#8221;0.4&#8243;][vc_widget_sidebar sidebar_id=&#8221;sidebar-blog&#8221;][\/vc_column][vc_column width=&#8221;3\/4&#8243;][vc_row_inner row_type=&#8221;row&#8221; type=&#8221;full_width&#8221; text_align=&#8221;left&#8221; css_animation=&#8221;&#8221; css=&#8221;.vc_custom_1644931481567{padding-right: 0px !important;padding-left: 25px !important;background-color: #ffffff !important;}&#8221;][vc_column_inner width=&#8221;1\/2&#8243;][vc_empty_space][vc_column_text]<\/p>\n<h2 class=\"internas-titul\">DES ANALYSES CHIMIQUES EN LABORATOIRE ET SUR PLACE :<\/h2>\n<p>La d\u00e9termination de la <strong>composition chimique<\/strong> des mat\u00e9riaux m\u00e9talliques est fondamentale pour d\u00e9terminer leurs capacit\u00e9s de<strong> r\u00e9sistance \u00e0 la<\/strong> corrosion, leur<strong> comportement<\/strong> dans diff\u00e9rents milieux et, associ\u00e9e \u00e0 des traitements thermiques, pour <strong>garantir<\/strong> leurs <strong>caract\u00e9ristiques m\u00e9caniques<\/strong>.<\/p>\n<p>Les diff\u00e9rents moyens et ressources dont dispose le <strong>SCI <\/strong>pour effectuer ces analyses nous permettent d&#8217;obtenir un r\u00e9sultat rapide et fiable.[\/vc_column_text][vc_empty_space][vc_column_text]<\/p>\n<h2 class=\"internas-titul\">NOS TECHNIQUES D&#8217;ANALYSE :<\/h2>\n<p>&nbsp;<\/p>\n<h3>L&#8217;ANALYSE CHIMIQUE EN LABORATOIRE<\/h3>\n<p>1. Spectrom\u00e9trie d&#8217;\u00e9mission.<br \/>\n2. Combustion dans un flux d&#8217;oxyg\u00e8ne.<br \/>\n3. Photocolorim\u00e9trie.<br \/>\n4. Absorption atomique.<br \/>\n5. EDX<\/p>\n<p>&nbsp;<\/p>\n<h3>ANALYSE CHIMIQUE SUR PLACE<\/h3>\n<p>1. PMI, v\u00e9rification de l&#8217;alliage par fluorescence Rx. (XFR)<br \/>\n2. PMI, V\u00e9rification des alliages par spectrom\u00e9trie d&#8217;\u00e9mission optique (OES).<br \/>\n3. Analyse chimique par spectrom\u00e9trie d&#8217;\u00e9mission.[\/vc_column_text][vc_empty_space][\/vc_column_inner][vc_column_inner width=&#8221;1\/2&#8243; css=&#8221;.vc_custom_1644931477965{padding-right: 0px !important;}&#8221;][vc_single_image image=&#8221;56243&#8243; img_size=&#8221;full&#8221; alignment=&#8221;right&#8221; qode_css_animation=&#8221;&#8221; css=&#8221;.vc_custom_1642681527416{margin-top: 0px !important;margin-right: 0px !important;margin-bottom: 0px !important;margin-left: 0px !important;border-top-width: 0px !important;border-right-width: 0px !important;border-bottom-width: 0px !important;border-left-width: 0px !important;padding-top: 0px !important;padding-right: 0px !important;padding-bottom: 0px !important;padding-left: 0px !important;}&#8221;][\/vc_column_inner][\/vc_row_inner][vc_empty_space][\/vc_column][\/vc_row][vc_row css_animation=&#8221;&#8221; row_type=&#8221;row&#8221; use_row_as_full_screen_section=&#8221;no&#8221; type=&#8221;full_width&#8221; angled_section=&#8221;no&#8221; text_align=&#8221;left&#8221; background_image_as_pattern=&#8221;without_pattern&#8221;][vc_column][vc_empty_space height=&#8221;64px&#8221;][\/vc_column][\/vc_row]<\/p>\n<\/div>","protected":false},"excerpt":{"rendered":"<p>[vc_row css_animation=&#8221;&#8221; row_type=&#8221;row&#8221; use_row_as_full_screen_section=&#8221;no&#8221; type=&#8221;full_width&#8221; angled_section=&#8221;no&#8221; text_align=&#8221;left&#8221; background_image_as_pattern=&#8221;without_pattern&#8221;][vc_column width=&#8221;1\/4&#8243;][vc_raw_html]PGg1PkF1dHJlcyBzZXJ2aWNlcyBkZSBDTkQ8L2g1Pg==[\/vc_raw_html][vc_separator type=&#8221;normal&#8221; color=&#8221;#bcbcbc&#8221; thickness=&#8221;1&#8243; transparency=&#8221;0.4&#8243;][vc_raw_html]JTNDdWwlMjBjbGFzcyUzRCUyMm1lbnUtbGF0ZXJhbCUyMiUzRSUwQSUzQ2xpJTIwY2xhc3MlM0QlMjJ2b2x2ZXIlMjIlM0UlM0NhJTIwaHJlZiUzRCUyMmh0dHBzJTNBJTJGJTJGc2Npc2EuZXMlMkZmciUyRmNvbnRyb2xlcy1ub24tZGVzdHJ1Y3RpZnMtZXQtbGFib3JhdG9pcmUtZGUtbWV0YWxsdXJnaWUlMkYlMjIlM0UlM0NpJTIwY2xhc3MlM0QlMjJmYSUyMGZhLWJhY2t3YXJkJTIyJTIwYXJpYS1oaWRkZW4lM0QlMjJ0cnVlJTIyJTNFJTNDJTJGaSUzRSUyMCUyMExBQk9SQVRPSVJFJTIwRCUyN0VTU0FJUyUyME5PTiUyMERFU1RSVUNUSUZTJTIwRVQlMjBNJUMzJTg5VEFMTFVSR0lRVUVTJTNDJTJGYSUzRSUzQyUyRmxpJTNFJTBBJTBBJTBBJTNDbGklM0UlM0NhJTIwaHJlZiUzRCUyMmh0dHBzJTNBJTJGJTJGc2Npc2EuZXMlMkZmciUyRmNvbnRyb2xlcy1ub24tZGVzdHJ1Y3RpZnMtZXQtbGFib3JhdG9pcmUtZGUtbWV0YWxsdXJnaWUlMkZsYWJvcmF0b2lyZS1kZS1tZXRhbGx1cmdpZSUyRm1ldGFsbG9ncmFwaGllJTJGJTIyJTNFTSVDMyVBOXRhbGxvZ3JhcGhpZSUzQyUyRmElM0UlM0MlMkZsaSUzRSUwQSUwQSUzQ2xpJTIwY2xhc3MlM0QlMjJzaW4tZW5sYWNlJTIyJTNFQW5hbHlzZSUyMGNoaW1pcXVlJTNDJTJGbGklM0UlMEElMEElMEElM0NsaSUzRSUzQ2ElMjBocmVmJTNEJTIyaHR0cHMlM0ElMkYlMkZzY2lzYS5lcyUyRmZyJTJGY29udHJvbGVzLW5vbi1kZXN0cnVjdGlmcy1ldC1sYWJvcmF0b2lyZS1kZS1tZXRhbGx1cmdpZSUyRmxhYm9yYXRvaXJlLWRlLW1ldGFsbHVyZ2llJTJGZXNzYWlzLW1lY2FuaXF1ZXMlMkYlMjIlM0VFc3NhaXMlMjBtJUMzJUE5Y2FuaXF1ZXMlM0MlMkZhJTNFJTNDJTJGbGklM0UlMEElMEElMEElMEElM0MlMkZ1bCUzRQ==[\/vc_raw_html][vc_empty_space][vc_raw_html]PGg1PkNvbnRhY3QgYXZlYyBub3VzPC9oNT4=[\/vc_raw_html][vc_separator type=&#8221;normal&#8221; color=&#8221;#bcbcbc&#8221; thickness=&#8221;1&#8243; transparency=&#8221;0.4&#8243;][vc_widget_sidebar sidebar_id=&#8221;sidebar-blog&#8221;][\/vc_column][vc_column width=&#8221;3\/4&#8243;][vc_row_inner row_type=&#8221;row&#8221; type=&#8221;full_width&#8221; text_align=&#8221;left&#8221; css_animation=&#8221;&#8221; css=&#8221;.vc_custom_1644931481567{padding-right: 0px !important;padding-left: 25px !important;background-color: #ffffff !important;}&#8221;][vc_column_inner width=&#8221;1\/2&#8243;][vc_empty_space][vc_column_text] DES ANALYSES CHIMIQUES EN LABORATOIRE ET SUR PLACE : La d\u00e9termination de la composition&#8230;<\/p>\n","protected":false},"author":1,"featured_media":0,"parent":58171,"menu_order":0,"comment_status":"closed","ping_status":"closed","template":"","meta":{"footnotes":""},"class_list":["post-58083","page","type-page","status-publish","hentry"],"_links":{"self":[{"href":"https:\/\/scisa.es\/fr\/wp-json\/wp\/v2\/pages\/58083","targetHints":{"allow":["GET"]}}],"collection":[{"href":"https:\/\/scisa.es\/fr\/wp-json\/wp\/v2\/pages"}],"about":[{"href":"https:\/\/scisa.es\/fr\/wp-json\/wp\/v2\/types\/page"}],"author":[{"embeddable":true,"href":"https:\/\/scisa.es\/fr\/wp-json\/wp\/v2\/users\/1"}],"replies":[{"embeddable":true,"href":"https:\/\/scisa.es\/fr\/wp-json\/wp\/v2\/comments?post=58083"}],"version-history":[{"count":0,"href":"https:\/\/scisa.es\/fr\/wp-json\/wp\/v2\/pages\/58083\/revisions"}],"up":[{"embeddable":true,"href":"https:\/\/scisa.es\/fr\/wp-json\/wp\/v2\/pages\/58171"}],"wp:attachment":[{"href":"https:\/\/scisa.es\/fr\/wp-json\/wp\/v2\/media?parent=58083"}],"curies":[{"name":"wp","href":"https:\/\/api.w.org\/{rel}","templated":true}]}}