{"id":58086,"date":"2021-12-16T08:59:34","date_gmt":"2021-12-16T08:59:34","guid":{"rendered":"https:\/\/scisa.es\/secteur-electrique\/"},"modified":"2023-02-21T11:01:58","modified_gmt":"2023-02-21T11:01:58","slug":"secteur-electrique","status":"publish","type":"page","link":"https:\/\/scisa.es\/fr\/inspection\/secteur-electrique\/","title":{"rendered":"Secteur \u00e9lectrique"},"content":{"rendered":"<div class=\"wpb-content-wrapper\"><p>[vc_row css_animation=&#8221;&#8221; row_type=&#8221;row&#8221; use_row_as_full_screen_section=&#8221;no&#8221; type=&#8221;full_width&#8221; angled_section=&#8221;no&#8221; text_align=&#8221;left&#8221; background_image_as_pattern=&#8221;without_pattern&#8221;][vc_column width=&#8221;1\/4&#8243;][vc_raw_html]PGg1PkF1dHJlcyBzZXJ2aWNlcyBJTlNQRUNUSU9OPC9oNT4=[\/vc_raw_html][vc_separator type=&#8221;normal&#8221; color=&#8221;#bcbcbc&#8221; thickness=&#8221;1&#8243; transparency=&#8221;0.4&#8243;][vc_raw_html]JTNDdWwlMjBjbGFzcyUzRCUyMm1lbnUtbGF0ZXJhbCUyMiUzRSUwQSUzQ2xpJTIwY2xhc3MlM0QlMjJ2b2x2ZXIlMjIlM0UlM0NhJTIwaHJlZiUzRCUyMmh0dHBzJTNBJTJGJTJGc2Npc2EuZXMlMkZmciUyRnNjaS1yZW5ld2FibGVzJTJGJTIyJTNFJTNDaSUyMGNsYXNzJTNEJTIyZmElMjBmYS1iYWNrd2FyZCUyMiUyMGFyaWEtaGlkZGVuJTNEJTIydHJ1ZSUyMiUzRSUzQyUyRmklM0UlMjAlMjBBVVRSRVMlMjBTRVJWSUNFUyUyMEQlMjdJTlNQRUNUSU9OJTNDJTJGYSUzRSUzQyUyRmxpJTNFJTBBJTNDbGklMjBjbGFzcyUzRCUyMnNpbi1lbmxhY2UlMjIlM0VTZWN0ZXVyJTIwJUMzJUE5bGVjdHJpcXVlJTNDJTJGYSUzRSUzQyUyRmxpJTNFJTBBJTNDbGklM0UlM0NhJTIwaHJlZiUzRCUyMmh0dHBzJTNBJTJGJTJGc2Npc2EuZXMlMkZmciUyRmluc3BlY3Rpb24lMkZhdWRpdHMtZGVmZmljYWNpdGUtZW5lcmdldGlxdWUtZGFucy1sZXMtZW50cmVwcmlzZXMtZGVjcmV0LXJveWFsLTU2LTIwMTYlMkYlMjIlM0VBVURJVFMlMjBEJTI3RUZGSUNBQ0lUJUMzJTg5JTIwJUMzJTg5TkVSRyVDMyU4OVRJUVVFJTIwREFOUyUyMExFUyUyMEVOVFJFUFJJU0VTJTIwJTI4RCVDMyU4OUNSRVQlMjBST1lBTCUyMDU2JTJGMjAxNiUyOSUzQyUyRmElM0UlM0MlMkZsaSUzRSUwQSUzQyUyRnVsJTNF[\/vc_raw_html][vc_empty_space][vc_raw_html]PGg1PkNvbnRhY3QgYXZlYyBub3VzPC9oNT4=[\/vc_raw_html][vc_separator type=&#8221;normal&#8221; color=&#8221;#bcbcbc&#8221; thickness=&#8221;1&#8243; transparency=&#8221;0.4&#8243;][vc_widget_sidebar sidebar_id=&#8221;sidebar-blog&#8221;][\/vc_column][vc_column width=&#8221;3\/4&#8243;][vc_row_inner row_type=&#8221;row&#8221; type=&#8221;full_width&#8221; text_align=&#8221;left&#8221; css_animation=&#8221;&#8221; css=&#8221;.vc_custom_1644509683273{background-color: #ffffff !important;}&#8221;][vc_column_inner css=&#8221;.vc_custom_1639654809595{padding-right: 45px !important;padding-left: 45px !important;background-color: #ffffff !important;}&#8221;][vc_column_text]<\/p>\n<h2 class=\"internas-titul\">Efficacit\u00e9 \u00e9nerg\u00e9tique<\/h2>\n<p>Un autre domaine d&#8217;inspection pour les techniciens du PCD est l&#8217;\u00e9lectricit\u00e9, y compris les inspections de l&#8217;efficacit\u00e9 \u00e9nerg\u00e9tique. <a href=\"https:\/\/scisa.es\/fr\/\" target=\"_blank\" rel=\"noopener\"><strong>SCI<\/strong> <\/a>est \u00e9lectrique, incluant \u00e9galement les inspections d&#8217;<strong>efficacit\u00e9 \u00e9nerg\u00e9tique<\/strong>.[\/vc_column_text][vc_empty_space][\/vc_column_inner][\/vc_row_inner][vc_empty_space][vc_row_inner row_type=&#8221;row&#8221; type=&#8221;full_width&#8221; text_align=&#8221;left&#8221; css_animation=&#8221;&#8221; css=&#8221;.vc_custom_1644316702832{padding-right: 0px !important;padding-left: 25px !important;background-color: #ffffff !important;}&#8221; el_id=&#8221;diseno-fabricacion&#8221;][vc_column_inner][vc_empty_space][vc_column_text]<\/p>\n<h2 class=\"internas-titul\">THERMOGRAPHIE<\/h2>\n<p>La <strong>thermographie<\/strong> est une technique qui permet de mesurer des temp\u00e9ratures exactes \u00e0 distance et <strong>sans contact physique<\/strong> avec l&#8217;objet \u00e0 \u00e9tudier.<\/p>\n<p>En capturant le rayonnement infrarouge du spectre \u00e9lectromagn\u00e9tique \u00e0 l&#8217;aide de <strong>cam\u00e9ras<\/strong> <strong>thermiques<\/strong>, l&#8217;\u00e9nergie rayonn\u00e9e est convertie en informations sur la temp\u00e9rature de l&#8217;objet.[\/vc_column_text][vc_empty_space]<div class=\"qode-accordion-holder clearfix qode-accordion qode-initial \">\n\t<h2 class=\"clearfix qode-title-holder\">\n<span class=\"qode-tab-title\">\n\t    <span class=\"qode-tab-title-inner\">\n        APPLICATION, AVANTAGES ET B\u00c9N\u00c9FICES    <\/span>\n<\/span>\n<span class=\"qode-accordion-mark\">\n    <span class=\"qode-accordion-mark-icon\">\n        <span class=\"icon_plus\"><\/span>\n        <span class=\"icon_minus-06\"><\/span>\n    <\/span>\n<\/span>\n<\/h2>\n<div  class=\"qode-accordion-content \" >\n    <div class=\"qode-accordion-content-inner\">\n        [vc_column_text]La <strong>thermographie<\/strong> est couramment appliqu\u00e9e pour :<\/p>\n<ul class=\"una-lista\">\n<li><i class=\"fa fa-arrow-circle-o-right\" aria-hidden=\"true\"><\/i> Maintenance pr\u00e9dictive des machines industrielles.<\/li>\n<li><i class=\"fa fa-arrow-circle-o-right\" aria-hidden=\"true\"><\/i> Maintenance pr\u00e9dictive dans les installations \u00e9lectriques.<\/li>\n<li><i class=\"fa fa-arrow-circle-o-right\" aria-hidden=\"true\"><\/i> D\u00e9tection de gaz et de fuites.<\/li>\n<\/ul>\n<p>[\/vc_column_text]    <\/div>\n<\/div><\/div>[vc_empty_space][\/vc_column_inner][\/vc_row_inner][vc_row_inner row_type=&#8221;row&#8221; type=&#8221;full_width&#8221; text_align=&#8221;left&#8221; css_animation=&#8221;&#8221; css=&#8221;.vc_custom_1643712262796{padding-right: 0px !important;padding-left: 0px !important;}&#8221;][vc_column_inner css=&#8221;.vc_custom_1643712305357{padding-right: 0px !important;padding-left: 0px !important;}&#8221;][vc_gallery type=&#8221;image_grid&#8221; images=&#8221;56685,56687&#8243; img_size=&#8221;400&#215;300&#8243; column_number=&#8221;2&#8243; grayscale=&#8221;no&#8221; images_space=&#8221;gallery_without_space&#8221;][\/vc_column_inner][\/vc_row_inner][vc_empty_space][vc_row_inner row_type=&#8221;row&#8221; type=&#8221;full_width&#8221; text_align=&#8221;left&#8221; css_animation=&#8221;&#8221; css=&#8221;.vc_custom_1644568096826{padding-right: 0px !important;padding-left: 25px !important;background-color: #ffffff !important;}&#8221;][vc_column_inner][vc_empty_space][vc_column_text]<\/p>\n<h2 class=\"internas-titul\">Une \u00e9tude thermographique permet d&#8217;y parvenir :<\/h2>\n<ul class=\"una-lista\">\n<li><i class=\"fa fa-arrow-circle-o-right\" aria-hidden=\"true\"><\/i> Une meilleure connaissance de l&#8217;installation en termes de condition thermique.<\/li>\n<li><i class=\"fa fa-arrow-circle-o-right\" aria-hidden=\"true\"><\/i> R\u00e9duire les op\u00e9rations de maintenance et les d\u00e9lais de r\u00e9paration.<\/li>\n<li><i class=\"fa fa-arrow-circle-o-right\" aria-hidden=\"true\"><\/i> Prolonger la dur\u00e9e de vie des \u00e9quipements.<\/li>\n<li><i class=\"fa fa-arrow-circle-o-right\" aria-hidden=\"true\"><\/i> Obtenez des r\u00e9ductions sur la police d&#8217;assurance.<\/li>\n<li><i class=\"fa fa-arrow-circle-o-right\" aria-hidden=\"true\"><\/i> Une plus grande efficacit\u00e9 \u00e9nerg\u00e9tique.<\/li>\n<\/ul>\n<p>L&#8217;\u00e9tude des syst\u00e8mes de distribution permet d&#8217;alerter sur les pertes d&#8217;\u00e9nergie caus\u00e9es par une mauvaise isolation, des ruptures ou un mauvais engrenage.<\/p>\n<p>Gr\u00e2ce \u00e0 une \u00e9tude de l&#8217;enveloppe du b\u00e2timent, nous pouvons optimiser le syst\u00e8me de climatisation avec les <strong>\u00e9conomies d&#8217;\u00e9nergie<\/strong> qui en d\u00e9coulent en obtenant plus d&#8217;informations sur l&#8217;\u00e9tat et l&#8217;efficacit\u00e9 des enveloppes.[\/vc_column_text][vc_empty_space][\/vc_column_inner][\/vc_row_inner][vc_row_inner row_type=&#8221;row&#8221; type=&#8221;full_width&#8221; text_align=&#8221;left&#8221; css_animation=&#8221;&#8221; css=&#8221;.vc_custom_1643712262796{padding-right: 0px !important;padding-left: 0px !important;}&#8221;][vc_column_inner css=&#8221;.vc_custom_1643712305357{padding-right: 0px !important;padding-left: 0px !important;}&#8221;][vc_gallery type=&#8221;image_grid&#8221; images=&#8221;56689,56691&#8243; img_size=&#8221;400&#215;300&#8243; column_number=&#8221;2&#8243; grayscale=&#8221;no&#8221; images_space=&#8221;gallery_without_space&#8221;][\/vc_column_inner][\/vc_row_inner][vc_empty_space][vc_row_inner row_type=&#8221;row&#8221; type=&#8221;full_width&#8221; text_align=&#8221;left&#8221; css_animation=&#8221;&#8221; css=&#8221;.vc_custom_1644568096826{padding-right: 0px !important;padding-left: 25px !important;background-color: #ffffff !important;}&#8221;][vc_column_inner][vc_empty_space][vc_column_text]<\/p>\n<h2 class=\"internas-titul\">ANALYSE DE LA QUALIT\u00c9 DE L&#8217;ALIMENTATION \u00c9LECTRIQUE<\/h2>\n<p>Un <strong>analyseur de qualit\u00e9 de l&#8217;\u00e9nergie<\/strong> surveille tous les ph\u00e9nom\u00e8nes \u00e9lectriques ind\u00e9sirables affectant la charge ou l&#8217;alimentation \u00e9lectrique.<\/p>\n<p>Les d\u00e9fauts de qualit\u00e9 de l&#8217;\u00e9nergie peuvent \u00eatre class\u00e9s en cinq types :<\/p>\n<ul class=\"una-lista\">\n<li><i class=\"fa fa-arrow-circle-o-right\" aria-hidden=\"true\"><\/i> Distorsion harmonique.<\/li>\n<li><i class=\"fa fa-arrow-circle-o-right\" aria-hidden=\"true\"><\/i> Coupures d&#8217;approvisionnement.<\/li>\n<li><i class=\"fa fa-arrow-circle-o-right\" aria-hidden=\"true\"><\/i> Oscillations de tension.<\/li>\n<li><i class=\"fa fa-arrow-circle-o-right\" aria-hidden=\"true\"><\/i> Creux et pointes de tension.<\/li>\n<li><i class=\"fa fa-arrow-circle-o-right\" aria-hidden=\"true\"><\/i> Ph\u00e9nom\u00e8nes transitoires.<\/li>\n<\/ul>\n<p>L&#8217;analyse peut \u00eatre utilis\u00e9e pour <strong>r\u00e9duire la consommation d&#8217;\u00e9nergie<\/strong> associ\u00e9e aux d\u00e9s\u00e9quilibres \u00e9lectriques et pour <strong>identifier les probl\u00e8mes dans le r\u00e9seau<\/strong> g\u00e9n\u00e9r\u00e9s par les machines elles-m\u00eames et les \u00e9quipements connect\u00e9s \u00e0 d&#8217;autres applications.<\/p>\n<p><strong>SCI<\/strong> analyse la qualit\u00e9 de l&#8217;alimentation \u00e9lectrique pour localiser, pr\u00e9dire, pr\u00e9venir et r\u00e9soudre les probl\u00e8mes dans les syst\u00e8mes de distribution et les installations \u00e9lectriques de mani\u00e8re rapide et s\u00fbre.<br \/>\n[\/vc_column_text][vc_empty_space][\/vc_column_inner][\/vc_row_inner][vc_empty_space][vc_row_inner row_type=&#8221;row&#8221; type=&#8221;full_width&#8221; text_align=&#8221;left&#8221; css_animation=&#8221;&#8221; css=&#8221;.vc_custom_1644568096826{padding-right: 0px !important;padding-left: 25px !important;background-color: #ffffff !important;}&#8221;][vc_column_inner][vc_empty_space][vc_column_text]<\/p>\n<h2 class=\"internas-titul\">MESURE DE LA R\u00c9SISTANCE DE LA RIGIDIT\u00c9 DI\u00c9LECTRIQUE<\/h2>\n<p>La <strong>rigidit\u00e9 di\u00e9lectrique<\/strong> ou rigidit\u00e9 \u00e9lectrostatique est la valeur limite de l&#8217;intensit\u00e9 du champ \u00e9lectrique \u00e0 laquelle un mat\u00e9riau perd sa propri\u00e9t\u00e9 isolante et devient conducteur.<\/p>\n<p><strong>SCI<\/strong> effectue ce test pour des plages de sortie de <strong>0 \u00e0 75 kV DC<\/strong> \u00e0 l&#8217;aide d&#8217;un <strong>di\u00e9lectrom\u00e8tre<\/strong>.[\/vc_column_text][vc_empty_space][\/vc_column_inner][\/vc_row_inner][vc_empty_space][vc_row_inner row_type=&#8221;row&#8221; type=&#8221;full_width&#8221; text_align=&#8221;left&#8221; css_animation=&#8221;&#8221; css=&#8221;.vc_custom_1644568096826{padding-right: 0px !important;padding-left: 25px !important;background-color: #ffffff !important;}&#8221;][vc_column_inner][vc_empty_space][vc_column_text]<\/p>\n<h2 class=\"internas-titul\">MESURE DE L&#8217;ISOLATION DES C\u00c2BLES HAUTE ET BASSE TENSION<\/h2>\n<p>Les c\u00e2bles haute et basse tension des installations et \u00e9quipements \u00e9lectriques ont des caract\u00e9ristiques d&#8217;isolation qui leur permettent de fonctionner en toute s\u00e9curit\u00e9.<\/p>\n<p>Ces caract\u00e9ristiques d&#8217;isolation peuvent se modifier avec le temps et l&#8217;utilisation, ce qui peut <strong>entra\u00eener des fuites \u00e9lectriques<\/strong>, provoquant des accidents du travail et des interruptions des processus de production.<\/p>\n<p>Cette section pr\u00e9cise les contr\u00f4les et les inspections effectu\u00e9s par les techniciens de <strong>SCI<\/strong> sur les installations \u00e9lectriques Haute et Basse Tension, qu&#8217;ils soient pr\u00e9alables ou p\u00e9riodiques.<\/p>\n<p>Ils mesurent l&#8217;isolation des c\u00e2bles haute et basse tension, dans le but de <strong>d\u00e9tecter le degr\u00e9 de d\u00e9gradation<\/strong> des caract\u00e9ristiques d&#8217;isolation.<\/p>\n<p>La <strong>mesure de l&#8217;isolation des c\u00e2bles haute et basse tension<\/strong> doit \u00eatre effectu\u00e9e apr\u00e8s la mesure de la rigidit\u00e9 di\u00e9lectrique, car les valeurs obtenues sont directement li\u00e9es.[\/vc_column_text][vc_empty_space][\/vc_column_inner][\/vc_row_inner][vc_empty_space][vc_row_inner row_type=&#8221;row&#8221; type=&#8221;full_width&#8221; text_align=&#8221;left&#8221; css_animation=&#8221;&#8221; css=&#8221;.vc_custom_1644568096826{padding-right: 0px !important;padding-left: 25px !important;background-color: #ffffff !important;}&#8221;][vc_column_inner][vc_empty_space][vc_column_text]<\/p>\n<h2 class=\"internas-titul\">MESURE DE LA TENSION DE PAS ET DE CONTACT<\/h2>\n<p>La <strong>mesure de la tension au pas et au toucher<\/strong> est la meilleure m\u00e9thode pour d\u00e9terminer le risque potentiel de blessure corporelle.<\/p>\n<p>Pour cette mesure, une ligne ou un c\u00e2ble a\u00e9rien est utilis\u00e9 pour injecter du courant dans le syst\u00e8me de mise \u00e0 la terre distant afin de provoquer une chute de tension.<\/p>\n<p>De cette mani\u00e8re, il est possible de <strong>mesurer les tensions de contact<\/strong> dans la cl\u00f4ture entourant la sous-station, ou dans d&#8217;autres zones o\u00f9 il y a un risque de contact.<\/p>\n<p><strong>SCI <\/strong>effectue ces essais dans les <strong>sous-stations, les<\/strong> <strong>postes de transformation<\/strong> et sur les <strong>supports de lignes \u00e0 haute tension<\/strong>.[\/vc_column_text][vc_empty_space][\/vc_column_inner][\/vc_row_inner][\/vc_column][\/vc_row][vc_row css_animation=&#8221;&#8221; row_type=&#8221;row&#8221; use_row_as_full_screen_section=&#8221;no&#8221; type=&#8221;full_width&#8221; angled_section=&#8221;no&#8221; text_align=&#8221;left&#8221; background_image_as_pattern=&#8221;without_pattern&#8221;][vc_column][vc_empty_space height=&#8221;64px&#8221;][\/vc_column][\/vc_row]<\/p>\n<\/div>","protected":false},"excerpt":{"rendered":"<p>[vc_row css_animation=&#8221;&#8221; row_type=&#8221;row&#8221; use_row_as_full_screen_section=&#8221;no&#8221; type=&#8221;full_width&#8221; angled_section=&#8221;no&#8221; text_align=&#8221;left&#8221; background_image_as_pattern=&#8221;without_pattern&#8221;][vc_column width=&#8221;1\/4&#8243;][vc_raw_html]PGg1PkF1dHJlcyBzZXJ2aWNlcyBJTlNQRUNUSU9OPC9oNT4=[\/vc_raw_html][vc_separator type=&#8221;normal&#8221; color=&#8221;#bcbcbc&#8221; thickness=&#8221;1&#8243; transparency=&#8221;0.4&#8243;][vc_raw_html]JTNDdWwlMjBjbGFzcyUzRCUyMm1lbnUtbGF0ZXJhbCUyMiUzRSUwQSUzQ2xpJTIwY2xhc3MlM0QlMjJ2b2x2ZXIlMjIlM0UlM0NhJTIwaHJlZiUzRCUyMmh0dHBzJTNBJTJGJTJGc2Npc2EuZXMlMkZmciUyRnNjaS1yZW5ld2FibGVzJTJGJTIyJTNFJTNDaSUyMGNsYXNzJTNEJTIyZmElMjBmYS1iYWNrd2FyZCUyMiUyMGFyaWEtaGlkZGVuJTNEJTIydHJ1ZSUyMiUzRSUzQyUyRmklM0UlMjAlMjBBVVRSRVMlMjBTRVJWSUNFUyUyMEQlMjdJTlNQRUNUSU9OJTNDJTJGYSUzRSUzQyUyRmxpJTNFJTBBJTNDbGklMjBjbGFzcyUzRCUyMnNpbi1lbmxhY2UlMjIlM0VTZWN0ZXVyJTIwJUMzJUE5bGVjdHJpcXVlJTNDJTJGYSUzRSUzQyUyRmxpJTNFJTBBJTNDbGklM0UlM0NhJTIwaHJlZiUzRCUyMmh0dHBzJTNBJTJGJTJGc2Npc2EuZXMlMkZmciUyRmluc3BlY3Rpb24lMkZhdWRpdHMtZGVmZmljYWNpdGUtZW5lcmdldGlxdWUtZGFucy1sZXMtZW50cmVwcmlzZXMtZGVjcmV0LXJveWFsLTU2LTIwMTYlMkYlMjIlM0VBVURJVFMlMjBEJTI3RUZGSUNBQ0lUJUMzJTg5JTIwJUMzJTg5TkVSRyVDMyU4OVRJUVVFJTIwREFOUyUyMExFUyUyMEVOVFJFUFJJU0VTJTIwJTI4RCVDMyU4OUNSRVQlMjBST1lBTCUyMDU2JTJGMjAxNiUyOSUzQyUyRmElM0UlM0MlMkZsaSUzRSUwQSUzQyUyRnVsJTNF[\/vc_raw_html][vc_empty_space][vc_raw_html]PGg1PkNvbnRhY3QgYXZlYyBub3VzPC9oNT4=[\/vc_raw_html][vc_separator type=&#8221;normal&#8221; color=&#8221;#bcbcbc&#8221; thickness=&#8221;1&#8243; transparency=&#8221;0.4&#8243;][vc_widget_sidebar sidebar_id=&#8221;sidebar-blog&#8221;][\/vc_column][vc_column width=&#8221;3\/4&#8243;][vc_row_inner row_type=&#8221;row&#8221; type=&#8221;full_width&#8221; text_align=&#8221;left&#8221; css_animation=&#8221;&#8221; css=&#8221;.vc_custom_1644509683273{background-color: #ffffff !important;}&#8221;][vc_column_inner css=&#8221;.vc_custom_1639654809595{padding-right: 45px !important;padding-left: 45px !important;background-color: #ffffff !important;}&#8221;][vc_column_text] Efficacit\u00e9 \u00e9nerg\u00e9tique Un autre domaine d&#8217;inspection pour les techniciens du PCD est&#8230;<\/p>\n","protected":false},"author":1,"featured_media":0,"parent":58106,"menu_order":0,"comment_status":"closed","ping_status":"closed","template":"","meta":{"footnotes":""},"class_list":["post-58086","page","type-page","status-publish","hentry"],"_links":{"self":[{"href":"https:\/\/scisa.es\/fr\/wp-json\/wp\/v2\/pages\/58086","targetHints":{"allow":["GET"]}}],"collection":[{"href":"https:\/\/scisa.es\/fr\/wp-json\/wp\/v2\/pages"}],"about":[{"href":"https:\/\/scisa.es\/fr\/wp-json\/wp\/v2\/types\/page"}],"author":[{"embeddable":true,"href":"https:\/\/scisa.es\/fr\/wp-json\/wp\/v2\/users\/1"}],"replies":[{"embeddable":true,"href":"https:\/\/scisa.es\/fr\/wp-json\/wp\/v2\/comments?post=58086"}],"version-history":[{"count":0,"href":"https:\/\/scisa.es\/fr\/wp-json\/wp\/v2\/pages\/58086\/revisions"}],"up":[{"embeddable":true,"href":"https:\/\/scisa.es\/fr\/wp-json\/wp\/v2\/pages\/58106"}],"wp:attachment":[{"href":"https:\/\/scisa.es\/fr\/wp-json\/wp\/v2\/media?parent=58086"}],"curies":[{"name":"wp","href":"https:\/\/api.w.org\/{rel}","templated":true}]}}