{"id":58090,"date":"2021-12-16T09:23:01","date_gmt":"2021-12-16T09:23:01","guid":{"rendered":"https:\/\/scisa.es\/ascenseurs\/"},"modified":"2023-01-23T17:28:22","modified_gmt":"2023-01-23T17:28:22","slug":"ascenseurs","status":"publish","type":"page","link":"https:\/\/scisa.es\/fr\/inspection\/ascenseurs","title":{"rendered":"Ascenseurs"},"content":{"rendered":"<div class=\"wpb-content-wrapper\"><p>[vc_row css_animation=&#8221;&#8221; row_type=&#8221;row&#8221; use_row_as_full_screen_section=&#8221;no&#8221; type=&#8221;full_width&#8221; angled_section=&#8221;no&#8221; text_align=&#8221;left&#8221; background_image_as_pattern=&#8221;without_pattern&#8221;][vc_column width=&#8221;1\/4&#8243;][vc_raw_html]PGg1PlTDqWzDqWNoYXJnZW1lbnRzPC9oNT4=[\/vc_raw_html][vc_separator type=&#8221;normal&#8221; color=&#8221;#bcbcbc&#8221; thickness=&#8221;1&#8243; transparency=&#8221;0.4&#8243;][vc_raw_html]JTNDYSUyMHRhcmdldCUzRCUyMl9ibGFuayUyMiUyMGNsYXNzJTNEJTIyZm9sbGV0by11bm8lMjIlMjBocmVmJTNEJTIyaHR0cCUzQSUyRiUyRnNjaXNhLmVzJTJGd3AtY29udGVudCUyRnVwbG9hZHMlMkYyMDIyJTJGMDIlMkZBcGFyYXRvcy1kZS1lbGV2YWNpb24teS1tYW51dGVuY2lvbi4tQXNjZW5zb3Jlcy5wZGYlMjIlM0UlM0NkaXYlMjBjbGFzcyUzRCUyMmZvbGxldG8lMjIlM0UlMEElM0NpbWclMjBjbGFzcyUzRCUyMmljb25vJTIyJTIwc3JjJTNEJTIyaHR0cHMlM0ElMkYlMkZzY2lzYS5lcyUyRndwLWNvbnRlbnQlMkZ1cGxvYWRzJTJGMjAyMSUyRjEyJTJGZG93bmxvYWQtZmlsZS0xLnBuZyUyMiUzRSUwQSUzQ3AlMjBjbGFzcyUzRCUyMnRleHRvJTIyJTNFVCVDMyVBOWwlQzMlQTljaGFyZ2VyJTIwbGElMjBmaWNoZSUyMHRlY2huaXF1ZSUzQyUyRnAlM0UlMEElMEElM0MlMkZkaXYlM0UlM0MlMkZhJTNF[\/vc_raw_html][vc_empty_space][vc_raw_html]PGg1PkF1dHJlcyBzZXJ2aWNlcyBkZSBDTkQ8L2g1Pg==[\/vc_raw_html][vc_separator type=&#8221;normal&#8221; color=&#8221;#bcbcbc&#8221; thickness=&#8221;1&#8243; transparency=&#8221;0.4&#8243;][vc_raw_html]JTNDdWwlMjBjbGFzcyUzRCUyMm1lbnUtbGF0ZXJhbCUyMiUzRSUwQSUzQ2xpJTIwY2xhc3MlM0QlMjJ2b2x2ZXIlMjIlM0UlM0NhJTIwaHJlZiUzRCUyMmh0dHBzJTNBJTJGJTJGc2Npc2EuZXMlMkZmciUyRmluc3BlY3Rpb24lMkYlMjIlM0UlM0NpJTIwY2xhc3MlM0QlMjJmYSUyMGZhLWJhY2t3YXJkJTIyJTIwYXJpYS1oaWRkZW4lM0QlMjJ0cnVlJTIyJTNFJTNDJTJGaSUzRSUyMCUyMElOU1BFQ1RJT04lM0MlMkZhJTNFJTNDJTJGbGklM0UlMEElMEElMEElMEElMEElM0NsaSUyMGNsYXNzJTNEJTIyc2luLWVubGFjZSUyMiUzRUFzY2Vuc2V1cnMlMEElMjAlM0MlMkZsaSUzRSUwQSUwQSUwQSUzQ2xpJTNFJTNDYSUyMGhyZWYlM0QlMjJodHRwcyUzQSUyRiUyRnNjaXNhLmVzJTJGZnIlMkZpbnNwZWN0aW9uJTJGcGNpLW5vbi1pbmR1c3RyaWVsJTJGJTIyJTNFUENJJTIwTm9uLUluZHVzdHJpZWwlM0MlMkZhJTNFJTNDJTJGbGklM0UlMEElMEElM0NsaSUzRSUzQ2ElMjBocmVmJTNEJTIyaHR0cHMlM0ElMkYlMkZzY2lzYS5lcyUyRmZyJTJGaW5zcGVjdGlvbiUyRnBjaS1pbmR1c3RyaWFsJTJGJTIyJTNFUENJJTIwSW5kdXN0cmlhbCUzQyUyRmElM0UlM0MlMkZsaSUzRSUwQSUwQSUzQ2xpJTNFJTNDYSUyMGhyZWYlM0QlMjJodHRwcyUzQSUyRiUyRnNjaXNhLmVzJTJGZnIlMkZpbnNwZWN0aW9uJTJGY29tYnVzdGlibGVzLWdhemV1eCUyRiUyMiUzRUNvbWJ1c3RpYmxlcyUyMGdhemV1eCUzQyUyRmElM0UlM0MlMkZsaSUzRSUwQSUwQSUzQ2xpJTNFJTNDYSUyMGhyZWYlM0QlMjJodHRwcyUzQSUyRiUyRnNjaXNhLmVzJTJGZnIlMkZpbnNwZWN0aW9uJTJGZ3J1ZXMtbW9iaWxlcy1ldC1hdXRvbW90cmljZXMlMkYlMjIlM0VHcnVlcyUyMG1vYmlsZXMlMjBldCUyMGF1dG9tb3RyaWNlcyUzQyUyRmElM0UlM0MlMkZsaSUzRSUwQSUwQSUzQ2xpJTNFJTNDYSUyMGhyZWYlM0QlMjJodHRwcyUzQSUyRiUyRnNjaXNhLmVzJTJGZnIlMkZpbnNwZWN0aW9uJTJGaW5zdGFsbGF0aW9ucy1lbGVjdHJpcXVlcy1iYXNzZS10ZW5zaW9uJTJGJTIyJTNFSW5zdGFsbGF0aW9ucyUyMCVDMyVBOWxlY3RyaXF1ZXMlMjBiYXNzZSUyMHRlbnNpb24lM0MlMkZhJTNFJTNDJTJGbGklM0UlMEElMEElM0NsaSUzRSUzQ2ElMjBocmVmJTNEJTIyaHR0cHMlM0ElMkYlMkZzY2lzYS5lcyUyRmZyJTJGaW5zcGVjdGlvbiUyRmluc3RhbGxhdGlvbnMtZWxlY3RyaXF1ZXMtaGF1dGUtdGVuc2lvbiUyRiUyMiUzRUluc3RhbGxhdGlvbnMlMjAlQzMlQTlsZWN0cmlxdWVzJTIwaGF1dGUlMjB0ZW5zaW9uJTNDJTJGYSUzRSUzQyUyRmxpJTNFJTBBJTBBJTNDbGklM0UlM0NhJTIwaHJlZiUzRCUyMmh0dHBzJTNBJTJGJTJGc2Npc2EuZXMlMkZmciUyRmluc3BlY3Rpb24lMkZlcXVpcGVtZW50LXNvdXMtcHJlc3Npb24lMkYlMjIlM0UlQzMlODlxdWlwZW1lbnQlMjBzb3VzJTIwcHJlc3Npb24lM0MlMkZhJTNFJTNDJTJGbGklM0UlMEElMEElM0NsaSUzRSUzQ2ElMjBocmVmJTNEJTIyaHR0cHMlM0ElMkYlMkZzY2lzYS5lcyUyRmZyJTJGaW5zcGVjdGlvbiUyRmluc3RhbGxhdGlvbnMtZnJpZ29yaWZpcXVlcyUyRiUyMiUzRUluc3RhbGxhdGlvbnMlMjBmcmlnb3JpZmlxdWVzJTNDJTJGYSUzRSUzQyUyRmxpJTNFJTBBJTBBJTBBJTNDbGklM0UlM0NhJTIwaHJlZiUzRCUyMmh0dHBzJTNBJTJGJTJGc2Npc2EuZXMlMkZmciUyRmluc3BlY3Rpb24lMkZwcm9kdWl0cy1jaGltaXF1ZXMlMkYlMjIlM0VQcm9kdWl0cyUyMGNoaW1pcXVlcyUzQyUyRmElM0UlM0MlMkZsaSUzRSUwQSUwQSUzQ2xpJTNFJTNDYSUyMGhyZWYlM0QlMjJodHRwcyUzQSUyRiUyRnNjaXNhLmVzJTJGZnIlMkZpbnNwZWN0aW9uJTJGaW5zdGFsbGF0aW9ucy1wZXRyb2xpZXJlcyUyRiUyMiUzRUluc3RhbGxhdGlvbnMlMjBwJUMzJUE5dHJvbGklQzMlQThyZXMlM0MlMkZhJTNFJTNDJTJGbGklM0UlMEElMEElM0NsaSUzRSUzQ2ElMjBocmVmJTNEJTIyaHR0cHMlM0ElMkYlMkZzY2lzYS5lcyUyRmZyJTJGaW5zcGVjdGlvbiUyRnRyYW5zcG9ydC1kZS1sYXRwJTJGJTIyJTNFVHJhbnNwb3J0JTIwZGUlMjBsJTI3QVRQJTNDJTJGYSUzRSUzQyUyRmxpJTNFJTBBJTBBJTNDbGklM0UlM0NhJTIwaHJlZiUzRCUyMmh0dHBzJTNBJTJGJTJGc2Npc2EuZXMlMkZmciUyRmluc3BlY3Rpb24lMkZpbnN0YWxsYXRpb25zLXRoZXJtaXF1ZXMlMkYlMjIlM0VJbnN0YWxsYXRpb25zJTIwdGhlcm1pcXVlcyUzQyUyRmElM0UlM0MlMkZsaSUzRSUwQSUwQSUzQyUyRnVsJTNF[\/vc_raw_html][vc_empty_space][vc_raw_html]PGg1PkNvbnRhY3QgYXZlYyBub3VzPC9oNT4=[\/vc_raw_html][vc_separator type=&#8221;normal&#8221; color=&#8221;#bcbcbc&#8221; thickness=&#8221;1&#8243; transparency=&#8221;0.4&#8243;][vc_widget_sidebar sidebar_id=&#8221;sidebar-blog&#8221;][\/vc_column][vc_column width=&#8221;3\/4&#8243;][vc_row_inner row_type=&#8221;row&#8221; type=&#8221;full_width&#8221; text_align=&#8221;left&#8221; css_animation=&#8221;&#8221; css=&#8221;.vc_custom_1644422673250{padding-right: 0px !important;background-color: #ffffff !important;}&#8221;][vc_column_inner width=&#8221;1\/2&#8243; css=&#8221;.vc_custom_1639654809595{padding-right: 45px !important;padding-left: 45px !important;background-color: #ffffff !important;}&#8221;][vc_column_text]<\/p>\n<h2 class=\"internas-titul\">INSPECTION P\u00c9RIODIQUE DES ASCENSEURS<\/h2>\n<div class=\"wpb_text_column wpb_content_element \">\n<div class=\"wpb_wrapper\">\n<div class=\"wpb_text_column wpb_content_element \">\n<div class=\"wpb_wrapper\">\n<p><strong>Inspection p\u00e9riodique des ascenseurs<\/strong> conform\u00e9ment aux dispositions du <a href=\"http:\/\/boe.es\/buscar\/doc.php?id=BOE-A-2013-1969\" target=\"_blank\" rel=\"noopener\">d\u00e9cret royal 88\/2013<\/a>.<\/p>\n<\/div>\n<\/div>\n<\/div>\n<\/div>\n<p>[\/vc_column_text][vc_column_text]Les inspections sont effectu\u00e9es aux intervalles suivants :[\/vc_column_text][vc_empty_space]<div class=\"q_icon_list\"><i class=\"qode_icon_font_awesome fa fa-check-circle-o qode-ili-icon-holder circle\" style=\"color: #dbae32;background-color: #ffffff;\" ><\/i><p style=\"font-size: 14px;\">B\u00e2timents industriels et publics : tous les 2 ans.<\/p><\/div><div class=\"q_icon_list\"><i class=\"qode_icon_font_awesome fa fa-check-circle-o qode-ili-icon-holder circle\" style=\"color: #dbae32;background-color: #ffffff;\" ><\/i><p style=\"font-size: 14px;\">B\u00e2timents r\u00e9sidentiels de plus de 4 \u00e9tages ou 20 logements : tous les 4 ans.<\/p><\/div><div class=\"q_icon_list\"><i class=\"qode_icon_font_awesome fa fa-check-circle-o qode-ili-icon-holder circle\" style=\"color: #dbae32;background-color: #ffffff;\" ><\/i><p style=\"font-size: 14px;\">Autres b\u00e2timents : tous les 6 ans.<\/p><\/div>[vc_empty_space][\/vc_column_inner][vc_column_inner width=&#8221;1\/2&#8243;][vc_single_image image=&#8221;59520&#8243; img_size=&#8221;full&#8221; qode_css_animation=&#8221;&#8221; el_class=&#8221;ima-altura1&#8243;][\/vc_column_inner][\/vc_row_inner][vc_empty_space][vc_row_inner row_type=&#8221;row&#8221; type=&#8221;full_width&#8221; text_align=&#8221;left&#8221; css_animation=&#8221;&#8221; css=&#8221;.vc_custom_1644422681316{padding-right: 0px !important;padding-left: 0px !important;}&#8221;][vc_column_inner css=&#8221;.vc_custom_1644422772812{padding-right: 0px !important;padding-left: 0px !important;}&#8221;][vc_single_image image=&#8221;59523&#8243; img_size=&#8221;full&#8221; qode_css_animation=&#8221;&#8221; el_class=&#8221;imagen-grande&#8221;][\/vc_column_inner][\/vc_row_inner][\/vc_column][\/vc_row][vc_row css_animation=&#8221;&#8221; row_type=&#8221;row&#8221; use_row_as_full_screen_section=&#8221;no&#8221; type=&#8221;full_width&#8221; angled_section=&#8221;no&#8221; text_align=&#8221;left&#8221; background_image_as_pattern=&#8221;without_pattern&#8221;][vc_column][vc_empty_space height=&#8221;64px&#8221;][\/vc_column][\/vc_row][vc_row css_animation=&#8221;&#8221; row_type=&#8221;row&#8221; use_row_as_full_screen_section=&#8221;no&#8221; type=&#8221;full_width&#8221; angled_section=&#8221;no&#8221; text_align=&#8221;left&#8221; background_image_as_pattern=&#8221;without_pattern&#8221;][vc_column][vc_column_text]<\/p>\n<p>[\/vc_column_text][\/vc_column][\/vc_row]<\/p>\n<\/div>","protected":false},"excerpt":{"rendered":"<p>[vc_row css_animation=&#8221;&#8221; row_type=&#8221;row&#8221; use_row_as_full_screen_section=&#8221;no&#8221; type=&#8221;full_width&#8221; angled_section=&#8221;no&#8221; text_align=&#8221;left&#8221; background_image_as_pattern=&#8221;without_pattern&#8221;][vc_column width=&#8221;1\/4&#8243;][vc_raw_html]PGg1PlTDqWzDqWNoYXJnZW1lbnRzPC9oNT4=[\/vc_raw_html][vc_separator type=&#8221;normal&#8221; color=&#8221;#bcbcbc&#8221; thickness=&#8221;1&#8243; transparency=&#8221;0.4&#8243;][vc_raw_html]JTNDYSUyMHRhcmdldCUzRCUyMl9ibGFuayUyMiUyMGNsYXNzJTNEJTIyZm9sbGV0by11bm8lMjIlMjBocmVmJTNEJTIyaHR0cCUzQSUyRiUyRnNjaXNhLmVzJTJGd3AtY29udGVudCUyRnVwbG9hZHMlMkYyMDIyJTJGMDIlMkZBcGFyYXRvcy1kZS1lbGV2YWNpb24teS1tYW51dGVuY2lvbi4tQXNjZW5zb3Jlcy5wZGYlMjIlM0UlM0NkaXYlMjBjbGFzcyUzRCUyMmZvbGxldG8lMjIlM0UlMEElM0NpbWclMjBjbGFzcyUzRCUyMmljb25vJTIyJTIwc3JjJTNEJTIyaHR0cHMlM0ElMkYlMkZzY2lzYS5lcyUyRndwLWNvbnRlbnQlMkZ1cGxvYWRzJTJGMjAyMSUyRjEyJTJGZG93bmxvYWQtZmlsZS0xLnBuZyUyMiUzRSUwQSUzQ3AlMjBjbGFzcyUzRCUyMnRleHRvJTIyJTNFVCVDMyVBOWwlQzMlQTljaGFyZ2VyJTIwbGElMjBmaWNoZSUyMHRlY2huaXF1ZSUzQyUyRnAlM0UlMEElMEElM0MlMkZkaXYlM0UlM0MlMkZhJTNF[\/vc_raw_html][vc_empty_space][vc_raw_html]PGg1PkF1dHJlcyBzZXJ2aWNlcyBkZSBDTkQ8L2g1Pg==[\/vc_raw_html][vc_separator type=&#8221;normal&#8221; color=&#8221;#bcbcbc&#8221; thickness=&#8221;1&#8243; transparency=&#8221;0.4&#8243;][vc_raw_html]JTNDdWwlMjBjbGFzcyUzRCUyMm1lbnUtbGF0ZXJhbCUyMiUzRSUwQSUzQ2xpJTIwY2xhc3MlM0QlMjJ2b2x2ZXIlMjIlM0UlM0NhJTIwaHJlZiUzRCUyMmh0dHBzJTNBJTJGJTJGc2Npc2EuZXMlMkZmciUyRmluc3BlY3Rpb24lMkYlMjIlM0UlM0NpJTIwY2xhc3MlM0QlMjJmYSUyMGZhLWJhY2t3YXJkJTIyJTIwYXJpYS1oaWRkZW4lM0QlMjJ0cnVlJTIyJTNFJTNDJTJGaSUzRSUyMCUyMElOU1BFQ1RJT04lM0MlMkZhJTNFJTNDJTJGbGklM0UlMEElMEElMEElMEElMEElM0NsaSUyMGNsYXNzJTNEJTIyc2luLWVubGFjZSUyMiUzRUFzY2Vuc2V1cnMlMEElMjAlM0MlMkZsaSUzRSUwQSUwQSUwQSUzQ2xpJTNFJTNDYSUyMGhyZWYlM0QlMjJodHRwcyUzQSUyRiUyRnNjaXNhLmVzJTJGZnIlMkZpbnNwZWN0aW9uJTJGcGNpLW5vbi1pbmR1c3RyaWVsJTJGJTIyJTNFUENJJTIwTm9uLUluZHVzdHJpZWwlM0MlMkZhJTNFJTNDJTJGbGklM0UlMEElMEElM0NsaSUzRSUzQ2ElMjBocmVmJTNEJTIyaHR0cHMlM0ElMkYlMkZzY2lzYS5lcyUyRmZyJTJGaW5zcGVjdGlvbiUyRnBjaS1pbmR1c3RyaWFsJTJGJTIyJTNFUENJJTIwSW5kdXN0cmlhbCUzQyUyRmElM0UlM0MlMkZsaSUzRSUwQSUwQSUzQ2xpJTNFJTNDYSUyMGhyZWYlM0QlMjJodHRwcyUzQSUyRiUyRnNjaXNhLmVzJTJGZnIlMkZpbnNwZWN0aW9uJTJGY29tYnVzdGlibGVzLWdhemV1eCUyRiUyMiUzRUNvbWJ1c3RpYmxlcyUyMGdhemV1eCUzQyUyRmElM0UlM0MlMkZsaSUzRSUwQSUwQSUzQ2xpJTNFJTNDYSUyMGhyZWYlM0QlMjJodHRwcyUzQSUyRiUyRnNjaXNhLmVzJTJGZnIlMkZpbnNwZWN0aW9uJTJGZ3J1ZXMtbW9iaWxlcy1ldC1hdXRvbW90cmljZXMlMkYlMjIlM0VHcnVlcyUyMG1vYmlsZXMlMjBldCUyMGF1dG9tb3RyaWNlcyUzQyUyRmElM0UlM0MlMkZsaSUzRSUwQSUwQSUzQ2xpJTNFJTNDYSUyMGhyZWYlM0QlMjJodHRwcyUzQSUyRiUyRnNjaXNhLmVzJTJGZnIlMkZpbnNwZWN0aW9uJTJGaW5zdGFsbGF0aW9ucy1lbGVjdHJpcXVlcy1iYXNzZS10ZW5zaW9uJTJGJTIyJTNFSW5zdGFsbGF0aW9ucyUyMCVDMyVBOWxlY3RyaXF1ZXMlMjBiYXNzZSUyMHRlbnNpb24lM0MlMkZhJTNFJTNDJTJGbGklM0UlMEElMEElM0NsaSUzRSUzQ2ElMjBocmVmJTNEJTIyaHR0cHMlM0ElMkYlMkZzY2lzYS5lcyUyRmZyJTJGaW5zcGVjdGlvbiUyRmluc3RhbGxhdGlvbnMtZWxlY3RyaXF1ZXMtaGF1dGUtdGVuc2lvbiUyRiUyMiUzRUluc3RhbGxhdGlvbnMlMjAlQzMlQTlsZWN0cmlxdWVzJTIwaGF1dGUlMjB0ZW5zaW9uJTNDJTJGYSUzRSUzQyUyRmxpJTNFJTBBJTBBJTNDbGklM0UlM0NhJTIwaHJlZiUzRCUyMmh0dHBzJTNBJTJGJTJGc2Npc2EuZXMlMkZmciUyRmluc3BlY3Rpb24lMkZlcXVpcGVtZW50LXNvdXMtcHJlc3Npb24lMkYlMjIlM0UlQzMlODlxdWlwZW1lbnQlMjBzb3VzJTIwcHJlc3Npb24lM0MlMkZhJTNFJTNDJTJGbGklM0UlMEElMEElM0NsaSUzRSUzQ2ElMjBocmVmJTNEJTIyaHR0cHMlM0ElMkYlMkZzY2lzYS5lcyUyRmZyJTJGaW5zcGVjdGlvbiUyRmluc3RhbGxhdGlvbnMtZnJpZ29yaWZpcXVlcyUyRiUyMiUzRUluc3RhbGxhdGlvbnMlMjBmcmlnb3JpZmlxdWVzJTNDJTJGYSUzRSUzQyUyRmxpJTNFJTBBJTBBJTBBJTNDbGklM0UlM0NhJTIwaHJlZiUzRCUyMmh0dHBzJTNBJTJGJTJGc2Npc2EuZXMlMkZmciUyRmluc3BlY3Rpb24lMkZwcm9kdWl0cy1jaGltaXF1ZXMlMkYlMjIlM0VQcm9kdWl0cyUyMGNoaW1pcXVlcyUzQyUyRmElM0UlM0MlMkZsaSUzRSUwQSUwQSUzQ2xpJTNFJTNDYSUyMGhyZWYlM0QlMjJodHRwcyUzQSUyRiUyRnNjaXNhLmVzJTJGZnIlMkZpbnNwZWN0aW9uJTJGaW5zdGFsbGF0aW9ucy1wZXRyb2xpZXJlcyUyRiUyMiUzRUluc3RhbGxhdGlvbnMlMjBwJUMzJUE5dHJvbGklQzMlQThyZXMlM0MlMkZhJTNFJTNDJTJGbGklM0UlMEElMEElM0NsaSUzRSUzQ2ElMjBocmVmJTNEJTIyaHR0cHMlM0ElMkYlMkZzY2lzYS5lcyUyRmZyJTJGaW5zcGVjdGlvbiUyRnRyYW5zcG9ydC1kZS1sYXRwJTJGJTIyJTNFVHJhbnNwb3J0JTIwZGUlMjBsJTI3QVRQJTNDJTJGYSUzRSUzQyUyRmxpJTNFJTBBJTBBJTNDbGklM0UlM0NhJTIwaHJlZiUzRCUyMmh0dHBzJTNBJTJGJTJGc2Npc2EuZXMlMkZmciUyRmluc3BlY3Rpb24lMkZpbnN0YWxsYXRpb25zLXRoZXJtaXF1ZXMlMkYlMjIlM0VJbnN0YWxsYXRpb25zJTIwdGhlcm1pcXVlcyUzQyUyRmElM0UlM0MlMkZsaSUzRSUwQSUwQSUzQyUyRnVsJTNF[\/vc_raw_html][vc_empty_space][vc_raw_html]PGg1PkNvbnRhY3QgYXZlYyBub3VzPC9oNT4=[\/vc_raw_html][vc_separator type=&#8221;normal&#8221; color=&#8221;#bcbcbc&#8221; thickness=&#8221;1&#8243; transparency=&#8221;0.4&#8243;][vc_widget_sidebar sidebar_id=&#8221;sidebar-blog&#8221;][\/vc_column][vc_column width=&#8221;3\/4&#8243;][vc_row_inner row_type=&#8221;row&#8221; type=&#8221;full_width&#8221; text_align=&#8221;left&#8221; css_animation=&#8221;&#8221; css=&#8221;.vc_custom_1644422673250{padding-right: 0px !important;background-color: #ffffff !important;}&#8221;][vc_column_inner width=&#8221;1\/2&#8243; css=&#8221;.vc_custom_1639654809595{padding-right: 45px !important;padding-left: 45px !important;background-color: #ffffff !important;}&#8221;][vc_column_text] INSPECTION P\u00c9RIODIQUE DES ASCENSEURS Inspection&#8230;<\/p>\n","protected":false},"author":1,"featured_media":0,"parent":58106,"menu_order":0,"comment_status":"closed","ping_status":"closed","template":"","meta":{"footnotes":""},"class_list":["post-58090","page","type-page","status-publish","hentry"],"_links":{"self":[{"href":"https:\/\/scisa.es\/fr\/wp-json\/wp\/v2\/pages\/58090","targetHints":{"allow":["GET"]}}],"collection":[{"href":"https:\/\/scisa.es\/fr\/wp-json\/wp\/v2\/pages"}],"about":[{"href":"https:\/\/scisa.es\/fr\/wp-json\/wp\/v2\/types\/page"}],"author":[{"embeddable":true,"href":"https:\/\/scisa.es\/fr\/wp-json\/wp\/v2\/users\/1"}],"replies":[{"embeddable":true,"href":"https:\/\/scisa.es\/fr\/wp-json\/wp\/v2\/comments?post=58090"}],"version-history":[{"count":0,"href":"https:\/\/scisa.es\/fr\/wp-json\/wp\/v2\/pages\/58090\/revisions"}],"up":[{"embeddable":true,"href":"https:\/\/scisa.es\/fr\/wp-json\/wp\/v2\/pages\/58106"}],"wp:attachment":[{"href":"https:\/\/scisa.es\/fr\/wp-json\/wp\/v2\/media?parent=58090"}],"curies":[{"name":"wp","href":"https:\/\/api.w.org\/{rel}","templated":true}]}}