{"id":58101,"date":"2021-12-16T09:00:14","date_gmt":"2021-12-16T09:00:14","guid":{"rendered":"https:\/\/scisa.es\/audits-defficacite-energetique-dans-les-entreprises-decret-royal-56-2016\/"},"modified":"2023-01-25T14:01:48","modified_gmt":"2023-01-25T14:01:48","slug":"audits-defficacite-energetique-dans-les-entreprises-decret-royal-56-2016","status":"publish","type":"page","link":"https:\/\/scisa.es\/fr\/inspection\/audits-defficacite-energetique-dans-les-entreprises-decret-royal-56-2016","title":{"rendered":"Audits d&#8217;efficacit\u00e9 \u00e9nerg\u00e9tique dans les entreprises (d\u00e9cret royal 56\/2016)."},"content":{"rendered":"<div class=\"wpb-content-wrapper\"><p>[vc_row css_animation=&#8221;&#8221; row_type=&#8221;row&#8221; use_row_as_full_screen_section=&#8221;no&#8221; type=&#8221;full_width&#8221; angled_section=&#8221;no&#8221; text_align=&#8221;left&#8221; background_image_as_pattern=&#8221;without_pattern&#8221;][vc_column width=&#8221;1\/4&#8243;][vc_raw_html]PGg1PkF1dHJlcyBzZXJ2aWNlcyBJTlNQRUNUSU9OPC9oNT4=[\/vc_raw_html][vc_separator type=&#8221;normal&#8221; color=&#8221;#bcbcbc&#8221; thickness=&#8221;1&#8243; transparency=&#8221;0.4&#8243;][vc_raw_html]JTNDdWwlMjBjbGFzcyUzRCUyMm1lbnUtbGF0ZXJhbCUyMiUzRSUwQSUzQ2xpJTIwY2xhc3MlM0QlMjJ2b2x2ZXIlMjIlM0UlM0NhJTIwaHJlZiUzRCUyMmh0dHBzJTNBJTJGJTJGc2Npc2EuZXMlMkZmciUyRnNjaS1yZW5ld2FibGVzJTJGJTIyJTNFJTNDaSUyMGNsYXNzJTNEJTIyZmElMjBmYS1iYWNrd2FyZCUyMiUyMGFyaWEtaGlkZGVuJTNEJTIydHJ1ZSUyMiUzRSUzQyUyRmklM0UlMjAlMjBBVVRSRVMlMjBTRVJWSUNFUyUyMEQlMjdJTlNQRUNUSU9OJTNDJTJGYSUzRSUzQyUyRmxpJTNFJTBBJTNDbGklM0UlM0NhJTIwaHJlZiUzRCUyMmh0dHBzJTNBJTJGJTJGc2Npc2EuZXMlMkZmciUyRmluc3BlY3Rpb24lMkZzZWN0ZXVyLWVsZWN0cmlxdWUlMkYlMjIlM0UlMjAlMjBTZWN0ZXVyJTIwJUMzJUE5bGVjdHJpcXVlJTNDJTJGYSUzRSUzQyUyRmxpJTNFJTBBJTNDbGklMjBjbGFzcyUzRCUyMnNpbi1lbmxhY2UlMjIlM0UlMjAlMjBBVURJVFMlMjBEJTI3RUZGSUNBQ0lUJUMzJTg5JTIwJUMzJTg5TkVSRyVDMyU4OVRJUVVFJTIwREFOUyUyMExFUyUyMEVOVFJFUFJJU0VTJTIwJTI4RCVDMyU4OUNSRVQlMjBST1lBTCUyMDU2JTJGMjAxNiUyOSUzQyUyRmxpJTNFJTBBJTNDJTJGdWwlM0U=[\/vc_raw_html][vc_empty_space][vc_raw_html]PGg1PkNvbnRhY3QgYXZlYyBub3VzPC9oNT4=[\/vc_raw_html][vc_separator type=&#8221;normal&#8221; color=&#8221;#bcbcbc&#8221; thickness=&#8221;1&#8243; transparency=&#8221;0.4&#8243;][vc_widget_sidebar sidebar_id=&#8221;sidebar-blog&#8221;][\/vc_column][vc_column width=&#8221;3\/4&#8243;][vc_row_inner row_type=&#8221;row&#8221; type=&#8221;full_width&#8221; text_align=&#8221;left&#8221; css_animation=&#8221;&#8221; css=&#8221;.vc_custom_1644509683273{background-color: #ffffff !important;}&#8221;][vc_column_inner css=&#8221;.vc_custom_1639654809595{padding-right: 45px !important;padding-left: 45px !important;background-color: #ffffff !important;}&#8221;][vc_column_text]<\/p>\n<h2 class=\"internas-titul\">AUDITS D&#8217;EFFICACIT\u00c9 \u00c9NERG\u00c9TIQUE DANS LES ENTREPRISES (D\u00c9CRET ROYAL 56\/2016)<\/h2>\n<p><em><strong>Qui doit se conformer ?<\/strong><\/em><\/p>\n<p>Les grandes entreprises r\u00e9pondant aux conditions suivantes, et les groupes d&#8217;entreprises tels que d\u00e9finis \u00e0 l&#8217;<a href=\"https:\/\/www.boe.es\/buscar\/act.php?id=BOE-A-1885-6627\" target=\"_blank\" rel=\"noopener\">article 42 du Code de commerce<\/a>.<\/p>\n<ul class=\"una-lista\">\n<li><i class=\"fa fa-arrow-circle-o-right\" aria-hidden=\"true\"><\/i> Plus de 250 employ\u00e9s.<\/li>\n<li><i class=\"fa fa-arrow-circle-o-right\" aria-hidden=\"true\"><\/i> Chiffre d&#8217;affaires sup\u00e9rieur \u00e0 50 millions d&#8217;euros. (Revenu brut par activit\u00e9).<\/li>\n<\/ul>\n<p><em><strong>Exigences<\/strong><\/em><\/p>\n<p><strong>Option 1 :<\/strong> Rapport d&#8217;audit sur l&#8217;efficacit\u00e9 \u00e9nerg\u00e9tique de l&#8217;entreprise.<\/p>\n<ul class=\"una-lista\">\n<li><i class=\"fa fa-arrow-circle-o-right\" aria-hidden=\"true\"><\/i> Audit selon la norme UNE-EN 16.247.<\/li>\n<li><i class=\"fa fa-arrow-circle-o-right\" aria-hidden=\"true\"><\/i> Il doit couvrir au moins 85% de la consommation d&#8217;\u00e9nergie de l&#8217;entreprise.<\/li>\n<\/ul>\n<p><strong>Option 2 :<\/strong> mettre en \u0153uvre un syst\u00e8me de gestion de l&#8217;\u00e9nergie (ISO 50.001 ou similaire).<\/p>\n<p><em><strong>Date limite de soumission<\/strong><\/em><\/p>\n<p>L&#8217;audit doit \u00eatre r\u00e9alis\u00e9 dans les 9 mois suivant la publication du <a href=\"https:\/\/www.boe.es\/boe\/dias\/2016\/02\/13\/pdfs\/BOE-A-2016-1460.pdf\" target=\"_blank\" rel=\"noopener\">d\u00e9cret royal 56\/2016<\/a>.<\/p>\n<p><em><strong>Port\u00e9e de l&#8217;audit<\/strong><\/em><\/p>\n<p>Entreprises compos\u00e9es d&#8217;<strong>un seul b\u00e2timent ou d&#8217;un groupe de b\u00e2timents<\/strong> dont l&#8217;approvisionnement en \u00e9nergie est centralis\u00e9 :<\/p>\n<ul class=\"una-lista\">\n<li><i class=\"fa fa-arrow-circle-o-right\" aria-hidden=\"true\"><\/i> Complexes hospitaliers, sites comportant plusieurs b\u00e2timents industriels, etc.<\/li>\n<li><i class=\"fa fa-arrow-circle-o-right\" aria-hidden=\"true\"><\/i> L&#8217;audit porte sur les installations et les \u00e9quipements repr\u00e9sentatifs de l&#8217;entreprise.<\/li>\n<li><i class=\"fa fa-arrow-circle-o-right\" aria-hidden=\"true\"><\/i> Un rapport d&#8217;audit est \u00e9mis pour le complexe analys\u00e9.<\/li>\n<\/ul>\n<p>Les entreprises compos\u00e9es de <strong>plusieurs sites ou b\u00e2timents hors site<\/strong> disposant d&#8217;un approvisionnement \u00e9nerg\u00e9tique distinct :<\/p>\n<ul class=\"una-lista\">\n<li><i class=\"fa fa-arrow-circle-o-right\" aria-hidden=\"true\"><\/i> Diff\u00e9rents niveaux d&#8217;examen seront \u00e9tablis pour chaque typologie de b\u00e2timent, en fonction de la pertinence de sa consommation d&#8217;\u00e9nergie.<\/li>\n<li><i class=\"fa fa-arrow-circle-o-right\" aria-hidden=\"true\"><\/i> Dans les b\u00e2timents tertiaires, l&#8217;\u00e9tiquette \u00e9nerg\u00e9tique (CE3) est accept\u00e9e comme documentation de r\u00e9vision \u00e9nerg\u00e9tique.<\/li>\n<\/ul>\n<p>[\/vc_column_text][vc_empty_space][\/vc_column_inner][\/vc_row_inner][vc_empty_space][vc_row_inner row_type=&#8221;row&#8221; type=&#8221;full_width&#8221; text_align=&#8221;left&#8221; css_animation=&#8221;&#8221; css=&#8221;.vc_custom_1643712262796{padding-right: 0px !important;padding-left: 0px !important;}&#8221;][vc_column_inner css=&#8221;.vc_custom_1643712305357{padding-right: 0px !important;padding-left: 0px !important;}&#8221;][vc_gallery type=&#8221;image_grid&#8221; images=&#8221;56693,56695&#8243; img_size=&#8221;400&#215;300&#8243; column_number=&#8221;2&#8243; grayscale=&#8221;no&#8221; images_space=&#8221;gallery_without_space&#8221;][\/vc_column_inner][\/vc_row_inner][vc_empty_space][vc_row_inner row_type=&#8221;row&#8221; type=&#8221;full_width&#8221; text_align=&#8221;left&#8221; css_animation=&#8221;&#8221; css=&#8221;.vc_custom_1644568096826{padding-right: 0px !important;padding-left: 25px !important;background-color: #ffffff !important;}&#8221;][vc_column_inner][vc_empty_space][vc_column_text]<\/p>\n<h2 class=\"internas-titul\">Audits \u00e9nerg\u00e9tiques par b\u00e2timent<\/h2>\n<p>Les grandes entreprises poss\u00e9dant plusieurs \u00e9tablissements doivent r\u00e9aliser un audit \u00e9nerg\u00e9tique par b\u00e2timent.<\/p>\n<p><strong>R\u00e9alisation des travaux :<\/strong><\/p>\n<ul class=\"una-lista\">\n<li><i class=\"fa fa-arrow-circle-o-right\" aria-hidden=\"true\"><\/i> Collecte d&#8217;informations avant les visites.\n<ul>\n<li>Donn\u00e9es de production : horaires, personnes.<\/li>\n<li>Donn\u00e9es de base de chaque b\u00e2timent : surfaces, installations.<\/li>\n<\/ul>\n<\/li>\n<li><i class=\"fa fa-arrow-circle-o-right\" aria-hidden=\"true\"><\/i> Plan de visite des b\u00e2timents\n<ul>\n<li>Inventaire \u00e9nerg\u00e9tique : \u00e9clairage, climat, \u00e9quipement.<\/li>\n<li>Questionnaire sur l&#8217;\u00e9nergie.<\/li>\n<li>D\u00e9tection des am\u00e9liorations.<\/li>\n<\/ul>\n<\/li>\n<li><i class=\"fa fa-arrow-circle-o-right\" aria-hidden=\"true\"><\/i> Les rapports \u00e9nerg\u00e9tiques sont \u00e9mis par site :\n<ul>\n<li>Performance \u00e9nerg\u00e9tique du b\u00e2timent.<\/li>\n<li>Performance des installations.<\/li>\n<li>Mesures \u00e0 faible investissement et \u00e0 fortes \u00e9conomies.<\/li>\n<\/ul>\n<\/li>\n<\/ul>\n<p>[\/vc_column_text][vc_empty_space][\/vc_column_inner][\/vc_row_inner][vc_row_inner row_type=&#8221;row&#8221; type=&#8221;full_width&#8221; text_align=&#8221;left&#8221; css_animation=&#8221;&#8221; css=&#8221;.vc_custom_1644570508598{padding-right: 25px !important;padding-left: 25px !important;background-color: #ffffff !important;}&#8221;][vc_column_inner css=&#8221;.vc_custom_1643712305357{padding-right: 0px !important;padding-left: 0px !important;}&#8221;]<div class=\"qode-accordion-holder clearfix qode-toggle qode-initial \">\n\t<h2 class=\"clearfix qode-title-holder\">\n<span class=\"qode-tab-title\">\n\t    <span class=\"qode-tab-title-inner\">\n        Collecte des donn\u00e9es    <\/span>\n<\/span>\n<span class=\"qode-accordion-mark\">\n    <span class=\"qode-accordion-mark-icon\">\n        <span class=\"icon_plus\"><\/span>\n        <span class=\"icon_minus-06\"><\/span>\n    <\/span>\n<\/span>\n<\/h2>\n<div  class=\"qode-accordion-content \" >\n    <div class=\"qode-accordion-content-inner\">\n        [vc_column_text]<\/p>\n<ul class=\"una-lista\">\n<li><i class=\"fa fa-arrow-circle-o-right\" aria-hidden=\"true\"><\/i> Collecte des donn\u00e9es de consommation (\u00e9lectricit\u00e9, gaz, etc.)<\/li>\n<li><i class=\"fa fa-arrow-circle-o-right\" aria-hidden=\"true\"><\/i> Donn\u00e9es de production.<\/li>\n<li><i class=\"fa fa-arrow-circle-o-right\" aria-hidden=\"true\"><\/i> Plans et surfaces.<\/li>\n<\/ul>\n<p>[\/vc_column_text]    <\/div>\n<\/div><h2 class=\"clearfix qode-title-holder\">\n<span class=\"qode-tab-title\">\n\t    <span class=\"qode-tab-title-inner\">\n        Visites de b\u00e2timents    <\/span>\n<\/span>\n<span class=\"qode-accordion-mark\">\n    <span class=\"qode-accordion-mark-icon\">\n        <span class=\"icon_plus\"><\/span>\n        <span class=\"icon_minus-06\"><\/span>\n    <\/span>\n<\/span>\n<\/h2>\n<div  class=\"qode-accordion-content \" >\n    <div class=\"qode-accordion-content-inner\">\n        [vc_column_text]<\/p>\n<ul class=\"una-lista\">\n<li><i class=\"fa fa-arrow-circle-o-right\" aria-hidden=\"true\"><\/i> Plan de visite.<\/li>\n<li><i class=\"fa fa-arrow-circle-o-right\" aria-hidden=\"true\"><\/i> Inventaire \u00e9nerg\u00e9tique.<\/li>\n<li><i class=\"fa fa-arrow-circle-o-right\" aria-hidden=\"true\"><\/i> Mesures ponctuelles.<\/li>\n<\/ul>\n<p>[\/vc_column_text]    <\/div>\n<\/div><h2 class=\"clearfix qode-title-holder\">\n<span class=\"qode-tab-title\">\n\t    <span class=\"qode-tab-title-inner\">\n        Analyse de la consommation    <\/span>\n<\/span>\n<span class=\"qode-accordion-mark\">\n    <span class=\"qode-accordion-mark-icon\">\n        <span class=\"icon_plus\"><\/span>\n        <span class=\"icon_minus-06\"><\/span>\n    <\/span>\n<\/span>\n<\/h2>\n<div  class=\"qode-accordion-content \" >\n    <div class=\"qode-accordion-content-inner\">\n        [vc_column_text]<\/p>\n<ul class=\"una-lista\">\n<li><i class=\"fa fa-arrow-circle-o-right\" aria-hidden=\"true\"><\/i> L&#8217;efficacit\u00e9 \u00e9nerg\u00e9tique.<\/li>\n<li><i class=\"fa fa-arrow-circle-o-right\" aria-hidden=\"true\"><\/i> Analyse des installations.<\/li>\n<li><i class=\"fa fa-arrow-circle-o-right\" aria-hidden=\"true\"><\/i> Mesures d&#8217;\u00e9conomie.<\/li>\n<\/ul>\n<p>[\/vc_column_text]    <\/div>\n<\/div><h2 class=\"clearfix qode-title-holder\">\n<span class=\"qode-tab-title\">\n\t    <span class=\"qode-tab-title-inner\">\n        Rapport d&#039;audit et am\u00e9liorations    <\/span>\n<\/span>\n<span class=\"qode-accordion-mark\">\n    <span class=\"qode-accordion-mark-icon\">\n        <span class=\"icon_plus\"><\/span>\n        <span class=\"icon_minus-06\"><\/span>\n    <\/span>\n<\/span>\n<\/h2>\n<div  class=\"qode-accordion-content \" >\n    <div class=\"qode-accordion-content-inner\">\n        [vc_column_text]<\/p>\n<ul class=\"una-lista\">\n<li><i class=\"fa fa-arrow-circle-o-right\" aria-hidden=\"true\"><\/i> Rapport d&#8217;audit selon la norme UNE EN 16.247-2<\/li>\n<li><i class=\"fa fa-arrow-circle-o-right\" aria-hidden=\"true\"><\/i> Analyse des installations.<\/li>\n<li><i class=\"fa fa-arrow-circle-o-right\" aria-hidden=\"true\"><\/i> Transformation dans l&#8217;industrie.<\/li>\n<\/ul>\n<p>[\/vc_column_text]    <\/div>\n<\/div><\/div>[vc_empty_space][\/vc_column_inner][\/vc_row_inner][vc_empty_space][\/vc_column][\/vc_row][vc_row css_animation=&#8221;&#8221; row_type=&#8221;row&#8221; use_row_as_full_screen_section=&#8221;no&#8221; type=&#8221;full_width&#8221; angled_section=&#8221;no&#8221; text_align=&#8221;left&#8221; background_image_as_pattern=&#8221;without_pattern&#8221;][vc_column][vc_empty_space height=&#8221;64px&#8221;][\/vc_column][\/vc_row]<\/p>\n<\/div>","protected":false},"excerpt":{"rendered":"<p>[vc_row css_animation=&#8221;&#8221; row_type=&#8221;row&#8221; use_row_as_full_screen_section=&#8221;no&#8221; type=&#8221;full_width&#8221; angled_section=&#8221;no&#8221; text_align=&#8221;left&#8221; background_image_as_pattern=&#8221;without_pattern&#8221;][vc_column width=&#8221;1\/4&#8243;][vc_raw_html]PGg1PkF1dHJlcyBzZXJ2aWNlcyBJTlNQRUNUSU9OPC9oNT4=[\/vc_raw_html][vc_separator type=&#8221;normal&#8221; color=&#8221;#bcbcbc&#8221; thickness=&#8221;1&#8243; transparency=&#8221;0.4&#8243;][vc_raw_html]JTNDdWwlMjBjbGFzcyUzRCUyMm1lbnUtbGF0ZXJhbCUyMiUzRSUwQSUzQ2xpJTIwY2xhc3MlM0QlMjJ2b2x2ZXIlMjIlM0UlM0NhJTIwaHJlZiUzRCUyMmh0dHBzJTNBJTJGJTJGc2Npc2EuZXMlMkZmciUyRnNjaS1yZW5ld2FibGVzJTJGJTIyJTNFJTNDaSUyMGNsYXNzJTNEJTIyZmElMjBmYS1iYWNrd2FyZCUyMiUyMGFyaWEtaGlkZGVuJTNEJTIydHJ1ZSUyMiUzRSUzQyUyRmklM0UlMjAlMjBBVVRSRVMlMjBTRVJWSUNFUyUyMEQlMjdJTlNQRUNUSU9OJTNDJTJGYSUzRSUzQyUyRmxpJTNFJTBBJTNDbGklM0UlM0NhJTIwaHJlZiUzRCUyMmh0dHBzJTNBJTJGJTJGc2Npc2EuZXMlMkZmciUyRmluc3BlY3Rpb24lMkZzZWN0ZXVyLWVsZWN0cmlxdWUlMkYlMjIlM0UlMjAlMjBTZWN0ZXVyJTIwJUMzJUE5bGVjdHJpcXVlJTNDJTJGYSUzRSUzQyUyRmxpJTNFJTBBJTNDbGklMjBjbGFzcyUzRCUyMnNpbi1lbmxhY2UlMjIlM0UlMjAlMjBBVURJVFMlMjBEJTI3RUZGSUNBQ0lUJUMzJTg5JTIwJUMzJTg5TkVSRyVDMyU4OVRJUVVFJTIwREFOUyUyMExFUyUyMEVOVFJFUFJJU0VTJTIwJTI4RCVDMyU4OUNSRVQlMjBST1lBTCUyMDU2JTJGMjAxNiUyOSUzQyUyRmxpJTNFJTBBJTNDJTJGdWwlM0U=[\/vc_raw_html][vc_empty_space][vc_raw_html]PGg1PkNvbnRhY3QgYXZlYyBub3VzPC9oNT4=[\/vc_raw_html][vc_separator type=&#8221;normal&#8221; color=&#8221;#bcbcbc&#8221; thickness=&#8221;1&#8243; transparency=&#8221;0.4&#8243;][vc_widget_sidebar sidebar_id=&#8221;sidebar-blog&#8221;][\/vc_column][vc_column width=&#8221;3\/4&#8243;][vc_row_inner row_type=&#8221;row&#8221; type=&#8221;full_width&#8221; text_align=&#8221;left&#8221; css_animation=&#8221;&#8221; css=&#8221;.vc_custom_1644509683273{background-color: #ffffff !important;}&#8221;][vc_column_inner css=&#8221;.vc_custom_1639654809595{padding-right: 45px !important;padding-left: 45px !important;background-color: #ffffff !important;}&#8221;][vc_column_text] AUDITS D&#8217;EFFICACIT\u00c9 \u00c9NERG\u00c9TIQUE DANS LES ENTREPRISES (D\u00c9CRET ROYAL 56\/2016) Qui doit se&#8230;<\/p>\n","protected":false},"author":1,"featured_media":0,"parent":58106,"menu_order":0,"comment_status":"closed","ping_status":"closed","template":"","meta":{"footnotes":""},"class_list":["post-58101","page","type-page","status-publish","hentry"],"_links":{"self":[{"href":"https:\/\/scisa.es\/fr\/wp-json\/wp\/v2\/pages\/58101","targetHints":{"allow":["GET"]}}],"collection":[{"href":"https:\/\/scisa.es\/fr\/wp-json\/wp\/v2\/pages"}],"about":[{"href":"https:\/\/scisa.es\/fr\/wp-json\/wp\/v2\/types\/page"}],"author":[{"embeddable":true,"href":"https:\/\/scisa.es\/fr\/wp-json\/wp\/v2\/users\/1"}],"replies":[{"embeddable":true,"href":"https:\/\/scisa.es\/fr\/wp-json\/wp\/v2\/comments?post=58101"}],"version-history":[{"count":0,"href":"https:\/\/scisa.es\/fr\/wp-json\/wp\/v2\/pages\/58101\/revisions"}],"up":[{"embeddable":true,"href":"https:\/\/scisa.es\/fr\/wp-json\/wp\/v2\/pages\/58106"}],"wp:attachment":[{"href":"https:\/\/scisa.es\/fr\/wp-json\/wp\/v2\/media?parent=58101"}],"curies":[{"name":"wp","href":"https:\/\/api.w.org\/{rel}","templated":true}]}}