{"id":58102,"date":"2021-12-16T08:55:44","date_gmt":"2021-12-16T08:55:44","guid":{"rendered":"https:\/\/scisa.es\/efficacite-energetique\/"},"modified":"2023-01-25T12:46:53","modified_gmt":"2023-01-25T12:46:53","slug":"efficacite-energetique","status":"publish","type":"page","link":"https:\/\/scisa.es\/fr\/inspection\/efficacite-energetique\/","title":{"rendered":"Efficacit\u00e9 \u00e9nerg\u00e9tique"},"content":{"rendered":"<div class=\"wpb-content-wrapper\"><p>[vc_row css_animation=&#8221;&#8221; row_type=&#8221;row&#8221; use_row_as_full_screen_section=&#8221;no&#8221; type=&#8221;full_width&#8221; angled_section=&#8221;no&#8221; text_align=&#8221;left&#8221; background_image_as_pattern=&#8221;without_pattern&#8221;][vc_column width=&#8221;1\/4&#8243;][vc_raw_html]PGg1PkF1dHJlcyBzZXJ2aWNlcyBJTlNQRUNUSU9OPC9oNT4=[\/vc_raw_html][vc_separator type=&#8221;normal&#8221; color=&#8221;#bcbcbc&#8221; thickness=&#8221;1&#8243; transparency=&#8221;0.4&#8243;][vc_raw_html]JTNDdWwlMjBjbGFzcyUzRCUyMm1lbnUtbGF0ZXJhbCUyMiUzRSUwQSUzQ2xpJTIwY2xhc3MlM0QlMjJ2b2x2ZXIlMjIlM0UlM0NhJTIwaHJlZiUzRCUyMmh0dHBzJTNBJTJGJTJGc2Npc2EuZXMlMkZmciUyRmluc3BlY3Rpb24lMkYlMjIlM0UlM0NpJTIwY2xhc3MlM0QlMjJmYSUyMGZhLWJhY2t3YXJkJTIyJTIwYXJpYS1oaWRkZW4lM0QlMjJ0cnVlJTIyJTNFJTNDJTJGaSUzRSUyMCUyMElOU1BFQ1RJT04lM0MlMkZhJTNFJTNDJTJGbGklM0UlMEElMEElM0NsaSUzRSUzQ2ElMjBocmVmJTNEJTIyaHR0cHMlM0ElMkYlMkZzY2lzYS5lcyUyRmZyJTJGaW5zcGVjdGlvbiUyRmluc3BlY3Rpb24tZGVzLXZlaGljdWxlcy1ldC1kZXMtbWFjaGluZXMtZ25jLXBlbS1kLXItMTIxNS05NyUyRiUyMiUzRSUyMCUyMElOU1BFQ1RJT04lMjBERVMlMjBWJUMzJTg5SElDVUxFUyUyMEVUJTIwREVTJTIwTUFDSElORVMlMjAlMjhDTkclMkMlMjBQRU1QJTJDJTIwUi5ELiUyMDEyMTUlMkY5NyUyOSUzQyUyRmElM0UlM0MlMkZsaSUzRSUwQSUwQSUzQ2xpJTNFJTNDYSUyMGhyZWYlM0QlMjJodHRwcyUzQSUyRiUyRnNjaXNhLmVzJTJGZnIlMkZpbnNwZWN0aW9uJTJGZW50aXRlLWRpbnNwZWN0aW9uLWV0LWRlLWNvbnRyb2xlLWluZHVzdHJpZWwtZWljaSUyRiUyMiUzRSUyMCUyMEVOVElUJUMzJTg5JTIwRCUyN0lOU1BFQ1RJT04lMjBFVCUyMERFJTIwQ09OVFIlQzMlOTRMRSUyMElORFVTVFJJRUwlMjAlMjhFSUNJJTI5JTNDJTJGYSUzRSUzQyUyRmxpJTNFJTBBJTBBJTNDbGklM0UlM0NhJTIwaHJlZiUzRCUyMmh0dHBzJTNBJTJGJTJGc2Npc2EuZXMlMkZmciUyRmluc3BlY3Rpb24lMkZnZXNpbiUyRiUyMiUzRUdFU0lOJTNDJTJGYSUzRSUzQyUyRmxpJTNFJTBBJTBBJTNDbGklMjBjbGFzcyUzRCUyMnNpbi1lbmxhY2UlMjIlM0UlMjAlMjBFRkZJQ0FDSVQlQzMlODklMjAlQzMlODlORVJHJUMzJTg5VElRVUUlM0MlMkZsaSUzRSUwQSUwQSUzQyUyRnVsJTNF[\/vc_raw_html][vc_empty_space][vc_raw_html]PGg1PkNvbnRhY3QgYXZlYyBub3VzPC9oNT4=[\/vc_raw_html][vc_separator type=&#8221;normal&#8221; color=&#8221;#bcbcbc&#8221; thickness=&#8221;1&#8243; transparency=&#8221;0.4&#8243;][vc_widget_sidebar sidebar_id=&#8221;sidebar-blog&#8221;][\/vc_column][vc_column width=&#8221;3\/4&#8243;][vc_row_inner row_type=&#8221;row&#8221; type=&#8221;full_width&#8221; text_align=&#8221;left&#8221; css_animation=&#8221;&#8221; css=&#8221;.vc_custom_1639654729177{background-color: #ffffff !important;}&#8221;][vc_column_inner css=&#8221;.vc_custom_1639654809595{padding-right: 45px !important;padding-left: 45px !important;background-color: #ffffff !important;}&#8221;][vc_column_text]<\/p>\n<h2 class=\"internas-titul\">SERVICES DE CONTR\u00d4LE ET D&#8217;INSPECTION<\/h2>\n<p>Chez <a href=\"https:\/\/scisa.es\/fr\/\">SCI<\/a>, en tant que soci\u00e9t\u00e9 d\u00e9di\u00e9e aux services de contr\u00f4le et d&#8217;inspection, nous nous soucions autant que possible de l&#8217;<strong>efficacit\u00e9 \u00e9nerg\u00e9tique<\/strong>. Dans notre entreprise, nous veillons \u00e0 mener toutes les activit\u00e9s avec le plus grand engagement \u00e0 cet \u00e9gard.<\/p>\n<p>L&#8217;engagement de SCI \u00e0 atteindre un niveau \u00e9lev\u00e9 de protection consiste \u00e0 assurer le respect, la protection et la conservation de l&#8217;environnement dans notre travail, que ce soit dans nos installations ou dans les installations ou travaux de nos clients. Et cela signifie \u00eatre bien conscient de l&#8217;efficacit\u00e9 \u00e9nerg\u00e9tique.[\/vc_column_text][vc_empty_space height=&#8221;15px&#8221;][\/vc_column_inner][\/vc_row_inner][vc_row_inner row_type=&#8221;row&#8221; type=&#8221;full_width&#8221; text_align=&#8221;left&#8221; css_animation=&#8221;&#8221; css=&#8221;.vc_custom_1644938469000{padding-right: 0px !important;padding-left: 0px !important;background-color: #ffffff !important;}&#8221;][vc_column_inner css=&#8221;.vc_custom_1644938478456{padding-right: 0px !important;padding-left: 0px !important;background-color: #ffffff !important;}&#8221;][vc_single_image image=&#8221;56441&#8243; img_size=&#8221;full&#8221; alignment=&#8221;center&#8221; qode_css_animation=&#8221;&#8221; el_class=&#8221;imagen-grande&#8221;][\/vc_column_inner][\/vc_row_inner][vc_empty_space el_class=&#8221;quitar-movil&#8221;][vc_row_inner row_type=&#8221;row&#8221; type=&#8221;full_width&#8221; text_align=&#8221;left&#8221; css_animation=&#8221;&#8221; css=&#8221;.vc_custom_1644938330680{padding-right: 0px !important;padding-left: 25px !important;background-color: #ffffff !important;}&#8221;][vc_column_inner width=&#8221;1\/2&#8243;][vc_empty_space el_class=&#8221;quitar-movil&#8221;][vc_column_text]<\/p>\n<h2 class=\"internas-titul\">QU&#8217;EST-CE QUE L&#8217;EFFICACIT\u00c9 \u00c9NERG\u00c9TIQUE ?<\/h2>\n<p>L&#8217;<strong>efficacit\u00e9 \u00e9nerg\u00e9tique<\/strong> consiste \u00e0 consommer moins d&#8217;\u00e9nergie, mais pas pour le plaisir, il s&#8217;agit de r\u00e9duire l&#8217;\u00e9nergie de<strong> mani\u00e8re judicieuse et intelligente<\/strong>. L&#8217;objectif ultime de l&#8217;<strong>efficacit\u00e9 \u00e9nerg\u00e9tique<\/strong> est de produire autant que possible en utilisant le moins d&#8217;\u00e9nergie possible.<\/p>\n<p>C&#8217;est une pratique qui va \u00e0 l&#8217;encontre du gaspillage, des mauvaises habitudes et de toute utilisation irresponsable d&#8217;un bien dont il est de plus en plus important de prendre soin d&#8217;un point de vue \u00e9conomique, mais aussi social et <strong>environnemental<\/strong>.[\/vc_column_text][vc_empty_space][\/vc_column_inner][vc_column_inner width=&#8221;1\/2&#8243; css=&#8221;.vc_custom_1644938326992{padding-right: 0px !important;}&#8221;][vc_single_image image=&#8221;56445&#8243; img_size=&#8221;full&#8221; alignment=&#8221;center&#8221; qode_css_animation=&#8221;&#8221;][\/vc_column_inner][\/vc_row_inner][vc_empty_space][vc_row_inner row_type=&#8221;row&#8221; type=&#8221;full_width&#8221; text_align=&#8221;left&#8221; css_animation=&#8221;&#8221; css=&#8221;.vc_custom_1644938330680{padding-right: 0px !important;padding-left: 25px !important;background-color: #ffffff !important;}&#8221;][vc_column_inner][vc_empty_space][vc_column_text]<\/p>\n<h2 class=\"internas-titul\">SCI COMME INSPECTEURS DE L&#8217;EFFICACIT\u00c9 \u00c9NERG\u00c9TIQUE<\/h2>\n<p>Le <a href=\"https:\/\/www.boe.es\/diario_boe\/txt.php?id=BOE-A-2008-18634\" target=\"_blank\" rel=\"noopener\">d\u00e9cret royal 1890\/2008 du 14 novembre<\/a> 2008 a r\u00e9glement\u00e9 la mani\u00e8re dont l&#8217;<strong>efficacit\u00e9 \u00e9nerg\u00e9tique<\/strong> des installations d&#8217;\u00e9clairage ext\u00e9rieur devait fonctionner selon la loi.[\/vc_column_text][vc_empty_space][\/vc_column_inner][\/vc_row_inner][vc_row_inner row_type=&#8221;row&#8221; type=&#8221;full_width&#8221; text_align=&#8221;left&#8221; css_animation=&#8221;&#8221; css=&#8221;.vc_custom_1639742702193{padding-right: 0px !important;padding-left: 25px !important;background-color: #ffffff !important;}&#8221;][vc_column_inner][vc_column_text]<\/p>\n<h6>Ces inspections sont de deux types :<\/h6>\n<p><strong>Inspections initiales<\/strong><br \/>\nAux endroits dont l&#8217;\u00e9clairage ext\u00e9rieur install\u00e9 dans des luminaires et des \u00e9quipements auxiliaires a plus de <strong>5 kW<\/strong>.<\/p>\n<p><strong>Inspections p\u00e9riodiques de l&#8217;efficacit\u00e9 \u00e9nerg\u00e9tique<\/strong><br \/>\nCeux qui n\u00e9cessitent une installation initiale doivent subir des installations p\u00e9riodiques tous les 5 ans. Celles-ci doivent \u00eatre effectu\u00e9es conjointement avec celles prescrites pour les installations BT conform\u00e9ment aux <a href=\"https:\/\/www.boe.es\/diario_boe\/txt.php?id=BOE-A-2002-18099\" target=\"_blank\" rel=\"noopener\">r\u00e8glements \u00e9lectrotechniques basse tension<\/a>.[\/vc_column_text][vc_empty_space][\/vc_column_inner][\/vc_row_inner][vc_empty_space][vc_row_inner row_type=&#8221;row&#8221; type=&#8221;full_width&#8221; text_align=&#8221;left&#8221; css_animation=&#8221;&#8221; css=&#8221;.vc_custom_1639742702193{padding-right: 0px !important;padding-left: 25px !important;background-color: #ffffff !important;}&#8221;][vc_column_inner][vc_empty_space][vc_column_text]<\/p>\n<h2 class=\"internas-titul\">CERTIFICAT DE PERFORMANCE \u00c9NERG\u00c9TIQUE POUR LES B\u00c2TIMENTS (D\u00c9CRET ROYAL 390\/2021)<\/h2>\n<p>&nbsp;<\/p>\n<h6>Qui doit se conformer ?<\/h6>\n<p>Tous les b\u00e2timents ou parties de b\u00e2timents \u00e0 usage non industriel sur le territoire national qui r\u00e9pondent aux exigences suivantes :<\/p>\n<ul class=\"una-lista\">\n<li><i class=\"fa fa-arrow-circle-o-right\" aria-hidden=\"true\"><\/i> a) Les b\u00e2timents <strong>nouvellement<\/strong> construits.<\/li>\n<li><i class=\"fa fa-arrow-circle-o-right\" aria-hidden=\"true\"><\/i> (b) Les b\u00e2timents ou parties de <strong>b\u00e2timents existants<\/strong> qui sont vendus ou lou\u00e9s \u00e0 un nouveau locataire.<\/li>\n<li><i class=\"fa fa-arrow-circle-o-right\" aria-hidden=\"true\"><\/i> c) B\u00e2timents ou <strong>locaux occup\u00e9s par l&#8217;administration<\/strong> de plus de 250 m2.<\/li>\n<li><i class=\"fa fa-arrow-circle-o-right\" aria-hidden=\"true\"><\/i> d) <strong>B\u00e2timents ou parties de b\u00e2timents<\/strong> o\u00f9 sont effectu\u00e9es des modifications d&#8217;installations thermiques, des modifications de <strong>25 %<\/strong> ou plus de l&#8217;enveloppe du b\u00e2timent ou des extensions de plus de 10 % de la surface de plancher.<\/li>\n<li><i class=\"fa fa-arrow-circle-o-right\" aria-hidden=\"true\"><\/i> e) <strong>B\u00e2timents ou locaux priv\u00e9s<\/strong> de plus de 500 m2 :\n<ul>\n<li>Administratif.<\/li>\n<li>Sanitaire.<\/li>\n<li>Commercial : Magasins, supermarch\u00e9s, grands magasins, centres commerciaux et similaires.<\/li>\n<li>R\u00e9sidentiel public : h\u00f4tels, auberges, r\u00e9sidences, pensions, appartements et similaires.<\/li>\n<li>Enseignant.<\/li>\n<li>Culturel : Th\u00e9\u00e2tres, cin\u00e9mas, mus\u00e9es, auditoriums, centres de congr\u00e8s, expositions, biblioth\u00e8ques et similaires.<\/li>\n<li>Activit\u00e9s r\u00e9cr\u00e9atives : Casinos, salles de jeux, bo\u00eetes de nuit, discoth\u00e8ques et autres.<\/li>\n<li>Restauration : bars, restaurants, caf\u00e9t\u00e9rias et autres.<\/li>\n<li>Transport de personnes : Gares, a\u00e9roports et similaires.<\/li>\n<li>Sports : gymnases, centres sportifs et autres.<\/li>\n<li>Lieux de culte, usage religieux et autres.<\/li>\n<\/ul>\n<\/li>\n<\/ul>\n<p>[\/vc_column_text][vc_column_text]<\/p>\n<h6 class=\"subtitulo-seis\">Exigences<\/h6>\n<ul class=\"una-lista\">\n<li><i class=\"fa fa-arrow-circle-o-right\" aria-hidden=\"true\"><\/i> Le certificat d&#8217;efficacit\u00e9 \u00e9nerg\u00e9tique doit \u00eatre r\u00e9alis\u00e9 par un technicien comp\u00e9tent.<\/li>\n<li><i class=\"fa fa-arrow-circle-o-right\" aria-hidden=\"true\"><\/i> Enregistrement du label \u00e9nerg\u00e9tique dans la Communaut\u00e9 autonome.<\/li>\n<\/ul>\n<p>[\/vc_column_text][vc_column_text]<\/p>\n<h6 class=\"subtitulo-seis\">Date limite de soumission<\/h6>\n<p>Le certificat d&#8217;efficacit\u00e9 \u00e9nerg\u00e9tique doit \u00eatre enregistr\u00e9 dans la Communaut\u00e9 autonome 12 mois apr\u00e8s la publication du <strong>d\u00e9cret royal 390\/2021<\/strong> du 1er juin 2021.[\/vc_column_text][vc_column_text]<\/p>\n<h6 class=\"subtitulo-seis\">Processus d&#8217;obtention du label \u00e9nerg\u00e9tique<\/h6>\n<p>Les entreprises obtiennent le <strong>label \u00e9nerg\u00e9tique<\/strong> en suivant les \u00e9tapes suivantes :<br \/>\n[\/vc_column_text][vc_empty_space][vc_single_image image=&#8221;56443&#8243; img_size=&#8221;full&#8221; qode_css_animation=&#8221;&#8221;][vc_column_text]<\/p>\n<h6>R\u00e9alisation des travaux :<\/h6>\n<p>Tous les b\u00e2timents ou parties de b\u00e2timents \u00e0 usage non industriel sur le territoire national qui r\u00e9pondent aux exigences suivantes :<br \/>\n<strong>1.recueillir des informations avant les visites.<\/strong><\/p>\n<ul class=\"una-lista\">\n<li><i class=\"fa fa-arrow-circle-o-right\" aria-hidden=\"true\"><\/i> Donn\u00e9es de base de chaque b\u00e2timent : surfaces et installations.<\/li>\n<li><i class=\"fa fa-arrow-circle-o-right\" aria-hidden=\"true\"><\/i> Plans de base.<\/li>\n<\/ul>\n<p><strong>2. planifier la visite des b\u00e2timents :<\/strong><\/p>\n<ul class=\"una-lista\">\n<li><i class=\"fa fa-arrow-circle-o-right\" aria-hidden=\"true\"><\/i> Description de l&#8217;enveloppe, des murs et des fen\u00eatres.<\/li>\n<li><i class=\"fa fa-arrow-circle-o-right\" aria-hidden=\"true\"><\/i> Inventaire \u00e9nerg\u00e9tique : \u00e9clairage, climat, \u00e9quipement.<\/li>\n<li><i class=\"fa fa-arrow-circle-o-right\" aria-hidden=\"true\"><\/i> D\u00e9tection des am\u00e9liorations.<\/li>\n<\/ul>\n<p><strong>3. l&#8217;\u00e9tiquette \u00e9nerg\u00e9tique pour les b\u00e2timents :<\/strong><\/p>\n<ul class=\"una-lista\">\n<li><i class=\"fa fa-arrow-circle-o-right\" aria-hidden=\"true\"><\/i> Simulation de b\u00e2timents avec CE3X ou un logiciel similaire reconnu.<\/li>\n<li><i class=\"fa fa-arrow-circle-o-right\" aria-hidden=\"true\"><\/i> D\u00e9livrance du certificat, du label \u00e9nerg\u00e9tique et de la documentation jointe.<\/li>\n<li><i class=\"fa fa-arrow-circle-o-right\" aria-hidden=\"true\"><\/i> D\u00e9tection des am\u00e9liorations.<\/li>\n<li><i class=\"fa fa-arrow-circle-o-right\" aria-hidden=\"true\"><\/i> Traitement et enregistrement du certificat dans la Communaut\u00e9 autonome.<\/li>\n<\/ul>\n<p>[\/vc_column_text][vc_column_text el_class=&#8221;margen-ariba&#8221;]<\/p>\n<h6>Validit\u00e9 de la proc\u00e9dure et renouvellement :<\/h6>\n<p><strong>Lettre A \u00e0 F : Validit\u00e9 10 ans.<\/strong><br \/>\n<strong>Lettre G : Validit\u00e9 5 ans.<\/strong><\/p>\n<h6>COLLECTE DE DONN\u00c9ES<\/h6>\n<ul class=\"una-lista\">\n<li><i class=\"fa fa-arrow-circle-o-right\" aria-hidden=\"true\"><\/i> R\u00e9f\u00e9rence cadastrale.<\/li>\n<li><i class=\"fa fa-arrow-circle-o-right\" aria-hidden=\"true\"><\/i> Plans.<\/li>\n<li><i class=\"fa fa-arrow-circle-o-right\" aria-hidden=\"true\"><\/i> Surfaces.<\/li>\n<\/ul>\n<h6>VISITES DE B\u00c2TIMENTS<\/h6>\n<ul class=\"una-lista\">\n<li><i class=\"fa fa-arrow-circle-o-right\" aria-hidden=\"true\"><\/i> Fa\u00e7ades et ouvertures.<\/li>\n<li><i class=\"fa fa-arrow-circle-o-right\" aria-hidden=\"true\"><\/i> \u00c9clairage et climatisation.<\/li>\n<li><i class=\"fa fa-arrow-circle-o-right\" aria-hidden=\"true\"><\/i> Mesures ponctuelles.<\/li>\n<\/ul>\n<h6>SIMULATION \u00c9NERG\u00c9TIQUE<\/h6>\n<ul class=\"una-lista\">\n<li><i class=\"fa fa-arrow-circle-o-right\" aria-hidden=\"true\"><\/i> CE3x ou un logiciel similaire.<\/li>\n<li><i class=\"fa fa-arrow-circle-o-right\" aria-hidden=\"true\"><\/i> Plans.<\/li>\n<li><i class=\"fa fa-arrow-circle-o-right\" aria-hidden=\"true\"><\/i> Am\u00e9liorations et \u00e9conomies d&#8217;\u00e9nergie.<\/li>\n<li><i class=\"fa fa-arrow-circle-o-right\" aria-hidden=\"true\"><\/i> D\u00e9livrance du certificat et du rapport \u00e9nerg\u00e9tique.<\/li>\n<\/ul>\n<h6>LE TRAITEMENT DES \u00c9TIQUETTES \u00c9NERG\u00c9TIQUES<\/h6>\n<ul class=\"una-lista\">\n<li><i class=\"fa fa-arrow-circle-o-right\" aria-hidden=\"true\"><\/i> Traitement de l&#8217;\u00e9tiquette \u00e9nergie.<\/li>\n<li><i class=\"fa fa-arrow-circle-o-right\" aria-hidden=\"true\"><\/i> Inscription et paiement des frais.<\/li>\n<\/ul>\n<p>[\/vc_column_text][vc_empty_space][\/vc_column_inner][\/vc_row_inner][vc_empty_space][\/vc_column][\/vc_row][vc_row css_animation=&#8221;&#8221; row_type=&#8221;row&#8221; use_row_as_full_screen_section=&#8221;no&#8221; type=&#8221;full_width&#8221; angled_section=&#8221;no&#8221; text_align=&#8221;left&#8221; background_image_as_pattern=&#8221;without_pattern&#8221;][vc_column][vc_empty_space height=&#8221;64px&#8221;][\/vc_column][\/vc_row]<\/p>\n<\/div>","protected":false},"excerpt":{"rendered":"<p>[vc_row css_animation=&#8221;&#8221; row_type=&#8221;row&#8221; use_row_as_full_screen_section=&#8221;no&#8221; type=&#8221;full_width&#8221; angled_section=&#8221;no&#8221; text_align=&#8221;left&#8221; background_image_as_pattern=&#8221;without_pattern&#8221;][vc_column width=&#8221;1\/4&#8243;][vc_raw_html]PGg1PkF1dHJlcyBzZXJ2aWNlcyBJTlNQRUNUSU9OPC9oNT4=[\/vc_raw_html][vc_separator type=&#8221;normal&#8221; color=&#8221;#bcbcbc&#8221; thickness=&#8221;1&#8243; transparency=&#8221;0.4&#8243;][vc_raw_html]JTNDdWwlMjBjbGFzcyUzRCUyMm1lbnUtbGF0ZXJhbCUyMiUzRSUwQSUzQ2xpJTIwY2xhc3MlM0QlMjJ2b2x2ZXIlMjIlM0UlM0NhJTIwaHJlZiUzRCUyMmh0dHBzJTNBJTJGJTJGc2Npc2EuZXMlMkZmciUyRmluc3BlY3Rpb24lMkYlMjIlM0UlM0NpJTIwY2xhc3MlM0QlMjJmYSUyMGZhLWJhY2t3YXJkJTIyJTIwYXJpYS1oaWRkZW4lM0QlMjJ0cnVlJTIyJTNFJTNDJTJGaSUzRSUyMCUyMElOU1BFQ1RJT04lM0MlMkZhJTNFJTNDJTJGbGklM0UlMEElMEElM0NsaSUzRSUzQ2ElMjBocmVmJTNEJTIyaHR0cHMlM0ElMkYlMkZzY2lzYS5lcyUyRmZyJTJGaW5zcGVjdGlvbiUyRmluc3BlY3Rpb24tZGVzLXZlaGljdWxlcy1ldC1kZXMtbWFjaGluZXMtZ25jLXBlbS1kLXItMTIxNS05NyUyRiUyMiUzRSUyMCUyMElOU1BFQ1RJT04lMjBERVMlMjBWJUMzJTg5SElDVUxFUyUyMEVUJTIwREVTJTIwTUFDSElORVMlMjAlMjhDTkclMkMlMjBQRU1QJTJDJTIwUi5ELiUyMDEyMTUlMkY5NyUyOSUzQyUyRmElM0UlM0MlMkZsaSUzRSUwQSUwQSUzQ2xpJTNFJTNDYSUyMGhyZWYlM0QlMjJodHRwcyUzQSUyRiUyRnNjaXNhLmVzJTJGZnIlMkZpbnNwZWN0aW9uJTJGZW50aXRlLWRpbnNwZWN0aW9uLWV0LWRlLWNvbnRyb2xlLWluZHVzdHJpZWwtZWljaSUyRiUyMiUzRSUyMCUyMEVOVElUJUMzJTg5JTIwRCUyN0lOU1BFQ1RJT04lMjBFVCUyMERFJTIwQ09OVFIlQzMlOTRMRSUyMElORFVTVFJJRUwlMjAlMjhFSUNJJTI5JTNDJTJGYSUzRSUzQyUyRmxpJTNFJTBBJTBBJTNDbGklM0UlM0NhJTIwaHJlZiUzRCUyMmh0dHBzJTNBJTJGJTJGc2Npc2EuZXMlMkZmciUyRmluc3BlY3Rpb24lMkZnZXNpbiUyRiUyMiUzRUdFU0lOJTNDJTJGYSUzRSUzQyUyRmxpJTNFJTBBJTBBJTNDbGklMjBjbGFzcyUzRCUyMnNpbi1lbmxhY2UlMjIlM0UlMjAlMjBFRkZJQ0FDSVQlQzMlODklMjAlQzMlODlORVJHJUMzJTg5VElRVUUlM0MlMkZsaSUzRSUwQSUwQSUzQyUyRnVsJTNF[\/vc_raw_html][vc_empty_space][vc_raw_html]PGg1PkNvbnRhY3QgYXZlYyBub3VzPC9oNT4=[\/vc_raw_html][vc_separator type=&#8221;normal&#8221; color=&#8221;#bcbcbc&#8221; thickness=&#8221;1&#8243; transparency=&#8221;0.4&#8243;][vc_widget_sidebar sidebar_id=&#8221;sidebar-blog&#8221;][\/vc_column][vc_column width=&#8221;3\/4&#8243;][vc_row_inner row_type=&#8221;row&#8221; type=&#8221;full_width&#8221; text_align=&#8221;left&#8221; css_animation=&#8221;&#8221; css=&#8221;.vc_custom_1639654729177{background-color: #ffffff !important;}&#8221;][vc_column_inner css=&#8221;.vc_custom_1639654809595{padding-right: 45px !important;padding-left: 45px !important;background-color: #ffffff !important;}&#8221;][vc_column_text] SERVICES DE CONTR\u00d4LE ET D&#8217;INSPECTION Chez SCI, en tant que soci\u00e9t\u00e9 d\u00e9di\u00e9e&#8230;<\/p>\n","protected":false},"author":1,"featured_media":0,"parent":58106,"menu_order":0,"comment_status":"closed","ping_status":"closed","template":"","meta":{"footnotes":""},"class_list":["post-58102","page","type-page","status-publish","hentry"],"_links":{"self":[{"href":"https:\/\/scisa.es\/fr\/wp-json\/wp\/v2\/pages\/58102","targetHints":{"allow":["GET"]}}],"collection":[{"href":"https:\/\/scisa.es\/fr\/wp-json\/wp\/v2\/pages"}],"about":[{"href":"https:\/\/scisa.es\/fr\/wp-json\/wp\/v2\/types\/page"}],"author":[{"embeddable":true,"href":"https:\/\/scisa.es\/fr\/wp-json\/wp\/v2\/users\/1"}],"replies":[{"embeddable":true,"href":"https:\/\/scisa.es\/fr\/wp-json\/wp\/v2\/comments?post=58102"}],"version-history":[{"count":0,"href":"https:\/\/scisa.es\/fr\/wp-json\/wp\/v2\/pages\/58102\/revisions"}],"up":[{"embeddable":true,"href":"https:\/\/scisa.es\/fr\/wp-json\/wp\/v2\/pages\/58106"}],"wp:attachment":[{"href":"https:\/\/scisa.es\/fr\/wp-json\/wp\/v2\/media?parent=58102"}],"curies":[{"name":"wp","href":"https:\/\/api.w.org\/{rel}","templated":true}]}}