{"id":58105,"date":"2021-12-16T08:55:24","date_gmt":"2021-12-16T08:55:24","guid":{"rendered":"https:\/\/scisa.es\/gesin\/"},"modified":"2023-01-25T15:02:07","modified_gmt":"2023-01-25T15:02:07","slug":"gesin","status":"publish","type":"page","link":"https:\/\/scisa.es\/fr\/inspection\/gesin","title":{"rendered":"GESIN"},"content":{"rendered":"<div class=\"wpb-content-wrapper\"><p>[vc_row css_animation=&#8221;&#8221; row_type=&#8221;row&#8221; use_row_as_full_screen_section=&#8221;no&#8221; type=&#8221;full_width&#8221; angled_section=&#8221;no&#8221; text_align=&#8221;left&#8221; background_image_as_pattern=&#8221;without_pattern&#8221;][vc_column width=&#8221;1\/4&#8243;][vc_raw_html]PGg1PkF1dHJlcyBzZXJ2aWNlcyBJTlNQRUNUSU9OPC9oNT4=[\/vc_raw_html][vc_separator type=&#8221;normal&#8221; color=&#8221;#bcbcbc&#8221; thickness=&#8221;1&#8243; transparency=&#8221;0.4&#8243;][vc_raw_html]JTNDdWwlMjBjbGFzcyUzRCUyMm1lbnUtbGF0ZXJhbCUyMiUzRSUwQSUzQ2xpJTIwY2xhc3MlM0QlMjJ2b2x2ZXIlMjIlM0UlM0NhJTIwaHJlZiUzRCUyMmh0dHBzJTNBJTJGJTJGc2Npc2EuZXMlMkZmciUyRmluc3BlY3Rpb24lMkYlMjIlM0UlM0NpJTIwY2xhc3MlM0QlMjJmYSUyMGZhLWJhY2t3YXJkJTIyJTIwYXJpYS1oaWRkZW4lM0QlMjJ0cnVlJTIyJTNFJTNDJTJGaSUzRSUyMCUyMElOU1BFQ1RJT04lM0MlMkZhJTNFJTNDJTJGbGklM0UlMEElMEElM0NsaSUzRSUzQ2ElMjBocmVmJTNEJTIyaHR0cHMlM0ElMkYlMkZzY2lzYS5lcyUyRmZyJTJGaW5zcGVjdGlvbiUyRmluc3BlY3Rpb24tZGVzLXZlaGljdWxlcy1ldC1kZXMtbWFjaGluZXMtZ25jLXBlbS1kLXItMTIxNS05NyUyRiUyMiUzRUlOU1BFQ1RJT04lMjBERVMlMjBWJUMzJTg5SElDVUxFUyUyMEVUJTIwREVTJTIwTUFDSElORVMlMjAlMjhDTkclMkMlMjBQRU1QJTJDJTIwUi5ELiUyMDEyMTUlMkY5NyUyOSUzQyUyRmElM0UlM0MlMkZsaSUzRSUwQSUwQSUzQ2xpJTNFJTNDYSUyMGhyZWYlM0QlMjJodHRwcyUzQSUyRiUyRnNjaXNhLmVzJTJGZnIlMkZpbnNwZWN0aW9uJTJGZW50aXRlLWRpbnNwZWN0aW9uLWV0LWRlLWNvbnRyb2xlLWluZHVzdHJpZWwtZWljaSUyRiUyMiUzRUVOVElUJUMzJTg5JTIwRCUyN0lOU1BFQ1RJT04lMjBFVCUyMERFJTIwQ09OVFIlQzMlOTRMRSUyMElORFVTVFJJRUwlMjAlMjhFSUNJJTI5JTNDJTJGYSUzRSUzQyUyRmxpJTNFJTBBJTBBJTNDbGklMjBjbGFzcyUzRCUyMnNpbi1lbmxhY2UlMjIlM0VHRVNJTiUzQyUyRmElM0UlM0MlMkZsaSUzRSUwQSUwQSUzQ2xpJTNFJTNDYSUyMGhyZWYlM0QlMjJodHRwcyUzQSUyRiUyRnNjaXNhLmVzJTJGZnIlMkZpbnNwZWN0aW9uJTJGZWZmaWNhY2l0ZS1lbmVyZ2V0aXF1ZSUyRiUyMiUzRUVGRklDQUNJVCVDMyU4OSUyMCVDMyU4OU5FUkclQzMlODlUSVFVRSUzQyUyRmElM0UlM0MlMkZsaSUzRSUwQSUwQSUzQyUyRnVsJTNF[\/vc_raw_html][vc_empty_space][vc_raw_html]PGg1PkNvbnRhY3QgYXZlYyBub3VzPC9oNT4=[\/vc_raw_html][vc_separator type=&#8221;normal&#8221; color=&#8221;#bcbcbc&#8221; thickness=&#8221;1&#8243; transparency=&#8221;0.4&#8243;][vc_widget_sidebar sidebar_id=&#8221;sidebar-blog&#8221;][\/vc_column][vc_column width=&#8221;3\/4&#8243;][vc_row_inner row_type=&#8221;row&#8221; type=&#8221;full_width&#8221; text_align=&#8221;left&#8221; css_animation=&#8221;&#8221; css=&#8221;.vc_custom_1639654729177{background-color: #ffffff !important;}&#8221;][vc_column_inner css=&#8221;.vc_custom_1639654809595{padding-right: 45px !important;padding-left: 45px !important;background-color: #ffffff !important;}&#8221;][vc_column_text]<\/p>\n<h2 class=\"internas-titul\">SOLUTION LOGICIELLE<\/h2>\n<p><strong>GESIN<\/strong> est notre solution informatique pour la gestion des inspections r\u00e9glementaires et la mise \u00e0 jour de la l\u00e9gislation applicable.<\/p>\n<p>Avec elle,<a href=\"https:\/\/scisa.es\/fr\/\"> SCI<\/a> vise \u00e0 fournir \u00e0 ses clients un service \u00e0 valeur ajout\u00e9e, car elle leur permet d&#8217;acc\u00e9der aux services contract\u00e9s avec nous directement depuis le <strong>site web de SCI<\/strong> avec des codes d&#8217;acc\u00e8s personnels, en leur fournissant toutes les informations n\u00e9cessaires \u00e0 la gestion de leurs installations.[\/vc_column_text][vc_empty_space][\/vc_column_inner][\/vc_row_inner][vc_empty_space][vc_row_inner row_type=&#8221;row&#8221; type=&#8221;full_width&#8221; text_align=&#8221;left&#8221; css_animation=&#8221;&#8221; css=&#8221;.vc_custom_1644938185865{padding-right: 0px !important;padding-left: 25px !important;background-color: #ffffff !important;}&#8221;][vc_column_inner width=&#8221;1\/2&#8243;][vc_empty_space][vc_column_text]<\/p>\n<h2 class=\"internas-titul\">POUR UNE MULTITUDE DE B\u00c2TIMENTS OU DE BRANCHES<\/h2>\n<p>L&#8217;application est destin\u00e9e <strong>aux clients SCI ayant une multitude de b\u00e2timents ou de succursales<\/strong>, qui ont 1 ou plusieurs installations soumises \u00e0 l&#8217;inspection r\u00e9glementaire ou aux clients ayant 1 ou plusieurs lieux de travail avec une multitude d&#8217;installations soumises \u00e0 l&#8217;inspection.<\/p>\n<p>L&#8217;application surveille les dates d&#8217;expiration des inspections d&#8217;\u00e9quipements ou d&#8217;installations et nous informe de la date de la<strong> prochaine inspection<\/strong>.<\/p>\n<p><strong>Le certificat SCI sign\u00e9 num\u00e9riquement est \u00e9galement disponible \u00e0 tout moment<\/strong>, un avantage qui peut \u00eatre utilis\u00e9 pour les audits de qualit\u00e9 ou les exigences des administrations publiques.<\/p>\n<p>L&#8217;application vous permet de t\u00e9l\u00e9charger d&#8217;autres documents tels que des photos de l&#8217;\u00e9quipement ou des manuels.<\/p>\n<p>Notre client aura \u00e0 port\u00e9e de main toutes les informations sur ses installations et pourra, <strong>d&#8217;un simple clic, planifier les inspections<\/strong> \u00e0 effectuer au cours de l&#8217;ann\u00e9e ainsi qu&#8217;estimer le co\u00fbt annuel de ces inspections.<\/p>\n<p>L&#8217;application permet aux responsables de la maintenance et de la qualit\u00e9 de g\u00e9rer facilement et rapidement le contr\u00f4le des installations <strong>et leur conformit\u00e9 r\u00e9glementaire<\/strong>.[\/vc_column_text][vc_empty_space][\/vc_column_inner][vc_column_inner width=&#8221;1\/2&#8243; css=&#8221;.vc_custom_1644938182028{padding-right: 0px !important;}&#8221;][vc_single_image image=&#8221;56767&#8243; img_size=&#8221;full&#8221; alignment=&#8221;center&#8221; qode_css_animation=&#8221;&#8221; el_class=&#8221;altura-plis&#8221;][\/vc_column_inner][\/vc_row_inner][vc_row_inner row_type=&#8221;row&#8221; type=&#8221;full_width&#8221; text_align=&#8221;left&#8221; css_animation=&#8221;&#8221; css=&#8221;.vc_custom_1643711721869{margin-top: 32px !important;background-color: #ffffff !important;}&#8221;][vc_column_inner css=&#8221;.vc_custom_1639654835560{padding-right: 45px !important;padding-left: 45px !important;}&#8221;][vc_empty_space][vc_column_text]<\/p>\n<h2 class=\"internas-titul\">NOUS SOMMES ENGAG\u00c9S DANS LA TECHNOLOGIE<\/h2>\n<p>Le client de <strong>SCI<\/strong> aura acc\u00e8s \u00e0 chaque inspection effectu\u00e9e dans ses locaux et pourra voir sur le certificat les d\u00e9fauts \u00e0 corriger (s&#8217;il y en a, et ainsi fournir une estimation des co\u00fbts de r\u00e9paration) ou la date de la prochaine inspection \u00e0 effectuer.<\/p>\n<p><strong>GESIN<\/strong> est un outil pour nos clients les plus exigeants qui cherchent \u00e0 optimiser leur gestion.<\/p>\n<p>Parce que <strong>SCI<\/strong> s&#8217;appuie sur la technologie pour am\u00e9liorer son service \u00e0 la client\u00e8le.[\/vc_column_text][vc_empty_space][\/vc_column_inner][\/vc_row_inner][vc_empty_space][\/vc_column][\/vc_row][vc_row css_animation=&#8221;&#8221; row_type=&#8221;row&#8221; use_row_as_full_screen_section=&#8221;no&#8221; type=&#8221;full_width&#8221; angled_section=&#8221;no&#8221; text_align=&#8221;left&#8221; background_image_as_pattern=&#8221;without_pattern&#8221;][vc_column][vc_empty_space height=&#8221;64px&#8221;][\/vc_column][\/vc_row]<\/p>\n<\/div>","protected":false},"excerpt":{"rendered":"<p>[vc_row css_animation=&#8221;&#8221; row_type=&#8221;row&#8221; use_row_as_full_screen_section=&#8221;no&#8221; type=&#8221;full_width&#8221; angled_section=&#8221;no&#8221; text_align=&#8221;left&#8221; background_image_as_pattern=&#8221;without_pattern&#8221;][vc_column width=&#8221;1\/4&#8243;][vc_raw_html]PGg1PkF1dHJlcyBzZXJ2aWNlcyBJTlNQRUNUSU9OPC9oNT4=[\/vc_raw_html][vc_separator type=&#8221;normal&#8221; color=&#8221;#bcbcbc&#8221; thickness=&#8221;1&#8243; transparency=&#8221;0.4&#8243;][vc_raw_html]JTNDdWwlMjBjbGFzcyUzRCUyMm1lbnUtbGF0ZXJhbCUyMiUzRSUwQSUzQ2xpJTIwY2xhc3MlM0QlMjJ2b2x2ZXIlMjIlM0UlM0NhJTIwaHJlZiUzRCUyMmh0dHBzJTNBJTJGJTJGc2Npc2EuZXMlMkZmciUyRmluc3BlY3Rpb24lMkYlMjIlM0UlM0NpJTIwY2xhc3MlM0QlMjJmYSUyMGZhLWJhY2t3YXJkJTIyJTIwYXJpYS1oaWRkZW4lM0QlMjJ0cnVlJTIyJTNFJTNDJTJGaSUzRSUyMCUyMElOU1BFQ1RJT04lM0MlMkZhJTNFJTNDJTJGbGklM0UlMEElMEElM0NsaSUzRSUzQ2ElMjBocmVmJTNEJTIyaHR0cHMlM0ElMkYlMkZzY2lzYS5lcyUyRmZyJTJGaW5zcGVjdGlvbiUyRmluc3BlY3Rpb24tZGVzLXZlaGljdWxlcy1ldC1kZXMtbWFjaGluZXMtZ25jLXBlbS1kLXItMTIxNS05NyUyRiUyMiUzRUlOU1BFQ1RJT04lMjBERVMlMjBWJUMzJTg5SElDVUxFUyUyMEVUJTIwREVTJTIwTUFDSElORVMlMjAlMjhDTkclMkMlMjBQRU1QJTJDJTIwUi5ELiUyMDEyMTUlMkY5NyUyOSUzQyUyRmElM0UlM0MlMkZsaSUzRSUwQSUwQSUzQ2xpJTNFJTNDYSUyMGhyZWYlM0QlMjJodHRwcyUzQSUyRiUyRnNjaXNhLmVzJTJGZnIlMkZpbnNwZWN0aW9uJTJGZW50aXRlLWRpbnNwZWN0aW9uLWV0LWRlLWNvbnRyb2xlLWluZHVzdHJpZWwtZWljaSUyRiUyMiUzRUVOVElUJUMzJTg5JTIwRCUyN0lOU1BFQ1RJT04lMjBFVCUyMERFJTIwQ09OVFIlQzMlOTRMRSUyMElORFVTVFJJRUwlMjAlMjhFSUNJJTI5JTNDJTJGYSUzRSUzQyUyRmxpJTNFJTBBJTBBJTNDbGklMjBjbGFzcyUzRCUyMnNpbi1lbmxhY2UlMjIlM0VHRVNJTiUzQyUyRmElM0UlM0MlMkZsaSUzRSUwQSUwQSUzQ2xpJTNFJTNDYSUyMGhyZWYlM0QlMjJodHRwcyUzQSUyRiUyRnNjaXNhLmVzJTJGZnIlMkZpbnNwZWN0aW9uJTJGZWZmaWNhY2l0ZS1lbmVyZ2V0aXF1ZSUyRiUyMiUzRUVGRklDQUNJVCVDMyU4OSUyMCVDMyU4OU5FUkclQzMlODlUSVFVRSUzQyUyRmElM0UlM0MlMkZsaSUzRSUwQSUwQSUzQyUyRnVsJTNF[\/vc_raw_html][vc_empty_space][vc_raw_html]PGg1PkNvbnRhY3QgYXZlYyBub3VzPC9oNT4=[\/vc_raw_html][vc_separator type=&#8221;normal&#8221; color=&#8221;#bcbcbc&#8221; thickness=&#8221;1&#8243; transparency=&#8221;0.4&#8243;][vc_widget_sidebar sidebar_id=&#8221;sidebar-blog&#8221;][\/vc_column][vc_column width=&#8221;3\/4&#8243;][vc_row_inner row_type=&#8221;row&#8221; type=&#8221;full_width&#8221; text_align=&#8221;left&#8221; css_animation=&#8221;&#8221; css=&#8221;.vc_custom_1639654729177{background-color: #ffffff !important;}&#8221;][vc_column_inner css=&#8221;.vc_custom_1639654809595{padding-right: 45px !important;padding-left: 45px !important;background-color: #ffffff !important;}&#8221;][vc_column_text] SOLUTION LOGICIELLE GESIN est notre solution informatique pour la gestion des inspections&#8230;<\/p>\n","protected":false},"author":1,"featured_media":0,"parent":58106,"menu_order":0,"comment_status":"closed","ping_status":"closed","template":"","meta":{"footnotes":""},"class_list":["post-58105","page","type-page","status-publish","hentry"],"_links":{"self":[{"href":"https:\/\/scisa.es\/fr\/wp-json\/wp\/v2\/pages\/58105","targetHints":{"allow":["GET"]}}],"collection":[{"href":"https:\/\/scisa.es\/fr\/wp-json\/wp\/v2\/pages"}],"about":[{"href":"https:\/\/scisa.es\/fr\/wp-json\/wp\/v2\/types\/page"}],"author":[{"embeddable":true,"href":"https:\/\/scisa.es\/fr\/wp-json\/wp\/v2\/users\/1"}],"replies":[{"embeddable":true,"href":"https:\/\/scisa.es\/fr\/wp-json\/wp\/v2\/comments?post=58105"}],"version-history":[{"count":0,"href":"https:\/\/scisa.es\/fr\/wp-json\/wp\/v2\/pages\/58105\/revisions"}],"up":[{"embeddable":true,"href":"https:\/\/scisa.es\/fr\/wp-json\/wp\/v2\/pages\/58106"}],"wp:attachment":[{"href":"https:\/\/scisa.es\/fr\/wp-json\/wp\/v2\/media?parent=58105"}],"curies":[{"name":"wp","href":"https:\/\/api.w.org\/{rel}","templated":true}]}}