{"id":58106,"date":"2021-11-29T11:11:35","date_gmt":"2021-11-29T11:11:35","guid":{"rendered":"https:\/\/scisa.es\/inspection\/"},"modified":"2023-02-02T12:26:10","modified_gmt":"2023-02-02T12:26:10","slug":"inspection","status":"publish","type":"page","link":"https:\/\/scisa.es\/fr\/inspection\/","title":{"rendered":"Inspection"},"content":{"rendered":"<div class=\"wpb-content-wrapper\"><p>[vc_row css_animation=&#8221;&#8221; row_type=&#8221;row&#8221; use_row_as_full_screen_section=&#8221;no&#8221; type=&#8221;full_width&#8221; angled_section=&#8221;no&#8221; text_align=&#8221;left&#8221; background_image_as_pattern=&#8221;without_pattern&#8221;][vc_column width=&#8221;1\/4&#8243;][vc_raw_html]JTNDdWwlMjBjbGFzcyUzRCUyMm1lbnUtbGF0ZXJhbCUyMiUzRSUwQSUzQ2xpJTIwY2xhc3MlM0QlMjJ2b2x2ZXIlMjIlM0UlM0NhJTIwaHJlZiUzRCUyMmh0dHBzJTNBJTJGJTJGc2Npc2EuZXMlMkZmciUyRmluc3BlY3Rpb24lMkYlMjIlM0UlM0NpJTIwY2xhc3MlM0QlMjJmYSUyMGZhLWJhY2t3YXJkJTIyJTIwYXJpYS1oaWRkZW4lM0QlMjJ0cnVlJTIyJTNFJTNDJTJGaSUzRSUyMCUyMElOU1BFQ1RJT04lM0MlMkZhJTNFJTNDJTJGbGklM0UlMEElMEElM0NsaSUzRSUzQ2ElMjBocmVmJTNEJTIyaHR0cHMlM0ElMkYlMkZzY2lzYS5lcyUyRmZyJTJGaW5zcGVjdGlvbiUyRiUyM2luc3BlY3Rpb24taW5kdXN0cmllbGxlJTIyJTNFSU5TUEVDVElPTiUyMElORFVTVFJJRUxMRSUzQyUyRmElM0UlM0MlMkZsaSUzRSUwQSUzQ2xpJTNFJTNDYSUyMGhyZWYlM0QlMjJodHRwcyUzQSUyRiUyRnNjaXNhLmVzJTJGZnIlMkZpbnNwZWN0aW9uJTJGJTIzY29udHIlQzMlQjRsZS1yJUMzJUE5Z2xlbWVudGFpcmUlMjIlM0VPUkdBTklTTUUlMjBERSUyMENPTlRSJUMzJTk0TEUlMjBBR1IlQzMlODklQzMlODklMjAlMjhDT05UUiVDMyU5NExFJTIwUiVDMyU4OUdMRU1FTlRBSVJFJTI5JTNDJTJGYSUzRSUzQyUyRmxpJTNFJTBBJTNDbGklM0UlM0NhJTIwaHJlZiUzRCUyMmh0dHBzJTNBJTJGJTJGc2Npc2EuZXMlMkZmciUyRmluc3BlY3Rpb24lMkYlMjNjb3Jwcy1ub3RpZmklQzMlQTklMjIlM0VDT1JQUyUyME5PVElGSSVDMyU4OSUzQyUyRmElM0UlM0MlMkZsaSUzRSUwQSUzQ2xpJTNFJTNDYSUyMGhyZWYlM0QlMjJodHRwcyUzQSUyRiUyRnNjaXNhLmVzJTJGZnIlMkZpbnNwZWN0aW9uJTJGJTIzc291ZGFnZSUyMiUzRVNPVURVUkUlM0MlMkZhJTNFJTNDJTJGbGklM0UlMEElM0NsaSUzRSUzQ2ElMjBocmVmJTNEJTIyaHR0cHMlM0ElMkYlMkZzY2lzYS5lcyUyRmZyJTJGaW5zcGVjdGlvbiUyRiUyM20lQzMlQTl0cm9sb2dpZS1sJUMzJUE5Z2FsZSUyMiUzRU0lQzMlODlUUk9MT0dJRSUyMEwlQzMlODlHQUxFJTNDJTJGYSUzRSUzQyUyRmxpJTNFJTBBJTNDbGklM0UlM0NhJTIwaHJlZiUzRCUyMmh0dHBzJTNBJTJGJTJGc2Npc2EuZXMlMkZmciUyRmluc3BlY3Rpb24lMkYlMjNhZ2VuY2UtZGUtY29udHIlQzMlQjRsZSUyMiUzRUFHRU5DRSUyMERFJTIwQ09OVFIlQzMlOTRMRSUzQyUyRmElM0UlM0MlMkZsaSUzRSUwQSUzQ2xpJTNFJTNDYSUyMGhyZWYlM0QlMjJodHRwcyUzQSUyRiUyRnNjaXNhLmVzJTJGZnIlMkZpbnNwZWN0aW9uJTJGJTIzYXV0cmVzLXNlcnZpY2VzJTIyJTNFQVVUUkVTJTIwU0VSVklDRVMlM0MlMkZhJTNFJTNDJTJGbGklM0UlMEElM0NsaSUzRSUzQ2ElMjBocmVmJTNEJTIyaHR0cHMlM0ElMkYlMkZzY2lzYS5lcyUyRmZyJTJGaW5zcGVjdGlvbiUyRiUyM3R1bm5lbC1mcm9pZCUyMiUzRVRVTk5FTCUyMEZST0lEJTNDJTJGYSUzRSUzQyUyRmxpJTNFJTBBJTBBJTNDJTJGdWwlM0U=[\/vc_raw_html][vc_empty_space][vc_raw_html]PGg1PkNvbnRhY3QgYXZlYyBub3VzPC9oNT4=[\/vc_raw_html][vc_separator type=&#8221;normal&#8221; color=&#8221;#bcbcbc&#8221; thickness=&#8221;1&#8243; transparency=&#8221;0.4&#8243;][vc_widget_sidebar sidebar_id=&#8221;sidebar-blog&#8221;][\/vc_column][vc_column width=&#8221;3\/4&#8243;][vc_row_inner row_type=&#8221;row&#8221; type=&#8221;full_width&#8221; text_align=&#8221;left&#8221; css_animation=&#8221;&#8221; el_id=&#8221;inspection-industrielle&#8221;][vc_column_inner][\/vc_column_inner][\/vc_row_inner][qode_elements_holder background_color=&#8221;#ffffff&#8221; number_of_columns=&#8221;two_columns&#8221; switch_to_one_column=&#8221;768&#8243; alignment_one_column=&#8221;center&#8221;][qode_elements_holder_item vertical_alignment=&#8221;middle&#8221; horizontal_alignment=&#8221;center&#8221; advanced_animations=&#8221;no&#8221;][vc_single_image image=&#8221;59512&#8243; img_size=&#8221;full&#8221; qode_css_animation=&#8221;&#8221; el_class=&#8221;altura-plis&#8221;][\/qode_elements_holder_item][qode_elements_holder_item vertical_alignment=&#8221;middle&#8221; advanced_animations=&#8221;no&#8221; item_padding=&#8221;15px 35px 15px 35px&#8221;][vc_column_text]<\/p>\n<h2 class=\"titulo-flecha\">INSPECTION INDUSTRIELLE<\/h2>\n<p>Parmi les t\u00e2ches que nous r\u00e9alisons chez <strong>SCI<\/strong>, il convient de citer les <strong>inspections industrielles, <\/strong>qui visent \u00e0 effectuer le contr\u00f4le de qualit\u00e9 requis lors de la fabrication d&#8217;\u00e9quipements et de mat\u00e9riaux qui seront ensuite install\u00e9s dans une usine, une station de compression ou d&#8217;autres installations.<\/p>\n<p>&nbsp;<\/p>\n<div class=\"menu-caja\">\n<div><a href=\"https:\/\/scisa.es\/fr\/inspection\/inspection-industrielle\/revision-des-procedures-de-production-et-des-plans-des-points-dinspection\/\">Plans de production et d&#8217;inspection<\/a><\/div>\n<div><a href=\"https:\/\/scisa.es\/fr\/inspection\/inspection-industrielle\/inspection-de-la-fabrication-du-montage-et-de-lentretien-des-equipements\/\">Inspection<br \/>\nd&#8217;\u00e9quipement<\/a><\/div>\n<div><a href=\"https:\/\/scisa.es\/fr\/inspection\/inspection-industrielle\/inspecteurs-certifies-api-653\/\">Inspecteurs certifi\u00e9s API 653<\/a><\/div>\n<\/div>\n<p>[\/vc_column_text][vc_empty_space]<a  itemprop=\"url\" href=\"https:\/\/scisa.es\/fr\/contact\/\" target=\"_self\" data-hover-border-color=\"#000000\" data-hover-color=\"#ffffff\" class=\"qbutton  medium white default derecha\" style=\"color: #000000; border-color: #757575; \">Contact avec nous<\/a>[vc_empty_space][vc_empty_space][\/qode_elements_holder_item][\/qode_elements_holder][vc_empty_space][vc_row_inner row_type=&#8221;row&#8221; type=&#8221;full_width&#8221; text_align=&#8221;left&#8221; css_animation=&#8221;&#8221; el_id=&#8221;contr\u00f4le-r\u00e9glementaire&#8221;][vc_column_inner][\/vc_column_inner][\/vc_row_inner][qode_elements_holder background_color=&#8221;#ffffff&#8221; number_of_columns=&#8221;two_columns&#8221; switch_to_one_column=&#8221;768&#8243; alignment_one_column=&#8221;center&#8221;][qode_elements_holder_item vertical_alignment=&#8221;middle&#8221; advanced_animations=&#8221;no&#8221; item_padding=&#8221;15px 35px 15px 35px&#8221;][vc_column_text]<\/p>\n<h2 class=\"titulo-flecha\">ORGANISME DE CONTR\u00d4LE AGR\u00c9\u00c9 (CONTR\u00d4LE R\u00c9GLEMENTAIRE)<\/h2>\n<p><a href=\"https:\/\/scisa.es\/fr\/\"><br \/>\n<strong>SCI<\/strong><br \/>\n<\/a> dispose d&#8217;un service d&#8217;<strong>inspections r\u00e9glementaires<\/strong> depuis pr\u00e8s de deux d\u00e9cennies. Les ressources techniques et humaines qui la composent, ainsi que l&#8217;exp\u00e9rience accumul\u00e9e au fil des ans, nous placent \u00e0 l&#8217;avant-garde du secteur, offrant un service \u00e0 nos clients<strong> sur tout le territoire national<\/strong>.<\/p>\n<div class=\"menu-caja\">\n<div><a href=\"https:\/\/scisa.es\/fr\/inspection\/ascenseurs\/\">Inspection des ascenseurs<\/a><\/div>\n<div><a href=\"https:\/\/scisa.es\/fr\/inspection\/pci-non-industriel\/\">PCI<br \/>\nNon industriel<\/a><\/div>\n<div><a href=\"https:\/\/scisa.es\/fr\/inspection\/pci-industrial\/\">PCI<br \/>\nIndustriel<\/a><\/div>\n<div><a href=\"https:\/\/scisa.es\/fr\/inspection\/combustibles-gazeux\/\">Carburants<br \/>\nGazeux<\/a><\/div>\n<div><a href=\"https:\/\/scisa.es\/fr\/inspection\/grues-mobiles-et-automotrices\/\">Grues mobiles et automotrices<\/a><\/div>\n<div><a href=\"https:\/\/scisa.es\/fr\/inspection\/installations-electriques-basse-tension\/\">Installations \u00e9lectriques basse tension<\/a><\/div>\n<div><a href=\"https:\/\/scisa.es\/fr\/inspection\/installations-electriques-haute-tension\/\">Installations \u00e9lectriques haute tension<\/a><\/div>\n<div><a href=\"https:\/\/scisa.es\/fr\/inspection\/equipement-sous-pression\/\">\u00c9quipement<br \/>\nune pression<\/a><\/div>\n<div><a href=\"https:\/\/scisa.es\/fr\/inspection\/installations-frigorifiques\/\">Installations<br \/>\nR\u00e9frig\u00e9rateurs<\/a><\/div>\n<div><a href=\"https:\/\/scisa.es\/fr\/inspection\/produits-chimiques\/\">Produits<br \/>\nProduits chimiques<\/a><\/div>\n<div><a href=\"https:\/\/scisa.es\/fr\/inspection\/installations-petrolieres\/\">Installations p\u00e9troli\u00e8res<\/a><\/div>\n<div><a href=\"https:\/\/scisa.es\/fr\/inspection\/transport-de-latp\/\">Transport<br \/>\nATP<\/a><\/div>\n<div><a href=\"https:\/\/scisa.es\/fr\/inspection\/installations-thermiques\/\">Installations<br \/>\nThermique<\/a><\/div>\n<\/div>\n<p>[\/vc_column_text][vc_empty_space]<a  itemprop=\"url\" href=\"https:\/\/scisa.es\/fr\/contact\/\" target=\"_self\" data-hover-border-color=\"#000000\" data-hover-color=\"#ffffff\" class=\"qbutton  medium white default derecha\" style=\"color: #000000; border-color: #757575; \">Contact avec nous<\/a>[vc_empty_space][\/qode_elements_holder_item][qode_elements_holder_item vertical_alignment=&#8221;middle&#8221; horizontal_alignment=&#8221;center&#8221; advanced_animations=&#8221;no&#8221;][vc_single_image image=&#8221;59466&#8243; img_size=&#8221;full&#8221; qode_css_animation=&#8221;&#8221; el_class=&#8221;altura-plis&#8221;][\/qode_elements_holder_item][\/qode_elements_holder][vc_row_inner row_type=&#8221;row&#8221; type=&#8221;full_width&#8221; text_align=&#8221;left&#8221; css_animation=&#8221;&#8221; el_id=&#8221;corps-notifi\u00e9&#8221;][vc_column_inner][\/vc_column_inner][\/vc_row_inner][vc_empty_space][qode_elements_holder background_color=&#8221;#ffffff&#8221; number_of_columns=&#8221;two_columns&#8221; switch_to_one_column=&#8221;768&#8243; alignment_one_column=&#8221;center&#8221;][qode_elements_holder_item vertical_alignment=&#8221;middle&#8221; horizontal_alignment=&#8221;center&#8221; advanced_animations=&#8221;no&#8221;][vc_single_image image=&#8221;56865&#8243; img_size=&#8221;full&#8221; qode_css_animation=&#8221;&#8221; el_class=&#8221;altura-plis&#8221;][\/qode_elements_holder_item][qode_elements_holder_item vertical_alignment=&#8221;middle&#8221; advanced_animations=&#8221;no&#8221; item_padding=&#8221;15px 35px 15px 35px&#8221;][vc_column_text]<\/p>\n<h2 class=\"titulo-flecha\">CORPS NOTIFI\u00c9<\/h2>\n<p>Le marquage<strong> CE<\/strong> est un marquage indiquant que le produit qui le porte est conforme aux directives de l <strong>&#8216;Union europ\u00e9enne<\/strong> sur la s\u00e9curit\u00e9 des produits. Ces directives s&#8217;appliquent \u00e0 tous les produits destin\u00e9s ou mis sur le march\u00e9 de l&#8217;UE.<\/p>\n<div class=\"menu-caja\">\n<div><a href=\"https:\/\/scisa.es\/fr\/inspection\/organisme-notifie\/\">Organisme notifi\u00e9<\/a><\/div>\n<\/div>\n<p>[\/vc_column_text][vc_empty_space]<a  itemprop=\"url\" href=\"https:\/\/scisa.es\/fr\/contact\/\" target=\"_self\" data-hover-border-color=\"#000000\" data-hover-color=\"#ffffff\" class=\"qbutton  medium white default derecha\" style=\"color: #000000; border-color: #757575; \">Contact avec nous<\/a>[\/qode_elements_holder_item][\/qode_elements_holder][vc_row_inner row_type=&#8221;row&#8221; type=&#8221;full_width&#8221; text_align=&#8221;left&#8221; css_animation=&#8221;&#8221; el_id=&#8221;soudage&#8221;][vc_column_inner][\/vc_column_inner][\/vc_row_inner][vc_empty_space][qode_elements_holder background_color=&#8221;#ffffff&#8221; number_of_columns=&#8221;two_columns&#8221; switch_to_one_column=&#8221;768&#8243; alignment_one_column=&#8221;center&#8221;][qode_elements_holder_item vertical_alignment=&#8221;middle&#8221; advanced_animations=&#8221;no&#8221; item_padding=&#8221;15px 35px 15px 35px&#8221;][vc_column_text]<\/p>\n<h2 class=\"titulo-flecha\">SOUDURE<\/h2>\n<p>Les services <strong>d&#8217;inspection<\/strong> de soudage de <a href=\"https:\/\/scisa.es\/fr\/\">SCI<\/a>assurent la conformit\u00e9 aux normes de <strong>soudage<\/strong>ou aux <strong>codes d&#8217;approbation<\/strong> et aux exigences suppl\u00e9mentaires du client (sp\u00e9cifications, codes de conception, etc.), en <strong>optimisant le travail pour minimiser les co\u00fbts qui en d\u00e9coulent<\/strong>.<\/p>\n<p>SCI dispose, au sein de son personnel, d&#8217;inspecteurs europ\u00e9ens en soudage (EWE) et d&#8217;inspecteurs en soudage certifi\u00e9s (aWS, etc.), qui poss\u00e8dent une vaste exp\u00e9rience dans le domaine du soudage.<\/p>\n<div class=\"menu-caja\">\n<div><a href=\"https:\/\/scisa.es\/fr\/inspection\/inspection-des-soudures-et-soutien-technique\/\">Inspection et soutien technique de<br \/>\nSoudage<\/a><\/div>\n<div><a href=\"https:\/\/scisa.es\/inspeccion\/soldadura\/certificaciones-de-procedimientos-de-soldadura-y-soldadores\/\">Proc\u00e9dures de soudage et certifications des soudeurs<\/a><\/div>\n<\/div>\n<p>[\/vc_column_text][vc_empty_space]<a  itemprop=\"url\" href=\"https:\/\/scisa.es\/fr\/contact\/\" target=\"_self\" data-hover-border-color=\"#000000\" data-hover-color=\"#ffffff\" class=\"qbutton  medium white default derecha\" style=\"color: #000000; border-color: #757575; \">Contact avec nous<\/a>[\/qode_elements_holder_item][qode_elements_holder_item vertical_alignment=&#8221;middle&#8221; horizontal_alignment=&#8221;center&#8221; advanced_animations=&#8221;no&#8221;][vc_single_image image=&#8221;56813&#8243; img_size=&#8221;full&#8221; qode_css_animation=&#8221;&#8221; el_class=&#8221;altura-plis&#8221;][\/qode_elements_holder_item][\/qode_elements_holder][vc_row_inner row_type=&#8221;row&#8221; type=&#8221;full_width&#8221; text_align=&#8221;left&#8221; css_animation=&#8221;&#8221; el_id=&#8221;m\u00e9trologie-l\u00e9gale&#8221;][vc_column_inner][vc_empty_space][\/vc_column_inner][\/vc_row_inner][qode_elements_holder background_color=&#8221;#ffffff&#8221; number_of_columns=&#8221;two_columns&#8221; switch_to_one_column=&#8221;768&#8243; alignment_one_column=&#8221;center&#8221;][qode_elements_holder_item vertical_alignment=&#8221;middle&#8221; horizontal_alignment=&#8221;center&#8221; advanced_animations=&#8221;no&#8221;][vc_single_image image=&#8221;59504&#8243; img_size=&#8221;full&#8221; qode_css_animation=&#8221;&#8221; el_class=&#8221;altura-plis&#8221;][\/qode_elements_holder_item][qode_elements_holder_item vertical_alignment=&#8221;middle&#8221; advanced_animations=&#8221;no&#8221; item_padding=&#8221;15px 35px 15px 35px&#8221;][vc_column_text]<\/p>\n<h2 class=\"titulo-flecha\">M\u00c9TROLOGIE L\u00c9GALE<\/h2>\n<p>SCI est une entit\u00e9 d&#8217;inspection accr\u00e9dit\u00e9e par ENAC avec l&#8217;accr\u00e9ditation 12\/EI728 et un organisme de v\u00e9rification m\u00e9trologique autoris\u00e9 n\u00ba16-OV-1053 pour la v\u00e9rification m\u00e9trologique de diff\u00e9rents instruments de mesure.<\/p>\n<div class=\"menu-caja\">\n<div><a href=\"https:\/\/scisa.es\/fr\/inspection\/instruments-de-pesage\/\">Instruments<br \/>\nPes\u00e9e<\/a><\/div>\n<div><a href=\"https:\/\/scisa.es\/fr\/inspection\/enregistreurs-de-temperature\/\">Enregistreurs de temp\u00e9rature<\/a><\/div>\n<\/div>\n<p>&nbsp;<\/p>\n<div><strong>Nos services r\u00e9glementaires comprennent :<\/strong><\/div>\n<div>\n<div class=\"wpb_text_column wpb_content_element titulo-paginas\">\n<div class=\"wpb_wrapper\">\n<ul>\n<li>Compilation, contr\u00f4le et v\u00e9rification administrative des syst\u00e8mes de pesage et de temp\u00e9rature.<\/li>\n<li>Contr\u00f4le de la pr\u00e9cision des instruments de pesage et de temp\u00e9rature.<\/li>\n<li>Test et inspection de l&#8217;\u00e9quipement.<\/li>\n<\/ul>\n<\/div>\n<\/div>\n<\/div>\n<p>[\/vc_column_text][vc_empty_space]<a  itemprop=\"url\" href=\"https:\/\/scisa.es\/fr\/contact\/\" target=\"_self\" data-hover-border-color=\"#000000\" data-hover-color=\"#ffffff\" class=\"qbutton  medium white default derecha\" style=\"color: #000000; border-color: #757575; \">Contact avec nous<\/a>[\/qode_elements_holder_item][\/qode_elements_holder][vc_row_inner row_type=&#8221;row&#8221; type=&#8221;full_width&#8221; text_align=&#8221;left&#8221; css_animation=&#8221;&#8221; el_id=&#8221;agence-de-contr\u00f4le&#8221;][vc_column_inner][vc_empty_space][\/vc_column_inner][\/vc_row_inner][qode_elements_holder background_color=&#8221;#ffffff&#8221; number_of_columns=&#8221;two_columns&#8221; switch_to_one_column=&#8221;768&#8243; alignment_one_column=&#8221;center&#8221;][qode_elements_holder_item vertical_alignment=&#8221;middle&#8221; advanced_animations=&#8221;no&#8221; item_padding=&#8221;15px 35px 15px 35px&#8221;][vc_column_text]<\/p>\n<h2 class=\"titulo-flecha\">AGENCE DE CONTR\u00d4LE<\/h2>\n<p>SCI dispose d&#8217;un d\u00e9partement d&#8217;inspections r\u00e9glementaires depuis pr\u00e8s de deux d\u00e9cennies. Les ressources techniques et humaines qui la composent, ainsi que l&#8217;exp\u00e9rience accumul\u00e9e au fil des ans, nous placent \u00e0 l&#8217;avant-garde du secteur, offrant un service \u00e0 nos clients sur tout le territoire national.<\/p>\n<div class=\"menu-caja\">\n<div><a href=\"https:\/\/scisa.es\/fr\/inspection\/inspection-des-vehicules-et-des-machines-gnc-pem-d-r-1215-97\/\">Inspection des v\u00e9hicules et des machines (GNC, PEM, D.R. 1215\/97)<\/a><\/div>\n<div><a href=\"https:\/\/scisa.es\/fr\/inspection\/entite-dinspection-et-de-controle-industriel-eici\/\">Entit\u00e9 d&#8217;inspection et de contr\u00f4le industriel<br \/>\n(EICI)<\/a><\/div>\n<div><a href=\"https:\/\/scisa.es\/fr\/inspection\/efficacite-energetique\/\">Efficacit\u00e9 \u00e9nerg\u00e9tique<\/a><\/div>\n<\/div>\n<p>[\/vc_column_text][vc_empty_space]<a  itemprop=\"url\" href=\"https:\/\/scisa.es\/fr\/contact\/\" target=\"_self\" data-hover-border-color=\"#000000\" data-hover-color=\"#ffffff\" class=\"qbutton  medium white default derecha\" style=\"color: #000000; border-color: #757575; \">Contact avec nous<\/a>[\/qode_elements_holder_item][qode_elements_holder_item vertical_alignment=&#8221;middle&#8221; horizontal_alignment=&#8221;center&#8221; advanced_animations=&#8221;no&#8221;][vc_single_image image=&#8221;56903&#8243; img_size=&#8221;full&#8221; qode_css_animation=&#8221;&#8221; el_class=&#8221;altura-plis&#8221;][\/qode_elements_holder_item][\/qode_elements_holder][vc_row_inner row_type=&#8221;row&#8221; type=&#8221;full_width&#8221; text_align=&#8221;left&#8221; css_animation=&#8221;&#8221; el_id=&#8221;autres-services&#8221;][vc_column_inner][vc_empty_space][\/vc_column_inner][\/vc_row_inner][qode_elements_holder background_color=&#8221;#ffffff&#8221; number_of_columns=&#8221;two_columns&#8221; switch_to_one_column=&#8221;768&#8243; alignment_one_column=&#8221;center&#8221;][qode_elements_holder_item vertical_alignment=&#8221;middle&#8221; horizontal_alignment=&#8221;center&#8221; advanced_animations=&#8221;no&#8221;][vc_single_image image=&#8221;56357&#8243; img_size=&#8221;full&#8221; qode_css_animation=&#8221;&#8221; el_class=&#8221;altura-plis&#8221;][\/qode_elements_holder_item][qode_elements_holder_item vertical_alignment=&#8221;middle&#8221; advanced_animations=&#8221;no&#8221; item_padding=&#8221;15px 35px 15px 35px&#8221;][vc_column_text]<\/p>\n<h2 class=\"titulo-flecha\">AUTRES SERVICES<\/h2>\n<p>Les inspections r\u00e9glementaires dans le domaine \u00e9lectrique et les audits d&#8217;efficacit\u00e9 \u00e9nerg\u00e9tique dans les entreprises sont la sp\u00e9cialit\u00e9 de <a href=\"https:\/\/scisa.es\/fr\/\" target=\"_blank\" rel=\"noopener\">SCI<\/a>. Nous disposons de sp\u00e9cialistes pour mener \u00e0 bien ces t\u00e2ches ainsi que pour conseiller les inspecteurs eux-m\u00eames, etc.<\/p>\n<p>Le travail d&#8217;inspection est essentiel car ce sont souvent eux qui ont le dernier mot pour d\u00e9cider si quelque chose est correct et conforme \u00e0 la r\u00e9glementation.<\/p>\n<div class=\"menu-caja\">\n<div><a href=\"https:\/\/scisa.es\/inspeccion\/otros-servicios\/area-electrica\/\">Zone<br \/>\n\u00c9lectrique<\/a><\/div>\n<div><a href=\"https:\/\/scisa.es\/inspeccion\/otros-servicios\/auditorias-de-eficiencia-energetica\/\">Audits d&#8217;efficacit\u00e9 \u00e9nerg\u00e9tique<\/a><\/div>\n<\/div>\n<p>[\/vc_column_text][vc_empty_space]<a  itemprop=\"url\" href=\"https:\/\/scisa.es\/fr\/contact\/\" target=\"_self\" data-hover-border-color=\"#000000\" data-hover-color=\"#ffffff\" class=\"qbutton  medium white default derecha\" style=\"color: #000000; border-color: #757575; \">Contact avec nous<\/a>[vc_empty_space][\/qode_elements_holder_item][\/qode_elements_holder][vc_row_inner row_type=&#8221;row&#8221; type=&#8221;full_width&#8221; text_align=&#8221;left&#8221; css_animation=&#8221;&#8221; el_id=&#8221;tunnel-froid&#8221;][vc_column_inner][\/vc_column_inner][\/vc_row_inner][vc_empty_space][qode_elements_holder background_color=&#8221;#ffffff&#8221; number_of_columns=&#8221;two_columns&#8221; switch_to_one_column=&#8221;768&#8243; alignment_one_column=&#8221;center&#8221;][qode_elements_holder_item vertical_alignment=&#8221;middle&#8221; advanced_animations=&#8221;no&#8221; item_padding=&#8221;15px 35px 15px 35px&#8221;][vc_column_text]<\/p>\n<h2 class=\"titulo-flecha\">TUNNEL FROID<\/h2>\n<p>Contr\u00f4le de l&#8217;isothermie ATP dans les v\u00e9hicules sp\u00e9ciaux pour marchandises p\u00e9rissables.<\/p>\n<p>SCI est accr\u00e9dit\u00e9 et autoris\u00e9 \u00e0 r\u00e9aliser des essais permettant de d\u00e9terminer ou de v\u00e9rifier la valeur globale du coefficient de transmission thermique (coefficient k), en r\u00e9gime permanent, pour les unit\u00e9s destin\u00e9es au transport de denr\u00e9es p\u00e9rissables (pas les citernes) comme \u00e9tabli dans l&#8217;ATP.<\/p>\n<div class=\"menu-caja\">\n<div><a href=\"https:\/\/tuneldefrioscisa.es\/wp-content\/uploads\/2021\/08\/estacion-ensayos-tunel-de-frio.pdf\" target=\"_blank\" rel=\"noopener\">Station d&#8217;essai ATP Tunnel froid<\/a><\/div>\n<div><a href=\"https:\/\/tuneldefrioscisa.es\/wp-content\/uploads\/2021\/08\/vehiculos-importados.pdf\" target=\"_blank\" rel=\"noopener\">Transport de denr\u00e9es p\u00e9rissables<\/a><\/div>\n<div><a href=\"https:\/\/tuneldefrioscisa.es\/documentacion-tecnica-aportar\/\" target=\"_blank\" rel=\"noopener\">Documentation<br \/>\nTechnique<br \/>\n<\/a><\/div>\n<\/div>\n<p>[\/vc_column_text][vc_empty_space]<a  itemprop=\"url\" href=\"https:\/\/scisa.es\/fr\/contact\/\" target=\"_self\" data-hover-border-color=\"#000000\" data-hover-color=\"#ffffff\" class=\"qbutton  medium white default derecha\" style=\"color: #000000; border-color: #757575; \">Contact avec nous<\/a>[vc_empty_space][\/qode_elements_holder_item][qode_elements_holder_item vertical_alignment=&#8221;middle&#8221; horizontal_alignment=&#8221;center&#8221; advanced_animations=&#8221;no&#8221;][vc_single_image image=&#8221;59508&#8243; img_size=&#8221;full&#8221; qode_css_animation=&#8221;&#8221; el_class=&#8221;altura-plis&#8221;][\/qode_elements_holder_item][\/qode_elements_holder][\/vc_column][\/vc_row][vc_row css_animation=&#8221;&#8221; row_type=&#8221;row&#8221; use_row_as_full_screen_section=&#8221;no&#8221; type=&#8221;full_width&#8221; angled_section=&#8221;no&#8221; text_align=&#8221;left&#8221; background_image_as_pattern=&#8221;without_pattern&#8221;][vc_column][vc_empty_space height=&#8221;64px&#8221;][\/vc_column][\/vc_row]<\/p>\n<\/div>","protected":false},"excerpt":{"rendered":"<p>[vc_row css_animation=&#8221;&#8221; row_type=&#8221;row&#8221; use_row_as_full_screen_section=&#8221;no&#8221; type=&#8221;full_width&#8221; angled_section=&#8221;no&#8221; text_align=&#8221;left&#8221; background_image_as_pattern=&#8221;without_pattern&#8221;][vc_column width=&#8221;1\/4&#8243;][vc_raw_html]JTNDdWwlMjBjbGFzcyUzRCUyMm1lbnUtbGF0ZXJhbCUyMiUzRSUwQSUzQ2xpJTIwY2xhc3MlM0QlMjJ2b2x2ZXIlMjIlM0UlM0NhJTIwaHJlZiUzRCUyMmh0dHBzJTNBJTJGJTJGc2Npc2EuZXMlMkZmciUyRmluc3BlY3Rpb24lMkYlMjIlM0UlM0NpJTIwY2xhc3MlM0QlMjJmYSUyMGZhLWJhY2t3YXJkJTIyJTIwYXJpYS1oaWRkZW4lM0QlMjJ0cnVlJTIyJTNFJTNDJTJGaSUzRSUyMCUyMElOU1BFQ1RJT04lM0MlMkZhJTNFJTNDJTJGbGklM0UlMEElMEElM0NsaSUzRSUzQ2ElMjBocmVmJTNEJTIyaHR0cHMlM0ElMkYlMkZzY2lzYS5lcyUyRmZyJTJGaW5zcGVjdGlvbiUyRiUyM2luc3BlY3Rpb24taW5kdXN0cmllbGxlJTIyJTNFSU5TUEVDVElPTiUyMElORFVTVFJJRUxMRSUzQyUyRmElM0UlM0MlMkZsaSUzRSUwQSUzQ2xpJTNFJTNDYSUyMGhyZWYlM0QlMjJodHRwcyUzQSUyRiUyRnNjaXNhLmVzJTJGZnIlMkZpbnNwZWN0aW9uJTJGJTIzY29udHIlQzMlQjRsZS1yJUMzJUE5Z2xlbWVudGFpcmUlMjIlM0VPUkdBTklTTUUlMjBERSUyMENPTlRSJUMzJTk0TEUlMjBBR1IlQzMlODklQzMlODklMjAlMjhDT05UUiVDMyU5NExFJTIwUiVDMyU4OUdMRU1FTlRBSVJFJTI5JTNDJTJGYSUzRSUzQyUyRmxpJTNFJTBBJTNDbGklM0UlM0NhJTIwaHJlZiUzRCUyMmh0dHBzJTNBJTJGJTJGc2Npc2EuZXMlMkZmciUyRmluc3BlY3Rpb24lMkYlMjNjb3Jwcy1ub3RpZmklQzMlQTklMjIlM0VDT1JQUyUyME5PVElGSSVDMyU4OSUzQyUyRmElM0UlM0MlMkZsaSUzRSUwQSUzQ2xpJTNFJTNDYSUyMGhyZWYlM0QlMjJodHRwcyUzQSUyRiUyRnNjaXNhLmVzJTJGZnIlMkZpbnNwZWN0aW9uJTJGJTIzc291ZGFnZSUyMiUzRVNPVURVUkUlM0MlMkZhJTNFJTNDJTJGbGklM0UlMEElM0NsaSUzRSUzQ2ElMjBocmVmJTNEJTIyaHR0cHMlM0ElMkYlMkZzY2lzYS5lcyUyRmZyJTJGaW5zcGVjdGlvbiUyRiUyM20lQzMlQTl0cm9sb2dpZS1sJUMzJUE5Z2FsZSUyMiUzRU0lQzMlODlUUk9MT0dJRSUyMEwlQzMlODlHQUxFJTNDJTJGYSUzRSUzQyUyRmxpJTNFJTBBJTNDbGklM0UlM0NhJTIwaHJlZiUzRCUyMmh0dHBzJTNBJTJGJTJGc2Npc2EuZXMlMkZmciUyRmluc3BlY3Rpb24lMkYlMjNhZ2VuY2UtZGUtY29udHIlQzMlQjRsZSUyMiUzRUFHRU5DRSUyMERFJTIwQ09OVFIlQzMlOTRMRSUzQyUyRmElM0UlM0MlMkZsaSUzRSUwQSUzQ2xpJTNFJTNDYSUyMGhyZWYlM0QlMjJodHRwcyUzQSUyRiUyRnNjaXNhLmVzJTJGZnIlMkZpbnNwZWN0aW9uJTJGJTIzYXV0cmVzLXNlcnZpY2VzJTIyJTNFQVVUUkVTJTIwU0VSVklDRVMlM0MlMkZhJTNFJTNDJTJGbGklM0UlMEElM0NsaSUzRSUzQ2ElMjBocmVmJTNEJTIyaHR0cHMlM0ElMkYlMkZzY2lzYS5lcyUyRmZyJTJGaW5zcGVjdGlvbiUyRiUyM3R1bm5lbC1mcm9pZCUyMiUzRVRVTk5FTCUyMEZST0lEJTNDJTJGYSUzRSUzQyUyRmxpJTNFJTBBJTBBJTNDJTJGdWwlM0U=[\/vc_raw_html][vc_empty_space][vc_raw_html]PGg1PkNvbnRhY3QgYXZlYyBub3VzPC9oNT4=[\/vc_raw_html][vc_separator type=&#8221;normal&#8221; color=&#8221;#bcbcbc&#8221; thickness=&#8221;1&#8243; transparency=&#8221;0.4&#8243;][vc_widget_sidebar sidebar_id=&#8221;sidebar-blog&#8221;][\/vc_column][vc_column width=&#8221;3\/4&#8243;][vc_row_inner row_type=&#8221;row&#8221; type=&#8221;full_width&#8221; text_align=&#8221;left&#8221; css_animation=&#8221;&#8221; el_id=&#8221;inspection-industrielle&#8221;][vc_column_inner][\/vc_column_inner][\/vc_row_inner][qode_elements_holder background_color=&#8221;#ffffff&#8221; number_of_columns=&#8221;two_columns&#8221; switch_to_one_column=&#8221;768&#8243; alignment_one_column=&#8221;center&#8221;][qode_elements_holder_item vertical_alignment=&#8221;middle&#8221; horizontal_alignment=&#8221;center&#8221; advanced_animations=&#8221;no&#8221;][vc_single_image image=&#8221;59512&#8243; img_size=&#8221;full&#8221; qode_css_animation=&#8221;&#8221; el_class=&#8221;altura-plis&#8221;][\/qode_elements_holder_item][qode_elements_holder_item vertical_alignment=&#8221;middle&#8221; advanced_animations=&#8221;no&#8221; item_padding=&#8221;15px 35px 15px 35px&#8221;][vc_column_text] INSPECTION INDUSTRIELLE Parmi les t\u00e2ches que nous r\u00e9alisons&#8230;<\/p>\n","protected":false},"author":1,"featured_media":0,"parent":0,"menu_order":0,"comment_status":"closed","ping_status":"closed","template":"","meta":{"footnotes":""},"class_list":["post-58106","page","type-page","status-publish","hentry"],"_links":{"self":[{"href":"https:\/\/scisa.es\/fr\/wp-json\/wp\/v2\/pages\/58106","targetHints":{"allow":["GET"]}}],"collection":[{"href":"https:\/\/scisa.es\/fr\/wp-json\/wp\/v2\/pages"}],"about":[{"href":"https:\/\/scisa.es\/fr\/wp-json\/wp\/v2\/types\/page"}],"author":[{"embeddable":true,"href":"https:\/\/scisa.es\/fr\/wp-json\/wp\/v2\/users\/1"}],"replies":[{"embeddable":true,"href":"https:\/\/scisa.es\/fr\/wp-json\/wp\/v2\/comments?post=58106"}],"version-history":[{"count":0,"href":"https:\/\/scisa.es\/fr\/wp-json\/wp\/v2\/pages\/58106\/revisions"}],"wp:attachment":[{"href":"https:\/\/scisa.es\/fr\/wp-json\/wp\/v2\/media?parent=58106"}],"curies":[{"name":"wp","href":"https:\/\/api.w.org\/{rel}","templated":true}]}}