{"id":58117,"date":"2021-12-16T08:59:13","date_gmt":"2021-12-16T08:59:13","guid":{"rendered":"https:\/\/scisa.es\/inspection\/procedures-de-soudage-et-certifications-des-soudeurs\/"},"modified":"2023-01-25T13:19:07","modified_gmt":"2023-01-25T13:19:07","slug":"procedures-de-soudage-et-certifications-des-soudeurs","status":"publish","type":"page","link":"https:\/\/scisa.es\/fr\/inspection\/procedures-de-soudage-et-certifications-des-soudeurs\/","title":{"rendered":"Proc\u00e9dures de soudage et certifications des soudeurs"},"content":{"rendered":"<div class=\"wpb-content-wrapper\"><p>[vc_row css_animation=&#8221;&#8221; row_type=&#8221;row&#8221; use_row_as_full_screen_section=&#8221;no&#8221; type=&#8221;full_width&#8221; angled_section=&#8221;no&#8221; text_align=&#8221;left&#8221; background_image_as_pattern=&#8221;without_pattern&#8221;][vc_column width=&#8221;1\/4&#8243;][vc_raw_html]PGg1PkF1dHJlcyBzZXJ2aWNlcyBkJ0lOU1BFQ1RJT048L2g1Pg==[\/vc_raw_html][vc_separator type=&#8221;normal&#8221; color=&#8221;#bcbcbc&#8221; thickness=&#8221;1&#8243; transparency=&#8221;0.4&#8243;][vc_raw_html]JTNDdWwlMjBjbGFzcyUzRCUyMm1lbnUtbGF0ZXJhbCUyMiUzRSUwQSUzQ2xpJTIwY2xhc3MlM0QlMjJ2b2x2ZXIlMjIlM0UlM0NhJTIwaHJlZiUzRCUyMmh0dHBzJTNBJTJGJTJGc2Npc2EuZXMlMkZmciUyRmluc3BlY3Rpb24lMkYlMjIlM0UlM0NpJTIwY2xhc3MlM0QlMjJmYSUyMGZhLWJhY2t3YXJkJTIyJTIwYXJpYS1oaWRkZW4lM0QlMjJ0cnVlJTIyJTNFJTNDJTJGaSUzRSUyMCUyMElOU1BFQ1RJT04lM0MlMkZhJTNFJTNDJTJGbGklM0UlMEElM0NsaSUzRSUzQ2ElMjBocmVmJTNEJTIyaHR0cHMlM0ElMkYlMkZzY2lzYS5lcyUyRmZyJTJGaW5zcGVjdGlvbi1kZXMtc291ZHVyZXMtZXQtc291dGllbi10ZWNobmlxdWUlMkYlMjIlM0VJbnNwZWN0aW9uJTIwZGVzJTIwc291ZHVyZXMlMjBldCUyMHNvdXRpZW4lMjB0ZWNobmlxdWUlM0MlMkZhJTNFJTNDJTJGbGklM0UlMEElM0NsaSUyMGNsYXNzJTNEJTIyc2luLWVubGFjZSUyMiUzRVByb2MlQzMlQTlkdXJlcyUyMGRlJTIwc291ZGFnZSUyMGV0JTIwY2VydGlmaWNhdGlvbnMlMjBkZXMlMjBzb3VkZXVycyUyMCUyMCUzQyUyRmxpJTNFJTBBJTNDJTJGdWwlM0U=[\/vc_raw_html][vc_empty_space][vc_raw_html]PGg1PkNvbnRhY3QgYXZlYyBub3VzPC9oNT4=[\/vc_raw_html][vc_separator type=&#8221;normal&#8221; color=&#8221;#bcbcbc&#8221; thickness=&#8221;1&#8243; transparency=&#8221;0.4&#8243;][vc_widget_sidebar sidebar_id=&#8221;sidebar-blog&#8221;][\/vc_column][vc_column width=&#8221;3\/4&#8243;][vc_row_inner row_type=&#8221;row&#8221; type=&#8221;full_width&#8221; text_align=&#8221;left&#8221; css_animation=&#8221;&#8221; css=&#8221;.vc_custom_1639654729177{background-color: #ffffff !important;}&#8221;][vc_column_inner css=&#8221;.vc_custom_1639654809595{padding-right: 45px !important;padding-left: 45px !important;background-color: #ffffff !important;}&#8221;][vc_column_text]<\/p>\n<h2 class=\"internas-titul\">Proc\u00e9dures de soudage<\/h2>\n<p style=\"text-align: left;\">Chez <strong>SCI<\/strong>, nous effectuons l&#8217;homologation des <strong>proc\u00e9dures de soudage<\/strong> et la qualification des <strong>soudeurs<\/strong> selon les r\u00e9glementations requises par le client (Eurocodes, ASME IX, AWS et API).<\/p>\n<p><strong>Les activit\u00e9s que nous menons sont d\u00e9taill\u00e9es ci-dessous :<\/strong><\/p>\n<ul class=\"una-lista\">\n<li><i class=\"fa fa-arrow-circle-o-right\" aria-hidden=\"true\"><\/i> Examen et confirmation des tests obligatoires selon la norme\/code et des tests suppl\u00e9mentaires requis par les sp\u00e9cifications du client.<\/li>\n<li><i class=\"fa fa-arrow-circle-o-right\" aria-hidden=\"true\"><\/i> R\u00e9alisation de <a href=\"https:\/\/scisa.es\/ensayos-no-destructivos-y-laboratorio-metalurgico\/ensayos-no-destructivos\/\">contr\u00f4les non destructifs<\/a> (visuels, rayons X, ultrasons, ressuage, etc.).<\/li>\n<li><i class=\"fa fa-arrow-circle-o-right\" aria-hidden=\"true\"><\/i> <a href=\"https:\/\/scisa.es\/fr\/controles-non-destructifs-et-laboratoire-de-metallurgie\/laboratoire-de-metallurgie\/essais-mecaniques\/\">Essais m\u00e9caniques<\/a> (traction, flexion, rupture, impact, duret\u00e9, etc.)<\/li>\n<li><i class=\"fa fa-arrow-circle-o-right\" aria-hidden=\"true\"><\/i> <strong>Pr\u00e9paration de la documentation applicable :<\/strong> journaux des proc\u00e9dures (PQR\/WPQR), proc\u00e9dures de soudage (WPS) et qualification des soudeurs et des op\u00e9rateurs (WPQ).<\/li>\n<\/ul>\n<p><strong>SCI<\/strong>, en tant qu&#8217;organisme d&#8217;inspection accr\u00e9dit\u00e9 par l&#8217;<strong>ENAC<\/strong> et reconnu comme organisme notifi\u00e9 (num\u00e9ro 1438), est en mesure d&#8217;effectuer des essais (\u00e0 la fois non destructifs et destructifs) dans le cadre de cette accr\u00e9ditation et de <strong>d\u00e9livrer des documents d&#8217;approbation comme ON<\/strong>.[\/vc_column_text][vc_empty_space][\/vc_column_inner][\/vc_row_inner][vc_empty_space][vc_row_inner row_type=&#8221;row&#8221; type=&#8221;full_width&#8221; text_align=&#8221;left&#8221; css_animation=&#8221;&#8221; css=&#8221;.vc_custom_1639742702193{padding-right: 0px !important;padding-left: 25px !important;background-color: #ffffff !important;}&#8221;][vc_column_inner][vc_empty_space][vc_column_text]<\/p>\n<h2 class=\"internas-titul\">OBJECTIF DE LA QUALIFICATION DU PROC\u00c9D\u00c9 DE SOUDAGE<\/h2>\n<p>L&#8217;objectif de la qualification d&#8217;un <strong>proc\u00e9d\u00e9 de soudage<\/strong> est de s&#8217;assurer que les mat\u00e9riaux et les param\u00e8tres sont corrects pour <strong>produire des soudures de qualit\u00e9<\/strong> qui garantissent une <strong>r\u00e9sistance m\u00e9canique<\/strong> ad\u00e9quate.[\/vc_column_text][vc_empty_space][vc_column_text]<\/p>\n<h2 class=\"internas-titul\">OBJECTIF DE LA QUALIFICATION DES SOUDEURS<\/h2>\n<p>L&#8217;objectif de la qualification d&#8217;un<strong> soudeur<\/strong> est de v\u00e9rifier sa capacit\u00e9 \u00e0 produire des soudures de qualit\u00e9 en suivant une proc\u00e9dure qualifi\u00e9e.[\/vc_column_text][vc_empty_space][\/vc_column_inner][\/vc_row_inner][vc_row_inner row_type=&#8221;row&#8221; type=&#8221;full_width&#8221; text_align=&#8221;left&#8221; css_animation=&#8221;&#8221; css=&#8221;.vc_custom_1644508190883{padding-right: 0px !important;padding-left: 0px !important;background-color: #ffffff !important;}&#8221;][vc_column_inner css=&#8221;.vc_custom_1644508196568{padding-right: 0px !important;padding-left: 0px !important;}&#8221;][vc_gallery type=&#8221;image_grid&#8221; images=&#8221;56681,56683&#8243; img_size=&#8221;540&#215;300&#8243; column_number=&#8221;2&#8243; grayscale=&#8221;no&#8221; images_space=&#8221;gallery_without_space&#8221;][\/vc_column_inner][\/vc_row_inner][vc_empty_space][\/vc_column][\/vc_row][vc_row css_animation=&#8221;&#8221; row_type=&#8221;row&#8221; use_row_as_full_screen_section=&#8221;no&#8221; type=&#8221;full_width&#8221; angled_section=&#8221;no&#8221; text_align=&#8221;left&#8221; background_image_as_pattern=&#8221;without_pattern&#8221;][vc_column][vc_empty_space height=&#8221;64px&#8221;][\/vc_column][\/vc_row]<\/p>\n<\/div>","protected":false},"excerpt":{"rendered":"<p>[vc_row css_animation=&#8221;&#8221; row_type=&#8221;row&#8221; use_row_as_full_screen_section=&#8221;no&#8221; type=&#8221;full_width&#8221; angled_section=&#8221;no&#8221; text_align=&#8221;left&#8221; background_image_as_pattern=&#8221;without_pattern&#8221;][vc_column width=&#8221;1\/4&#8243;][vc_raw_html]PGg1PkF1dHJlcyBzZXJ2aWNlcyBkJ0lOU1BFQ1RJT048L2g1Pg==[\/vc_raw_html][vc_separator type=&#8221;normal&#8221; color=&#8221;#bcbcbc&#8221; thickness=&#8221;1&#8243; transparency=&#8221;0.4&#8243;][vc_raw_html]JTNDdWwlMjBjbGFzcyUzRCUyMm1lbnUtbGF0ZXJhbCUyMiUzRSUwQSUzQ2xpJTIwY2xhc3MlM0QlMjJ2b2x2ZXIlMjIlM0UlM0NhJTIwaHJlZiUzRCUyMmh0dHBzJTNBJTJGJTJGc2Npc2EuZXMlMkZmciUyRmluc3BlY3Rpb24lMkYlMjIlM0UlM0NpJTIwY2xhc3MlM0QlMjJmYSUyMGZhLWJhY2t3YXJkJTIyJTIwYXJpYS1oaWRkZW4lM0QlMjJ0cnVlJTIyJTNFJTNDJTJGaSUzRSUyMCUyMElOU1BFQ1RJT04lM0MlMkZhJTNFJTNDJTJGbGklM0UlMEElM0NsaSUzRSUzQ2ElMjBocmVmJTNEJTIyaHR0cHMlM0ElMkYlMkZzY2lzYS5lcyUyRmZyJTJGaW5zcGVjdGlvbi1kZXMtc291ZHVyZXMtZXQtc291dGllbi10ZWNobmlxdWUlMkYlMjIlM0VJbnNwZWN0aW9uJTIwZGVzJTIwc291ZHVyZXMlMjBldCUyMHNvdXRpZW4lMjB0ZWNobmlxdWUlM0MlMkZhJTNFJTNDJTJGbGklM0UlMEElM0NsaSUyMGNsYXNzJTNEJTIyc2luLWVubGFjZSUyMiUzRVByb2MlQzMlQTlkdXJlcyUyMGRlJTIwc291ZGFnZSUyMGV0JTIwY2VydGlmaWNhdGlvbnMlMjBkZXMlMjBzb3VkZXVycyUyMCUyMCUzQyUyRmxpJTNFJTBBJTNDJTJGdWwlM0U=[\/vc_raw_html][vc_empty_space][vc_raw_html]PGg1PkNvbnRhY3QgYXZlYyBub3VzPC9oNT4=[\/vc_raw_html][vc_separator type=&#8221;normal&#8221; color=&#8221;#bcbcbc&#8221; thickness=&#8221;1&#8243; transparency=&#8221;0.4&#8243;][vc_widget_sidebar sidebar_id=&#8221;sidebar-blog&#8221;][\/vc_column][vc_column width=&#8221;3\/4&#8243;][vc_row_inner row_type=&#8221;row&#8221; type=&#8221;full_width&#8221; text_align=&#8221;left&#8221; css_animation=&#8221;&#8221; css=&#8221;.vc_custom_1639654729177{background-color: #ffffff !important;}&#8221;][vc_column_inner css=&#8221;.vc_custom_1639654809595{padding-right: 45px !important;padding-left: 45px !important;background-color: #ffffff !important;}&#8221;][vc_column_text] Proc\u00e9dures de soudage Chez SCI, nous effectuons l&#8217;homologation des proc\u00e9dures de soudage&#8230;<\/p>\n","protected":false},"author":1,"featured_media":0,"parent":58106,"menu_order":0,"comment_status":"closed","ping_status":"closed","template":"","meta":{"footnotes":""},"class_list":["post-58117","page","type-page","status-publish","hentry"],"_links":{"self":[{"href":"https:\/\/scisa.es\/fr\/wp-json\/wp\/v2\/pages\/58117","targetHints":{"allow":["GET"]}}],"collection":[{"href":"https:\/\/scisa.es\/fr\/wp-json\/wp\/v2\/pages"}],"about":[{"href":"https:\/\/scisa.es\/fr\/wp-json\/wp\/v2\/types\/page"}],"author":[{"embeddable":true,"href":"https:\/\/scisa.es\/fr\/wp-json\/wp\/v2\/users\/1"}],"replies":[{"embeddable":true,"href":"https:\/\/scisa.es\/fr\/wp-json\/wp\/v2\/comments?post=58117"}],"version-history":[{"count":0,"href":"https:\/\/scisa.es\/fr\/wp-json\/wp\/v2\/pages\/58117\/revisions"}],"up":[{"embeddable":true,"href":"https:\/\/scisa.es\/fr\/wp-json\/wp\/v2\/pages\/58106"}],"wp:attachment":[{"href":"https:\/\/scisa.es\/fr\/wp-json\/wp\/v2\/media?parent=58117"}],"curies":[{"name":"wp","href":"https:\/\/api.w.org\/{rel}","templated":true}]}}