{"id":58118,"date":"2021-12-16T09:11:04","date_gmt":"2021-12-16T09:11:04","guid":{"rendered":"https:\/\/scisa.es\/delivrance-des-certificats-de-verification-radiologique-des-equipements\/"},"modified":"2023-01-23T16:27:14","modified_gmt":"2023-01-23T16:27:14","slug":"delivrance-des-certificats-de-verification-radiologique-des-equipements","status":"publish","type":"page","link":"https:\/\/scisa.es\/fr\/departement-de-la-radioprotection\/delivrance-des-certificats-de-verification-radiologique-des-equipements\/","title":{"rendered":"D\u00e9livrance des certificats de v\u00e9rification radiologique des \u00e9quipements"},"content":{"rendered":"<div class=\"wpb-content-wrapper\"><p>[vc_row css_animation=&#8221;&#8221; row_type=&#8221;row&#8221; use_row_as_full_screen_section=&#8221;no&#8221; type=&#8221;full_width&#8221; angled_section=&#8221;no&#8221; text_align=&#8221;left&#8221; background_image_as_pattern=&#8221;without_pattern&#8221;][vc_column width=&#8221;1\/4&#8243;][vc_raw_html]PGg1PkF1dHJlcyBzZXJ2aWNlcyBJTlNQRUNUSU9OPC9oNT4=[\/vc_raw_html][vc_separator type=&#8221;normal&#8221; color=&#8221;#bcbcbc&#8221; thickness=&#8221;1&#8243; transparency=&#8221;0.4&#8243;][vc_raw_html]JTNDdWwlMjBjbGFzcyUzRCUyMm1lbnUtbGF0ZXJhbCUyMiUzRSUwQSUzQ2xpJTIwY2xhc3MlM0QlMjJ2b2x2ZXIlMjIlM0UlM0NhJTIwaHJlZiUzRCUyMmh0dHBzJTNBJTJGJTJGc2Npc2EuZXMlMkZmciUyRmRlcGFydGVtZW50LWRlLWxhLXJhZGlvcHJvdGVjdGlvbiUyRiUyMiUzRSUzQ2klMjBjbGFzcyUzRCUyMmZhJTIwZmEtYmFja3dhcmQlMjIlMjBhcmlhLWhpZGRlbiUzRCUyMnRydWUlMjIlM0UlM0MlMkZpJTNFJTIwJTIwU0VSVklDRSUyMERFJTIwUkFESU9QUk9URUNUSU9OJTNDJTJGYSUzRSUzQyUyRmxpJTNFJTBBJTBBJTNDbGklM0UlM0NhJTIwaHJlZiUzRCUyMmh0dHBzJTNBJTJGJTJGc2Npc2EuZXMlMkZmciUyRmRlcGFydGVtZW50LWRlLWxhLXJhZGlvcHJvdGVjdGlvbiUyRnNlcnZpY2UtZGluc3RhbGxhdGlvbi1kZS1yYWRpb2dyYXBoaWVzLWEtZGVzLWZpbnMtbWVkaWNhbGVzLWV0LWRpYWdub3N0aXF1ZXMlMkYlMjIlM0UlMjAlMjBTRVJWSUNFJTIwRCUyN0lOU1RBTExBVElPTlMlMjBERSUyMFJBRElPTE9HSUUlMjAlQzMlODAlMjBERVMlMjBGSU5TJTIwREUlMjBESUFHTk9TVElDJTIwTSVDMyU4OURJQ0FMJTNDJTJGYSUzRSUzQyUyRmxpJTNFJTBBJTNDbGklMjBjbGFzcyUzRCUyMnNpbi1lbmxhY2UlMjIlM0UlMjAlMjBEJUMzJTg5TElWUkFOQ0UlMjBERVMlMjBDRVJUSUZJQ0FUUyUyMERFJTIwViVDMyU4OVJJRklDQVRJT04lMjBSQURJT0xPR0lRVUUlMjBERVMlMjAlQzMlODlRVUlQRU1FTlRTJTNDJTJGbGklM0UlMEElM0MlMkZ1bCUzRQ==[\/vc_raw_html][vc_empty_space][vc_raw_html]PGg1PkNvbnRhY3QgYXZlYyBub3VzPC9oNT4=[\/vc_raw_html][vc_separator type=&#8221;normal&#8221; color=&#8221;#bcbcbc&#8221; thickness=&#8221;1&#8243; transparency=&#8221;0.4&#8243;][vc_widget_sidebar sidebar_id=&#8221;sidebar-blog&#8221;][\/vc_column][vc_column width=&#8221;3\/4&#8243;][vc_row_inner row_type=&#8221;row&#8221; type=&#8221;full_width&#8221; text_align=&#8221;left&#8221; css_animation=&#8221;&#8221; css=&#8221;.vc_custom_1639654729177{background-color: #ffffff !important;}&#8221;][vc_column_inner css=&#8221;.vc_custom_1639654809595{padding-right: 45px !important;padding-left: 45px !important;background-color: #ffffff !important;}&#8221;][vc_column_text]<\/p>\n<h2 class=\"internas-titul\">D\u00c9LIVRANCE DES CERTIFICATS DE V\u00c9RIFICATION RADIOLOGIQUE DES \u00c9QUIPEMENTS<\/h2>\n<p>L&#8217;<strong>UTPR<\/strong> de <a href=\"https:\/\/scisa.es\/fr\/\" target=\"_blank\" rel=\"noopener\">SCI<\/a> exerce une autre activit\u00e9, en plus de celles d\u00e9j\u00e0 vues dans les <a href=\"https:\/\/scisa.es\/Servicios-a-instalaciones-de-rayos-x-con-fines-de-diagnostico-medico\/\" target=\"_blank\" rel=\"noopener\">services d&#8217;installations radiologiques<\/a>, qui est la v\u00e9rification radiologique des \u00e9quipements pour l&#8217;obtention de l&#8217;homologation en tant qu&#8217;appareil radioactif.[\/vc_column_text][vc_empty_space][\/vc_column_inner][\/vc_row_inner][vc_row_inner row_type=&#8221;row&#8221; type=&#8221;full_width&#8221; text_align=&#8221;left&#8221; css_animation=&#8221;&#8221; css=&#8221;.vc_custom_1643712262796{padding-right: 0px !important;padding-left: 0px !important;}&#8221;][vc_column_inner css=&#8221;.vc_custom_1643712305357{padding-right: 0px !important;padding-left: 0px !important;}&#8221;][vc_gallery type=&#8221;image_grid&#8221; images=&#8221;56455,56457&#8243; img_size=&#8221;full&#8221; column_number=&#8221;2&#8243; grayscale=&#8221;no&#8221; images_space=&#8221;gallery_without_space&#8221;][\/vc_column_inner][\/vc_row_inner][vc_empty_space][vc_row_inner row_type=&#8221;row&#8221; type=&#8221;full_width&#8221; text_align=&#8221;left&#8221; css_animation=&#8221;&#8221; css=&#8221;.vc_custom_1639742702193{padding-right: 0px !important;padding-left: 25px !important;background-color: #ffffff !important;}&#8221;][vc_column_inner][vc_empty_space][vc_column_text]Selon les dispositions de la &#8220;<strong>Le r\u00e8glement sur les installations nucl\u00e9aires et radioactives<\/strong>&#8221; (<a href=\"https:\/\/www.boe.es\/diario_boe\/txt.php?id=BOE-A-1999-24924\" target=\"_blank\" rel=\"noopener\">R.D. 1836\/1999<\/a> et sa modification <a href=\"https:\/\/www.boe.es\/diario_boe\/txt.php?id=BOE-A-2008-2935\" target=\"_blank\" rel=\"noopener\">R.D. 35\/2008<\/a>), pour approuver le type d&#8217;appareil radioactif incorporant des substances radioactives ou g\u00e9n\u00e9rant des rayonnements ionisants, en vue de son exemption en tant qu&#8217;installation radioactive, l&#8217;un des points suivants s&#8217;applique <strong>conditions<\/strong> \u00e0 respecter est de fournir, dans la demande d&#8217;homologation, une documentation accr\u00e9ditant les r\u00e9sultats obtenus lors des essais v\u00e9rifi\u00e9s avec le prototype, en ce qui concerne les conditions de radioprotection.<\/p>\n<p>Les <strong>tests que l&#8217;UTPR du SCI effectue<\/strong> sur les prototypes consistent principalement en.. :<\/p>\n<ul class=\"una-lista\">\n<li><i class=\"fa fa-arrow-circle-o-right\" aria-hidden=\"true\"><\/i> Mesure des <strong>niveaux de rayonnement<\/strong>: l&#8217;appareil <strong>ne<\/strong> doit <strong>pas pr\u00e9senter<\/strong>, dans des conditions normales de fonctionnement, un <strong>d\u00e9bit de dose sup\u00e9rieur \u00e0 1 \u00b5Sv\/h<\/strong> en tout point situ\u00e9 \u00e0 moins de <strong>0,1 m<\/strong> de la surface accessible de l&#8217;appareil.<\/li>\n<li><i class=\"fa fa-arrow-circle-o-right\" aria-hidden=\"true\"><\/i> V\u00e9rifier le fonctionnement des syst\u00e8mes de s\u00e9curit\u00e9.<\/li>\n<li><i class=\"fa fa-arrow-circle-o-right\" aria-hidden=\"true\"><\/i> V\u00e9rification de la signalisation.<\/li>\n<\/ul>\n<p>[\/vc_column_text][vc_empty_space][\/vc_column_inner][\/vc_row_inner][vc_empty_space][\/vc_column][\/vc_row][vc_row css_animation=&#8221;&#8221; row_type=&#8221;row&#8221; use_row_as_full_screen_section=&#8221;no&#8221; type=&#8221;full_width&#8221; angled_section=&#8221;no&#8221; text_align=&#8221;left&#8221; background_image_as_pattern=&#8221;without_pattern&#8221;][vc_column][vc_empty_space height=&#8221;64px&#8221;][\/vc_column][\/vc_row]<\/p>\n<\/div>","protected":false},"excerpt":{"rendered":"<p>[vc_row css_animation=&#8221;&#8221; row_type=&#8221;row&#8221; use_row_as_full_screen_section=&#8221;no&#8221; type=&#8221;full_width&#8221; angled_section=&#8221;no&#8221; text_align=&#8221;left&#8221; background_image_as_pattern=&#8221;without_pattern&#8221;][vc_column width=&#8221;1\/4&#8243;][vc_raw_html]PGg1PkF1dHJlcyBzZXJ2aWNlcyBJTlNQRUNUSU9OPC9oNT4=[\/vc_raw_html][vc_separator type=&#8221;normal&#8221; color=&#8221;#bcbcbc&#8221; thickness=&#8221;1&#8243; transparency=&#8221;0.4&#8243;][vc_raw_html]JTNDdWwlMjBjbGFzcyUzRCUyMm1lbnUtbGF0ZXJhbCUyMiUzRSUwQSUzQ2xpJTIwY2xhc3MlM0QlMjJ2b2x2ZXIlMjIlM0UlM0NhJTIwaHJlZiUzRCUyMmh0dHBzJTNBJTJGJTJGc2Npc2EuZXMlMkZmciUyRmRlcGFydGVtZW50LWRlLWxhLXJhZGlvcHJvdGVjdGlvbiUyRiUyMiUzRSUzQ2klMjBjbGFzcyUzRCUyMmZhJTIwZmEtYmFja3dhcmQlMjIlMjBhcmlhLWhpZGRlbiUzRCUyMnRydWUlMjIlM0UlM0MlMkZpJTNFJTIwJTIwU0VSVklDRSUyMERFJTIwUkFESU9QUk9URUNUSU9OJTNDJTJGYSUzRSUzQyUyRmxpJTNFJTBBJTBBJTNDbGklM0UlM0NhJTIwaHJlZiUzRCUyMmh0dHBzJTNBJTJGJTJGc2Npc2EuZXMlMkZmciUyRmRlcGFydGVtZW50LWRlLWxhLXJhZGlvcHJvdGVjdGlvbiUyRnNlcnZpY2UtZGluc3RhbGxhdGlvbi1kZS1yYWRpb2dyYXBoaWVzLWEtZGVzLWZpbnMtbWVkaWNhbGVzLWV0LWRpYWdub3N0aXF1ZXMlMkYlMjIlM0UlMjAlMjBTRVJWSUNFJTIwRCUyN0lOU1RBTExBVElPTlMlMjBERSUyMFJBRElPTE9HSUUlMjAlQzMlODAlMjBERVMlMjBGSU5TJTIwREUlMjBESUFHTk9TVElDJTIwTSVDMyU4OURJQ0FMJTNDJTJGYSUzRSUzQyUyRmxpJTNFJTBBJTNDbGklMjBjbGFzcyUzRCUyMnNpbi1lbmxhY2UlMjIlM0UlMjAlMjBEJUMzJTg5TElWUkFOQ0UlMjBERVMlMjBDRVJUSUZJQ0FUUyUyMERFJTIwViVDMyU4OVJJRklDQVRJT04lMjBSQURJT0xPR0lRVUUlMjBERVMlMjAlQzMlODlRVUlQRU1FTlRTJTNDJTJGbGklM0UlMEElM0MlMkZ1bCUzRQ==[\/vc_raw_html][vc_empty_space][vc_raw_html]PGg1PkNvbnRhY3QgYXZlYyBub3VzPC9oNT4=[\/vc_raw_html][vc_separator type=&#8221;normal&#8221; color=&#8221;#bcbcbc&#8221; thickness=&#8221;1&#8243; transparency=&#8221;0.4&#8243;][vc_widget_sidebar sidebar_id=&#8221;sidebar-blog&#8221;][\/vc_column][vc_column width=&#8221;3\/4&#8243;][vc_row_inner row_type=&#8221;row&#8221; type=&#8221;full_width&#8221; text_align=&#8221;left&#8221; css_animation=&#8221;&#8221; css=&#8221;.vc_custom_1639654729177{background-color: #ffffff !important;}&#8221;][vc_column_inner css=&#8221;.vc_custom_1639654809595{padding-right: 45px !important;padding-left: 45px !important;background-color: #ffffff !important;}&#8221;][vc_column_text] D\u00c9LIVRANCE DES CERTIFICATS DE V\u00c9RIFICATION RADIOLOGIQUE DES \u00c9QUIPEMENTS L&#8217;UTPR de SCI exerce&#8230;<\/p>\n","protected":false},"author":1,"featured_media":0,"parent":58331,"menu_order":0,"comment_status":"closed","ping_status":"closed","template":"","meta":{"footnotes":""},"class_list":["post-58118","page","type-page","status-publish","hentry"],"_links":{"self":[{"href":"https:\/\/scisa.es\/fr\/wp-json\/wp\/v2\/pages\/58118","targetHints":{"allow":["GET"]}}],"collection":[{"href":"https:\/\/scisa.es\/fr\/wp-json\/wp\/v2\/pages"}],"about":[{"href":"https:\/\/scisa.es\/fr\/wp-json\/wp\/v2\/types\/page"}],"author":[{"embeddable":true,"href":"https:\/\/scisa.es\/fr\/wp-json\/wp\/v2\/users\/1"}],"replies":[{"embeddable":true,"href":"https:\/\/scisa.es\/fr\/wp-json\/wp\/v2\/comments?post=58118"}],"version-history":[{"count":0,"href":"https:\/\/scisa.es\/fr\/wp-json\/wp\/v2\/pages\/58118\/revisions"}],"up":[{"embeddable":true,"href":"https:\/\/scisa.es\/fr\/wp-json\/wp\/v2\/pages\/58331"}],"wp:attachment":[{"href":"https:\/\/scisa.es\/fr\/wp-json\/wp\/v2\/media?parent=58118"}],"curies":[{"name":"wp","href":"https:\/\/api.w.org\/{rel}","templated":true}]}}