{"id":58120,"date":"2021-12-01T10:17:15","date_gmt":"2021-12-01T10:17:15","guid":{"rendered":"https:\/\/scisa.es\/controle-non-destructif\/inspection-ultrasonique-de-la-corrosion\/"},"modified":"2023-02-21T10:54:24","modified_gmt":"2023-02-21T10:54:24","slug":"inspection-ultrasonique-de-la-corrosion","status":"publish","type":"page","link":"https:\/\/scisa.es\/fr\/controles-non-destructifs-et-laboratoire-de-metallurgie\/essais-non-destructifs\/inspection-ultrasonique-de-la-corrosion","title":{"rendered":"Inspection ultrasonique de la corrosion"},"content":{"rendered":"<div class=\"wpb-content-wrapper\"><p>[vc_row css_animation=&#8221;&#8221; row_type=&#8221;row&#8221; use_row_as_full_screen_section=&#8221;no&#8221; type=&#8221;full_width&#8221; angled_section=&#8221;no&#8221; text_align=&#8221;left&#8221; background_image_as_pattern=&#8221;without_pattern&#8221;][vc_column width=&#8221;1\/4&#8243;][vc_raw_html]PGg1PkF1dHJlcyBzZXJ2aWNlcyBkZSBDTkQ8L2g1Pg==[\/vc_raw_html][vc_separator type=&#8221;normal&#8221; color=&#8221;#bcbcbc&#8221; thickness=&#8221;1&#8243; transparency=&#8221;0.4&#8243;][vc_raw_html]JTNDdWwlMjBjbGFzcyUzRCUyMm1lbnUtbGF0ZXJhbCUyMiUzRSUwQSUzQ2xpJTIwY2xhc3MlM0QlMjJ2b2x2ZXIlMjIlM0UlM0NhJTIwaHJlZiUzRCUyMmh0dHBzJTNBJTJGJTJGc2Npc2EuZXMlMkZmciUyRmNvbnRyb2xlcy1ub24tZGVzdHJ1Y3RpZnMtZXQtbGFib3JhdG9pcmUtZGUtbWV0YWxsdXJnaWUlMkYlMjIlM0UlM0NpJTIwY2xhc3MlM0QlMjJmYSUyMGZhLWJhY2t3YXJkJTIyJTIwYXJpYS1oaWRkZW4lM0QlMjJ0cnVlJTIyJTNFJTNDJTJGaSUzRSUyMCUyMExBQk9SQVRPSVJFJTIwRCUyN0VTU0FJUyUyME5PTiUyMERFU1RSVUNUSUZTJTIwRVQlMjBNJUMzJTg5VEFMTFVSR0lRVUVTJTNDJTJGYSUzRSUzQyUyRmxpJTNFJTBBJTBBJTNDbGklM0UlM0NhJTIwaHJlZiUzRCUyMmh0dHBzJTNBJTJGJTJGc2Npc2EuZXMlMkZmciUyRmNvbnRyb2xlcy1ub24tZGVzdHJ1Y3RpZnMtZXQtbGFib3JhdG9pcmUtZGUtbWV0YWxsdXJnaWUlMkZlc3NhaXMtbm9uLWRlc3RydWN0aWZzJTJGY29udHJvbGVzLXBhci1yYWRpb2dyYXBoaWUtaW5kdXN0cmllbGxlJTJGJTIyJTNFRXNzYWlzJTIwZGUlMjByYWRpb2dyYXBoaWUlMjBpbmR1c3RyaWVsbGUlM0MlMkZhJTNFJTNDJTJGbGklM0UlMEElMEElM0NsaSUzRSUzQ2ElMjBocmVmJTNEJTIyaHR0cHMlM0ElMkYlMkZzY2lzYS5lcyUyRmZyJTJGY29udHJvbGVzLW5vbi1kZXN0cnVjdGlmcy1ldC1sYWJvcmF0b2lyZS1kZS1tZXRhbGx1cmdpZSUyRmVzc2Fpcy1ub24tZGVzdHJ1Y3RpZnMlMkZjb250cm9sZXMtcGFyLXVsdHJhc29ucyUyRiUyMiUzRUNvbnRyb2xlcyUyMHBhciUyMFVsdHJhc29ucyUzQyUyRmElM0UlM0MlMkZsaSUzRSUwQSUwQSUzQ2xpJTNFJTNDYSUyMGhyZWYlM0QlMjJodHRwcyUzQSUyRiUyRnNjaXNhLmVzJTJGZnIlMkZjb250cm9sZXMtbm9uLWRlc3RydWN0aWZzLWV0LWxhYm9yYXRvaXJlLWRlLW1ldGFsbHVyZ2llJTJGZXNzYWlzLW5vbi1kZXN0cnVjdGlmcyUyRmNvbnRyb2xlLXBhci1tYWduZXRvc2NvcGllJTJGJTIyJTNFVGVzdCUyMGRlJTIwcGFydGljdWxlcyUyMG1hZ24lQzMlQTl0aXF1ZXMlM0MlMkZhJTNFJTNDJTJGbGklM0UlMEElMEElM0NsaSUzRSUzQ2ElMjBocmVmJTNEJTIyaHR0cHMlM0ElMkYlMkZzY2lzYS5lcyUyRmZyJTJGY29udHJvbGVzLW5vbi1kZXN0cnVjdGlmcy1ldC1sYWJvcmF0b2lyZS1kZS1tZXRhbGx1cmdpZSUyRmVzc2Fpcy1ub24tZGVzdHJ1Y3RpZnMlMkZjb250cm9sZS1wYXItcmVzc3VhZ2UlMkYlMjIlM0VDb250ciVDMyVCNGxlJTIwcGFyJTIwcmVzc3VhZ2UlM0MlMkZhJTNFJTNDJTJGbGklM0UlMEElMEElM0NsaSUzRSUzQ2ElMjBocmVmJTNEJTIyaHR0cHMlM0ElMkYlMkZzY2lzYS5lcyUyRmZyJTJGY29udHJvbGVzLW5vbi1kZXN0cnVjdGlmcy1ldC1sYWJvcmF0b2lyZS1kZS1tZXRhbGx1cmdpZSUyRmVzc2Fpcy1ub24tZGVzdHJ1Y3RpZnMlMkZlc3NhaXMtcGFyLWNvdXJhbnRzLWRlLWZvdWNhdWx0JTJGJTIyJTNFRXNzYWlzJTIwcGFyJTIwY291cmFudHMlMjBkZSUyMEZvdWNhdWx0JTNDJTJGYSUzRSUzQyUyRmxpJTNFJTBBJTBBJTNDbGklM0UlM0NhJTIwaHJlZiUzRCUyMmh0dHBzJTNBJTJGJTJGc2Npc2EuZXMlMkZmciUyRmNvbnRyb2xlcy1ub24tZGVzdHJ1Y3RpZnMtZXQtbGFib3JhdG9pcmUtZGUtbWV0YWxsdXJnaWUlMkZlc3NhaXMtbm9uLWRlc3RydWN0aWZzJTJGdGVzdC1kZS1mdWl0ZS1hLWxoZWxpdW0lMkYlMjIlM0VUZXN0JTIwZGUlMjBmdWl0ZSUyMCVDMyVBMCUyMGwlMjdoJUMzJUE5bGl1bSUzQyUyRmElM0UlM0MlMkZsaSUzRSUwQSUwQSUzQ2xpJTNFJTNDYSUyMGhyZWYlM0QlMjJodHRwcyUzQSUyRiUyRnNjaXNhLmVzJTJGZnIlMkZjb250cm9sZXMtbm9uLWRlc3RydWN0aWZzLWV0LWxhYm9yYXRvaXJlLWRlLW1ldGFsbHVyZ2llJTJGZXNzYWlzLW5vbi1kZXN0cnVjdGlmcyUyRmluc3BlY3Rpb24tZGVzLXNvdWR1cmVzLWRlcy10b3Vycy1lb2xpZW5uZXMlMkYlMjIlM0UlMjAlMjBJbnNwZWN0aW9uJTIwZGVzJTIwc291ZHVyZXMlMjBkZXMlMjB0b3VycyUyMGQlMjclQzMlQTlvbGllbm5lcyUzQyUyRmElM0UlM0MlMkZsaSUzRSUwQSUwQSUwQSUzQ2xpJTIwY2xhc3MlM0QlMjJzaW4tZW5sYWNlJTIyJTNFSW5zcGVjdGlvbiUyMHVsdHJhc29uaXF1ZSUyMGRlJTIwbGElMjBjb3Jyb3Npb24lM0MlMkZsaSUzRSUwQSUwQSUwQSUzQ2xpJTNFJTNDYSUyMGhyZWYlM0QlMjJodHRwcyUzQSUyRiUyRnNjaXNhLmVzJTJGZnIlMkZjb250cm9sZXMtbm9uLWRlc3RydWN0aWZzLWV0LWxhYm9yYXRvaXJlLWRlLW1ldGFsbHVyZ2llJTJGZXNzYWlzLW5vbi1kZXN0cnVjdGlmcyUyRmF1dHJlcy1lc3NhaXMtbm9uLWRlc3RydWN0aWZzJTJGJTIyJTNFQXV0cmVzJTIwZXNzYWlzJTIwbm9uJTIwZGVzdHJ1Y3RpZnMlM0MlMkZhJTNFJTNDJTJGbGklM0UlMEElMEElM0NsaSUzRSUzQ2ElMjBocmVmJTNEJTIyaHR0cHMlM0ElMkYlMkZzY2lzYS5lcyUyRmZyJTJGY29udHJvbGVzLW5vbi1kZXN0cnVjdGlmcy1ldC1sYWJvcmF0b2lyZS1kZS1tZXRhbGx1cmdpZSUyRmVzc2Fpcy1ub24tZGVzdHJ1Y3RpZnMlMkZlc3NhaXMtYXBwbGlxdWVzLWF1eC1waXBlbGluZXMtZXQtYXV4LWdyYW5kcy1yZXNlcnZvaXJzLWRlLXN0b2NrYWdlJTJGJTIyJTNFRXNzYWlzJTIwYXBwbGlxdSVDMyVBOXMlMjBhdXglMjBwaXBlbGluZXMlMjBldCUyMGF1eCUyMGdyYW5kcyUyMHIlQzMlQTlzZXJ2b2lycyUyMGRlJTIwc3RvY2thZ2UlM0MlMkZhJTNFJTBBJTNDJTJGbGklM0UlMEElM0MlMkZ1bCUzRQ==[\/vc_raw_html][vc_empty_space][vc_raw_html]PGg1PkNvbnRhY3QgYXZlYyBub3VzPC9oNT4=[\/vc_raw_html][vc_separator type=&#8221;normal&#8221; color=&#8221;#bcbcbc&#8221; thickness=&#8221;1&#8243; transparency=&#8221;0.4&#8243;][vc_widget_sidebar sidebar_id=&#8221;sidebar-blog&#8221;][\/vc_column][vc_column width=&#8221;3\/4&#8243;][vc_row_inner row_type=&#8221;row&#8221; type=&#8221;full_width&#8221; text_align=&#8221;left&#8221; css_animation=&#8221;&#8221; css=&#8221;.vc_custom_1644319921580{padding-bottom: 32px !important;background-color: #ffffff !important;}&#8221;][vc_column_inner css=&#8221;.vc_custom_1639654809595{padding-right: 45px !important;padding-left: 45px !important;background-color: #ffffff !important;}&#8221;][vc_column_text]<\/p>\n<h2 class=\"internas-titul\">CONTR\u00d4LE DE LA CORROSION PAR ULTRASONS<\/h2>\n<p>Au cours du <strong>processus de production<\/strong>, les industries sont expos\u00e9es \u00e0 un probl\u00e8me particuli\u00e8rement important : les <strong>surfaces m\u00e9talliques des tuyaux<\/strong>, des chaudi\u00e8res et des r\u00e9servoirs sont soumises \u00e0 la corrosion. La corrosion est un processus qui d\u00e9t\u00e9riore le mat\u00e9riau, r\u00e9duit l&#8217;\u00e9paisseur initiale du m\u00e9tal et peut entra\u00eener des fuites ou des pertes de mat\u00e9riau ou de fluide.<\/p>\n<p>La corrosion <strong>n&#8217;est souvent pas d\u00e9tectable par une inspection visuelle<\/strong>, car il faudrait pour cela couper ou d\u00e9monter le tuyau, la chaudi\u00e8re ou le r\u00e9servoir. Si on les laisse agir sans les d\u00e9tecter au fil du temps, ils affaiblissent les surfaces et risquent de provoquer de graves d\u00e9faillances structurelles. La s\u00e9curit\u00e9 et les consid\u00e9rations \u00e9conomiques exigent que les structures en acier soient inspect\u00e9es r\u00e9guli\u00e8rement.<br \/>\n[\/vc_column_text][vc_column_text]<\/p>\n<div class=\"wpb_text_column wpb_content_element \">\n<div class=\"wpb_wrapper\">\n<p>Les <a href=\"https:\/\/scisa.es\/fr\/controles-non-destructifs-et-laboratoire-de-metallurgie\/essais-non-destructifs\/controles-par-ultrasons\">ultrasons<\/a> sont une m\u00e9thode non destructive que nous utilisons chez <a href=\"https:\/\/scisa.es\/fr\/\">SCI, Control &amp; Inspection<\/a> pour effectuer cette inspection, qui est tr\u00e8s efficace. Les contr\u00f4les par ultrasons sont effectu\u00e9s \u00e0 l&#8217;aide de techniques d&#8217;enregistrement par \u00e9cho d&#8217;impulsion ou par r\u00e9seau phas\u00e9.<\/p>\n<\/div>\n<\/div>\n<p>[\/vc_column_text][\/vc_column_inner][\/vc_row_inner][vc_row_inner row_type=&#8221;row&#8221; type=&#8221;full_width&#8221; text_align=&#8221;left&#8221; css_animation=&#8221;&#8221; css=&#8221;.vc_custom_1644320002910{margin-top: 32px !important;}&#8221;][vc_column_inner css=&#8221;.vc_custom_1644320117965{padding-right: 0px !important;padding-left: 0px !important;}&#8221;][vc_single_image image=&#8221;56575&#8243; img_size=&#8221;full&#8221; alignment=&#8221;center&#8221; qode_css_animation=&#8221;&#8221; css=&#8221;.vc_custom_1644320087440{margin-top: 0px !important;margin-right: 0px !important;margin-bottom: 0px !important;margin-left: 0px !important;border-top-width: 0px !important;border-right-width: 0px !important;border-bottom-width: 0px !important;border-left-width: 0px !important;padding-top: 0px !important;padding-right: 0px !important;padding-bottom: 0px !important;padding-left: 0px !important;}&#8221;][\/vc_column_inner][\/vc_row_inner][vc_row_inner row_type=&#8221;row&#8221; type=&#8221;full_width&#8221; text_align=&#8221;left&#8221; css_animation=&#8221;&#8221; css=&#8221;.vc_custom_1644319603454{margin-top: 32px !important;padding-right: 0px !important;padding-left: 25px !important;background-color: #ffffff !important;}&#8221;][vc_column_inner][vc_empty_space][vc_column_text]<\/p>\n<h2 class=\"internas-titul\">Applications de l&#8217;inspection ultrasonique de la corrosion<\/h2>\n<p>Les applications de l&#8217;inspection ultrasonique de la corrosion utilisant les techniques d&#8217;enregistrement par \u00e9cho d&#8217;impulsion ou par r\u00e9seau phas\u00e9 sont les suivantes :<\/p>\n<p><strong>Cuves ou r\u00e9servoirs de stockage :<\/strong><br \/>\n<em>(\u00e0 l&#8217;aide d&#8217;un crawler magn\u00e9tique)<\/em><\/p>\n<ul class=\"lista-interna\">\n<li><i class=\"fa fa-angle-right\" aria-hidden=\"true\"><\/i> Inspection syst\u00e9matique des g\u00e9n\u00e9ratrices dans les viroles des r\u00e9servoirs.<\/li>\n<li><i class=\"fa fa-angle-right\" aria-hidden=\"true\"><\/i>cartographie x-y des zones pr\u00e9sentant de la corrosion ou des piq\u00fbres.<\/li>\n<li><i class=\"fa fa-angle-right\" aria-hidden=\"true\"><\/i>Les d\u00e9bardeurs.<\/li>\n<\/ul>\n<p><strong>Chaudi\u00e8res :<\/strong><br \/>\n<em>(en utilisant un scanner magn\u00e9tique automatique ou une application manuelle)<\/em><\/p>\n<ul class=\"lista-interna\">\n<li><i class=\"fa fa-angle-right\" aria-hidden=\"true\"><\/i> Inspection syst\u00e9matique des conduites d&#8217;eau (2&#8243; \u00f7 4&#8243;) \u00e0 la recherche de corrosion ou de piq\u00fbres.<\/li>\n<\/ul>\n<p><strong>Les pipelines :<\/strong><br \/>\n<em>(\u00e0 l&#8217;aide d&#8217;une chenille, d&#8217;un scanner magn\u00e9tique ou d&#8217;une application manuelle)<\/em><\/p>\n<ul class=\"lista-interna\">\n<li><i class=\"fa fa-angle-right\" aria-hidden=\"true\"><\/i> Inspection g\u00e9n\u00e9ralis\u00e9e des canalisations.<\/li>\n<li><i class=\"fa fa-angle-right\" aria-hidden=\"true\"><\/i> cartographie x-y des zones pr\u00e9sentant de la corrosion ou des piq\u00fbres.<\/li>\n<\/ul>\n<p>[\/vc_column_text][vc_empty_space][\/vc_column_inner][\/vc_row_inner][vc_empty_space][\/vc_column][\/vc_row][vc_row css_animation=&#8221;&#8221; row_type=&#8221;row&#8221; use_row_as_full_screen_section=&#8221;no&#8221; type=&#8221;full_width&#8221; angled_section=&#8221;no&#8221; text_align=&#8221;left&#8221; background_image_as_pattern=&#8221;without_pattern&#8221;][vc_column][vc_empty_space height=&#8221;64px&#8221;][\/vc_column][\/vc_row]<\/p>\n<\/div>","protected":false},"excerpt":{"rendered":"<p>[vc_row css_animation=&#8221;&#8221; row_type=&#8221;row&#8221; use_row_as_full_screen_section=&#8221;no&#8221; type=&#8221;full_width&#8221; angled_section=&#8221;no&#8221; text_align=&#8221;left&#8221; background_image_as_pattern=&#8221;without_pattern&#8221;][vc_column width=&#8221;1\/4&#8243;][vc_raw_html]PGg1PkF1dHJlcyBzZXJ2aWNlcyBkZSBDTkQ8L2g1Pg==[\/vc_raw_html][vc_separator type=&#8221;normal&#8221; color=&#8221;#bcbcbc&#8221; thickness=&#8221;1&#8243; transparency=&#8221;0.4&#8243;][vc_raw_html]JTNDdWwlMjBjbGFzcyUzRCUyMm1lbnUtbGF0ZXJhbCUyMiUzRSUwQSUzQ2xpJTIwY2xhc3MlM0QlMjJ2b2x2ZXIlMjIlM0UlM0NhJTIwaHJlZiUzRCUyMmh0dHBzJTNBJTJGJTJGc2Npc2EuZXMlMkZmciUyRmNvbnRyb2xlcy1ub24tZGVzdHJ1Y3RpZnMtZXQtbGFib3JhdG9pcmUtZGUtbWV0YWxsdXJnaWUlMkYlMjIlM0UlM0NpJTIwY2xhc3MlM0QlMjJmYSUyMGZhLWJhY2t3YXJkJTIyJTIwYXJpYS1oaWRkZW4lM0QlMjJ0cnVlJTIyJTNFJTNDJTJGaSUzRSUyMCUyMExBQk9SQVRPSVJFJTIwRCUyN0VTU0FJUyUyME5PTiUyMERFU1RSVUNUSUZTJTIwRVQlMjBNJUMzJTg5VEFMTFVSR0lRVUVTJTNDJTJGYSUzRSUzQyUyRmxpJTNFJTBBJTBBJTNDbGklM0UlM0NhJTIwaHJlZiUzRCUyMmh0dHBzJTNBJTJGJTJGc2Npc2EuZXMlMkZmciUyRmNvbnRyb2xlcy1ub24tZGVzdHJ1Y3RpZnMtZXQtbGFib3JhdG9pcmUtZGUtbWV0YWxsdXJnaWUlMkZlc3NhaXMtbm9uLWRlc3RydWN0aWZzJTJGY29udHJvbGVzLXBhci1yYWRpb2dyYXBoaWUtaW5kdXN0cmllbGxlJTJGJTIyJTNFRXNzYWlzJTIwZGUlMjByYWRpb2dyYXBoaWUlMjBpbmR1c3RyaWVsbGUlM0MlMkZhJTNFJTNDJTJGbGklM0UlMEElMEElM0NsaSUzRSUzQ2ElMjBocmVmJTNEJTIyaHR0cHMlM0ElMkYlMkZzY2lzYS5lcyUyRmZyJTJGY29udHJvbGVzLW5vbi1kZXN0cnVjdGlmcy1ldC1sYWJvcmF0b2lyZS1kZS1tZXRhbGx1cmdpZSUyRmVzc2Fpcy1ub24tZGVzdHJ1Y3RpZnMlMkZjb250cm9sZXMtcGFyLXVsdHJhc29ucyUyRiUyMiUzRUNvbnRyb2xlcyUyMHBhciUyMFVsdHJhc29ucyUzQyUyRmElM0UlM0MlMkZsaSUzRSUwQSUwQSUzQ2xpJTNFJTNDYSUyMGhyZWYlM0QlMjJodHRwcyUzQSUyRiUyRnNjaXNhLmVzJTJGZnIlMkZjb250cm9sZXMtbm9uLWRlc3RydWN0aWZzLWV0LWxhYm9yYXRvaXJlLWRlLW1ldGFsbHVyZ2llJTJGZXNzYWlzLW5vbi1kZXN0cnVjdGlmcyUyRmNvbnRyb2xlLXBhci1tYWduZXRvc2NvcGllJTJGJTIyJTNFVGVzdCUyMGRlJTIwcGFydGljdWxlcyUyMG1hZ24lQzMlQTl0aXF1ZXMlM0MlMkZhJTNFJTNDJTJGbGklM0UlMEElMEElM0NsaSUzRSUzQ2ElMjBocmVmJTNEJTIyaHR0cHMlM0ElMkYlMkZzY2lzYS5lcyUyRmZyJTJGY29udHJvbGVzLW5vbi1kZXN0cnVjdGlmcy1ldC1sYWJvcmF0b2lyZS1kZS1tZXRhbGx1cmdpZSUyRmVzc2Fpcy1ub24tZGVzdHJ1Y3RpZnMlMkZjb250cm9sZS1wYXItcmVzc3VhZ2UlMkYlMjIlM0VDb250ciVDMyVCNGxlJTIwcGFyJTIwcmVzc3VhZ2UlM0MlMkZhJTNFJTNDJTJGbGklM0UlMEElMEElM0NsaSUzRSUzQ2ElMjBocmVmJTNEJTIyaHR0cHMlM0ElMkYlMkZzY2lzYS5lcyUyRmZyJTJGY29udHJvbGVzLW5vbi1kZXN0cnVjdGlmcy1ldC1sYWJvcmF0b2lyZS1kZS1tZXRhbGx1cmdpZSUyRmVzc2Fpcy1ub24tZGVzdHJ1Y3RpZnMlMkZlc3NhaXMtcGFyLWNvdXJhbnRzLWRlLWZvdWNhdWx0JTJGJTIyJTNFRXNzYWlzJTIwcGFyJTIwY291cmFudHMlMjBkZSUyMEZvdWNhdWx0JTNDJTJGYSUzRSUzQyUyRmxpJTNFJTBBJTBBJTNDbGklM0UlM0NhJTIwaHJlZiUzRCUyMmh0dHBzJTNBJTJGJTJGc2Npc2EuZXMlMkZmciUyRmNvbnRyb2xlcy1ub24tZGVzdHJ1Y3RpZnMtZXQtbGFib3JhdG9pcmUtZGUtbWV0YWxsdXJnaWUlMkZlc3NhaXMtbm9uLWRlc3RydWN0aWZzJTJGdGVzdC1kZS1mdWl0ZS1hLWxoZWxpdW0lMkYlMjIlM0VUZXN0JTIwZGUlMjBmdWl0ZSUyMCVDMyVBMCUyMGwlMjdoJUMzJUE5bGl1bSUzQyUyRmElM0UlM0MlMkZsaSUzRSUwQSUwQSUzQ2xpJTNFJTNDYSUyMGhyZWYlM0QlMjJodHRwcyUzQSUyRiUyRnNjaXNhLmVzJTJGZnIlMkZjb250cm9sZXMtbm9uLWRlc3RydWN0aWZzLWV0LWxhYm9yYXRvaXJlLWRlLW1ldGFsbHVyZ2llJTJGZXNzYWlzLW5vbi1kZXN0cnVjdGlmcyUyRmluc3BlY3Rpb24tZGVzLXNvdWR1cmVzLWRlcy10b3Vycy1lb2xpZW5uZXMlMkYlMjIlM0UlMjAlMjBJbnNwZWN0aW9uJTIwZGVzJTIwc291ZHVyZXMlMjBkZXMlMjB0b3VycyUyMGQlMjclQzMlQTlvbGllbm5lcyUzQyUyRmElM0UlM0MlMkZsaSUzRSUwQSUwQSUwQSUzQ2xpJTIwY2xhc3MlM0QlMjJzaW4tZW5sYWNlJTIyJTNFSW5zcGVjdGlvbiUyMHVsdHJhc29uaXF1ZSUyMGRlJTIwbGElMjBjb3Jyb3Npb24lM0MlMkZsaSUzRSUwQSUwQSUwQSUzQ2xpJTNFJTNDYSUyMGhyZWYlM0QlMjJodHRwcyUzQSUyRiUyRnNjaXNhLmVzJTJGZnIlMkZjb250cm9sZXMtbm9uLWRlc3RydWN0aWZzLWV0LWxhYm9yYXRvaXJlLWRlLW1ldGFsbHVyZ2llJTJGZXNzYWlzLW5vbi1kZXN0cnVjdGlmcyUyRmF1dHJlcy1lc3NhaXMtbm9uLWRlc3RydWN0aWZzJTJGJTIyJTNFQXV0cmVzJTIwZXNzYWlzJTIwbm9uJTIwZGVzdHJ1Y3RpZnMlM0MlMkZhJTNFJTNDJTJGbGklM0UlMEElMEElM0NsaSUzRSUzQ2ElMjBocmVmJTNEJTIyaHR0cHMlM0ElMkYlMkZzY2lzYS5lcyUyRmZyJTJGY29udHJvbGVzLW5vbi1kZXN0cnVjdGlmcy1ldC1sYWJvcmF0b2lyZS1kZS1tZXRhbGx1cmdpZSUyRmVzc2Fpcy1ub24tZGVzdHJ1Y3RpZnMlMkZlc3NhaXMtYXBwbGlxdWVzLWF1eC1waXBlbGluZXMtZXQtYXV4LWdyYW5kcy1yZXNlcnZvaXJzLWRlLXN0b2NrYWdlJTJGJTIyJTNFRXNzYWlzJTIwYXBwbGlxdSVDMyVBOXMlMjBhdXglMjBwaXBlbGluZXMlMjBldCUyMGF1eCUyMGdyYW5kcyUyMHIlQzMlQTlzZXJ2b2lycyUyMGRlJTIwc3RvY2thZ2UlM0MlMkZhJTNFJTBBJTNDJTJGbGklM0UlMEElM0MlMkZ1bCUzRQ==[\/vc_raw_html][vc_empty_space][vc_raw_html]PGg1PkNvbnRhY3QgYXZlYyBub3VzPC9oNT4=[\/vc_raw_html][vc_separator type=&#8221;normal&#8221; color=&#8221;#bcbcbc&#8221; thickness=&#8221;1&#8243; transparency=&#8221;0.4&#8243;][vc_widget_sidebar sidebar_id=&#8221;sidebar-blog&#8221;][\/vc_column][vc_column width=&#8221;3\/4&#8243;][vc_row_inner row_type=&#8221;row&#8221; type=&#8221;full_width&#8221; text_align=&#8221;left&#8221; css_animation=&#8221;&#8221; css=&#8221;.vc_custom_1644319921580{padding-bottom: 32px !important;background-color: #ffffff !important;}&#8221;][vc_column_inner css=&#8221;.vc_custom_1639654809595{padding-right: 45px !important;padding-left: 45px !important;background-color: #ffffff !important;}&#8221;][vc_column_text] CONTR\u00d4LE DE LA CORROSION PAR ULTRASONS Au cours du processus&#8230;<\/p>\n","protected":false},"author":1,"featured_media":0,"parent":58104,"menu_order":0,"comment_status":"closed","ping_status":"closed","template":"","meta":{"footnotes":""},"class_list":["post-58120","page","type-page","status-publish","hentry"],"_links":{"self":[{"href":"https:\/\/scisa.es\/fr\/wp-json\/wp\/v2\/pages\/58120","targetHints":{"allow":["GET"]}}],"collection":[{"href":"https:\/\/scisa.es\/fr\/wp-json\/wp\/v2\/pages"}],"about":[{"href":"https:\/\/scisa.es\/fr\/wp-json\/wp\/v2\/types\/page"}],"author":[{"embeddable":true,"href":"https:\/\/scisa.es\/fr\/wp-json\/wp\/v2\/users\/1"}],"replies":[{"embeddable":true,"href":"https:\/\/scisa.es\/fr\/wp-json\/wp\/v2\/comments?post=58120"}],"version-history":[{"count":0,"href":"https:\/\/scisa.es\/fr\/wp-json\/wp\/v2\/pages\/58120\/revisions"}],"up":[{"embeddable":true,"href":"https:\/\/scisa.es\/fr\/wp-json\/wp\/v2\/pages\/58104"}],"wp:attachment":[{"href":"https:\/\/scisa.es\/fr\/wp-json\/wp\/v2\/media?parent=58120"}],"curies":[{"name":"wp","href":"https:\/\/api.w.org\/{rel}","templated":true}]}}