{"id":58124,"date":"2021-12-15T18:16:52","date_gmt":"2021-12-15T18:16:52","guid":{"rendered":"https:\/\/scisa.es\/inspection-de-la-fabrication-du-montage-et-de-lentretien-des-equipements\/"},"modified":"2023-01-23T17:05:46","modified_gmt":"2023-01-23T17:05:46","slug":"inspection-de-la-fabrication-du-montage-et-de-lentretien-des-equipements","status":"publish","type":"page","link":"https:\/\/scisa.es\/fr\/inspection\/inspection-industrielle\/inspection-de-la-fabrication-du-montage-et-de-lentretien-des-equipements\/","title":{"rendered":"Inspection de la fabrication, du montage et de l&#8217;entretien des \u00e9quipements"},"content":{"rendered":"<div class=\"wpb-content-wrapper\"><p>[vc_row css_animation=&#8221;&#8221; row_type=&#8221;row&#8221; use_row_as_full_screen_section=&#8221;no&#8221; type=&#8221;full_width&#8221; angled_section=&#8221;no&#8221; text_align=&#8221;left&#8221; background_image_as_pattern=&#8221;without_pattern&#8221;][vc_column width=&#8221;1\/4&#8243;][vc_raw_html]PGg1PkF1dHJlcyBzZXJ2aWNlcyBkJ2luc3BlY3Rpb248L2g1Pg==[\/vc_raw_html][vc_separator type=&#8221;normal&#8221; color=&#8221;#bcbcbc&#8221; thickness=&#8221;1&#8243; transparency=&#8221;0.4&#8243;][vc_raw_html]JTNDdWwlMjBjbGFzcyUzRCUyMm1lbnUtbGF0ZXJhbCUyMiUzRSUwQSUzQ2xpJTIwY2xhc3MlM0QlMjJ2b2x2ZXIlMjIlM0UlM0NhJTIwaHR0cHMlM0ElM0QlMjIlMjIlM0UlM0NpJTIwY2xhc3MlM0QlMjJmYSUyMGZhLWJhY2t3YXJkJTIyJTIwYXJpYS1oaWRkZW4lM0QlMjJ0cnVlJTIyJTNFJTNDJTJGaSUzRSUyMCUyMElOU1BFQ1RJT04lM0MlMkZhJTNFJTNDJTJGbGklM0UlMEElMEElM0NsaSUzRSUzQ2ElMjBocmVmJTNEJTIyaHR0cHMlM0ElMkYlMkZzY2lzYS5lcyUyRmZyJTJGaW5zcGVjdGlvbiUyRmluc3BlY3Rpb24taW5kdXN0cmllbGxlJTJGcmV2aXNpb24tZGVzLXByb2NlZHVyZXMtZGUtcHJvZHVjdGlvbi1ldC1kZXMtcGxhbnMtZGVzLXBvaW50cy1kaW5zcGVjdGlvbiUyRiUyMiUzRUVYQU1FTiUyMERFUyUyMFBST0MlQzMlODlEVVJFUyUyMERFJTIwUFJPRFVDVElPTiUyMEVUJTIwREVTJTIwUExBTlMlMjBERVMlMjBQT0lOVFMlMjBEJTI3SU5TUEVDVElPTiUzQyUyRmElM0UlM0MlMkZsaSUzRSUwQSUwQSUzQ2xpJTIwY2xhc3MlM0QlMjJzaW4tZW5sYWNlJTIyJTNFTCUyN0lOU1BFQ1RJT04lMjBERSUyMExBJTIwRkFCUklDQVRJT04lMkMlMjBEVSUyME1PTlRBR0UlMjBFVCUyMERFJTIwTCUyN0VOVFJFVElFTiUyMERFUyUyMCVDMyU4OVFVSVBFTUVOVFMlM0MlMkZsaSUzRSUwQSUwQSUzQ2xpJTNFJTNDYSUyMGhyZWYlM0QlMjJodHRwcyUzQSUyRiUyRnNjaXNhLmVzJTJGZnIlMkZpbnNwZWN0aW9uJTJGaW5zcGVjdGlvbi1pbmR1c3RyaWVsbGUlMkZpbnNwZWN0ZXVycy1jZXJ0aWZpZXMtYXBpLTY1MyUyRiUyMiUzRUlOU1BFQ1RFVVJTJTIwQ0VSVElGSSVDMyU4OVMlMjBBUEklMjA2NTMlM0MlMkZhJTNFJTNDJTJGbGklM0UlMEElMEElMEElM0MlMkZ1bCUzRQ==[\/vc_raw_html][vc_empty_space][vc_separator type=&#8221;normal&#8221; color=&#8221;#bcbcbc&#8221; thickness=&#8221;1&#8243; transparency=&#8221;0.4&#8243;][vc_empty_space][vc_raw_html]PGg1PkNvbnRhY3QgYXZlYyBub3VzPC9oNT4=[\/vc_raw_html][vc_separator type=&#8221;normal&#8221; color=&#8221;#bcbcbc&#8221; thickness=&#8221;1&#8243; transparency=&#8221;0.4&#8243;][vc_widget_sidebar sidebar_id=&#8221;sidebar-blog&#8221;][\/vc_column][vc_column width=&#8221;3\/4&#8243;][vc_row_inner row_type=&#8221;row&#8221; type=&#8221;full_width&#8221; text_align=&#8221;left&#8221; css_animation=&#8221;&#8221; css=&#8221;.vc_custom_1639654729177{background-color: #ffffff !important;}&#8221;][vc_column_inner css=&#8221;.vc_custom_1639654809595{padding-right: 45px !important;padding-left: 45px !important;background-color: #ffffff !important;}&#8221;][vc_column_text]<\/p>\n<h2 class=\"internas-titul\">INSPECTION DE L&#8217;\u00c9QUIPEMENT ET DES MAT\u00c9RIAUX<\/h2>\n<p><a href=\"https:\/\/scisa.es\/fr\/\" target=\"_blank\" rel=\"noopener\">SCI<\/a> effectue des inspections et le suivi de la fabrication de l&#8217;\u00e9quipement et des mat\u00e9riaux en fonction du bon de commande, de la demande de mat\u00e9riel, de la documentation du fournisseur, des sp\u00e9cifications et des exigences du projet et des r\u00e8glements locaux et internationaux.<br \/>\n[\/vc_column_text][vc_empty_space][\/vc_column_inner][\/vc_row_inner][vc_empty_space][vc_row_inner row_type=&#8221;row&#8221; type=&#8221;full_width&#8221; text_align=&#8221;left&#8221; css_animation=&#8221;&#8221; css=&#8221;.vc_custom_1644931800924{padding-right: 0px !important;background-color: #ffffff !important;}&#8221;][vc_column_inner width=&#8221;1\/2&#8243; css=&#8221;.vc_custom_1639654809595{padding-right: 45px !important;padding-left: 45px !important;background-color: #ffffff !important;}&#8221;][vc_column_text]<\/p>\n<h2 class=\"internas-titul\">LES TYPES D&#8217;\u00c9QUIPEMENTS ET DE MAT\u00c9RIAUX INSPECT\u00c9S<\/h2>\n<p>Les \u00e9quipements et mat\u00e9riaux inspect\u00e9s sont principalement, mais pas exclusivement, les \u00e9quipements sous pression (colonnes, <a href=\"https:\/\/t-soluciona.com\/noticias\/intercambiadores-calor-que-son-sirven\/\" target=\"_blank\" rel=\"noopener\">\u00e9changeurs de chaleur<\/a>, r\u00e9acteurs, fours de traitement, filtres, cuves), les vannes, les tuyaux et les raccords n\u00e9cessaires \u00e0 l&#8217;installation de la tuyauterie dans les usines, les compresseurs, les pompes, la structure m\u00e9tallique, les moteurs, les bo\u00eetes froides, les \u00e9quipements \u00e9lectriques et l&#8217;instrumentation, entre autres.[\/vc_column_text][vc_empty_space][\/vc_column_inner][vc_column_inner width=&#8221;1\/2&#8243; css=&#8221;.vc_custom_1644931795770{padding-right: 0px !important;}&#8221;][vc_single_image image=&#8221;56309&#8243; img_size=&#8221;full&#8221; qode_css_animation=&#8221;&#8221;][\/vc_column_inner][\/vc_row_inner][vc_empty_space][vc_row_inner row_type=&#8221;row&#8221; type=&#8221;full_width&#8221; text_align=&#8221;left&#8221; css_animation=&#8221;&#8221; css=&#8221;.vc_custom_1639654729177{background-color: #ffffff !important;}&#8221;][vc_column_inner css=&#8221;.vc_custom_1639654809595{padding-right: 45px !important;padding-left: 45px !important;background-color: #ffffff !important;}&#8221;][vc_column_text]<\/p>\n<h2 class=\"internas-titul\">PORT\u00c9E DES INSPECTIONS<\/h2>\n<p>La port\u00e9e des inspections des mat\u00e9riaux inspect\u00e9s peut varier en fonction du point du plan des points d&#8217;inspection applicable ; du d\u00e9but de la production (tra\u00e7abilit\u00e9 des mat\u00e9riaux), aux tests de performance ou aux inspections finales ; voici les points d&#8217;action que nous r\u00e9alisons essentiellement lors des inspections :[\/vc_column_text][vc_empty_space height=&#8221;15px&#8221;]<div class=\"q_icon_list\"><i class=\"qode_icon_font_awesome fa fa-check-circle-o qode-ili-icon-holder circle\" style=\"color: #dbae32;background-color: #ffffff;\" ><\/i><p style=\"font-size: 14px;\">R\u00e9union de pr\u00e9-inspection.<\/p><\/div><div class=\"q_icon_list\"><i class=\"qode_icon_font_awesome fa fa-check-circle-o qode-ili-icon-holder circle\" style=\"color: #dbae32;background-color: #ffffff;\" ><\/i><p style=\"font-size: 14px;\">Pr\u00e9sence d&#039;agr\u00e9ments de soudage.<\/p><\/div><div class=\"q_icon_list\"><i class=\"qode_icon_font_awesome fa fa-check-circle-o qode-ili-icon-holder circle\" style=\"color: #dbae32;background-color: #ffffff;\" ><\/i><p style=\"font-size: 14px;\">Contr\u00f4le visuel et dimensionnel.<\/p><\/div><div class=\"q_icon_list\"><i class=\"qode_icon_font_awesome fa fa-check-circle-o qode-ili-icon-holder circle\" style=\"color: #dbae32;background-color: #ffffff;\" ><\/i><p style=\"font-size: 14px;\">Pr\u00e9sence d&#039;\u00e9preuves hydrauliques.<\/p><\/div><div class=\"q_icon_list\"><i class=\"qode_icon_font_awesome fa fa-check-circle-o qode-ili-icon-holder circle\" style=\"color: #dbae32;background-color: #ffffff;\" ><\/i><p style=\"font-size: 14px;\">Inspection finale.<\/p><\/div><div class=\"q_icon_list\"><i class=\"qode_icon_font_awesome fa fa-check-circle-o qode-ili-icon-holder circle\" style=\"color: #dbae32;background-color: #ffffff;\" ><\/i><p style=\"font-size: 14px;\">Tests fonctionnels et FAT.<\/p><\/div><div class=\"q_icon_list\"><i class=\"qode_icon_font_awesome fa fa-check-circle-o qode-ili-icon-holder circle\" style=\"color: #dbae32;background-color: #ffffff;\" ><\/i><p style=\"font-size: 14px;\">Inspection du rev\u00eatement de surface.<\/p><\/div><div class=\"q_icon_list\"><i class=\"qode_icon_font_awesome fa fa-check-circle-o qode-ili-icon-holder circle\" style=\"color: #dbae32;background-color: #ffffff;\" ><\/i><p style=\"font-size: 14px;\">Revue documentaire.<\/p><\/div><div class=\"q_icon_list\"><i class=\"qode_icon_font_awesome fa fa-check-circle-o qode-ili-icon-holder circle\" style=\"color: #dbae32;background-color: #ffffff;\" ><\/i><p style=\"font-size: 14px;\">V\u00e9rification du chargement et du d\u00e9chargement de l&#039;\u00e9quipement et des mat\u00e9riaux.<\/p><\/div>[vc_column_text]Ces points sont compl\u00e9t\u00e9s par une v\u00e9rification de la bonne ex\u00e9cution des points pr\u00e9c\u00e9dents du plan d&#8217;inspection pour chaque \u00e9quipement.[\/vc_column_text][vc_empty_space][\/vc_column_inner][\/vc_row_inner][vc_empty_space][vc_row_inner row_type=&#8221;row&#8221; type=&#8221;full_width&#8221; text_align=&#8221;left&#8221; css_animation=&#8221;&#8221; css=&#8221;.vc_custom_1639654729177{background-color: #ffffff !important;}&#8221;][vc_column_inner css=&#8221;.vc_custom_1644932041361{padding-right: 0px !important;padding-left: 45px !important;}&#8221;][vc_empty_space][vc_column_text]<\/p>\n<h2 class=\"internas-titul\">SERVICES D&#8217;ACTIVATION<\/h2>\n<p>En outre, <strong>SCI<\/strong> fournit des services d&#8217;activation, en v\u00e9rifiant l&#8217;\u00e9tat de l&#8217;approvisionnement et en analysant les inconv\u00e9nients qui peuvent entra\u00eener un \u00e9ventuel retard dans la date de livraison, sans que cela n&#8217;ait d&#8217;incidence sur la qualit\u00e9 du produit final.<br \/>\n[\/vc_column_text][vc_empty_space][\/vc_column_inner][\/vc_row_inner][vc_row_inner row_type=&#8221;row&#8221; type=&#8221;full_width&#8221; text_align=&#8221;left&#8221; css_animation=&#8221;&#8221; css=&#8221;.vc_custom_1644931971257{padding-right: 0px !important;padding-left: 0px !important;}&#8221;][vc_column_inner css=&#8221;.vc_custom_1644931966848{padding-right: 0px !important;padding-left: 0px !important;}&#8221;][vc_single_image image=&#8221;56313&#8243; img_size=&#8221;full&#8221; qode_css_animation=&#8221;&#8221; el_class=&#8221;imagen-grande&#8221;][\/vc_column_inner][\/vc_row_inner][vc_empty_space][\/vc_column][\/vc_row][vc_row css_animation=&#8221;&#8221; row_type=&#8221;row&#8221; use_row_as_full_screen_section=&#8221;no&#8221; type=&#8221;full_width&#8221; angled_section=&#8221;no&#8221; text_align=&#8221;left&#8221; background_image_as_pattern=&#8221;without_pattern&#8221;][vc_column][vc_empty_space height=&#8221;64px&#8221;][\/vc_column][\/vc_row][vc_row css_animation=&#8221;&#8221; row_type=&#8221;row&#8221; use_row_as_full_screen_section=&#8221;no&#8221; type=&#8221;full_width&#8221; angled_section=&#8221;no&#8221; text_align=&#8221;left&#8221; background_image_as_pattern=&#8221;without_pattern&#8221;][vc_column][vc_column_text]<\/p>\n<p>[\/vc_column_text][\/vc_column][\/vc_row]<\/p>\n<\/div>","protected":false},"excerpt":{"rendered":"<p>[vc_row css_animation=&#8221;&#8221; row_type=&#8221;row&#8221; use_row_as_full_screen_section=&#8221;no&#8221; type=&#8221;full_width&#8221; angled_section=&#8221;no&#8221; text_align=&#8221;left&#8221; background_image_as_pattern=&#8221;without_pattern&#8221;][vc_column width=&#8221;1\/4&#8243;][vc_raw_html]PGg1PkF1dHJlcyBzZXJ2aWNlcyBkJ2luc3BlY3Rpb248L2g1Pg==[\/vc_raw_html][vc_separator type=&#8221;normal&#8221; color=&#8221;#bcbcbc&#8221; thickness=&#8221;1&#8243; transparency=&#8221;0.4&#8243;][vc_raw_html]JTNDdWwlMjBjbGFzcyUzRCUyMm1lbnUtbGF0ZXJhbCUyMiUzRSUwQSUzQ2xpJTIwY2xhc3MlM0QlMjJ2b2x2ZXIlMjIlM0UlM0NhJTIwaHR0cHMlM0ElM0QlMjIlMjIlM0UlM0NpJTIwY2xhc3MlM0QlMjJmYSUyMGZhLWJhY2t3YXJkJTIyJTIwYXJpYS1oaWRkZW4lM0QlMjJ0cnVlJTIyJTNFJTNDJTJGaSUzRSUyMCUyMElOU1BFQ1RJT04lM0MlMkZhJTNFJTNDJTJGbGklM0UlMEElMEElM0NsaSUzRSUzQ2ElMjBocmVmJTNEJTIyaHR0cHMlM0ElMkYlMkZzY2lzYS5lcyUyRmZyJTJGaW5zcGVjdGlvbiUyRmluc3BlY3Rpb24taW5kdXN0cmllbGxlJTJGcmV2aXNpb24tZGVzLXByb2NlZHVyZXMtZGUtcHJvZHVjdGlvbi1ldC1kZXMtcGxhbnMtZGVzLXBvaW50cy1kaW5zcGVjdGlvbiUyRiUyMiUzRUVYQU1FTiUyMERFUyUyMFBST0MlQzMlODlEVVJFUyUyMERFJTIwUFJPRFVDVElPTiUyMEVUJTIwREVTJTIwUExBTlMlMjBERVMlMjBQT0lOVFMlMjBEJTI3SU5TUEVDVElPTiUzQyUyRmElM0UlM0MlMkZsaSUzRSUwQSUwQSUzQ2xpJTIwY2xhc3MlM0QlMjJzaW4tZW5sYWNlJTIyJTNFTCUyN0lOU1BFQ1RJT04lMjBERSUyMExBJTIwRkFCUklDQVRJT04lMkMlMjBEVSUyME1PTlRBR0UlMjBFVCUyMERFJTIwTCUyN0VOVFJFVElFTiUyMERFUyUyMCVDMyU4OVFVSVBFTUVOVFMlM0MlMkZsaSUzRSUwQSUwQSUzQ2xpJTNFJTNDYSUyMGhyZWYlM0QlMjJodHRwcyUzQSUyRiUyRnNjaXNhLmVzJTJGZnIlMkZpbnNwZWN0aW9uJTJGaW5zcGVjdGlvbi1pbmR1c3RyaWVsbGUlMkZpbnNwZWN0ZXVycy1jZXJ0aWZpZXMtYXBpLTY1MyUyRiUyMiUzRUlOU1BFQ1RFVVJTJTIwQ0VSVElGSSVDMyU4OVMlMjBBUEklMjA2NTMlM0MlMkZhJTNFJTNDJTJGbGklM0UlMEElMEElMEElM0MlMkZ1bCUzRQ==[\/vc_raw_html][vc_empty_space][vc_separator type=&#8221;normal&#8221; color=&#8221;#bcbcbc&#8221; thickness=&#8221;1&#8243; transparency=&#8221;0.4&#8243;][vc_empty_space][vc_raw_html]PGg1PkNvbnRhY3QgYXZlYyBub3VzPC9oNT4=[\/vc_raw_html][vc_separator type=&#8221;normal&#8221; color=&#8221;#bcbcbc&#8221; thickness=&#8221;1&#8243; transparency=&#8221;0.4&#8243;][vc_widget_sidebar sidebar_id=&#8221;sidebar-blog&#8221;][\/vc_column][vc_column width=&#8221;3\/4&#8243;][vc_row_inner row_type=&#8221;row&#8221; type=&#8221;full_width&#8221; text_align=&#8221;left&#8221; css_animation=&#8221;&#8221; css=&#8221;.vc_custom_1639654729177{background-color: #ffffff !important;}&#8221;][vc_column_inner css=&#8221;.vc_custom_1639654809595{padding-right: 45px !important;padding-left: 45px !important;background-color: #ffffff !important;}&#8221;][vc_column_text] INSPECTION DE L&#8217;\u00c9QUIPEMENT ET DES MAT\u00c9RIAUX SCI effectue&#8230;<\/p>\n","protected":false},"author":1,"featured_media":0,"parent":58326,"menu_order":0,"comment_status":"closed","ping_status":"closed","template":"","meta":{"footnotes":""},"class_list":["post-58124","page","type-page","status-publish","hentry"],"_links":{"self":[{"href":"https:\/\/scisa.es\/fr\/wp-json\/wp\/v2\/pages\/58124","targetHints":{"allow":["GET"]}}],"collection":[{"href":"https:\/\/scisa.es\/fr\/wp-json\/wp\/v2\/pages"}],"about":[{"href":"https:\/\/scisa.es\/fr\/wp-json\/wp\/v2\/types\/page"}],"author":[{"embeddable":true,"href":"https:\/\/scisa.es\/fr\/wp-json\/wp\/v2\/users\/1"}],"replies":[{"embeddable":true,"href":"https:\/\/scisa.es\/fr\/wp-json\/wp\/v2\/comments?post=58124"}],"version-history":[{"count":0,"href":"https:\/\/scisa.es\/fr\/wp-json\/wp\/v2\/pages\/58124\/revisions"}],"up":[{"embeddable":true,"href":"https:\/\/scisa.es\/fr\/wp-json\/wp\/v2\/pages\/58326"}],"wp:attachment":[{"href":"https:\/\/scisa.es\/fr\/wp-json\/wp\/v2\/media?parent=58124"}],"curies":[{"name":"wp","href":"https:\/\/api.w.org\/{rel}","templated":true}]}}