{"id":58130,"date":"2021-12-01T10:16:26","date_gmt":"2021-12-01T10:16:26","guid":{"rendered":"https:\/\/scisa.es\/controle-non-destructif\/inspection-des-soudures-des-tours-eoliennes\/"},"modified":"2023-02-21T16:00:47","modified_gmt":"2023-02-21T16:00:47","slug":"inspection-des-soudures-des-tours-eoliennes","status":"publish","type":"page","link":"https:\/\/scisa.es\/fr\/controles-non-destructifs-et-laboratoire-de-metallurgie\/essais-non-destructifs\/inspection-des-soudures-des-tours-eoliennes\/","title":{"rendered":"Inspection des soudures des tours \u00e9oliennes"},"content":{"rendered":"<div class=\"wpb-content-wrapper\"><p>[vc_row css_animation=&#8221;&#8221; row_type=&#8221;row&#8221; use_row_as_full_screen_section=&#8221;no&#8221; type=&#8221;full_width&#8221; angled_section=&#8221;no&#8221; text_align=&#8221;left&#8221; background_image_as_pattern=&#8221;without_pattern&#8221;][vc_column width=&#8221;1\/4&#8243;][vc_raw_html]PGg1PkF1dHJlcyBzZXJ2aWNlcyBkZSBDTkQ8L2g1Pg==[\/vc_raw_html][vc_separator type=&#8221;normal&#8221; color=&#8221;#bcbcbc&#8221; thickness=&#8221;1&#8243; transparency=&#8221;0.4&#8243;][vc_column_text]<\/p>\n<ul class=\"menu-lateral\">\n<li class=\"volver\"><a href=\"https:\/\/scisa.es\/fr\/controles-non-destructifs-et-laboratoire-de-metallurgie\/\"><i class=\"fa fa-backward\" aria-hidden=\"true\"><\/i> LABORATOIRE D&#8217;ESSAIS NON DESTRUCTIFS ET M\u00c9TALLURGIQUES<\/a><\/li>\n<li><a href=\"https:\/\/scisa.es\/fr\/controles-non-destructifs-et-laboratoire-de-metallurgie\/essais-non-destructifs\/controles-par-radiographie-industrielle\/\">Essais de radiographie industrielle<\/a><\/li>\n<li><a href=\"https:\/\/scisa.es\/fr\/controles-non-destructifs-et-laboratoire-de-metallurgie\/essais-non-destructifs\/controles-par-ultrasons\/\">Essais par ultrasons<\/a><\/li>\n<li><a href=\"https:\/\/scisa.es\/fr\/controles-non-destructifs-et-laboratoire-de-metallurgie\/essais-non-destructifs\/controle-par-magnetoscopie\/\">Test de particules magn\u00e9tiques<\/a><\/li>\n<li><a href=\"https:\/\/scisa.es\/fr\/controles-non-destructifs-et-laboratoire-de-metallurgie\/essais-non-destructifs\/controle-par-ressuage\/\">Contr\u00f4le par ressuage<\/a><\/li>\n<li><a href=\"https:\/\/scisa.es\/fr\/controles-non-destructifs-et-laboratoire-de-metallurgie\/essais-non-destructifs\/autres-essais-non-destructifs\/\">Essais par courants de Foucault<\/a><\/li>\n<li><a href=\"https:\/\/scisa.es\/fr\/controles-non-destructifs-et-laboratoire-de-metallurgie\/essais-non-destructifs\/test-de-fuite-a-lhelium\/\">Test de fuite \u00e0 l&#8217;h\u00e9lium<\/a><\/li>\n<li class=\"sin-enlace\">Inspection des soudures des tours d&#8217;\u00e9oliennes<\/li>\n<li><a href=\"https:\/\/scisa.es\/fr\/controles-non-destructifs-et-laboratoire-de-metallurgie\/essais-non-destructifs\/inspection-ultrasonique-de-la-corrosion\/\">Inspection ultrasonique de la corrosion<\/a><\/li>\n<li><a href=\"https:\/\/scisa.es\/fr\/controles-non-destructifs-et-laboratoire-de-metallurgie\/essais-non-destructifs\/autres-essais-non-destructifs\/\">Autres essais non destructifs<\/a><\/li>\n<li><a href=\"https:\/\/scisa.es\/fr\/controles-non-destructifs-et-laboratoire-de-metallurgie\/essais-non-destructifs\/essais-appliques-aux-pipelines-et-aux-grands-reservoirs-de-stockage\/\">Essais appliqu\u00e9s aux pipelines et aux grands r\u00e9servoirs de stockage<\/a><\/li>\n<\/ul>\n<p>[\/vc_column_text][vc_empty_space][vc_raw_html]PGg1PkNvbnRhY3QgYXZlYyBub3VzPC9oNT4=[\/vc_raw_html][vc_separator type=&#8221;normal&#8221; color=&#8221;#bcbcbc&#8221; thickness=&#8221;1&#8243; transparency=&#8221;0.4&#8243;][vc_widget_sidebar sidebar_id=&#8221;sidebar-blog&#8221;][\/vc_column][vc_column width=&#8221;3\/4&#8243;][vc_row_inner row_type=&#8221;row&#8221; type=&#8221;full_width&#8221; text_align=&#8221;left&#8221; css_animation=&#8221;&#8221; css=&#8221;.vc_custom_1639654729177{background-color: #ffffff !important;}&#8221;][vc_column_inner css=&#8221;.vc_custom_1639654809595{padding-right: 45px !important;padding-left: 45px !important;background-color: #ffffff !important;}&#8221;][vc_column_text]<\/p>\n<h2 class=\"internas-titul\">INSPECTION DES SOUDURES DES TOURS D&#8217;\u00c9OLIENNES<\/h2>\n<p>Dans les prochaines ann\u00e9es, la plupart des \u00e9oliennes install\u00e9es en Espagne auront 15 ans depuis leur installation et leur mise en service.<\/p>\n<p>La n\u00e9cessit\u00e9 pour les fabricants, les responsables de la maintenance, les promoteurs et les propri\u00e9taires de parcs \u00e9oliens d&#8217;augmenter la dur\u00e9e de vie des \u00e9oliennes a conduit \u00e0 la mise en \u0153uvre de plans d&#8217;extension de la dur\u00e9e de vie des installations de production \u00e9olienne dans le secteur ces derni\u00e8res ann\u00e9es.<\/p>\n<p><strong><a href=\"https:\/\/scisa.es\/fr\/\">SCI, contr\u00f4le et inspection<\/a><\/strong> se fait l&#8217;\u00e9cho de cette pr\u00e9occupation et propose au march\u00e9 de nouveaux syst\u00e8mes d&#8217;inspection pour la d\u00e9termination des d\u00e9fauts structurels des \u00e9oliennes.<\/p>\n<p>Plus pr\u00e9cis\u00e9ment, elle a con\u00e7u et mis en service un syst\u00e8me automatique d&#8217;enregistrement des donn\u00e9es. <strong>inspection <\/strong><strong>contr\u00f4le par ultrasons<\/strong><strong> des soudures des tours d&#8217;\u00e9oliennes en service.<\/strong>[\/vc_column_text][vc_empty_space][\/vc_column_inner][\/vc_row_inner][vc_row_inner row_type=&#8221;row&#8221; type=&#8221;full_width&#8221; text_align=&#8221;left&#8221; css_animation=&#8221;&#8221; css=&#8221;.vc_custom_1644318201229{margin-top: 32px !important;}&#8221;][vc_column_inner css=&#8221;.vc_custom_1644318081997{padding-right: 0px !important;padding-left: 0px !important;}&#8221;][vc_video link=&#8221;https:\/\/www.youtube.com\/watch?v=diIaMH98d3U&#8221;][\/vc_column_inner][\/vc_row_inner][vc_row_inner row_type=&#8221;row&#8221; type=&#8221;full_width&#8221; text_align=&#8221;left&#8221; css_animation=&#8221;&#8221; css=&#8221;.vc_custom_1644318118829{margin-top: 32px !important;padding-right: 0px !important;padding-left: 25px !important;background-color: #ffffff !important;}&#8221;][vc_column_inner width=&#8221;1\/2&#8243;][vc_empty_space][vc_column_text]<\/p>\n<h2 class=\"internas-titul\">Inspection des soudures sur les \u00e9oliennes<\/h2>\n<p>Le <strong>contr\u00f4le par soudure<\/strong> des tours d&#8217;\u00e9oliennes est effectu\u00e9 \u00e0 l&#8217;aide d&#8217;un chariot magn\u00e9tique, d\u00e9velopp\u00e9 par le d\u00e9partement <strong>R&amp;D<\/strong>, dont l&#8217;acc\u00e8s se fait par l&#8217;ext\u00e9rieur de la tour et qui est t\u00e9l\u00e9command\u00e9 depuis le sol par un op\u00e9rateur SCI.[\/vc_column_text][vc_column_text]<\/p>\n<p class=\"internas-titul\"><strong><em>Applications des \u00e9quipements automatiques \u00e0 ultrasons :<\/em><\/strong><\/p>\n<ul class=\"lista-interna\">\n<li><i class=\"fa fa-angle-right\" aria-hidden=\"true\"><\/i>Maintenance et surveillance des tours d&#8217;\u00e9oliennes.<\/li>\n<li><i class=\"fa fa-angle-right\" aria-hidden=\"true\"><\/i>Inspection des tours dans les programmes d&#8217;extension de la dur\u00e9e de vie des parcs \u00e9oliens.<\/li>\n<li><i class=\"fa fa-angle-right\" aria-hidden=\"true\"><\/i> D\u00e9tection de fissures et de d\u00e9fauts internes dans les soudures sans affecter la peinture.<\/li>\n<li><i class=\"fa fa-angle-right\" aria-hidden=\"true\"><\/i>Dimension des d\u00e9fauts d\u00e9tect\u00e9s en longueur et en profondeur.<\/li>\n<li><i class=\"fa fa-angle-right\" aria-hidden=\"true\"><\/i> Inspection visuelle rapproch\u00e9e des d\u00e9fauts structurels de surface (bosses, d\u00e9fauts caus\u00e9s par l&#8217;impact des pales, par la foudre, etc.)<\/li>\n<\/ul>\n<p>[\/vc_column_text][\/vc_column_inner][vc_column_inner width=&#8221;1\/2&#8243; css=&#8221;.vc_custom_1644318230021{padding-right: 0px !important;}&#8221;][vc_single_image image=&#8221;56559&#8243; img_size=&#8221;full&#8221; alignment=&#8221;right&#8221; qode_css_animation=&#8221;&#8221; css=&#8221;.vc_custom_1644318843075{margin-top: 0px !important;margin-right: 0px !important;margin-bottom: 0px !important;margin-left: 0px !important;border-top-width: 0px !important;border-right-width: 0px !important;border-bottom-width: 0px !important;border-left-width: 0px !important;padding-top: 0px !important;padding-right: 0px !important;padding-bottom: 0px !important;padding-left: 0px !important;}&#8221;][\/vc_column_inner][\/vc_row_inner][vc_row_inner row_type=&#8221;row&#8221; type=&#8221;full_width&#8221; text_align=&#8221;left&#8221; css_animation=&#8221;&#8221; css=&#8221;.vc_custom_1644318388341{margin-top: 32px !important;padding-right: 0px !important;padding-left: 25px !important;background-color: #ffffff !important;}&#8221;][vc_column_inner css=&#8221;.vc_custom_1644318436917{margin-top: 32px !important;padding-left: 0px !important;}&#8221;][vc_column_text css=&#8221;.vc_custom_1644318917033{margin-right: 15% !important;}&#8221;]<\/p>\n<h2 class=\"internas-titul\">Avantages de l&#8217;inspection des soudures sur les tours d&#8217;\u00e9oliennes<\/h2>\n<ul class=\"lista-interna\">\n<li><i class=\"fa fa-angle-right\" aria-hidden=\"true\"><\/i> \u00c9vitez l&#8217;utilisation de plates-formes \u00e9l\u00e9vatrices et de m\u00e9thodes d&#8217;escalade \u00e0 la <strong>corde<\/strong>.<\/li>\n<li><i class=\"fa fa-angle-right\" aria-hidden=\"true\"><\/i>Enregistrement, v\u00e9rification et interrogation des donn\u00e9es <strong>\u00e0 tout moment<\/strong> de la vie de la machine.<\/li>\n<li><i class=\"fa fa-angle-right\" aria-hidden=\"true\"><\/i> <strong>Contr\u00f4le de<\/strong> l&#8217;\u00e9tat de la soudure et de l&#8217;\u00e9volution des d\u00e9fauts d\u00e9tect\u00e9s lors des inspections pr\u00e9c\u00e9dentes.<\/li>\n<li><i class=\"fa fa-angle-right\" aria-hidden=\"true\"><\/i>Affichage<strong> en temps r\u00e9el<\/strong> de l&#8217;acquisition r\u00e9ussie des donn\u00e9es.<\/li>\n<li><i class=\"fa fa-angle-right\" aria-hidden=\"true\"><\/i>Contr\u00f4le \u00e0 <strong>100%<\/strong> du volume de la soudure.<\/li>\n<li><i class=\"fa fa-angle-right\" aria-hidden=\"true\"><\/i>Possibilit\u00e9 d&#8217;inspection des soudures<strong> avec la machine en<\/strong> fonctionnement.<\/li>\n<\/ul>\n<p>[\/vc_column_text][vc_empty_space][\/vc_column_inner][\/vc_row_inner][vc_row_inner row_type=&#8221;row&#8221; type=&#8221;full_width&#8221; text_align=&#8221;left&#8221; css_animation=&#8221;&#8221; css=&#8221;.vc_custom_1644319323277{margin-top: 32px !important;}&#8221;][vc_column_inner css=&#8221;.vc_custom_1644319334948{padding-right: 0px !important;padding-left: 0px !important;}&#8221;][vc_single_image image=&#8221;56571&#8243; img_size=&#8221;full&#8221; qode_css_animation=&#8221;&#8221;][\/vc_column_inner][\/vc_row_inner][vc_row_inner row_type=&#8221;row&#8221; type=&#8221;full_width&#8221; text_align=&#8221;left&#8221; css_animation=&#8221;&#8221; css=&#8221;.vc_custom_1644318448620{margin-top: 32px !important;background-color: #ffffff !important;}&#8221;][vc_column_inner css=&#8221;.vc_custom_1639654835560{padding-right: 45px !important;padding-left: 45px !important;}&#8221;][vc_empty_space][vc_column_text]<\/p>\n<h2 class=\"internas-titul\">SCI CONTROL &amp; INSPECTION continue \u00e0 fournir d&#8217;autres services \u00e0 l&#8217;industrie \u00e9olienne :<\/h2>\n<p>[\/vc_column_text][vc_column_text css=&#8221;.vc_custom_1644319003252{margin-bottom: 25px !important;}&#8221;]<\/p>\n<ul class=\"lista-interna\">\n<li><i class=\"fa fa-angle-right\" aria-hidden=\"true\"><\/i><strong> <em>ARBRE PHAS\u00c9<\/em><\/strong> Contr\u00f4le par ultrasons de l&#8217;anneau d&#8217;aluring des machines en atelier et en service dans le parc.<\/li>\n<li><i class=\"fa fa-angle-right\" aria-hidden=\"true\"><\/i><strong>Contr\u00f4le radiographique<\/strong> par appareil \u00e0 rayons X de l&#8217;anneau Aluring en atelier et en service au parc \u00e9olien.<\/li>\n<li><i class=\"fa fa-angle-right\" aria-hidden=\"true\"><\/i><strong>Contr\u00f4le manuel par ultrasons<\/strong> des joints soud\u00e9s dans les structures tubulaires des tours.<\/li>\n<li><i class=\"fa fa-angle-right\" aria-hidden=\"true\"><\/i><strong>Inspection num\u00e9rique par rayons X des lames.<\/strong><\/li>\n<li><i class=\"fa fa-angle-right\" aria-hidden=\"true\"><\/i><strong>Inspection par endoscope visuel<\/strong> des engrenages et des composants internes de la bo\u00eete de vitesses.<\/li>\n<li><i class=\"fa fa-angle-right\" aria-hidden=\"true\"><\/i><strong>Contr\u00f4le par magn\u00e9toscopie, ressuage et ultrasons<\/strong> des soudures sur les structures en service.<\/li>\n<li><i class=\"fa fa-angle-right\" aria-hidden=\"true\"><\/i><strong>Contr\u00f4le du couple de serrage<\/strong> des joints filet\u00e9s des machines en service.<\/li>\n<li><i class=\"fa fa-angle-right\" aria-hidden=\"true\"><\/i><strong>Inspection thermographique des \u00e9quipements \u00e9lectriques<\/strong> et m\u00e9caniques pour d\u00e9terminer les d\u00e9fauts.<\/li>\n<li><i class=\"fa fa-angle-right\" aria-hidden=\"true\"><\/i><strong>Contr\u00f4le r\u00e9glementaire (OCA)<\/strong> des installations \u00e9lectriques basse et haute tension.<\/li>\n<li><i class=\"fa fa-angle-right\" aria-hidden=\"true\"><\/i><strong>Laboratoire m\u00e9tallurgique<\/strong> pour l&#8217;analyse des d\u00e9faillances des composants d&#8217;\u00e9oliennes.<\/li>\n<\/ul>\n<p>[\/vc_column_text][vc_column_text]<\/p>\n<p style=\"text-align: left;\"><strong>Si vous \u00eates un op\u00e9rateur, un d\u00e9veloppeur de parc \u00e9olien ou un fabricant d&#8217;\u00e9oliennes, nous pouvons vous proposer nos services adapt\u00e9s \u00e0 vos besoins. Dans le domaine des \u00e9nergies renouvelables, chez SCI, Control &amp; Inspection, nous sommes certifi\u00e9s et r\u00e9alisons actuellement des travaux pour les entreprises les plus importantes du secteur.<\/strong><\/p>\n<p><strong>Dans l&#8217;industrie en g\u00e9n\u00e9ral, nous fournissons des services d&#8217;<a href=\"https:\/\/scisa.es\/ensayos-no-destructivos-y-laboratorio-metalurgico\/ensayos-no-destructivos\/\">essais non destructifs (END), de<\/a> <a href=\"https:\/\/scisa.es\/fr\/controles-non-destructifs-et-laboratoire-de-metallurgie\/laboratoire-de-metallurgie\/\">laboratoire m\u00e9tallurgique, d&#8217;<\/a> <a href=\"https:\/\/scisa.es\/fr\/inspection\/inspection-industrielle\/\">inspection industrielle, d&#8217;<\/a><a href=\"https:\/\/scisa.es\/fr\/inspection\/inspection-reglementaire\/\"> inspection r\u00e9glementaire<\/a> et de <a href=\"https:\/\/scisa.es\/ecu-sci\/\">d\u00e9livrance de licences d&#8217;urbanisme<\/a>.<\/strong>[\/vc_column_text][vc_empty_space][\/vc_column_inner][\/vc_row_inner][\/vc_column][\/vc_row][vc_row css_animation=&#8221;&#8221; row_type=&#8221;row&#8221; use_row_as_full_screen_section=&#8221;no&#8221; type=&#8221;full_width&#8221; angled_section=&#8221;no&#8221; text_align=&#8221;left&#8221; background_image_as_pattern=&#8221;without_pattern&#8221;][vc_column][vc_empty_space height=&#8221;64px&#8221;][\/vc_column][\/vc_row]<\/p>\n<\/div>","protected":false},"excerpt":{"rendered":"<p>[vc_row css_animation=&#8221;&#8221; row_type=&#8221;row&#8221; use_row_as_full_screen_section=&#8221;no&#8221; type=&#8221;full_width&#8221; angled_section=&#8221;no&#8221; text_align=&#8221;left&#8221; background_image_as_pattern=&#8221;without_pattern&#8221;][vc_column width=&#8221;1\/4&#8243;][vc_raw_html]PGg1PkF1dHJlcyBzZXJ2aWNlcyBkZSBDTkQ8L2g1Pg==[\/vc_raw_html][vc_separator type=&#8221;normal&#8221; color=&#8221;#bcbcbc&#8221; thickness=&#8221;1&#8243; transparency=&#8221;0.4&#8243;][vc_column_text] LABORATOIRE D&#8217;ESSAIS NON DESTRUCTIFS ET M\u00c9TALLURGIQUES Essais de radiographie industrielle Essais par ultrasons Test de particules magn\u00e9tiques Contr\u00f4le par ressuage Essais par courants de Foucault Test de fuite \u00e0 l&#8217;h\u00e9lium Inspection des&#8230;<\/p>\n","protected":false},"author":1,"featured_media":0,"parent":58104,"menu_order":0,"comment_status":"closed","ping_status":"closed","template":"","meta":{"footnotes":""},"class_list":["post-58130","page","type-page","status-publish","hentry"],"_links":{"self":[{"href":"https:\/\/scisa.es\/fr\/wp-json\/wp\/v2\/pages\/58130","targetHints":{"allow":["GET"]}}],"collection":[{"href":"https:\/\/scisa.es\/fr\/wp-json\/wp\/v2\/pages"}],"about":[{"href":"https:\/\/scisa.es\/fr\/wp-json\/wp\/v2\/types\/page"}],"author":[{"embeddable":true,"href":"https:\/\/scisa.es\/fr\/wp-json\/wp\/v2\/users\/1"}],"replies":[{"embeddable":true,"href":"https:\/\/scisa.es\/fr\/wp-json\/wp\/v2\/comments?post=58130"}],"version-history":[{"count":0,"href":"https:\/\/scisa.es\/fr\/wp-json\/wp\/v2\/pages\/58130\/revisions"}],"up":[{"embeddable":true,"href":"https:\/\/scisa.es\/fr\/wp-json\/wp\/v2\/pages\/58104"}],"wp:attachment":[{"href":"https:\/\/scisa.es\/fr\/wp-json\/wp\/v2\/media?parent=58130"}],"curies":[{"name":"wp","href":"https:\/\/api.w.org\/{rel}","templated":true}]}}