{"id":58137,"date":"2021-12-15T18:18:41","date_gmt":"2021-12-15T18:18:41","guid":{"rendered":"https:\/\/scisa.es\/inspecteurs-certifies-api-653\/"},"modified":"2023-01-23T17:24:27","modified_gmt":"2023-01-23T17:24:27","slug":"inspecteurs-certifies-api-653","status":"publish","type":"page","link":"https:\/\/scisa.es\/fr\/inspection\/inspection-industrielle\/inspecteurs-certifies-api-653","title":{"rendered":"Inspecteurs certifi\u00e9s API 653"},"content":{"rendered":"<div class=\"wpb-content-wrapper\"><p>[vc_row css_animation=&#8221;&#8221; row_type=&#8221;row&#8221; use_row_as_full_screen_section=&#8221;no&#8221; type=&#8221;full_width&#8221; angled_section=&#8221;no&#8221; text_align=&#8221;left&#8221; background_image_as_pattern=&#8221;without_pattern&#8221;][vc_column width=&#8221;1\/4&#8243;][vc_raw_html]PGg1PkF1dHJlcyBzZXJ2aWNlcyBJTlNQRUNUSU9OPC9oNT4=[\/vc_raw_html][vc_separator type=&#8221;normal&#8221; color=&#8221;#bcbcbc&#8221; thickness=&#8221;1&#8243; transparency=&#8221;0.4&#8243;][vc_raw_html]JTNDdWwlMjBjbGFzcyUzRCUyMm1lbnUtbGF0ZXJhbCUyMiUzRSUwQSUzQ2xpJTIwY2xhc3MlM0QlMjJ2b2x2ZXIlMjIlM0UlM0NhJTIwaHR0cHMlM0ElM0QlMjIlMjIlM0UlM0NpJTIwY2xhc3MlM0QlMjJmYSUyMGZhLWJhY2t3YXJkJTIyJTIwYXJpYS1oaWRkZW4lM0QlMjJ0cnVlJTIyJTNFJTNDJTJGaSUzRSUyMCUyMElOU1BFQ1RJT04lM0MlMkZhJTNFJTNDJTJGbGklM0UlMEElMEElM0NsaSUzRSUzQ2ElMjBocmVmJTNEJTIyaHR0cHMlM0ElMkYlMkZzY2lzYS5lcyUyRmZyJTJGaW5zcGVjdGlvbiUyRmluc3BlY3Rpb24taW5kdXN0cmllbGxlJTJGcmV2aXNpb24tZGVzLXByb2NlZHVyZXMtZGUtcHJvZHVjdGlvbi1ldC1kZXMtcGxhbnMtZGVzLXBvaW50cy1kaW5zcGVjdGlvbiUyRiUyMiUzRUVYQU1FTiUyMERFUyUyMFBST0MlQzMlODlEVVJFUyUyMERFJTIwUFJPRFVDVElPTiUyMEVUJTIwREVTJTIwUExBTlMlMjBERVMlMjBQT0lOVFMlMjBEJTI3SU5TUEVDVElPTiUzQyUyRmElM0UlM0MlMkZsaSUzRSUwQSUwQSUzQ2xpJTNFJTNDYSUyMGhyZWYlM0QlMjJodHRwcyUzQSUyRiUyRnNjaXNhLmVzJTJGZnIlMkZpbnNwZWN0aW9uJTJGaW5zcGVjdGlvbi1pbmR1c3RyaWVsbGUlMkZpbnNwZWN0aW9uLWRlLWxhLWZhYnJpY2F0aW9uLWR1LW1vbnRhZ2UtZXQtZGUtbGVudHJldGllbi1kZXMtZXF1aXBlbWVudHMlMkYlMjIlM0VMJTI3SU5TUEVDVElPTiUyMERFJTIwTEElMjBGQUJSSUNBVElPTiUyQyUyMERVJTIwTU9OVEFHRSUyMEVUJTIwREUlMjBMJTI3RU5UUkVUSUVOJTIwREVTJTIwJUMzJTg5UVVJUEVNRU5UUyUzQyUyRmElM0UlM0MlMkZsaSUzRSUwQSUwQSUzQ2xpJTIwY2xhc3MlM0QlMjJzaW4tZW5sYWNlJTIyJTNFSU5TUEVDVEVVUlMlMjBDRVJUSUZJJUMzJTg5UyUyMEFQSSUyMDY1MyUzQyUyRmxpJTNFJTBBJTBBJTBBJTNDJTJGdWwlM0U=[\/vc_raw_html][vc_empty_space][vc_raw_html]PGg1PkNvbnRhY3QgYXZlYyBub3VzPC9oNT4=[\/vc_raw_html][vc_separator type=&#8221;normal&#8221; color=&#8221;#bcbcbc&#8221; thickness=&#8221;1&#8243; transparency=&#8221;0.4&#8243;][vc_widget_sidebar sidebar_id=&#8221;sidebar-blog&#8221;][\/vc_column][vc_column width=&#8221;3\/4&#8243;][vc_row_inner row_type=&#8221;row&#8221; type=&#8221;full_width&#8221; text_align=&#8221;left&#8221; css_animation=&#8221;&#8221; css=&#8221;.vc_custom_1639654729177{background-color: #ffffff !important;}&#8221;][vc_column_inner width=&#8221;2\/3&#8243; css=&#8221;.vc_custom_1639654809595{padding-right: 45px !important;padding-left: 45px !important;background-color: #ffffff !important;}&#8221;][vc_column_text]<\/p>\n<h2 class=\"internas-titul\">Inspecteurs certifi\u00e9s API 653<\/h2>\n<p><strong><br \/>\n<a href=\"https:\/\/scisa.es\/fr\/\">SCI <\/a><br \/>\n<\/strong>dispose d&#8217;<strong>inspecteurs certifi\u00e9s<\/strong> <strong>API 653<\/strong> pour l&#8217;inspection des r\u00e9servoirs de stockage en service.<\/p>\n<p>La norme am\u00e9ricaine <strong>API 653<\/strong> fournit les exigences minimales pour l&#8217;inspection, la maintenance, la modification et la reconstruction des<strong> r\u00e9servoirs de stockage une fois en<\/strong> service. Les inspecteurs <strong>API 653<\/strong> v\u00e9rifient l&#8217;\u00e9tat d&#8217;utilisation des r\u00e9servoirs et assurent la qualit\u00e9 du travail d&#8217;inspection.[\/vc_column_text][vc_empty_space][\/vc_column_inner][vc_column_inner width=&#8221;1\/3&#8243; css=&#8221;.vc_custom_1644422096823{margin-top: 0px !important;margin-right: 0px !important;margin-bottom: 0px !important;margin-left: 0px !important;border-top-width: 0px !important;border-right-width: 0px !important;border-bottom-width: 0px !important;border-left-width: 0px !important;padding-top: 0px !important;padding-right: 0px !important;padding-bottom: 0px !important;padding-left: 0px !important;}&#8221;][vc_single_image image=&#8221;56321&#8243; img_size=&#8221;full&#8221; alignment=&#8221;right&#8221; qode_css_animation=&#8221;&#8221; el_class=&#8221;imagen-grande&#8221;][\/vc_column_inner][\/vc_row_inner][vc_empty_space][vc_row_inner row_type=&#8221;row&#8221; type=&#8221;full_width&#8221; text_align=&#8221;left&#8221; css_animation=&#8221;&#8221; css=&#8221;.vc_custom_1639654729177{background-color: #ffffff !important;}&#8221;][vc_column_inner css=&#8221;.vc_custom_1639654809595{padding-right: 45px !important;padding-left: 45px !important;background-color: #ffffff !important;}&#8221;][vc_column_text]<\/p>\n<h2 class=\"internas-titul\">L&#8217;IMPORTANCE DE L&#8217;INSPECTION EN SERVICE DES R\u00c9SERVOIRS DE STOCKAGE<\/h2>\n<p>Le contenu de ces r\u00e9servoirs peut contenir des services qui, en cas de mauvais entretien, de mauvaise utilisation ou \u00e0 cause du temps, peuvent entra\u00eener des risques non seulement mat\u00e9riels, mais aussi personnels et environnementaux.<\/p>\n<p>C&#8217;est pourquoi des connaissances et des techniciens certifi\u00e9s sont n\u00e9cessaires pour une<strong> inspection correcte<\/strong>.[\/vc_column_text][vc_empty_space][\/vc_column_inner][\/vc_row_inner][vc_row_inner row_type=&#8221;row&#8221; type=&#8221;full_width&#8221; text_align=&#8221;left&#8221; css_animation=&#8221;&#8221; css=&#8221;.vc_custom_1644422847866{padding-right: 0px !important;padding-left: 0px !important;background-color: #ffffff !important;}&#8221;][vc_column_inner css=&#8221;.vc_custom_1644422839689{padding-right: 0px !important;padding-left: 0px !important;background-color: #ffffff !important;}&#8221;][vc_gallery type=&#8221;image_grid&#8221; images=&#8221;56323,56325&#8243; img_size=&#8221;580&#215;300&#8243; onclick=&#8221;&#8221; column_number=&#8221;2&#8243; grayscale=&#8221;no&#8221; images_space=&#8221;gallery_without_space&#8221; css=&#8221;.vc_custom_1644422224391{margin-top: 0px !important;margin-right: 0px !important;margin-bottom: 0px !important;margin-left: 0px !important;border-top-width: 0px !important;border-right-width: 0px !important;border-bottom-width: 0px !important;border-left-width: 0px !important;padding-top: 0px !important;padding-right: 0px !important;padding-bottom: 0px !important;padding-left: 0px !important;}&#8221;][\/vc_column_inner][\/vc_row_inner][vc_empty_space][\/vc_column][\/vc_row][vc_row css_animation=&#8221;&#8221; row_type=&#8221;row&#8221; use_row_as_full_screen_section=&#8221;no&#8221; type=&#8221;full_width&#8221; angled_section=&#8221;no&#8221; text_align=&#8221;left&#8221; background_image_as_pattern=&#8221;without_pattern&#8221;][vc_column][vc_empty_space height=&#8221;64px&#8221;][\/vc_column][\/vc_row]<\/p>\n<\/div>","protected":false},"excerpt":{"rendered":"<p>[vc_row css_animation=&#8221;&#8221; row_type=&#8221;row&#8221; use_row_as_full_screen_section=&#8221;no&#8221; type=&#8221;full_width&#8221; angled_section=&#8221;no&#8221; text_align=&#8221;left&#8221; background_image_as_pattern=&#8221;without_pattern&#8221;][vc_column width=&#8221;1\/4&#8243;][vc_raw_html]PGg1PkF1dHJlcyBzZXJ2aWNlcyBJTlNQRUNUSU9OPC9oNT4=[\/vc_raw_html][vc_separator type=&#8221;normal&#8221; color=&#8221;#bcbcbc&#8221; thickness=&#8221;1&#8243; transparency=&#8221;0.4&#8243;][vc_raw_html]JTNDdWwlMjBjbGFzcyUzRCUyMm1lbnUtbGF0ZXJhbCUyMiUzRSUwQSUzQ2xpJTIwY2xhc3MlM0QlMjJ2b2x2ZXIlMjIlM0UlM0NhJTIwaHR0cHMlM0ElM0QlMjIlMjIlM0UlM0NpJTIwY2xhc3MlM0QlMjJmYSUyMGZhLWJhY2t3YXJkJTIyJTIwYXJpYS1oaWRkZW4lM0QlMjJ0cnVlJTIyJTNFJTNDJTJGaSUzRSUyMCUyMElOU1BFQ1RJT04lM0MlMkZhJTNFJTNDJTJGbGklM0UlMEElMEElM0NsaSUzRSUzQ2ElMjBocmVmJTNEJTIyaHR0cHMlM0ElMkYlMkZzY2lzYS5lcyUyRmZyJTJGaW5zcGVjdGlvbiUyRmluc3BlY3Rpb24taW5kdXN0cmllbGxlJTJGcmV2aXNpb24tZGVzLXByb2NlZHVyZXMtZGUtcHJvZHVjdGlvbi1ldC1kZXMtcGxhbnMtZGVzLXBvaW50cy1kaW5zcGVjdGlvbiUyRiUyMiUzRUVYQU1FTiUyMERFUyUyMFBST0MlQzMlODlEVVJFUyUyMERFJTIwUFJPRFVDVElPTiUyMEVUJTIwREVTJTIwUExBTlMlMjBERVMlMjBQT0lOVFMlMjBEJTI3SU5TUEVDVElPTiUzQyUyRmElM0UlM0MlMkZsaSUzRSUwQSUwQSUzQ2xpJTNFJTNDYSUyMGhyZWYlM0QlMjJodHRwcyUzQSUyRiUyRnNjaXNhLmVzJTJGZnIlMkZpbnNwZWN0aW9uJTJGaW5zcGVjdGlvbi1pbmR1c3RyaWVsbGUlMkZpbnNwZWN0aW9uLWRlLWxhLWZhYnJpY2F0aW9uLWR1LW1vbnRhZ2UtZXQtZGUtbGVudHJldGllbi1kZXMtZXF1aXBlbWVudHMlMkYlMjIlM0VMJTI3SU5TUEVDVElPTiUyMERFJTIwTEElMjBGQUJSSUNBVElPTiUyQyUyMERVJTIwTU9OVEFHRSUyMEVUJTIwREUlMjBMJTI3RU5UUkVUSUVOJTIwREVTJTIwJUMzJTg5UVVJUEVNRU5UUyUzQyUyRmElM0UlM0MlMkZsaSUzRSUwQSUwQSUzQ2xpJTIwY2xhc3MlM0QlMjJzaW4tZW5sYWNlJTIyJTNFSU5TUEVDVEVVUlMlMjBDRVJUSUZJJUMzJTg5UyUyMEFQSSUyMDY1MyUzQyUyRmxpJTNFJTBBJTBBJTBBJTNDJTJGdWwlM0U=[\/vc_raw_html][vc_empty_space][vc_raw_html]PGg1PkNvbnRhY3QgYXZlYyBub3VzPC9oNT4=[\/vc_raw_html][vc_separator type=&#8221;normal&#8221; color=&#8221;#bcbcbc&#8221; thickness=&#8221;1&#8243; transparency=&#8221;0.4&#8243;][vc_widget_sidebar sidebar_id=&#8221;sidebar-blog&#8221;][\/vc_column][vc_column width=&#8221;3\/4&#8243;][vc_row_inner row_type=&#8221;row&#8221; type=&#8221;full_width&#8221; text_align=&#8221;left&#8221; css_animation=&#8221;&#8221; css=&#8221;.vc_custom_1639654729177{background-color: #ffffff !important;}&#8221;][vc_column_inner width=&#8221;2\/3&#8243; css=&#8221;.vc_custom_1639654809595{padding-right: 45px !important;padding-left: 45px !important;background-color: #ffffff !important;}&#8221;][vc_column_text] Inspecteurs certifi\u00e9s API 653 SCI dispose d&#8217;inspecteurs certifi\u00e9s API 653 pour&#8230;<\/p>\n","protected":false},"author":1,"featured_media":0,"parent":58326,"menu_order":0,"comment_status":"closed","ping_status":"closed","template":"","meta":{"footnotes":""},"class_list":["post-58137","page","type-page","status-publish","hentry"],"_links":{"self":[{"href":"https:\/\/scisa.es\/fr\/wp-json\/wp\/v2\/pages\/58137","targetHints":{"allow":["GET"]}}],"collection":[{"href":"https:\/\/scisa.es\/fr\/wp-json\/wp\/v2\/pages"}],"about":[{"href":"https:\/\/scisa.es\/fr\/wp-json\/wp\/v2\/types\/page"}],"author":[{"embeddable":true,"href":"https:\/\/scisa.es\/fr\/wp-json\/wp\/v2\/users\/1"}],"replies":[{"embeddable":true,"href":"https:\/\/scisa.es\/fr\/wp-json\/wp\/v2\/comments?post=58137"}],"version-history":[{"count":0,"href":"https:\/\/scisa.es\/fr\/wp-json\/wp\/v2\/pages\/58137\/revisions"}],"up":[{"embeddable":true,"href":"https:\/\/scisa.es\/fr\/wp-json\/wp\/v2\/pages\/58326"}],"wp:attachment":[{"href":"https:\/\/scisa.es\/fr\/wp-json\/wp\/v2\/media?parent=58137"}],"curies":[{"name":"wp","href":"https:\/\/api.w.org\/{rel}","templated":true}]}}