{"id":58139,"date":"2021-12-16T09:27:18","date_gmt":"2021-12-16T09:27:18","guid":{"rendered":"https:\/\/scisa.es\/inspection\/installations-thermiques\/"},"modified":"2023-01-25T11:46:19","modified_gmt":"2023-01-25T11:46:19","slug":"installations-thermiques","status":"publish","type":"page","link":"https:\/\/scisa.es\/fr\/inspection\/installations-thermiques\/","title":{"rendered":"Installations thermiques"},"content":{"rendered":"<div class=\"wpb-content-wrapper\"><p>[vc_row css_animation=&#8221;&#8221; row_type=&#8221;row&#8221; use_row_as_full_screen_section=&#8221;no&#8221; type=&#8221;full_width&#8221; angled_section=&#8221;no&#8221; text_align=&#8221;left&#8221; background_image_as_pattern=&#8221;without_pattern&#8221;][vc_column width=&#8221;1\/4&#8243;][vc_raw_html]PGg1PlTDqWzDqWNoYXJnZW1lbnRzPC9oNT4=[\/vc_raw_html][vc_separator type=&#8221;normal&#8221; color=&#8221;#bcbcbc&#8221; thickness=&#8221;1&#8243; transparency=&#8221;0.4&#8243;][vc_raw_html]JTNDYSUyMHRhcmdldCUzRCUyMl9ibGFuayUyMiUyMGNsYXNzJTNEJTIyZm9sbGV0by11bm8lMjIlMjBocmVmJTNEJTIyaHR0cHMlM0ElMkYlMkZzY2lzYS5lcyUyRndwLWNvbnRlbnQlMkZ1cGxvYWRzJTJGMjAyMiUyRjAyJTJGSW5zdGFsYWNpb25lcy1URXJtaWNhcy1SRC0xMDI3MjAwNy5wZGYlMjIlM0UlM0NkaXYlMjBjbGFzcyUzRCUyMmZvbGxldG8lMjIlM0UlMEElM0NpbWclMjBjbGFzcyUzRCUyMmljb25vJTIyJTIwc3JjJTNEJTIyaHR0cHMlM0ElMkYlMkZzY2lzYS5lcyUyRndwLWNvbnRlbnQlMkZ1cGxvYWRzJTJGMjAyMSUyRjEyJTJGZG93bmxvYWQtZmlsZS0xLnBuZyUyMiUzRSUwQSUzQ3AlMjBjbGFzcyUzRCUyMnRleHRvJTIyJTNFVCVDMyVBOWwlQzMlQTljaGFyZ2VyJTIwbGElMjBmaWNoZSUyMHRlY2huaXF1ZSUzQyUyRnAlM0UlMEElMEElM0MlMkZkaXYlM0UlM0MlMkZhJTNF[\/vc_raw_html][vc_empty_space][vc_raw_html]PGg1PkF1dHJlcyBzZXJ2aWNlcyBJTlNQRUNUSU9OPC9oNT4=[\/vc_raw_html][vc_separator type=&#8221;normal&#8221; color=&#8221;#bcbcbc&#8221; thickness=&#8221;1&#8243; transparency=&#8221;0.4&#8243;][vc_raw_html]JTNDdWwlMjBjbGFzcyUzRCUyMm1lbnUtbGF0ZXJhbCUyMiUzRSUwQSUzQ2xpJTIwY2xhc3MlM0QlMjJ2b2x2ZXIlMjIlM0UlM0NhJTIwaHJlZiUzRCUyMmh0dHBzJTNBJTJGJTJGc2Npc2EuZXMlMkZmciUyRmluc3BlY3Rpb24lMkYlMjIlM0UlM0NpJTIwY2xhc3MlM0QlMjJmYSUyMGZhLWJhY2t3YXJkJTIyJTIwYXJpYS1oaWRkZW4lM0QlMjJ0cnVlJTIyJTNFJTNDJTJGaSUzRSUyMCUyMElOU1BFQ1RJT04lM0MlMkZhJTNFJTNDJTJGbGklM0UlMEElM0NsaSUzRSUzQ2ElMjBocmVmJTNEJTIyaHR0cHMlM0ElMkYlMkZzY2lzYS5lcyUyRmZyJTJGaW5zcGVjdGlvbiUyRmFzY2Vuc2V1cnMlMkYlMjIlM0VBc2NlbnNldXJzJTIwJTIwJTNDJTJGYSUzRSUzQyUyRmxpJTNFJTBBJTNDbGklM0UlM0NhJTIwaHJlZiUzRCUyMmh0dHBzJTNBJTJGJTJGc2Npc2EuZXMlMkZmciUyRmluc3BlY3Rpb24lMkZwY2ktbm9uLWluZHVzdHJpZWwlMkYlMjIlM0VQQ0klMjBOb24tSW5kdXN0cmllbCUzQyUyRmElM0UlM0MlMkZsaSUzRSUwQSUwQSUzQ2xpJTNFJTNDYSUyMGhyZWYlM0QlMjJodHRwcyUzQSUyRiUyRnNjaXNhLmVzJTJGZnIlMkZpbnNwZWN0aW9uJTJGcGNpLWluZHVzdHJpYWwlMkYlMjIlM0VQQ0klMjBJbmR1c3RyaWFsJTNDJTJGYSUzRSUzQyUyRmxpJTNFJTBBJTBBJTNDbGklM0UlM0NhJTIwaHJlZiUzRCUyMmh0dHBzJTNBJTJGJTJGc2Npc2EuZXMlMkZmciUyRmluc3BlY3Rpb24lMkZjb21idXN0aWJsZXMtZ2F6ZXV4JTJGJTIyJTNFQ29tYnVzdGlibGVzJTIwZ2F6ZXV4JTNDJTJGYSUzRSUzQyUyRmxpJTNFJTBBJTBBJTNDbGklM0UlM0NhJTIwaHJlZiUzRCUyMmh0dHBzJTNBJTJGJTJGc2Npc2EuZXMlMkZmciUyRmluc3BlY3Rpb24lMkZncnVlcy1tb2JpbGVzLWV0LWF1dG9tb3RyaWNlcyUyRiUyMiUzRUdydWVzJTIwbW9iaWxlcyUyMGV0JTIwYXV0b21vdHJpY2VzJTNDJTJGYSUzRSUzQyUyRmxpJTNFJTBBJTBBJTNDbGklM0UlM0NhJTIwaHJlZiUzRCUyMmh0dHBzJTNBJTJGJTJGc2Npc2EuZXMlMkZmciUyRmluc3BlY3Rpb24lMkZpbnN0YWxsYXRpb25zLWVsZWN0cmlxdWVzLWJhc3NlLXRlbnNpb24lMkYlMjIlM0VJbnN0YWxsYXRpb25zJTIwJUMzJUE5bGVjdHJpcXVlcyUyMGJhc3NlJTIwdGVuc2lvbiUzQyUyRmElM0UlM0MlMkZsaSUzRSUwQSUwQSUzQ2xpJTNFJTNDYSUyMGhyZWYlM0QlMjJodHRwcyUzQSUyRiUyRnNjaXNhLmVzJTJGZnIlMkZpbnNwZWN0aW9uJTJGaW5zdGFsbGF0aW9ucy1lbGVjdHJpcXVlcy1oYXV0ZS10ZW5zaW9uJTJGJTIyJTNFSW5zdGFsbGF0aW9ucyUyMCVDMyVBOWxlY3RyaXF1ZXMlMjBoYXV0ZSUyMHRlbnNpb24lM0MlMkZhJTNFJTNDJTJGbGklM0UlMEElMEElM0NsaSUzRSUzQ2ElMjBocmVmJTNEJTIyaHR0cHMlM0ElMkYlMkZzY2lzYS5lcyUyRmZyJTJGaW5zcGVjdGlvbiUyRmVxdWlwZW1lbnQtc291cy1wcmVzc2lvbiUyRiUyMiUzRUluc3BlY3Rpb25zJTIwZGVzJTIwJUMzJUE5cXVpcGVtZW50cyUyMHNvdXMlMjBwcmVzc2lvbiUzQyUyRmElM0UlM0MlMkZsaSUzRSUwQSUwQSUzQ2xpJTNFJTNDYSUyMGhyZWYlM0QlMjJodHRwcyUzQSUyRiUyRnNjaXNhLmVzJTJGZnIlMkZpbnNwZWN0aW9uJTJGaW5zdGFsbGF0aW9ucy1mcmlnb3JpZmlxdWVzJTJGJTIyJTNFSW5zdGFsbGF0aW9ucyUyMGZyaWdvcmlmaXF1ZXMlM0MlMkZhJTNFJTNDJTJGbGklM0UlMEElMEElM0NsaSUzRSUzQ2ElMjBocmVmJTNEJTIyaHR0cHMlM0ElMkYlMkZzY2lzYS5lcyUyRmZyJTJGaW5zcGVjdGlvbiUyRnByb2R1aXRzLWNoaW1pcXVlcyUyRiUyMiUzRVByb2R1aXRzJTIwY2hpbWlxdWVzJTNDJTJGYSUzRSUzQyUyRmxpJTNFJTBBJTBBJTNDbGklM0UlM0NhJTIwaHJlZiUzRCUyMmh0dHBzJTNBJTJGJTJGc2Npc2EuZXMlMkZmciUyRmluc3BlY3Rpb24lMkZpbnN0YWxsYXRpb25zLXBldHJvbGllcmVzJTJGJTIyJTNFSW5zdGFsbGF0aW9ucyUyMHAlQzMlQTl0cm9saSVDMyVBOHJlcyUzQyUyRmElM0UlM0MlMkZsaSUzRSUwQSUwQSUzQ2xpJTNFJTNDYSUyMGhyZWYlM0QlMjJodHRwcyUzQSUyRiUyRnNjaXNhLmVzJTJGZnIlMkZpbnNwZWN0aW9uJTJGdHJhbnNwb3J0LWRlLWxhdHAlMkYlMjIlM0VUcmFuc3BvcnQlMjBkZSUyMGwlMjdBVFAlM0MlMkZhJTNFJTNDJTJGbGklM0UlMEElMEElM0NsaSUyMGNsYXNzJTNEJTIyc2luLWVubGFjZSUyMiUzRUluc3RhbGxhdGlvbnMlMjB0aGVybWlxdWVzJTNDJTJGbGklM0UlMEElMEElM0MlMkZ1bCUzRQ==[\/vc_raw_html][vc_empty_space][vc_raw_html]PGg1PkNvbnRhY3QgYXZlYyBub3VzPC9oNT4=[\/vc_raw_html][vc_separator type=&#8221;normal&#8221; color=&#8221;#bcbcbc&#8221; thickness=&#8221;1&#8243; transparency=&#8221;0.4&#8243;][vc_widget_sidebar sidebar_id=&#8221;sidebar-blog&#8221;][\/vc_column][vc_column width=&#8221;3\/4&#8243;][vc_row_inner row_type=&#8221;row&#8221; type=&#8221;full_width&#8221; text_align=&#8221;left&#8221; css_animation=&#8221;&#8221; css=&#8221;.vc_custom_1639654729177{background-color: #ffffff !important;}&#8221;][vc_column_inner css=&#8221;.vc_custom_1639654809595{padding-right: 45px !important;padding-left: 45px !important;background-color: #ffffff !important;}&#8221;][vc_column_text]<\/p>\n<h2 class=\"internas-titul\">R\u00c9GLEMENTATION DES INSTALLATIONS THERMIQUES DANS LES B\u00c2TIMENTS<\/h2>\n<p style=\"text-align: left;\">Le <strong><a href=\"https:\/\/www.boe.es\/buscar\/doc.php?id=BOE-A-2007-15820\" target=\"_blank\" rel=\"noopener\">R.D. 1027\/2007<\/a> <\/strong>, modifi\u00e9 par le<strong> <a href=\"https:\/\/www.boe.es\/buscar\/doc.php?id=BOE-A-2013-3905\" target=\"_blank\" rel=\"noopener\">R.D. 238\/213<\/a> et le <a href=\"https:\/\/www.boe.es\/buscar\/doc.php?id=BOE-A-2021-4572\" target=\"_blank\" rel=\"noopener\">R.D. 178\/2021,<\/a><\/strong> \u00e9tablit les exigences d&#8217;efficacit\u00e9 \u00e9nerg\u00e9tique et de s\u00e9curit\u00e9 auxquelles doivent r\u00e9pondre les <strong>installations thermiques des b\u00e2timents<\/strong> destin\u00e9s \u00e0 satisfaire la demande de bien-\u00eatre et d&#8217;hygi\u00e8ne des personnes.<\/p>\n<p>[\/vc_column_text][\/vc_column_inner][\/vc_row_inner][vc_row_inner row_type=&#8221;row&#8221; type=&#8221;full_width&#8221; text_align=&#8221;left&#8221; css_animation=&#8221;&#8221; css=&#8221;.vc_custom_1639742702193{padding-right: 0px !important;padding-left: 25px !important;background-color: #ffffff !important;}&#8221;][vc_column_inner][vc_column_text]<strong>Types d&#8217;inspections<\/strong><\/p>\n<ul class=\"una-lista\">\n<li><i class=\"fa fa-arrow-circle-o-right\" aria-hidden=\"true\"><\/i> Inspection initiale. \u00c0 d\u00e9terminer par l&#8217;organe comp\u00e9tent de chaque communaut\u00e9 autonome.<\/li>\n<li><i class=\"fa fa-arrow-circle-o-right\" aria-hidden=\"true\"><\/i> Contr\u00f4le p\u00e9riodique de l&#8217;efficacit\u00e9 \u00e9nerg\u00e9tique des installations soumises au RITE (sous r\u00e9serve du R D 1027\/2007). <em><br \/>\n<strong>RITE (soumis au <a href=\"https:\/\/www.boe.es\/buscar\/doc.php?id=BOE-A-2007-15820\" target=\"_blank\" rel=\"noopener\">R.D.1027\/2007<\/a>)<\/strong><br \/>\n<\/em><\/p>\n<ul>\n<li>Pour les installations de chauffage, de ventilation et d&#8217;eau chaude sanitaire dont la puissance thermique nominale est sup\u00e9rieure \u00e0 70 kW : tous les 4 ans.<\/li>\n<li>Pour les syst\u00e8mes de climatisation et de ventilation, dont la puissance thermique nominale est sup\u00e9rieure \u00e0 70 kW : tous les 4 ans.<\/li>\n<li>Inspection de l&#8217;installation thermique compl\u00e8te, d&#8217;une puissance thermique nominale sup\u00e9rieure \u00e0 70 kW : tous les 15 ans.<\/li>\n<\/ul>\n<\/li>\n<\/ul>\n<p>[\/vc_column_text][vc_empty_space][\/vc_column_inner][\/vc_row_inner][vc_row_inner row_type=&#8221;row&#8221; type=&#8221;full_width&#8221; text_align=&#8221;left&#8221; css_animation=&#8221;&#8221; css=&#8221;.vc_custom_1643712262796{padding-right: 0px !important;padding-left: 0px !important;}&#8221;][vc_column_inner css=&#8221;.vc_custom_1643712305357{padding-right: 0px !important;padding-left: 0px !important;}&#8221;][vc_gallery type=&#8221;image_grid&#8221; images=&#8221;59597,59600&#8243; img_size=&#8221;540&#215;200&#8243; column_number=&#8221;2&#8243; grayscale=&#8221;no&#8221; images_space=&#8221;gallery_without_space&#8221;][\/vc_column_inner][\/vc_row_inner][vc_empty_space][\/vc_column][\/vc_row][vc_row css_animation=&#8221;&#8221; row_type=&#8221;row&#8221; use_row_as_full_screen_section=&#8221;no&#8221; type=&#8221;full_width&#8221; angled_section=&#8221;no&#8221; text_align=&#8221;left&#8221; background_image_as_pattern=&#8221;without_pattern&#8221;][vc_column][vc_empty_space height=&#8221;64px&#8221;][\/vc_column][\/vc_row]<\/p>\n<\/div>","protected":false},"excerpt":{"rendered":"<p>[vc_row css_animation=&#8221;&#8221; row_type=&#8221;row&#8221; use_row_as_full_screen_section=&#8221;no&#8221; type=&#8221;full_width&#8221; angled_section=&#8221;no&#8221; text_align=&#8221;left&#8221; background_image_as_pattern=&#8221;without_pattern&#8221;][vc_column width=&#8221;1\/4&#8243;][vc_raw_html]PGg1PlTDqWzDqWNoYXJnZW1lbnRzPC9oNT4=[\/vc_raw_html][vc_separator type=&#8221;normal&#8221; color=&#8221;#bcbcbc&#8221; thickness=&#8221;1&#8243; transparency=&#8221;0.4&#8243;][vc_raw_html]JTNDYSUyMHRhcmdldCUzRCUyMl9ibGFuayUyMiUyMGNsYXNzJTNEJTIyZm9sbGV0by11bm8lMjIlMjBocmVmJTNEJTIyaHR0cHMlM0ElMkYlMkZzY2lzYS5lcyUyRndwLWNvbnRlbnQlMkZ1cGxvYWRzJTJGMjAyMiUyRjAyJTJGSW5zdGFsYWNpb25lcy1URXJtaWNhcy1SRC0xMDI3MjAwNy5wZGYlMjIlM0UlM0NkaXYlMjBjbGFzcyUzRCUyMmZvbGxldG8lMjIlM0UlMEElM0NpbWclMjBjbGFzcyUzRCUyMmljb25vJTIyJTIwc3JjJTNEJTIyaHR0cHMlM0ElMkYlMkZzY2lzYS5lcyUyRndwLWNvbnRlbnQlMkZ1cGxvYWRzJTJGMjAyMSUyRjEyJTJGZG93bmxvYWQtZmlsZS0xLnBuZyUyMiUzRSUwQSUzQ3AlMjBjbGFzcyUzRCUyMnRleHRvJTIyJTNFVCVDMyVBOWwlQzMlQTljaGFyZ2VyJTIwbGElMjBmaWNoZSUyMHRlY2huaXF1ZSUzQyUyRnAlM0UlMEElMEElM0MlMkZkaXYlM0UlM0MlMkZhJTNF[\/vc_raw_html][vc_empty_space][vc_raw_html]PGg1PkF1dHJlcyBzZXJ2aWNlcyBJTlNQRUNUSU9OPC9oNT4=[\/vc_raw_html][vc_separator type=&#8221;normal&#8221; color=&#8221;#bcbcbc&#8221; thickness=&#8221;1&#8243; transparency=&#8221;0.4&#8243;][vc_raw_html]JTNDdWwlMjBjbGFzcyUzRCUyMm1lbnUtbGF0ZXJhbCUyMiUzRSUwQSUzQ2xpJTIwY2xhc3MlM0QlMjJ2b2x2ZXIlMjIlM0UlM0NhJTIwaHJlZiUzRCUyMmh0dHBzJTNBJTJGJTJGc2Npc2EuZXMlMkZmciUyRmluc3BlY3Rpb24lMkYlMjIlM0UlM0NpJTIwY2xhc3MlM0QlMjJmYSUyMGZhLWJhY2t3YXJkJTIyJTIwYXJpYS1oaWRkZW4lM0QlMjJ0cnVlJTIyJTNFJTNDJTJGaSUzRSUyMCUyMElOU1BFQ1RJT04lM0MlMkZhJTNFJTNDJTJGbGklM0UlMEElM0NsaSUzRSUzQ2ElMjBocmVmJTNEJTIyaHR0cHMlM0ElMkYlMkZzY2lzYS5lcyUyRmZyJTJGaW5zcGVjdGlvbiUyRmFzY2Vuc2V1cnMlMkYlMjIlM0VBc2NlbnNldXJzJTIwJTIwJTNDJTJGYSUzRSUzQyUyRmxpJTNFJTBBJTNDbGklM0UlM0NhJTIwaHJlZiUzRCUyMmh0dHBzJTNBJTJGJTJGc2Npc2EuZXMlMkZmciUyRmluc3BlY3Rpb24lMkZwY2ktbm9uLWluZHVzdHJpZWwlMkYlMjIlM0VQQ0klMjBOb24tSW5kdXN0cmllbCUzQyUyRmElM0UlM0MlMkZsaSUzRSUwQSUwQSUzQ2xpJTNFJTNDYSUyMGhyZWYlM0QlMjJodHRwcyUzQSUyRiUyRnNjaXNhLmVzJTJGZnIlMkZpbnNwZWN0aW9uJTJGcGNpLWluZHVzdHJpYWwlMkYlMjIlM0VQQ0klMjBJbmR1c3RyaWFsJTNDJTJGYSUzRSUzQyUyRmxpJTNFJTBBJTBBJTNDbGklM0UlM0NhJTIwaHJlZiUzRCUyMmh0dHBzJTNBJTJGJTJGc2Npc2EuZXMlMkZmciUyRmluc3BlY3Rpb24lMkZjb21idXN0aWJsZXMtZ2F6ZXV4JTJGJTIyJTNFQ29tYnVzdGlibGVzJTIwZ2F6ZXV4JTNDJTJGYSUzRSUzQyUyRmxpJTNFJTBBJTBBJTNDbGklM0UlM0NhJTIwaHJlZiUzRCUyMmh0dHBzJTNBJTJGJTJGc2Npc2EuZXMlMkZmciUyRmluc3BlY3Rpb24lMkZncnVlcy1tb2JpbGVzLWV0LWF1dG9tb3RyaWNlcyUyRiUyMiUzRUdydWVzJTIwbW9iaWxlcyUyMGV0JTIwYXV0b21vdHJpY2VzJTNDJTJGYSUzRSUzQyUyRmxpJTNFJTBBJTBBJTNDbGklM0UlM0NhJTIwaHJlZiUzRCUyMmh0dHBzJTNBJTJGJTJGc2Npc2EuZXMlMkZmciUyRmluc3BlY3Rpb24lMkZpbnN0YWxsYXRpb25zLWVsZWN0cmlxdWVzLWJhc3NlLXRlbnNpb24lMkYlMjIlM0VJbnN0YWxsYXRpb25zJTIwJUMzJUE5bGVjdHJpcXVlcyUyMGJhc3NlJTIwdGVuc2lvbiUzQyUyRmElM0UlM0MlMkZsaSUzRSUwQSUwQSUzQ2xpJTNFJTNDYSUyMGhyZWYlM0QlMjJodHRwcyUzQSUyRiUyRnNjaXNhLmVzJTJGZnIlMkZpbnNwZWN0aW9uJTJGaW5zdGFsbGF0aW9ucy1lbGVjdHJpcXVlcy1oYXV0ZS10ZW5zaW9uJTJGJTIyJTNFSW5zdGFsbGF0aW9ucyUyMCVDMyVBOWxlY3RyaXF1ZXMlMjBoYXV0ZSUyMHRlbnNpb24lM0MlMkZhJTNFJTNDJTJGbGklM0UlMEElMEElM0NsaSUzRSUzQ2ElMjBocmVmJTNEJTIyaHR0cHMlM0ElMkYlMkZzY2lzYS5lcyUyRmZyJTJGaW5zcGVjdGlvbiUyRmVxdWlwZW1lbnQtc291cy1wcmVzc2lvbiUyRiUyMiUzRUluc3BlY3Rpb25zJTIwZGVzJTIwJUMzJUE5cXVpcGVtZW50cyUyMHNvdXMlMjBwcmVzc2lvbiUzQyUyRmElM0UlM0MlMkZsaSUzRSUwQSUwQSUzQ2xpJTNFJTNDYSUyMGhyZWYlM0QlMjJodHRwcyUzQSUyRiUyRnNjaXNhLmVzJTJGZnIlMkZpbnNwZWN0aW9uJTJGaW5zdGFsbGF0aW9ucy1mcmlnb3JpZmlxdWVzJTJGJTIyJTNFSW5zdGFsbGF0aW9ucyUyMGZyaWdvcmlmaXF1ZXMlM0MlMkZhJTNFJTNDJTJGbGklM0UlMEElMEElM0NsaSUzRSUzQ2ElMjBocmVmJTNEJTIyaHR0cHMlM0ElMkYlMkZzY2lzYS5lcyUyRmZyJTJGaW5zcGVjdGlvbiUyRnByb2R1aXRzLWNoaW1pcXVlcyUyRiUyMiUzRVByb2R1aXRzJTIwY2hpbWlxdWVzJTNDJTJGYSUzRSUzQyUyRmxpJTNFJTBBJTBBJTNDbGklM0UlM0NhJTIwaHJlZiUzRCUyMmh0dHBzJTNBJTJGJTJGc2Npc2EuZXMlMkZmciUyRmluc3BlY3Rpb24lMkZpbnN0YWxsYXRpb25zLXBldHJvbGllcmVzJTJGJTIyJTNFSW5zdGFsbGF0aW9ucyUyMHAlQzMlQTl0cm9saSVDMyVBOHJlcyUzQyUyRmElM0UlM0MlMkZsaSUzRSUwQSUwQSUzQ2xpJTNFJTNDYSUyMGhyZWYlM0QlMjJodHRwcyUzQSUyRiUyRnNjaXNhLmVzJTJGZnIlMkZpbnNwZWN0aW9uJTJGdHJhbnNwb3J0LWRlLWxhdHAlMkYlMjIlM0VUcmFuc3BvcnQlMjBkZSUyMGwlMjdBVFAlM0MlMkZhJTNFJTNDJTJGbGklM0UlMEElMEElM0NsaSUyMGNsYXNzJTNEJTIyc2luLWVubGFjZSUyMiUzRUluc3RhbGxhdGlvbnMlMjB0aGVybWlxdWVzJTNDJTJGbGklM0UlMEElMEElM0MlMkZ1bCUzRQ==[\/vc_raw_html][vc_empty_space][vc_raw_html]PGg1PkNvbnRhY3QgYXZlYyBub3VzPC9oNT4=[\/vc_raw_html][vc_separator type=&#8221;normal&#8221; color=&#8221;#bcbcbc&#8221; thickness=&#8221;1&#8243; transparency=&#8221;0.4&#8243;][vc_widget_sidebar sidebar_id=&#8221;sidebar-blog&#8221;][\/vc_column][vc_column width=&#8221;3\/4&#8243;][vc_row_inner row_type=&#8221;row&#8221; type=&#8221;full_width&#8221; text_align=&#8221;left&#8221; css_animation=&#8221;&#8221; css=&#8221;.vc_custom_1639654729177{background-color: #ffffff !important;}&#8221;][vc_column_inner css=&#8221;.vc_custom_1639654809595{padding-right: 45px !important;padding-left: 45px !important;background-color: #ffffff !important;}&#8221;][vc_column_text] R\u00c9GLEMENTATION DES INSTALLATIONS THERMIQUES DANS LES B\u00c2TIMENTS Le&#8230;<\/p>\n","protected":false},"author":1,"featured_media":0,"parent":58106,"menu_order":0,"comment_status":"closed","ping_status":"closed","template":"","meta":{"footnotes":""},"class_list":["post-58139","page","type-page","status-publish","hentry"],"_links":{"self":[{"href":"https:\/\/scisa.es\/fr\/wp-json\/wp\/v2\/pages\/58139","targetHints":{"allow":["GET"]}}],"collection":[{"href":"https:\/\/scisa.es\/fr\/wp-json\/wp\/v2\/pages"}],"about":[{"href":"https:\/\/scisa.es\/fr\/wp-json\/wp\/v2\/types\/page"}],"author":[{"embeddable":true,"href":"https:\/\/scisa.es\/fr\/wp-json\/wp\/v2\/users\/1"}],"replies":[{"embeddable":true,"href":"https:\/\/scisa.es\/fr\/wp-json\/wp\/v2\/comments?post=58139"}],"version-history":[{"count":0,"href":"https:\/\/scisa.es\/fr\/wp-json\/wp\/v2\/pages\/58139\/revisions"}],"up":[{"embeddable":true,"href":"https:\/\/scisa.es\/fr\/wp-json\/wp\/v2\/pages\/58106"}],"wp:attachment":[{"href":"https:\/\/scisa.es\/fr\/wp-json\/wp\/v2\/media?parent=58139"}],"curies":[{"name":"wp","href":"https:\/\/api.w.org\/{rel}","templated":true}]}}