{"id":58145,"date":"2022-02-17T08:21:31","date_gmt":"2022-02-17T08:21:31","guid":{"rendered":"https:\/\/scisa.es\/inspection-des-soudures-et-soutien-technique\/"},"modified":"2023-01-25T13:05:21","modified_gmt":"2023-01-25T13:05:21","slug":"inspection-des-soudures-et-soutien-technique","status":"publish","type":"page","link":"https:\/\/scisa.es\/fr\/inspection\/inspection-des-soudures-et-soutien-technique\/","title":{"rendered":"Inspection des soudures et soutien technique"},"content":{"rendered":"<div class=\"wpb-content-wrapper\"><p>[vc_row css_animation=&#8221;&#8221; row_type=&#8221;row&#8221; use_row_as_full_screen_section=&#8221;no&#8221; type=&#8221;full_width&#8221; angled_section=&#8221;no&#8221; text_align=&#8221;left&#8221; background_image_as_pattern=&#8221;without_pattern&#8221;][vc_column width=&#8221;1\/4&#8243;][vc_raw_html]PGg1PkF1dHJlcyBzZXJ2aWNlcyBkJ0lOU1BFQ1RJT048L2g1Pg==[\/vc_raw_html][vc_separator type=&#8221;normal&#8221; color=&#8221;#bcbcbc&#8221; thickness=&#8221;1&#8243; transparency=&#8221;0.4&#8243;][vc_raw_html]JTNDdWwlMjBjbGFzcyUzRCUyMm1lbnUtbGF0ZXJhbCUyMiUzRSUwQSUzQ2xpJTIwY2xhc3MlM0QlMjJ2b2x2ZXIlMjIlM0UlM0NhJTIwaHJlZiUzRCUyMmh0dHBzJTNBJTJGJTJGc2Npc2EuZXMlMkZmciUyRmluc3BlY3Rpb24lMkYlMjIlM0UlM0NpJTIwY2xhc3MlM0QlMjJmYSUyMGZhLWJhY2t3YXJkJTIyJTIwYXJpYS1oaWRkZW4lM0QlMjJ0cnVlJTIyJTNFJTNDJTJGaSUzRSUyMCUyMElOU1BFQ1RJT04lM0MlMkZhJTNFJTNDJTJGbGklM0UlMEElM0NsaSUyMGNsYXNzJTNEJTIyc2luLWVubGFjZSUyMiUzRUluc3BlY3Rpb24lMjBkZXMlMjBzb3VkdXJlcyUyMGV0JTIwc291dGllbiUyMHRlY2huaXF1ZSUzQyUyRmxpJTNFJTBBJTNDbGklM0UlM0NhJTIwaHJlZiUzRCUyMmh0dHBzJTNBJTJGJTJGc2Npc2EuZXMlMkZmciUyRmluc3BlY3Rpb24lMkZwcm9jZWR1cmVzLWRlLXNvdWRhZ2UtZXQtY2VydGlmaWNhdGlvbnMtZGVzLXNvdWRldXJzJTJGJTIyJTNFUHJvYyVDMyVBOWR1cmVzJTIwZGUlMjBzb3VkYWdlJTIwZXQlMjBjZXJ0aWZpY2F0aW9ucyUyMGRlcyUyMHNvdWRldXJzJTNDJTJGYSUzRSUyMCUzQyUyRmxpJTNFJTBBJTNDJTJGdWwlM0U=[\/vc_raw_html][vc_empty_space][vc_raw_html]PGg1PkNvbnRhY3QgYXZlYyBub3VzPC9oNT4=[\/vc_raw_html][vc_separator type=&#8221;normal&#8221; color=&#8221;#bcbcbc&#8221; thickness=&#8221;1&#8243; transparency=&#8221;0.4&#8243;][vc_widget_sidebar sidebar_id=&#8221;sidebar-blog&#8221;][\/vc_column][vc_column width=&#8221;3\/4&#8243;][vc_row_inner row_type=&#8221;row&#8221; type=&#8221;full_width&#8221; text_align=&#8221;left&#8221; css_animation=&#8221;&#8221; css=&#8221;.vc_custom_1639654729177{background-color: #ffffff !important;}&#8221;][vc_column_inner css=&#8221;.vc_custom_1639654809595{padding-right: 45px !important;padding-left: 45px !important;background-color: #ffffff !important;}&#8221;][vc_column_text]<\/p>\n<h2 class=\"internas-titul\">Conformit\u00e9 aux normes de soudage ou aux codes d&#8217;approbation de soudage<\/h2>\n<p style=\"text-align: left;\">Les services d&#8217;<strong> inspection de<\/strong> <strong>soudage<\/strong> de <a href=\"https:\/\/scisa.es\/fr\/\">SCI<\/a> assurent la conformit\u00e9 aux normes de <strong>soudage<\/strong> ou aux codes d&#8217;<strong>approbation<\/strong> et aux exigences suppl\u00e9mentaires du client (sp\u00e9cifications, codes de conception, etc.), en optimisant le travail pour <strong>minimiser les co\u00fbts qui en d\u00e9coulent<\/strong>.<\/p>\n<p>[\/vc_column_text][vc_empty_space][\/vc_column_inner][\/vc_row_inner][vc_row_inner row_type=&#8221;row&#8221; type=&#8221;full_width&#8221; text_align=&#8221;left&#8221; css_animation=&#8221;&#8221; css=&#8221;.vc_custom_1644508190883{padding-right: 0px !important;padding-left: 0px !important;background-color: #ffffff !important;}&#8221;][vc_column_inner css=&#8221;.vc_custom_1644508196568{padding-right: 0px !important;padding-left: 0px !important;}&#8221;][vc_gallery type=&#8221;image_grid&#8221; images=&#8221;56857,56859,56861,56863&#8243; img_size=&#8221;400&#215;150&#8243; column_number=&#8221;2&#8243; grayscale=&#8221;no&#8221; images_space=&#8221;gallery_without_space&#8221;][\/vc_column_inner][\/vc_row_inner][vc_empty_space][vc_row_inner row_type=&#8221;row&#8221; type=&#8221;full_width&#8221; text_align=&#8221;left&#8221; css_animation=&#8221;&#8221; css=&#8221;.vc_custom_1639742702193{padding-right: 0px !important;padding-left: 25px !important;background-color: #ffffff !important;}&#8221;][vc_column_inner][vc_empty_space][vc_column_text]<\/p>\n<h2 class=\"internas-titul\">ING\u00c9NIEURS EUROP\u00c9ENS EN SOUDAGE (EWE) ET INSPECTEURS EN SOUDAGE<\/h2>\n<p>SCI dispose, au sein de son personnel, d&#8217;inspecteurs europ\u00e9ens en soudage <strong>(EWE)<\/strong> et d&#8217;inspecteurs en soudage certifi\u00e9s<strong> (aWS, etc.)<\/strong>, qui poss\u00e8dent une vaste exp\u00e9rience dans le domaine du soudage.[\/vc_column_text][vc_empty_space][\/vc_column_inner][\/vc_row_inner][vc_empty_space][\/vc_column][\/vc_row][vc_row css_animation=&#8221;&#8221; row_type=&#8221;row&#8221; use_row_as_full_screen_section=&#8221;no&#8221; type=&#8221;full_width&#8221; angled_section=&#8221;no&#8221; text_align=&#8221;left&#8221; background_image_as_pattern=&#8221;without_pattern&#8221;][vc_column][vc_empty_space height=&#8221;64px&#8221;][\/vc_column][\/vc_row]<\/p>\n<\/div>","protected":false},"excerpt":{"rendered":"<p>[vc_row css_animation=&#8221;&#8221; row_type=&#8221;row&#8221; use_row_as_full_screen_section=&#8221;no&#8221; type=&#8221;full_width&#8221; angled_section=&#8221;no&#8221; text_align=&#8221;left&#8221; background_image_as_pattern=&#8221;without_pattern&#8221;][vc_column width=&#8221;1\/4&#8243;][vc_raw_html]PGg1PkF1dHJlcyBzZXJ2aWNlcyBkJ0lOU1BFQ1RJT048L2g1Pg==[\/vc_raw_html][vc_separator type=&#8221;normal&#8221; color=&#8221;#bcbcbc&#8221; thickness=&#8221;1&#8243; transparency=&#8221;0.4&#8243;][vc_raw_html]JTNDdWwlMjBjbGFzcyUzRCUyMm1lbnUtbGF0ZXJhbCUyMiUzRSUwQSUzQ2xpJTIwY2xhc3MlM0QlMjJ2b2x2ZXIlMjIlM0UlM0NhJTIwaHJlZiUzRCUyMmh0dHBzJTNBJTJGJTJGc2Npc2EuZXMlMkZmciUyRmluc3BlY3Rpb24lMkYlMjIlM0UlM0NpJTIwY2xhc3MlM0QlMjJmYSUyMGZhLWJhY2t3YXJkJTIyJTIwYXJpYS1oaWRkZW4lM0QlMjJ0cnVlJTIyJTNFJTNDJTJGaSUzRSUyMCUyMElOU1BFQ1RJT04lM0MlMkZhJTNFJTNDJTJGbGklM0UlMEElM0NsaSUyMGNsYXNzJTNEJTIyc2luLWVubGFjZSUyMiUzRUluc3BlY3Rpb24lMjBkZXMlMjBzb3VkdXJlcyUyMGV0JTIwc291dGllbiUyMHRlY2huaXF1ZSUzQyUyRmxpJTNFJTBBJTNDbGklM0UlM0NhJTIwaHJlZiUzRCUyMmh0dHBzJTNBJTJGJTJGc2Npc2EuZXMlMkZmciUyRmluc3BlY3Rpb24lMkZwcm9jZWR1cmVzLWRlLXNvdWRhZ2UtZXQtY2VydGlmaWNhdGlvbnMtZGVzLXNvdWRldXJzJTJGJTIyJTNFUHJvYyVDMyVBOWR1cmVzJTIwZGUlMjBzb3VkYWdlJTIwZXQlMjBjZXJ0aWZpY2F0aW9ucyUyMGRlcyUyMHNvdWRldXJzJTNDJTJGYSUzRSUyMCUzQyUyRmxpJTNFJTBBJTNDJTJGdWwlM0U=[\/vc_raw_html][vc_empty_space][vc_raw_html]PGg1PkNvbnRhY3QgYXZlYyBub3VzPC9oNT4=[\/vc_raw_html][vc_separator type=&#8221;normal&#8221; color=&#8221;#bcbcbc&#8221; thickness=&#8221;1&#8243; transparency=&#8221;0.4&#8243;][vc_widget_sidebar sidebar_id=&#8221;sidebar-blog&#8221;][\/vc_column][vc_column width=&#8221;3\/4&#8243;][vc_row_inner row_type=&#8221;row&#8221; type=&#8221;full_width&#8221; text_align=&#8221;left&#8221; css_animation=&#8221;&#8221; css=&#8221;.vc_custom_1639654729177{background-color: #ffffff !important;}&#8221;][vc_column_inner css=&#8221;.vc_custom_1639654809595{padding-right: 45px !important;padding-left: 45px !important;background-color: #ffffff !important;}&#8221;][vc_column_text] Conformit\u00e9 aux normes de soudage ou aux codes d&#8217;approbation de soudage Les&#8230;<\/p>\n","protected":false},"author":1,"featured_media":0,"parent":58106,"menu_order":0,"comment_status":"closed","ping_status":"closed","template":"","meta":{"footnotes":""},"class_list":["post-58145","page","type-page","status-publish","hentry"],"_links":{"self":[{"href":"https:\/\/scisa.es\/fr\/wp-json\/wp\/v2\/pages\/58145","targetHints":{"allow":["GET"]}}],"collection":[{"href":"https:\/\/scisa.es\/fr\/wp-json\/wp\/v2\/pages"}],"about":[{"href":"https:\/\/scisa.es\/fr\/wp-json\/wp\/v2\/types\/page"}],"author":[{"embeddable":true,"href":"https:\/\/scisa.es\/fr\/wp-json\/wp\/v2\/users\/1"}],"replies":[{"embeddable":true,"href":"https:\/\/scisa.es\/fr\/wp-json\/wp\/v2\/comments?post=58145"}],"version-history":[{"count":0,"href":"https:\/\/scisa.es\/fr\/wp-json\/wp\/v2\/pages\/58145\/revisions"}],"up":[{"embeddable":true,"href":"https:\/\/scisa.es\/fr\/wp-json\/wp\/v2\/pages\/58106"}],"wp:attachment":[{"href":"https:\/\/scisa.es\/fr\/wp-json\/wp\/v2\/media?parent=58145"}],"curies":[{"name":"wp","href":"https:\/\/api.w.org\/{rel}","templated":true}]}}