{"id":58153,"date":"2021-12-16T09:24:31","date_gmt":"2021-12-16T09:24:31","guid":{"rendered":"https:\/\/scisa.es\/inspection\/installations-electriques-haute-tension\/"},"modified":"2023-02-01T15:55:14","modified_gmt":"2023-02-01T15:55:14","slug":"installations-electriques-haute-tension","status":"publish","type":"page","link":"https:\/\/scisa.es\/fr\/inspection\/installations-electriques-haute-tension\/","title":{"rendered":"Installations \u00e9lectriques haute tension"},"content":{"rendered":"<div class=\"wpb-content-wrapper\"><p>[vc_row css_animation=&#8221;&#8221; row_type=&#8221;row&#8221; use_row_as_full_screen_section=&#8221;no&#8221; type=&#8221;full_width&#8221; angled_section=&#8221;no&#8221; text_align=&#8221;left&#8221; background_image_as_pattern=&#8221;without_pattern&#8221;][vc_column width=&#8221;1\/4&#8243;][vc_raw_html]PGg1PkF1dHJlcyBzZXJ2aWNlcyBkJ2luc3BlY3Rpb248L2g1Pg==[\/vc_raw_html][vc_separator type=&#8221;normal&#8221; color=&#8221;#bcbcbc&#8221; thickness=&#8221;1&#8243; transparency=&#8221;0.4&#8243;][vc_raw_html]JTNDdWwlMjBjbGFzcyUzRCUyMm1lbnUtbGF0ZXJhbCUyMiUzRSUwQSUzQ2xpJTIwY2xhc3MlM0QlMjJ2b2x2ZXIlMjIlM0UlM0NhJTIwaHJlZiUzRCUyMmh0dHBzJTNBJTJGJTJGc2Npc2EuZXMlMkZmciUyRmluc3BlY3Rpb24lMkYlMjIlM0UlM0NpJTIwY2xhc3MlM0QlMjJmYSUyMGZhLWJhY2t3YXJkJTIyJTIwYXJpYS1oaWRkZW4lM0QlMjJ0cnVlJTIyJTNFJTNDJTJGaSUzRSUyMCUyMElOU1BFQ1RJT04lM0MlMkZhJTNFJTNDJTJGbGklM0UlMEElMEElMEElMEElMEElM0NsaSUzRSUzQ2ElMjBocmVmJTNEJTIyaHR0cHMlM0ElMkYlMkZzY2lzYS5lcyUyRmZyJTJGaW5zcGVjdGlvbiUyRmFzY2Vuc2V1cnMlMkYlMjIlM0VBc2NlbnNldXJzJTNDJTJGYSUzRSUwQSUyMCUzQyUyRmxpJTNFJTBBJTBBJTBBJTNDbGklM0UlM0NhJTIwaHJlZiUzRCUyMmh0dHBzJTNBJTJGJTJGc2Npc2EuZXMlMkZmciUyRmluc3BlY3Rpb24lMkZwY2ktbm9uLWluZHVzdHJpZWwlMkYlMjIlM0VQQ0klMjBOb24tSW5kdXN0cmllbCUzQyUyRmElM0UlM0MlMkZsaSUzRSUwQSUwQSUzQ2xpJTNFJTNDYSUyMGhyZWYlM0QlMjJodHRwcyUzQSUyRiUyRnNjaXNhLmVzJTJGZnIlMkZpbnNwZWN0aW9uJTJGcGNpLWluZHVzdHJpYWwlMkYlMjIlM0VQQ0klMjBJbmR1c3RyaWFsJTNDJTJGYSUzRSUzQyUyRmxpJTNFJTBBJTBBJTNDbGklM0UlM0NhJTIwaHJlZiUzRCUyMmh0dHBzJTNBJTJGJTJGc2Npc2EuZXMlMkZmciUyRmluc3BlY3Rpb24lMkZjb21idXN0aWJsZXMtZ2F6ZXV4JTJGJTIyJTNFQ29tYnVzdGlibGVzJTIwZ2F6ZXV4JTNDJTJGYSUzRSUzQyUyRmxpJTNFJTBBJTBBJTNDbGklM0UlM0NhJTIwaHJlZiUzRCUyMmh0dHBzJTNBJTJGJTJGc2Npc2EuZXMlMkZmciUyRmluc3BlY3Rpb24lMkZncnVlcy1tb2JpbGVzLWV0LWF1dG9tb3RyaWNlcyUyRiUyMiUzRUdydWVzJTIwbW9iaWxlcyUyMGV0JTIwYXV0b21vdHJpY2VzJTNDJTJGYSUzRSUzQyUyRmxpJTNFJTBBJTBBJTNDbGklM0UlM0NhJTIwaHJlZiUzRCUyMmh0dHBzJTNBJTJGJTJGc2Npc2EuZXMlMkZmciUyRmluc3BlY3Rpb24lMkZpbnN0YWxsYXRpb25zLWVsZWN0cmlxdWVzLWJhc3NlLXRlbnNpb24lMkYlMjIlM0VJbnN0YWxsYXRpb25zJTIwJUMzJUE5bGVjdHJpcXVlcyUyMGJhc3NlJTIwdGVuc2lvbiUzQyUyRmElM0UlM0MlMkZsaSUzRSUwQSUwQSUzQ2xpJTIwY2xhc3MlM0QlMjJzaW4tZW5sYWNlJTIyJTNFSW5zdGFsbGF0aW9ucyUyMCVDMyVBOWxlY3RyaXF1ZXMlMjBoYXV0ZSUyMHRlbnNpb24lM0MlMkZsaSUzRSUwQSUwQSUzQ2xpJTNFJTNDYSUyMGhyZWYlM0QlMjJodHRwcyUzQSUyRiUyRnNjaXNhLmVzJTJGZnIlMkZpbnNwZWN0aW9uJTJGZXF1aXBlbWVudC1zb3VzLXByZXNzaW9uJTJGJTIyJTNFJUMzJTg5cXVpcGVtZW50JTIwc291cyUyMHByZXNzaW9uJTNDJTJGYSUzRSUzQyUyRmxpJTNFJTBBJTBBJTNDbGklM0UlM0NhJTIwaHJlZiUzRCUyMmh0dHBzJTNBJTJGJTJGc2Npc2EuZXMlMkZmciUyRmluc3BlY3Rpb24lMkZpbnN0YWxsYXRpb25zLWZyaWdvcmlmaXF1ZXMlMkYlMjIlM0VJbnN0YWxsYXRpb25zJTIwZnJpZ29yaWZpcXVlcyUzQyUyRmElM0UlM0MlMkZsaSUzRSUwQSUwQSUwQSUzQ2xpJTNFJTNDYSUyMGhyZWYlM0QlMjJodHRwcyUzQSUyRiUyRnNjaXNhLmVzJTJGZnIlMkZpbnNwZWN0aW9uJTJGcHJvZHVpdHMtY2hpbWlxdWVzJTJGJTIyJTNFUHJvZHVpdHMlMjBjaGltaXF1ZXMlM0MlMkZhJTNFJTNDJTJGbGklM0UlMEElMEElM0NsaSUzRSUzQ2ElMjBocmVmJTNEJTIyaHR0cHMlM0ElMkYlMkZzY2lzYS5lcyUyRmZyJTJGaW5zcGVjdGlvbiUyRmluc3RhbGxhdGlvbnMtcGV0cm9saWVyZXMlMkYlMjIlM0VJbnN0YWxsYXRpb25zJTIwcCVDMyVBOXRyb2xpJUMzJUE4cmVzJTNDJTJGYSUzRSUzQyUyRmxpJTNFJTBBJTBBJTNDbGklM0UlM0NhJTIwaHJlZiUzRCUyMmh0dHBzJTNBJTJGJTJGc2Npc2EuZXMlMkZmciUyRmluc3BlY3Rpb24lMkZ0cmFuc3BvcnQtZGUtbGF0cCUyRiUyMiUzRVRyYW5zcG9ydCUyMGRlJTIwbCUyN0FUUCUzQyUyRmElM0UlM0MlMkZsaSUzRSUwQSUwQSUzQ2xpJTNFJTNDYSUyMGhyZWYlM0QlMjJodHRwcyUzQSUyRiUyRnNjaXNhLmVzJTJGZnIlMkZpbnNwZWN0aW9uJTJGaW5zdGFsbGF0aW9ucy10aGVybWlxdWVzJTJGJTIyJTNFSW5zdGFsbGF0aW9ucyUyMHRoZXJtaXF1ZXMlM0MlMkZhJTNFJTNDJTJGbGklM0UlMEElMEElM0MlMkZ1bCUzRQ==[\/vc_raw_html][vc_empty_space][vc_raw_html]PGg1PkNvbnRhY3QgYXZlYyBub3VzPC9oNT4=[\/vc_raw_html][vc_separator type=&#8221;normal&#8221; color=&#8221;#bcbcbc&#8221; thickness=&#8221;1&#8243; transparency=&#8221;0.4&#8243;][vc_widget_sidebar sidebar_id=&#8221;sidebar-blog&#8221;][\/vc_column][vc_column width=&#8221;3\/4&#8243;][vc_row_inner row_type=&#8221;row&#8221; type=&#8221;full_width&#8221; text_align=&#8221;left&#8221; css_animation=&#8221;&#8221; css=&#8221;.vc_custom_1644425053790{padding-right: 0px !important;background-color: #ffffff !important;}&#8221;][vc_column_inner width=&#8221;1\/2&#8243; css=&#8221;.vc_custom_1639654809595{padding-right: 45px !important;padding-left: 45px !important;background-color: #ffffff !important;}&#8221;][vc_column_text]<\/p>\n<h2 class=\"internas-titul\">INSTALLATIONS \u00c9LECTRIQUES HAUTE TENSION<\/h2>\n<div class=\"wpb_text_column wpb_content_element \">\n<div class=\"wpb_wrapper\">\n<div class=\"wpb_text_column wpb_content_element \">\n<div class=\"wpb_wrapper\">\n<p><strong>a) <\/strong><strong>Lignes \u00e9lectriques \u00e0 haute tension. <\/strong><a href=\"https:\/\/www.boe.es\/diario_boe\/txt.php?id=BOE-A-2008-5269\" target=\"_blank\" rel=\"noopener\">D\u00e9cret royal 223\/2008<\/a>.<\/p>\n<\/div>\n<\/div>\n<\/div>\n<\/div>\n<p>[\/vc_column_text][vc_empty_space height=&#8221;15px&#8221;]<div class=\"q_icon_list\"><i class=\"qode_icon_font_awesome fa fa-check-circle-o qode-ili-icon-holder circle\" style=\"color: #dbae32;background-color: #ffffff;\" ><\/i><p style=\"font-size: 14px;\">Inspection p\u00e9riodique par l&#039;OCA tous les 3 ans des lignes dont la tension nominale est sup\u00e9rieure \u00e0 30kV.<\/p><\/div>[vc_column_text]<strong>b) <\/strong><strong>Centrales \u00e9lectriques, sous-stations et postes de transformation. Conditions techniques et garanties de s\u00e9curit\u00e9 dans les installations \u00e9lectriques \u00e0 haute tension. <a href=\"https:\/\/www.boe.es\/buscar\/doc.php?id=BOE-A-2014-6084\" target=\"_blank\" rel=\"noopener\">D\u00e9cret royal 337\/2014.<\/a><\/strong>[\/vc_column_text][vc_empty_space height=&#8221;15px&#8221;]<div class=\"q_icon_list\"><i class=\"qode_icon_font_awesome fa fa-check-circle-o qode-ili-icon-holder circle\" style=\"color: #dbae32;background-color: #ffffff;\" ><\/i><p style=\"font-size: 14px;\">Inspection initiale par l&#039;OCA pour les installations dont la tension nominale est sup\u00e9rieure \u00e0 30 kV<\/p><\/div><div class=\"q_icon_list\"><i class=\"qode_icon_font_awesome fa fa-check-circle-o qode-ili-icon-holder circle\" style=\"color: #dbae32;background-color: #ffffff;\" ><\/i><p style=\"font-size: 14px;\">Inspection p\u00e9riodique par l&#039;OCA tous les 3 ans.<\/p><\/div>[\/vc_column_inner][vc_column_inner width=&#8221;1\/2&#8243; css=&#8221;.vc_custom_1644425043925{padding-right: 0px !important;}&#8221;][vc_single_image image=&#8221;56357&#8243; img_size=&#8221;full&#8221; qode_css_animation=&#8221;&#8221;][\/vc_column_inner][\/vc_row_inner][vc_row_inner row_type=&#8221;row&#8221; type=&#8221;full_width&#8221; text_align=&#8221;left&#8221; css_animation=&#8221;&#8221; css=&#8221;.vc_custom_1644425139994{padding-right: 0px !important;padding-left: 0px !important;}&#8221;][vc_column_inner css=&#8221;.vc_custom_1644425132549{padding-right: 0px !important;padding-left: 0px !important;}&#8221;][vc_single_image image=&#8221;56359&#8243; img_size=&#8221;full&#8221; alignment=&#8221;center&#8221; qode_css_animation=&#8221;&#8221;][\/vc_column_inner][\/vc_row_inner][vc_empty_space][\/vc_column][\/vc_row][vc_row css_animation=&#8221;&#8221; row_type=&#8221;row&#8221; use_row_as_full_screen_section=&#8221;no&#8221; type=&#8221;full_width&#8221; angled_section=&#8221;no&#8221; text_align=&#8221;left&#8221; background_image_as_pattern=&#8221;without_pattern&#8221;][vc_column][vc_empty_space height=&#8221;64px&#8221;][\/vc_column][\/vc_row]<\/p>\n<\/div>","protected":false},"excerpt":{"rendered":"<p>[vc_row css_animation=&#8221;&#8221; row_type=&#8221;row&#8221; use_row_as_full_screen_section=&#8221;no&#8221; type=&#8221;full_width&#8221; angled_section=&#8221;no&#8221; text_align=&#8221;left&#8221; background_image_as_pattern=&#8221;without_pattern&#8221;][vc_column width=&#8221;1\/4&#8243;][vc_raw_html]PGg1PkF1dHJlcyBzZXJ2aWNlcyBkJ2luc3BlY3Rpb248L2g1Pg==[\/vc_raw_html][vc_separator type=&#8221;normal&#8221; color=&#8221;#bcbcbc&#8221; thickness=&#8221;1&#8243; transparency=&#8221;0.4&#8243;][vc_raw_html]JTNDdWwlMjBjbGFzcyUzRCUyMm1lbnUtbGF0ZXJhbCUyMiUzRSUwQSUzQ2xpJTIwY2xhc3MlM0QlMjJ2b2x2ZXIlMjIlM0UlM0NhJTIwaHJlZiUzRCUyMmh0dHBzJTNBJTJGJTJGc2Npc2EuZXMlMkZmciUyRmluc3BlY3Rpb24lMkYlMjIlM0UlM0NpJTIwY2xhc3MlM0QlMjJmYSUyMGZhLWJhY2t3YXJkJTIyJTIwYXJpYS1oaWRkZW4lM0QlMjJ0cnVlJTIyJTNFJTNDJTJGaSUzRSUyMCUyMElOU1BFQ1RJT04lM0MlMkZhJTNFJTNDJTJGbGklM0UlMEElMEElMEElMEElMEElM0NsaSUzRSUzQ2ElMjBocmVmJTNEJTIyaHR0cHMlM0ElMkYlMkZzY2lzYS5lcyUyRmZyJTJGaW5zcGVjdGlvbiUyRmFzY2Vuc2V1cnMlMkYlMjIlM0VBc2NlbnNldXJzJTNDJTJGYSUzRSUwQSUyMCUzQyUyRmxpJTNFJTBBJTBBJTBBJTNDbGklM0UlM0NhJTIwaHJlZiUzRCUyMmh0dHBzJTNBJTJGJTJGc2Npc2EuZXMlMkZmciUyRmluc3BlY3Rpb24lMkZwY2ktbm9uLWluZHVzdHJpZWwlMkYlMjIlM0VQQ0klMjBOb24tSW5kdXN0cmllbCUzQyUyRmElM0UlM0MlMkZsaSUzRSUwQSUwQSUzQ2xpJTNFJTNDYSUyMGhyZWYlM0QlMjJodHRwcyUzQSUyRiUyRnNjaXNhLmVzJTJGZnIlMkZpbnNwZWN0aW9uJTJGcGNpLWluZHVzdHJpYWwlMkYlMjIlM0VQQ0klMjBJbmR1c3RyaWFsJTNDJTJGYSUzRSUzQyUyRmxpJTNFJTBBJTBBJTNDbGklM0UlM0NhJTIwaHJlZiUzRCUyMmh0dHBzJTNBJTJGJTJGc2Npc2EuZXMlMkZmciUyRmluc3BlY3Rpb24lMkZjb21idXN0aWJsZXMtZ2F6ZXV4JTJGJTIyJTNFQ29tYnVzdGlibGVzJTIwZ2F6ZXV4JTNDJTJGYSUzRSUzQyUyRmxpJTNFJTBBJTBBJTNDbGklM0UlM0NhJTIwaHJlZiUzRCUyMmh0dHBzJTNBJTJGJTJGc2Npc2EuZXMlMkZmciUyRmluc3BlY3Rpb24lMkZncnVlcy1tb2JpbGVzLWV0LWF1dG9tb3RyaWNlcyUyRiUyMiUzRUdydWVzJTIwbW9iaWxlcyUyMGV0JTIwYXV0b21vdHJpY2VzJTNDJTJGYSUzRSUzQyUyRmxpJTNFJTBBJTBBJTNDbGklM0UlM0NhJTIwaHJlZiUzRCUyMmh0dHBzJTNBJTJGJTJGc2Npc2EuZXMlMkZmciUyRmluc3BlY3Rpb24lMkZpbnN0YWxsYXRpb25zLWVsZWN0cmlxdWVzLWJhc3NlLXRlbnNpb24lMkYlMjIlM0VJbnN0YWxsYXRpb25zJTIwJUMzJUE5bGVjdHJpcXVlcyUyMGJhc3NlJTIwdGVuc2lvbiUzQyUyRmElM0UlM0MlMkZsaSUzRSUwQSUwQSUzQ2xpJTIwY2xhc3MlM0QlMjJzaW4tZW5sYWNlJTIyJTNFSW5zdGFsbGF0aW9ucyUyMCVDMyVBOWxlY3RyaXF1ZXMlMjBoYXV0ZSUyMHRlbnNpb24lM0MlMkZsaSUzRSUwQSUwQSUzQ2xpJTNFJTNDYSUyMGhyZWYlM0QlMjJodHRwcyUzQSUyRiUyRnNjaXNhLmVzJTJGZnIlMkZpbnNwZWN0aW9uJTJGZXF1aXBlbWVudC1zb3VzLXByZXNzaW9uJTJGJTIyJTNFJUMzJTg5cXVpcGVtZW50JTIwc291cyUyMHByZXNzaW9uJTNDJTJGYSUzRSUzQyUyRmxpJTNFJTBBJTBBJTNDbGklM0UlM0NhJTIwaHJlZiUzRCUyMmh0dHBzJTNBJTJGJTJGc2Npc2EuZXMlMkZmciUyRmluc3BlY3Rpb24lMkZpbnN0YWxsYXRpb25zLWZyaWdvcmlmaXF1ZXMlMkYlMjIlM0VJbnN0YWxsYXRpb25zJTIwZnJpZ29yaWZpcXVlcyUzQyUyRmElM0UlM0MlMkZsaSUzRSUwQSUwQSUwQSUzQ2xpJTNFJTNDYSUyMGhyZWYlM0QlMjJodHRwcyUzQSUyRiUyRnNjaXNhLmVzJTJGZnIlMkZpbnNwZWN0aW9uJTJGcHJvZHVpdHMtY2hpbWlxdWVzJTJGJTIyJTNFUHJvZHVpdHMlMjBjaGltaXF1ZXMlM0MlMkZhJTNFJTNDJTJGbGklM0UlMEElMEElM0NsaSUzRSUzQ2ElMjBocmVmJTNEJTIyaHR0cHMlM0ElMkYlMkZzY2lzYS5lcyUyRmZyJTJGaW5zcGVjdGlvbiUyRmluc3RhbGxhdGlvbnMtcGV0cm9saWVyZXMlMkYlMjIlM0VJbnN0YWxsYXRpb25zJTIwcCVDMyVBOXRyb2xpJUMzJUE4cmVzJTNDJTJGYSUzRSUzQyUyRmxpJTNFJTBBJTBBJTNDbGklM0UlM0NhJTIwaHJlZiUzRCUyMmh0dHBzJTNBJTJGJTJGc2Npc2EuZXMlMkZmciUyRmluc3BlY3Rpb24lMkZ0cmFuc3BvcnQtZGUtbGF0cCUyRiUyMiUzRVRyYW5zcG9ydCUyMGRlJTIwbCUyN0FUUCUzQyUyRmElM0UlM0MlMkZsaSUzRSUwQSUwQSUzQ2xpJTNFJTNDYSUyMGhyZWYlM0QlMjJodHRwcyUzQSUyRiUyRnNjaXNhLmVzJTJGZnIlMkZpbnNwZWN0aW9uJTJGaW5zdGFsbGF0aW9ucy10aGVybWlxdWVzJTJGJTIyJTNFSW5zdGFsbGF0aW9ucyUyMHRoZXJtaXF1ZXMlM0MlMkZhJTNFJTNDJTJGbGklM0UlMEElMEElM0MlMkZ1bCUzRQ==[\/vc_raw_html][vc_empty_space][vc_raw_html]PGg1PkNvbnRhY3QgYXZlYyBub3VzPC9oNT4=[\/vc_raw_html][vc_separator type=&#8221;normal&#8221; color=&#8221;#bcbcbc&#8221; thickness=&#8221;1&#8243; transparency=&#8221;0.4&#8243;][vc_widget_sidebar sidebar_id=&#8221;sidebar-blog&#8221;][\/vc_column][vc_column width=&#8221;3\/4&#8243;][vc_row_inner row_type=&#8221;row&#8221; type=&#8221;full_width&#8221; text_align=&#8221;left&#8221; css_animation=&#8221;&#8221; css=&#8221;.vc_custom_1644425053790{padding-right: 0px !important;background-color: #ffffff !important;}&#8221;][vc_column_inner width=&#8221;1\/2&#8243; css=&#8221;.vc_custom_1639654809595{padding-right: 45px !important;padding-left: 45px !important;background-color: #ffffff !important;}&#8221;][vc_column_text] INSTALLATIONS \u00c9LECTRIQUES HAUTE TENSION a) Lignes \u00e9lectriques \u00e0 haute&#8230;<\/p>\n","protected":false},"author":1,"featured_media":0,"parent":58106,"menu_order":0,"comment_status":"closed","ping_status":"closed","template":"","meta":{"footnotes":""},"class_list":["post-58153","page","type-page","status-publish","hentry"],"_links":{"self":[{"href":"https:\/\/scisa.es\/fr\/wp-json\/wp\/v2\/pages\/58153","targetHints":{"allow":["GET"]}}],"collection":[{"href":"https:\/\/scisa.es\/fr\/wp-json\/wp\/v2\/pages"}],"about":[{"href":"https:\/\/scisa.es\/fr\/wp-json\/wp\/v2\/types\/page"}],"author":[{"embeddable":true,"href":"https:\/\/scisa.es\/fr\/wp-json\/wp\/v2\/users\/1"}],"replies":[{"embeddable":true,"href":"https:\/\/scisa.es\/fr\/wp-json\/wp\/v2\/comments?post=58153"}],"version-history":[{"count":0,"href":"https:\/\/scisa.es\/fr\/wp-json\/wp\/v2\/pages\/58153\/revisions"}],"up":[{"embeddable":true,"href":"https:\/\/scisa.es\/fr\/wp-json\/wp\/v2\/pages\/58106"}],"wp:attachment":[{"href":"https:\/\/scisa.es\/fr\/wp-json\/wp\/v2\/media?parent=58153"}],"curies":[{"name":"wp","href":"https:\/\/api.w.org\/{rel}","templated":true}]}}