{"id":58164,"date":"2021-12-16T09:25:19","date_gmt":"2021-12-16T09:25:19","guid":{"rendered":"https:\/\/scisa.es\/inspection\/installations-electriques-basse-tension\/"},"modified":"2023-02-21T17:36:39","modified_gmt":"2023-02-21T17:36:39","slug":"installations-electriques-basse-tension","status":"publish","type":"page","link":"https:\/\/scisa.es\/fr\/inspection\/installations-electriques-basse-tension\/","title":{"rendered":"Installations \u00e9lectriques basse tension"},"content":{"rendered":"<div class=\"wpb-content-wrapper\"><p>[vc_row css_animation=&#8221;&#8221; row_type=&#8221;row&#8221; use_row_as_full_screen_section=&#8221;no&#8221; type=&#8221;full_width&#8221; angled_section=&#8221;no&#8221; text_align=&#8221;left&#8221; background_image_as_pattern=&#8221;without_pattern&#8221;][vc_column width=&#8221;1\/4&#8243;][vc_raw_html]PGg1PlTDqWzDqWNoYXJnZW1lbnRzPC9oNT4=[\/vc_raw_html][vc_separator type=&#8221;normal&#8221; color=&#8221;#bcbcbc&#8221; thickness=&#8221;1&#8243; transparency=&#8221;0.4&#8243;][vc_raw_html]JTNDYSUyMHRhcmdldCUzRCUyMl9ibGFuayUyMiUyMGNsYXNzJTNEJTIyZm9sbGV0by11bm8lMjIlMjBocmVmJTNEJTIyaHR0cHMlM0ElMkYlMkZzY2lzYS5lcyUyRndwLWNvbnRlbnQlMkZ1cGxvYWRzJTJGMjAyMiUyRjAxJTJGSW5zdGFsYWNpb25lcy1FbGUlQ0MlODFjdHJpY2FzLWRlLUJhamEtVGVuc2lvJUNDJTgxbi0xLnBkZiUyMiUzRSUzQ2RpdiUyMGNsYXNzJTNEJTIyZm9sbGV0byUyMiUzRSUwQSUzQ2ltZyUyMGNsYXNzJTNEJTIyaWNvbm8lMjIlMjBzcmMlM0QlMjJodHRwcyUzQSUyRiUyRnNjaXNhLmVzJTJGd3AtY29udGVudCUyRnVwbG9hZHMlMkYyMDIxJTJGMTIlMkZkb3dubG9hZC1maWxlLTEucG5nJTIyJTNFJTBBJTNDcCUyMGNsYXNzJTNEJTIydGV4dG8lMjIlM0VUJUMzJUE5bCVDMyVBOWNoYXJnZXIlMjBsYSUyMGZpY2hlJTIwdGVjaG5pcXVlJTNDJTJGcCUzRSUwQSUwQSUzQyUyRmRpdiUzRSUzQyUyRmElM0U=[\/vc_raw_html][vc_raw_html]PGJyPgoKPGg1PkF1dHJlcyBzZXJ2aWNlcyBJbnNwZWNpb248L2g1Pg==[\/vc_raw_html][vc_separator type=&#8221;normal&#8221; color=&#8221;#bcbcbc&#8221; thickness=&#8221;1&#8243; transparency=&#8221;0.4&#8243;][vc_raw_html]JTNDdWwlMjBjbGFzcyUzRCUyMm1lbnUtbGF0ZXJhbCUyMiUzRSUwQSUzQ2xpJTIwY2xhc3MlM0QlMjJ2b2x2ZXIlMjIlM0UlM0NhJTIwaHJlZiUzRCUyMmh0dHBzJTNBJTJGJTJGc2Npc2EuZXMlMkZmciUyRmluc3BlY3Rpb24lMkYlMjIlM0UlM0NpJTIwY2xhc3MlM0QlMjJmYSUyMGZhLWJhY2t3YXJkJTIyJTIwYXJpYS1oaWRkZW4lM0QlMjJ0cnVlJTIyJTNFJTNDJTJGaSUzRSUyMCUyMElOU1BFQ1RJT04lM0MlMkZhJTNFJTNDJTJGbGklM0UlMEElMEElMEElMEElMEElM0NsaSUzRSUzQ2ElMjBocmVmJTNEJTIyaHR0cHMlM0ElMkYlMkZzY2lzYS5lcyUyRmZyJTJGaW5zcGVjdGlvbiUyRmFzY2Vuc2V1cnMlMkYlMjIlM0VBc2NlbnNldXJzJTNDJTJGYSUzRSUwQSUyMCUzQyUyRmxpJTNFJTBBJTBBJTBBJTNDbGklM0UlM0NhJTIwaHJlZiUzRCUyMmh0dHBzJTNBJTJGJTJGc2Npc2EuZXMlMkZmciUyRmluc3BlY3Rpb24lMkZwY2ktbm9uLWluZHVzdHJpZWwlMkYlMjIlM0VQQ0klMjBOb24tSW5kdXN0cmllbCUzQyUyRmElM0UlM0MlMkZsaSUzRSUwQSUwQSUzQ2xpJTNFJTNDYSUyMGhyZWYlM0QlMjJodHRwcyUzQSUyRiUyRnNjaXNhLmVzJTJGZnIlMkZpbnNwZWN0aW9uJTJGcGNpLWluZHVzdHJpYWwlMkYlMjIlM0VQQ0klMjBJbmR1c3RyaWFsJTNDJTJGYSUzRSUzQyUyRmxpJTNFJTBBJTBBJTNDbGklM0UlM0NhJTIwaHJlZiUzRCUyMmh0dHBzJTNBJTJGJTJGc2Npc2EuZXMlMkZmciUyRmluc3BlY3Rpb24lMkZjb21idXN0aWJsZXMtZ2F6ZXV4JTJGJTIyJTNFQ29tYnVzdGlibGVzJTIwZ2F6ZXV4JTNDJTJGYSUzRSUzQyUyRmxpJTNFJTBBJTBBJTNDbGklM0UlM0NhJTIwaHJlZiUzRCUyMmh0dHBzJTNBJTJGJTJGc2Npc2EuZXMlMkZmciUyRmluc3BlY3Rpb24lMkZncnVlcy1tb2JpbGVzLWV0LWF1dG9tb3RyaWNlcyUyRiUyMiUzRUdydWVzJTIwbW9iaWxlcyUyMGV0JTIwYXV0b21vdHJpY2VzJTNDJTJGYSUzRSUzQyUyRmxpJTNFJTBBJTBBJTNDbGklMjBjbGFzcyUzRCUyMnNpbi1lbmxhY2UlMjIlM0VJbnN0YWxsYXRpb25zJTIwJUMzJUE5bGVjdHJpcXVlcyUyMGJhc3NlJTIwdGVuc2lvbiUzQyUyRmxpJTNFJTBBJTBBJTNDbGklM0UlM0NhJTIwaHJlZiUzRCUyMmh0dHBzJTNBJTJGJTJGc2Npc2EuZXMlMkZmciUyRmluc3BlY3Rpb24lMkZpbnN0YWxsYXRpb25zLWVsZWN0cmlxdWVzLWhhdXRlLXRlbnNpb24lMkYlMjIlM0VJbnN0YWxsYXRpb25zJTIwJUMzJUE5bGVjdHJpcXVlcyUyMGhhdXRlJTIwdGVuc2lvbiUzQyUyRmElM0UlM0MlMkZsaSUzRSUwQSUwQSUzQ2xpJTNFJTNDYSUyMGhyZWYlM0QlMjJodHRwcyUzQSUyRiUyRnNjaXNhLmVzJTJGZnIlMkZpbnNwZWN0aW9uJTJGZXF1aXBlbWVudC1zb3VzLXByZXNzaW9uJTJGJTIyJTNFJUMzJTg5cXVpcGVtZW50JTIwc291cyUyMHByZXNzaW9uJTNDJTJGYSUzRSUzQyUyRmxpJTNFJTBBJTBBJTNDbGklM0UlM0NhJTIwaHJlZiUzRCUyMmh0dHBzJTNBJTJGJTJGc2Npc2EuZXMlMkZmciUyRmluc3BlY3Rpb24lMkZpbnN0YWxsYXRpb25zLWZyaWdvcmlmaXF1ZXMlMkYlMjIlM0VJbnN0YWxsYXRpb25zJTIwZnJpZ29yaWZpcXVlcyUzQyUyRmElM0UlM0MlMkZsaSUzRSUwQSUwQSUwQSUzQ2xpJTNFJTNDYSUyMGhyZWYlM0QlMjJodHRwcyUzQSUyRiUyRnNjaXNhLmVzJTJGZnIlMkZpbnNwZWN0aW9uJTJGcHJvZHVpdHMtY2hpbWlxdWVzJTJGJTIyJTNFUHJvZHVpdHMlMjBjaGltaXF1ZXMlM0MlMkZhJTNFJTNDJTJGbGklM0UlMEElMEElM0NsaSUzRSUzQ2ElMjBocmVmJTNEJTIyaHR0cHMlM0ElMkYlMkZzY2lzYS5lcyUyRmZyJTJGaW5zcGVjdGlvbiUyRmluc3RhbGxhdGlvbnMtcGV0cm9saWVyZXMlMkYlMjIlM0VJbnN0YWxsYXRpb25zJTIwcCVDMyVBOXRyb2xpJUMzJUE4cmVzJTNDJTJGYSUzRSUzQyUyRmxpJTNFJTBBJTBBJTNDbGklM0UlM0NhJTIwaHJlZiUzRCUyMmh0dHBzJTNBJTJGJTJGc2Npc2EuZXMlMkZmciUyRmluc3BlY3Rpb24lMkZ0cmFuc3BvcnQtZGUtbGF0cCUyRiUyMiUzRVRyYW5zcG9ydCUyMGRlJTIwbCUyN0FUUCUzQyUyRmElM0UlM0MlMkZsaSUzRSUwQSUwQSUzQ2xpJTNFJTNDYSUyMGhyZWYlM0QlMjJodHRwcyUzQSUyRiUyRnNjaXNhLmVzJTJGZnIlMkZpbnNwZWN0aW9uJTJGaW5zdGFsbGF0aW9ucy10aGVybWlxdWVzJTJGJTIyJTNFSW5zdGFsbGF0aW9ucyUyMHRoZXJtaXF1ZXMlM0MlMkZhJTNFJTNDJTJGbGklM0UlMEElMEElM0MlMkZ1bCUzRQ==[\/vc_raw_html][vc_empty_space][vc_separator type=&#8221;normal&#8221; color=&#8221;#bcbcbc&#8221; thickness=&#8221;1&#8243; transparency=&#8221;0.4&#8243;][vc_empty_space][vc_raw_html]PGg1PkNvbnRhY3QgYXZlYyBub3VzPC9oNT4=[\/vc_raw_html][vc_separator type=&#8221;normal&#8221; color=&#8221;#bcbcbc&#8221; thickness=&#8221;1&#8243; transparency=&#8221;0.4&#8243;][vc_widget_sidebar sidebar_id=&#8221;sidebar-blog&#8221;][\/vc_column][vc_column width=&#8221;3\/4&#8243;][vc_row_inner row_type=&#8221;row&#8221; type=&#8221;full_width&#8221; text_align=&#8221;left&#8221; css_animation=&#8221;&#8221; css=&#8221;.vc_custom_1639654729177{background-color: #ffffff !important;}&#8221;][vc_column_inner css=&#8221;.vc_custom_1639654809595{padding-right: 45px !important;padding-left: 45px !important;background-color: #ffffff !important;}&#8221;][vc_column_text]<\/p>\n<h2 class=\"internas-titul\">INSTALLATIONS \u00c9LECTRIQUES BASSE TENSION<\/h2>\n<p>(<strong>a) <\/strong>Les installations \u00e9num\u00e9r\u00e9es ci-dessous sont soumises \u00e0 l&#8217;inspection initiale de l&#8217;OCA :[\/vc_column_text][vc_empty_space height=&#8221;15px&#8221;]<div class=\"q_icon_list\"><i class=\"qode_icon_font_awesome fa fa-check-circle-o qode-ili-icon-holder circle\" style=\"color: #dbae32;background-color: #ffffff;\" ><\/i><p style=\"font-size: 14px;\">Installations d&#039;\u00e9clairage ext\u00e9rieur Pinstalada &gt; 5 kW.<\/p><\/div><div class=\"q_icon_list\"><i class=\"qode_icon_font_awesome fa fa-check-circle-o qode-ili-icon-holder circle\" style=\"color: #dbae32;background-color: #ffffff;\" ><\/i><p style=\"font-size: 14px;\">Blocs op\u00e9ratoires et salles d&#039;op\u00e9ration.<\/p><\/div><div class=\"q_icon_list\"><i class=\"qode_icon_font_awesome fa fa-check-circle-o qode-ili-icon-holder circle\" style=\"color: #dbae32;background-color: #ffffff;\" ><\/i><p style=\"font-size: 14px;\">Piscines Pinstalada &gt; 10 kW.<\/p><\/div><div class=\"q_icon_list\"><i class=\"qode_icon_font_awesome fa fa-check-circle-o qode-ili-icon-holder circle\" style=\"color: #dbae32;background-color: #ffffff;\" ><\/i><p style=\"font-size: 14px;\">Salles d&#039;eau Pinstalada &gt; 25 kW.<\/p><\/div><div class=\"q_icon_list\"><i class=\"qode_icon_font_awesome fa fa-check-circle-o qode-ili-icon-holder circle\" style=\"color: #dbae32;background-color: #ffffff;\" ><\/i><p style=\"font-size: 14px;\">Locaux pr\u00e9sentant un risque d&#039;incendie ou d&#039;explosion de classe I, \u00e0 l&#039;exception des garages &lt; 25 places.<\/p><\/div><div class=\"q_icon_list\"><i class=\"qode_icon_font_awesome fa fa-check-circle-o qode-ili-icon-holder circle\" style=\"color: #dbae32;background-color: #ffffff;\" ><\/i><p style=\"font-size: 14px;\">Pr\u00e9misses de la concorde publique.<\/p><\/div><div class=\"q_icon_list\"><i class=\"qode_icon_font_awesome fa fa-check-circle-o qode-ili-icon-holder circle\" style=\"color: #dbae32;background-color: #ffffff;\" ><\/i><p style=\"font-size: 14px;\">Installations industrielles Pinstalada &gt; 100 kW.<\/p><\/div>[vc_column_text]<strong>b) <\/strong>Ils sont p\u00e9riodiquement inspect\u00e9s par l&#8217;OCA :[\/vc_column_text][vc_empty_space height=&#8221;15px&#8221;]<div class=\"q_icon_list\"><i class=\"qode_icon_font_awesome fa fa-check-circle-o qode-ili-icon-holder circle\" style=\"color: #dbae32;background-color: #ffffff;\" ><\/i><p style=\"font-size: 14px;\">Tous les 10 ans installations communes dans les b\u00e2timents r\u00e9sidentiels Pinstalada &gt; 100 Kw.<\/p><\/div><div class=\"q_icon_list\"><i class=\"qode_icon_font_awesome fa fa-check-circle-o qode-ili-icon-holder circle\" style=\"color: #dbae32;background-color: #ffffff;\" ><\/i><p style=\"font-size: 14px;\">Tous les 5 ans pour les installations n\u00e9cessitant une inspection initiale.<\/p><\/div>[vc_empty_space][\/vc_column_inner][\/vc_row_inner][vc_row_inner row_type=&#8221;row&#8221; type=&#8221;full_width&#8221; text_align=&#8221;left&#8221; css_animation=&#8221;&#8221; css=&#8221;.vc_custom_1644424824732{padding-right: 0px !important;padding-left: 0px !important;}&#8221;][vc_column_inner css=&#8221;.vc_custom_1644424816360{padding-right: 0px !important;padding-left: 0px !important;}&#8221;][vc_single_image image=&#8221;56353&#8243; img_size=&#8221;full&#8221; alignment=&#8221;center&#8221; qode_css_animation=&#8221;&#8221;][\/vc_column_inner][\/vc_row_inner][vc_empty_space][\/vc_column][\/vc_row][vc_row css_animation=&#8221;&#8221; row_type=&#8221;row&#8221; use_row_as_full_screen_section=&#8221;no&#8221; type=&#8221;full_width&#8221; angled_section=&#8221;no&#8221; text_align=&#8221;left&#8221; background_image_as_pattern=&#8221;without_pattern&#8221;][vc_column][vc_empty_space height=&#8221;64px&#8221;][\/vc_column][\/vc_row]<\/p>\n<\/div>","protected":false},"excerpt":{"rendered":"<p>[vc_row css_animation=&#8221;&#8221; row_type=&#8221;row&#8221; use_row_as_full_screen_section=&#8221;no&#8221; type=&#8221;full_width&#8221; angled_section=&#8221;no&#8221; text_align=&#8221;left&#8221; background_image_as_pattern=&#8221;without_pattern&#8221;][vc_column width=&#8221;1\/4&#8243;][vc_raw_html]PGg1PlTDqWzDqWNoYXJnZW1lbnRzPC9oNT4=[\/vc_raw_html][vc_separator type=&#8221;normal&#8221; color=&#8221;#bcbcbc&#8221; thickness=&#8221;1&#8243; transparency=&#8221;0.4&#8243;][vc_raw_html]JTNDYSUyMHRhcmdldCUzRCUyMl9ibGFuayUyMiUyMGNsYXNzJTNEJTIyZm9sbGV0by11bm8lMjIlMjBocmVmJTNEJTIyaHR0cHMlM0ElMkYlMkZzY2lzYS5lcyUyRndwLWNvbnRlbnQlMkZ1cGxvYWRzJTJGMjAyMiUyRjAxJTJGSW5zdGFsYWNpb25lcy1FbGUlQ0MlODFjdHJpY2FzLWRlLUJhamEtVGVuc2lvJUNDJTgxbi0xLnBkZiUyMiUzRSUzQ2RpdiUyMGNsYXNzJTNEJTIyZm9sbGV0byUyMiUzRSUwQSUzQ2ltZyUyMGNsYXNzJTNEJTIyaWNvbm8lMjIlMjBzcmMlM0QlMjJodHRwcyUzQSUyRiUyRnNjaXNhLmVzJTJGd3AtY29udGVudCUyRnVwbG9hZHMlMkYyMDIxJTJGMTIlMkZkb3dubG9hZC1maWxlLTEucG5nJTIyJTNFJTBBJTNDcCUyMGNsYXNzJTNEJTIydGV4dG8lMjIlM0VUJUMzJUE5bCVDMyVBOWNoYXJnZXIlMjBsYSUyMGZpY2hlJTIwdGVjaG5pcXVlJTNDJTJGcCUzRSUwQSUwQSUzQyUyRmRpdiUzRSUzQyUyRmElM0U=[\/vc_raw_html][vc_raw_html]PGJyPgoKPGg1PkF1dHJlcyBzZXJ2aWNlcyBJbnNwZWNpb248L2g1Pg==[\/vc_raw_html][vc_separator type=&#8221;normal&#8221; color=&#8221;#bcbcbc&#8221; thickness=&#8221;1&#8243; transparency=&#8221;0.4&#8243;][vc_raw_html]JTNDdWwlMjBjbGFzcyUzRCUyMm1lbnUtbGF0ZXJhbCUyMiUzRSUwQSUzQ2xpJTIwY2xhc3MlM0QlMjJ2b2x2ZXIlMjIlM0UlM0NhJTIwaHJlZiUzRCUyMmh0dHBzJTNBJTJGJTJGc2Npc2EuZXMlMkZmciUyRmluc3BlY3Rpb24lMkYlMjIlM0UlM0NpJTIwY2xhc3MlM0QlMjJmYSUyMGZhLWJhY2t3YXJkJTIyJTIwYXJpYS1oaWRkZW4lM0QlMjJ0cnVlJTIyJTNFJTNDJTJGaSUzRSUyMCUyMElOU1BFQ1RJT04lM0MlMkZhJTNFJTNDJTJGbGklM0UlMEElMEElMEElMEElMEElM0NsaSUzRSUzQ2ElMjBocmVmJTNEJTIyaHR0cHMlM0ElMkYlMkZzY2lzYS5lcyUyRmZyJTJGaW5zcGVjdGlvbiUyRmFzY2Vuc2V1cnMlMkYlMjIlM0VBc2NlbnNldXJzJTNDJTJGYSUzRSUwQSUyMCUzQyUyRmxpJTNFJTBBJTBBJTBBJTNDbGklM0UlM0NhJTIwaHJlZiUzRCUyMmh0dHBzJTNBJTJGJTJGc2Npc2EuZXMlMkZmciUyRmluc3BlY3Rpb24lMkZwY2ktbm9uLWluZHVzdHJpZWwlMkYlMjIlM0VQQ0klMjBOb24tSW5kdXN0cmllbCUzQyUyRmElM0UlM0MlMkZsaSUzRSUwQSUwQSUzQ2xpJTNFJTNDYSUyMGhyZWYlM0QlMjJodHRwcyUzQSUyRiUyRnNjaXNhLmVzJTJGZnIlMkZpbnNwZWN0aW9uJTJGcGNpLWluZHVzdHJpYWwlMkYlMjIlM0VQQ0klMjBJbmR1c3RyaWFsJTNDJTJGYSUzRSUzQyUyRmxpJTNFJTBBJTBBJTNDbGklM0UlM0NhJTIwaHJlZiUzRCUyMmh0dHBzJTNBJTJGJTJGc2Npc2EuZXMlMkZmciUyRmluc3BlY3Rpb24lMkZjb21idXN0aWJsZXMtZ2F6ZXV4JTJGJTIyJTNFQ29tYnVzdGlibGVzJTIwZ2F6ZXV4JTNDJTJGYSUzRSUzQyUyRmxpJTNFJTBBJTBBJTNDbGklM0UlM0NhJTIwaHJlZiUzRCUyMmh0dHBzJTNBJTJGJTJGc2Npc2EuZXMlMkZmciUyRmluc3BlY3Rpb24lMkZncnVlcy1tb2JpbGVzLWV0LWF1dG9tb3RyaWNlcyUyRiUyMiUzRUdydWVzJTIwbW9iaWxlcyUyMGV0JTIwYXV0b21vdHJpY2VzJTNDJTJGYSUzRSUzQyUyRmxpJTNFJTBBJTBBJTNDbGklMjBjbGFzcyUzRCUyMnNpbi1lbmxhY2UlMjIlM0VJbnN0YWxsYXRpb25zJTIwJUMzJUE5bGVjdHJpcXVlcyUyMGJhc3NlJTIwdGVuc2lvbiUzQyUyRmxpJTNFJTBBJTBBJTNDbGklM0UlM0NhJTIwaHJlZiUzRCUyMmh0dHBzJTNBJTJGJTJGc2Npc2EuZXMlMkZmciUyRmluc3BlY3Rpb24lMkZpbnN0YWxsYXRpb25zLWVsZWN0cmlxdWVzLWhhdXRlLXRlbnNpb24lMkYlMjIlM0VJbnN0YWxsYXRpb25zJTIwJUMzJUE5bGVjdHJpcXVlcyUyMGhhdXRlJTIwdGVuc2lvbiUzQyUyRmElM0UlM0MlMkZsaSUzRSUwQSUwQSUzQ2xpJTNFJTNDYSUyMGhyZWYlM0QlMjJodHRwcyUzQSUyRiUyRnNjaXNhLmVzJTJGZnIlMkZpbnNwZWN0aW9uJTJGZXF1aXBlbWVudC1zb3VzLXByZXNzaW9uJTJGJTIyJTNFJUMzJTg5cXVpcGVtZW50JTIwc291cyUyMHByZXNzaW9uJTNDJTJGYSUzRSUzQyUyRmxpJTNFJTBBJTBBJTNDbGklM0UlM0NhJTIwaHJlZiUzRCUyMmh0dHBzJTNBJTJGJTJGc2Npc2EuZXMlMkZmciUyRmluc3BlY3Rpb24lMkZpbnN0YWxsYXRpb25zLWZyaWdvcmlmaXF1ZXMlMkYlMjIlM0VJbnN0YWxsYXRpb25zJTIwZnJpZ29yaWZpcXVlcyUzQyUyRmElM0UlM0MlMkZsaSUzRSUwQSUwQSUwQSUzQ2xpJTNFJTNDYSUyMGhyZWYlM0QlMjJodHRwcyUzQSUyRiUyRnNjaXNhLmVzJTJGZnIlMkZpbnNwZWN0aW9uJTJGcHJvZHVpdHMtY2hpbWlxdWVzJTJGJTIyJTNFUHJvZHVpdHMlMjBjaGltaXF1ZXMlM0MlMkZhJTNFJTNDJTJGbGklM0UlMEElMEElM0NsaSUzRSUzQ2ElMjBocmVmJTNEJTIyaHR0cHMlM0ElMkYlMkZzY2lzYS5lcyUyRmZyJTJGaW5zcGVjdGlvbiUyRmluc3RhbGxhdGlvbnMtcGV0cm9saWVyZXMlMkYlMjIlM0VJbnN0YWxsYXRpb25zJTIwcCVDMyVBOXRyb2xpJUMzJUE4cmVzJTNDJTJGYSUzRSUzQyUyRmxpJTNFJTBBJTBBJTNDbGklM0UlM0NhJTIwaHJlZiUzRCUyMmh0dHBzJTNBJTJGJTJGc2Npc2EuZXMlMkZmciUyRmluc3BlY3Rpb24lMkZ0cmFuc3BvcnQtZGUtbGF0cCUyRiUyMiUzRVRyYW5zcG9ydCUyMGRlJTIwbCUyN0FUUCUzQyUyRmElM0UlM0MlMkZsaSUzRSUwQSUwQSUzQ2xpJTNFJTNDYSUyMGhyZWYlM0QlMjJodHRwcyUzQSUyRiUyRnNjaXNhLmVzJTJGZnIlMkZpbnNwZWN0aW9uJTJGaW5zdGFsbGF0aW9ucy10aGVybWlxdWVzJTJGJTIyJTNFSW5zdGFsbGF0aW9ucyUyMHRoZXJtaXF1ZXMlM0MlMkZhJTNFJTNDJTJGbGklM0UlMEElMEElM0MlMkZ1bCUzRQ==[\/vc_raw_html][vc_empty_space][vc_separator type=&#8221;normal&#8221; color=&#8221;#bcbcbc&#8221; thickness=&#8221;1&#8243; transparency=&#8221;0.4&#8243;][vc_empty_space][vc_raw_html]PGg1PkNvbnRhY3QgYXZlYyBub3VzPC9oNT4=[\/vc_raw_html][vc_separator type=&#8221;normal&#8221; color=&#8221;#bcbcbc&#8221; thickness=&#8221;1&#8243; transparency=&#8221;0.4&#8243;][vc_widget_sidebar sidebar_id=&#8221;sidebar-blog&#8221;][\/vc_column][vc_column width=&#8221;3\/4&#8243;][vc_row_inner row_type=&#8221;row&#8221; type=&#8221;full_width&#8221; text_align=&#8221;left&#8221; css_animation=&#8221;&#8221; css=&#8221;.vc_custom_1639654729177{background-color: #ffffff !important;}&#8221;][vc_column_inner css=&#8221;.vc_custom_1639654809595{padding-right: 45px !important;padding-left: 45px !important;background-color: #ffffff !important;}&#8221;][vc_column_text] INSTALLATIONS \u00c9LECTRIQUES BASSE TENSION&#8230;<\/p>\n","protected":false},"author":1,"featured_media":0,"parent":58106,"menu_order":0,"comment_status":"closed","ping_status":"closed","template":"","meta":{"footnotes":""},"class_list":["post-58164","page","type-page","status-publish","hentry"],"_links":{"self":[{"href":"https:\/\/scisa.es\/fr\/wp-json\/wp\/v2\/pages\/58164","targetHints":{"allow":["GET"]}}],"collection":[{"href":"https:\/\/scisa.es\/fr\/wp-json\/wp\/v2\/pages"}],"about":[{"href":"https:\/\/scisa.es\/fr\/wp-json\/wp\/v2\/types\/page"}],"author":[{"embeddable":true,"href":"https:\/\/scisa.es\/fr\/wp-json\/wp\/v2\/users\/1"}],"replies":[{"embeddable":true,"href":"https:\/\/scisa.es\/fr\/wp-json\/wp\/v2\/comments?post=58164"}],"version-history":[{"count":0,"href":"https:\/\/scisa.es\/fr\/wp-json\/wp\/v2\/pages\/58164\/revisions"}],"up":[{"embeddable":true,"href":"https:\/\/scisa.es\/fr\/wp-json\/wp\/v2\/pages\/58106"}],"wp:attachment":[{"href":"https:\/\/scisa.es\/fr\/wp-json\/wp\/v2\/media?parent=58164"}],"curies":[{"name":"wp","href":"https:\/\/api.w.org\/{rel}","templated":true}]}}