{"id":58172,"date":"2021-12-16T09:35:13","date_gmt":"2021-12-16T09:35:13","guid":{"rendered":"https:\/\/scisa.es\/inspection\/installations-frigorifiques\/"},"modified":"2023-01-25T09:30:50","modified_gmt":"2023-01-25T09:30:50","slug":"installations-frigorifiques","status":"publish","type":"page","link":"https:\/\/scisa.es\/fr\/inspection\/installations-frigorifiques\/","title":{"rendered":"Installations frigorifiques"},"content":{"rendered":"<div class=\"wpb-content-wrapper\"><p>[vc_row css_animation=&#8221;&#8221; row_type=&#8221;row&#8221; use_row_as_full_screen_section=&#8221;no&#8221; type=&#8221;full_width&#8221; angled_section=&#8221;no&#8221; text_align=&#8221;left&#8221; background_image_as_pattern=&#8221;without_pattern&#8221;][vc_column width=&#8221;1\/4&#8243;][vc_raw_html]PGg1PlTDqWzDqWNoYXJnZW1lbnRzPC9oNT4=[\/vc_raw_html][vc_separator type=&#8221;normal&#8221; color=&#8221;#bcbcbc&#8221; thickness=&#8221;1&#8243; transparency=&#8221;0.4&#8243;][vc_raw_html]JTNDYSUyMHRhcmdldCUzRCUyMl9ibGFuayUyMiUyMGNsYXNzJTNEJTIyZm9sbGV0by11bm8lMjIlMjBocmVmJTNEJTIyaHR0cHMlM0ElMkYlMkZzY2lzYS5lcyUyRndwLWNvbnRlbnQlMkZ1cGxvYWRzJTJGMjAyMiUyRjAyJTJGSW5zdGFsYWNpb25lcy1Gcmlnb3JpZmljYXMucGRmJTIyJTNFJTNDZGl2JTIwY2xhc3MlM0QlMjJmb2xsZXRvJTIyJTNFJTBBJTNDaW1nJTIwY2xhc3MlM0QlMjJpY29ubyUyMiUyMHNyYyUzRCUyMmh0dHBzJTNBJTJGJTJGc2Npc2EuZXMlMkZ3cC1jb250ZW50JTJGdXBsb2FkcyUyRjIwMjElMkYxMiUyRmRvd25sb2FkLWZpbGUtMS5wbmclMjIlM0UlMEElM0NwJTIwY2xhc3MlM0QlMjJ0ZXh0byUyMiUzRVQlQzMlQTlsJUMzJUE5Y2hhcmdlciUyMGxhJTIwZmljaGUlMjB0ZWNobmlxdWUlM0MlMkZwJTNFJTBBJTBBJTNDJTJGZGl2JTNFJTNDJTJGYSUzRQ==[\/vc_raw_html][vc_empty_space][vc_raw_html]PGg1PkF1dHJlcyBzZXJ2aWNlcyBJTlNQRUNUSU9OPC9oNT4=[\/vc_raw_html][vc_separator type=&#8221;normal&#8221; color=&#8221;#bcbcbc&#8221; thickness=&#8221;1&#8243; transparency=&#8221;0.4&#8243;][vc_raw_html]JTNDdWwlMjBjbGFzcyUzRCUyMm1lbnUtbGF0ZXJhbCUyMiUzRSUwQSUzQ2xpJTIwY2xhc3MlM0QlMjJ2b2x2ZXIlMjIlM0UlM0NhJTIwaHJlZiUzRCUyMmh0dHBzJTNBJTJGJTJGc2Npc2EuZXMlMkZmciUyRmluc3BlY3Rpb24lMkYlMjIlM0UlM0NpJTIwY2xhc3MlM0QlMjJmYSUyMGZhLWJhY2t3YXJkJTIyJTIwYXJpYS1oaWRkZW4lM0QlMjJ0cnVlJTIyJTNFJTNDJTJGaSUzRSUyMCUyMElOU1BFQ1RJT04lM0MlMkZhJTNFJTNDJTJGbGklM0UlMEElM0NsaSUzRSUzQ2ElMjBocmVmJTNEJTIyaHR0cHMlM0ElMkYlMkZzY2lzYS5lcyUyRmZyJTJGaW5zcGVjdGlvbiUyRmFzY2Vuc2V1cnMlMkYlMjIlM0VBc2NlbnNldXJzJTIwJTIwJTNDJTJGYSUzRSUzQyUyRmxpJTNFJTBBJTNDbGklM0UlM0NhJTIwaHJlZiUzRCUyMmh0dHBzJTNBJTJGJTJGc2Npc2EuZXMlMkZmciUyRmluc3BlY3Rpb24lMkZwY2ktbm9uLWluZHVzdHJpZWwlMkYlMjIlM0VQQ0klMjBOb24tSW5kdXN0cmllbCUzQyUyRmElM0UlM0MlMkZsaSUzRSUwQSUwQSUzQ2xpJTNFJTNDYSUyMGhyZWYlM0QlMjJodHRwcyUzQSUyRiUyRnNjaXNhLmVzJTJGZnIlMkZpbnNwZWN0aW9uJTJGcGNpLWluZHVzdHJpYWwlMkYlMjIlM0VQQ0klMjBJbmR1c3RyaWFsJTNDJTJGYSUzRSUzQyUyRmxpJTNFJTBBJTBBJTNDbGklM0UlM0NhJTIwaHJlZiUzRCUyMmh0dHBzJTNBJTJGJTJGc2Npc2EuZXMlMkZmciUyRmluc3BlY3Rpb24lMkZjb21idXN0aWJsZXMtZ2F6ZXV4JTJGJTIyJTNFQ29tYnVzdGlibGVzJTIwZ2F6ZXV4JTNDJTJGYSUzRSUzQyUyRmxpJTNFJTBBJTBBJTNDbGklM0UlM0NhJTIwaHJlZiUzRCUyMmh0dHBzJTNBJTJGJTJGc2Npc2EuZXMlMkZmciUyRmluc3BlY3Rpb24lMkZncnVlcy1tb2JpbGVzLWV0LWF1dG9tb3RyaWNlcyUyRiUyMiUzRUdydWVzJTIwbW9iaWxlcyUyMGV0JTIwYXV0b21vdHJpY2VzJTNDJTJGYSUzRSUzQyUyRmxpJTNFJTBBJTBBJTNDbGklM0UlM0NhJTIwaHJlZiUzRCUyMmh0dHBzJTNBJTJGJTJGc2Npc2EuZXMlMkZmciUyRmluc3BlY3Rpb24lMkZpbnN0YWxsYXRpb25zLWVsZWN0cmlxdWVzLWJhc3NlLXRlbnNpb24lMkYlMjIlM0VJbnN0YWxsYXRpb25zJTIwJUMzJUE5bGVjdHJpcXVlcyUyMGJhc3NlJTIwdGVuc2lvbiUzQyUyRmElM0UlM0MlMkZsaSUzRSUwQSUwQSUzQ2xpJTNFJTNDYSUyMGhyZWYlM0QlMjJodHRwcyUzQSUyRiUyRnNjaXNhLmVzJTJGZnIlMkZpbnNwZWN0aW9uJTJGaW5zdGFsbGF0aW9ucy1lbGVjdHJpcXVlcy1oYXV0ZS10ZW5zaW9uJTJGJTIyJTNFSW5zdGFsbGF0aW9ucyUyMCVDMyVBOWxlY3RyaXF1ZXMlMjBoYXV0ZSUyMHRlbnNpb24lM0MlMkZhJTNFJTNDJTJGbGklM0UlMEElMEElM0NsaSUzRSUzQ2ElMjBocmVmJTNEJTIyaHR0cHMlM0ElMkYlMkZzY2lzYS5lcyUyRmZyJTJGaW5zcGVjdGlvbiUyRmVxdWlwZW1lbnQtc291cy1wcmVzc2lvbiUyRiUyMiUzRSVDMyU4OXF1aXBlbWVudCUyMHNvdXMlMjBwcmVzc2lvbiUzQyUyRmElM0UlM0MlMkZsaSUzRSUwQSUwQSUzQ2xpJTIwY2xhc3MlM0QlMjJzaW4tZW5sYWNlJTIyJTNFSW5zdGFsbGF0aW9ucyUyMGZyaWdvcmlmaXF1ZXMlM0MlMkZsaSUzRSUwQSUwQSUzQ2xpJTNFJTNDYSUyMGhyZWYlM0QlMjJodHRwcyUzQSUyRiUyRnNjaXNhLmVzJTJGZnIlMkZpbnNwZWN0aW9uJTJGcHJvZHVpdHMtY2hpbWlxdWVzJTJGJTIyJTNFUHJvZHVpdHMlMjBjaGltaXF1ZXMlM0MlMkZhJTNFJTNDJTJGbGklM0UlMEElMEElM0NsaSUzRSUzQ2ElMjBocmVmJTNEJTIyaHR0cHMlM0ElMkYlMkZzY2lzYS5lcyUyRmZyJTJGaW5zcGVjdGlvbiUyRmluc3RhbGxhdGlvbnMtcGV0cm9saWVyZXMlMkYlMjIlM0VJbnN0YWxsYXRpb25zJTIwcCVDMyVBOXRyb2xpJUMzJUE4cmVzJTNDJTJGYSUzRSUzQyUyRmxpJTNFJTBBJTBBJTNDbGklM0UlM0NhJTIwaHJlZiUzRCUyMmh0dHBzJTNBJTJGJTJGc2Npc2EuZXMlMkZmciUyRmluc3BlY3Rpb24lMkZ0cmFuc3BvcnQtZGUtbGF0cCUyRiUyMiUzRVRyYW5zcG9ydCUyMGRlJTIwbCUyN0FUUCUzQyUyRmElM0UlM0MlMkZsaSUzRSUwQSUwQSUzQ2xpJTNFJTNDYSUyMGhyZWYlM0QlMjJodHRwcyUzQSUyRiUyRnNjaXNhLmVzJTJGZnIlMkZpbnNwZWN0aW9uJTJGaW5zdGFsbGF0aW9ucy10aGVybWlxdWVzJTJGJTIyJTNFSW5zdGFsbGF0aW9ucyUyMHRoZXJtaXF1ZXMlM0MlMkZhJTNFJTNDJTJGbGklM0UlMEElMEElM0MlMkZ1bCUzRSUwQQ==[\/vc_raw_html][vc_empty_space][vc_raw_html]PGg1PkNvbnRhY3QgYXZlYyBub3VzPC9oNT4=[\/vc_raw_html][vc_separator type=&#8221;normal&#8221; color=&#8221;#bcbcbc&#8221; thickness=&#8221;1&#8243; transparency=&#8221;0.4&#8243;][vc_raw_html]JTNDZGl2JTIwY2xhc3MlM0QlMjJkYXRvcy1jb250YWN0byUyMiUzRSUwQSUzQ2RpdiUyMGNsYXNzJTNEJTIyaW1hZ2VuJTIyJTNFJTNDaW1nJTIwc3JjJTNEJTIyaHR0cHMlM0ElMkYlMkZzY2lzYS5lcyUyRndwLWNvbnRlbnQlMkZ1cGxvYWRzJTJGMjAyMSUyRjEyJTJGcGhvbmUtY2FsbC02LnBuZyUyMiUzRSUzQyUyRmRpdiUzRSUwQSUzQ2RpdiUyMGNsYXNzJTNEJTIydGVsZWZvbm8lMjIlM0UlM0NzcGFuJTIwY2xhc3MlM0QlMjJ0aXR1JTIyJTNFQnVyZWF1eCUyMGNlbnRyYXV4JTNDJTJGc3BhbiUzRSUzQ3NwYW4lMjBjbGFzcyUzRCUyMnRlbCUyMiUzRSUwQSUyMCUyMCUzQ2ElMjBocmVmJTNEJTIydGVsJTNBJTJCMzQ5MTg4NDQzOTMlMjIlM0UlMjAlMkIzNCUyMDkxJTIwODg0JTIwNDMlMjA5MyUzQyUyRmElM0UlMEElM0MlMkZzcGFuJTNFJTNDJTJGZGl2JTNFJTBBJTNDJTJGZGl2JTNF[\/vc_raw_html][vc_raw_html]JTNDZGl2JTIwY2xhc3MlM0QlMjJkYXRvcy1jb250YWN0byUyMiUzRSUwQSUzQ2RpdiUyMGNsYXNzJTNEJTIyaW1hZ2VuJTIyJTNFJTNDaW1nJTIwc3JjJTNEJTIyaHR0cHMlM0ElMkYlMkZzY2lzYS5lcyUyRndwLWNvbnRlbnQlMkZ1cGxvYWRzJTJGMjAyMSUyRjEyJTJGZW1haWwtNy5wbmclMjIlM0UlM0MlMkZkaXYlM0UlMEElM0NkaXYlMjBjbGFzcyUzRCUyMnRlbGVmb25vJTIyJTNFJTNDc3BhbiUyMGNsYXNzJTNEJTIydGl0dSUyMiUzRUNvdXJyaWVsJTIwJTNBJTNDJTJGc3BhbiUzRSUzQ3NwYW4lMjBjbGFzcyUzRCUyMnRlbCUyMGVtYSUyMiUzRSUwQSUyMCUyMCUzQ2ElMjBocmVmJTNEJTIybWFpbHRvJTNBY29tZXJjaWFsLm1hZHJpZCU0MHNjaXNhLmVzJTIyJTNFJTIwY29tZXJjaWFsLm1hZHJpZCU0MHNjaXNhLmVzJTNDJTJGYSUzRSUwQSUzQyUyRnNwYW4lM0UlM0MlMkZkaXYlM0UlMEElM0MlMkZkaXYlM0U=[\/vc_raw_html][vc_empty_space]\n<div class=\"wpcf7 no-js\" id=\"wpcf7-f58567-o1\" lang=\"fr-FR\" dir=\"ltr\" data-wpcf7-id=\"58567\">\n<div class=\"screen-reader-response\"><p role=\"status\" aria-live=\"polite\" aria-atomic=\"true\"><\/p> <ul><\/ul><\/div>\n<form action=\"\/fr\/wp-json\/wp\/v2\/pages\/58172#wpcf7-f58567-o1\" method=\"post\" class=\"wpcf7-form init default\" aria-label=\"Contact form\" novalidate=\"novalidate\" data-status=\"init\">\n<fieldset class=\"hidden-fields-container\"><input type=\"hidden\" name=\"_wpcf7\" value=\"58567\" \/><input type=\"hidden\" name=\"_wpcf7_version\" value=\"6.1.5\" \/><input type=\"hidden\" name=\"_wpcf7_locale\" value=\"fr_FR\" \/><input type=\"hidden\" name=\"_wpcf7_unit_tag\" value=\"wpcf7-f58567-o1\" \/><input type=\"hidden\" name=\"_wpcf7_container_post\" value=\"0\" \/><input type=\"hidden\" name=\"_wpcf7_posted_data_hash\" value=\"\" \/><input type=\"hidden\" name=\"_wpcf7_recaptcha_response\" value=\"\" \/>\n<\/fieldset>\n<div class=\"formulario-news\">\n\t<h3>Restez inform\u00e9\n\t<\/h3>\n\t<p>Inscrivez-vous \u00e0 notre newsletter pour recevoir les derni\u00e8res nouvelles du secteur.\n\t<\/p>\n\t<p><span class=\"wpcf7-form-control-wrap\" data-name=\"your-name\"><input size=\"40\" maxlength=\"400\" class=\"wpcf7-form-control wpcf7-text wpcf7-validates-as-required\" aria-required=\"true\" aria-invalid=\"false\" placeholder=\"Nom\" value=\"\" type=\"text\" name=\"your-name\" \/><\/span><span class=\"wpcf7-form-control-wrap\" data-name=\"your-email\"><input size=\"40\" maxlength=\"400\" class=\"wpcf7-form-control wpcf7-email wpcf7-validates-as-required wpcf7-text wpcf7-validates-as-email\" aria-required=\"true\" aria-invalid=\"false\" placeholder=\"Adresse \u00e9lectronique\" value=\"\" type=\"email\" name=\"your-email\" \/><\/span><br \/>\n<span class=\"wpcf7-form-control-wrap\" data-name=\"acceptance-96\"><span class=\"wpcf7-form-control wpcf7-acceptance\"><span class=\"wpcf7-list-item\"><label><input type=\"checkbox\" name=\"acceptance-96\" value=\"1\" aria-invalid=\"false\" \/><span class=\"wpcf7-list-item-label\">J'ai lu et j'accepte l'<a href=\"https:\/\/scisa.es\/politica-de-privacidad\/\">avis juridique<\/a> de ce site web.<\/span><\/label><\/span><\/span><\/span><br \/>\n<input class=\"wpcf7-form-control wpcf7-submit has-spinner\" type=\"submit\" value=\"S&#039;abonner \u00e0\" \/>\n\t<\/p>\n<\/div><p style=\"display: none !important;\" class=\"akismet-fields-container\" data-prefix=\"_wpcf7_ak_\"><label>&#916;<textarea name=\"_wpcf7_ak_hp_textarea\" cols=\"45\" rows=\"8\" maxlength=\"100\"><\/textarea><\/label><input type=\"hidden\" id=\"ak_js_1\" name=\"_wpcf7_ak_js\" value=\"54\"\/><script>document.getElementById( \"ak_js_1\" ).setAttribute( \"value\", ( new Date() ).getTime() );<\/script><\/p><div class=\"wpcf7-response-output\" aria-hidden=\"true\"><\/div>\n<\/form>\n<\/div>\n[vc_empty_space][\/vc_column][vc_column width=&#8221;3\/4&#8243;][vc_row_inner row_type=&#8221;row&#8221; type=&#8221;full_width&#8221; text_align=&#8221;left&#8221; css_animation=&#8221;&#8221; css=&#8221;.vc_custom_1639654729177{background-color: #ffffff !important;}&#8221;][vc_column_inner css=&#8221;.vc_custom_1639654809595{padding-right: 45px !important;padding-left: 45px !important;background-color: #ffffff !important;}&#8221;][vc_column_text]<\/p>\n<h2 class=\"internas-titul\">L&#8217;INSPECTION P\u00c9RIODIQUE DES INSTALLATIONS DE R\u00c9FRIG\u00c9RATION<\/h2>\n<p style=\"text-align: left;\"><strong>Inspections p\u00e9riodiques des installations frigorifiques<\/strong>, selon les dispositions du <a href=\"https:\/\/www.boe.es\/diario_boe\/txt.php?id=BOE-A-2019-15228\" target=\"_blank\" rel=\"noopener\">R.D. 552\/2019<\/a>, en suivant les crit\u00e8res suivants :<\/p>\n<p>[\/vc_column_text][vc_column_text]<\/p>\n<ul class=\"una-lista\">\n<li><i class=\"fa fa-arrow-circle-o-right\" aria-hidden=\"true\"><\/i> <strong>Tous les 10 ans<\/strong> pour les installations de niveau 2.<\/li>\n<li><i class=\"fa fa-arrow-circle-o-right\" aria-hidden=\"true\"><\/i> <strong>Tous les 5 ans<\/strong> les installations dont la charge de r\u00e9frig\u00e9rant fluor\u00e9 est inf\u00e9rieure \u00e0 500 tonnes d&#8217;\u00e9quivalent CO2 mais \u00e9gale ou sup\u00e9rieure \u00e0 50 tonnes d&#8217;\u00e9quivalent CO2.<\/li>\n<li><i class=\"fa fa-arrow-circle-o-right\" aria-hidden=\"true\"><\/i> <strong>Tous les 2 ans<\/strong> les installations dont la charge de r\u00e9frig\u00e9rant fluor\u00e9 est inf\u00e9rieure \u00e0 5000 tonnes d&#8217;\u00e9quivalent CO2 mais \u00e9gale ou sup\u00e9rieure \u00e0 500 tonnes d&#8217;\u00e9quivalent CO2.<\/li>\n<li><i class=\"fa fa-arrow-circle-o-right\" aria-hidden=\"true\"><\/i> <strong>Chaque ann\u00e9e,<\/strong> les installations ont une charge de r\u00e9frig\u00e9rant fluor\u00e9 de plus de 5 000 tonnes d&#8217;\u00e9quivalent CO2.<\/li>\n<\/ul>\n<p>[\/vc_column_text][vc_empty_space][\/vc_column_inner][\/vc_row_inner][vc_empty_space][vc_row_inner row_type=&#8221;row&#8221; type=&#8221;full_width&#8221; text_align=&#8221;left&#8221; css_animation=&#8221;&#8221; css=&#8221;.vc_custom_1643712262796{padding-right: 0px !important;padding-left: 0px !important;}&#8221;][vc_column_inner css=&#8221;.vc_custom_1643712305357{padding-right: 0px !important;padding-left: 0px !important;}&#8221;][vc_gallery type=&#8221;image_grid&#8221; images=&#8221;56651,59571&#8243; img_size=&#8221;full&#8221; column_number=&#8221;2&#8243; grayscale=&#8221;no&#8221; images_space=&#8221;gallery_without_space&#8221;][\/vc_column_inner][\/vc_row_inner][vc_empty_space][\/vc_column][\/vc_row][vc_row css_animation=&#8221;&#8221; row_type=&#8221;row&#8221; use_row_as_full_screen_section=&#8221;no&#8221; type=&#8221;full_width&#8221; angled_section=&#8221;no&#8221; text_align=&#8221;left&#8221; background_image_as_pattern=&#8221;without_pattern&#8221;][vc_column][vc_empty_space height=&#8221;64px&#8221;][\/vc_column][\/vc_row][vc_row css_animation=&#8221;&#8221; row_type=&#8221;row&#8221; use_row_as_full_screen_section=&#8221;no&#8221; type=&#8221;full_width&#8221; angled_section=&#8221;no&#8221; text_align=&#8221;left&#8221; background_image_as_pattern=&#8221;without_pattern&#8221;][vc_column][vc_column_text]<\/p>\n<p>[\/vc_column_text][\/vc_column][\/vc_row]<\/p>\n<\/div>","protected":false},"excerpt":{"rendered":"<p>[vc_row css_animation=&#8221;&#8221; row_type=&#8221;row&#8221; use_row_as_full_screen_section=&#8221;no&#8221; type=&#8221;full_width&#8221; angled_section=&#8221;no&#8221; text_align=&#8221;left&#8221; background_image_as_pattern=&#8221;without_pattern&#8221;][vc_column width=&#8221;1\/4&#8243;][vc_raw_html]PGg1PlTDqWzDqWNoYXJnZW1lbnRzPC9oNT4=[\/vc_raw_html][vc_separator type=&#8221;normal&#8221; color=&#8221;#bcbcbc&#8221; thickness=&#8221;1&#8243; transparency=&#8221;0.4&#8243;][vc_raw_html]JTNDYSUyMHRhcmdldCUzRCUyMl9ibGFuayUyMiUyMGNsYXNzJTNEJTIyZm9sbGV0by11bm8lMjIlMjBocmVmJTNEJTIyaHR0cHMlM0ElMkYlMkZzY2lzYS5lcyUyRndwLWNvbnRlbnQlMkZ1cGxvYWRzJTJGMjAyMiUyRjAyJTJGSW5zdGFsYWNpb25lcy1Gcmlnb3JpZmljYXMucGRmJTIyJTNFJTNDZGl2JTIwY2xhc3MlM0QlMjJmb2xsZXRvJTIyJTNFJTBBJTNDaW1nJTIwY2xhc3MlM0QlMjJpY29ubyUyMiUyMHNyYyUzRCUyMmh0dHBzJTNBJTJGJTJGc2Npc2EuZXMlMkZ3cC1jb250ZW50JTJGdXBsb2FkcyUyRjIwMjElMkYxMiUyRmRvd25sb2FkLWZpbGUtMS5wbmclMjIlM0UlMEElM0NwJTIwY2xhc3MlM0QlMjJ0ZXh0byUyMiUzRVQlQzMlQTlsJUMzJUE5Y2hhcmdlciUyMGxhJTIwZmljaGUlMjB0ZWNobmlxdWUlM0MlMkZwJTNFJTBBJTBBJTNDJTJGZGl2JTNFJTNDJTJGYSUzRQ==[\/vc_raw_html][vc_empty_space][vc_raw_html]PGg1PkF1dHJlcyBzZXJ2aWNlcyBJTlNQRUNUSU9OPC9oNT4=[\/vc_raw_html][vc_separator type=&#8221;normal&#8221; color=&#8221;#bcbcbc&#8221; thickness=&#8221;1&#8243; transparency=&#8221;0.4&#8243;][vc_raw_html]JTNDdWwlMjBjbGFzcyUzRCUyMm1lbnUtbGF0ZXJhbCUyMiUzRSUwQSUzQ2xpJTIwY2xhc3MlM0QlMjJ2b2x2ZXIlMjIlM0UlM0NhJTIwaHJlZiUzRCUyMmh0dHBzJTNBJTJGJTJGc2Npc2EuZXMlMkZmciUyRmluc3BlY3Rpb24lMkYlMjIlM0UlM0NpJTIwY2xhc3MlM0QlMjJmYSUyMGZhLWJhY2t3YXJkJTIyJTIwYXJpYS1oaWRkZW4lM0QlMjJ0cnVlJTIyJTNFJTNDJTJGaSUzRSUyMCUyMElOU1BFQ1RJT04lM0MlMkZhJTNFJTNDJTJGbGklM0UlMEElM0NsaSUzRSUzQ2ElMjBocmVmJTNEJTIyaHR0cHMlM0ElMkYlMkZzY2lzYS5lcyUyRmZyJTJGaW5zcGVjdGlvbiUyRmFzY2Vuc2V1cnMlMkYlMjIlM0VBc2NlbnNldXJzJTIwJTIwJTNDJTJGYSUzRSUzQyUyRmxpJTNFJTBBJTNDbGklM0UlM0NhJTIwaHJlZiUzRCUyMmh0dHBzJTNBJTJGJTJGc2Npc2EuZXMlMkZmciUyRmluc3BlY3Rpb24lMkZwY2ktbm9uLWluZHVzdHJpZWwlMkYlMjIlM0VQQ0klMjBOb24tSW5kdXN0cmllbCUzQyUyRmElM0UlM0MlMkZsaSUzRSUwQSUwQSUzQ2xpJTNFJTNDYSUyMGhyZWYlM0QlMjJodHRwcyUzQSUyRiUyRnNjaXNhLmVzJTJGZnIlMkZpbnNwZWN0aW9uJTJGcGNpLWluZHVzdHJpYWwlMkYlMjIlM0VQQ0klMjBJbmR1c3RyaWFsJTNDJTJGYSUzRSUzQyUyRmxpJTNFJTBBJTBBJTNDbGklM0UlM0NhJTIwaHJlZiUzRCUyMmh0dHBzJTNBJTJGJTJGc2Npc2EuZXMlMkZmciUyRmluc3BlY3Rpb24lMkZjb21idXN0aWJsZXMtZ2F6ZXV4JTJGJTIyJTNFQ29tYnVzdGlibGVzJTIwZ2F6ZXV4JTNDJTJGYSUzRSUzQyUyRmxpJTNFJTBBJTBBJTNDbGklM0UlM0NhJTIwaHJlZiUzRCUyMmh0dHBzJTNBJTJGJTJGc2Npc2EuZXMlMkZmciUyRmluc3BlY3Rpb24lMkZncnVlcy1tb2JpbGVzLWV0LWF1dG9tb3RyaWNlcyUyRiUyMiUzRUdydWVzJTIwbW9iaWxlcyUyMGV0JTIwYXV0b21vdHJpY2VzJTNDJTJGYSUzRSUzQyUyRmxpJTNFJTBBJTBBJTNDbGklM0UlM0NhJTIwaHJlZiUzRCUyMmh0dHBzJTNBJTJGJTJGc2Npc2EuZXMlMkZmciUyRmluc3BlY3Rpb24lMkZpbnN0YWxsYXRpb25zLWVsZWN0cmlxdWVzLWJhc3NlLXRlbnNpb24lMkYlMjIlM0VJbnN0YWxsYXRpb25zJTIwJUMzJUE5bGVjdHJpcXVlcyUyMGJhc3NlJTIwdGVuc2lvbiUzQyUyRmElM0UlM0MlMkZsaSUzRSUwQSUwQSUzQ2xpJTNFJTNDYSUyMGhyZWYlM0QlMjJodHRwcyUzQSUyRiUyRnNjaXNhLmVzJTJGZnIlMkZpbnNwZWN0aW9uJTJGaW5zdGFsbGF0aW9ucy1lbGVjdHJpcXVlcy1oYXV0ZS10ZW5zaW9uJTJGJTIyJTNFSW5zdGFsbGF0aW9ucyUyMCVDMyVBOWxlY3RyaXF1ZXMlMjBoYXV0ZSUyMHRlbnNpb24lM0MlMkZhJTNFJTNDJTJGbGklM0UlMEElMEElM0NsaSUzRSUzQ2ElMjBocmVmJTNEJTIyaHR0cHMlM0ElMkYlMkZzY2lzYS5lcyUyRmZyJTJGaW5zcGVjdGlvbiUyRmVxdWlwZW1lbnQtc291cy1wcmVzc2lvbiUyRiUyMiUzRSVDMyU4OXF1aXBlbWVudCUyMHNvdXMlMjBwcmVzc2lvbiUzQyUyRmElM0UlM0MlMkZsaSUzRSUwQSUwQSUzQ2xpJTIwY2xhc3MlM0QlMjJzaW4tZW5sYWNlJTIyJTNFSW5zdGFsbGF0aW9ucyUyMGZyaWdvcmlmaXF1ZXMlM0MlMkZsaSUzRSUwQSUwQSUzQ2xpJTNFJTNDYSUyMGhyZWYlM0QlMjJodHRwcyUzQSUyRiUyRnNjaXNhLmVzJTJGZnIlMkZpbnNwZWN0aW9uJTJGcHJvZHVpdHMtY2hpbWlxdWVzJTJGJTIyJTNFUHJvZHVpdHMlMjBjaGltaXF1ZXMlM0MlMkZhJTNFJTNDJTJGbGklM0UlMEElMEElM0NsaSUzRSUzQ2ElMjBocmVmJTNEJTIyaHR0cHMlM0ElMkYlMkZzY2lzYS5lcyUyRmZyJTJGaW5zcGVjdGlvbiUyRmluc3RhbGxhdGlvbnMtcGV0cm9saWVyZXMlMkYlMjIlM0VJbnN0YWxsYXRpb25zJTIwcCVDMyVBOXRyb2xpJUMzJUE4cmVzJTNDJTJGYSUzRSUzQyUyRmxpJTNFJTBBJTBBJTNDbGklM0UlM0NhJTIwaHJlZiUzRCUyMmh0dHBzJTNBJTJGJTJGc2Npc2EuZXMlMkZmciUyRmluc3BlY3Rpb24lMkZ0cmFuc3BvcnQtZGUtbGF0cCUyRiUyMiUzRVRyYW5zcG9ydCUyMGRlJTIwbCUyN0FUUCUzQyUyRmElM0UlM0MlMkZsaSUzRSUwQSUwQSUzQ2xpJTNFJTNDYSUyMGhyZWYlM0QlMjJodHRwcyUzQSUyRiUyRnNjaXNhLmVzJTJGZnIlMkZpbnNwZWN0aW9uJTJGaW5zdGFsbGF0aW9ucy10aGVybWlxdWVzJTJGJTIyJTNFSW5zdGFsbGF0aW9ucyUyMHRoZXJtaXF1ZXMlM0MlMkZhJTNFJTNDJTJGbGklM0UlMEElMEElM0MlMkZ1bCUzRSUwQQ==[\/vc_raw_html][vc_empty_space][vc_raw_html]PGg1PkNvbnRhY3QgYXZlYyBub3VzPC9oNT4=[\/vc_raw_html][vc_separator type=&#8221;normal&#8221; color=&#8221;#bcbcbc&#8221; thickness=&#8221;1&#8243; transparency=&#8221;0.4&#8243;][vc_raw_html]JTNDZGl2JTIwY2xhc3MlM0QlMjJkYXRvcy1jb250YWN0byUyMiUzRSUwQSUzQ2RpdiUyMGNsYXNzJTNEJTIyaW1hZ2VuJTIyJTNFJTNDaW1nJTIwc3JjJTNEJTIyaHR0cHMlM0ElMkYlMkZzY2lzYS5lcyUyRndwLWNvbnRlbnQlMkZ1cGxvYWRzJTJGMjAyMSUyRjEyJTJGcGhvbmUtY2FsbC02LnBuZyUyMiUzRSUzQyUyRmRpdiUzRSUwQSUzQ2RpdiUyMGNsYXNzJTNEJTIydGVsZWZvbm8lMjIlM0UlM0NzcGFuJTIwY2xhc3MlM0QlMjJ0aXR1JTIyJTNFQnVyZWF1eCUyMGNlbnRyYXV4JTNDJTJGc3BhbiUzRSUzQ3NwYW4lMjBjbGFzcyUzRCUyMnRlbCUyMiUzRSUwQSUyMCUyMCUzQ2ElMjBocmVmJTNEJTIydGVsJTNBJTJCMzQ5MTg4NDQzOTMlMjIlM0UlMjAlMkIzNCUyMDkxJTIwODg0JTIwNDMlMjA5MyUzQyUyRmElM0UlMEElM0MlMkZzcGFuJTNFJTNDJTJGZGl2JTNFJTBBJTNDJTJGZGl2JTNF[\/vc_raw_html][vc_raw_html]JTNDZGl2JTIwY2xhc3MlM0QlMjJkYXRvcy1jb250YWN0byUyMiUzRSUwQSUzQ2RpdiUyMGNsYXNzJTNEJTIyaW1hZ2VuJTIyJTNFJTNDaW1nJTIwc3JjJTNEJTIyaHR0cHMlM0ElMkYlMkZzY2lzYS5lcyUyRndwLWNvbnRlbnQlMkZ1cGxvYWRzJTJGMjAyMSUyRjEyJTJGZW1haWwtNy5wbmclMjIlM0UlM0MlMkZkaXYlM0UlMEElM0NkaXYlMjBjbGFzcyUzRCUyMnRlbGVmb25vJTIyJTNFJTNDc3BhbiUyMGNsYXNzJTNEJTIydGl0dSUyMiUzRUNvdXJyaWVsJTIwJTNBJTNDJTJGc3BhbiUzRSUzQ3NwYW4lMjBjbGFzcyUzRCUyMnRlbCUyMGVtYSUyMiUzRSUwQSUyMCUyMCUzQ2ElMjBocmVmJTNEJTIybWFpbHRvJTNBY29tZXJjaWFsLm1hZHJpZCU0MHNjaXNhLmVzJTIyJTNFJTIwY29tZXJjaWFsLm1hZHJpZCU0MHNjaXNhLmVzJTNDJTJGYSUzRSUwQSUzQyUyRnNwYW4lM0UlM0MlMkZkaXYlM0UlMEElM0MlMkZkaXYlM0U=[\/vc_raw_html][vc_empty_space][vc_empty_space][\/vc_column][vc_column width=&#8221;3\/4&#8243;][vc_row_inner row_type=&#8221;row&#8221; type=&#8221;full_width&#8221; text_align=&#8221;left&#8221; css_animation=&#8221;&#8221; css=&#8221;.vc_custom_1639654729177{background-color: #ffffff !important;}&#8221;][vc_column_inner css=&#8221;.vc_custom_1639654809595{padding-right: 45px !important;padding-left: 45px !important;background-color: #ffffff !important;}&#8221;][vc_column_text] L&#8217;INSPECTION P\u00c9RIODIQUE DES INSTALLATIONS DE R\u00c9FRIG\u00c9RATION Inspections p\u00e9riodiques des&#8230;<\/p>\n","protected":false},"author":1,"featured_media":0,"parent":58106,"menu_order":0,"comment_status":"closed","ping_status":"closed","template":"","meta":{"footnotes":""},"class_list":["post-58172","page","type-page","status-publish","hentry"],"_links":{"self":[{"href":"https:\/\/scisa.es\/fr\/wp-json\/wp\/v2\/pages\/58172","targetHints":{"allow":["GET"]}}],"collection":[{"href":"https:\/\/scisa.es\/fr\/wp-json\/wp\/v2\/pages"}],"about":[{"href":"https:\/\/scisa.es\/fr\/wp-json\/wp\/v2\/types\/page"}],"author":[{"embeddable":true,"href":"https:\/\/scisa.es\/fr\/wp-json\/wp\/v2\/users\/1"}],"replies":[{"embeddable":true,"href":"https:\/\/scisa.es\/fr\/wp-json\/wp\/v2\/comments?post=58172"}],"version-history":[{"count":0,"href":"https:\/\/scisa.es\/fr\/wp-json\/wp\/v2\/pages\/58172\/revisions"}],"up":[{"embeddable":true,"href":"https:\/\/scisa.es\/fr\/wp-json\/wp\/v2\/pages\/58106"}],"wp:attachment":[{"href":"https:\/\/scisa.es\/fr\/wp-json\/wp\/v2\/media?parent=58172"}],"curies":[{"name":"wp","href":"https:\/\/api.w.org\/{rel}","templated":true}]}}