{"id":58198,"date":"2021-12-01T10:45:30","date_gmt":"2021-12-01T10:45:30","guid":{"rendered":"https:\/\/scisa.es\/laboratoire-de-metallurgie\/metallographie\/"},"modified":"2023-02-21T17:16:43","modified_gmt":"2023-02-21T17:16:43","slug":"metallographie","status":"publish","type":"page","link":"https:\/\/scisa.es\/fr\/controles-non-destructifs-et-laboratoire-de-metallurgie\/laboratoire-de-metallurgie\/metallographie\/","title":{"rendered":"M\u00e9tallographie"},"content":{"rendered":"<div class=\"wpb-content-wrapper\"><p>[vc_row css_animation=&#8221;&#8221; row_type=&#8221;row&#8221; use_row_as_full_screen_section=&#8221;no&#8221; type=&#8221;full_width&#8221; angled_section=&#8221;no&#8221; text_align=&#8221;left&#8221; background_image_as_pattern=&#8221;without_pattern&#8221;][vc_column width=&#8221;1\/4&#8243;][vc_raw_html]PGg1PkF1dHJlcyBzZXJ2aWNlcyBkZSBDTkQ8L2g1Pg==[\/vc_raw_html][vc_separator type=&#8221;normal&#8221; color=&#8221;#bcbcbc&#8221; thickness=&#8221;1&#8243; transparency=&#8221;0.4&#8243;][vc_raw_html]JTNDdWwlMjBjbGFzcyUzRCUyMm1lbnUtbGF0ZXJhbCUyMiUzRSUwQSUzQ2xpJTIwY2xhc3MlM0QlMjJ2b2x2ZXIlMjIlM0UlM0NhJTIwaHJlZiUzRCUyMmh0dHBzJTNBJTJGJTJGc2Npc2EuZXMlMkZmciUyRmNvbnRyb2xlcy1ub24tZGVzdHJ1Y3RpZnMtZXQtbGFib3JhdG9pcmUtZGUtbWV0YWxsdXJnaWUlMkYlMjIlM0UlM0NpJTIwY2xhc3MlM0QlMjJmYSUyMGZhLWJhY2t3YXJkJTIyJTIwYXJpYS1oaWRkZW4lM0QlMjJ0cnVlJTIyJTNFJTNDJTJGaSUzRSUyMCUyMExBQk9SQVRPSVJFJTIwRCUyN0VTU0FJUyUyME5PTiUyMERFU1RSVUNUSUZTJTIwRVQlMjBNJUMzJTg5VEFMTFVSR0lRVUVTJTNDJTJGYSUzRSUzQyUyRmxpJTNFJTBBJTBBJTNDbGklMjBjbGFzcyUzRCUyMnNpbi1lbmxhY2UlMjIlM0VNJUMzJUE5dGFsbG9ncmFwaGllJTNDJTJGbGklM0UlMEElMEElM0NsaSUzRSUzQ2ElMjBocmVmJTNEJTIyaHR0cHMlM0ElMkYlMkZzY2lzYS5lcyUyRmZyJTJGYW5hbHlzZS1jaGltaXF1ZSUyRiUyMiUzRUFuYWx5c2UlMjBjaGltaXF1ZSUzQyUyRmElM0UlM0MlMkZsaSUzRSUwQSUwQSUzQ2xpJTNFJTNDYSUyMGhyZWYlM0QlMjJodHRwcyUzQSUyRiUyRnNjaXNhLmVzJTJGZnIlMkZjb250cm9sZXMtbm9uLWRlc3RydWN0aWZzLWV0LWxhYm9yYXRvaXJlLWRlLW1ldGFsbHVyZ2llJTJGbGFib3JhdG9pcmUtZGUtbWV0YWxsdXJnaWUlMkZlc3NhaXMtbWVjYW5pcXVlcyUyRiUyMiUzRUVzc2FpcyUyMG0lQzMlQTljYW5pcXVlcyUzQyUyRmElM0UlM0MlMkZsaSUzRSUwQSUwQSUzQyUyRnVsJTNF[\/vc_raw_html][vc_empty_space][vc_raw_html]PGg1PkNvbnRhY3QgYXZlYyBub3VzPC9oNT4=[\/vc_raw_html][vc_separator type=&#8221;normal&#8221; color=&#8221;#bcbcbc&#8221; thickness=&#8221;1&#8243; transparency=&#8221;0.4&#8243;][vc_widget_sidebar sidebar_id=&#8221;sidebar-blog&#8221;][\/vc_column][vc_column width=&#8221;3\/4&#8243;][vc_row_inner row_type=&#8221;row&#8221; type=&#8221;full_width&#8221; text_align=&#8221;left&#8221; css_animation=&#8221;&#8221; css=&#8221;.vc_custom_1639654729177{background-color: #ffffff !important;}&#8221;][vc_column_inner css=&#8221;.vc_custom_1639654809595{padding-right: 45px !important;padding-left: 45px !important;background-color: #ffffff !important;}&#8221;][vc_column_text]<\/p>\n<h2 class=\"internas-titul\">LABORATOIRE DE M\u00c9TALLOGRAPHIE<\/h2>\n<div class=\"wpb_text_column wpb_content_element \">\n<div class=\"wpb_wrapper\">\n<div class=\"vc_row wpb_row vc_inner wf-container\">\n<div class=\"wpb_column vc_column_container vc_col-sm-12\">\n<div class=\"vc_column-inner \">\n<div class=\"wpb_wrapper\">\n<div class=\"wpb_text_column wpb_content_element \">\n<div class=\"wpb_wrapper\">\n<p>Le SCI dispose d&#8217;un laboratoire pr\u00e9par\u00e9 pour la <strong>m\u00e9tallographie <\/strong>dans lequel les progr\u00e8s de la <strong>microscopie optique<\/strong> et de la <strong>microscopie \u00e9lectronique<\/strong> sont pr\u00e9sents.<\/p>\n<p>La <strong>m\u00e9tallographie<\/strong> est l&#8217;\u00e9tude des diff\u00e9rentes structures des m\u00e9taux. C&#8217;est l&#8217;une des sp\u00e9cialit\u00e9s dont s&#8217;occupe notre <strong>laboratoire m\u00e9tallurgique<\/strong>, avec l&#8217;<a href=\"https:\/\/scisa.es\/fr\/controles-non-destructifs-et-laboratoire-de-metallurgie\/laboratoire-de-metallurgie\/analyse-chimique\/\" target=\"_blank\" rel=\"noopener\">analyse chimique<\/a> et les <a href=\"https:\/\/scisa.es\/fr\/controles-non-destructifs-et-laboratoire-de-metallurgie\/laboratoire-de-metallurgie\/essais-mecaniques\/\" target=\"_blank\" rel=\"noopener\">essais m\u00e9caniques<\/a>.<\/p>\n<\/div>\n<\/div>\n<\/div>\n<\/div>\n<\/div>\n<\/div>\n<\/div>\n<\/div>\n<p>[\/vc_column_text][vc_empty_space][\/vc_column_inner][\/vc_row_inner][vc_row_inner row_type=&#8221;row&#8221; type=&#8221;full_width&#8221; text_align=&#8221;left&#8221; css_animation=&#8221;&#8221; css=&#8221;.vc_custom_1644931626039{padding-right: 0px !important;padding-left: 0px !important;}&#8221;][vc_column_inner css=&#8221;.vc_custom_1644931633617{padding-right: 0px !important;padding-left: 0px !important;}&#8221;][vc_gallery type=&#8221;image_grid&#8221; images=&#8221;56249,56247,56245&#8243; img_size=&#8221;full&#8221; onclick=&#8221;&#8221; column_number=&#8221;3&#8243; grayscale=&#8221;no&#8221; images_space=&#8221;gallery_without_space&#8221;][\/vc_column_inner][\/vc_row_inner][vc_empty_space][vc_row_inner row_type=&#8221;row&#8221; type=&#8221;full_width&#8221; text_align=&#8221;left&#8221; css_animation=&#8221;&#8221; css=&#8221;.vc_custom_1639647452155{background-color: #ffffff !important;}&#8221;][vc_column_inner css=&#8221;.vc_custom_1639654835560{padding-right: 45px !important;padding-left: 45px !important;}&#8221;][vc_empty_space][vc_column_text]<\/p>\n<h2 class=\"internas-titul\">SERVICES DE LABORATOIRE M\u00c9TALLURGIQUE :<\/h2>\n<p>[\/vc_column_text][vc_empty_space]<div class=\"q_icon_list\"><i class=\"qode_icon_font_awesome fa fa-check-circle-o qode-ili-icon-holder circle\" style=\"color: #dbae32;background-color: #ffffff;\" ><\/i><p style=\"font-size: 14px;\">Essais macrographiques.<\/p><\/div><div class=\"q_icon_list\"><i class=\"qode_icon_font_awesome fa fa-check-circle-o qode-ili-icon-holder circle\" style=\"color: #dbae32;background-color: #ffffff;\" ><\/i><p style=\"font-size: 14px;\">Analyse micrographique par microscopie optique.<\/p><\/div><div class=\"q_icon_list\"><i class=\"qode_icon_font_awesome fa fa-check-circle-o qode-ili-icon-holder circle\" style=\"color: #dbae32;background-color: #ffffff;\" ><\/i><p style=\"font-size: 14px;\">Analyse micrographique par microscopie \u00e9lectronique \u00e0 balayage (MEB).<\/p><\/div><div class=\"q_icon_list\"><i class=\"qode_icon_font_awesome fa fa-check-circle-o qode-ili-icon-holder circle\" style=\"color: #dbae32;background-color: #ffffff;\" ><\/i><p style=\"font-size: 14px;\">R\u00e9pliques m\u00e9tallographiques.<\/p><\/div><div class=\"q_icon_list\"><i class=\"qode_icon_font_awesome fa fa-check-circle-o qode-ili-icon-holder circle\" style=\"color: #dbae32;background-color: #ffffff;\" ><\/i><p style=\"font-size: 14px;\">Analyse des d\u00e9faillances et \u00e9tudes m\u00e9tallurgiques.<\/p><\/div><div class=\"q_icon_list\"><i class=\"qode_icon_font_awesome fa fa-check-circle-o qode-ili-icon-holder circle\" style=\"color: #dbae32;background-color: #ffffff;\" ><\/i><p style=\"font-size: 14px;\">Tests de sensibilisation \u00e0 la corrosion.<\/p><\/div>[vc_empty_space][\/vc_column_inner][\/vc_row_inner][vc_row_inner row_type=&#8221;row&#8221; type=&#8221;full_width&#8221; text_align=&#8221;left&#8221; css_animation=&#8221;&#8221; css=&#8221;.vc_custom_1644931675561{padding-right: 0px !important;padding-left: 0px !important;}&#8221;][vc_column_inner css=&#8221;.vc_custom_1644931669139{padding-right: 0px !important;padding-left: 0px !important;}&#8221;][vc_gallery type=&#8221;image_grid&#8221; images=&#8221;56253,56255,56251&#8243; img_size=&#8221;full&#8221; onclick=&#8221;&#8221; column_number=&#8221;3&#8243; grayscale=&#8221;no&#8221; images_space=&#8221;gallery_with_space&#8221;][\/vc_column_inner][\/vc_row_inner][vc_empty_space][\/vc_column][\/vc_row][vc_row css_animation=&#8221;&#8221; row_type=&#8221;row&#8221; use_row_as_full_screen_section=&#8221;no&#8221; type=&#8221;full_width&#8221; angled_section=&#8221;no&#8221; text_align=&#8221;left&#8221; background_image_as_pattern=&#8221;without_pattern&#8221;][vc_column][vc_empty_space height=&#8221;64px&#8221;][\/vc_column][\/vc_row]<\/p>\n<\/div>","protected":false},"excerpt":{"rendered":"<p>[vc_row css_animation=&#8221;&#8221; row_type=&#8221;row&#8221; use_row_as_full_screen_section=&#8221;no&#8221; type=&#8221;full_width&#8221; angled_section=&#8221;no&#8221; text_align=&#8221;left&#8221; background_image_as_pattern=&#8221;without_pattern&#8221;][vc_column width=&#8221;1\/4&#8243;][vc_raw_html]PGg1PkF1dHJlcyBzZXJ2aWNlcyBkZSBDTkQ8L2g1Pg==[\/vc_raw_html][vc_separator type=&#8221;normal&#8221; color=&#8221;#bcbcbc&#8221; thickness=&#8221;1&#8243; transparency=&#8221;0.4&#8243;][vc_raw_html]JTNDdWwlMjBjbGFzcyUzRCUyMm1lbnUtbGF0ZXJhbCUyMiUzRSUwQSUzQ2xpJTIwY2xhc3MlM0QlMjJ2b2x2ZXIlMjIlM0UlM0NhJTIwaHJlZiUzRCUyMmh0dHBzJTNBJTJGJTJGc2Npc2EuZXMlMkZmciUyRmNvbnRyb2xlcy1ub24tZGVzdHJ1Y3RpZnMtZXQtbGFib3JhdG9pcmUtZGUtbWV0YWxsdXJnaWUlMkYlMjIlM0UlM0NpJTIwY2xhc3MlM0QlMjJmYSUyMGZhLWJhY2t3YXJkJTIyJTIwYXJpYS1oaWRkZW4lM0QlMjJ0cnVlJTIyJTNFJTNDJTJGaSUzRSUyMCUyMExBQk9SQVRPSVJFJTIwRCUyN0VTU0FJUyUyME5PTiUyMERFU1RSVUNUSUZTJTIwRVQlMjBNJUMzJTg5VEFMTFVSR0lRVUVTJTNDJTJGYSUzRSUzQyUyRmxpJTNFJTBBJTBBJTNDbGklMjBjbGFzcyUzRCUyMnNpbi1lbmxhY2UlMjIlM0VNJUMzJUE5dGFsbG9ncmFwaGllJTNDJTJGbGklM0UlMEElMEElM0NsaSUzRSUzQ2ElMjBocmVmJTNEJTIyaHR0cHMlM0ElMkYlMkZzY2lzYS5lcyUyRmZyJTJGYW5hbHlzZS1jaGltaXF1ZSUyRiUyMiUzRUFuYWx5c2UlMjBjaGltaXF1ZSUzQyUyRmElM0UlM0MlMkZsaSUzRSUwQSUwQSUzQ2xpJTNFJTNDYSUyMGhyZWYlM0QlMjJodHRwcyUzQSUyRiUyRnNjaXNhLmVzJTJGZnIlMkZjb250cm9sZXMtbm9uLWRlc3RydWN0aWZzLWV0LWxhYm9yYXRvaXJlLWRlLW1ldGFsbHVyZ2llJTJGbGFib3JhdG9pcmUtZGUtbWV0YWxsdXJnaWUlMkZlc3NhaXMtbWVjYW5pcXVlcyUyRiUyMiUzRUVzc2FpcyUyMG0lQzMlQTljYW5pcXVlcyUzQyUyRmElM0UlM0MlMkZsaSUzRSUwQSUwQSUzQyUyRnVsJTNF[\/vc_raw_html][vc_empty_space][vc_raw_html]PGg1PkNvbnRhY3QgYXZlYyBub3VzPC9oNT4=[\/vc_raw_html][vc_separator type=&#8221;normal&#8221; color=&#8221;#bcbcbc&#8221; thickness=&#8221;1&#8243; transparency=&#8221;0.4&#8243;][vc_widget_sidebar sidebar_id=&#8221;sidebar-blog&#8221;][\/vc_column][vc_column width=&#8221;3\/4&#8243;][vc_row_inner row_type=&#8221;row&#8221; type=&#8221;full_width&#8221; text_align=&#8221;left&#8221; css_animation=&#8221;&#8221; css=&#8221;.vc_custom_1639654729177{background-color: #ffffff !important;}&#8221;][vc_column_inner css=&#8221;.vc_custom_1639654809595{padding-right: 45px !important;padding-left: 45px !important;background-color: #ffffff !important;}&#8221;][vc_column_text] LABORATOIRE DE M\u00c9TALLOGRAPHIE Le SCI dispose d&#8217;un laboratoire pr\u00e9par\u00e9 pour la m\u00e9tallographie&#8230;<\/p>\n","protected":false},"author":1,"featured_media":0,"parent":58171,"menu_order":0,"comment_status":"closed","ping_status":"closed","template":"","meta":{"footnotes":""},"class_list":["post-58198","page","type-page","status-publish","hentry"],"_links":{"self":[{"href":"https:\/\/scisa.es\/fr\/wp-json\/wp\/v2\/pages\/58198","targetHints":{"allow":["GET"]}}],"collection":[{"href":"https:\/\/scisa.es\/fr\/wp-json\/wp\/v2\/pages"}],"about":[{"href":"https:\/\/scisa.es\/fr\/wp-json\/wp\/v2\/types\/page"}],"author":[{"embeddable":true,"href":"https:\/\/scisa.es\/fr\/wp-json\/wp\/v2\/users\/1"}],"replies":[{"embeddable":true,"href":"https:\/\/scisa.es\/fr\/wp-json\/wp\/v2\/comments?post=58198"}],"version-history":[{"count":0,"href":"https:\/\/scisa.es\/fr\/wp-json\/wp\/v2\/pages\/58198\/revisions"}],"up":[{"embeddable":true,"href":"https:\/\/scisa.es\/fr\/wp-json\/wp\/v2\/pages\/58171"}],"wp:attachment":[{"href":"https:\/\/scisa.es\/fr\/wp-json\/wp\/v2\/media?parent=58198"}],"curies":[{"name":"wp","href":"https:\/\/api.w.org\/{rel}","templated":true}]}}