{"id":58199,"date":"2021-12-01T10:43:52","date_gmt":"2021-12-01T10:43:52","guid":{"rendered":"https:\/\/scisa.es\/laboratoire-de-metallurgie\/essais-mecaniques\/"},"modified":"2023-02-21T16:33:23","modified_gmt":"2023-02-21T16:33:23","slug":"essais-mecaniques","status":"publish","type":"page","link":"https:\/\/scisa.es\/fr\/controles-non-destructifs-et-laboratoire-de-metallurgie\/laboratoire-de-metallurgie\/essais-mecaniques\/","title":{"rendered":"Essais m\u00e9caniques"},"content":{"rendered":"<div class=\"wpb-content-wrapper\"><p>[vc_row css_animation=&#8221;&#8221; row_type=&#8221;row&#8221; use_row_as_full_screen_section=&#8221;no&#8221; type=&#8221;full_width&#8221; angled_section=&#8221;no&#8221; text_align=&#8221;left&#8221; background_image_as_pattern=&#8221;without_pattern&#8221;][vc_column width=&#8221;1\/4&#8243;][vc_raw_html]PGg1PkF1dHJlcyBzZXJ2aWNlcyBkZSBDTkQ8L2g1Pg==[\/vc_raw_html][vc_separator type=&#8221;normal&#8221; color=&#8221;#bcbcbc&#8221; thickness=&#8221;1&#8243; transparency=&#8221;0.4&#8243;][vc_raw_html]JTNDdWwlMjBjbGFzcyUzRCUyMm1lbnUtbGF0ZXJhbCUyMiUzRSUwQSUzQ2xpJTIwY2xhc3MlM0QlMjJ2b2x2ZXIlMjIlM0UlM0NhJTIwaHJlZiUzRCUyMmh0dHBzJTNBJTJGJTJGc2Npc2EuZXMlMkZlbnNheW9zLW5vLWRlc3RydWN0aXZvcy15LWxhYm9yYXRvcmlvLW1ldGFsdXJnaWNvJTJGJTIyJTNFJTNDaSUyMGNsYXNzJTNEJTIyZmElMjBmYS1iYWNrd2FyZCUyMiUyMGFyaWEtaGlkZGVuJTNEJTIydHJ1ZSUyMiUzRSUzQyUyRmklM0UlMjAlMjBMQUJPUkFUT0lSRSUyMEQlMjdFU1NBSVMlMjBOT04lMjBERVNUUlVDVElGUyUyMEVUJTIwTSVDMyU4OVRBTExVUkdJUVVFUyUzQyUyRmElM0UlM0MlMkZsaSUzRSUwQSUwQSUzQ2xpJTNFJTNDYSUyMGhyZWYlM0QlMjJodHRwcyUzQSUyRiUyRnNjaXNhLmVzJTJGZnIlMkZjb250cm9sZXMtbm9uLWRlc3RydWN0aWZzLWV0LWxhYm9yYXRvaXJlLWRlLW1ldGFsbHVyZ2llJTJGbGFib3JhdG9pcmUtZGUtbWV0YWxsdXJnaWUlMkZtZXRhbGxvZ3JhcGhpZSUyRiUyMiUzRU0lQzMlQTl0YWxsb2dyYXBoaWUlM0MlMkZsaSUzRSUwQSUwQSUzQ2xpJTNFJTNDYSUyMGhyZWYlM0QlMjJodHRwcyUzQSUyRiUyRnNjaXNhLmVzJTJGZnIlMkZhbmFseXNlLWNoaW1pcXVlJTJGJTIyJTNFQW5hbHlzZSUyMGNoaW1pcXVlJTNDJTJGYSUzRSUzQyUyRmxpJTNFJTBBJTBBJTBBJTNDbGklMjBjbGFzcyUzRCUyMnNpbi1lbmxhY2UlMjIlM0VFc3NhaXMlMjBtJUMzJUE5Y2FuaXF1ZXMlM0MlMkZsaSUzRSUwQSUwQSUzQyUyRnVsJTNF[\/vc_raw_html][vc_empty_space][vc_raw_html]PGg1PkNvbnRhY3QgYXZlYyBub3VzPC9oNT4=[\/vc_raw_html][vc_separator type=&#8221;normal&#8221; color=&#8221;#bcbcbc&#8221; thickness=&#8221;1&#8243; transparency=&#8221;0.4&#8243;][vc_widget_sidebar sidebar_id=&#8221;sidebar-blog&#8221;][\/vc_column][vc_column width=&#8221;3\/4&#8243;][vc_row_inner row_type=&#8221;row&#8221; type=&#8221;full_width&#8221; text_align=&#8221;left&#8221; css_animation=&#8221;&#8221; css=&#8221;.vc_custom_1639654729177{background-color: #ffffff !important;}&#8221;][vc_column_inner css=&#8221;.vc_custom_1639654809595{padding-right: 45px !important;padding-left: 45px !important;background-color: #ffffff !important;}&#8221;][vc_column_text]<\/p>\n<h2 class=\"internas-titul\">SUR NOS TESTS M\u00c9CANIQUES :<\/h2>\n<div class=\"wpb_text_column wpb_content_element \">\n<div class=\"wpb_wrapper\">\n<p>Les <strong>essais m\u00e9caniques<\/strong> r\u00e9alis\u00e9s au <strong>SCI<\/strong> r\u00e9pondent aux crit\u00e8res r\u00e9glementaires requis par les diff\u00e9rents codes et r\u00e8glements nationaux et internationaux, afin de d\u00e9terminer les diff\u00e9rentes <strong>propri\u00e9t\u00e9s physiques<\/strong> des<strong> mat\u00e9riaux<\/strong>.<\/p>\n<\/div>\n<\/div>\n<p>[\/vc_column_text][vc_empty_space][\/vc_column_inner][\/vc_row_inner][vc_empty_space][vc_row_inner row_type=&#8221;row&#8221; type=&#8221;full_width&#8221; text_align=&#8221;left&#8221; css_animation=&#8221;&#8221; css=&#8221;.vc_custom_1644931249879{padding-right: 0px !important;padding-left: 25px !important;background-color: #ffffff !important;}&#8221;][vc_column_inner width=&#8221;1\/2&#8243;][vc_empty_space][vc_column_text]<\/p>\n<h3><strong><em>1.<\/em> <\/strong>DES ESSAIS DE TRACTION, DE COMPRESSION ET DE FLEXION DU MAT\u00c9RIAU<\/h3>\n<p>Notre syst\u00e8me de mesure de la force, bas\u00e9 sur une technologie avanc\u00e9e, permet de <strong>mesurer la traction et la compression<\/strong> jusqu&#8217;\u00e0 <strong>1000 KN<\/strong>. Gr\u00e2ce \u00e0 ces essais, il est donc possible de v\u00e9rifier la r\u00e9sistance, tant \u00e0 la <strong>traction <\/strong>qu&#8217;\u00e0 la <strong>compression <\/strong>, que le mat\u00e9riau est capable de supporter.<\/p>\n<p>La capacit\u00e9 de flexion des mat\u00e9riaux et des joints soud\u00e9s est d\u00e9termin\u00e9e au moyen de diff\u00e9rents <strong>diam\u00e8tres de poin\u00e7ons<\/strong> et d&#8217;<strong>espacements de rouleaux d&#8217;appui<\/strong>.<\/p>\n<h3><em><strong>2.<\/strong><\/em> TEST DE DURET\u00c9<\/h3>\n<p>Chez <strong>SCI<\/strong>, nous effectuons des tests pour d\u00e9terminer la duret\u00e9 d&#8217;un mat\u00e9riau. Et nous le faisons avec trois des m\u00e9thodes utilis\u00e9es : <strong>Rockwell<\/strong>, <strong>Brinell<\/strong> et <strong>Vickers<\/strong>.<\/p>\n<h3><em><strong>3.<\/strong> <\/em>ESSAIS DE FLEXION PAR IMPACT (R\u00c9SILIENCE)<\/h3>\n<p>L&#8217;<strong>essai Charpy<\/strong> mesure la t\u00e9nacit\u00e9 et la capacit\u00e9 d&#8217;absorption d&#8217;\u00e9nergie d&#8217;un mat\u00e9riau donn\u00e9 \u00e0 diff\u00e9rentes temp\u00e9ratures, de la temp\u00e9rature ambiante jusqu&#8217;\u00e0 <strong>-196\u00baC<\/strong>. L&#8217;impact Charpy est r\u00e9alis\u00e9 conform\u00e9ment aux normes <strong>ASTM E-23<\/strong> et <strong>EN-ISO-148-1.<\/strong><br \/>\n[\/vc_column_text][vc_empty_space][\/vc_column_inner][vc_column_inner width=&#8221;1\/2&#8243; css=&#8221;.vc_custom_1644931245989{padding-right: 0px !important;}&#8221;][vc_single_image image=&#8221;56239&#8243; img_size=&#8221;full&#8221; alignment=&#8221;right&#8221; qode_css_animation=&#8221;&#8221; css=&#8221;.vc_custom_1642679584663{margin-top: 0px !important;margin-right: 0px !important;margin-bottom: 0px !important;margin-left: 0px !important;border-top-width: 0px !important;border-right-width: 0px !important;border-bottom-width: 0px !important;border-left-width: 0px !important;padding-top: 0px !important;padding-right: 0px !important;padding-bottom: 0px !important;padding-left: 0px !important;}&#8221;][vc_single_image image=&#8221;56241&#8243; img_size=&#8221;full&#8221; alignment=&#8221;right&#8221; qode_css_animation=&#8221;&#8221; css=&#8221;.vc_custom_1642679579362{margin-top: 0px !important;margin-right: 0px !important;margin-bottom: 0px !important;margin-left: 0px !important;border-top-width: 0px !important;border-right-width: 0px !important;border-bottom-width: 0px !important;border-left-width: 0px !important;padding-top: 0px !important;padding-right: 0px !important;padding-bottom: 0px !important;padding-left: 0px !important;}&#8221;][\/vc_column_inner][\/vc_row_inner][vc_empty_space][vc_row_inner row_type=&#8221;row&#8221; type=&#8221;full_width&#8221; text_align=&#8221;left&#8221; css_animation=&#8221;&#8221; css=&#8221;.vc_custom_1639647452155{background-color: #ffffff !important;}&#8221;][vc_column_inner css=&#8221;.vc_custom_1639654835560{padding-right: 45px !important;padding-left: 45px !important;}&#8221;][vc_empty_space][vc_column_text]<\/p>\n<h2 class=\"internas-titul\">MOYENS \u00c0 NOTRE DISPOSITION POUR R\u00c9ALISER CES TESTS :<\/h2>\n<div class=\"wpb_text_column wpb_content_element \">\n<div class=\"wpb_wrapper\">\n<p>Chez <strong>SCI<\/strong>, nous utilisons une technologie de pointe pour effectuer des tests visant \u00e0 d\u00e9terminer les propri\u00e9t\u00e9s m\u00e9caniques et chimiques des mat\u00e9riaux. Certains des \u00e9quipements que nous avons sont :<\/p>\n<\/div>\n<\/div>\n<ul class=\"lista-interna\">\n<li style=\"list-style-type: none;\"><\/li>\n<\/ul>\n<p>[\/vc_column_text]<div class=\"q_icon_list\"><i class=\"qode_icon_font_awesome fa fa-check-circle-o qode-ili-icon-holder circle\" style=\"color: #dbae32;background-color: #ffffff;\" ><\/i><p style=\"font-size: 14px;\">Atelier d&#039;usinage \u00e9quip\u00e9.<\/p><\/div><div class=\"q_icon_list\"><i class=\"qode_icon_font_awesome fa fa-check-circle-o qode-ili-icon-holder circle\" style=\"color: #dbae32;background-color: #ffffff;\" ><\/i><p style=\"font-size: 14px;\">Machines n\u00e9cessaires pour les essais de traction, de compression et de flexion.<\/p><\/div><div class=\"q_icon_list\"><i class=\"qode_icon_font_awesome fa fa-check-circle-o qode-ili-icon-holder circle\" style=\"color: #dbae32;background-color: #ffffff;\" ><\/i><p style=\"font-size: 14px;\">Appareils de mesure de la duret\u00e9 Rockwell, Brinell et Vickers.<\/p><\/div><div class=\"q_icon_list\"><i class=\"qode_icon_font_awesome fa fa-check-circle-o qode-ili-icon-holder circle\" style=\"color: #dbae32;background-color: #ffffff;\" ><\/i><p style=\"font-size: 14px;\">Pendules Charpy.<\/p><\/div><div class=\"q_icon_list\"><i class=\"qode_icon_font_awesome fa fa-check-circle-o qode-ili-icon-holder circle\" style=\"color: #dbae32;background-color: #ffffff;\" ><\/i><p style=\"font-size: 14px;\">Fours et moufles.<\/p><\/div>[vc_empty_space][\/vc_column_inner][\/vc_row_inner][vc_empty_space][vc_row_inner row_type=&#8221;row&#8221; type=&#8221;full_width&#8221; text_align=&#8221;left&#8221; css_animation=&#8221;&#8221; css=&#8221;.vc_custom_1639647452155{background-color: #ffffff !important;}&#8221;][vc_column_inner css=&#8221;.vc_custom_1639654835560{padding-right: 45px !important;padding-left: 45px !important;}&#8221;][vc_empty_space][vc_column_text]<\/p>\n<h2 class=\"internas-titul\">LES PRINCIPAUX SECTEURS VIS\u00c9S :<\/h2>\n<div class=\"wpb_text_column wpb_content_element \">\n<div class=\"wpb_wrapper\">\n<p>Dans l&#8217;industrie, il existe plusieurs secteurs qui effectuent r\u00e9guli\u00e8rement ce type de <strong>tests<\/strong>. Les plus fr\u00e9quentes sont les suivantes :<\/p>\n<\/div>\n<\/div>\n<ul class=\"lista-interna\">\n<li style=\"list-style-type: none;\"><\/li>\n<\/ul>\n<p>[\/vc_column_text]<div class=\"q_icon_list\"><i class=\"qode_icon_font_awesome fa fa-check-circle-o qode-ili-icon-holder circle\" style=\"color: #dbae32;background-color: #ffffff;\" ><\/i><p style=\"font-size: 14px;\">P\u00e9trole et gaz.<\/p><\/div><div class=\"q_icon_list\"><i class=\"qode_icon_font_awesome fa fa-check-circle-o qode-ili-icon-holder circle\" style=\"color: #dbae32;background-color: #ffffff;\" ><\/i><p style=\"font-size: 14px;\">Industrie du fer et de l&#039;acier.<\/p><\/div><div class=\"q_icon_list\"><i class=\"qode_icon_font_awesome fa fa-check-circle-o qode-ili-icon-holder circle\" style=\"color: #dbae32;background-color: #ffffff;\" ><\/i><p style=\"font-size: 14px;\">Biens d&#039;\u00e9quipement.<\/p><\/div><div class=\"q_icon_list\"><i class=\"qode_icon_font_awesome fa fa-check-circle-o qode-ili-icon-holder circle\" style=\"color: #dbae32;background-color: #ffffff;\" ><\/i><p style=\"font-size: 14px;\">A\u00e9ronautique.<\/p><\/div><div class=\"q_icon_list\"><i class=\"qode_icon_font_awesome fa fa-check-circle-o qode-ili-icon-holder circle\" style=\"color: #dbae32;background-color: #ffffff;\" ><\/i><p style=\"font-size: 14px;\">Automobile.<\/p><\/div><div class=\"q_icon_list\"><i class=\"qode_icon_font_awesome fa fa-check-circle-o qode-ili-icon-holder circle\" style=\"color: #dbae32;background-color: #ffffff;\" ><\/i><p style=\"font-size: 14px;\">L&#039;industrie ferroviaire.<\/p><\/div><div class=\"q_icon_list\"><i class=\"qode_icon_font_awesome fa fa-check-circle-o qode-ili-icon-holder circle\" style=\"color: #dbae32;background-color: #ffffff;\" ><\/i><p style=\"font-size: 14px;\">Construction m\u00e9tallique.<\/p><\/div>[vc_column_text]Tous ces secteurs forment un groupe tr\u00e8s h\u00e9t\u00e9rog\u00e8ne dans lequel il est n\u00e9cessaire de s&#8217;assurer que les mat\u00e9riaux utilis\u00e9s dans la<strong> fabrication<\/strong> et la <strong>construction<\/strong> r\u00e9pondent aux <strong>exigences de qualit\u00e9 requises<\/strong>.[\/vc_column_text][vc_empty_space][\/vc_column_inner][\/vc_row_inner][\/vc_column][\/vc_row][vc_row css_animation=&#8221;&#8221; row_type=&#8221;row&#8221; use_row_as_full_screen_section=&#8221;no&#8221; type=&#8221;full_width&#8221; angled_section=&#8221;no&#8221; text_align=&#8221;left&#8221; background_image_as_pattern=&#8221;without_pattern&#8221;][vc_column][vc_empty_space height=&#8221;64px&#8221;][\/vc_column][\/vc_row]<\/p>\n<\/div>","protected":false},"excerpt":{"rendered":"<p>[vc_row css_animation=&#8221;&#8221; row_type=&#8221;row&#8221; use_row_as_full_screen_section=&#8221;no&#8221; type=&#8221;full_width&#8221; angled_section=&#8221;no&#8221; text_align=&#8221;left&#8221; background_image_as_pattern=&#8221;without_pattern&#8221;][vc_column width=&#8221;1\/4&#8243;][vc_raw_html]PGg1PkF1dHJlcyBzZXJ2aWNlcyBkZSBDTkQ8L2g1Pg==[\/vc_raw_html][vc_separator type=&#8221;normal&#8221; color=&#8221;#bcbcbc&#8221; thickness=&#8221;1&#8243; transparency=&#8221;0.4&#8243;][vc_raw_html]JTNDdWwlMjBjbGFzcyUzRCUyMm1lbnUtbGF0ZXJhbCUyMiUzRSUwQSUzQ2xpJTIwY2xhc3MlM0QlMjJ2b2x2ZXIlMjIlM0UlM0NhJTIwaHJlZiUzRCUyMmh0dHBzJTNBJTJGJTJGc2Npc2EuZXMlMkZlbnNheW9zLW5vLWRlc3RydWN0aXZvcy15LWxhYm9yYXRvcmlvLW1ldGFsdXJnaWNvJTJGJTIyJTNFJTNDaSUyMGNsYXNzJTNEJTIyZmElMjBmYS1iYWNrd2FyZCUyMiUyMGFyaWEtaGlkZGVuJTNEJTIydHJ1ZSUyMiUzRSUzQyUyRmklM0UlMjAlMjBMQUJPUkFUT0lSRSUyMEQlMjdFU1NBSVMlMjBOT04lMjBERVNUUlVDVElGUyUyMEVUJTIwTSVDMyU4OVRBTExVUkdJUVVFUyUzQyUyRmElM0UlM0MlMkZsaSUzRSUwQSUwQSUzQ2xpJTNFJTNDYSUyMGhyZWYlM0QlMjJodHRwcyUzQSUyRiUyRnNjaXNhLmVzJTJGZnIlMkZjb250cm9sZXMtbm9uLWRlc3RydWN0aWZzLWV0LWxhYm9yYXRvaXJlLWRlLW1ldGFsbHVyZ2llJTJGbGFib3JhdG9pcmUtZGUtbWV0YWxsdXJnaWUlMkZtZXRhbGxvZ3JhcGhpZSUyRiUyMiUzRU0lQzMlQTl0YWxsb2dyYXBoaWUlM0MlMkZsaSUzRSUwQSUwQSUzQ2xpJTNFJTNDYSUyMGhyZWYlM0QlMjJodHRwcyUzQSUyRiUyRnNjaXNhLmVzJTJGZnIlMkZhbmFseXNlLWNoaW1pcXVlJTJGJTIyJTNFQW5hbHlzZSUyMGNoaW1pcXVlJTNDJTJGYSUzRSUzQyUyRmxpJTNFJTBBJTBBJTBBJTNDbGklMjBjbGFzcyUzRCUyMnNpbi1lbmxhY2UlMjIlM0VFc3NhaXMlMjBtJUMzJUE5Y2FuaXF1ZXMlM0MlMkZsaSUzRSUwQSUwQSUzQyUyRnVsJTNF[\/vc_raw_html][vc_empty_space][vc_raw_html]PGg1PkNvbnRhY3QgYXZlYyBub3VzPC9oNT4=[\/vc_raw_html][vc_separator type=&#8221;normal&#8221; color=&#8221;#bcbcbc&#8221; thickness=&#8221;1&#8243; transparency=&#8221;0.4&#8243;][vc_widget_sidebar sidebar_id=&#8221;sidebar-blog&#8221;][\/vc_column][vc_column width=&#8221;3\/4&#8243;][vc_row_inner row_type=&#8221;row&#8221; type=&#8221;full_width&#8221; text_align=&#8221;left&#8221; css_animation=&#8221;&#8221; css=&#8221;.vc_custom_1639654729177{background-color: #ffffff !important;}&#8221;][vc_column_inner css=&#8221;.vc_custom_1639654809595{padding-right: 45px !important;padding-left: 45px !important;background-color: #ffffff !important;}&#8221;][vc_column_text] SUR NOS TESTS M\u00c9CANIQUES : Les essais m\u00e9caniques r\u00e9alis\u00e9s au SCI r\u00e9pondent&#8230;<\/p>\n","protected":false},"author":1,"featured_media":0,"parent":58171,"menu_order":0,"comment_status":"closed","ping_status":"closed","template":"","meta":{"footnotes":""},"class_list":["post-58199","page","type-page","status-publish","hentry"],"_links":{"self":[{"href":"https:\/\/scisa.es\/fr\/wp-json\/wp\/v2\/pages\/58199","targetHints":{"allow":["GET"]}}],"collection":[{"href":"https:\/\/scisa.es\/fr\/wp-json\/wp\/v2\/pages"}],"about":[{"href":"https:\/\/scisa.es\/fr\/wp-json\/wp\/v2\/types\/page"}],"author":[{"embeddable":true,"href":"https:\/\/scisa.es\/fr\/wp-json\/wp\/v2\/users\/1"}],"replies":[{"embeddable":true,"href":"https:\/\/scisa.es\/fr\/wp-json\/wp\/v2\/comments?post=58199"}],"version-history":[{"count":0,"href":"https:\/\/scisa.es\/fr\/wp-json\/wp\/v2\/pages\/58199\/revisions"}],"up":[{"embeddable":true,"href":"https:\/\/scisa.es\/fr\/wp-json\/wp\/v2\/pages\/58171"}],"wp:attachment":[{"href":"https:\/\/scisa.es\/fr\/wp-json\/wp\/v2\/media?parent=58199"}],"curies":[{"name":"wp","href":"https:\/\/api.w.org\/{rel}","templated":true}]}}