{"id":58208,"date":"2021-11-29T11:14:17","date_gmt":"2021-11-29T11:14:17","guid":{"rendered":"https:\/\/scisa.es\/sci-renewables\/"},"modified":"2023-04-24T07:31:25","modified_gmt":"2023-04-24T07:31:25","slug":"sci-renewables","status":"publish","type":"page","link":"https:\/\/scisa.es\/fr\/sci-renewables\/","title":{"rendered":"SCI Renewables"},"content":{"rendered":"<div class=\"wpb-content-wrapper\"><p>[vc_row css_animation=&#8221;&#8221; row_type=&#8221;row&#8221; use_row_as_full_screen_section=&#8221;no&#8221; type=&#8221;full_width&#8221; angled_section=&#8221;no&#8221; text_align=&#8221;left&#8221; background_image_as_pattern=&#8221;without_pattern&#8221;][vc_column width=&#8221;1\/4&#8243;][vc_column_text]<\/p>\n<ul class=\"menu-lateral\">\n<li class=\"volver\"><a><i class=\"fa fa-backward\" aria-hidden=\"true\"><\/i> SCI RENEWABLES<\/a><\/li>\n<li><a href=\"https:\/\/scisa.es\/fr\/sci-renewables\/#secteur-vent\">SECTEUR VENT<\/a><\/li>\n<li><a href=\"https:\/\/scisa.es\/fr\/sci-renewables\/#secteur-solaire\">SECTEUR SOLAIRE<\/a><\/li>\n<li><a href=\"https:\/\/scisa.es\/fr\/sci-renewables\/#secteur-hydraulique\">SECTEUR HYDRAULIQUE<\/a><\/li>\n<li><a href=\"https:\/\/scisa.es\/fr\/sci-renewables\/#secteur-de-l-hydrogene\">SECTEUR DE L&#8217;HYDROG\u00c8NE<\/a><\/li>\n<\/ul>\n<p>[\/vc_column_text][vc_empty_space][vc_column_text]<\/p>\n<h5>Contact avec nous<\/h5>\n<p>[\/vc_column_text][vc_separator type=&#8221;normal&#8221; color=&#8221;#bcbcbc&#8221; thickness=&#8221;1&#8243; transparency=&#8221;0.4&#8243;][vc_widget_sidebar sidebar_id=&#8221;sidebar-blog&#8221;][\/vc_column][vc_column width=&#8221;3\/4&#8243;][vc_row_inner row_type=&#8221;row&#8221; type=&#8221;full_width&#8221; text_align=&#8221;left&#8221; css_animation=&#8221;&#8221; el_id=&#8221;secteur-vent&#8221;][vc_column_inner][\/vc_column_inner][\/vc_row_inner][qode_elements_holder background_color=&#8221;#ffffff&#8221; number_of_columns=&#8221;two_columns&#8221; switch_to_one_column=&#8221;768&#8243; alignment_one_column=&#8221;center&#8221;][qode_elements_holder_item vertical_alignment=&#8221;middle&#8221; horizontal_alignment=&#8221;center&#8221; advanced_animations=&#8221;no&#8221;][vc_single_image image=&#8221;56819&#8243; img_size=&#8221;full&#8221; qode_css_animation=&#8221;&#8221; el_class=&#8221;altura-plis&#8221; css=&#8221;.vc_custom_1644930633378{padding-left: 0px !important;}&#8221;][\/qode_elements_holder_item][qode_elements_holder_item vertical_alignment=&#8221;middle&#8221; advanced_animations=&#8221;no&#8221; item_padding=&#8221;15px 35px 15px 35px&#8221;][vc_empty_space height=&#8221;15px&#8221;][vc_column_text]<\/p>\n<h2 class=\"titulo-flecha\">SECTEUR VENT<\/h2>\n<div class=\"menu-caja\">\n<div><a href=\"https:\/\/scisa.es\/fr\/sci-renewables\/secteur-de-lenergie-eolienne\/#inspeccion-de-soldaduras-de-torres-eolicas-en-servicio\">Inspection par soudage des tours \u00e9oliennes en service<\/a><\/div>\n<div><a href=\"https:\/\/scisa.es\/fr\/sci-renewables\/secteur-de-lenergie-eolienne\/#inspeccion-de-alurings\">Inspection<br \/>\nde<br \/>\nAlurings<\/a><\/div>\n<div><a href=\"https:\/\/scisa.es\/fr\/sci-renewables\/secteur-de-lenergie-eolienne\/\">Inspection des soudures du cadre de l&#8217;\u00e9olienne<\/a><\/div>\n<div><a href=\"https:\/\/scisa.es\/fr\/sci-renewables\/secteur-de-lenergie-eolienne\/#inspeccion-reglamentaria-de-las-instalaciones-electricas\">Inspection r\u00e9glementaire des installations \u00e9lectriques<\/a><\/div>\n<div><a href=\"https:\/\/scisa.es\/fr\/sci-renewables\/secteur-de-lenergie-eolienne\/#ensayos-y-supervisiones-de-elementos-estructurales-de-la-torre\">Essai des \u00e9l\u00e9ments structurels de la<br \/>\nTour<\/a><\/div>\n<div><a href=\"https:\/\/scisa.es\/fr\/sci-renewables\/secteur-de-lenergie-eolienne\/#inspeccion-y-ensayos-de-elementos-mecanicos-del-aerogenerador\">Inspection des \u00e9l\u00e9ments m\u00e9caniques des \u00e9oliennes<\/a><\/div>\n<div><a href=\"https:\/\/scisa.es\/fr\/sci-renewables\/secteur-de-lenergie-eolienne\/#analisis-de-fallo-en-componentes-de-aerogeneradores\">Analyse des d\u00e9faillances des composants d&#8217;une \u00e9olienne<\/a><\/div>\n<\/div>\n<p>[\/vc_column_text][vc_empty_space height=&#8221;15px&#8221;]<a  itemprop=\"url\" href=\"https:\/\/scisa.es\/fr\/contact\/\" target=\"_self\" data-hover-border-color=\"#000000\" data-hover-color=\"#ffffff\" class=\"qbutton  medium white default derecha\" style=\"color: #000000; border-color: #757575; \">Contact avec nous<\/a>[\/qode_elements_holder_item][\/qode_elements_holder][vc_empty_space][vc_row_inner row_type=&#8221;row&#8221; type=&#8221;full_width&#8221; text_align=&#8221;left&#8221; css_animation=&#8221;&#8221; el_id=&#8221;secteur-solaire&#8221;][vc_column_inner][\/vc_column_inner][\/vc_row_inner][qode_elements_holder background_color=&#8221;#ffffff&#8221; number_of_columns=&#8221;two_columns&#8221; switch_to_one_column=&#8221;768&#8243; alignment_one_column=&#8221;center&#8221;][qode_elements_holder_item vertical_alignment=&#8221;middle&#8221; advanced_animations=&#8221;no&#8221; item_padding=&#8221;15px 35px 15px 35px&#8221;][vc_column_text]<\/p>\n<h2 class=\"titulo-flecha\">SECTEUR SOLAIRE<\/h2>\n<div class=\"menu-caja\">\n<div><a href=\"https:\/\/scisa.es\/fr\/sci-renewables\/secteur-solaire\/#inspeccion-del-tubo-captador-en-plantas-termosolares\">Inspection des tubes collecteurs dans les centrales solaires thermiques<\/a><\/div>\n<div><a href=\"https:\/\/scisa.es\/fr\/sci-renewables\/secteur-solaire\/#inspeccion-y-ensayos-no-destructivos-en-los-sistemas-de-potencia\">Inspection et CND<br \/>\ndans les syst\u00e8mes<br \/>\nPuissance<\/a><\/div>\n<div><a href=\"https:\/\/scisa.es\/fr\/sci-renewables\/secteur-solaire\/#inspeccion-termografica-del-estado-de-las-placas-en-plantas-fotovoltaicas\">Inspection thermographique de l&#8217;\u00e9tat des plaques dans les centrales photovolta\u00efques<\/a><\/div>\n<div><a href=\"https:\/\/scisa.es\/fr\/sci-renewables\/secteur-solaire\/#inspeccion-reglamentaria-de-las-instalaciones-electricas-solar\">Inspection r\u00e9glementaire des installations \u00e9lectriques<\/a><\/div>\n<\/div>\n<p>[\/vc_column_text][vc_empty_space]<a  itemprop=\"url\" href=\"https:\/\/scisa.es\/fr\/contact\/\" target=\"_self\" data-hover-border-color=\"#000000\" data-hover-color=\"#ffffff\" class=\"qbutton  medium white default derecha\" style=\"color: #000000; border-color: #757575; \">Contact avec nous<\/a>[\/qode_elements_holder_item][qode_elements_holder_item vertical_alignment=&#8221;middle&#8221; horizontal_alignment=&#8221;center&#8221; advanced_animations=&#8221;no&#8221;][vc_single_image image=&#8221;56821&#8243; img_size=&#8221;full&#8221; qode_css_animation=&#8221;&#8221; el_class=&#8221;altura-plis&#8221;][\/qode_elements_holder_item][\/qode_elements_holder][vc_row_inner row_type=&#8221;row&#8221; type=&#8221;full_width&#8221; text_align=&#8221;left&#8221; css_animation=&#8221;&#8221; el_id=&#8221;secteur-hydraulique&#8221;][vc_column_inner][\/vc_column_inner][\/vc_row_inner][vc_empty_space][qode_elements_holder background_color=&#8221;#ffffff&#8221; number_of_columns=&#8221;two_columns&#8221; switch_to_one_column=&#8221;768&#8243; alignment_one_column=&#8221;center&#8221;][qode_elements_holder_item vertical_alignment=&#8221;middle&#8221; horizontal_alignment=&#8221;center&#8221; advanced_animations=&#8221;no&#8221;][vc_single_image image=&#8221;56823&#8243; img_size=&#8221;full&#8221; qode_css_animation=&#8221;&#8221; el_class=&#8221;altura-plis&#8221;][\/qode_elements_holder_item][qode_elements_holder_item vertical_alignment=&#8221;middle&#8221; advanced_animations=&#8221;no&#8221; item_padding=&#8221;15px 35px 15px 35px&#8221;][vc_column_text]<\/p>\n<h2 class=\"titulo-flecha\">SECTEUR HYDRAULIQUE<\/h2>\n<div class=\"menu-caja\">\n<div><a href=\"https:\/\/scisa.es\/fr\/sci-renewables\/secteur-de-lhydraulique\/#inspeccion-reglamentaria-de-las-instalaciones-electricas-hidraulicas\">Inspection r\u00e9glementaire des installations \u00e9lectriques<\/a><\/div>\n<div><a href=\"https:\/\/scisa.es\/fr\/sci-renewables\/secteur-de-lhydraulique\/#medicion-de-espesores-y-ensayos-en-tuberias-de-centrales-hidraulicas\">Mesure et essai de l&#8217;\u00e9paisseur des conduites des centrales hydrauliques<\/a><\/div>\n<div><a href=\"https:\/\/scisa.es\/fr\/sci-renewables\/secteur-de-lhydraulique\/#ensayos-en-componentes-mecanicos-de-centrales-hidraulicas\">Essais sur les composants m\u00e9caniques des centrales hydrauliques<\/a><\/div>\n<\/div>\n<p>[\/vc_column_text][vc_empty_space]<a  itemprop=\"url\" href=\"https:\/\/scisa.es\/fr\/contact\/\" target=\"_self\" data-hover-border-color=\"#000000\" data-hover-color=\"#ffffff\" class=\"qbutton  medium white default derecha\" style=\"color: #000000; border-color: #757575; \">Contact avec nous<\/a>[\/qode_elements_holder_item][\/qode_elements_holder][vc_row_inner row_type=&#8221;row&#8221; type=&#8221;full_width&#8221; text_align=&#8221;left&#8221; css_animation=&#8221;&#8221; el_id=&#8221;secteur-de-l-hydrogene&#8221;][vc_column_inner][\/vc_column_inner][\/vc_row_inner][vc_empty_space][qode_elements_holder background_color=&#8221;#ffffff&#8221; number_of_columns=&#8221;two_columns&#8221; switch_to_one_column=&#8221;768&#8243; alignment_one_column=&#8221;center&#8221;][qode_elements_holder_item vertical_alignment=&#8221;middle&#8221; advanced_animations=&#8221;no&#8221; item_padding=&#8221;15px 35px 15px 35px&#8221;][vc_column_text]<\/p>\n<h2 class=\"titulo-flecha\">SECTEUR DE L&#8217;HYDROG\u00c8NE<\/h2>\n<div class=\"menu-caja\">\n<div><a href=\"https:\/\/scisa.es\/fr\/sci-renewables\/secteur-de-lhydrogene\/#inspeccion-reglamentaria-de-las-instalaciones-electricas\">Inspection r\u00e9glementaire des installations \u00e9lectriques<\/a><\/div>\n<div><a href=\"https:\/\/scisa.es\/fr\/sci-renewables\/secteur-de-lhydrogene\/#diseno-fabricacion\">Design et Fabrication<\/a><\/div>\n<div><a href=\"https:\/\/scisa.es\/fr\/sci-renewables\/secteur-de-lhydrogene\/#generacion-hidogeno-transporte-distribucion\">Production, transport et distribution d&#8217;hydrog\u00e8ne<\/a><\/div>\n<\/div>\n<p>[\/vc_column_text][vc_empty_space]<a  itemprop=\"url\" href=\"https:\/\/scisa.es\/fr\/contact\/\" target=\"_self\" data-hover-border-color=\"#000000\" data-hover-color=\"#ffffff\" class=\"qbutton  medium white default derecha\" style=\"color: #000000; border-color: #757575; \">Contact avec nous<\/a>[\/qode_elements_holder_item][qode_elements_holder_item vertical_alignment=&#8221;middle&#8221; horizontal_alignment=&#8221;center&#8221; advanced_animations=&#8221;no&#8221;][vc_single_image image=&#8221;56825&#8243; img_size=&#8221;full&#8221; qode_css_animation=&#8221;&#8221; el_class=&#8221;altura-plis&#8221;][\/qode_elements_holder_item][\/qode_elements_holder][vc_empty_space][\/vc_column][\/vc_row][vc_row css_animation=&#8221;&#8221; row_type=&#8221;row&#8221; use_row_as_full_screen_section=&#8221;no&#8221; type=&#8221;full_width&#8221; angled_section=&#8221;no&#8221; text_align=&#8221;left&#8221; background_image_as_pattern=&#8221;without_pattern&#8221;][vc_column][vc_empty_space height=&#8221;64px&#8221;][\/vc_column][\/vc_row]<\/p>\n<\/div>","protected":false},"excerpt":{"rendered":"<p>[vc_row css_animation=&#8221;&#8221; row_type=&#8221;row&#8221; use_row_as_full_screen_section=&#8221;no&#8221; type=&#8221;full_width&#8221; angled_section=&#8221;no&#8221; text_align=&#8221;left&#8221; background_image_as_pattern=&#8221;without_pattern&#8221;][vc_column width=&#8221;1\/4&#8243;][vc_column_text] SCI RENEWABLES SECTEUR VENT SECTEUR SOLAIRE SECTEUR HYDRAULIQUE SECTEUR DE L&#8217;HYDROG\u00c8NE [\/vc_column_text][vc_empty_space][vc_column_text] Contact avec nous [\/vc_column_text][vc_separator type=&#8221;normal&#8221; color=&#8221;#bcbcbc&#8221; thickness=&#8221;1&#8243; transparency=&#8221;0.4&#8243;][vc_widget_sidebar sidebar_id=&#8221;sidebar-blog&#8221;][\/vc_column][vc_column width=&#8221;3\/4&#8243;][vc_row_inner row_type=&#8221;row&#8221; type=&#8221;full_width&#8221; text_align=&#8221;left&#8221; css_animation=&#8221;&#8221; el_id=&#8221;secteur-vent&#8221;][vc_column_inner][\/vc_column_inner][\/vc_row_inner][qode_elements_holder background_color=&#8221;#ffffff&#8221; number_of_columns=&#8221;two_columns&#8221; switch_to_one_column=&#8221;768&#8243; alignment_one_column=&#8221;center&#8221;][qode_elements_holder_item vertical_alignment=&#8221;middle&#8221; horizontal_alignment=&#8221;center&#8221; advanced_animations=&#8221;no&#8221;][vc_single_image image=&#8221;56819&#8243; img_size=&#8221;full&#8221;&#8230;<\/p>\n","protected":false},"author":1,"featured_media":0,"parent":0,"menu_order":0,"comment_status":"closed","ping_status":"closed","template":"","meta":{"footnotes":""},"class_list":["post-58208","page","type-page","status-publish","hentry"],"_links":{"self":[{"href":"https:\/\/scisa.es\/fr\/wp-json\/wp\/v2\/pages\/58208","targetHints":{"allow":["GET"]}}],"collection":[{"href":"https:\/\/scisa.es\/fr\/wp-json\/wp\/v2\/pages"}],"about":[{"href":"https:\/\/scisa.es\/fr\/wp-json\/wp\/v2\/types\/page"}],"author":[{"embeddable":true,"href":"https:\/\/scisa.es\/fr\/wp-json\/wp\/v2\/users\/1"}],"replies":[{"embeddable":true,"href":"https:\/\/scisa.es\/fr\/wp-json\/wp\/v2\/comments?post=58208"}],"version-history":[{"count":0,"href":"https:\/\/scisa.es\/fr\/wp-json\/wp\/v2\/pages\/58208\/revisions"}],"wp:attachment":[{"href":"https:\/\/scisa.es\/fr\/wp-json\/wp\/v2\/media?parent=58208"}],"curies":[{"name":"wp","href":"https:\/\/api.w.org\/{rel}","templated":true}]}}