{"id":58209,"date":"2021-12-16T09:11:36","date_gmt":"2021-12-16T09:11:36","guid":{"rendered":"https:\/\/scisa.es\/realisation-de-tests-detancheite-des-sources-radioactives-encapsulees\/"},"modified":"2023-01-23T16:48:39","modified_gmt":"2023-01-23T16:48:39","slug":"realisation-de-tests-detancheite-des-sources-radioactives-encapsulees","status":"publish","type":"page","link":"https:\/\/scisa.es\/fr\/departement-de-la-radioprotection\/realisation-de-tests-detancheite-des-sources-radioactives-encapsulees\/","title":{"rendered":"R\u00e9alisation de tests d&#8217;\u00e9tanch\u00e9it\u00e9 des sources radioactives encapsul\u00e9es"},"content":{"rendered":"<div class=\"wpb-content-wrapper\"><p>[vc_row css_animation=&#8221;&#8221; row_type=&#8221;row&#8221; use_row_as_full_screen_section=&#8221;no&#8221; type=&#8221;full_width&#8221; angled_section=&#8221;no&#8221; text_align=&#8221;left&#8221; background_image_as_pattern=&#8221;without_pattern&#8221;][vc_column width=&#8221;1\/4&#8243;][vc_raw_html]PGg1PkF1dHJlcyBzZXJ2aWNlcyBJTlNQRUNUSU9OPC9oNT4=[\/vc_raw_html][vc_separator type=&#8221;normal&#8221; color=&#8221;#bcbcbc&#8221; thickness=&#8221;1&#8243; transparency=&#8221;0.4&#8243;][vc_raw_html]JTNDdWwlMjBjbGFzcyUzRCUyMm1lbnUtbGF0ZXJhbCUyMiUzRSUwQSUzQ2xpJTIwY2xhc3MlM0QlMjJ2b2x2ZXIlMjIlM0UlM0NhJTIwaHJlZiUzRCUyMmh0dHBzJTNBJTJGJTJGc2Npc2EuZXMlMkZmciUyRmRlcGFydGVtZW50LWRlLWxhLXJhZGlvcHJvdGVjdGlvbiUyRiUyMiUzRSUzQ2klMjBjbGFzcyUzRCUyMmZhJTIwZmEtYmFja3dhcmQlMjIlMjBhcmlhLWhpZGRlbiUzRCUyMnRydWUlMjIlM0UlM0MlMkZpJTNFJTIwJTIwU0VSVklDRSUyMERFJTIwUkFESU9QUk9URUNUSU9OJTNDJTJGYSUzRSUzQyUyRmxpJTNFJTBBJTBBJTNDbGklMjBjbGFzcyUzRCUyMnNpbi1lbmxhY2UlMjIlM0VURVNUJTIwRCUyNyVDMyU4OVRBTkNIJUMzJTg5SVQlQzMlODklMjBERVMlMjBTT1VSQ0VTJTIwUkFESU9BQ1RJVkVTJTIwRU5DQVBTVUwlQzMlODlFUyUzQyUyRmElM0UlM0MlMkZsaSUzRSUwQSUzQ2xpJTNFJTNDYSUyMGhyZWYlM0QlMjJodHRwcyUzQSUyRiUyRnNjaXNhLmVzJTJGZnIlMkZkZXBhcnRlbWVudC1kZS1sYS1yYWRpb3Byb3RlY3Rpb24lMkZ2ZXJpZmljYXRpb24tZGVzLWFwcGFyZWlscy1kZS1tZXN1cmUtZGVzLXJheW9ubmVtZW50cyUyRiUyMiUzRVYlQzMlODlSSUZJQ0FUSU9OJTIwREVTJTIwQVBQQVJFSUxTJTIwREUlMjBNRVNVUkUlMjBERVMlMjBSQVlPTk5FTUVOVFMlM0MlMkZhJTNFJTNDJTJGbGklM0UlMEElM0MlMkZ1bCUzRQ==[\/vc_raw_html][vc_empty_space][vc_raw_html]PGg1PkNvbnRhY3QgYXZlYyBub3VzPC9oNT4=[\/vc_raw_html][vc_separator type=&#8221;normal&#8221; color=&#8221;#bcbcbc&#8221; thickness=&#8221;1&#8243; transparency=&#8221;0.4&#8243;][vc_widget_sidebar sidebar_id=&#8221;sidebar-blog&#8221;][\/vc_column][vc_column width=&#8221;3\/4&#8243;][vc_row_inner row_type=&#8221;row&#8221; type=&#8221;full_width&#8221; text_align=&#8221;left&#8221; css_animation=&#8221;&#8221; css=&#8221;.vc_custom_1639654729177{background-color: #ffffff !important;}&#8221;][vc_column_inner css=&#8221;.vc_custom_1639654809595{padding-right: 45px !important;padding-left: 45px !important;background-color: #ffffff !important;}&#8221;][vc_column_text]<\/p>\n<h2 class=\"internas-titul\">R\u00e9alisation de tests d&#8217;\u00e9tanch\u00e9it\u00e9 des sources radioactives encapsul\u00e9es<\/h2>\n<p>Le <a href=\"https:\/\/scisa.es\/fr\/\" target=\"_blank\" rel=\"noopener\">SCI<\/a> dispose d&#8217;une <a href=\"https:\/\/scisa.es\/departamento-proteccion-radiologica\/instalacion-radiactiva-de-segunda-categoria\/\" target=\"_blank\" rel=\"noopener\">installation radioactive de deuxi\u00e8me cat\u00e9gorie<\/a> autoris\u00e9e par le <strong>Conseil de s\u00e9curit\u00e9 nucl\u00e9aire<\/strong><strong>(CSN)<\/strong> pour la r\u00e9alisation d&#8217;<strong>essais d&#8217;herm\u00e9ticit\u00e9 de sources radioactives encapsul\u00e9es<\/strong>.[\/vc_column_text][vc_empty_space][\/vc_column_inner][\/vc_row_inner][vc_empty_space][vc_row_inner row_type=&#8221;row&#8221; type=&#8221;full_width&#8221; text_align=&#8221;left&#8221; css_animation=&#8221;&#8221; css=&#8221;.vc_custom_1639742702193{padding-right: 0px !important;padding-left: 25px !important;background-color: #ffffff !important;}&#8221;][vc_column_inner][vc_empty_space][vc_column_text]<\/p>\n<h2 class=\"internas-titul\">Test de scellement de sources radioactives encapsul\u00e9es<\/h2>\n<p>L&#8217;une des activit\u00e9s r\u00e9alis\u00e9es par l&#8217;installation radioactive de la <strong>SCI<\/strong> est la suivante :<\/p>\n<ul class=\"una-lista\">\n<li><i class=\"fa fa-arrow-circle-o-right\" aria-hidden=\"true\"><\/i> Contr\u00f4le de l&#8217;\u00e9tanch\u00e9it\u00e9 des sources radioactives encapsul\u00e9es \u00e0 intervalles r\u00e9guliers afin de d\u00e9tecter d&#8217;\u00e9ventuelles fuites de sources radioactives.<\/li>\n<\/ul>\n<p>Les <strong>tests d&#8217;herm\u00e9ticit\u00e9<\/strong> r\u00e9alis\u00e9s \u00e0 intervalles r\u00e9guliers, conform\u00e9ment aux sp\u00e9cifications r\u00e9glementaires, sur les sources radioactives encapsul\u00e9es ont pour principal objectif de pr\u00e9venir les \u00e9ventuels risques de contamination externe ou interne qui pourraient r\u00e9sulter d&#8217;une perte d&#8217;herm\u00e9ticit\u00e9 des sources.[\/vc_column_text][vc_empty_space][\/vc_column_inner][\/vc_row_inner][vc_row_inner row_type=&#8221;row&#8221; type=&#8221;full_width&#8221; text_align=&#8221;left&#8221; css_animation=&#8221;&#8221; css=&#8221;.vc_custom_1643712262796{padding-right: 0px !important;padding-left: 0px !important;}&#8221;][vc_column_inner css=&#8221;.vc_custom_1643712305357{padding-right: 0px !important;padding-left: 0px !important;}&#8221;][vc_single_image image=&#8221;56459&#8243; img_size=&#8221;full&#8221; qode_css_animation=&#8221;&#8221; el_class=&#8221;imagen-grande&#8221;][\/vc_column_inner][\/vc_row_inner][\/vc_column][\/vc_row][vc_row css_animation=&#8221;&#8221; row_type=&#8221;row&#8221; use_row_as_full_screen_section=&#8221;no&#8221; type=&#8221;full_width&#8221; angled_section=&#8221;no&#8221; text_align=&#8221;left&#8221; background_image_as_pattern=&#8221;without_pattern&#8221;][vc_column][vc_empty_space height=&#8221;64px&#8221;][\/vc_column][\/vc_row]<\/p>\n<\/div>","protected":false},"excerpt":{"rendered":"<p>[vc_row css_animation=&#8221;&#8221; row_type=&#8221;row&#8221; use_row_as_full_screen_section=&#8221;no&#8221; type=&#8221;full_width&#8221; angled_section=&#8221;no&#8221; text_align=&#8221;left&#8221; background_image_as_pattern=&#8221;without_pattern&#8221;][vc_column width=&#8221;1\/4&#8243;][vc_raw_html]PGg1PkF1dHJlcyBzZXJ2aWNlcyBJTlNQRUNUSU9OPC9oNT4=[\/vc_raw_html][vc_separator type=&#8221;normal&#8221; color=&#8221;#bcbcbc&#8221; thickness=&#8221;1&#8243; transparency=&#8221;0.4&#8243;][vc_raw_html]JTNDdWwlMjBjbGFzcyUzRCUyMm1lbnUtbGF0ZXJhbCUyMiUzRSUwQSUzQ2xpJTIwY2xhc3MlM0QlMjJ2b2x2ZXIlMjIlM0UlM0NhJTIwaHJlZiUzRCUyMmh0dHBzJTNBJTJGJTJGc2Npc2EuZXMlMkZmciUyRmRlcGFydGVtZW50LWRlLWxhLXJhZGlvcHJvdGVjdGlvbiUyRiUyMiUzRSUzQ2klMjBjbGFzcyUzRCUyMmZhJTIwZmEtYmFja3dhcmQlMjIlMjBhcmlhLWhpZGRlbiUzRCUyMnRydWUlMjIlM0UlM0MlMkZpJTNFJTIwJTIwU0VSVklDRSUyMERFJTIwUkFESU9QUk9URUNUSU9OJTNDJTJGYSUzRSUzQyUyRmxpJTNFJTBBJTBBJTNDbGklMjBjbGFzcyUzRCUyMnNpbi1lbmxhY2UlMjIlM0VURVNUJTIwRCUyNyVDMyU4OVRBTkNIJUMzJTg5SVQlQzMlODklMjBERVMlMjBTT1VSQ0VTJTIwUkFESU9BQ1RJVkVTJTIwRU5DQVBTVUwlQzMlODlFUyUzQyUyRmElM0UlM0MlMkZsaSUzRSUwQSUzQ2xpJTNFJTNDYSUyMGhyZWYlM0QlMjJodHRwcyUzQSUyRiUyRnNjaXNhLmVzJTJGZnIlMkZkZXBhcnRlbWVudC1kZS1sYS1yYWRpb3Byb3RlY3Rpb24lMkZ2ZXJpZmljYXRpb24tZGVzLWFwcGFyZWlscy1kZS1tZXN1cmUtZGVzLXJheW9ubmVtZW50cyUyRiUyMiUzRVYlQzMlODlSSUZJQ0FUSU9OJTIwREVTJTIwQVBQQVJFSUxTJTIwREUlMjBNRVNVUkUlMjBERVMlMjBSQVlPTk5FTUVOVFMlM0MlMkZhJTNFJTNDJTJGbGklM0UlMEElM0MlMkZ1bCUzRQ==[\/vc_raw_html][vc_empty_space][vc_raw_html]PGg1PkNvbnRhY3QgYXZlYyBub3VzPC9oNT4=[\/vc_raw_html][vc_separator type=&#8221;normal&#8221; color=&#8221;#bcbcbc&#8221; thickness=&#8221;1&#8243; transparency=&#8221;0.4&#8243;][vc_widget_sidebar sidebar_id=&#8221;sidebar-blog&#8221;][\/vc_column][vc_column width=&#8221;3\/4&#8243;][vc_row_inner row_type=&#8221;row&#8221; type=&#8221;full_width&#8221; text_align=&#8221;left&#8221; css_animation=&#8221;&#8221; css=&#8221;.vc_custom_1639654729177{background-color: #ffffff !important;}&#8221;][vc_column_inner css=&#8221;.vc_custom_1639654809595{padding-right: 45px !important;padding-left: 45px !important;background-color: #ffffff !important;}&#8221;][vc_column_text] R\u00e9alisation de tests d&#8217;\u00e9tanch\u00e9it\u00e9 des sources radioactives encapsul\u00e9es Le SCI dispose d&#8217;une&#8230;<\/p>\n","protected":false},"author":1,"featured_media":0,"parent":58331,"menu_order":0,"comment_status":"closed","ping_status":"closed","template":"","meta":{"footnotes":""},"class_list":["post-58209","page","type-page","status-publish","hentry"],"_links":{"self":[{"href":"https:\/\/scisa.es\/fr\/wp-json\/wp\/v2\/pages\/58209","targetHints":{"allow":["GET"]}}],"collection":[{"href":"https:\/\/scisa.es\/fr\/wp-json\/wp\/v2\/pages"}],"about":[{"href":"https:\/\/scisa.es\/fr\/wp-json\/wp\/v2\/types\/page"}],"author":[{"embeddable":true,"href":"https:\/\/scisa.es\/fr\/wp-json\/wp\/v2\/users\/1"}],"replies":[{"embeddable":true,"href":"https:\/\/scisa.es\/fr\/wp-json\/wp\/v2\/comments?post=58209"}],"version-history":[{"count":0,"href":"https:\/\/scisa.es\/fr\/wp-json\/wp\/v2\/pages\/58209\/revisions"}],"up":[{"embeddable":true,"href":"https:\/\/scisa.es\/fr\/wp-json\/wp\/v2\/pages\/58331"}],"wp:attachment":[{"href":"https:\/\/scisa.es\/fr\/wp-json\/wp\/v2\/media?parent=58209"}],"curies":[{"name":"wp","href":"https:\/\/api.w.org\/{rel}","templated":true}]}}