{"id":58210,"date":"2021-12-16T09:10:26","date_gmt":"2021-12-16T09:10:26","guid":{"rendered":"https:\/\/scisa.es\/entretien-dinstallations-de-radiographie-a-des-fins-de-diagnostic-medical\/"},"modified":"2023-02-21T11:39:29","modified_gmt":"2023-02-21T11:39:29","slug":"service-dinstallation-de-radiographies-a-des-fins-medicales-et-diagnostiques","status":"publish","type":"page","link":"https:\/\/scisa.es\/fr\/departement-de-la-radioprotection\/service-dinstallation-de-radiographies-a-des-fins-medicales-et-diagnostiques","title":{"rendered":"Entretien d&#8217;installations de radiographie \u00e0 des fins de diagnostic m\u00e9dical"},"content":{"rendered":"<div class=\"wpb-content-wrapper\"><p>[vc_row css_animation=&#8221;&#8221; row_type=&#8221;row&#8221; use_row_as_full_screen_section=&#8221;no&#8221; type=&#8221;full_width&#8221; angled_section=&#8221;no&#8221; text_align=&#8221;left&#8221; background_image_as_pattern=&#8221;without_pattern&#8221;][vc_column width=&#8221;1\/4&#8243;][vc_raw_html]PGg1PkF1dHJlcyBzZXJ2aWNlcyBQcm90ZWN0aW9uIGNvbnRyZSBsZXMgcmFkaWF0aW9uczwvaDU+[\/vc_raw_html][vc_separator type=&#8221;normal&#8221; color=&#8221;#bcbcbc&#8221; thickness=&#8221;1&#8243; transparency=&#8221;0.4&#8243;][vc_raw_html]JTNDdWwlMjBjbGFzcyUzRCUyMm1lbnUtbGF0ZXJhbCUyMiUzRSUwQSUzQ2xpJTIwY2xhc3MlM0QlMjJ2b2x2ZXIlMjIlM0UlM0NhJTIwaHJlZiUzRCUyMmh0dHBzJTNBJTJGJTJGc2Npc2EuZXMlMkZmciUyRmRlcGFydGVtZW50LWRlLWxhLXJhZGlvcHJvdGVjdGlvbiUyRiUyMiUzRSUzQ2klMjBjbGFzcyUzRCUyMmZhJTIwZmEtYmFja3dhcmQlMjIlMjBhcmlhLWhpZGRlbiUzRCUyMnRydWUlMjIlM0UlM0MlMkZpJTNFJTIwJTIwU0VSVklDRSUyMERFJTIwUkFESU9QUk9URUNUSU9OJTNDJTJGYSUzRSUzQyUyRmxpJTNFJTBBJTBBJTNDbGklMjBjbGFzcyUzRCUyMnNpbi1lbmxhY2UlMjIlM0VTRVJWSUNFJTIwRCUyN0lOU1RBTExBVElPTlMlMjBERSUyMFJBRElPTE9HSUUlMjAlQzMlODAlMjBERVMlMjBGSU5TJTIwREUlMjBESUFHTk9TVElDJTIwTSVDMyU4OURJQ0FMJTNDJTJGYSUzRSUzQyUyRmxpJTNFJTBBJTNDbGklM0UlM0NhJTIwaHJlZiUzRCUyMmh0dHBzJTNBJTJGJTJGc2Npc2EuZXMlMkZmciUyRmRlcGFydGVtZW50LWRlLWxhLXJhZGlvcHJvdGVjdGlvbiUyRmRlbGl2cmFuY2UtZGVzLWNlcnRpZmljYXRzLWRlLXZlcmlmaWNhdGlvbi1yYWRpb2xvZ2lxdWUtZGVzLWVxdWlwZW1lbnRzJTJGJTIyJTNFRCVDMyU4OUxJVlJBTkNFJTIwREVTJTIwQ0VSVElGSUNBVFMlMjBERSUyMFYlQzMlODlSSUZJQ0FUSU9OJTIwUkFESU9MT0dJUVVFJTIwREVTJTIwJUMzJTg5UVVJUEVNRU5UUyUzQyUyRmElM0UlM0MlMkZsaSUzRSUwQSUzQyUyRnVsJTNF[\/vc_raw_html][vc_empty_space][vc_raw_html]PGg1PkNvbnRhY3QgYXZlYyBub3VzPC9oNT4=[\/vc_raw_html][vc_separator type=&#8221;normal&#8221; color=&#8221;#bcbcbc&#8221; thickness=&#8221;1&#8243; transparency=&#8221;0.4&#8243;][vc_widget_sidebar sidebar_id=&#8221;sidebar-blog&#8221;][\/vc_column][vc_column width=&#8221;3\/4&#8243;][vc_row_inner row_type=&#8221;row&#8221; type=&#8221;full_width&#8221; text_align=&#8221;left&#8221; css_animation=&#8221;&#8221; css=&#8221;.vc_custom_1639654729177{background-color: #ffffff !important;}&#8221;][vc_column_inner css=&#8221;.vc_custom_1639654809595{padding-right: 45px !important;padding-left: 45px !important;background-color: #ffffff !important;}&#8221;][vc_column_text]<\/p>\n<h2 class=\"internas-titul\">Inspections des installations de radiologie \u00e0 des fins de diagnostic m\u00e9dical<\/h2>\n<p>Chez <a href=\"https:\/\/scisa.es\/fr\/\">SCI<\/a>, nous effectuons des <strong>inspections dans les installations de radiologie \u00e0 des fins de diagnostic m\u00e9dical<\/strong>, dans le but de nous assurer qu&#8217;elles exercent leur activit\u00e9 dans une l\u00e9galit\u00e9 totale et absolue. <strong>Notre Unit\u00e9 Technique de Protection Radiologique (UTPR<\/strong> ), reconnue par le Conseil de S\u00e9curit\u00e9 Nucl\u00e9aire. <a href=\"https:\/\/es.wikipedia.org\/wiki\/Consejo_de_Seguridad_Nuclear\" target=\"_blank\" rel=\"noopener\">(CSN),<\/a> fournit les services suivants dans les installations m\u00e9dicales de radiodiagnostic :[\/vc_column_text][vc_empty_space][\/vc_column_inner][\/vc_row_inner][vc_empty_space][vc_row_inner row_type=&#8221;row&#8221; type=&#8221;full_width&#8221; text_align=&#8221;left&#8221; css_animation=&#8221;&#8221; css=&#8221;.vc_custom_1639742702193{padding-right: 0px !important;padding-left: 25px !important;background-color: #ffffff !important;}&#8221;][vc_column_inner][vc_empty_space][vc_column_text]<\/p>\n<h2 class=\"internas-titul\">FONCTIONS DE L&#8217;UTPR DANS LES \u00c9TABLISSEMENTS M\u00c9DICAUX DE RX<\/h2>\n<h6><strong>Contr\u00f4le de la qualit\u00e9 des appareils \u00e0 rayons X <\/strong><\/h6>\n<p>Sur une base annuelle, le <strong>UTPR de SCI<\/strong> effectue un <strong>Contr\u00f4le de la qualit\u00e9 des \u00e9quipements \u00e9metteurs de rayons X<\/strong> de ses clients, afin de garantir que des images de la meilleure qualit\u00e9 diagnostique possible soient produites et que les doses re\u00e7ues par les patients soient aussi faibles que raisonnablement possible, tout en respectant les aspects g\u00e9n\u00e9raux de la radioprotection.<\/p>\n<p>Le contr\u00f4le de la qualit\u00e9 est effectu\u00e9 conform\u00e9ment aux proc\u00e9dures d\u00e9finies dans le <strong>Protocole espagnol pour le contr\u00f4le de la qualit\u00e9 du radiodiagnostic<\/strong>, en appliquant les tol\u00e9rances \u00e9tablies dans ce document et dans le <a href=\"https:\/\/www.boe.es\/diario_boe\/txt.php?id=BOE-A-1999-24717\" target=\"_blank\" rel=\"noopener\">d\u00e9cret royal 1976\/1999<\/a>.<\/p>\n<p>Dans le cas o\u00f9 le <strong>les valeurs obtenues d\u00e9passent les tol\u00e9rances<\/strong> \u00e9tablies pour une pi\u00e8ce d&#8217;\u00e9quipement, la <strong>gestionnaire d&#8217;<\/strong> installation de <strong>d\u00e9terminer,<\/strong> en tenant compte de l&#8217;\u00e9volution de la dose au patient et des indicateurs de qualit\u00e9 de l&#8217;image radiographique, les \u00e9l\u00e9ments suivants <strong> actions<\/strong> \u00e0 entreprendre : r\u00e9vision de l&#8217;\u00e9quipement, contr\u00f4les de qualit\u00e9 plus fr\u00e9quents, modification des proc\u00e9dures de travail, suspension temporaire de l&#8217;\u00e9quipement jusqu&#8217;\u00e0 r\u00e9paration, etc&#8230;..[\/vc_column_text][vc_column_text]<\/p>\n<h6><strong>Mesures des niveaux de radiation <\/strong><\/h6>\n<p>Le site <strong>UTPR de SCI<\/strong> annuellement, et chaque fois que les conditions habituelles de travail sont modifi\u00e9es ou qu&#8217;une irr\u00e9gularit\u00e9 affectant la radioprotection est d\u00e9tect\u00e9e, le contr\u00f4le de la <strong>Niveaux de radiation<\/strong> sur les lieux de travail et dans les zones adjacentes accessibles au public, dans la <strong>Installations RX<\/strong> de ses clients.[\/vc_column_text][vc_empty_space][\/vc_column_inner][\/vc_row_inner][vc_row_inner row_type=&#8221;row&#8221; type=&#8221;full_width&#8221; text_align=&#8221;left&#8221; css_animation=&#8221;&#8221; css=&#8221;.vc_custom_1643712262796{padding-right: 0px !important;padding-left: 0px !important;}&#8221;][vc_column_inner css=&#8221;.vc_custom_1643712305357{padding-right: 0px !important;padding-left: 0px !important;}&#8221;][vc_gallery type=&#8221;image_grid&#8221; images=&#8221;56449,56447&#8243; img_size=&#8221;full&#8221; column_number=&#8221;2&#8243; grayscale=&#8221;no&#8221; images_space=&#8221;gallery_without_space&#8221;][\/vc_column_inner][\/vc_row_inner][vc_empty_space][vc_row_inner row_type=&#8221;row&#8221; type=&#8221;full_width&#8221; text_align=&#8221;left&#8221; css_animation=&#8221;&#8221; css=&#8221;.vc_custom_1639742702193{padding-right: 0px !important;padding-left: 25px !important;background-color: #ffffff !important;}&#8221;][vc_column_inner][vc_empty_space]<div class=\"qode-accordion-holder clearfix qode-accordion qode-initial \">\n\t<h2 class=\"clearfix qode-title-holder\">\n<span class=\"qode-tab-title\">\n\t    <span class=\"qode-tab-title-inner\">\n        Estimation des doses re\u00e7ues par les patients    <\/span>\n<\/span>\n<span class=\"qode-accordion-mark\">\n    <span class=\"qode-accordion-mark-icon\">\n        <span class=\"icon_plus\"><\/span>\n        <span class=\"icon_minus-06\"><\/span>\n    <\/span>\n<\/span>\n<\/h2>\n<div  class=\"qode-accordion-content \" >\n    <div class=\"qode-accordion-content-inner\">\n        [vc_column_text]Chaque ann\u00e9e, l&#8217;<strong>UTPR<\/strong><strong> de SCI<\/strong> effectue une <strong>estimation de la dose re\u00e7ue par le patient<\/strong> pour l&#8217;un des scanners les plus fr\u00e9quemment effectu\u00e9s pour chacun des <strong>appareils \u00e0 rayons X<\/strong> des installations de ses clients. Cette estimation est d\u00e9termin\u00e9e par un <strong>sp\u00e9cialiste en radiophysique hospitali\u00e8re<\/strong>.[\/vc_column_text]    <\/div>\n<\/div><h2 class=\"clearfix qode-title-holder\">\n<span class=\"qode-tab-title\">\n\t    <span class=\"qode-tab-title-inner\">\n        Pr\u00e9paration de la documentation pour l&#039;enregistrement ou la modification des installations de radiologie    <\/span>\n<\/span>\n<span class=\"qode-accordion-mark\">\n    <span class=\"qode-accordion-mark-icon\">\n        <span class=\"icon_plus\"><\/span>\n        <span class=\"icon_minus-06\"><\/span>\n    <\/span>\n<\/span>\n<\/h2>\n<div  class=\"qode-accordion-content \" >\n    <div class=\"qode-accordion-content-inner\">\n        [vc_column_text]Comme l&#8217;indique le <a href=\"https:\/\/www.boe.es\/diario_boe\/txt.php?id=BOE-A-2009-11932\" target=\"_blank\" rel=\"noopener\">d\u00e9cret royal 1085\/2009, du 3 juillet<\/a>, qui approuve le r\u00e8glement relatif \u00e0 l&#8217;installation et \u00e0 l&#8217;utilisation des appareils \u00e0 <strong>rayonnement X<\/strong>. \u00e0 des fins de diagnostic m\u00e9dical, le propri\u00e9taire de l&#8217;installation doit d\u00e9clarer l&#8217;installation de radiodiagnostic m\u00e9dical \u00e0 l&#8217;organisme comp\u00e9tent de la Communaut\u00e9 autonome avant sa mise en service, et lorsqu&#8217;il y a des modifications de l&#8217;\u00e9quipement ou l&#8217;incorporation d&#8217;\u00e9quipements, de g\u00e9n\u00e9rateurs ou de tubes suppl\u00e9mentaires, le changement d&#8217;emplacement de l&#8217;installation et la modification de la disposition g\u00e9n\u00e9rale de l&#8217;installation.<\/p>\n<p>Il doit \u00e9galement notifier \u00e0 l&#8217;<strong>organisme comp\u00e9tent de la Communaut\u00e9 autonome<\/strong> le changement de propri\u00e9taire, ainsi que la cessation d&#8217;activit\u00e9, qui doit \u00eatre accompagn\u00e9e d&#8217;une documentation accr\u00e9ditant la destination de l&#8217;\u00e9quipement.<\/p>\n<p>\u00c0 la demande d&#8217;un client, l&#8217;<strong>UTPR<\/strong> <strong>de SCI<\/strong> entreprendra la documentation n\u00e9cessaire pour l&#8217;enregistrement ou la modification d&#8217;une <strong>installation de diagnostic m\u00e9dical RX<\/strong>, \u00e0 condition que l&#8217;installation soit conforme aux exigences du <a href=\"https:\/\/www.boe.es\/diario_boe\/txt.php?id=BOE-A-2009-11932\" target=\"_blank\" rel=\"noopener\">R.D. 1085\/2009<\/a>. Une partie de cette documentation est un <strong>certificat de conformit\u00e9<\/strong> de l&#8217;installation d\u00e9livr\u00e9 par l&#8217;<strong>UTPR<\/strong>.[\/vc_column_text]    <\/div>\n<\/div><h2 class=\"clearfix qode-title-holder\">\n<span class=\"qode-tab-title\">\n\t    <span class=\"qode-tab-title-inner\">\n        D\u00e9veloppement d&#039;un programme de radioprotection    <\/span>\n<\/span>\n<span class=\"qode-accordion-mark\">\n    <span class=\"qode-accordion-mark-icon\">\n        <span class=\"icon_plus\"><\/span>\n        <span class=\"icon_minus-06\"><\/span>\n    <\/span>\n<\/span>\n<\/h2>\n<div  class=\"qode-accordion-content \" >\n    <div class=\"qode-accordion-content-inner\">\n        [vc_column_text]Le site <a href=\"https:\/\/www.boe.es\/diario_boe\/txt.php?id=BOE-A-2009-11932\" target=\"_blank\" rel=\"noopener\">D\u00e9cret royal 1085\/2009 du 3 juillet 2009.<\/a>sur le r\u00e8glement relatif \u00e0 l&#8217;installation et \u00e0 l&#8217;utilisation d&#8217;\u00e9quipements de radio et de t\u00e9l\u00e9vision, et sur les <strong>Rayons X<\/strong> \u00e0 des fins de diagnostic m\u00e9dical, \u00e9tablit l&#8217;obligation pour toutes les installations de radiodiagnostic m\u00e9dical de d\u00e9finir et de mettre en \u0153uvre une <strong>Programme de protection contre les radiations<\/strong> \u00e9tablissant toutes les normes d&#8217;exploitation et de performance n\u00e9cessaires pour se conformer au <strong>R\u00e8glement sur la protection de la sant\u00e9<\/strong> contre les rayonnements ionisants.<\/p>\n<p>L&#8217;objectif de ce programme est de faire en sorte que les doses re\u00e7ues par les travailleurs et le public soient maintenues au niveau le plus bas possible et que, dans tous les cas, elles restent inf\u00e9rieures aux limites de dose fix\u00e9es par la l\u00e9gislation.<\/p>\n<p>L&#8217;<strong>UTPR<\/strong> <strong>de SCI<\/strong> \u00e9labore le <strong>programme de radioprotection<\/strong> pour les installations de ses clients et en contr\u00f4le le respect.[\/vc_column_text]    <\/div>\n<\/div><h2 class=\"clearfix qode-title-holder\">\n<span class=\"qode-tab-title\">\n\t    <span class=\"qode-tab-title-inner\">\n        D\u00e9veloppement d&#039;un programme d&#039;assurance qualit\u00e9    <\/span>\n<\/span>\n<span class=\"qode-accordion-mark\">\n    <span class=\"qode-accordion-mark-icon\">\n        <span class=\"icon_plus\"><\/span>\n        <span class=\"icon_minus-06\"><\/span>\n    <\/span>\n<\/span>\n<\/h2>\n<div  class=\"qode-accordion-content \" >\n    <div class=\"qode-accordion-content-inner\">\n        [vc_column_text]Le <a href=\"https:\/\/www.boe.es\/diario_boe\/txt.php?id=BOE-A-1999-24717\" target=\"_blank\" rel=\"noopener\">d\u00e9cret royal 1976\/1999, du 23 d\u00e9cembre<\/a> 1999, qui fixe les crit\u00e8res de qualit\u00e9 en mati\u00e8re de radiodiagnostic, \u00e9tablit l&#8217;obligation d&#8217;\u00e9laborer un<strong> programme d&#8217;assurance qualit\u00e9<\/strong>, conform\u00e9ment aux protocoles nationaux ou internationaux, pour les <strong>installations de radiologie<\/strong> \u00e0 des fins de diagnostic m\u00e9dical.<\/p>\n<p>L&#8217;<strong>UTPR<\/strong> <strong>de SCI<\/strong> pr\u00e9pare le <strong>programme d&#8217;assurance qualit\u00e9<\/strong> pour les installations de ses clients, \u00e0 la demande de ces derniers.[\/vc_column_text]    <\/div>\n<\/div><h2 class=\"clearfix qode-title-holder\">\n<span class=\"qode-tab-title\">\n\t    <span class=\"qode-tab-title-inner\">\n        Certificat de conformit\u00e9 des installations radiologiques    <\/span>\n<\/span>\n<span class=\"qode-accordion-mark\">\n    <span class=\"qode-accordion-mark-icon\">\n        <span class=\"icon_plus\"><\/span>\n        <span class=\"icon_minus-06\"><\/span>\n    <\/span>\n<\/span>\n<\/h2>\n<div  class=\"qode-accordion-content \" >\n    <div class=\"qode-accordion-content-inner\">\n        [vc_column_text]L&#8217;<strong>UTPR<\/strong> <strong>de SCI<\/strong> d\u00e9livre le <strong>certificat de conformit\u00e9<\/strong> p\u00e9riodique des installations RX de ses clients, comme indiqu\u00e9 dans le <a href=\"https:\/\/www.boe.es\/diario_boe\/txt.php?id=BOE-A-2009-11932\" target=\"_blank\" rel=\"noopener\">R.D. 1085\/2009<\/a>. Ce certificat indique :<\/p>\n<ul class=\"una-lista\">\n<li><i class=\"fa fa-arrow-circle-o-right\" aria-hidden=\"true\"><\/i><strong> Que les caract\u00e9ristiques mat\u00e9rielles indiqu\u00e9es dans l&#8217;enregistrement actuel de l&#8217;installation dans le registre des installations de radiodiagnostic m\u00e9dical sont maintenues.<\/strong><\/li>\n<li><i class=\"fa fa-arrow-circle-o-right\" aria-hidden=\"true\"><\/i><strong> Que le programme de radioprotection de l&#8217;installation est respect\u00e9, en indiquant, le cas \u00e9ch\u00e9ant, les d\u00e9viations appr\u00e9ci\u00e9es.<\/strong><\/li>\n<\/ul>\n<p>La p\u00e9riodicit\u00e9 de ce certificat d\u00e9pend du type d&#8217;installation concern\u00e9. Le <a href=\"https:\/\/www.boe.es\/diario_boe\/txt.php?id=BOE-A-2009-11932\" target=\"_blank\" rel=\"noopener\">R.D. 1085\/2009<\/a> \u00e9tablit la classification des installations et la fr\u00e9quence de d\u00e9livrance du certificat en fonction du type d&#8217;installation.[\/vc_column_text]    <\/div>\n<\/div><h2 class=\"clearfix qode-title-holder\">\n<span class=\"qode-tab-title\">\n\t    <span class=\"qode-tab-title-inner\">\n        Rapport p\u00e9riodique au CSN    <\/span>\n<\/span>\n<span class=\"qode-accordion-mark\">\n    <span class=\"qode-accordion-mark-icon\">\n        <span class=\"icon_plus\"><\/span>\n        <span class=\"icon_minus-06\"><\/span>\n    <\/span>\n<\/span>\n<\/h2>\n<div  class=\"qode-accordion-content \" >\n    <div class=\"qode-accordion-content-inner\">\n        [vc_column_text]Le <a href=\"https:\/\/www.boe.es\/diario_boe\/txt.php?id=BOE-A-2009-11932\" target=\"_blank\" rel=\"noopener\">R.D. 1085\/2009<\/a> indique, en fonction du type d&#8217;installation, si le titulaire de l&#8217;autorisation de l&#8217;installation est tenu de soumettre un <strong>rapport au CSN<\/strong>, et la fr\u00e9quence \u00e0 laquelle cela doit \u00eatre fait.<\/p>\n<p>L&#8217;<strong>UTPR<\/strong> <strong>de SCI<\/strong> effectue des rapports p\u00e9riodiques pour tous les clients qui l&#8217;ont autoris\u00e9 \u00e0 le faire.<\/p>\n<p>Le contenu du rapport est :<\/p>\n<ul class=\"una-lista\">\n<li><i class=\"fa fa-arrow-circle-o-right\" aria-hidden=\"true\"><\/i> Certificat de <strong>conformit\u00e9<\/strong> de l&#8217;installation.<\/li>\n<li><i class=\"fa fa-arrow-circle-o-right\" aria-hidden=\"true\"><\/i> Certificats de v\u00e9rification apr\u00e8s interventions ou r\u00e9parations d&#8217;<strong>\u00e9quipements RX<\/strong>.<\/li>\n<li><i class=\"fa fa-arrow-circle-o-right\" aria-hidden=\"true\"><\/i> R\u00e9sum\u00e9 de la dosim\u00e9trie du personnel expos\u00e9 dans l&#8217;\u00e9tablissement.<\/li>\n<li><i class=\"fa fa-arrow-circle-o-right\" aria-hidden=\"true\"><\/i> R\u00e9sultats des contr\u00f4les annuels des niveaux de <strong>radiation<\/strong> aux postes de travail et dans les zones adjacentes accessibles au public.<\/li>\n<\/ul>\n<p>Ce rapport est envoy\u00e9 au cours du premier trimestre de la p\u00e9riode suivante, en tenant compte de la p\u00e9riodicit\u00e9 indiqu\u00e9e pour les diff\u00e9rents types d&#8217;installations.[\/vc_column_text]    <\/div>\n<\/div><h2 class=\"clearfix qode-title-holder\">\n<span class=\"qode-tab-title\">\n\t    <span class=\"qode-tab-title-inner\">\n        Calcul de l&#039;armure    <\/span>\n<\/span>\n<span class=\"qode-accordion-mark\">\n    <span class=\"qode-accordion-mark-icon\">\n        <span class=\"icon_plus\"><\/span>\n        <span class=\"icon_minus-06\"><\/span>\n    <\/span>\n<\/span>\n<\/h2>\n<div  class=\"qode-accordion-content \" >\n    <div class=\"qode-accordion-content-inner\">\n        [vc_column_text]L&#8217;<strong>UTPR<\/strong>, \u00e0 la demande du client, calcule le <strong>blindage n\u00e9cessaire \u00e0<\/strong> l&#8217;installation. Ces \u00e9crans sont destin\u00e9s \u00e0 prot\u00e9ger le personnel de sant\u00e9 et les patients en visite en r\u00e9duisant le niveau d&#8217;exposition aux rayonnements, conform\u00e9ment \u00e0 la <strong>l\u00e9gislation en vigueur<\/strong>.[\/vc_column_text]    <\/div>\n<\/div><\/div>[vc_empty_space][\/vc_column_inner][\/vc_row_inner][vc_row_inner row_type=&#8221;row&#8221; type=&#8221;full_width&#8221; text_align=&#8221;left&#8221; css_animation=&#8221;&#8221; css=&#8221;.vc_custom_1644223857232{padding-right: 0px !important;padding-left: 0px !important;background-color: #ffffff !important;}&#8221;][vc_column_inner css=&#8221;.vc_custom_1643712305357{padding-right: 0px !important;padding-left: 0px !important;}&#8221;][vc_gallery type=&#8221;image_grid&#8221; images=&#8221;56451,56453&#8243; img_size=&#8221;full&#8221; column_number=&#8221;2&#8243; grayscale=&#8221;no&#8221; images_space=&#8221;gallery_without_space&#8221;][\/vc_column_inner][\/vc_row_inner][\/vc_column][\/vc_row][vc_row css_animation=&#8221;&#8221; row_type=&#8221;row&#8221; use_row_as_full_screen_section=&#8221;no&#8221; type=&#8221;full_width&#8221; angled_section=&#8221;no&#8221; text_align=&#8221;left&#8221; background_image_as_pattern=&#8221;without_pattern&#8221;][vc_column][vc_empty_space height=&#8221;64px&#8221;][\/vc_column][\/vc_row]<\/p>\n<\/div>","protected":false},"excerpt":{"rendered":"<p>[vc_row css_animation=&#8221;&#8221; row_type=&#8221;row&#8221; use_row_as_full_screen_section=&#8221;no&#8221; type=&#8221;full_width&#8221; angled_section=&#8221;no&#8221; text_align=&#8221;left&#8221; background_image_as_pattern=&#8221;without_pattern&#8221;][vc_column width=&#8221;1\/4&#8243;][vc_raw_html]PGg1PkF1dHJlcyBzZXJ2aWNlcyBQcm90ZWN0aW9uIGNvbnRyZSBsZXMgcmFkaWF0aW9uczwvaDU+[\/vc_raw_html][vc_separator type=&#8221;normal&#8221; color=&#8221;#bcbcbc&#8221; thickness=&#8221;1&#8243; transparency=&#8221;0.4&#8243;][vc_raw_html]JTNDdWwlMjBjbGFzcyUzRCUyMm1lbnUtbGF0ZXJhbCUyMiUzRSUwQSUzQ2xpJTIwY2xhc3MlM0QlMjJ2b2x2ZXIlMjIlM0UlM0NhJTIwaHJlZiUzRCUyMmh0dHBzJTNBJTJGJTJGc2Npc2EuZXMlMkZmciUyRmRlcGFydGVtZW50LWRlLWxhLXJhZGlvcHJvdGVjdGlvbiUyRiUyMiUzRSUzQ2klMjBjbGFzcyUzRCUyMmZhJTIwZmEtYmFja3dhcmQlMjIlMjBhcmlhLWhpZGRlbiUzRCUyMnRydWUlMjIlM0UlM0MlMkZpJTNFJTIwJTIwU0VSVklDRSUyMERFJTIwUkFESU9QUk9URUNUSU9OJTNDJTJGYSUzRSUzQyUyRmxpJTNFJTBBJTBBJTNDbGklMjBjbGFzcyUzRCUyMnNpbi1lbmxhY2UlMjIlM0VTRVJWSUNFJTIwRCUyN0lOU1RBTExBVElPTlMlMjBERSUyMFJBRElPTE9HSUUlMjAlQzMlODAlMjBERVMlMjBGSU5TJTIwREUlMjBESUFHTk9TVElDJTIwTSVDMyU4OURJQ0FMJTNDJTJGYSUzRSUzQyUyRmxpJTNFJTBBJTNDbGklM0UlM0NhJTIwaHJlZiUzRCUyMmh0dHBzJTNBJTJGJTJGc2Npc2EuZXMlMkZmciUyRmRlcGFydGVtZW50LWRlLWxhLXJhZGlvcHJvdGVjdGlvbiUyRmRlbGl2cmFuY2UtZGVzLWNlcnRpZmljYXRzLWRlLXZlcmlmaWNhdGlvbi1yYWRpb2xvZ2lxdWUtZGVzLWVxdWlwZW1lbnRzJTJGJTIyJTNFRCVDMyU4OUxJVlJBTkNFJTIwREVTJTIwQ0VSVElGSUNBVFMlMjBERSUyMFYlQzMlODlSSUZJQ0FUSU9OJTIwUkFESU9MT0dJUVVFJTIwREVTJTIwJUMzJTg5UVVJUEVNRU5UUyUzQyUyRmElM0UlM0MlMkZsaSUzRSUwQSUzQyUyRnVsJTNF[\/vc_raw_html][vc_empty_space][vc_raw_html]PGg1PkNvbnRhY3QgYXZlYyBub3VzPC9oNT4=[\/vc_raw_html][vc_separator type=&#8221;normal&#8221; color=&#8221;#bcbcbc&#8221; thickness=&#8221;1&#8243; transparency=&#8221;0.4&#8243;][vc_widget_sidebar sidebar_id=&#8221;sidebar-blog&#8221;][\/vc_column][vc_column width=&#8221;3\/4&#8243;][vc_row_inner row_type=&#8221;row&#8221; type=&#8221;full_width&#8221; text_align=&#8221;left&#8221; css_animation=&#8221;&#8221; css=&#8221;.vc_custom_1639654729177{background-color: #ffffff !important;}&#8221;][vc_column_inner css=&#8221;.vc_custom_1639654809595{padding-right: 45px !important;padding-left: 45px !important;background-color: #ffffff !important;}&#8221;][vc_column_text] Inspections des installations de radiologie \u00e0 des fins de diagnostic m\u00e9dical Chez&#8230;<\/p>\n","protected":false},"author":1,"featured_media":0,"parent":58331,"menu_order":0,"comment_status":"closed","ping_status":"closed","template":"","meta":{"footnotes":""},"class_list":["post-58210","page","type-page","status-publish","hentry"],"_links":{"self":[{"href":"https:\/\/scisa.es\/fr\/wp-json\/wp\/v2\/pages\/58210","targetHints":{"allow":["GET"]}}],"collection":[{"href":"https:\/\/scisa.es\/fr\/wp-json\/wp\/v2\/pages"}],"about":[{"href":"https:\/\/scisa.es\/fr\/wp-json\/wp\/v2\/types\/page"}],"author":[{"embeddable":true,"href":"https:\/\/scisa.es\/fr\/wp-json\/wp\/v2\/users\/1"}],"replies":[{"embeddable":true,"href":"https:\/\/scisa.es\/fr\/wp-json\/wp\/v2\/comments?post=58210"}],"version-history":[{"count":0,"href":"https:\/\/scisa.es\/fr\/wp-json\/wp\/v2\/pages\/58210\/revisions"}],"up":[{"embeddable":true,"href":"https:\/\/scisa.es\/fr\/wp-json\/wp\/v2\/pages\/58331"}],"wp:attachment":[{"href":"https:\/\/scisa.es\/fr\/wp-json\/wp\/v2\/media?parent=58210"}],"curies":[{"name":"wp","href":"https:\/\/api.w.org\/{rel}","templated":true}]}}