{"id":58226,"date":"2021-12-15T18:17:15","date_gmt":"2021-12-15T18:17:15","guid":{"rendered":"https:\/\/scisa.es\/revision-des-procedures-de-production-et-des-plans-des-points-dinspection\/"},"modified":"2023-01-23T17:12:06","modified_gmt":"2023-01-23T17:12:06","slug":"revision-des-procedures-de-production-et-des-plans-des-points-dinspection","status":"publish","type":"page","link":"https:\/\/scisa.es\/fr\/inspection\/inspection-industrielle\/revision-des-procedures-de-production-et-des-plans-des-points-dinspection\/","title":{"rendered":"R\u00e9vision des proc\u00e9dures de production et des plans des points d&#8217;inspection"},"content":{"rendered":"<div class=\"wpb-content-wrapper\"><p>[vc_row css_animation=&#8221;&#8221; row_type=&#8221;row&#8221; use_row_as_full_screen_section=&#8221;no&#8221; type=&#8221;full_width&#8221; angled_section=&#8221;no&#8221; text_align=&#8221;left&#8221; background_image_as_pattern=&#8221;without_pattern&#8221;][vc_column width=&#8221;1\/4&#8243;][vc_raw_html]PGg1PkF1dHJlcyBzZXJ2aWNlcyBJTlNQRUNUSU9OPC9oNT4=[\/vc_raw_html][vc_separator type=&#8221;normal&#8221; color=&#8221;#bcbcbc&#8221; thickness=&#8221;1&#8243; transparency=&#8221;0.4&#8243;][vc_raw_html]JTNDdWwlMjBjbGFzcyUzRCUyMm1lbnUtbGF0ZXJhbCUyMiUzRSUwQSUzQ2xpJTIwY2xhc3MlM0QlMjJ2b2x2ZXIlMjIlM0UlM0NhJTIwaHR0cHMlM0ElM0QlMjIlMjIlM0UlM0NpJTIwY2xhc3MlM0QlMjJmYSUyMGZhLWJhY2t3YXJkJTIyJTIwYXJpYS1oaWRkZW4lM0QlMjJ0cnVlJTIyJTNFJTNDJTJGaSUzRSUyMCUyMElOU1BFQ1RJT04lM0MlMkZhJTNFJTNDJTJGbGklM0UlMEElMEElM0NsaSUyMGNsYXNzJTNEJTIyc2luLWVubGFjZSUyMiUzRUVYQU1FTiUyMERFUyUyMFBST0MlQzMlODlEVVJFUyUyMERFJTIwUFJPRFVDVElPTiUyMEVUJTIwREVTJTIwUExBTlMlMjBERVMlMjBQT0lOVFMlMjBEJTI3SU5TUEVDVElPTiUzQyUyRmElM0UlM0MlMkZsaSUzRSUwQSUwQSUwQSUwQSUzQ2xpJTNFJTNDYSUyMGhyZWYlM0QlMjJodHRwcyUzQSUyRiUyRnNjaXNhLmVzJTJGZnIlMkZpbnNwZWN0aW9uLWRlLWxhLWZhYnJpY2F0aW9uLWR1LW1vbnRhZ2UtZXQtZGUtbGVudHJldGllbi1kZXMtZXF1aXBlbWVudHMlMkYlMjIlM0VMJTI3SU5TUEVDVElPTiUyMERFJTIwTEElMjBGQUJSSUNBVElPTiUyQyUyMERVJTIwTU9OVEFHRSUyMEVUJTIwREUlMjBMJTI3RU5UUkVUSUVOJTIwREVTJTIwJUMzJTg5UVVJUEVNRU5UUyUzQyUyRmElM0UlM0MlMkZsaSUzRSUwQSUwQSUzQ2xpJTNFJTNDYSUyMGhyZWYlM0QlMjJodHRwcyUzQSUyRiUyRnNjaXNhLmVzJTJGZnIlMkZpbnNwZWN0ZXVycy1jZXJ0aWZpZXMtYXBpLTY1MyUyRiUyMiUzRUlOU1BFQ1RFVVJTJTIwQ0VSVElGSSVDMyU4OVMlMjBBUEklMjA2NTMlM0MlMkZhJTNFJTNDJTJGbGklM0UlMEElMEElMEElM0MlMkZ1bCUzRQ==[\/vc_raw_html][vc_empty_space][vc_separator type=&#8221;normal&#8221; color=&#8221;#bcbcbc&#8221; thickness=&#8221;1&#8243; transparency=&#8221;0.4&#8243;][vc_empty_space][vc_raw_html]PGg1PkNvbnRhY3QgYXZlYyBub3VzPC9oNT4=[\/vc_raw_html][vc_separator type=&#8221;normal&#8221; color=&#8221;#bcbcbc&#8221; thickness=&#8221;1&#8243; transparency=&#8221;0.4&#8243;][vc_widget_sidebar sidebar_id=&#8221;sidebar-blog&#8221;][\/vc_column][vc_column width=&#8221;3\/4&#8243;][vc_row_inner row_type=&#8221;row&#8221; type=&#8221;full_width&#8221; text_align=&#8221;left&#8221; css_animation=&#8221;&#8221; css=&#8221;.vc_custom_1644937868038{padding-right: 0px !important;background-color: #ffffff !important;}&#8221;][vc_column_inner width=&#8221;1\/2&#8243; css=&#8221;.vc_custom_1639654809595{padding-right: 45px !important;padding-left: 45px !important;background-color: #ffffff !important;}&#8221;][vc_column_text]<\/p>\n<h2 class=\"internas-titul\">Plans d&#8217;inspection et points d&#8217;inspection<\/h2>\n<p>La r\u00e9vision des proc\u00e9dures de fabrication et des<strong> plans des points d&#8217;inspection<\/strong> est le d\u00e9but de notre service int\u00e9gral qui se termine par la l\u00e9galisation des \u00e9quipements install\u00e9s dans l&#8217;usine.[\/vc_column_text][vc_empty_space][vc_column_text]<\/p>\n<h2 class=\"internas-titul\">EXAMEN DES PROC\u00c9DURES DE FABRICATION<\/h2>\n<p>Chez <strong>SCI<\/strong>, nous disposons d&#8217;un personnel qualifi\u00e9 pour l&#8217;examen des <strong>proc\u00e9dures de fabrication<\/strong>.<\/p>\n<p>Les <strong>proc\u00e9dures de fabrication<\/strong> sont comprises comme \u00e9tant tous les documents n\u00e9cessaires g\u00e9n\u00e9r\u00e9s par le fabricant pour v\u00e9rifier la qualit\u00e9 de l&#8217;\u00e9quipement en cours de fabrication afin d&#8217;assurer la conformit\u00e9 aux exigences de chaque projet.<br \/>\n[\/vc_column_text][vc_empty_space][\/vc_column_inner][vc_column_inner width=&#8221;1\/2&#8243; css=&#8221;.vc_custom_1644937864094{padding-right: 0px !important;}&#8221;][vc_single_image image=&#8221;56315&#8243; img_size=&#8221;full&#8221; qode_css_animation=&#8221;&#8221;][\/vc_column_inner][\/vc_row_inner][vc_empty_space][vc_row_inner row_type=&#8221;row&#8221; type=&#8221;full_width&#8221; text_align=&#8221;left&#8221; css_animation=&#8221;&#8221; css=&#8221;.vc_custom_1639654729177{background-color: #ffffff !important;}&#8221;][vc_column_inner css=&#8221;.vc_custom_1639654809595{padding-right: 45px !important;padding-left: 45px !important;background-color: #ffffff !important;}&#8221;][\/vc_column_inner][vc_column_inner css=&#8221;.vc_custom_1644937965773{padding-right: 45px !important;padding-left: 45px !important;}&#8221;][vc_column_text]<\/p>\n<h2 class=\"internas-titul\">Les processus de fabrication se distinguent principalement dans les domaines suivants :<\/h2>\n<p>[\/vc_column_text][vc_empty_space]<div class=\"qode-advanced-tabs qode-advanced-tabs qode-advanced-horizontal-tab clearfix qode-advanced-tab-without-icon qode-advanced-tabs-column-2 clearfix\">\n\t<ul class=\"qode-advanced-tabs-nav\">\n\t\t\t\t\t<li>\n\t\t\t\t<h3>\n\t\t\t\t\t<a href=\"#tab-procedures-dessais-non-destructifs\">\n\t\t\t\t\t\t\n\t\t\t\t\t\t\t\t\t\t\t\t\t<span class=\"qode-advanced-tab-text-after-icon\">\n\t\t\t\t\t\t\t\tPROC\u00c9DURES D&#039;ESSAIS NON DESTRUCTIFS\t\t\t\t\t\t\t<\/span>\n\t\t\t\t\t\t\t\t\t\t\t<\/a>\n\t\t\t\t<\/h3>\n\t\t\t<\/li>\n\t\t\t\t\t<li>\n\t\t\t\t<h3>\n\t\t\t\t\t<a href=\"#tab-procedures-de-test\">\n\t\t\t\t\t\t\n\t\t\t\t\t\t\t\t\t\t\t\t\t<span class=\"qode-advanced-tab-text-after-icon\">\n\t\t\t\t\t\t\t\tPROC\u00c9DURES DE TEST\t\t\t\t\t\t\t<\/span>\n\t\t\t\t\t\t\t\t\t\t\t<\/a>\n\t\t\t\t<\/h3>\n\t\t\t<\/li>\n\t\t\t<\/ul>\n\t<div class=\"qode-advanced-tab-container\" id=\"tab-procedures-dessais-non-destructifs-478\" data-icon-pack=\"\" data-icon-html=\"\"><div class=\"q_icon_list\"><i class=\"qode_icon_font_awesome fa fa-check-circle-o qode-ili-icon-holder circle\" style=\"color: #dbae32;background-color: #ffffff;\" ><\/i><p style=\"font-size: 14px;\">Particules magn\u00e9tiques<\/p><\/div><div class=\"q_icon_list\"><i class=\"qode_icon_font_awesome fa fa-check-circle-o qode-ili-icon-holder circle\" style=\"color: #dbae32;background-color: #ffffff;\" ><\/i><p style=\"font-size: 14px;\">Liquides p\u00e9n\u00e9trants.<\/p><\/div><div class=\"q_icon_list\"><i class=\"qode_icon_font_awesome fa fa-check-circle-o qode-ili-icon-holder circle\" style=\"color: #dbae32;background-color: #ffffff;\" ><\/i><p style=\"font-size: 14px;\">Des radiographies.<\/p><\/div><div class=\"q_icon_list\"><i class=\"qode_icon_font_awesome fa fa-check-circle-o qode-ili-icon-holder circle\" style=\"color: #dbae32;background-color: #ffffff;\" ><\/i><p style=\"font-size: 14px;\">Ultrasons (manuel, Phased Array ou TOFD).<\/p><\/div><div class=\"q_icon_list\"><i class=\"qode_icon_font_awesome fa fa-check-circle-o qode-ili-icon-holder circle\" style=\"color: #dbae32;background-color: #ffffff;\" ><\/i><p style=\"font-size: 14px;\">V\u00e9rification de la tra\u00e7abilit\u00e9 des marques.<\/p><\/div><\/div><div class=\"qode-advanced-tab-container\" id=\"tab-procedures-de-test-382\" data-icon-pack=\"\" data-icon-html=\"\"><div class=\"q_icon_list\"><i class=\"qode_icon_font_awesome fa fa-check-circle-o qode-ili-icon-holder circle\" style=\"color: #dbae32;background-color: #ffffff;\" ><\/i><p style=\"font-size: 14px;\">Essais hydrauliques.<\/p><\/div><div class=\"q_icon_list\"><i class=\"qode_icon_font_awesome fa fa-check-circle-o qode-ili-icon-holder circle\" style=\"color: #dbae32;background-color: #ffffff;\" ><\/i><p style=\"font-size: 14px;\">Essais pneumatiques.<\/p><\/div><div class=\"q_icon_list\"><i class=\"qode_icon_font_awesome fa fa-check-circle-o qode-ili-icon-holder circle\" style=\"color: #dbae32;background-color: #ffffff;\" ><\/i><p style=\"font-size: 14px;\">Test d&#039;\u00e9tanch\u00e9it\u00e9 \u00e0 l&#039;h\u00e9lium et \u00e0 l&#039;air.<\/p><\/div><div class=\"q_icon_list\"><i class=\"qode_icon_font_awesome fa fa-check-circle-o qode-ili-icon-holder circle\" style=\"color: #dbae32;background-color: #ffffff;\" ><\/i><p style=\"font-size: 14px;\">Tests fonctionnels<\/p><\/div><div class=\"q_icon_list\"><i class=\"qode_icon_font_awesome fa fa-check-circle-o qode-ili-icon-holder circle\" style=\"color: #dbae32;background-color: #ffffff;\" ><\/i><p style=\"font-size: 14px;\">Test de performance.<\/p><\/div><div class=\"q_icon_list\"><i class=\"qode_icon_font_awesome fa fa-check-circle-o qode-ili-icon-holder circle\" style=\"color: #dbae32;background-color: #ffffff;\" ><\/i><p style=\"font-size: 14px;\">Proc\u00e9dure de peinture.<\/p><\/div><\/div><\/div>[\/vc_column_inner][\/vc_row_inner][vc_empty_space][vc_row_inner row_type=&#8221;row&#8221; type=&#8221;full_width&#8221; text_align=&#8221;left&#8221; css_animation=&#8221;&#8221; css=&#8221;.vc_custom_1644937904540{padding-right: 0px !important;background-color: #ffffff !important;}&#8221;][vc_column_inner width=&#8221;1\/2&#8243; css=&#8221;.vc_custom_1639654809595{padding-right: 45px !important;padding-left: 45px !important;background-color: #ffffff !important;}&#8221;][vc_column_text]<\/p>\n<h2 class=\"internas-titul\">EXAMEN DES PLANS DES POINTS D&#8217;INSPECTION<\/h2>\n<p>Un autre de nos services est l&#8217;analyse du contenu des <strong>plans de points d&#8217;inspection<\/strong> \u00e9mis par le fabricant.<\/p>\n<p>Les plans des points d&#8217;inspection<strong>(IPP<\/strong>) servent \u00e0 surveiller et \u00e0 v\u00e9rifier la conformit\u00e9 aux exigences de qualit\u00e9 des inspections et des essais du code de conception et aux exigences du projet.<\/p>\n<p>L&#8217;\u00e9mission de plans de points d&#8217;inspection a pour but de v\u00e9rifier que ces plans de <strong>points d&#8217;inspection<\/strong> sont conformes au code de conception, aux exigences applicables au projet et aux sp\u00e9cifications du client et\/ou du conc\u00e9dant.<br \/>\n[\/vc_column_text][vc_empty_space][\/vc_column_inner][vc_column_inner width=&#8221;1\/2&#8243; css=&#8221;.vc_custom_1644937893472{padding-right: 0px !important;}&#8221;][vc_single_image image=&#8221;56317&#8243; img_size=&#8221;full&#8221; qode_css_animation=&#8221;&#8221;][\/vc_column_inner][\/vc_row_inner][vc_empty_space][\/vc_column][\/vc_row][vc_row css_animation=&#8221;&#8221; row_type=&#8221;row&#8221; use_row_as_full_screen_section=&#8221;no&#8221; type=&#8221;full_width&#8221; angled_section=&#8221;no&#8221; text_align=&#8221;left&#8221; background_image_as_pattern=&#8221;without_pattern&#8221;][vc_column][vc_empty_space height=&#8221;64px&#8221;][\/vc_column][\/vc_row]<\/p>\n<\/div>","protected":false},"excerpt":{"rendered":"<p>[vc_row css_animation=&#8221;&#8221; row_type=&#8221;row&#8221; use_row_as_full_screen_section=&#8221;no&#8221; type=&#8221;full_width&#8221; angled_section=&#8221;no&#8221; text_align=&#8221;left&#8221; background_image_as_pattern=&#8221;without_pattern&#8221;][vc_column width=&#8221;1\/4&#8243;][vc_raw_html]PGg1PkF1dHJlcyBzZXJ2aWNlcyBJTlNQRUNUSU9OPC9oNT4=[\/vc_raw_html][vc_separator type=&#8221;normal&#8221; color=&#8221;#bcbcbc&#8221; thickness=&#8221;1&#8243; transparency=&#8221;0.4&#8243;][vc_raw_html]JTNDdWwlMjBjbGFzcyUzRCUyMm1lbnUtbGF0ZXJhbCUyMiUzRSUwQSUzQ2xpJTIwY2xhc3MlM0QlMjJ2b2x2ZXIlMjIlM0UlM0NhJTIwaHR0cHMlM0ElM0QlMjIlMjIlM0UlM0NpJTIwY2xhc3MlM0QlMjJmYSUyMGZhLWJhY2t3YXJkJTIyJTIwYXJpYS1oaWRkZW4lM0QlMjJ0cnVlJTIyJTNFJTNDJTJGaSUzRSUyMCUyMElOU1BFQ1RJT04lM0MlMkZhJTNFJTNDJTJGbGklM0UlMEElMEElM0NsaSUyMGNsYXNzJTNEJTIyc2luLWVubGFjZSUyMiUzRUVYQU1FTiUyMERFUyUyMFBST0MlQzMlODlEVVJFUyUyMERFJTIwUFJPRFVDVElPTiUyMEVUJTIwREVTJTIwUExBTlMlMjBERVMlMjBQT0lOVFMlMjBEJTI3SU5TUEVDVElPTiUzQyUyRmElM0UlM0MlMkZsaSUzRSUwQSUwQSUwQSUwQSUzQ2xpJTNFJTNDYSUyMGhyZWYlM0QlMjJodHRwcyUzQSUyRiUyRnNjaXNhLmVzJTJGZnIlMkZpbnNwZWN0aW9uLWRlLWxhLWZhYnJpY2F0aW9uLWR1LW1vbnRhZ2UtZXQtZGUtbGVudHJldGllbi1kZXMtZXF1aXBlbWVudHMlMkYlMjIlM0VMJTI3SU5TUEVDVElPTiUyMERFJTIwTEElMjBGQUJSSUNBVElPTiUyQyUyMERVJTIwTU9OVEFHRSUyMEVUJTIwREUlMjBMJTI3RU5UUkVUSUVOJTIwREVTJTIwJUMzJTg5UVVJUEVNRU5UUyUzQyUyRmElM0UlM0MlMkZsaSUzRSUwQSUwQSUzQ2xpJTNFJTNDYSUyMGhyZWYlM0QlMjJodHRwcyUzQSUyRiUyRnNjaXNhLmVzJTJGZnIlMkZpbnNwZWN0ZXVycy1jZXJ0aWZpZXMtYXBpLTY1MyUyRiUyMiUzRUlOU1BFQ1RFVVJTJTIwQ0VSVElGSSVDMyU4OVMlMjBBUEklMjA2NTMlM0MlMkZhJTNFJTNDJTJGbGklM0UlMEElMEElMEElM0MlMkZ1bCUzRQ==[\/vc_raw_html][vc_empty_space][vc_separator type=&#8221;normal&#8221; color=&#8221;#bcbcbc&#8221; thickness=&#8221;1&#8243; transparency=&#8221;0.4&#8243;][vc_empty_space][vc_raw_html]PGg1PkNvbnRhY3QgYXZlYyBub3VzPC9oNT4=[\/vc_raw_html][vc_separator type=&#8221;normal&#8221; color=&#8221;#bcbcbc&#8221; thickness=&#8221;1&#8243; transparency=&#8221;0.4&#8243;][vc_widget_sidebar sidebar_id=&#8221;sidebar-blog&#8221;][\/vc_column][vc_column width=&#8221;3\/4&#8243;][vc_row_inner row_type=&#8221;row&#8221; type=&#8221;full_width&#8221; text_align=&#8221;left&#8221; css_animation=&#8221;&#8221; css=&#8221;.vc_custom_1644937868038{padding-right: 0px !important;background-color: #ffffff !important;}&#8221;][vc_column_inner width=&#8221;1\/2&#8243; css=&#8221;.vc_custom_1639654809595{padding-right: 45px !important;padding-left: 45px !important;background-color: #ffffff !important;}&#8221;][vc_column_text] Plans d&#8217;inspection et points d&#8217;inspection&#8230;<\/p>\n","protected":false},"author":1,"featured_media":0,"parent":58326,"menu_order":0,"comment_status":"closed","ping_status":"closed","template":"","meta":{"footnotes":""},"class_list":["post-58226","page","type-page","status-publish","hentry"],"_links":{"self":[{"href":"https:\/\/scisa.es\/fr\/wp-json\/wp\/v2\/pages\/58226","targetHints":{"allow":["GET"]}}],"collection":[{"href":"https:\/\/scisa.es\/fr\/wp-json\/wp\/v2\/pages"}],"about":[{"href":"https:\/\/scisa.es\/fr\/wp-json\/wp\/v2\/types\/page"}],"author":[{"embeddable":true,"href":"https:\/\/scisa.es\/fr\/wp-json\/wp\/v2\/users\/1"}],"replies":[{"embeddable":true,"href":"https:\/\/scisa.es\/fr\/wp-json\/wp\/v2\/comments?post=58226"}],"version-history":[{"count":0,"href":"https:\/\/scisa.es\/fr\/wp-json\/wp\/v2\/pages\/58226\/revisions"}],"up":[{"embeddable":true,"href":"https:\/\/scisa.es\/fr\/wp-json\/wp\/v2\/pages\/58326"}],"wp:attachment":[{"href":"https:\/\/scisa.es\/fr\/wp-json\/wp\/v2\/media?parent=58226"}],"curies":[{"name":"wp","href":"https:\/\/api.w.org\/{rel}","templated":true}]}}