{"id":58231,"date":"2021-12-16T09:44:10","date_gmt":"2021-12-16T09:44:10","guid":{"rendered":"https:\/\/scisa.es\/sci-renewables\/secteur-de-lenergie-eolienne\/"},"modified":"2023-01-23T15:11:10","modified_gmt":"2023-01-23T15:11:10","slug":"secteur-de-lenergie-eolienne","status":"publish","type":"page","link":"https:\/\/scisa.es\/fr\/sci-renewables\/secteur-de-lenergie-eolienne\/","title":{"rendered":"Secteur de l&#8217;\u00e9nergie \u00e9olienne"},"content":{"rendered":"<div class=\"wpb-content-wrapper\"><p>[vc_row css_animation=&#8221;&#8221; row_type=&#8221;row&#8221; use_row_as_full_screen_section=&#8221;no&#8221; type=&#8221;full_width&#8221; angled_section=&#8221;no&#8221; text_align=&#8221;left&#8221; background_image_as_pattern=&#8221;without_pattern&#8221;][vc_column width=&#8221;1\/4&#8243;][vc_raw_html]PGg1PkF1dHJlcyBzZXJ2aWNlcyBTQ0kgUkVORVdBQkxFUzwvaDU+[\/vc_raw_html][vc_separator type=&#8221;normal&#8221; color=&#8221;#bcbcbc&#8221; thickness=&#8221;1&#8243; transparency=&#8221;0.4&#8243;][vc_raw_html]JTNDdWwlMjBjbGFzcyUzRCUyMm1lbnUtbGF0ZXJhbCUyMiUzRSUwQSUzQ2xpJTIwY2xhc3MlM0QlMjJ2b2x2ZXIlMjIlM0UlM0NhJTIwaHJlZiUzRCUyMmh0dHBzJTNBJTJGJTJGc2Npc2EuZXMlMkZmciUyRnNjaS1yZW5ld2FibGVzJTJGJTIyJTNFJTNDaSUyMGNsYXNzJTNEJTIyZmElMjBmYS1iYWNrd2FyZCUyMiUyMGFyaWEtaGlkZGVuJTNEJTIydHJ1ZSUyMiUzRSUzQyUyRmklM0UlMjAlMjBTQ0klMjBSRU5FV0FCTEVTJTNDJTJGYSUzRSUzQyUyRmxpJTNFJTBBJTNDbGklMjBjbGFzcyUzRCUyMnNpbi1lbmxhY2UlMjIlM0VTRUNURVVSJTIwVkVOVCUzQyUyRmxpJTNFJTBBJTNDbGklM0UlM0NhJTIwaHJlZiUzRCUyMmh0dHBzJTNBJTJGJTJGc2Npc2EuZXMlMkZmciUyRnNjaS1yZW5ld2FibGVzJTJGc2VjdGV1ci1zb2xhaXJlJTJGJTIyJTNFU0VDVEVVUiUyMFNPTEFJUkUlM0MlMkZhJTNFJTNDJTJGbGklM0UlMEElM0NsaSUzRSUzQ2ElMjBocmVmJTNEJTIyaHR0cHMlM0ElMkYlMkZzY2lzYS5lcyUyRmZyJTJGc2NpLXJlbmV3YWJsZXMlMkZzZWN0ZXVyLWRlLWxoeWRyYXVsaXF1ZSUyRiUyMiUzRVNFQ1RFVVIlMjBIWURSQVVMSVFVRSUzQyUyRmElM0UlM0MlMkZsaSUzRSUwQSUzQ2xpJTNFJTNDYSUyMGhyZWYlM0QlMjJodHRwcyUzQSUyRiUyRnNjaXNhLmVzJTJGZnIlMkZzY2ktcmVuZXdhYmxlcyUyRnNlY3RldXItZGUtbGh5ZHJvZ2VuZSUyRiUyMiUzRVNFQ1RFVVIlMjBERSUyMEwlMjdIWURST0clQzMlODhORSUzQyUyRmElM0UlM0MlMkZsaSUzRSUwQSUwQSUzQyUyRnVsJTNF[\/vc_raw_html][vc_empty_space][vc_raw_html]PGg1PkNvbnRhY3QgYXZlYyBub3VzPC9oNT4=[\/vc_raw_html][vc_separator type=&#8221;normal&#8221; color=&#8221;#bcbcbc&#8221; thickness=&#8221;1&#8243; transparency=&#8221;0.4&#8243;][vc_widget_sidebar sidebar_id=&#8221;sidebar-blog&#8221;][\/vc_column][vc_column width=&#8221;3\/4&#8243;][vc_row_inner row_type=&#8221;row&#8221; type=&#8221;full_width&#8221; text_align=&#8221;left&#8221; css_animation=&#8221;&#8221; css=&#8221;.vc_custom_1659027979554{background-color: #ffffff !important;}&#8221; el_id=&#8221;soudure-soudure-inspection-des-tours-a-vent-en-service&#8221;][vc_column_inner css=&#8221;.vc_custom_1639654809595{padding-right: 45px !important;padding-left: 45px !important;background-color: #ffffff !important;}&#8221;][vc_column_text]<\/p>\n<h2 class=\"internas-titul\">Inspection des soudures des tours d&#8217;\u00e9oliennes en service<\/h2>\n<p><strong><br \/>\n<a href=\"https:\/\/scisa.es\/fr\/\">SCI, contr\u00f4le et inspection<\/a><br \/>\n<\/strong> a d\u00e9velopp\u00e9 un \u00e9quipement capable de d\u00e9tecter les d\u00e9fauts dans les soudures des tours d&#8217;\u00e9oliennes \u00e0 l&#8217;aide d&#8217;ultrasons qui peuvent \u00eatre enregistr\u00e9s sur un chariot magn\u00e9tique.[\/vc_column_text][vc_empty_space][\/vc_column_inner][\/vc_row_inner][vc_row_inner row_type=&#8221;row&#8221; type=&#8221;full_width&#8221; text_align=&#8221;left&#8221; css_animation=&#8221;&#8221; css=&#8221;.vc_custom_1643712262796{padding-right: 0px !important;padding-left: 0px !important;}&#8221;][vc_column_inner css=&#8221;.vc_custom_1643712305357{padding-right: 0px !important;padding-left: 0px !important;}&#8221;][vc_single_image image=&#8221;56577&#8243; img_size=&#8221;full&#8221; qode_css_animation=&#8221;&#8221; el_class=&#8221;imagen-grande&#8221;][\/vc_column_inner][\/vc_row_inner][vc_empty_space][vc_row_inner row_type=&#8221;row&#8221; type=&#8221;full_width&#8221; text_align=&#8221;left&#8221; css_animation=&#8221;&#8221; css=&#8221;.vc_custom_1659027996382{padding-right: 0px !important;padding-left: 25px !important;background-color: #ffffff !important;}&#8221; el_id=&#8221;inspeccion-de-alurings&#8221;][vc_column_inner][vc_empty_space][vc_column_text]<\/p>\n<h2 class=\"internas-titul\">Inspection des alurings<\/h2>\n<p><a href=\"https:\/\/scisa.es\/fr\/\"><br \/>\n<strong>SCI SA<\/strong><br \/>\n<\/a> inspecte les anneaux de transition en aluminium entre le moyeu et la pale d&#8217;\u00e9olienne en utilisant diff\u00e9rentes techniques. La radiographie et les \u00e9quipements \u00e0 ultrasons enregistrables peuvent \u00eatre utilis\u00e9s pour d\u00e9tecter les fissures qui se sont produites pendant la dur\u00e9e de vie de l&#8217;\u00e9quipement.[\/vc_column_text][vc_empty_space][\/vc_column_inner][\/vc_row_inner][vc_row_inner row_type=&#8221;row&#8221; type=&#8221;full_width&#8221; text_align=&#8221;left&#8221; css_animation=&#8221;&#8221; css=&#8221;.vc_custom_1643712262796{padding-right: 0px !important;padding-left: 0px !important;}&#8221;][vc_column_inner css=&#8221;.vc_custom_1643712305357{padding-right: 0px !important;padding-left: 0px !important;}&#8221;][vc_single_image image=&#8221;56579&#8243; img_size=&#8221;full&#8221; qode_css_animation=&#8221;&#8221; el_class=&#8221;imagen-grande&#8221;][\/vc_column_inner][\/vc_row_inner][vc_empty_space][vc_row_inner row_type=&#8221;row&#8221; type=&#8221;full_width&#8221; text_align=&#8221;left&#8221; css_animation=&#8221;&#8221; css=&#8221;.vc_custom_1659028012112{padding-right: 0px !important;padding-left: 25px !important;background-color: #ffffff !important;}&#8221; el_id=&#8221;inspection-et-essais-des-soudures-du-chassis-des-eoliennes&#8221;][vc_column_inner][vc_empty_space][vc_column_text]<\/p>\n<h2 class=\"internas-titul\">Inspection et test des soudures du cadre des \u00e9oliennes<\/h2>\n<p><strong>SCI SA<\/strong> r\u00e9alise diff\u00e9rentes techniques de contr\u00f4le non destructif (contr\u00f4le visuel, particules magn\u00e9tiques, liquides p\u00e9n\u00e9trants, ultrasons, etc.) pour d\u00e9tecter les \u00e9ventuels d\u00e9fauts des soudures du cadre produits par la fatigue et les vibrations auxquelles il est soumis. Le but de ces tests est de rechercher les d\u00e9fauts et d&#8217;augmenter la dur\u00e9e de vie de la machine.[\/vc_column_text][vc_empty_space][\/vc_column_inner][\/vc_row_inner][vc_row_inner row_type=&#8221;row&#8221; type=&#8221;full_width&#8221; text_align=&#8221;left&#8221; css_animation=&#8221;&#8221; css=&#8221;.vc_custom_1643712262796{padding-right: 0px !important;padding-left: 0px !important;}&#8221;][vc_column_inner css=&#8221;.vc_custom_1643712305357{padding-right: 0px !important;padding-left: 0px !important;}&#8221;][vc_single_image image=&#8221;56581&#8243; img_size=&#8221;full&#8221; qode_css_animation=&#8221;&#8221; el_class=&#8221;imagen-grande&#8221;][\/vc_column_inner][\/vc_row_inner][vc_empty_space][vc_row_inner row_type=&#8221;row&#8221; type=&#8221;full_width&#8221; text_align=&#8221;left&#8221; css_animation=&#8221;&#8221; css=&#8221;.vc_custom_1659028026724{padding-right: 0px !important;padding-left: 25px !important;background-color: #ffffff !important;}&#8221; el_id=&#8221;inspection-reglementaire-des-installations-electriques&#8221;][vc_column_inner][vc_empty_space][vc_column_text]<\/p>\n<h2 class=\"internas-titul\">Contr\u00f4le r\u00e9glementaire des installations \u00e9lectriques<\/h2>\n<p><strong>SCI SA<\/strong> est un <strong>organisme de contr\u00f4le agr\u00e9\u00e9 pour<\/strong> les installations \u00e9lectriques \u00e0 basse et haute tension et effectue l&#8217;inspection r\u00e9glementaire des lignes \u00e9lectriques et des centres de transformation des parcs \u00e9oliens dans toute l&#8217;Espagne.[\/vc_column_text][vc_empty_space][\/vc_column_inner][\/vc_row_inner][vc_row_inner row_type=&#8221;row&#8221; type=&#8221;full_width&#8221; text_align=&#8221;left&#8221; css_animation=&#8221;&#8221; css=&#8221;.vc_custom_1643712262796{padding-right: 0px !important;padding-left: 0px !important;}&#8221;][vc_column_inner css=&#8221;.vc_custom_1643712305357{padding-right: 0px !important;padding-left: 0px !important;}&#8221;][vc_single_image image=&#8221;56583&#8243; img_size=&#8221;full&#8221; qode_css_animation=&#8221;&#8221; el_class=&#8221;imagen-grande&#8221;][\/vc_column_inner][\/vc_row_inner][vc_empty_space][vc_row_inner row_type=&#8221;row&#8221; type=&#8221;full_width&#8221; text_align=&#8221;left&#8221; css_animation=&#8221;&#8221; css=&#8221;.vc_custom_1659028052820{padding-right: 0px !important;padding-left: 25px !important;background-color: #ffffff !important;}&#8221; el_id=&#8221;essais-et-supervisions-des-elements-structuraux-de-la-tour&#8221;][vc_column_inner][vc_empty_space][vc_column_text]<\/p>\n<h2 class=\"internas-titul\">Test et supervision des \u00e9l\u00e9ments structurels de la tour<\/h2>\n<p><strong>SCI SA<\/strong> r\u00e9alise des essais non destructifs pour d\u00e9tecter les d\u00e9fauts des \u00e9l\u00e9ments structurels de la tour : soudures, escaliers, porte, renforts, etc.<\/p>\n<p>Il surveille et contr\u00f4le \u00e9galement l&#8217;\u00e9tat des boulons de la tour au moyen d&#8217;une inspection par ultrasons et de v\u00e9rifications du couple.[\/vc_column_text][vc_empty_space][\/vc_column_inner][\/vc_row_inner][vc_empty_space][vc_row_inner row_type=&#8221;row&#8221; type=&#8221;full_width&#8221; text_align=&#8221;left&#8221; css_animation=&#8221;&#8221; css=&#8221;.vc_custom_1659028067414{padding-right: 0px !important;padding-left: 25px !important;background-color: #ffffff !important;}&#8221; el_id=&#8221;inspection-et-essais-des-elements-mecaniques-des-eoliennes&#8221;][vc_column_inner][vc_empty_space][vc_column_text]<\/p>\n<h2 class=\"internas-titul\">Inspection et essai des pi\u00e8ces m\u00e9caniques des \u00e9oliennes<\/h2>\n<p>Au moyen d&#8217;une inspection par essais non destructifs, <strong>SCI<\/strong> d\u00e9tecte les \u00e9ventuels d\u00e9fauts des \u00e9l\u00e9ments m\u00e9caniques de l&#8217;\u00e9olienne :<\/p>\n<ul class=\"una-lista\">\n<li><i class=\"fa fa-arrow-circle-o-right\" aria-hidden=\"true\"><\/i> <strong>Inspection visuelle<\/strong> par vid\u00e9o-endoscope des composants et engrenages du multiplicateur de l&#8217;\u00e9olienne.<\/li>\n<li><i class=\"fa fa-arrow-circle-o-right\" aria-hidden=\"true\"><\/i> Contr\u00f4le par <strong>ultrasons<\/strong> des arbres et des roulements<\/li>\n<li><i class=\"fa fa-arrow-circle-o-right\" aria-hidden=\"true\"><\/i> Contr\u00f4le <strong>radiographique<\/strong> ou <strong>par ultrasons<\/strong> des carters de bo\u00eetes de vitesses.<\/li>\n<\/ul>\n<p>[\/vc_column_text][vc_empty_space][\/vc_column_inner][\/vc_row_inner][vc_empty_space][vc_row_inner row_type=&#8221;row&#8221; type=&#8221;full_width&#8221; text_align=&#8221;left&#8221; css_animation=&#8221;&#8221; css=&#8221;.vc_custom_1659028082856{padding-right: 0px !important;padding-left: 25px !important;background-color: #ffffff !important;}&#8221; el_id=&#8221;analyse-des-defaillances-des-composants-des-eoliennes&#8221;][vc_column_inner][vc_empty_space][vc_column_text]<\/p>\n<h2 class=\"internas-titul\">Analyse des d\u00e9faillances des composants d&#8217;une \u00e9olienne<\/h2>\n<p><a href=\"https:\/\/scisa.es\/fr\/\">SCI SA<\/a> effectue des analyses de d\u00e9faillance de composants d&#8217;\u00e9oliennes et analyse des composants apr\u00e8s des accidents.<\/p>\n<p>Gr\u00e2ce \u00e0 l&#8217;exp\u00e9rience acquise dans ses d\u00e9partements Laboratoire m\u00e9tallurgique et Essais non destructifs, elle fournit \u00e0 ses clients des <strong>solutions<\/strong> pour d\u00e9terminer les causes de d\u00e9faillance des composants des \u00e9oliennes (arbres, roulements, soudures, etc.).[\/vc_column_text][vc_empty_space][\/vc_column_inner][\/vc_row_inner][\/vc_column][\/vc_row][vc_row css_animation=&#8221;&#8221; row_type=&#8221;row&#8221; use_row_as_full_screen_section=&#8221;no&#8221; type=&#8221;full_width&#8221; angled_section=&#8221;no&#8221; text_align=&#8221;left&#8221; background_image_as_pattern=&#8221;without_pattern&#8221;][vc_column][vc_empty_space height=&#8221;64px&#8221;][\/vc_column][\/vc_row]<\/p>\n<\/div>","protected":false},"excerpt":{"rendered":"<p>[vc_row css_animation=&#8221;&#8221; row_type=&#8221;row&#8221; use_row_as_full_screen_section=&#8221;no&#8221; type=&#8221;full_width&#8221; angled_section=&#8221;no&#8221; text_align=&#8221;left&#8221; background_image_as_pattern=&#8221;without_pattern&#8221;][vc_column width=&#8221;1\/4&#8243;][vc_raw_html]PGg1PkF1dHJlcyBzZXJ2aWNlcyBTQ0kgUkVORVdBQkxFUzwvaDU+[\/vc_raw_html][vc_separator type=&#8221;normal&#8221; color=&#8221;#bcbcbc&#8221; thickness=&#8221;1&#8243; transparency=&#8221;0.4&#8243;][vc_raw_html]JTNDdWwlMjBjbGFzcyUzRCUyMm1lbnUtbGF0ZXJhbCUyMiUzRSUwQSUzQ2xpJTIwY2xhc3MlM0QlMjJ2b2x2ZXIlMjIlM0UlM0NhJTIwaHJlZiUzRCUyMmh0dHBzJTNBJTJGJTJGc2Npc2EuZXMlMkZmciUyRnNjaS1yZW5ld2FibGVzJTJGJTIyJTNFJTNDaSUyMGNsYXNzJTNEJTIyZmElMjBmYS1iYWNrd2FyZCUyMiUyMGFyaWEtaGlkZGVuJTNEJTIydHJ1ZSUyMiUzRSUzQyUyRmklM0UlMjAlMjBTQ0klMjBSRU5FV0FCTEVTJTNDJTJGYSUzRSUzQyUyRmxpJTNFJTBBJTNDbGklMjBjbGFzcyUzRCUyMnNpbi1lbmxhY2UlMjIlM0VTRUNURVVSJTIwVkVOVCUzQyUyRmxpJTNFJTBBJTNDbGklM0UlM0NhJTIwaHJlZiUzRCUyMmh0dHBzJTNBJTJGJTJGc2Npc2EuZXMlMkZmciUyRnNjaS1yZW5ld2FibGVzJTJGc2VjdGV1ci1zb2xhaXJlJTJGJTIyJTNFU0VDVEVVUiUyMFNPTEFJUkUlM0MlMkZhJTNFJTNDJTJGbGklM0UlMEElM0NsaSUzRSUzQ2ElMjBocmVmJTNEJTIyaHR0cHMlM0ElMkYlMkZzY2lzYS5lcyUyRmZyJTJGc2NpLXJlbmV3YWJsZXMlMkZzZWN0ZXVyLWRlLWxoeWRyYXVsaXF1ZSUyRiUyMiUzRVNFQ1RFVVIlMjBIWURSQVVMSVFVRSUzQyUyRmElM0UlM0MlMkZsaSUzRSUwQSUzQ2xpJTNFJTNDYSUyMGhyZWYlM0QlMjJodHRwcyUzQSUyRiUyRnNjaXNhLmVzJTJGZnIlMkZzY2ktcmVuZXdhYmxlcyUyRnNlY3RldXItZGUtbGh5ZHJvZ2VuZSUyRiUyMiUzRVNFQ1RFVVIlMjBERSUyMEwlMjdIWURST0clQzMlODhORSUzQyUyRmElM0UlM0MlMkZsaSUzRSUwQSUwQSUzQyUyRnVsJTNF[\/vc_raw_html][vc_empty_space][vc_raw_html]PGg1PkNvbnRhY3QgYXZlYyBub3VzPC9oNT4=[\/vc_raw_html][vc_separator type=&#8221;normal&#8221; color=&#8221;#bcbcbc&#8221; thickness=&#8221;1&#8243; transparency=&#8221;0.4&#8243;][vc_widget_sidebar sidebar_id=&#8221;sidebar-blog&#8221;][\/vc_column][vc_column width=&#8221;3\/4&#8243;][vc_row_inner row_type=&#8221;row&#8221; type=&#8221;full_width&#8221; text_align=&#8221;left&#8221; css_animation=&#8221;&#8221; css=&#8221;.vc_custom_1659027979554{background-color: #ffffff !important;}&#8221; el_id=&#8221;soudure-soudure-inspection-des-tours-a-vent-en-service&#8221;][vc_column_inner css=&#8221;.vc_custom_1639654809595{padding-right: 45px !important;padding-left: 45px !important;background-color: #ffffff !important;}&#8221;][vc_column_text] Inspection des soudures des tours d&#8217;\u00e9oliennes en service SCI, contr\u00f4le et&#8230;<\/p>\n","protected":false},"author":1,"featured_media":0,"parent":58208,"menu_order":0,"comment_status":"closed","ping_status":"closed","template":"","meta":{"footnotes":""},"class_list":["post-58231","page","type-page","status-publish","hentry"],"_links":{"self":[{"href":"https:\/\/scisa.es\/fr\/wp-json\/wp\/v2\/pages\/58231","targetHints":{"allow":["GET"]}}],"collection":[{"href":"https:\/\/scisa.es\/fr\/wp-json\/wp\/v2\/pages"}],"about":[{"href":"https:\/\/scisa.es\/fr\/wp-json\/wp\/v2\/types\/page"}],"author":[{"embeddable":true,"href":"https:\/\/scisa.es\/fr\/wp-json\/wp\/v2\/users\/1"}],"replies":[{"embeddable":true,"href":"https:\/\/scisa.es\/fr\/wp-json\/wp\/v2\/comments?post=58231"}],"version-history":[{"count":0,"href":"https:\/\/scisa.es\/fr\/wp-json\/wp\/v2\/pages\/58231\/revisions"}],"up":[{"embeddable":true,"href":"https:\/\/scisa.es\/fr\/wp-json\/wp\/v2\/pages\/58208"}],"wp:attachment":[{"href":"https:\/\/scisa.es\/fr\/wp-json\/wp\/v2\/media?parent=58231"}],"curies":[{"name":"wp","href":"https:\/\/api.w.org\/{rel}","templated":true}]}}