{"id":58245,"date":"2021-12-16T09:57:08","date_gmt":"2021-12-16T09:57:08","guid":{"rendered":"https:\/\/scisa.es\/sci-renewables\/secteur-de-lhydraulique\/"},"modified":"2023-01-23T15:21:39","modified_gmt":"2023-01-23T15:21:39","slug":"secteur-de-lhydraulique","status":"publish","type":"page","link":"https:\/\/scisa.es\/fr\/sci-renewables\/secteur-de-lhydraulique\/","title":{"rendered":"Secteur de l&#8217;hydraulique"},"content":{"rendered":"<div class=\"wpb-content-wrapper\"><p>[vc_row css_animation=&#8221;&#8221; row_type=&#8221;row&#8221; use_row_as_full_screen_section=&#8221;no&#8221; type=&#8221;full_width&#8221; angled_section=&#8221;no&#8221; text_align=&#8221;left&#8221; background_image_as_pattern=&#8221;without_pattern&#8221;][vc_column width=&#8221;1\/4&#8243;][vc_raw_html]PGg1PkF1dHJlcyBzZXJ2aWNlcyBTQ0kgUkVORVdBQkxFUzwvaDU+[\/vc_raw_html][vc_separator type=&#8221;normal&#8221; color=&#8221;#bcbcbc&#8221; thickness=&#8221;1&#8243; transparency=&#8221;0.4&#8243;][vc_raw_html]JTNDdWwlMjBjbGFzcyUzRCUyMm1lbnUtbGF0ZXJhbCUyMiUzRSUwQSUzQ2xpJTIwY2xhc3MlM0QlMjJ2b2x2ZXIlMjIlM0UlM0NhJTIwaHJlZiUzRCUyMmh0dHBzJTNBJTJGJTJGc2Npc2EuZXMlMkZmciUyRnNjaS1yZW5ld2FibGVzJTJGJTIyJTNFJTNDaSUyMGNsYXNzJTNEJTIyZmElMjBmYS1iYWNrd2FyZCUyMiUyMGFyaWEtaGlkZGVuJTNEJTIydHJ1ZSUyMiUzRSUzQyUyRmklM0UlMjAlMjBTQ0klMjBSRU5FV0FCTEVTJTNDJTJGYSUzRSUzQyUyRmxpJTNFJTBBJTNDbGklM0UlM0NhJTIwaHJlZiUzRCUyMmh0dHBzJTNBJTJGJTJGc2Npc2EuZXMlMkZmciUyRnNjaS1yZW5ld2FibGVzJTJGc2VjdGV1ci1kZS1sZW5lcmdpZS1lb2xpZW5uZSUyRiUyMiUzRVNFQ1RFVVIlMjBWRU5UJTNDJTJGYSUzRSUzQyUyRmxpJTNFJTBBJTNDbGklM0UlM0NhJTIwaHJlZiUzRCUyMmh0dHBzJTNBJTJGJTJGc2Npc2EuZXMlMkZmciUyRnNjaS1yZW5ld2FibGVzJTJGc2VjdGV1ci1zb2xhaXJlJTJGJTIyJTNFU0VDVEVVUiUyMFNPTEFJUkUlM0MlMkZhJTNFJTNDJTJGbGklM0UlMEElM0NsaSUyMGNsYXNzJTNEJTIyc2luLWVubGFjZSUyMiUzRVNFQ1RFVVIlMjBIWURSQVVMSVFVRSUzQyUyRmxpJTNFJTBBJTNDbGklM0UlM0NhJTIwaHJlZiUzRCUyMmh0dHBzJTNBJTJGJTJGc2Npc2EuZXMlMkZmciUyRnNjaS1yZW5ld2FibGVzJTJGc2VjdGV1ci1kZS1saHlkcm9nZW5lJTJGJTIyJTNFU0VDVEVVUiUyMERFJTIwTCUyN0hZRFJPRyVDMyU4OE5FJTNDJTJGYSUzRSUzQyUyRmxpJTNFJTBBJTBBJTNDJTJGdWwlM0U=[\/vc_raw_html][vc_empty_space][vc_raw_html]PGg1PkNvbnRhY3QgYXZlYyBub3VzPC9oNT4=[\/vc_raw_html][vc_separator type=&#8221;normal&#8221; color=&#8221;#bcbcbc&#8221; thickness=&#8221;1&#8243; transparency=&#8221;0.4&#8243;][vc_widget_sidebar sidebar_id=&#8221;sidebar-blog&#8221;][\/vc_column][vc_column width=&#8221;3\/4&#8243;][vc_row_inner row_type=&#8221;row&#8221; type=&#8221;full_width&#8221; text_align=&#8221;left&#8221; css_animation=&#8221;&#8221; css=&#8221;.vc_custom_1659039346177{background-color: #ffffff !important;}&#8221; el_id=&#8221;inspection-reglementaire-des-installations-electriques-hydrauliques&#8221;][vc_column_inner css=&#8221;.vc_custom_1639654809595{padding-right: 45px !important;padding-left: 45px !important;background-color: #ffffff !important;}&#8221;][vc_column_text]<\/p>\n<h2 class=\"internas-titul\">Contr\u00f4le r\u00e9glementaire des installations \u00e9lectriques<\/h2>\n<p><strong>SCI SA<\/strong> est un<a href=\"https:\/\/scisa.es\/fr\/\"> organisme de contr\u00f4le autoris\u00e9<\/a> pour les installations \u00e9lectriques \u00e0 basse et haute tension et r\u00e9alise l&#8217;inspection r\u00e9glementaire des centrales \u00e9lectriques et des centres de transformation des centrales hydrauliques sur tout le territoire espagnol.[\/vc_column_text][vc_empty_space][\/vc_column_inner][\/vc_row_inner][vc_row_inner row_type=&#8221;row&#8221; type=&#8221;full_width&#8221; text_align=&#8221;left&#8221; css_animation=&#8221;&#8221; css=&#8221;.vc_custom_1643712262796{padding-right: 0px !important;padding-left: 0px !important;}&#8221;][vc_column_inner css=&#8221;.vc_custom_1643712305357{padding-right: 0px !important;padding-left: 0px !important;}&#8221;][vc_single_image image=&#8221;56587&#8243; img_size=&#8221;full&#8221; qode_css_animation=&#8221;&#8221; el_class=&#8221;imagen-grande&#8221;][\/vc_column_inner][\/vc_row_inner][vc_empty_space][vc_row_inner row_type=&#8221;row&#8221; type=&#8221;full_width&#8221; text_align=&#8221;left&#8221; css_animation=&#8221;&#8221; css=&#8221;.vc_custom_1659039359666{padding-right: 0px !important;padding-left: 25px !important;background-color: #ffffff !important;}&#8221; el_id=&#8221;mesure-des-epaisseurs-et-essais-dans-les-canalisations-des-centrales-hydrauliques&#8221;][vc_column_inner][vc_empty_space][vc_column_text]<\/p>\n<h2 class=\"internas-titul\">Mesure et contr\u00f4le de l&#8217;\u00e9paisseur des conduites des centrales hydrauliques<\/h2>\n<p><strong>SCI SA<\/strong> a d\u00e9velopp\u00e9 un \u00e9quipement automatique pour mesurer les \u00e9paisseurs et d\u00e9tecter les pertes par corrosion dans les conduites forc\u00e9es, les tuyaux d&#8217;aspiration, etc&#8230; des centrales hydrauliques.<\/p>\n<p>Cet \u00e9quipement permet un gain de temps consid\u00e9rable et am\u00e9liore les conditions de s\u00e9curit\u00e9 lors de l&#8217;ex\u00e9cution des travaux, car aucun engin de levage n&#8217;est utilis\u00e9.[\/vc_column_text][vc_empty_space][\/vc_column_inner][\/vc_row_inner][vc_empty_space][vc_row_inner row_type=&#8221;row&#8221; type=&#8221;full_width&#8221; text_align=&#8221;left&#8221; css_animation=&#8221;&#8221; css=&#8221;.vc_custom_1659039372421{padding-right: 0px !important;padding-left: 25px !important;background-color: #ffffff !important;}&#8221; el_id=&#8221;essais-sur-composants-mecaniques-des-centrales-hydrauliques&#8221;][vc_column_inner][vc_empty_space][vc_column_text]<\/p>\n<h2 class=\"internas-titul\">Essais sur les composants m\u00e9caniques des centrales hydrauliques<\/h2>\n<p>Les d\u00e9partements d&#8217;essais m\u00e9tallurgiques et d&#8217;essais non destructifs de <strong>SCI SA<\/strong> testent diff\u00e9rents composants des centrales hydrauliques pendant les op\u00e9rations de maintenance afin de d\u00e9terminer les d\u00e9fauts et de proc\u00e9der \u00e0 leur r\u00e9paration ou remplacement.[\/vc_column_text][vc_empty_space][\/vc_column_inner][\/vc_row_inner][vc_row_inner row_type=&#8221;row&#8221; type=&#8221;full_width&#8221; text_align=&#8221;left&#8221; css_animation=&#8221;&#8221; css=&#8221;.vc_custom_1643712262796{padding-right: 0px !important;padding-left: 0px !important;}&#8221;][vc_column_inner css=&#8221;.vc_custom_1643712305357{padding-right: 0px !important;padding-left: 0px !important;}&#8221;][vc_single_image image=&#8221;56589&#8243; img_size=&#8221;full&#8221; qode_css_animation=&#8221;&#8221; el_class=&#8221;imagen-grande&#8221;][\/vc_column_inner][\/vc_row_inner][\/vc_column][\/vc_row][vc_row css_animation=&#8221;&#8221; row_type=&#8221;row&#8221; use_row_as_full_screen_section=&#8221;no&#8221; type=&#8221;full_width&#8221; angled_section=&#8221;no&#8221; text_align=&#8221;left&#8221; background_image_as_pattern=&#8221;without_pattern&#8221;][vc_column][vc_empty_space height=&#8221;64px&#8221;][\/vc_column][\/vc_row]<\/p>\n<\/div>","protected":false},"excerpt":{"rendered":"<p>[vc_row css_animation=&#8221;&#8221; row_type=&#8221;row&#8221; use_row_as_full_screen_section=&#8221;no&#8221; type=&#8221;full_width&#8221; angled_section=&#8221;no&#8221; text_align=&#8221;left&#8221; background_image_as_pattern=&#8221;without_pattern&#8221;][vc_column width=&#8221;1\/4&#8243;][vc_raw_html]PGg1PkF1dHJlcyBzZXJ2aWNlcyBTQ0kgUkVORVdBQkxFUzwvaDU+[\/vc_raw_html][vc_separator type=&#8221;normal&#8221; color=&#8221;#bcbcbc&#8221; thickness=&#8221;1&#8243; transparency=&#8221;0.4&#8243;][vc_raw_html]JTNDdWwlMjBjbGFzcyUzRCUyMm1lbnUtbGF0ZXJhbCUyMiUzRSUwQSUzQ2xpJTIwY2xhc3MlM0QlMjJ2b2x2ZXIlMjIlM0UlM0NhJTIwaHJlZiUzRCUyMmh0dHBzJTNBJTJGJTJGc2Npc2EuZXMlMkZmciUyRnNjaS1yZW5ld2FibGVzJTJGJTIyJTNFJTNDaSUyMGNsYXNzJTNEJTIyZmElMjBmYS1iYWNrd2FyZCUyMiUyMGFyaWEtaGlkZGVuJTNEJTIydHJ1ZSUyMiUzRSUzQyUyRmklM0UlMjAlMjBTQ0klMjBSRU5FV0FCTEVTJTNDJTJGYSUzRSUzQyUyRmxpJTNFJTBBJTNDbGklM0UlM0NhJTIwaHJlZiUzRCUyMmh0dHBzJTNBJTJGJTJGc2Npc2EuZXMlMkZmciUyRnNjaS1yZW5ld2FibGVzJTJGc2VjdGV1ci1kZS1sZW5lcmdpZS1lb2xpZW5uZSUyRiUyMiUzRVNFQ1RFVVIlMjBWRU5UJTNDJTJGYSUzRSUzQyUyRmxpJTNFJTBBJTNDbGklM0UlM0NhJTIwaHJlZiUzRCUyMmh0dHBzJTNBJTJGJTJGc2Npc2EuZXMlMkZmciUyRnNjaS1yZW5ld2FibGVzJTJGc2VjdGV1ci1zb2xhaXJlJTJGJTIyJTNFU0VDVEVVUiUyMFNPTEFJUkUlM0MlMkZhJTNFJTNDJTJGbGklM0UlMEElM0NsaSUyMGNsYXNzJTNEJTIyc2luLWVubGFjZSUyMiUzRVNFQ1RFVVIlMjBIWURSQVVMSVFVRSUzQyUyRmxpJTNFJTBBJTNDbGklM0UlM0NhJTIwaHJlZiUzRCUyMmh0dHBzJTNBJTJGJTJGc2Npc2EuZXMlMkZmciUyRnNjaS1yZW5ld2FibGVzJTJGc2VjdGV1ci1kZS1saHlkcm9nZW5lJTJGJTIyJTNFU0VDVEVVUiUyMERFJTIwTCUyN0hZRFJPRyVDMyU4OE5FJTNDJTJGYSUzRSUzQyUyRmxpJTNFJTBBJTBBJTNDJTJGdWwlM0U=[\/vc_raw_html][vc_empty_space][vc_raw_html]PGg1PkNvbnRhY3QgYXZlYyBub3VzPC9oNT4=[\/vc_raw_html][vc_separator type=&#8221;normal&#8221; color=&#8221;#bcbcbc&#8221; thickness=&#8221;1&#8243; transparency=&#8221;0.4&#8243;][vc_widget_sidebar sidebar_id=&#8221;sidebar-blog&#8221;][\/vc_column][vc_column width=&#8221;3\/4&#8243;][vc_row_inner row_type=&#8221;row&#8221; type=&#8221;full_width&#8221; text_align=&#8221;left&#8221; css_animation=&#8221;&#8221; css=&#8221;.vc_custom_1659039346177{background-color: #ffffff !important;}&#8221; el_id=&#8221;inspection-reglementaire-des-installations-electriques-hydrauliques&#8221;][vc_column_inner css=&#8221;.vc_custom_1639654809595{padding-right: 45px !important;padding-left: 45px !important;background-color: #ffffff !important;}&#8221;][vc_column_text] Contr\u00f4le r\u00e9glementaire des installations \u00e9lectriques SCI SA est un organisme de&#8230;<\/p>\n","protected":false},"author":1,"featured_media":0,"parent":58208,"menu_order":0,"comment_status":"closed","ping_status":"closed","template":"","meta":{"footnotes":""},"class_list":["post-58245","page","type-page","status-publish","hentry"],"_links":{"self":[{"href":"https:\/\/scisa.es\/fr\/wp-json\/wp\/v2\/pages\/58245","targetHints":{"allow":["GET"]}}],"collection":[{"href":"https:\/\/scisa.es\/fr\/wp-json\/wp\/v2\/pages"}],"about":[{"href":"https:\/\/scisa.es\/fr\/wp-json\/wp\/v2\/types\/page"}],"author":[{"embeddable":true,"href":"https:\/\/scisa.es\/fr\/wp-json\/wp\/v2\/users\/1"}],"replies":[{"embeddable":true,"href":"https:\/\/scisa.es\/fr\/wp-json\/wp\/v2\/comments?post=58245"}],"version-history":[{"count":0,"href":"https:\/\/scisa.es\/fr\/wp-json\/wp\/v2\/pages\/58245\/revisions"}],"up":[{"embeddable":true,"href":"https:\/\/scisa.es\/fr\/wp-json\/wp\/v2\/pages\/58208"}],"wp:attachment":[{"href":"https:\/\/scisa.es\/fr\/wp-json\/wp\/v2\/media?parent=58245"}],"curies":[{"name":"wp","href":"https:\/\/api.w.org\/{rel}","templated":true}]}}