{"id":58246,"date":"2021-12-16T09:12:12","date_gmt":"2021-12-16T09:12:12","guid":{"rendered":"https:\/\/scisa.es\/verification-des-appareils-de-mesure-des-rayonnements\/"},"modified":"2023-01-23T16:52:12","modified_gmt":"2023-01-23T16:52:12","slug":"verification-des-appareils-de-mesure-des-rayonnements","status":"publish","type":"page","link":"https:\/\/scisa.es\/fr\/departement-de-la-radioprotection\/verification-des-appareils-de-mesure-des-rayonnements\/","title":{"rendered":"V\u00e9rification des appareils de mesure des rayonnements"},"content":{"rendered":"<div class=\"wpb-content-wrapper\"><p>[vc_row css_animation=&#8221;&#8221; row_type=&#8221;row&#8221; use_row_as_full_screen_section=&#8221;no&#8221; type=&#8221;full_width&#8221; angled_section=&#8221;no&#8221; text_align=&#8221;left&#8221; background_image_as_pattern=&#8221;without_pattern&#8221;][vc_column width=&#8221;1\/4&#8243;][vc_raw_html]PGg1PkF1dHJlcyBzZXJ2aWNlcyBJTlNQRUNUSU9OPC9oNT4=[\/vc_raw_html][vc_separator type=&#8221;normal&#8221; color=&#8221;#bcbcbc&#8221; thickness=&#8221;1&#8243; transparency=&#8221;0.4&#8243;][vc_raw_html]JTNDdWwlMjBjbGFzcyUzRCUyMm1lbnUtbGF0ZXJhbCUyMiUzRSUwQSUzQ2xpJTIwY2xhc3MlM0QlMjJ2b2x2ZXIlMjIlM0UlM0NhJTIwaHJlZiUzRCUyMmh0dHBzJTNBJTJGJTJGc2Npc2EuZXMlMkZmciUyRmRlcGFydGVtZW50LWRlLWxhLXJhZGlvcHJvdGVjdGlvbiUyRiUyMiUzRSUzQ2klMjBjbGFzcyUzRCUyMmZhJTIwZmEtYmFja3dhcmQlMjIlMjBhcmlhLWhpZGRlbiUzRCUyMnRydWUlMjIlM0UlM0MlMkZpJTNFJTIwJTIwU0VSVklDRSUyMERFJTIwUkFESU9QUk9URUNUSU9OJTNDJTJGYSUzRSUzQyUyRmxpJTNFJTBBJTBBJTNDbGklM0UlM0NhJTIwaHJlZiUzRCUyMmh0dHBzJTNBJTJGJTJGc2Npc2EuZXMlMkZmciUyRmRlcGFydGVtZW50LWRlLWxhLXJhZGlvcHJvdGVjdGlvbiUyRnJlYWxpc2F0aW9uLWRlLXRlc3RzLWRldGFuY2hlaXRlLWRlcy1zb3VyY2VzLXJhZGlvYWN0aXZlcy1lbmNhcHN1bGVlcyUyRiUyMiUzRVRFU1QlMjBEJTI3JUMzJTg5VEFOQ0glQzMlODlJVCVDMyU4OSUyMERFUyUyMFNPVVJDRVMlMjBSQURJT0FDVElWRVMlMjBFTkNBUFNVTCVDMyU4OUVTJTNDJTJGYSUzRSUzQyUyRmxpJTNFJTBBJTNDbGklMjBjbGFzcyUzRCUyMnNpbi1lbmxhY2UlMjIlM0UlMjAlMjBWJUMzJTg5UklGSUNBVElPTiUyMERFUyUyMEFQUEFSRUlMUyUyMERFJTIwTUVTVVJFJTIwREVTJTIwUkFZT05ORU1FTlRTJTNDJTJGbGklM0UlMEElM0MlMkZ1bCUzRQ==[\/vc_raw_html][vc_empty_space][vc_raw_html]PGg1PkNvbnRhY3QgYXZlYyBub3VzPC9oNT4=[\/vc_raw_html][vc_separator type=&#8221;normal&#8221; color=&#8221;#bcbcbc&#8221; thickness=&#8221;1&#8243; transparency=&#8221;0.4&#8243;][vc_widget_sidebar sidebar_id=&#8221;sidebar-blog&#8221;][\/vc_column][vc_column width=&#8221;3\/4&#8243;][vc_row_inner row_type=&#8221;row&#8221; type=&#8221;full_width&#8221; text_align=&#8221;left&#8221; css_animation=&#8221;&#8221; css=&#8221;.vc_custom_1639654729177{background-color: #ffffff !important;}&#8221;][vc_column_inner css=&#8221;.vc_custom_1639654809595{padding-right: 45px !important;padding-left: 45px !important;background-color: #ffffff !important;}&#8221;][vc_column_text]<\/p>\n<h2 class=\"internas-titul\">V\u00e9rification des appareils de mesure des rayonnements<\/h2>\n<p>Le <a href=\"https:\/\/scisa.es\/fr\/\" target=\"_blank\" rel=\"noopener\">SCI<\/a> dispose d&#8217;une <strong>installation radioactive de deuxi\u00e8me cat\u00e9gorie<\/strong> autoris\u00e9e par le <strong>Conseil de s\u00fbret\u00e9 nucl\u00e9aire<\/strong> (CSN) pour la <strong>v\u00e9rification des appareils de mesure des radiations<\/strong>.[\/vc_column_text][vc_empty_space][\/vc_column_inner][\/vc_row_inner][vc_empty_space][vc_row_inner row_type=&#8221;row&#8221; type=&#8221;full_width&#8221; text_align=&#8221;left&#8221; css_animation=&#8221;&#8221; css=&#8221;.vc_custom_1639742702193{padding-right: 0px !important;padding-left: 25px !important;background-color: #ffffff !important;}&#8221;][vc_column_inner][vc_empty_space][vc_column_text]<\/p>\n<h2 class=\"internas-titul\">V\u00e9rification des appareils de mesure des rayonnements<\/h2>\n<div class=\"wpb_text_column wpb_content_element \">\n<div class=\"wpb_wrapper\">\n<p>Une autre activit\u00e9 men\u00e9e par l&#8217;installation radioactive <strong>du PCD<\/strong> est la <strong>v\u00e9rification des appareils de mesure des radiations<\/strong>.<\/p>\n<p><strong>Les appareils de mesure des radiations sont utilis\u00e9s pour mesurer :<\/strong><\/p>\n<ul class=\"una-lista\">\n<li><i class=\"fa fa-arrow-circle-o-right\" aria-hidden=\"true\"><\/i> <strong>Niveaux de radiation dans une zone.<\/strong> Exemples de tels \u00e9quipements : moniteurs de rayonnement, radiom\u00e8tres, moniteurs de zone.<\/li>\n<li><i class=\"fa fa-arrow-circle-o-right\" aria-hidden=\"true\"><\/i> Dose re\u00e7ue par les <strong>travailleurs expos\u00e9s aux rayonnements ionisants<\/strong>. Les dosim\u00e8tres num\u00e9riques sont des exemples de ces \u00e9quipements.<\/li>\n<\/ul>\n<\/div>\n<\/div>\n<p>[\/vc_column_text][vc_empty_space][\/vc_column_inner][\/vc_row_inner][vc_row_inner row_type=&#8221;row&#8221; type=&#8221;full_width&#8221; text_align=&#8221;left&#8221; css_animation=&#8221;&#8221; css=&#8221;.vc_custom_1644230958459{margin-bottom: 0px !important;padding-right: 0px !important;padding-bottom: 0px !important;padding-left: 0px !important;background-color: #ffffff !important;}&#8221;][vc_column_inner css=&#8221;.vc_custom_1643712305357{padding-right: 0px !important;padding-left: 0px !important;}&#8221;][vc_gallery type=&#8221;image_grid&#8221; images=&#8221;56461,56463&#8243; img_size=&#8221;full&#8221; column_number=&#8221;2&#8243; grayscale=&#8221;no&#8221; images_space=&#8221;gallery_without_space&#8221;][\/vc_column_inner][\/vc_row_inner][\/vc_column][\/vc_row][vc_row css_animation=&#8221;&#8221; row_type=&#8221;row&#8221; use_row_as_full_screen_section=&#8221;no&#8221; type=&#8221;full_width&#8221; angled_section=&#8221;no&#8221; text_align=&#8221;left&#8221; background_image_as_pattern=&#8221;without_pattern&#8221;][vc_column][vc_empty_space height=&#8221;64px&#8221;][\/vc_column][\/vc_row]<\/p>\n<\/div>","protected":false},"excerpt":{"rendered":"<p>[vc_row css_animation=&#8221;&#8221; row_type=&#8221;row&#8221; use_row_as_full_screen_section=&#8221;no&#8221; type=&#8221;full_width&#8221; angled_section=&#8221;no&#8221; text_align=&#8221;left&#8221; background_image_as_pattern=&#8221;without_pattern&#8221;][vc_column width=&#8221;1\/4&#8243;][vc_raw_html]PGg1PkF1dHJlcyBzZXJ2aWNlcyBJTlNQRUNUSU9OPC9oNT4=[\/vc_raw_html][vc_separator type=&#8221;normal&#8221; color=&#8221;#bcbcbc&#8221; thickness=&#8221;1&#8243; transparency=&#8221;0.4&#8243;][vc_raw_html]JTNDdWwlMjBjbGFzcyUzRCUyMm1lbnUtbGF0ZXJhbCUyMiUzRSUwQSUzQ2xpJTIwY2xhc3MlM0QlMjJ2b2x2ZXIlMjIlM0UlM0NhJTIwaHJlZiUzRCUyMmh0dHBzJTNBJTJGJTJGc2Npc2EuZXMlMkZmciUyRmRlcGFydGVtZW50LWRlLWxhLXJhZGlvcHJvdGVjdGlvbiUyRiUyMiUzRSUzQ2klMjBjbGFzcyUzRCUyMmZhJTIwZmEtYmFja3dhcmQlMjIlMjBhcmlhLWhpZGRlbiUzRCUyMnRydWUlMjIlM0UlM0MlMkZpJTNFJTIwJTIwU0VSVklDRSUyMERFJTIwUkFESU9QUk9URUNUSU9OJTNDJTJGYSUzRSUzQyUyRmxpJTNFJTBBJTBBJTNDbGklM0UlM0NhJTIwaHJlZiUzRCUyMmh0dHBzJTNBJTJGJTJGc2Npc2EuZXMlMkZmciUyRmRlcGFydGVtZW50LWRlLWxhLXJhZGlvcHJvdGVjdGlvbiUyRnJlYWxpc2F0aW9uLWRlLXRlc3RzLWRldGFuY2hlaXRlLWRlcy1zb3VyY2VzLXJhZGlvYWN0aXZlcy1lbmNhcHN1bGVlcyUyRiUyMiUzRVRFU1QlMjBEJTI3JUMzJTg5VEFOQ0glQzMlODlJVCVDMyU4OSUyMERFUyUyMFNPVVJDRVMlMjBSQURJT0FDVElWRVMlMjBFTkNBUFNVTCVDMyU4OUVTJTNDJTJGYSUzRSUzQyUyRmxpJTNFJTBBJTNDbGklMjBjbGFzcyUzRCUyMnNpbi1lbmxhY2UlMjIlM0UlMjAlMjBWJUMzJTg5UklGSUNBVElPTiUyMERFUyUyMEFQUEFSRUlMUyUyMERFJTIwTUVTVVJFJTIwREVTJTIwUkFZT05ORU1FTlRTJTNDJTJGbGklM0UlMEElM0MlMkZ1bCUzRQ==[\/vc_raw_html][vc_empty_space][vc_raw_html]PGg1PkNvbnRhY3QgYXZlYyBub3VzPC9oNT4=[\/vc_raw_html][vc_separator type=&#8221;normal&#8221; color=&#8221;#bcbcbc&#8221; thickness=&#8221;1&#8243; transparency=&#8221;0.4&#8243;][vc_widget_sidebar sidebar_id=&#8221;sidebar-blog&#8221;][\/vc_column][vc_column width=&#8221;3\/4&#8243;][vc_row_inner row_type=&#8221;row&#8221; type=&#8221;full_width&#8221; text_align=&#8221;left&#8221; css_animation=&#8221;&#8221; css=&#8221;.vc_custom_1639654729177{background-color: #ffffff !important;}&#8221;][vc_column_inner css=&#8221;.vc_custom_1639654809595{padding-right: 45px !important;padding-left: 45px !important;background-color: #ffffff !important;}&#8221;][vc_column_text] V\u00e9rification des appareils de mesure des rayonnements Le SCI dispose d&#8217;une installation&#8230;<\/p>\n","protected":false},"author":1,"featured_media":0,"parent":58331,"menu_order":0,"comment_status":"closed","ping_status":"closed","template":"","meta":{"footnotes":""},"class_list":["post-58246","page","type-page","status-publish","hentry"],"_links":{"self":[{"href":"https:\/\/scisa.es\/fr\/wp-json\/wp\/v2\/pages\/58246","targetHints":{"allow":["GET"]}}],"collection":[{"href":"https:\/\/scisa.es\/fr\/wp-json\/wp\/v2\/pages"}],"about":[{"href":"https:\/\/scisa.es\/fr\/wp-json\/wp\/v2\/types\/page"}],"author":[{"embeddable":true,"href":"https:\/\/scisa.es\/fr\/wp-json\/wp\/v2\/users\/1"}],"replies":[{"embeddable":true,"href":"https:\/\/scisa.es\/fr\/wp-json\/wp\/v2\/comments?post=58246"}],"version-history":[{"count":0,"href":"https:\/\/scisa.es\/fr\/wp-json\/wp\/v2\/pages\/58246\/revisions"}],"up":[{"embeddable":true,"href":"https:\/\/scisa.es\/fr\/wp-json\/wp\/v2\/pages\/58331"}],"wp:attachment":[{"href":"https:\/\/scisa.es\/fr\/wp-json\/wp\/v2\/media?parent=58246"}],"curies":[{"name":"wp","href":"https:\/\/api.w.org\/{rel}","templated":true}]}}