{"id":58257,"date":"2021-12-16T09:51:46","date_gmt":"2021-12-16T09:51:46","guid":{"rendered":"https:\/\/scisa.es\/sci-renewables\/secteur-solaire\/"},"modified":"2023-01-23T15:18:13","modified_gmt":"2023-01-23T15:18:13","slug":"secteur-solaire","status":"publish","type":"page","link":"https:\/\/scisa.es\/fr\/sci-renewables\/secteur-solaire\/","title":{"rendered":"Secteur solaire"},"content":{"rendered":"<div class=\"wpb-content-wrapper\"><p>[vc_row css_animation=&#8221;&#8221; row_type=&#8221;row&#8221; use_row_as_full_screen_section=&#8221;no&#8221; type=&#8221;full_width&#8221; angled_section=&#8221;no&#8221; text_align=&#8221;left&#8221; background_image_as_pattern=&#8221;without_pattern&#8221;][vc_column width=&#8221;1\/4&#8243;][vc_raw_html]PGg1PkF1dHJlcyBzZXJ2aWNlcyBJTlNQRUNUSU9OPC9oNT4=[\/vc_raw_html][vc_separator type=&#8221;normal&#8221; color=&#8221;#bcbcbc&#8221; thickness=&#8221;1&#8243; transparency=&#8221;0.4&#8243;][vc_raw_html]JTNDdWwlMjBjbGFzcyUzRCUyMm1lbnUtbGF0ZXJhbCUyMiUzRSUwQSUzQ2xpJTIwY2xhc3MlM0QlMjJ2b2x2ZXIlMjIlM0UlM0NhJTIwaHJlZiUzRCUyMmh0dHBzJTNBJTJGJTJGc2Npc2EuZXMlMkZmciUyRnNjaS1yZW5ld2FibGVzJTJGJTIyJTNFJTNDaSUyMGNsYXNzJTNEJTIyZmElMjBmYS1iYWNrd2FyZCUyMiUyMGFyaWEtaGlkZGVuJTNEJTIydHJ1ZSUyMiUzRSUzQyUyRmklM0UlMjAlMjBTQ0klMjBSRU5FV0FCTEVTJTNDJTJGYSUzRSUzQyUyRmxpJTNFJTBBJTNDbGklM0UlM0NhJTIwaHJlZiUzRCUyMmh0dHBzJTNBJTJGJTJGc2Npc2EuZXMlMkZmciUyRnNjaS1yZW5ld2FibGVzJTJGc2VjdGV1ci1kZS1sZW5lcmdpZS1lb2xpZW5uZSUyRiUyMiUzRVNFQ1RFVVIlMjBWRU5UJTNDJTJGYSUzRSUzQyUyRmxpJTNFJTBBJTNDbGklMjBjbGFzcyUzRCUyMnNpbi1lbmxhY2UlMjIlM0VTRUNURVVSJTIwU09MQUlSRSUzQyUyRmxpJTNFJTBBJTNDbGklM0UlM0NhJTIwaHJlZiUzRCUyMmh0dHBzJTNBJTJGJTJGc2Npc2EuZXMlMkZmciUyRnNjaS1yZW5ld2FibGVzJTJGc2VjdGV1ci1kZS1saHlkcmF1bGlxdWUlMkYlMjIlM0VTRUNURVVSJTIwSFlEUkFVTElRVUUlM0MlMkZhJTNFJTNDJTJGbGklM0UlMEElM0NsaSUzRSUzQ2ElMjBocmVmJTNEJTIyaHR0cHMlM0ElMkYlMkZzY2lzYS5lcyUyRmZyJTJGc2NpLXJlbmV3YWJsZXMlMkZzZWN0ZXVyLWRlLWxoeWRyb2dlbmUlMkYlMjIlM0VTRUNURVVSJTIwREUlMjBMJTI3SFlEUk9HJUMzJTg4TkUlM0MlMkZhJTNFJTNDJTJGbGklM0UlMEElMEElM0MlMkZ1bCUzRQ==[\/vc_raw_html][vc_empty_space][vc_raw_html]PGg1PkNvbnRhY3QgYXZlYyBub3VzPC9oNT4=[\/vc_raw_html][vc_separator type=&#8221;normal&#8221; color=&#8221;#bcbcbc&#8221; thickness=&#8221;1&#8243; transparency=&#8221;0.4&#8243;][vc_widget_sidebar sidebar_id=&#8221;sidebar-blog&#8221;][\/vc_column][vc_column width=&#8221;3\/4&#8243;][vc_row_inner row_type=&#8221;row&#8221; type=&#8221;full_width&#8221; text_align=&#8221;left&#8221; css_animation=&#8221;&#8221; css=&#8221;.vc_custom_1659028498429{background-color: #ffffff !important;}&#8221; el_id=&#8221;inspection-du-tube-collecteur-dans-les-installations-thermo-solaires&#8221;][vc_column_inner css=&#8221;.vc_custom_1639654809595{padding-right: 45px !important;padding-left: 45px !important;background-color: #ffffff !important;}&#8221;][vc_column_text]<\/p>\n<h2 class=\"internas-titul\">Inspection du tube collecteur dans les centrales solaires thermiques<\/h2>\n<p><strong>SCI SA<\/strong> utilise un \u00e9quipement automatique \u00e0 chenilles \u00e0 rayons X pour inspecter les soudures du tube collecteur pendant la fabrication et l&#8217;assemblage du champ solaire et pendant les r\u00e9parations et les op\u00e9rations de maintenance ult\u00e9rieures.[\/vc_column_text][vc_empty_space][\/vc_column_inner][\/vc_row_inner][vc_row_inner row_type=&#8221;row&#8221; type=&#8221;full_width&#8221; text_align=&#8221;left&#8221; css_animation=&#8221;&#8221; css=&#8221;.vc_custom_1643712262796{padding-right: 0px !important;padding-left: 0px !important;}&#8221;][vc_column_inner css=&#8221;.vc_custom_1643712305357{padding-right: 0px !important;padding-left: 0px !important;}&#8221;][vc_single_image image=&#8221;56561&#8243; img_size=&#8221;full&#8221; alignment=&#8221;center&#8221; qode_css_animation=&#8221;&#8221; el_class=&#8221;imagen-grande&#8221;][\/vc_column_inner][\/vc_row_inner][vc_empty_space][vc_row_inner row_type=&#8221;row&#8221; type=&#8221;full_width&#8221; text_align=&#8221;left&#8221; css_animation=&#8221;&#8221; css=&#8221;.vc_custom_1659028514503{padding-right: 0px !important;padding-left: 25px !important;background-color: #ffffff !important;}&#8221; el_id=&#8221;inspection-et-essais-non-destructifs-dans-les-systemes-electriques&#8221;][vc_column_inner][vc_empty_space][vc_column_text]<\/p>\n<h2 class=\"internas-titul\">Inspection et essais non destructifs des syst\u00e8mes d&#8217;alimentation \u00e9lectrique<\/h2>\n<p><strong>SCI SA<\/strong> inspecte les composants, la tuyauterie et l&#8217;\u00e9quipement qui font partie du syst\u00e8me d&#8217;alimentation de la centrale solaire thermique au moyen d&#8217;essais non destructifs.<\/p>\n<p>Il utilise des contr\u00f4les non destructifs conventionnels (visuel, ressuage, magn\u00e9toscopie et radiographie conventionnelle) et des contr\u00f4les non destructifs avanc\u00e9s (radiographie num\u00e9rique, ultrasons enregistrables Pa+Tofd, etc.)<\/p>\n<p>[\/vc_column_text][vc_empty_space][\/vc_column_inner][\/vc_row_inner][vc_row_inner row_type=&#8221;row&#8221; type=&#8221;full_width&#8221; text_align=&#8221;left&#8221; css_animation=&#8221;&#8221; css=&#8221;.vc_custom_1643712262796{padding-right: 0px !important;padding-left: 0px !important;}&#8221;][vc_column_inner css=&#8221;.vc_custom_1643712305357{padding-right: 0px !important;padding-left: 0px !important;}&#8221;][vc_single_image image=&#8221;56565&#8243; img_size=&#8221;full&#8221; alignment=&#8221;center&#8221; qode_css_animation=&#8221;&#8221; el_class=&#8221;imagen-grande&#8221;][\/vc_column_inner][\/vc_row_inner][vc_empty_space][vc_row_inner row_type=&#8221;row&#8221; type=&#8221;full_width&#8221; text_align=&#8221;left&#8221; css_animation=&#8221;&#8221; css=&#8221;.vc_custom_1659028528950{padding-right: 0px !important;padding-left: 25px !important;background-color: #ffffff !important;}&#8221; el_id=&#8221;inspection-thermographique-de-l&#8217;etat-des-plaques-dans-les-installations-photovoltaiques&#8221;][vc_column_inner][vc_empty_space][vc_column_text]<\/p>\n<h2 class=\"internas-titul\">Inspection thermographique de l&#8217;\u00e9tat des panneaux dans les centrales photovolta\u00efques<\/h2>\n<p>Afin d&#8217;optimiser les performances des panneaux photovolta\u00efques <strong>, SCI SA<\/strong> utilise des \u00e9quipements thermo-graphiques pour inspecter les gradients de temp\u00e9rature qui pourraient indiquer un d\u00e9faut dans le panneau solaire.[\/vc_column_text][vc_empty_space][vc_single_image image=&#8221;56569&#8243; img_size=&#8221;full&#8221; qode_css_animation=&#8221;&#8221; el_class=&#8221;imagen-grande&#8221;][\/vc_column_inner][\/vc_row_inner][vc_empty_space][vc_row_inner row_type=&#8221;row&#8221; type=&#8221;full_width&#8221; text_align=&#8221;left&#8221; css_animation=&#8221;&#8221; css=&#8221;.vc_custom_1659028541176{padding-right: 0px !important;padding-left: 25px !important;background-color: #ffffff !important;}&#8221; el_id=&#8221;visite-reglementaire-des-installations-solaires-electriques&#8221;][vc_column_inner][vc_empty_space][vc_column_text]<\/p>\n<h2 class=\"internas-titul\">Contr\u00f4le r\u00e9glementaire des installations \u00e9lectriques<\/h2>\n<p>SCI SA est un <strong>Organisme de Contr\u00f4le Autoris\u00e9<\/strong> des Installations Electriques de Basse et Haute Tension et r\u00e9alise l&#8217;inspection r\u00e9glementaire des sous-stations \u00e9lectriques et des centres de transformation des centrales photovolta\u00efques sur tout le territoire espagnol, ainsi que les inspections p\u00e9riodiques de basse tension R.D.842\/2002.[\/vc_column_text][vc_empty_space][\/vc_column_inner][\/vc_row_inner][vc_row_inner row_type=&#8221;row&#8221; type=&#8221;full_width&#8221; text_align=&#8221;left&#8221; css_animation=&#8221;&#8221; css=&#8221;.vc_custom_1643712262796{padding-right: 0px !important;padding-left: 0px !important;}&#8221;][vc_column_inner css=&#8221;.vc_custom_1643712305357{padding-right: 0px !important;padding-left: 0px !important;}&#8221;][vc_single_image image=&#8221;56573&#8243; img_size=&#8221;full&#8221; alignment=&#8221;center&#8221; qode_css_animation=&#8221;&#8221; el_class=&#8221;imagen-grande&#8221;][\/vc_column_inner][\/vc_row_inner][\/vc_column][\/vc_row][vc_row css_animation=&#8221;&#8221; row_type=&#8221;row&#8221; use_row_as_full_screen_section=&#8221;no&#8221; type=&#8221;full_width&#8221; angled_section=&#8221;no&#8221; text_align=&#8221;left&#8221; background_image_as_pattern=&#8221;without_pattern&#8221;][vc_column][vc_empty_space height=&#8221;64px&#8221;][\/vc_column][\/vc_row]<\/p>\n<\/div>","protected":false},"excerpt":{"rendered":"<p>[vc_row css_animation=&#8221;&#8221; row_type=&#8221;row&#8221; use_row_as_full_screen_section=&#8221;no&#8221; type=&#8221;full_width&#8221; angled_section=&#8221;no&#8221; text_align=&#8221;left&#8221; background_image_as_pattern=&#8221;without_pattern&#8221;][vc_column width=&#8221;1\/4&#8243;][vc_raw_html]PGg1PkF1dHJlcyBzZXJ2aWNlcyBJTlNQRUNUSU9OPC9oNT4=[\/vc_raw_html][vc_separator type=&#8221;normal&#8221; color=&#8221;#bcbcbc&#8221; thickness=&#8221;1&#8243; transparency=&#8221;0.4&#8243;][vc_raw_html]JTNDdWwlMjBjbGFzcyUzRCUyMm1lbnUtbGF0ZXJhbCUyMiUzRSUwQSUzQ2xpJTIwY2xhc3MlM0QlMjJ2b2x2ZXIlMjIlM0UlM0NhJTIwaHJlZiUzRCUyMmh0dHBzJTNBJTJGJTJGc2Npc2EuZXMlMkZmciUyRnNjaS1yZW5ld2FibGVzJTJGJTIyJTNFJTNDaSUyMGNsYXNzJTNEJTIyZmElMjBmYS1iYWNrd2FyZCUyMiUyMGFyaWEtaGlkZGVuJTNEJTIydHJ1ZSUyMiUzRSUzQyUyRmklM0UlMjAlMjBTQ0klMjBSRU5FV0FCTEVTJTNDJTJGYSUzRSUzQyUyRmxpJTNFJTBBJTNDbGklM0UlM0NhJTIwaHJlZiUzRCUyMmh0dHBzJTNBJTJGJTJGc2Npc2EuZXMlMkZmciUyRnNjaS1yZW5ld2FibGVzJTJGc2VjdGV1ci1kZS1sZW5lcmdpZS1lb2xpZW5uZSUyRiUyMiUzRVNFQ1RFVVIlMjBWRU5UJTNDJTJGYSUzRSUzQyUyRmxpJTNFJTBBJTNDbGklMjBjbGFzcyUzRCUyMnNpbi1lbmxhY2UlMjIlM0VTRUNURVVSJTIwU09MQUlSRSUzQyUyRmxpJTNFJTBBJTNDbGklM0UlM0NhJTIwaHJlZiUzRCUyMmh0dHBzJTNBJTJGJTJGc2Npc2EuZXMlMkZmciUyRnNjaS1yZW5ld2FibGVzJTJGc2VjdGV1ci1kZS1saHlkcmF1bGlxdWUlMkYlMjIlM0VTRUNURVVSJTIwSFlEUkFVTElRVUUlM0MlMkZhJTNFJTNDJTJGbGklM0UlMEElM0NsaSUzRSUzQ2ElMjBocmVmJTNEJTIyaHR0cHMlM0ElMkYlMkZzY2lzYS5lcyUyRmZyJTJGc2NpLXJlbmV3YWJsZXMlMkZzZWN0ZXVyLWRlLWxoeWRyb2dlbmUlMkYlMjIlM0VTRUNURVVSJTIwREUlMjBMJTI3SFlEUk9HJUMzJTg4TkUlM0MlMkZhJTNFJTNDJTJGbGklM0UlMEElMEElM0MlMkZ1bCUzRQ==[\/vc_raw_html][vc_empty_space][vc_raw_html]PGg1PkNvbnRhY3QgYXZlYyBub3VzPC9oNT4=[\/vc_raw_html][vc_separator type=&#8221;normal&#8221; color=&#8221;#bcbcbc&#8221; thickness=&#8221;1&#8243; transparency=&#8221;0.4&#8243;][vc_widget_sidebar sidebar_id=&#8221;sidebar-blog&#8221;][\/vc_column][vc_column width=&#8221;3\/4&#8243;][vc_row_inner row_type=&#8221;row&#8221; type=&#8221;full_width&#8221; text_align=&#8221;left&#8221; css_animation=&#8221;&#8221; css=&#8221;.vc_custom_1659028498429{background-color: #ffffff !important;}&#8221; el_id=&#8221;inspection-du-tube-collecteur-dans-les-installations-thermo-solaires&#8221;][vc_column_inner css=&#8221;.vc_custom_1639654809595{padding-right: 45px !important;padding-left: 45px !important;background-color: #ffffff !important;}&#8221;][vc_column_text] Inspection du tube collecteur dans les centrales solaires thermiques SCI SA&#8230;<\/p>\n","protected":false},"author":1,"featured_media":0,"parent":58208,"menu_order":0,"comment_status":"closed","ping_status":"closed","template":"","meta":{"footnotes":""},"class_list":["post-58257","page","type-page","status-publish","hentry"],"_links":{"self":[{"href":"https:\/\/scisa.es\/fr\/wp-json\/wp\/v2\/pages\/58257","targetHints":{"allow":["GET"]}}],"collection":[{"href":"https:\/\/scisa.es\/fr\/wp-json\/wp\/v2\/pages"}],"about":[{"href":"https:\/\/scisa.es\/fr\/wp-json\/wp\/v2\/types\/page"}],"author":[{"embeddable":true,"href":"https:\/\/scisa.es\/fr\/wp-json\/wp\/v2\/users\/1"}],"replies":[{"embeddable":true,"href":"https:\/\/scisa.es\/fr\/wp-json\/wp\/v2\/comments?post=58257"}],"version-history":[{"count":0,"href":"https:\/\/scisa.es\/fr\/wp-json\/wp\/v2\/pages\/58257\/revisions"}],"up":[{"embeddable":true,"href":"https:\/\/scisa.es\/fr\/wp-json\/wp\/v2\/pages\/58208"}],"wp:attachment":[{"href":"https:\/\/scisa.es\/fr\/wp-json\/wp\/v2\/media?parent=58257"}],"curies":[{"name":"wp","href":"https:\/\/api.w.org\/{rel}","templated":true}]}}