{"id":58265,"date":"2021-12-16T09:25:39","date_gmt":"2021-12-16T09:25:39","guid":{"rendered":"https:\/\/scisa.es\/inspection\/equipement-sous-pression\/"},"modified":"2023-02-21T17:37:26","modified_gmt":"2023-02-21T17:37:26","slug":"equipement-sous-pression","status":"publish","type":"page","link":"https:\/\/scisa.es\/fr\/inspection\/equipement-sous-pression","title":{"rendered":"\u00c9quipement sous pression"},"content":{"rendered":"<div class=\"wpb-content-wrapper\"><p>[vc_row css_animation=&#8221;&#8221; row_type=&#8221;row&#8221; use_row_as_full_screen_section=&#8221;no&#8221; type=&#8221;full_width&#8221; angled_section=&#8221;no&#8221; text_align=&#8221;left&#8221; background_image_as_pattern=&#8221;without_pattern&#8221;][vc_column width=&#8221;1\/4&#8243;][vc_raw_html]PGg1PlTDqWzDqWNoYXJnZW1lbnRzPC9oNT4K[\/vc_raw_html][vc_separator type=&#8221;normal&#8221; color=&#8221;#bcbcbc&#8221; thickness=&#8221;1&#8243; transparency=&#8221;0.4&#8243;][vc_raw_html]JTNDYSUyMGNsYXNzJTNEJTIyZm9sbGV0by11bm8lMjIlMjBocmVmJTNEJTIyaHR0cHMlM0ElMkYlMkZzY2lzYS5lcyUyRndwLWNvbnRlbnQlMkZ1cGxvYWRzJTJGMjAyMiUyRjAyJTJGRXF1aXBvc2FQcmVzaW9uLnBkZiUyMiUyMHRhcmdldCUzRCUyMl9ibGFuayUyMiUzRSUzQ2RpdiUyMGNsYXNzJTNEJTIyZm9sbGV0byUyMiUzRSUwQSUzQ2ltZyUyMGNsYXNzJTNEJTIyaWNvbm8lMjIlMjBzcmMlM0QlMjJodHRwcyUzQSUyRiUyRnNjaXNhLmVzJTJGd3AtY29udGVudCUyRnVwbG9hZHMlMkYyMDIxJTJGMTIlMkZkb3dubG9hZC1maWxlLTEucG5nJTIyJTNFJTBBJTNDcCUyMGNsYXNzJTNEJTIydGV4dG8lMjIlM0VUJUMzJUE5bCVDMyVBOWNoYXJnZXIlMjBsYSUyMGZpY2hlJTIwdGVjaG5pcXVlJTNDJTJGcCUzRSUwQSUzQyUyRmRpdiUzRSUzQyUyRmElM0U=[\/vc_raw_html][vc_empty_space][vc_raw_html]PGg1PkF1dHJlcyBzZXJ2aWNlcyBkJ2luc3BlY3Rpb248L2g1Pg==[\/vc_raw_html][vc_separator type=&#8221;normal&#8221; color=&#8221;#bcbcbc&#8221; thickness=&#8221;1&#8243; transparency=&#8221;0.4&#8243;][vc_raw_html]PHVsIGNsYXNzPSJtZW51LWxhdGVyYWwiPgo8bGkgY2xhc3M9InZvbHZlciI+PGEgaHR0cHM6PSIiPjxpIGNsYXNzPSJmYSBmYS1iYWNrd2FyZCIgYXJpYS1oaWRkZW49InRydWUiPjwvaT4gIElOU1BFQ1RJT048L2E+PC9saT4KCjxsaT48YSBocmVmPSIjIj5FWEFNRU4gREVTIFBST0PDiURVUkVTIERFIFBST0RVQ1RJT04gRVQgREVTIFBMQU5TIERFUyBQT0lOVFMgRCdJTlNQRUNUSU9OPC9hPjwvbGk+CjxsaT48YSBocmVmPSIjIj5JTlNQRUNUSU9OIFLDiUdMRU1FTlRBSVJFPC9hPjwvbGk+CjxsaSBjbGFzcz0ic2luLWVubGFjZSI+TCdJTlNQRUNUSU9OIERFIExBIEZBQlJJQ0FUSU9OLCBEVSBNT05UQUdFIEVUIERFIEwnRU5UUkVUSUVOIERFUyDDiVFVSVBFTUVOVFM8L2xpPgoKPGxpPjxhIGhyZWY9IiMiPklOU1BFQ1RFVVJTIENFUlRJRknDiVMgQVBJIDY1MzwvYT48L2xpPgoKCjwvdWw+[\/vc_raw_html][vc_empty_space][vc_raw_html]PGg1PkNvbnRhY3QgYXZlYyBub3VzPC9oNT4=[\/vc_raw_html][vc_separator type=&#8221;normal&#8221; color=&#8221;#bcbcbc&#8221; thickness=&#8221;1&#8243; transparency=&#8221;0.4&#8243;][vc_widget_sidebar sidebar_id=&#8221;sidebar-blog&#8221;][\/vc_column][vc_column width=&#8221;3\/4&#8243;][vc_row_inner row_type=&#8221;row&#8221; type=&#8221;full_width&#8221; text_align=&#8221;left&#8221; css_animation=&#8221;&#8221; css=&#8221;.vc_custom_1639654729177{background-color: #ffffff !important;}&#8221;][vc_column_inner css=&#8221;.vc_custom_1639654809595{padding-right: 45px !important;padding-left: 45px !important;background-color: #ffffff !important;}&#8221;][vc_column_text]<\/p>\n<h2 class=\"internas-titul\">LES INSPECTIONS INITIALES ET P\u00c9RIODIQUES DES \u00c9QUIPEMENTS SOUS PRESSION<\/h2>\n<p><strong>Inspections initiales et p\u00e9riodiques des \u00e9quipements sous pression ainsi que des \u00e9quipements r\u00e9par\u00e9s, <\/strong> conform\u00e9ment aux dispositions du <a href=\"https:\/\/www.boe.es\/diario_boe\/txt.php?id=BOE-A-2021-16407\" target=\"_blank\" rel=\"noopener\">d\u00e9cret royal 809\/2021<\/a>. S&#8217;applique \u00e0 l&#8217;installation, au contr\u00f4le p\u00e9riodique et \u00e0 la modification des \u00e9quipements dont la pression maximale admissible est sup\u00e9rieure \u00e0 0,5 bar.[\/vc_column_text][vc_empty_space][\/vc_column_inner][\/vc_row_inner][vc_row_inner row_type=&#8221;row&#8221; type=&#8221;full_width&#8221; text_align=&#8221;left&#8221; css_animation=&#8221;&#8221; css=&#8221;.vc_custom_1639654729177{background-color: #ffffff !important;}&#8221;][vc_column_inner width=&#8221;1\/2&#8243; css=&#8221;.vc_custom_1644426112998{padding-top: 0px !important;padding-right: 45px !important;padding-left: 45px !important;background-color: #ffffff !important;}&#8221;][vc_column_text]Elle est compos\u00e9e des Instructions Techniques Compl\u00e9mentaires (ITC).[\/vc_column_text][vc_empty_space height=&#8221;15px&#8221;]<div class=\"q_icon_list\"><i class=\"qode_icon_font_awesome fa fa-check-circle-o qode-ili-icon-holder circle\" style=\"color: #dbae32;background-color: #ffffff;\" ><\/i><p style=\"font-size: 14px;\">ITC EP-1. Chaudi\u00e8res.<\/p><\/div><div class=\"q_icon_list\"><i class=\"qode_icon_font_awesome fa fa-check-circle-o qode-ili-icon-holder circle\" style=\"color: #dbae32;background-color: #ffffff;\" ><\/i><p style=\"font-size: 14px;\">ITC EP-2. Les centrales \u00e9lectriques.<\/p><\/div><div class=\"q_icon_list\"><i class=\"qode_icon_font_awesome fa fa-check-circle-o qode-ili-icon-holder circle\" style=\"color: #dbae32;background-color: #ffffff;\" ><\/i><p style=\"font-size: 14px;\">ITC EP-3. Raffineries de p\u00e9trole et usines p\u00e9trochimiques.<\/p><\/div><div class=\"q_icon_list\"><i class=\"qode_icon_font_awesome fa fa-check-circle-o qode-ili-icon-holder circle\" style=\"color: #dbae32;background-color: #ffffff;\" ><\/i><p style=\"font-size: 14px;\">ITC EP-4. R\u00e9servoirs cryog\u00e9niques.<\/p><\/div><div class=\"q_icon_list\"><i class=\"qode_icon_font_awesome fa fa-check-circle-o qode-ili-icon-holder circle\" style=\"color: #dbae32;background-color: #ffffff;\" ><\/i><p style=\"font-size: 14px;\">ITC EP-5. Bouteilles d&#039;appareils respiratoires autonomes.<\/p><\/div><div class=\"q_icon_list\"><i class=\"qode_icon_font_awesome fa fa-check-circle-o qode-ili-icon-holder circle\" style=\"color: #dbae32;background-color: #ffffff;\" ><\/i><p style=\"font-size: 14px;\">ITC EP-6. Appareils \u00e0 pression transportables.<\/p><\/div>[\/vc_column_inner][vc_column_inner width=&#8221;1\/2&#8243; css=&#8221;.vc_custom_1644426067299{padding-right: 0px !important;}&#8221;][vc_single_image image=&#8221;59562&#8243; img_size=&#8221;&#8221; qode_css_animation=&#8221;&#8221; css=&#8221;.vc_custom_1663863276185{padding-right: 0px !important;}&#8221; el_class=&#8221;ima-altura1&#8243;][\/vc_column_inner][\/vc_row_inner][vc_empty_space][vc_row_inner row_type=&#8221;row&#8221; type=&#8221;full_width&#8221; text_align=&#8221;left&#8221; css_animation=&#8221;&#8221; css=&#8221;.vc_custom_1639654729177{background-color: #ffffff !important;}&#8221;][vc_column_inner el_class=&#8221;.ocultar&#8221; css=&#8221;.vc_custom_1652182444844{padding-right: 45px !important;padding-left: 45px !important;background-color: #ffffff !important;}&#8221;][vc_column_text]<\/p>\n<h2 class=\"internas-titul\">PORT\u00c9E DES INSPECTIONS<\/h2>\n<p>La port\u00e9e des inspections des mat\u00e9riaux inspect\u00e9s peut varier en fonction du point du plan des points d&#8217;inspection applicable ; du d\u00e9but de la production (tra\u00e7abilit\u00e9 des mat\u00e9riaux), aux tests de performance ou aux inspections finales ; voici les points d&#8217;action que nous r\u00e9alisons essentiellement lors des inspections :[\/vc_column_text][vc_empty_space height=&#8221;15px&#8221;]<div class=\"q_icon_list\"><i class=\"qode_icon_font_awesome fa fa-check-circle-o qode-ili-icon-holder circle\" style=\"color: #dbae32;background-color: #ffffff;\" ><\/i><p style=\"font-size: 14px;\">Pr\u00e9sence d&#039;agr\u00e9ments de soudage.<\/p><\/div><div class=\"q_icon_list\"><i class=\"qode_icon_font_awesome fa fa-check-circle-o qode-ili-icon-holder circle\" style=\"color: #dbae32;background-color: #ffffff;\" ><\/i><p style=\"font-size: 14px;\">Contr\u00f4le visuel et dimensionnel.<\/p><\/div><div class=\"q_icon_list\"><i class=\"qode_icon_font_awesome fa fa-check-circle-o qode-ili-icon-holder circle\" style=\"color: #dbae32;background-color: #ffffff;\" ><\/i><p style=\"font-size: 14px;\">Pr\u00e9sence d&#039;\u00e9preuves hydrauliques.<\/p><\/div><div class=\"q_icon_list\"><i class=\"qode_icon_font_awesome fa fa-check-circle-o qode-ili-icon-holder circle\" style=\"color: #dbae32;background-color: #ffffff;\" ><\/i><p style=\"font-size: 14px;\">Inspection finale.<\/p><\/div><div class=\"q_icon_list\"><i class=\"qode_icon_font_awesome fa fa-check-circle-o qode-ili-icon-holder circle\" style=\"color: #dbae32;background-color: #ffffff;\" ><\/i><p style=\"font-size: 14px;\">Tests fonctionnels et FAT.<\/p><\/div><div class=\"q_icon_list\"><i class=\"qode_icon_font_awesome fa fa-check-circle-o qode-ili-icon-holder circle\" style=\"color: #dbae32;background-color: #ffffff;\" ><\/i><p style=\"font-size: 14px;\">Inspection du rev\u00eatement de surface.<\/p><\/div>[vc_column_text]Ces points sont compl\u00e9t\u00e9s par une v\u00e9rification de la bonne ex\u00e9cution des points pr\u00e9c\u00e9dents du plan d&#8217;inspection pour chaque \u00e9quipement.<br \/>\n[\/vc_column_text][\/vc_column_inner][\/vc_row_inner][vc_row_inner row_type=&#8221;row&#8221; type=&#8221;full_width&#8221; text_align=&#8221;left&#8221; css_animation=&#8221;&#8221; css=&#8221;.vc_custom_1644426595836{padding-right: 0px !important;padding-left: 0px !important;background-color: #ffffff !important;}&#8221;][vc_column_inner el_class=&#8221;.ocultar&#8221; css=&#8221;.vc_custom_1652182600657{padding-right: 0px !important;padding-left: 0px !important;background-color: #ffffff !important;}&#8221;][vc_single_image image=&#8221;56365&#8243; img_size=&#8221;full&#8221; alignment=&#8221;center&#8221; qode_css_animation=&#8221;&#8221; el_class=&#8221;imagen-grande,&#8221;][\/vc_column_inner][\/vc_row_inner][vc_empty_space][vc_row_inner row_type=&#8221;row&#8221; type=&#8221;full_width&#8221; text_align=&#8221;left&#8221; css_animation=&#8221;&#8221; css=&#8221;.vc_custom_1639654729177{background-color: #ffffff !important;}&#8221;][vc_column_inner el_class=&#8221;.ocultar&#8221; css=&#8221;.vc_custom_1652182604914{padding-top: 32px !important;padding-right: 45px !important;padding-left: 45px !important;}&#8221;][vc_column_text]<\/p>\n<h2 class=\"internas-titul\">SERVICES D&#8217;ACTIVATION<\/h2>\n<p>En outre, <strong>SCI<\/strong> fournit des services d&#8217;activation, en v\u00e9rifiant l&#8217;\u00e9tat de l&#8217;approvisionnement et en analysant les inconv\u00e9nients qui peuvent entra\u00eener un \u00e9ventuel retard dans la date de livraison, sans que cela n&#8217;ait d&#8217;incidence sur la qualit\u00e9 du produit final.[\/vc_column_text][\/vc_column_inner][\/vc_row_inner][vc_row_inner row_type=&#8221;row&#8221; type=&#8221;full_width&#8221; text_align=&#8221;left&#8221; css_animation=&#8221;&#8221; css=&#8221;.vc_custom_1644426595836{padding-right: 0px !important;padding-left: 0px !important;background-color: #ffffff !important;}&#8221;][vc_column_inner el_class=&#8221;.ocultar&#8221; css=&#8221;.vc_custom_1652182609416{padding-right: 0px !important;padding-left: 0px !important;background-color: #ffffff !important;}&#8221;][vc_single_image image=&#8221;56313&#8243; img_size=&#8221;full&#8221; qode_css_animation=&#8221;&#8221; el_class=&#8221;imagen-grande&#8221;][\/vc_column_inner][\/vc_row_inner][vc_empty_space][\/vc_column][\/vc_row][vc_row css_animation=&#8221;&#8221; row_type=&#8221;row&#8221; use_row_as_full_screen_section=&#8221;no&#8221; type=&#8221;full_width&#8221; angled_section=&#8221;no&#8221; text_align=&#8221;left&#8221; background_image_as_pattern=&#8221;without_pattern&#8221;][vc_column][vc_empty_space height=&#8221;64px&#8221;][\/vc_column][\/vc_row]<\/p>\n<\/div>","protected":false},"excerpt":{"rendered":"<p>[vc_row css_animation=&#8221;&#8221; row_type=&#8221;row&#8221; use_row_as_full_screen_section=&#8221;no&#8221; type=&#8221;full_width&#8221; angled_section=&#8221;no&#8221; text_align=&#8221;left&#8221; background_image_as_pattern=&#8221;without_pattern&#8221;][vc_column width=&#8221;1\/4&#8243;][vc_raw_html]PGg1PlTDqWzDqWNoYXJnZW1lbnRzPC9oNT4K[\/vc_raw_html][vc_separator type=&#8221;normal&#8221; color=&#8221;#bcbcbc&#8221; thickness=&#8221;1&#8243; transparency=&#8221;0.4&#8243;][vc_raw_html]JTNDYSUyMGNsYXNzJTNEJTIyZm9sbGV0by11bm8lMjIlMjBocmVmJTNEJTIyaHR0cHMlM0ElMkYlMkZzY2lzYS5lcyUyRndwLWNvbnRlbnQlMkZ1cGxvYWRzJTJGMjAyMiUyRjAyJTJGRXF1aXBvc2FQcmVzaW9uLnBkZiUyMiUyMHRhcmdldCUzRCUyMl9ibGFuayUyMiUzRSUzQ2RpdiUyMGNsYXNzJTNEJTIyZm9sbGV0byUyMiUzRSUwQSUzQ2ltZyUyMGNsYXNzJTNEJTIyaWNvbm8lMjIlMjBzcmMlM0QlMjJodHRwcyUzQSUyRiUyRnNjaXNhLmVzJTJGd3AtY29udGVudCUyRnVwbG9hZHMlMkYyMDIxJTJGMTIlMkZkb3dubG9hZC1maWxlLTEucG5nJTIyJTNFJTBBJTNDcCUyMGNsYXNzJTNEJTIydGV4dG8lMjIlM0VUJUMzJUE5bCVDMyVBOWNoYXJnZXIlMjBsYSUyMGZpY2hlJTIwdGVjaG5pcXVlJTNDJTJGcCUzRSUwQSUzQyUyRmRpdiUzRSUzQyUyRmElM0U=[\/vc_raw_html][vc_empty_space][vc_raw_html]PGg1PkF1dHJlcyBzZXJ2aWNlcyBkJ2luc3BlY3Rpb248L2g1Pg==[\/vc_raw_html][vc_separator type=&#8221;normal&#8221; color=&#8221;#bcbcbc&#8221; thickness=&#8221;1&#8243; transparency=&#8221;0.4&#8243;][vc_raw_html]PHVsIGNsYXNzPSJtZW51LWxhdGVyYWwiPgo8bGkgY2xhc3M9InZvbHZlciI+PGEgaHR0cHM6PSIiPjxpIGNsYXNzPSJmYSBmYS1iYWNrd2FyZCIgYXJpYS1oaWRkZW49InRydWUiPjwvaT4gIElOU1BFQ1RJT048L2E+PC9saT4KCjxsaT48YSBocmVmPSIjIj5FWEFNRU4gREVTIFBST0PDiURVUkVTIERFIFBST0RVQ1RJT04gRVQgREVTIFBMQU5TIERFUyBQT0lOVFMgRCdJTlNQRUNUSU9OPC9hPjwvbGk+CjxsaT48YSBocmVmPSIjIj5JTlNQRUNUSU9OIFLDiUdMRU1FTlRBSVJFPC9hPjwvbGk+CjxsaSBjbGFzcz0ic2luLWVubGFjZSI+TCdJTlNQRUNUSU9OIERFIExBIEZBQlJJQ0FUSU9OLCBEVSBNT05UQUdFIEVUIERFIEwnRU5UUkVUSUVOIERFUyDDiVFVSVBFTUVOVFM8L2xpPgoKPGxpPjxhIGhyZWY9IiMiPklOU1BFQ1RFVVJTIENFUlRJRknDiVMgQVBJIDY1MzwvYT48L2xpPgoKCjwvdWw+[\/vc_raw_html][vc_empty_space][vc_raw_html]PGg1PkNvbnRhY3QgYXZlYyBub3VzPC9oNT4=[\/vc_raw_html][vc_separator type=&#8221;normal&#8221; color=&#8221;#bcbcbc&#8221; thickness=&#8221;1&#8243; transparency=&#8221;0.4&#8243;][vc_widget_sidebar sidebar_id=&#8221;sidebar-blog&#8221;][\/vc_column][vc_column width=&#8221;3\/4&#8243;][vc_row_inner row_type=&#8221;row&#8221; type=&#8221;full_width&#8221; text_align=&#8221;left&#8221; css_animation=&#8221;&#8221; css=&#8221;.vc_custom_1639654729177{background-color: #ffffff !important;}&#8221;][vc_column_inner css=&#8221;.vc_custom_1639654809595{padding-right: 45px !important;padding-left: 45px !important;background-color: #ffffff !important;}&#8221;][vc_column_text] LES INSPECTIONS INITIALES ET P\u00c9RIODIQUES DES \u00c9QUIPEMENTS SOUS&#8230;<\/p>\n","protected":false},"author":1,"featured_media":0,"parent":58106,"menu_order":0,"comment_status":"closed","ping_status":"closed","template":"","meta":{"footnotes":""},"class_list":["post-58265","page","type-page","status-publish","hentry"],"_links":{"self":[{"href":"https:\/\/scisa.es\/fr\/wp-json\/wp\/v2\/pages\/58265","targetHints":{"allow":["GET"]}}],"collection":[{"href":"https:\/\/scisa.es\/fr\/wp-json\/wp\/v2\/pages"}],"about":[{"href":"https:\/\/scisa.es\/fr\/wp-json\/wp\/v2\/types\/page"}],"author":[{"embeddable":true,"href":"https:\/\/scisa.es\/fr\/wp-json\/wp\/v2\/users\/1"}],"replies":[{"embeddable":true,"href":"https:\/\/scisa.es\/fr\/wp-json\/wp\/v2\/comments?post=58265"}],"version-history":[{"count":0,"href":"https:\/\/scisa.es\/fr\/wp-json\/wp\/v2\/pages\/58265\/revisions"}],"up":[{"embeddable":true,"href":"https:\/\/scisa.es\/fr\/wp-json\/wp\/v2\/pages\/58106"}],"wp:attachment":[{"href":"https:\/\/scisa.es\/fr\/wp-json\/wp\/v2\/media?parent=58265"}],"curies":[{"name":"wp","href":"https:\/\/api.w.org\/{rel}","templated":true}]}}