{"id":58285,"date":"2021-12-16T09:23:17","date_gmt":"2021-12-16T09:23:17","guid":{"rendered":"https:\/\/scisa.es\/inspection\/pci-industrial\/"},"modified":"2023-02-21T17:38:03","modified_gmt":"2023-02-21T17:38:03","slug":"pci-industrial","status":"publish","type":"page","link":"https:\/\/scisa.es\/fr\/inspection\/pci-industrial","title":{"rendered":"PCI Industrial"},"content":{"rendered":"<div class=\"wpb-content-wrapper\"><p>[vc_row css_animation=&#8221;&#8221; row_type=&#8221;row&#8221; use_row_as_full_screen_section=&#8221;no&#8221; type=&#8221;full_width&#8221; angled_section=&#8221;no&#8221; text_align=&#8221;left&#8221; background_image_as_pattern=&#8221;without_pattern&#8221;][vc_column width=&#8221;1\/4&#8243;][vc_raw_html]PGg1PlTDqWzDqWNoYXJnZW1lbnRzPC9oNT4=[\/vc_raw_html][vc_separator type=&#8221;normal&#8221; color=&#8221;#bcbcbc&#8221; thickness=&#8221;1&#8243; transparency=&#8221;0.4&#8243;][vc_raw_html]JTNDYSUyMHRhcmdldCUzRCUyMl9ibGFuayUyMiUyMGNsYXNzJTNEJTIyZm9sbGV0by11bm8lMjIlMjBocmVmJTNEJTIyaHR0cHMlM0ElMkYlMkZzY2lzYS5lcyUyRndwLWNvbnRlbnQlMkZ1cGxvYWRzJTJGMjAyMiUyRjAyJTJGU2VndXJpZGFkLWNvbnRyYS1JbmNlbmRpb3MtZW4tbG9zLUVzdGFibGVjaW1pZW50b3MtSW5kdXN0cmlhbGVzLTEucGRmJTIyJTNFJTNDZGl2JTIwY2xhc3MlM0QlMjJmb2xsZXRvJTIyJTNFJTBBJTNDaW1nJTIwY2xhc3MlM0QlMjJpY29ubyUyMiUyMHNyYyUzRCUyMmh0dHBzJTNBJTJGJTJGc2Npc2EuZXMlMkZ3cC1jb250ZW50JTJGdXBsb2FkcyUyRjIwMjElMkYxMiUyRmRvd25sb2FkLWZpbGUtMS5wbmclMjIlM0UlMEElM0NwJTIwY2xhc3MlM0QlMjJ0ZXh0byUyMiUzRVQlQzMlQTlsJUMzJUE5Y2hhcmdlciUyMGxhJTIwZmljaGUlMjB0ZWNobmlxdWUlM0MlMkZwJTNFJTBBJTBBJTNDJTJGZGl2JTNFJTNDJTJGYSUzRQ==[\/vc_raw_html][vc_empty_space][vc_raw_html]PGg1PkF1dHJlcyBzZXJ2aWNlcyBkJ2luc3BlY3Rpb248L2g1Pg==[\/vc_raw_html][vc_separator type=&#8221;normal&#8221; color=&#8221;#bcbcbc&#8221; thickness=&#8221;1&#8243; transparency=&#8221;0.4&#8243;][vc_raw_html]JTNDdWwlMjBjbGFzcyUzRCUyMm1lbnUtbGF0ZXJhbCUyMiUzRSUwQSUzQ2xpJTIwY2xhc3MlM0QlMjJ2b2x2ZXIlMjIlM0UlM0NhJTIwaHJlZiUzRCUyMmh0dHBzJTNBJTJGJTJGc2Npc2EuZXMlMkZmciUyRmluc3BlY3Rpb24lMkYlMjIlM0UlM0NpJTIwY2xhc3MlM0QlMjJmYSUyMGZhLWJhY2t3YXJkJTIyJTIwYXJpYS1oaWRkZW4lM0QlMjJ0cnVlJTIyJTNFJTNDJTJGaSUzRSUyMCUyMElOU1BFQ1RJT04lM0MlMkZhJTNFJTNDJTJGbGklM0UlMEElMEElMEElMEElMEElMEElM0NsaSUzRSUzQ2ElMjBocmVmJTNEJTIyaHR0cHMlM0ElMkYlMkZzY2lzYS5lcyUyRmZyJTJGaW5zcGVjdGlvbiUyRmFzY2Vuc2V1cnMlMkYlMjIlM0VBc2NlbnNldXJzJTNDJTJGYSUzRSUzQyUyRmxpJTNFJTBBJTBBJTNDbGklM0UlM0NhJTIwaHJlZiUzRCUyMmh0dHBzJTNBJTJGJTJGc2Npc2EuZXMlMkZmciUyRmluc3BlY3Rpb24lMkZwY2ktbm9uLWluZHVzdHJpZWwlMkYlMjIlM0VQQ0klMjBOb24tSW5kdXN0cmllbCUzQyUyRmElM0UlM0MlMkZsaSUzRSUwQSUwQSUzQ2xpJTIwY2xhc3MlM0QlMjJzaW4tZW5sYWNlJTIyJTNFUENJJTIwSW5kdXN0cmlhbCUzQyUyRmxpJTNFJTBBJTBBJTNDbGklM0UlM0NhJTIwaHJlZiUzRCUyMmh0dHBzJTNBJTJGJTJGc2Npc2EuZXMlMkZmciUyRmluc3BlY3Rpb24lMkZjb21idXN0aWJsZXMtZ2F6ZXV4JTJGJTIyJTNFQ29tYnVzdGlibGVzJTIwZ2F6ZXV4JTNDJTJGYSUzRSUzQyUyRmxpJTNFJTBBJTBBJTNDbGklM0UlM0NhJTIwaHJlZiUzRCUyMmh0dHBzJTNBJTJGJTJGc2Npc2EuZXMlMkZmciUyRmluc3BlY3Rpb24lMkZncnVlcy1tb2JpbGVzLWV0LWF1dG9tb3RyaWNlcyUyRiUyMiUzRUdydWVzJTIwbW9iaWxlcyUyMGV0JTIwYXV0b21vdHJpY2VzJTNDJTJGYSUzRSUzQyUyRmxpJTNFJTBBJTBBJTNDbGklM0UlM0NhJTIwaHJlZiUzRCUyMmh0dHBzJTNBJTJGJTJGc2Npc2EuZXMlMkZmciUyRmluc3BlY3Rpb24lMkZpbnN0YWxsYXRpb25zLWVsZWN0cmlxdWVzLWJhc3NlLXRlbnNpb24lMkYlMjIlM0VJbnN0YWxsYXRpb25zJTIwJUMzJUE5bGVjdHJpcXVlcyUyMGJhc3NlJTIwdGVuc2lvbiUzQyUyRmElM0UlM0MlMkZsaSUzRSUwQSUwQSUzQ2xpJTNFJTNDYSUyMGhyZWYlM0QlMjJodHRwcyUzQSUyRiUyRnNjaXNhLmVzJTJGZnIlMkZpbnNwZWN0aW9uJTJGaW5zdGFsbGF0aW9ucy1lbGVjdHJpcXVlcy1oYXV0ZS10ZW5zaW9uJTJGJTIyJTNFSW5zdGFsbGF0aW9ucyUyMCVDMyVBOWxlY3RyaXF1ZXMlMjBoYXV0ZSUyMHRlbnNpb24lM0MlMkZhJTNFJTNDJTJGbGklM0UlMEElMEElM0NsaSUzRSUzQ2ElMjBocmVmJTNEJTIyaHR0cHMlM0ElMkYlMkZzY2lzYS5lcyUyRmZyJTJGaW5zcGVjdGlvbiUyRmVxdWlwZW1lbnQtc291cy1wcmVzc2lvbiUyRiUyMiUzRSVDMyU4OXF1aXBlbWVudCUyMHNvdXMlMjBwcmVzc2lvbiUzQyUyRmElM0UlM0MlMkZsaSUzRSUwQSUwQSUzQ2xpJTNFJTNDYSUyMGhyZWYlM0QlMjJodHRwcyUzQSUyRiUyRnNjaXNhLmVzJTJGZnIlMkZpbnNwZWN0aW9uJTJGaW5zdGFsbGF0aW9ucy1mcmlnb3JpZmlxdWVzJTJGJTIyJTNFSW5zdGFsbGF0aW9ucyUyMGZyaWdvcmlmaXF1ZXMlM0MlMkZhJTNFJTNDJTJGbGklM0UlMEElMEElM0NsaSUzRSUzQ2ElMjBocmVmJTNEJTIyaHR0cHMlM0ElMkYlMkZzY2lzYS5lcyUyRmZyJTJGaW5zcGVjdGlvbiUyRnByb2R1aXRzLWNoaW1pcXVlcyUyRiUyMiUzRVByb2R1aXRzJTIwY2hpbWlxdWVzJTNDJTJGYSUzRSUzQyUyRmxpJTNFJTBBJTBBJTNDbGklM0UlM0NhJTIwaHJlZiUzRCUyMmh0dHBzJTNBJTJGJTJGc2Npc2EuZXMlMkZmciUyRmluc3BlY3Rpb24lMkZpbnN0YWxsYXRpb25zLXBldHJvbGllcmVzJTJGJTIyJTNFSW5zdGFsbGF0aW9ucyUyMHAlQzMlQTl0cm9saSVDMyVBOHJlcyUzQyUyRmElM0UlM0MlMkZsaSUzRSUwQSUwQSUzQ2xpJTNFJTNDYSUyMGhyZWYlM0QlMjJodHRwcyUzQSUyRiUyRnNjaXNhLmVzJTJGZnIlMkZpbnNwZWN0aW9uJTJGdHJhbnNwb3J0LWRlLWxhdHAlMkYlMjIlM0VUcmFuc3BvcnQlMjBkZSUyMGwlMjdBVFAlM0MlMkZhJTNFJTNDJTJGbGklM0UlMEElMEElM0NsaSUzRSUzQ2ElMjBocmVmJTNEJTIyaHR0cHMlM0ElMkYlMkZzY2lzYS5lcyUyRmZyJTJGaW5zcGVjdGlvbiUyRmluc3RhbGxhdGlvbnMtdGhlcm1pcXVlcyUyRiUyMiUzRUluc3RhbGxhdGlvbnMlMjB0aGVybWlxdWVzJTNDJTJGYSUzRSUzQyUyRmxpJTNFJTBBJTBBJTNDJTJGdWwlM0U=[\/vc_raw_html][vc_empty_space][vc_raw_html]PGg1PkNvbnRhY3QgYXZlYyBub3VzPC9oNT4=[\/vc_raw_html][vc_separator type=&#8221;normal&#8221; color=&#8221;#bcbcbc&#8221; thickness=&#8221;1&#8243; transparency=&#8221;0.4&#8243;][vc_widget_sidebar sidebar_id=&#8221;sidebar-blog&#8221;][\/vc_column][vc_column width=&#8221;3\/4&#8243;][vc_row_inner row_type=&#8221;row&#8221; type=&#8221;full_width&#8221; text_align=&#8221;left&#8221; css_animation=&#8221;&#8221; css=&#8221;.vc_custom_1644423877831{padding-right: 0px !important;background-color: #ffffff !important;}&#8221;][vc_column_inner width=&#8221;1\/2&#8243; css=&#8221;.vc_custom_1639654809595{padding-right: 45px !important;padding-left: 45px !important;background-color: #ffffff !important;}&#8221;][vc_column_text]<\/p>\n<h2 class=\"internas-titul\">LA S\u00c9CURIT\u00c9 INCENDIE DANS LES \u00c9TABLISSEMENTS INDUSTRIELS<\/h2>\n<div class=\"wpb_text_column wpb_content_element \">\n<div class=\"wpb_wrapper\">\n<div class=\"wpb_text_column wpb_content_element \">\n<div class=\"wpb_wrapper\">\n<p><strong>S\u00e9curit\u00e9 incendie dans les \u00e9tablissements industriels<\/strong>, conform\u00e9ment aux dispositions du <a href=\"https:\/\/www.boe.es\/diario_boe\/txt.php?id=BOE-A-2004-21216\" target=\"_blank\" rel=\"noopener\">R.D. 2267\/2004<\/a>, selon les crit\u00e8res suivants :<\/p>\n<\/div>\n<\/div>\n<\/div>\n<\/div>\n<p>[\/vc_column_text][vc_empty_space height=&#8221;15px&#8221;]<div class=\"q_icon_list\"><i class=\"qode_icon_font_awesome fa fa-check-circle-o qode-ili-icon-holder circle\" style=\"color: #dbae32;background-color: #ffffff;\" ><\/i><p style=\"font-size: 14px;\">Tous les 5 ans dans les installations \u00e0 faible risque intrins\u00e8que.<\/p><\/div><div class=\"q_icon_list\"><i class=\"qode_icon_font_awesome fa fa-check-circle-o qode-ili-icon-holder circle\" style=\"color: #dbae32;background-color: #ffffff;\" ><\/i><p style=\"font-size: 14px;\">Tous les 3 ans dans les installations pr\u00e9sentant un risque intrins\u00e8que moyen.<\/p><\/div><div class=\"q_icon_list\"><i class=\"qode_icon_font_awesome fa fa-check-circle-o qode-ili-icon-holder circle\" style=\"color: #dbae32;background-color: #ffffff;\" ><\/i><p style=\"font-size: 14px;\">Tous les 2 ans dans les installations \u00e0 haut risque intrins\u00e8que.<\/p><\/div>[vc_empty_space][\/vc_column_inner][vc_column_inner width=&#8221;1\/2&#8243; css=&#8221;.vc_custom_1644423884245{padding-right: 0px !important;}&#8221;][vc_single_image image=&#8221;56341&#8243; img_size=&#8221;full&#8221; alignment=&#8221;center&#8221; qode_css_animation=&#8221;&#8221;][\/vc_column_inner][\/vc_row_inner][vc_empty_space][vc_row_inner row_type=&#8221;row&#8221; type=&#8221;full_width&#8221; text_align=&#8221;left&#8221; css_animation=&#8221;&#8221; css=&#8221;.vc_custom_1644423844490{padding-right: 0px !important;padding-left: 0px !important;}&#8221;][vc_column_inner css=&#8221;.vc_custom_1644423838514{padding-right: 0px !important;padding-left: 0px !important;}&#8221;][vc_single_image image=&#8221;56339&#8243; img_size=&#8221;full&#8221; alignment=&#8221;center&#8221; qode_css_animation=&#8221;&#8221; el_class=&#8221;imagen-grande&#8221;][\/vc_column_inner][\/vc_row_inner][\/vc_column][\/vc_row][vc_row css_animation=&#8221;&#8221; row_type=&#8221;row&#8221; use_row_as_full_screen_section=&#8221;no&#8221; type=&#8221;full_width&#8221; angled_section=&#8221;no&#8221; text_align=&#8221;left&#8221; background_image_as_pattern=&#8221;without_pattern&#8221;][vc_column][vc_empty_space height=&#8221;64px&#8221;][\/vc_column][\/vc_row][vc_row css_animation=&#8221;&#8221; row_type=&#8221;row&#8221; use_row_as_full_screen_section=&#8221;no&#8221; type=&#8221;full_width&#8221; angled_section=&#8221;no&#8221; text_align=&#8221;left&#8221; background_image_as_pattern=&#8221;without_pattern&#8221;][vc_column][vc_column_text]<\/p>\n<p>[\/vc_column_text][\/vc_column][\/vc_row]<\/p>\n<\/div>","protected":false},"excerpt":{"rendered":"<p>[vc_row css_animation=&#8221;&#8221; row_type=&#8221;row&#8221; use_row_as_full_screen_section=&#8221;no&#8221; type=&#8221;full_width&#8221; angled_section=&#8221;no&#8221; text_align=&#8221;left&#8221; background_image_as_pattern=&#8221;without_pattern&#8221;][vc_column width=&#8221;1\/4&#8243;][vc_raw_html]PGg1PlTDqWzDqWNoYXJnZW1lbnRzPC9oNT4=[\/vc_raw_html][vc_separator type=&#8221;normal&#8221; color=&#8221;#bcbcbc&#8221; thickness=&#8221;1&#8243; transparency=&#8221;0.4&#8243;][vc_raw_html]JTNDYSUyMHRhcmdldCUzRCUyMl9ibGFuayUyMiUyMGNsYXNzJTNEJTIyZm9sbGV0by11bm8lMjIlMjBocmVmJTNEJTIyaHR0cHMlM0ElMkYlMkZzY2lzYS5lcyUyRndwLWNvbnRlbnQlMkZ1cGxvYWRzJTJGMjAyMiUyRjAyJTJGU2VndXJpZGFkLWNvbnRyYS1JbmNlbmRpb3MtZW4tbG9zLUVzdGFibGVjaW1pZW50b3MtSW5kdXN0cmlhbGVzLTEucGRmJTIyJTNFJTNDZGl2JTIwY2xhc3MlM0QlMjJmb2xsZXRvJTIyJTNFJTBBJTNDaW1nJTIwY2xhc3MlM0QlMjJpY29ubyUyMiUyMHNyYyUzRCUyMmh0dHBzJTNBJTJGJTJGc2Npc2EuZXMlMkZ3cC1jb250ZW50JTJGdXBsb2FkcyUyRjIwMjElMkYxMiUyRmRvd25sb2FkLWZpbGUtMS5wbmclMjIlM0UlMEElM0NwJTIwY2xhc3MlM0QlMjJ0ZXh0byUyMiUzRVQlQzMlQTlsJUMzJUE5Y2hhcmdlciUyMGxhJTIwZmljaGUlMjB0ZWNobmlxdWUlM0MlMkZwJTNFJTBBJTBBJTNDJTJGZGl2JTNFJTNDJTJGYSUzRQ==[\/vc_raw_html][vc_empty_space][vc_raw_html]PGg1PkF1dHJlcyBzZXJ2aWNlcyBkJ2luc3BlY3Rpb248L2g1Pg==[\/vc_raw_html][vc_separator type=&#8221;normal&#8221; color=&#8221;#bcbcbc&#8221; thickness=&#8221;1&#8243; transparency=&#8221;0.4&#8243;][vc_raw_html]JTNDdWwlMjBjbGFzcyUzRCUyMm1lbnUtbGF0ZXJhbCUyMiUzRSUwQSUzQ2xpJTIwY2xhc3MlM0QlMjJ2b2x2ZXIlMjIlM0UlM0NhJTIwaHJlZiUzRCUyMmh0dHBzJTNBJTJGJTJGc2Npc2EuZXMlMkZmciUyRmluc3BlY3Rpb24lMkYlMjIlM0UlM0NpJTIwY2xhc3MlM0QlMjJmYSUyMGZhLWJhY2t3YXJkJTIyJTIwYXJpYS1oaWRkZW4lM0QlMjJ0cnVlJTIyJTNFJTNDJTJGaSUzRSUyMCUyMElOU1BFQ1RJT04lM0MlMkZhJTNFJTNDJTJGbGklM0UlMEElMEElMEElMEElMEElMEElM0NsaSUzRSUzQ2ElMjBocmVmJTNEJTIyaHR0cHMlM0ElMkYlMkZzY2lzYS5lcyUyRmZyJTJGaW5zcGVjdGlvbiUyRmFzY2Vuc2V1cnMlMkYlMjIlM0VBc2NlbnNldXJzJTNDJTJGYSUzRSUzQyUyRmxpJTNFJTBBJTBBJTNDbGklM0UlM0NhJTIwaHJlZiUzRCUyMmh0dHBzJTNBJTJGJTJGc2Npc2EuZXMlMkZmciUyRmluc3BlY3Rpb24lMkZwY2ktbm9uLWluZHVzdHJpZWwlMkYlMjIlM0VQQ0klMjBOb24tSW5kdXN0cmllbCUzQyUyRmElM0UlM0MlMkZsaSUzRSUwQSUwQSUzQ2xpJTIwY2xhc3MlM0QlMjJzaW4tZW5sYWNlJTIyJTNFUENJJTIwSW5kdXN0cmlhbCUzQyUyRmxpJTNFJTBBJTBBJTNDbGklM0UlM0NhJTIwaHJlZiUzRCUyMmh0dHBzJTNBJTJGJTJGc2Npc2EuZXMlMkZmciUyRmluc3BlY3Rpb24lMkZjb21idXN0aWJsZXMtZ2F6ZXV4JTJGJTIyJTNFQ29tYnVzdGlibGVzJTIwZ2F6ZXV4JTNDJTJGYSUzRSUzQyUyRmxpJTNFJTBBJTBBJTNDbGklM0UlM0NhJTIwaHJlZiUzRCUyMmh0dHBzJTNBJTJGJTJGc2Npc2EuZXMlMkZmciUyRmluc3BlY3Rpb24lMkZncnVlcy1tb2JpbGVzLWV0LWF1dG9tb3RyaWNlcyUyRiUyMiUzRUdydWVzJTIwbW9iaWxlcyUyMGV0JTIwYXV0b21vdHJpY2VzJTNDJTJGYSUzRSUzQyUyRmxpJTNFJTBBJTBBJTNDbGklM0UlM0NhJTIwaHJlZiUzRCUyMmh0dHBzJTNBJTJGJTJGc2Npc2EuZXMlMkZmciUyRmluc3BlY3Rpb24lMkZpbnN0YWxsYXRpb25zLWVsZWN0cmlxdWVzLWJhc3NlLXRlbnNpb24lMkYlMjIlM0VJbnN0YWxsYXRpb25zJTIwJUMzJUE5bGVjdHJpcXVlcyUyMGJhc3NlJTIwdGVuc2lvbiUzQyUyRmElM0UlM0MlMkZsaSUzRSUwQSUwQSUzQ2xpJTNFJTNDYSUyMGhyZWYlM0QlMjJodHRwcyUzQSUyRiUyRnNjaXNhLmVzJTJGZnIlMkZpbnNwZWN0aW9uJTJGaW5zdGFsbGF0aW9ucy1lbGVjdHJpcXVlcy1oYXV0ZS10ZW5zaW9uJTJGJTIyJTNFSW5zdGFsbGF0aW9ucyUyMCVDMyVBOWxlY3RyaXF1ZXMlMjBoYXV0ZSUyMHRlbnNpb24lM0MlMkZhJTNFJTNDJTJGbGklM0UlMEElMEElM0NsaSUzRSUzQ2ElMjBocmVmJTNEJTIyaHR0cHMlM0ElMkYlMkZzY2lzYS5lcyUyRmZyJTJGaW5zcGVjdGlvbiUyRmVxdWlwZW1lbnQtc291cy1wcmVzc2lvbiUyRiUyMiUzRSVDMyU4OXF1aXBlbWVudCUyMHNvdXMlMjBwcmVzc2lvbiUzQyUyRmElM0UlM0MlMkZsaSUzRSUwQSUwQSUzQ2xpJTNFJTNDYSUyMGhyZWYlM0QlMjJodHRwcyUzQSUyRiUyRnNjaXNhLmVzJTJGZnIlMkZpbnNwZWN0aW9uJTJGaW5zdGFsbGF0aW9ucy1mcmlnb3JpZmlxdWVzJTJGJTIyJTNFSW5zdGFsbGF0aW9ucyUyMGZyaWdvcmlmaXF1ZXMlM0MlMkZhJTNFJTNDJTJGbGklM0UlMEElMEElM0NsaSUzRSUzQ2ElMjBocmVmJTNEJTIyaHR0cHMlM0ElMkYlMkZzY2lzYS5lcyUyRmZyJTJGaW5zcGVjdGlvbiUyRnByb2R1aXRzLWNoaW1pcXVlcyUyRiUyMiUzRVByb2R1aXRzJTIwY2hpbWlxdWVzJTNDJTJGYSUzRSUzQyUyRmxpJTNFJTBBJTBBJTNDbGklM0UlM0NhJTIwaHJlZiUzRCUyMmh0dHBzJTNBJTJGJTJGc2Npc2EuZXMlMkZmciUyRmluc3BlY3Rpb24lMkZpbnN0YWxsYXRpb25zLXBldHJvbGllcmVzJTJGJTIyJTNFSW5zdGFsbGF0aW9ucyUyMHAlQzMlQTl0cm9saSVDMyVBOHJlcyUzQyUyRmElM0UlM0MlMkZsaSUzRSUwQSUwQSUzQ2xpJTNFJTNDYSUyMGhyZWYlM0QlMjJodHRwcyUzQSUyRiUyRnNjaXNhLmVzJTJGZnIlMkZpbnNwZWN0aW9uJTJGdHJhbnNwb3J0LWRlLWxhdHAlMkYlMjIlM0VUcmFuc3BvcnQlMjBkZSUyMGwlMjdBVFAlM0MlMkZhJTNFJTNDJTJGbGklM0UlMEElMEElM0NsaSUzRSUzQ2ElMjBocmVmJTNEJTIyaHR0cHMlM0ElMkYlMkZzY2lzYS5lcyUyRmZyJTJGaW5zcGVjdGlvbiUyRmluc3RhbGxhdGlvbnMtdGhlcm1pcXVlcyUyRiUyMiUzRUluc3RhbGxhdGlvbnMlMjB0aGVybWlxdWVzJTNDJTJGYSUzRSUzQyUyRmxpJTNFJTBBJTBBJTNDJTJGdWwlM0U=[\/vc_raw_html][vc_empty_space][vc_raw_html]PGg1PkNvbnRhY3QgYXZlYyBub3VzPC9oNT4=[\/vc_raw_html][vc_separator type=&#8221;normal&#8221; color=&#8221;#bcbcbc&#8221; thickness=&#8221;1&#8243; transparency=&#8221;0.4&#8243;][vc_widget_sidebar sidebar_id=&#8221;sidebar-blog&#8221;][\/vc_column][vc_column width=&#8221;3\/4&#8243;][vc_row_inner row_type=&#8221;row&#8221; type=&#8221;full_width&#8221; text_align=&#8221;left&#8221; css_animation=&#8221;&#8221; css=&#8221;.vc_custom_1644423877831{padding-right: 0px !important;background-color: #ffffff !important;}&#8221;][vc_column_inner width=&#8221;1\/2&#8243; css=&#8221;.vc_custom_1639654809595{padding-right: 45px !important;padding-left: 45px !important;background-color: #ffffff !important;}&#8221;][vc_column_text] LA S\u00c9CURIT\u00c9 INCENDIE DANS LES&#8230;<\/p>\n","protected":false},"author":1,"featured_media":0,"parent":58106,"menu_order":0,"comment_status":"closed","ping_status":"closed","template":"","meta":{"footnotes":""},"class_list":["post-58285","page","type-page","status-publish","hentry"],"_links":{"self":[{"href":"https:\/\/scisa.es\/fr\/wp-json\/wp\/v2\/pages\/58285","targetHints":{"allow":["GET"]}}],"collection":[{"href":"https:\/\/scisa.es\/fr\/wp-json\/wp\/v2\/pages"}],"about":[{"href":"https:\/\/scisa.es\/fr\/wp-json\/wp\/v2\/types\/page"}],"author":[{"embeddable":true,"href":"https:\/\/scisa.es\/fr\/wp-json\/wp\/v2\/users\/1"}],"replies":[{"embeddable":true,"href":"https:\/\/scisa.es\/fr\/wp-json\/wp\/v2\/comments?post=58285"}],"version-history":[{"count":0,"href":"https:\/\/scisa.es\/fr\/wp-json\/wp\/v2\/pages\/58285\/revisions"}],"up":[{"embeddable":true,"href":"https:\/\/scisa.es\/fr\/wp-json\/wp\/v2\/pages\/58106"}],"wp:attachment":[{"href":"https:\/\/scisa.es\/fr\/wp-json\/wp\/v2\/media?parent=58285"}],"curies":[{"name":"wp","href":"https:\/\/api.w.org\/{rel}","templated":true}]}}