{"id":58291,"date":"2021-11-29T11:07:29","date_gmt":"2021-11-29T11:07:29","guid":{"rendered":"https:\/\/scisa.es\/notre-entreprise\/"},"modified":"2024-02-20T13:05:51","modified_gmt":"2024-02-20T13:05:51","slug":"notre-entreprise","status":"publish","type":"page","link":"https:\/\/scisa.es\/fr\/notre-entreprise\/","title":{"rendered":"Notre entreprise"},"content":{"rendered":"<div class=\"wpb-content-wrapper\"><p>[vc_row css_animation=&#8221;&#8221; row_type=&#8221;row&#8221; use_row_as_full_screen_section=&#8221;no&#8221; type=&#8221;full_width&#8221; angled_section=&#8221;no&#8221; text_align=&#8221;left&#8221; background_image_as_pattern=&#8221;without_pattern&#8221;][vc_column width=&#8221;1\/4&#8243;][vc_raw_html]PGg1PlTDqWzDqWNoYXJnZW1lbnRzPC9oNT4=[\/vc_raw_html][vc_empty_space height=&#8221;20px&#8221;][vc_raw_html]JTNDYSUyMHRhcmdldCUzRCUyMl9ibGFuayUyMiUyMGNsYXNzJTNEJTIyZm9sbGV0by11bm8lMjIlMjBocmVmJTNEJTIyaHR0cHMlM0ElMkYlMkZzY2lzYS5lcyUyRndwLWNvbnRlbnQlMkZ1cGxvYWRzJTJGMjAyMiUyRjA1JTJGQ09ESUdPLUVUSUNPLVJFVjAwLnBkZiUyMiUzRSUzQ2RpdiUyMGNsYXNzJTNEJTIyZm9sbGV0byUyMiUzRSUwQSUzQ2ltZyUyMGNsYXNzJTNEJTIyaWNvbm8lMjIlMjBzcmMlM0QlMjJodHRwcyUzQSUyRiUyRnNjaXNhLmVzJTJGd3AtY29udGVudCUyRnVwbG9hZHMlMkYyMDIxJTJGMTIlMkZkb3dubG9hZC1maWxlLTEucG5nJTIyJTNFJTBBJTNDcCUyMGNsYXNzJTNEJTIydGV4dG8lMjIlM0VDb2RlJTIwZCUyNyVDMyVBOXRoaXF1ZSUzQyUyRnAlM0UlMEElM0MlMkZkaXYlM0UlM0MlMkZhJTNF[\/vc_raw_html][vc_raw_html]JTNDYSUyMHRhcmdldCUzRCUyMl9ibGFuayUyMiUyMGNsYXNzJTNEJTIyZm9sbGV0by11bm8lMjIlMjBocmVmJTNEJTIyaHR0cHMlM0ElMkYlMkZzY2lzYS5lcyUyRndwLWNvbnRlbnQlMkZ1cGxvYWRzJTJGMjAyNCUyRjAyJTJGMjAyNC1QT0xJVElDQV9TSUctQUVST19TQ0lfUkVWMDcucGRmJTIyJTNFJTNDZGl2JTIwY2xhc3MlM0QlMjJmb2xsZXRvJTIyJTNFJTBBJTNDaW1nJTIwY2xhc3MlM0QlMjJpY29ubyUyMiUyMHNyYyUzRCUyMmh0dHBzJTNBJTJGJTJGc2Npc2EuZXMlMkZ3cC1jb250ZW50JTJGdXBsb2FkcyUyRjIwMjElMkYxMiUyRmRvd25sb2FkLWZpbGUtMS5wbmclMjIlM0UlMEElM0NwJTIwY2xhc3MlM0QlMjJ0ZXh0byUyMiUzRVBvbGl0aXF1ZSUyMGR1JTIwc3lzdCVDMyVBOG1lJTIwaW50JUMzJUE5Z3IlQzMlQTklM0MlMkZwJTNFJTBBJTNDJTJGZGl2JTNFJTNDJTJGYSUzRQ==[\/vc_raw_html][vc_empty_space height=&#8221;50px&#8221;][vc_raw_html]PGg1PkNvbnRhY3QgYXZlYyBub3VzPC9oNT4=[\/vc_raw_html][vc_separator type=&#8221;normal&#8221; color=&#8221;#bcbcbc&#8221; thickness=&#8221;1&#8243; transparency=&#8221;0.4&#8243;][vc_widget_sidebar sidebar_id=&#8221;sidebar-blog&#8221;][\/vc_column][vc_column width=&#8221;3\/4&#8243;][vc_row_inner row_type=&#8221;row&#8221; type=&#8221;full_width&#8221; text_align=&#8221;left&#8221; css_animation=&#8221;&#8221; css=&#8221;.vc_custom_1639654729177{background-color: #ffffff !important;}&#8221;][vc_column_inner css=&#8221;.vc_custom_1639654809595{padding-right: 45px !important;padding-left: 45px !important;background-color: #ffffff !important;}&#8221;][vc_column_text]<\/p>\n<h2 class=\"internas-titul\">CONTR\u00d4LE ET INSPECTION DE LA SCI<\/h2>\n<p><a href=\"https:\/\/scisa.es\/fr\/\" target=\"_blank\" rel=\"noopener\">SCI<\/a> est une <strong>soci\u00e9t\u00e9 espagnole<\/strong> fond\u00e9e en 1985 qui se consacre \u00e0 l&#8217;<strong>inspection r\u00e9glementaire et industrielle<\/strong>, au <strong>contr\u00f4le de la qualit\u00e9<\/strong> et aux <strong>essais destructifs et non destructifs<\/strong>.<\/p>\n<p><strong>SCI<\/strong> est <strong>accr\u00e9dit\u00e9 selon la<\/strong> norme <strong>ISO 17.020<\/strong> <strong>relative \u00e0 l&#8217;\u00e9valuation de la conformit\u00e9<\/strong> des organismes d&#8217;inspection et selon la <strong>norme ISO 17.025<\/strong> relative aux laboratoires d&#8217;essai. Il est \u00e9galement certifi\u00e9 selon la norme <strong>ISO 14.001<\/strong> relative au management environnemental et selon la norme <strong>ISO 45001:2018<\/strong> relative au management de la sant\u00e9 et de la s\u00e9curit\u00e9 au travail.<\/p>\n<p>Les valeurs d&#8217;<strong>int\u00e9grit\u00e9<\/strong>, d&#8217;<strong>ind\u00e9pendance<\/strong> et de <strong>bonnes pratiques professionnelles<\/strong> sont appliqu\u00e9es dans toutes nos activit\u00e9s et services par les <strong>plus de 400 professionnels<\/strong> qui composent notre \u00e9quipe.[\/vc_column_text][vc_empty_space][\/vc_column_inner][\/vc_row_inner][vc_row_inner row_type=&#8221;row&#8221; type=&#8221;full_width&#8221; text_align=&#8221;left&#8221; css_animation=&#8221;&#8221; css=&#8221;.vc_custom_1643711721869{margin-top: 32px !important;background-color: #ffffff !important;}&#8221;][vc_column_inner css=&#8221;.vc_custom_1639654835560{padding-right: 45px !important;padding-left: 45px !important;}&#8221;][vc_empty_space][vc_column_text]<\/p>\n<p class=\"frase-uno\" style=\"text-align: center;\">&#8220;Notre vision pour l&#8217;avenir est de continuer \u00e0 \u00eatre une r\u00e9f\u00e9rence dans le secteur et d&#8217;\u00eatre reconnus pour notre rigueur technique et notre professionnalisme. C&#8217;est pourquoi nous travaillons \u00e0 promouvoir la formation continue de notre personnel et l&#8217;investissement en R&amp;D&amp;I, dans le but d&#8217;offrir des services innovants et toujours adapt\u00e9s aux besoins de nos clients&#8221;.<\/p>\n<p>[\/vc_column_text][vc_empty_space][\/vc_column_inner][\/vc_row_inner][vc_row_inner row_type=&#8221;row&#8221; type=&#8221;full_width&#8221; text_align=&#8221;left&#8221; css_animation=&#8221;&#8221; css=&#8221;.vc_custom_1643712262796{padding-right: 0px !important;padding-left: 0px !important;}&#8221;][vc_column_inner css=&#8221;.vc_custom_1643712305357{padding-right: 0px !important;padding-left: 0px !important;}&#8221;][vc_gallery type=&#8221;image_grid&#8221; images=&#8221;56773,56775,56777,56779&#8243; img_size=&#8221;270&#215;180&#8243; column_number=&#8221;4&#8243; grayscale=&#8221;yes&#8221; images_space=&#8221;gallery_without_space&#8221;][\/vc_column_inner][\/vc_row_inner][vc_empty_space][vc_row_inner row_type=&#8221;row&#8221; type=&#8221;full_width&#8221; text_align=&#8221;left&#8221; css_animation=&#8221;&#8221; css=&#8221;.vc_custom_1643711721869{margin-top: 32px !important;background-color: #ffffff !important;}&#8221;][vc_column_inner css=&#8221;.vc_custom_1639654835560{padding-right: 45px !important;padding-left: 45px !important;}&#8221;][vc_empty_space][vc_column_text]<\/p>\n<h2 class=\"internas-titul\">D\u00e9partements<\/h2>\n<p>[\/vc_column_text][vc_empty_space][qode_elements_holder number_of_columns=&#8221;two_columns&#8221;][qode_elements_holder_item advanced_animations=&#8221;no&#8221;][vc_raw_html]JTNDZGl2JTIwY2xhc3MlM0QlMjJlbXBsZW9zJTIyJTNFJTBBJTNDaW1nJTIwY2xhc3MlM0QlMjJjaXJjdWxvLWVtcGxlbyUyMiUyMHNyYyUzRCUyMmh0dHBzJTNBJTJGJTJGc2Npc2EuZXMlMkZ3cC1jb250ZW50JTJGdXBsb2FkcyUyRjIwMjIlMkYwMiUyRm1hcnRhLWxvcmVuem8tMy0xODB4MTgwLTEuanBnJTIyJTNFJTBBJTNDZGl2JTIwY2xhc3MlM0QlMjJzZXBhcmFkb3MlMjIlM0UlM0NwJTIwY2xhc3MlM0QlMjJjYXJnbyUyMiUzRVBERyUzQyUyRnAlM0UlMEElM0NwJTIwY2xhc3MlM0QlMjJub21icmUlMjIlM0VNYXJ0YSUyMExvcmVuem8lMjBNb3JhbnRlJTNDJTJGcCUzRSUwQSUzQ3AlMjBjbGFzcyUzRCUyMmVtYS1lbXBsZSUyMiUzRSUzQ2ElMjBocmVmJTNEJTIybWFpbHRvJTNBbWFydGEubG9yZW56byU0MHNjaXNhLmVzJTIyJTNFJTNDaSUyMGNsYXNzJTNEJTIyZmElMjBmYS1lbnZlbG9wZSUyMiUyMGFyaWEtaGlkZGVuJTNEJTIydHJ1ZSUyMiUzRSUzQyUyRmklM0UlMjAlMjBtYXJ0YS5sb3JlbnpvJTQwc2Npc2EuZXMlM0MlMkZhJTNFJTNDJTJGcCUzRSUwQSUzQ2RpdiUyMGNsYXNzJTNEJTIybGlua2VkaW4tZW1wbGUlMjIlM0UlM0NhJTIwaHJlZiUzRCUyMmh0dHBzJTNBJTJGJTJGd3d3LmxpbmtlZGluLmNvbSUyRmluJTJGbWFydGEtbG9yZW56by1tb3JhbnRlLWEwM2FiMTEyJTJGJTNGb3JpZ2luYWxTdWJkb21haW4lM0RlcyUyMiUyMHRhcmdldCUzRCUyMl9ibGFuayUyMiUzRSUzQ2klMjBjbGFzcyUzRCUyMmZhJTIwZmEtbGlua2VkaW4lMjIlMjBhcmlhLWhpZGRlbiUzRCUyMnRydWUlMjIlM0UlM0MlMkZpJTNFJTNDJTJGYSUzRSUzQyUyRmRpdiUzRSUzQyUyRmRpdiUzRSUwQSUzQyUyRmRpdiUzRQ==[\/vc_raw_html][\/qode_elements_holder_item][qode_elements_holder_item advanced_animations=&#8221;no&#8221;][vc_raw_html]JTNDZGl2JTIwY2xhc3MlM0QlMjJlbXBsZW9zJTIyJTNFJTBBJTNDaW1nJTIwY2xhc3MlM0QlMjJjaXJjdWxvLWVtcGxlbyUyMiUyMHNyYyUzRCUyMmh0dHBzJTNBJTJGJTJGc2Npc2EuZXMlMkZ3cC1jb250ZW50JTJGdXBsb2FkcyUyRjIwMjIlMkYwMiUyRnByZXNpZGVudGUxLmpwZyUyMiUzRSUwQSUzQ2RpdiUyMGNsYXNzJTNEJTIyc2VwYXJhZG9zJTIyJTNFJTNDcCUyMGNsYXNzJTNEJTIyY2FyZ28lMjIlM0VQUiVDMyU4OVNJREVOVCUzQyUyRnAlM0UlMEElM0NwJTIwY2xhc3MlM0QlMjJub21icmUlMjIlM0VNYW51ZWwlMjBMb3JlbnpvJTIwUiVDMyVCM2RlbmFzJTNDJTJGcCUzRSUwQSUwQSUzQyUyRmRpdiUzRSUwQSUzQyUyRmRpdiUzRQ==[\/vc_raw_html][\/qode_elements_holder_item][\/qode_elements_holder][vc_empty_space][vc_empty_space][qode_elements_holder number_of_columns=&#8221;three_columns&#8221;][qode_elements_holder_item advanced_animations=&#8221;no&#8221;][vc_raw_html]JTNDZGl2JTIwY2xhc3MlM0QlMjJlbXBsZW9zLXRyZXMlMjIlM0UlMEElM0NpbWclMjBjbGFzcyUzRCUyMmNpcmN1bG8tZW1wbGVvJTIyJTIwc3JjJTNEJTIyaHR0cHMlM0ElMkYlMkZzY2lzYS5lcyUyRndwLWNvbnRlbnQlMkZ1cGxvYWRzJTJGMjAyMiUyRjAyJTJGamF2aWVyLW1hY2lhcy5qcGclMjIlM0UlMEElM0NkaXYlMjBjbGFzcyUzRCUyMnNlcGFyYWRvcyUyMiUzRSUzQ3AlMjBjbGFzcyUzRCUyMmNhcmdvJTIyJTNFRElSRUNUSU9OJTIwVEVDSE5JUVVFJTNDJTJGcCUzRSUwQSUzQ3AlMjBjbGFzcyUzRCUyMm5vbWJyZSUyMiUzRUphdmllciUyME1hY2lhcyUzQyUyRnAlM0UlMEElM0NwJTIwY2xhc3MlM0QlMjJlbWEtZW1wbGUlMjIlM0UlM0NhJTIwaHJlZiUzRCUyMm1haWx0byUzQWphdmllci5tYWNpYXMlNDBzY2lzYS5lcyUyMiUzRSUzQ2klMjBjbGFzcyUzRCUyMmZhJTIwZmEtZW52ZWxvcGUlMjIlMjBhcmlhLWhpZGRlbiUzRCUyMnRydWUlMjIlM0UlM0MlMkZpJTNFJTIwJTIwamF2aWVyLm1hY2lhcyU0MHNjaXNhLmVzJTNDJTJGYSUzRSUzQyUyRnAlM0UlMEElM0NkaXYlMjBjbGFzcyUzRCUyMmxpbmtlZGluLWVtcGxlJTIyJTNFJTNDYSUyMGhyZWYlM0QlMjJodHRwcyUzQSUyRiUyRnd3dy5saW5rZWRpbi5jb20lMkZpbiUyRmphdmllci1tYWNpYXMtbWFsZG9uYWRvLTBiOTI4MjExMyUyRiUzRm9yaWdpbmFsU3ViZG9tYWluJTNEZXMlMjIlMjB0YXJnZXQlM0QlMjJfYmxhbmslMjIlM0UlM0NpJTIwY2xhc3MlM0QlMjJmYSUyMGZhLWxpbmtlZGluJTIyJTIwYXJpYS1oaWRkZW4lM0QlMjJ0cnVlJTIyJTNFJTNDJTJGaSUzRSUzQyUyRmElM0UlM0MlMkZkaXYlM0UlMEElM0MlMkZkaXYlM0UlMEElM0MlMkZkaXYlM0U=[\/vc_raw_html][\/qode_elements_holder_item][qode_elements_holder_item advanced_animations=&#8221;no&#8221;][vc_raw_html]JTNDZGl2JTIwY2xhc3MlM0QlMjJlbXBsZW9zLXRyZXMlMjIlM0UlMEElM0NpbWclMjBjbGFzcyUzRCUyMmNpcmN1bG8tZW1wbGVvJTIyJTIwc3JjJTNEJTIyaHR0cHMlM0ElMkYlMkZzY2lzYS5lcyUyRndwLWNvbnRlbnQlMkZ1cGxvYWRzJTJGMjAyMiUyRjAyJTJGY2FybG9zLWNlYnJlY29zLTEuanBnJTIyJTNFJTBBJTNDZGl2JTIwY2xhc3MlM0QlMjJzZXBhcmFkb3MlMjIlM0UlM0NwJTIwY2xhc3MlM0QlMjJjYXJnbyUyMiUzRUFEUkVTU0UlMjBQUk9GRVNTSU9OTkVMTEUlM0MlMkZwJTNFJTBBJTNDcCUyMGNsYXNzJTNEJTIybm9tYnJlJTIyJTNFQ2FybG9zJTIwQ2VicmVjb3MlM0MlMkZwJTNFJTBBJTNDcCUyMGNsYXNzJTNEJTIyZW1hLWVtcGxlJTIyJTNFJTNDYSUyMGhyZWYlM0QlMjJtYWlsdG8lM0FjYXJsb3MuY2VicmVjb3MlNDBzY2lzYS5lcyUyMiUzRSUzQ2klMjBjbGFzcyUzRCUyMmZhJTIwZmEtZW52ZWxvcGUlMjIlMjBhcmlhLWhpZGRlbiUzRCUyMnRydWUlMjIlM0UlM0MlMkZpJTNFJTIwJTIwY2FybG9zLmNlYnJlY29zJTQwc2Npc2EuZXMlM0MlMkZhJTNFJTNDJTJGcCUzRSUwQSUzQ2RpdiUyMGNsYXNzJTNEJTIybGlua2VkaW4tZW1wbGUlMjIlM0UlM0NhJTIwaHJlZiUzRCUyMmh0dHBzJTNBJTJGJTJGd3d3LmxpbmtlZGluLmNvbSUyRmluJTJGY2FybG9zY2VicmVjb3MlMkYlM0ZvcmlnaW5hbFN1YmRvbWFpbiUzRGVzJTIyJTIwdGFyZ2V0JTNEJTIyX2JsYW5rJTIyJTNFJTNDaSUyMGNsYXNzJTNEJTIyZmElMjBmYS1saW5rZWRpbiUyMiUyMGFyaWEtaGlkZGVuJTNEJTIydHJ1ZSUyMiUzRSUzQyUyRmklM0UlM0MlMkZhJTNFJTNDJTJGZGl2JTNFJTNDJTJGZGl2JTNFJTBBJTNDJTJGZGl2JTNF[\/vc_raw_html][\/qode_elements_holder_item][qode_elements_holder_item advanced_animations=&#8221;no&#8221;][vc_raw_html]JTNDZGl2JTIwY2xhc3MlM0QlMjJlbXBsZW9zLXRyZXMlMjIlM0UlMEElM0NpbWclMjBjbGFzcyUzRCUyMmNpcmN1bG8tZW1wbGVvJTIyJTIwc3JjJTNEJTIyaHR0cHMlM0ElMkYlMkZzY2lzYS5lcyUyRndwLWNvbnRlbnQlMkZ1cGxvYWRzJTJGMjAyMiUyRjAyJTJGanJpdmFzLnBuZyUyMiUzRSUwQSUzQ2RpdiUyMGNsYXNzJTNEJTIyc2VwYXJhZG9zJTIyJTNFJTNDcCUyMGNsYXNzJTNEJTIyY2FyZ28lMjIlM0VMRSUyMENPTU1FUkNFJTIwSU5URVJOQVRJT05BTCUzQyUyRnAlM0UlMEElM0NwJTIwY2xhc3MlM0QlMjJub21icmUlMjIlM0VKdWxpbyUyMFJpdmFzJTNDJTJGcCUzRSUwQSUzQ3AlMjBjbGFzcyUzRCUyMmVtYS1lbXBsZSUyMiUzRSUzQ2ElMjBocmVmJTNEJTIybWFpbHRvJTNBanVsaW8ucml2YXMlNDBzY2lzYS5lcyUyMiUzRSUzQ2klMjBjbGFzcyUzRCUyMmZhJTIwZmEtZW52ZWxvcGUlMjIlMjBhcmlhLWhpZGRlbiUzRCUyMnRydWUlMjIlM0UlM0MlMkZpJTNFJTIwJTIwanVsaW8ucml2YXMlNDBzY2lzYS5lcyUzQyUyRmElM0UlM0MlMkZwJTNFJTBBJTNDZGl2JTIwY2xhc3MlM0QlMjJsaW5rZWRpbi1lbXBsZSUyMiUzRSUzQ2ElMjBocmVmJTNEJTIyaHR0cHMlM0ElMkYlMkZ3d3cubGlua2VkaW4uY29tJTJGaW4lMkZqdWxpby1yaXZhcy1sZXdpY2t5JTJGJTIyJTIwdGFyZ2V0JTNEJTIyX2JsYW5rJTIyJTNFJTNDaSUyMGNsYXNzJTNEJTIyZmElMjBmYS1saW5rZWRpbiUyMiUyMGFyaWEtaGlkZGVuJTNEJTIydHJ1ZSUyMiUzRSUzQyUyRmklM0UlM0MlMkZhJTNFJTNDJTJGZGl2JTNFJTNDJTJGZGl2JTNFJTBBJTNDJTJGZGl2JTNF[\/vc_raw_html][\/qode_elements_holder_item][\/qode_elements_holder][vc_empty_space][vc_empty_space][qode_elements_holder number_of_columns=&#8221;three_columns&#8221;][qode_elements_holder_item advanced_animations=&#8221;no&#8221;][vc_raw_html]JTNDZGl2JTIwY2xhc3MlM0QlMjJlbXBsZW9zLXRyZXMlMjIlM0UlMEElM0NpbWclMjBjbGFzcyUzRCUyMmNpcmN1bG8tZW1wbGVvJTIyJTIwc3JjJTNEJTIyaHR0cHMlM0ElMkYlMkZzY2lzYS5lcyUyRndwLWNvbnRlbnQlMkZ1cGxvYWRzJTJGMjAyMiUyRjAyJTJGamF2aWVyLW1hY2lhcy5qcGclMjIlM0UlMEElM0NkaXYlMjBjbGFzcyUzRCUyMnNlcGFyYWRvcyUyMiUzRSUzQ3AlMjBjbGFzcyUzRCUyMmNhcmdvJTIyJTNFVEVTVFMlMjBOT04lMjBERVNUUlVDVElGUyUzQyUyRnAlM0UlMEElM0NwJTIwY2xhc3MlM0QlMjJub21icmUlMjIlM0VKYXZpZXIlMjBNYWNpYXMlM0MlMkZwJTNFJTBBJTNDcCUyMGNsYXNzJTNEJTIyZW1hLWVtcGxlJTIyJTNFJTNDYSUyMGhyZWYlM0QlMjJtYWlsdG8lM0FqYXZpZXIubWFjaWFzJTQwc2Npc2EuZXMlMjIlM0UlM0NpJTIwY2xhc3MlM0QlMjJmYSUyMGZhLWVudmVsb3BlJTIyJTIwYXJpYS1oaWRkZW4lM0QlMjJ0cnVlJTIyJTNFJTNDJTJGaSUzRSUyMCUyMGphdmllci5tYWNpYXMlNDBzY2lzYS5lcyUzQyUyRmElM0UlM0MlMkZwJTNFJTBBJTNDZGl2JTIwY2xhc3MlM0QlMjJsaW5rZWRpbi1lbXBsZSUyMiUzRSUzQ2ElMjBocmVmJTNEJTIyaHR0cHMlM0ElMkYlMkZ3d3cubGlua2VkaW4uY29tJTJGaW4lMkZqYXZpZXItbWFjaWFzLW1hbGRvbmFkby0wYjkyODIxMTMlMkYlM0ZvcmlnaW5hbFN1YmRvbWFpbiUzRGVzJTIyJTIwdGFyZ2V0JTNEJTIyX2JsYW5rJTIyJTNFJTNDaSUyMGNsYXNzJTNEJTIyZmElMjBmYS1saW5rZWRpbiUyMiUyMGFyaWEtaGlkZGVuJTNEJTIydHJ1ZSUyMiUzRSUzQyUyRmklM0UlM0MlMkZhJTNFJTNDJTJGZGl2JTNFJTBBJTNDJTJGZGl2JTNFJTBBJTNDJTJGZGl2JTNF[\/vc_raw_html][\/qode_elements_holder_item][qode_elements_holder_item advanced_animations=&#8221;no&#8221;][vc_raw_html]JTNDZGl2JTIwY2xhc3MlM0QlMjJlbXBsZW9zLXRyZXMlMjIlM0UlMEElM0NpbWclMjBjbGFzcyUzRCUyMmNpcmN1bG8tZW1wbGVvJTIyJTIwc3JjJTNEJTIyaHR0cHMlM0ElMkYlMkZzY2lzYS5lcyUyRndwLWNvbnRlbnQlMkZ1cGxvYWRzJTJGMjAyMiUyRjAyJTJGaWduYWNpby1nb256YWxlei5qcGclMjIlM0UlMEElM0NkaXYlMjBjbGFzcyUzRCUyMnNlcGFyYWRvcyUyMiUzRSUzQ3AlMjBjbGFzcyUzRCUyMmNhcmdvJTIyJTNFTEFCT1JBVE9JUkUlMjBNJUMzJTg5VEFMTFVSR0lRVUUlM0MlMkZwJTNFJTBBJTNDcCUyMGNsYXNzJTNEJTIybm9tYnJlJTIyJTNFSWduYWNpbyUyMEdvbnolQzMlQTFsZXolM0MlMkZwJTNFJTBBJTNDcCUyMGNsYXNzJTNEJTIyZW1hLWVtcGxlJTIyJTNFJTNDYSUyMGhyZWYlM0QlMjJtYWlsdG8lM0FpZ25hY2lvLmdvbnphbGVzJTQwc2Npc2EuZXMlMjIlM0UlM0NpJTIwY2xhc3MlM0QlMjJmYSUyMGZhLWVudmVsb3BlJTIyJTIwYXJpYS1oaWRkZW4lM0QlMjJ0cnVlJTIyJTNFJTNDJTJGaSUzRSUyMCUyMGlnbmFjaW8uZ29uemFsZXMlNDBzY2lzYS5lcyUzQyUyRmElM0UlM0MlMkZwJTNFJTBBJTNDZGl2JTIwY2xhc3MlM0QlMjJsaW5rZWRpbi1lbXBsZSUyMiUzRSUzQ2ElMjBocmVmJTNEJTIyaHR0cHMlM0ElMkYlMkZ3d3cubGlua2VkaW4uY29tJTJGaW4lMkZpZ25hY2lvLWdvbnolQzMlQTFsZXotYmFyYmVyby0xMjc1YTYxMTklMkYlM0ZvcmlnaW5hbFN1YmRvbWFpbiUzRGVzJTIyJTIwdGFyZ2V0JTNEJTIyX2JsYW5rJTIyJTNFJTNDaSUyMGNsYXNzJTNEJTIyZmElMjBmYS1saW5rZWRpbiUyMiUyMGFyaWEtaGlkZGVuJTNEJTIydHJ1ZSUyMiUzRSUzQyUyRmklM0UlM0MlMkZhJTNFJTNDJTJGZGl2JTNFJTNDJTJGZGl2JTNFJTBBJTNDJTJGZGl2JTNF[\/vc_raw_html][\/qode_elements_holder_item][qode_elements_holder_item advanced_animations=&#8221;no&#8221;][vc_raw_html]JTNDZGl2JTIwY2xhc3MlM0QlMjJlbXBsZW9zLXRyZXMlMjIlM0UlMEElM0NpbWclMjBjbGFzcyUzRCUyMmNpcmN1bG8tZW1wbGVvJTIyJTIwc3JjJTNEJTIyaHR0cHMlM0ElMkYlMkZzY2lzYS5lcyUyRndwLWNvbnRlbnQlMkZ1cGxvYWRzJTJGMjAyMiUyRjAyJTJGd2lsbHlhbS1jb3JiZXR0LmpwZyUyMiUzRSUwQSUzQ2RpdiUyMGNsYXNzJTNEJTIyc2VwYXJhZG9zJTIyJTNFJTNDcCUyMGNsYXNzJTNEJTIyY2FyZ28lMjIlM0VJTlNQRUNUSU9OJTNDJTJGcCUzRSUwQSUzQ3AlMjBjbGFzcyUzRCUyMm5vbWJyZSUyMiUzRVdpbGxpYW0lMjBDb3JiZXR0JTNDJTJGcCUzRSUwQSUzQ3AlMjBjbGFzcyUzRCUyMmVtYS1lbXBsZSUyMiUzRSUzQ2ElMjBocmVmJTNEJTIybWFpbHRvJTNBd2lsbGlhbS5jb3JiZXR0JTQwc2Npc2EuZXMlMjIlM0UlM0NpJTIwY2xhc3MlM0QlMjJmYSUyMGZhLWVudmVsb3BlJTIyJTIwYXJpYS1oaWRkZW4lM0QlMjJ0cnVlJTIyJTNFJTNDJTJGaSUzRSUyMCUyMHdpbGxpYW0uY29yYmV0dCU0MHNjaXNhLmVzJTNDJTJGYSUzRSUzQyUyRnAlM0UlMEElM0NkaXYlMjBjbGFzcyUzRCUyMmxpbmtlZGluLWVtcGxlJTIyJTNFJTNDYSUyMGhyZWYlM0QlMjJodHRwcyUzQSUyRiUyRnd3dy5saW5rZWRpbi5jb20lMkZpbiUyRndpbGxpYW0tY29yYmV0dC1hMDcxNjQzNiUyRiUzRmxvY2FsZSUzRGVzX0VTJTIyJTIwdGFyZ2V0JTNEJTIyX2JsYW5rJTIyJTNFJTNDaSUyMGNsYXNzJTNEJTIyZmElMjBmYS1saW5rZWRpbiUyMiUyMGFyaWEtaGlkZGVuJTNEJTIydHJ1ZSUyMiUzRSUzQyUyRmklM0UlM0MlMkZhJTNFJTNDJTJGZGl2JTNFJTNDJTJGZGl2JTNFJTBBJTNDJTJGZGl2JTNF[\/vc_raw_html][\/qode_elements_holder_item][\/qode_elements_holder][vc_empty_space][vc_empty_space][qode_elements_holder number_of_columns=&#8221;three_columns&#8221;][qode_elements_holder_item advanced_animations=&#8221;no&#8221;][vc_raw_html]JTNDZGl2JTIwY2xhc3MlM0QlMjJlbXBsZW9zLXRyZXMlMjIlM0UlMEElM0NpbWclMjBjbGFzcyUzRCUyMmNpcmN1bG8tZW1wbGVvJTIyJTIwc3JjJTNEJTIyaHR0cHMlM0ElMkYlMkZzY2lzYS5lcyUyRndwLWNvbnRlbnQlMkZ1cGxvYWRzJTJGMjAyMiUyRjAyJTJGcm9iZXJ0by1nb256YWxlei1jYXJwaW8uanBnJTIyJTNFJTBBJTNDZGl2JTIwY2xhc3MlM0QlMjJzZXBhcmFkb3MlMjIlM0UlM0NwJTIwY2xhc3MlM0QlMjJjYXJnbyUyMiUzRUlOU1BFQ1RJT04lMjBSJUMzJTg5R0xFTUVOVEFJUkUlM0MlMkZwJTNFJTBBJTNDcCUyMGNsYXNzJTNEJTIybm9tYnJlJTIyJTNFUm9iZXJ0byUyMEdvbnolQzMlQTFsZXotQ2FycGlvJTNDJTJGcCUzRSUwQSUzQ3AlMjBjbGFzcyUzRCUyMmVtYS1lbXBsZSUyMiUzRSUzQ2ElMjBocmVmJTNEJTIybWFpbHRvJTNBcm9iZXJ0by5nb256JUMzJUExbGV6LWNhcnBpbyU0MHNjaXNhLmVzJTIyJTNFJTNDaSUyMGNsYXNzJTNEJTIyZmElMjBmYS1lbnZlbG9wZSUyMiUyMGFyaWEtaGlkZGVuJTNEJTIydHJ1ZSUyMiUzRSUzQyUyRmklM0UlMjAlMjByb2JlcnRvLmdvbnolQzMlQTFsZXotY2FycGlvJTQwc2Npc2EuZXMlM0MlMkZhJTNFJTNDJTJGcCUzRSUwQSUzQ2RpdiUyMGNsYXNzJTNEJTIybGlua2VkaW4tZW1wbGUlMjIlM0UlM0NhJTIwaHJlZiUzRCUyMmh0dHBzJTNBJTJGJTJGd3d3LmxpbmtlZGluLmNvbSUyRmluJTJGcm9iZXJ0by1nb256JUMzJUExbGV6LWNhcnBpby1wYXJlZGVzLTA0NzUyMzQ1JTJGJTNGb3JpZ2luYWxTdWJkb21haW4lM0RlcyUyMiUyMHRhcmdldCUzRCUyMl9ibGFuayUyMiUzRSUzQ2klMjBjbGFzcyUzRCUyMmZhJTIwZmEtbGlua2VkaW4lMjIlMjBhcmlhLWhpZGRlbiUzRCUyMnRydWUlMjIlM0UlM0MlMkZpJTNFJTNDJTJGYSUzRSUzQyUyRmRpdiUzRSUwQSUzQyUyRmRpdiUzRSUwQSUzQyUyRmRpdiUzRQ==[\/vc_raw_html][\/qode_elements_holder_item][qode_elements_holder_item advanced_animations=&#8221;no&#8221;][vc_raw_html]JTNDZGl2JTIwY2xhc3MlM0QlMjJlbXBsZW9zLXRyZXMlMjIlM0UlMEElM0NpbWclMjBjbGFzcyUzRCUyMmNpcmN1bG8tZW1wbGVvJTIyJTIwc3JjJTNEJTIyaHR0cHMlM0ElMkYlMkZzY2lzYS5lcyUyRndwLWNvbnRlbnQlMkZ1cGxvYWRzJTJGMjAyMiUyRjAyJTJGbWVyY2VkZXMuanBnJTIyJTNFJTBBJTNDZGl2JTIwY2xhc3MlM0QlMjJzZXBhcmFkb3MlMjIlM0UlM0NwJTIwY2xhc3MlM0QlMjJjYXJnbyUyMiUzRUxBJTIwUFJPVEVDVElPTiUyMENPTlRSRSUyMExFUyUyMFJBRElBVElPTlMlM0MlMkZwJTNFJTBBJTNDcCUyMGNsYXNzJTNEJTIybm9tYnJlJTIyJTNFTWVyY2VkZXMlMjBSb2RyaWd1ZXolM0MlMkZwJTNFJTBBJTNDcCUyMGNsYXNzJTNEJTIyZW1hLWVtcGxlJTIyJTNFJTNDYSUyMGhyZWYlM0QlMjJtYWlsdG8lM0FtZXJjZWRlcy5yb2RyaWd1ZXolNDBzY2lzYS5lcyUyMiUzRSUzQ2klMjBjbGFzcyUzRCUyMmZhJTIwZmEtZW52ZWxvcGUlMjIlMjBhcmlhLWhpZGRlbiUzRCUyMnRydWUlMjIlM0UlM0MlMkZpJTNFJTIwJTIwbWVyY2VkZXMucm9kcmlndWV6JTQwc2Npc2EuZXMlM0MlMkZhJTNFJTNDJTJGcCUzRSUwQSUzQ2RpdiUyMGNsYXNzJTNEJTIybGlua2VkaW4tZW1wbGUlMjIlM0UlM0NhJTIwaHJlZiUzRCUyMmh0dHBzJTNBJTJGJTJGd3d3LmxpbmtlZGluLmNvbSUyRmluJTJGbWVyY2VkZXMtcm9kciVDMyVBRGd1ZXotZmVybiVDMyVBMW5kZXotNDVhMzg2MTEzJTJGJTNGb3JpZ2luYWxTdWJkb21haW4lM0RlcyUyMiUyMHRhcmdldCUzRCUyMl9ibGFuayUyMiUzRSUzQ2klMjBjbGFzcyUzRCUyMmZhJTIwZmEtbGlua2VkaW4lMjIlMjBhcmlhLWhpZGRlbiUzRCUyMnRydWUlMjIlM0UlM0MlMkZpJTNFJTNDJTJGYSUzRSUzQyUyRmRpdiUzRSUzQyUyRmRpdiUzRSUwQSUzQyUyRmRpdiUzRQ==[\/vc_raw_html][\/qode_elements_holder_item][qode_elements_holder_item advanced_animations=&#8221;no&#8221;][vc_raw_html]JTNDZGl2JTIwY2xhc3MlM0QlMjJlbXBsZW9zLXRyZXMlMjIlM0UlMEElM0NpbWclMjBjbGFzcyUzRCUyMmNpcmN1bG8tZW1wbGVvJTIyJTIwc3JjJTNEJTIyaHR0cHMlM0ElMkYlMkZzY2lzYS5lcyUyRndwLWNvbnRlbnQlMkZ1cGxvYWRzJTJGMjAyMiUyRjAyJTJGamF2aWVyLW1hY2lhcy0xLmpwZyUyMiUzRSUwQSUzQ2RpdiUyMGNsYXNzJTNEJTIyc2VwYXJhZG9zJTIyJTNFJTNDcCUyMGNsYXNzJTNEJTIyY2FyZ28lMjIlM0VGT1JNQVRJT04lM0MlMkZwJTNFJTBBJTNDcCUyMGNsYXNzJTNEJTIybm9tYnJlJTIyJTNFSmF2aWVyJTIwTWFjaWFzJTNDJTJGcCUzRSUwQSUzQ3AlMjBjbGFzcyUzRCUyMmVtYS1lbXBsZSUyMiUzRSUzQ2ElMjBocmVmJTNEJTIybWFpbHRvJTNBamF2aWVyLm1hY2lhcyU0MHNjaXNhLmVzJTIyJTNFJTNDaSUyMGNsYXNzJTNEJTIyZmElMjBmYS1lbnZlbG9wZSUyMiUyMGFyaWEtaGlkZGVuJTNEJTIydHJ1ZSUyMiUzRSUzQyUyRmklM0UlMjAlMjBqYXZpZXIubWFjaWFzJTQwc2Npc2EuZXMlM0MlMkZhJTNFJTNDJTJGcCUzRSUwQSUzQ2RpdiUyMGNsYXNzJTNEJTIybGlua2VkaW4tZW1wbGUlMjIlM0UlM0NhJTIwaHJlZiUzRCUyMmh0dHBzJTNBJTJGJTJGd3d3LmxpbmtlZGluLmNvbSUyRmluJTJGamF2aWVyLW1hY2lhcy1tYWxkb25hZG8tMGI5MjgyMTEzJTJGJTNGb3JpZ2luYWxTdWJkb21haW4lM0RlcyUyMiUyMHRhcmdldCUzRCUyMl9ibGFuayUyMiUzRSUzQ2klMjBjbGFzcyUzRCUyMmZhJTIwZmEtbGlua2VkaW4lMjIlMjBhcmlhLWhpZGRlbiUzRCUyMnRydWUlMjIlM0UlM0MlMkZpJTNFJTNDJTJGYSUzRSUzQyUyRmRpdiUzRSUzQyUyRmRpdiUzRSUwQSUzQyUyRmRpdiUzRQ==[\/vc_raw_html][\/qode_elements_holder_item][\/qode_elements_holder][vc_empty_space][vc_empty_space][qode_elements_holder number_of_columns=&#8221;three_columns&#8221;][qode_elements_holder_item advanced_animations=&#8221;no&#8221;][vc_raw_html]JTNDZGl2JTIwY2xhc3MlM0QlMjJlbXBsZW9zLXRyZXMlMjIlM0UlMEElM0NpbWclMjBjbGFzcyUzRCUyMmNpcmN1bG8tZW1wbGVvJTIyJTIwc3JjJTNEJTIyaHR0cHMlM0ElMkYlMkZzY2lzYS5lcyUyRndwLWNvbnRlbnQlMkZ1cGxvYWRzJTJGMjAyMiUyRjAyJTJGTG1vbmZvcnQucG5nJTIyJTNFJTBBJTNDZGl2JTIwY2xhc3MlM0QlMjJzZXBhcmFkb3MlMjIlM0UlM0NwJTIwY2xhc3MlM0QlMjJjYXJnbyUyMiUzRURJUkVDVEVVUiUyMFRFQ0hOSVFVRSUyMERFJTIwTCUyN0VDVSUzQyUyRnAlM0UlMEElM0NwJTIwY2xhc3MlM0QlMjJub21icmUlMjIlM0VMdWNhcyUyME1vbmZvcnQlM0MlMkZwJTNFJTBBJTNDcCUyMGNsYXNzJTNEJTIyZW1hLWVtcGxlJTIyJTNFJTNDYSUyMGhyZWYlM0QlMjJtYWlsdG8lM0FsdWNhcy5tb25mb3J0JTQwc2Npc2EuZXMlMjIlM0UlM0NpJTIwY2xhc3MlM0QlMjJmYSUyMGZhLWVudmVsb3BlJTIyJTIwYXJpYS1oaWRkZW4lM0QlMjJ0cnVlJTIyJTNFJTNDJTJGaSUzRSUyMCUyMGx1Y2FzLm1vbmZvcnQlNDBzY2lzYS5lcyUzQyUyRmElM0UlM0MlMkZwJTNFJTBBJTNDZGl2JTIwY2xhc3MlM0QlMjJsaW5rZWRpbi1lbXBsZSUyMiUzRSUzQ2ElMjBocmVmJTNEJTIyaHR0cHMlM0ElMkYlMkZ3d3cubGlua2VkaW4uY29tJTJGaW4lMkZsdWNhcy1tb25mb3J0LXNhbmNoJUMzJUFEcy0yMjlhMzA1NCUyRiUyMiUyMHRhcmdldCUzRCUyMl9ibGFuayUyMiUzRSUzQ2klMjBjbGFzcyUzRCUyMmZhJTIwZmEtbGlua2VkaW4lMjIlMjBhcmlhLWhpZGRlbiUzRCUyMnRydWUlMjIlM0UlM0MlMkZpJTNFJTNDJTJGYSUzRSUzQyUyRmRpdiUzRSUwQSUzQyUyRmRpdiUzRSUwQSUzQyUyRmRpdiUzRQ==[\/vc_raw_html][vc_empty_space height=&#8221;60px&#8221;][vc_raw_html]PGgyIGNsYXNzPSJpbnRlcm5hcy10aXR1bCI+QVZFQyBRVUkgTk9VUyBUUkFWQUlMTE9OUzwvaDI+[\/vc_raw_html]<div class='qode_carousels_holder clearfix'><div class='qode_carousels' data-number-of-visible-items=''><ul class='slides'>Sorry, no posts matched your criteria.<\/ul><\/div><\/div>[\/qode_elements_holder_item][\/qode_elements_holder][vc_empty_space][\/vc_column_inner][\/vc_row_inner][\/vc_column][vc_column][\/vc_column][\/vc_row][vc_row css_animation=&#8221;&#8221; row_type=&#8221;row&#8221; use_row_as_full_screen_section=&#8221;no&#8221; type=&#8221;full_width&#8221; angled_section=&#8221;no&#8221; text_align=&#8221;left&#8221; background_image_as_pattern=&#8221;without_pattern&#8221;][vc_column][vc_empty_space height=&#8221;64px&#8221;][\/vc_column][\/vc_row][vc_row css_animation=&#8221;&#8221; row_type=&#8221;row&#8221; use_row_as_full_screen_section=&#8221;no&#8221; type=&#8221;full_width&#8221; angled_section=&#8221;no&#8221; text_align=&#8221;left&#8221; background_image_as_pattern=&#8221;without_pattern&#8221;][vc_column][\/vc_column][\/vc_row]<\/p>\n<\/div>","protected":false},"excerpt":{"rendered":"<p>[vc_row css_animation=&#8221;&#8221; row_type=&#8221;row&#8221; use_row_as_full_screen_section=&#8221;no&#8221; type=&#8221;full_width&#8221; angled_section=&#8221;no&#8221; text_align=&#8221;left&#8221; background_image_as_pattern=&#8221;without_pattern&#8221;][vc_column width=&#8221;1\/4&#8243;][vc_raw_html]PGg1PlTDqWzDqWNoYXJnZW1lbnRzPC9oNT4=[\/vc_raw_html][vc_empty_space height=&#8221;20px&#8221;][vc_raw_html]JTNDYSUyMHRhcmdldCUzRCUyMl9ibGFuayUyMiUyMGNsYXNzJTNEJTIyZm9sbGV0by11bm8lMjIlMjBocmVmJTNEJTIyaHR0cHMlM0ElMkYlMkZzY2lzYS5lcyUyRndwLWNvbnRlbnQlMkZ1cGxvYWRzJTJGMjAyMiUyRjA1JTJGQ09ESUdPLUVUSUNPLVJFVjAwLnBkZiUyMiUzRSUzQ2RpdiUyMGNsYXNzJTNEJTIyZm9sbGV0byUyMiUzRSUwQSUzQ2ltZyUyMGNsYXNzJTNEJTIyaWNvbm8lMjIlMjBzcmMlM0QlMjJodHRwcyUzQSUyRiUyRnNjaXNhLmVzJTJGd3AtY29udGVudCUyRnVwbG9hZHMlMkYyMDIxJTJGMTIlMkZkb3dubG9hZC1maWxlLTEucG5nJTIyJTNFJTBBJTNDcCUyMGNsYXNzJTNEJTIydGV4dG8lMjIlM0VDb2RlJTIwZCUyNyVDMyVBOXRoaXF1ZSUzQyUyRnAlM0UlMEElM0MlMkZkaXYlM0UlM0MlMkZhJTNF[\/vc_raw_html][vc_raw_html]JTNDYSUyMHRhcmdldCUzRCUyMl9ibGFuayUyMiUyMGNsYXNzJTNEJTIyZm9sbGV0by11bm8lMjIlMjBocmVmJTNEJTIyaHR0cHMlM0ElMkYlMkZzY2lzYS5lcyUyRndwLWNvbnRlbnQlMkZ1cGxvYWRzJTJGMjAyNCUyRjAyJTJGMjAyNC1QT0xJVElDQV9TSUctQUVST19TQ0lfUkVWMDcucGRmJTIyJTNFJTNDZGl2JTIwY2xhc3MlM0QlMjJmb2xsZXRvJTIyJTNFJTBBJTNDaW1nJTIwY2xhc3MlM0QlMjJpY29ubyUyMiUyMHNyYyUzRCUyMmh0dHBzJTNBJTJGJTJGc2Npc2EuZXMlMkZ3cC1jb250ZW50JTJGdXBsb2FkcyUyRjIwMjElMkYxMiUyRmRvd25sb2FkLWZpbGUtMS5wbmclMjIlM0UlMEElM0NwJTIwY2xhc3MlM0QlMjJ0ZXh0byUyMiUzRVBvbGl0aXF1ZSUyMGR1JTIwc3lzdCVDMyVBOG1lJTIwaW50JUMzJUE5Z3IlQzMlQTklM0MlMkZwJTNFJTBBJTNDJTJGZGl2JTNFJTNDJTJGYSUzRQ==[\/vc_raw_html][vc_empty_space height=&#8221;50px&#8221;][vc_raw_html]PGg1PkNvbnRhY3QgYXZlYyBub3VzPC9oNT4=[\/vc_raw_html][vc_separator type=&#8221;normal&#8221; color=&#8221;#bcbcbc&#8221; thickness=&#8221;1&#8243; transparency=&#8221;0.4&#8243;][vc_widget_sidebar sidebar_id=&#8221;sidebar-blog&#8221;][\/vc_column][vc_column width=&#8221;3\/4&#8243;][vc_row_inner row_type=&#8221;row&#8221; type=&#8221;full_width&#8221; text_align=&#8221;left&#8221; css_animation=&#8221;&#8221; css=&#8221;.vc_custom_1639654729177{background-color: #ffffff !important;}&#8221;][vc_column_inner css=&#8221;.vc_custom_1639654809595{padding-right: 45px !important;padding-left: 45px !important;background-color: #ffffff !important;}&#8221;][vc_column_text] CONTR\u00d4LE ET INSPECTION DE LA SCI SCI est une soci\u00e9t\u00e9 espagnole fond\u00e9e en 1985&#8230;<\/p>\n","protected":false},"author":1,"featured_media":0,"parent":0,"menu_order":0,"comment_status":"closed","ping_status":"closed","template":"","meta":{"footnotes":""},"class_list":["post-58291","page","type-page","status-publish","hentry"],"_links":{"self":[{"href":"https:\/\/scisa.es\/fr\/wp-json\/wp\/v2\/pages\/58291","targetHints":{"allow":["GET"]}}],"collection":[{"href":"https:\/\/scisa.es\/fr\/wp-json\/wp\/v2\/pages"}],"about":[{"href":"https:\/\/scisa.es\/fr\/wp-json\/wp\/v2\/types\/page"}],"author":[{"embeddable":true,"href":"https:\/\/scisa.es\/fr\/wp-json\/wp\/v2\/users\/1"}],"replies":[{"embeddable":true,"href":"https:\/\/scisa.es\/fr\/wp-json\/wp\/v2\/comments?post=58291"}],"version-history":[{"count":0,"href":"https:\/\/scisa.es\/fr\/wp-json\/wp\/v2\/pages\/58291\/revisions"}],"wp:attachment":[{"href":"https:\/\/scisa.es\/fr\/wp-json\/wp\/v2\/media?parent=58291"}],"curies":[{"name":"wp","href":"https:\/\/api.w.org\/{rel}","templated":true}]}}