{"id":58297,"date":"2021-11-29T11:11:16","date_gmt":"2021-11-29T11:11:16","guid":{"rendered":"https:\/\/scisa.es\/laboratoire-dessais-non-destructifs-et-de-metallurgie\/"},"modified":"2023-02-02T10:51:21","modified_gmt":"2023-02-02T10:51:21","slug":"controles-non-destructifs-et-laboratoire-de-metallurgie","status":"publish","type":"page","link":"https:\/\/scisa.es\/fr\/controles-non-destructifs-et-laboratoire-de-metallurgie","title":{"rendered":"Controles non destructifs et Laboratoire de Metallurgie"},"content":{"rendered":"<div class=\"wpb-content-wrapper\"><p>[vc_row css_animation=&#8221;&#8221; row_type=&#8221;row&#8221; use_row_as_full_screen_section=&#8221;no&#8221; type=&#8221;full_width&#8221; angled_section=&#8221;no&#8221; text_align=&#8221;left&#8221; background_image_as_pattern=&#8221;without_pattern&#8221;][vc_column width=&#8221;1\/4&#8243;][vc_raw_html]JTNDdWwlMjBjbGFzcyUzRCUyMm1lbnUtbGF0ZXJhbCUyMHByaW5jaXBhbCUyMiUzRSUwQSUzQ2xpJTNFJTNDYSUyMGhyZWYlM0QlMjIlMjNlc3NhaXMtbm9uLWRlc3RydWN0aWZzJTIyJTNFRXNzYWlzJTIwbm9uJTIwZGVzdHJ1Y3RpZnMlM0MlMkZhJTNFJTNDJTJGbGklM0UlMEElM0NsaSUzRSUzQ2ElMjBocmVmJTNEJTIyJTIzbGFib3JhdG9pcmUtbWV0YWxsdXJnaXF1ZSUyMiUzRUxhYm9yYXRvaXJlJTIwbSVDMyVBOXRhbGx1cmdpcXVlJTNDJTJGYSUzRSUzQyUyRmxpJTNFJTBBJTNDbGklM0UlM0NhJTIwaHJlZiUzRCUyMiUyM2xhYm9yYXRvaXJlLWQtZXRhbG9ubmFnZSUyMiUzRUxhYm9yYXRvaXJlJTIwZCUyNyVDMyVBOXRhbG9ubmFnZSUzQyUyRmElM0UlM0MlMkZsaSUzRSUwQSUzQyUyRnVsJTNFJTBB[\/vc_raw_html][vc_empty_space][vc_raw_html]PGg1PkNvbnRhY3QgYXZlYyBub3VzPC9oNT4=[\/vc_raw_html][vc_separator type=&#8221;normal&#8221; color=&#8221;#bcbcbc&#8221; thickness=&#8221;1&#8243; transparency=&#8221;0.4&#8243;][vc_widget_sidebar sidebar_id=&#8221;sidebar-blog&#8221;][\/vc_column][vc_column width=&#8221;3\/4&#8243;][vc_row_inner row_type=&#8221;row&#8221; type=&#8221;full_width&#8221; text_align=&#8221;left&#8221; css_animation=&#8221;&#8221; el_id=&#8221;essais-non-destructifs&#8221;][vc_column_inner][\/vc_column_inner][\/vc_row_inner][qode_elements_holder background_color=&#8221;#ffffff&#8221; number_of_columns=&#8221;two_columns&#8221; switch_to_one_column=&#8221;768&#8243; alignment_one_column=&#8221;center&#8221;][qode_elements_holder_item vertical_alignment=&#8221;middle&#8221; horizontal_alignment=&#8221;center&#8221; advanced_animations=&#8221;no&#8221;][vc_single_image image=&#8221;56097&#8243; img_size=&#8221;full&#8221; qode_css_animation=&#8221;&#8221; el_class=&#8221;altura-plis&#8221;][\/qode_elements_holder_item][qode_elements_holder_item vertical_alignment=&#8221;middle&#8221; advanced_animations=&#8221;no&#8221; item_padding=&#8221;35px 35px 15px 35px&#8221;][vc_column_text]<\/p>\n<h2 class=\"titulo-flecha\">TESTS NON DESTRUCTIFS<\/h2>\n<p>D\u00e8s le d\u00e9part, <a href=\"https:\/\/scisa.es\/fr\/\" target=\"_blank\" rel=\"noopener\">SCI<\/a> a concentr\u00e9 son activit\u00e9 sur les industries du gaz et de la p\u00e9trochimie, pour l&#8217;\u00e9tendre ensuite \u00e0 de nombreux autres secteurs industriels. Elle offre actuellement des services de <strong>contr\u00f4le non destructif<\/strong> dans une multitude de m\u00e9thodes et de techniques.<\/p>\n<div class=\"menu-caja\">\n<div><a href=\"https:\/\/scisa.es\/fr\/controles-non-destructifs-et-laboratoire-de-metallurgie\/essais-non-destructifs\/controles-par-radiographie-industrielle\">Essais de radiographie industrielle<\/a><\/div>\n<div><a href=\"https:\/\/scisa.es\/fr\/controles-non-destructifs-et-laboratoire-de-metallurgie\/essais-non-destructifs\/controles-par-ultrasons\">Essais par ultrasons<\/a><\/div>\n<div><a href=\"https:\/\/scisa.es\/fr\/controles-non-destructifs-et-laboratoire-de-metallurgie\/essais-non-destructifs\/controle-par-magnetoscopie\">Test de particules magn\u00e9tiques<\/a><\/div>\n<div><a href=\"https:\/\/scisa.es\/fr\/controles-non-destructifs-et-laboratoire-de-metallurgie\/essais-non-destructifs\/controle-par-ressuage\">Contr\u00f4le par ressuage<\/a><\/div>\n<div><a href=\"https:\/\/scisa.es\/fr\/controles-non-destructifs-et-laboratoire-de-metallurgie\/essais-non-destructifs\/essais-par-courants-de-foucault\">Essais par courants de Foucault<\/a><\/div>\n<div><a href=\"https:\/\/scisa.es\/fr\/controles-non-destructifs-et-laboratoire-de-metallurgie\/essais-non-destructifs\/test-de-fuite-a-lhelium\">Tests de fuite \u00e0 l&#8217;h\u00e9lium<\/a><\/div>\n<div><a href=\"https:\/\/scisa.es\/fr\/controles-non-destructifs-et-laboratoire-de-metallurgie\/essais-non-destructifs\/inspection-des-soudures-des-tours-eoliennes\"> Inspection des soudures des tours d&#8217;\u00e9oliennes<\/a><\/div>\n<div><a href=\"https:\/\/scisa.es\/fr\/controles-non-destructifs-et-laboratoire-de-metallurgie\/essais-non-destructifs\/inspection-des-soudures-des-tours-eoliennes\">Inspection ultrasonique de la corrosion<\/a><\/div>\n<div><a href=\"https:\/\/scisa.es\/fr\/controles-non-destructifs-et-laboratoire-de-metallurgie\/essais-non-destructifs\/autres-essais-non-destructifs\">Autres essais non destructifs<\/a><\/div>\n<div><a href=\"https:\/\/scisa.es\/fr\/controles-non-destructifs-et-laboratoire-de-metallurgie\/essais-non-destructifs\/essais-appliques-aux-pipelines-et-aux-grands-reservoirs-de-stockage\">Essais appliqu\u00e9s aux pipelines et aux grands r\u00e9servoirs de stockage<\/a><\/div>\n<\/div>\n<p>[\/vc_column_text][vc_empty_space]<a  itemprop=\"url\" href=\"https:\/\/scisa.es\/fr\/contact\/\" target=\"_self\" data-hover-border-color=\"#000000\" data-hover-color=\"#ffffff\" class=\"qbutton  medium white default derecha\" style=\"color: #000000; border-color: #757575; \">Contact avec nous<\/a>[vc_empty_space][\/qode_elements_holder_item][\/qode_elements_holder][vc_empty_space][vc_row_inner row_type=&#8221;row&#8221; type=&#8221;full_width&#8221; text_align=&#8221;left&#8221; css_animation=&#8221;&#8221; el_id=&#8221;laboratoire-metallurgique&#8221;][vc_column_inner][\/vc_column_inner][\/vc_row_inner][qode_elements_holder background_color=&#8221;#ffffff&#8221; number_of_columns=&#8221;two_columns&#8221; switch_to_one_column=&#8221;768&#8243; alignment_one_column=&#8221;center&#8221;][qode_elements_holder_item vertical_alignment=&#8221;middle&#8221; advanced_animations=&#8221;no&#8221; item_padding=&#8221;35px 35px 15px 35px&#8221;][vc_column_text]<\/p>\n<h2 class=\"titulo-flecha\">LABORATOIRE M\u00c9TALLURGIQUE<\/h2>\n<p>Chez <a href=\"https:\/\/scisa.es\/fr\/\" target=\"_blank\" rel=\"noopener\">SCI<\/a>, nous disposons d&#8217;un <strong>laboratoire m\u00e9tallurgique<\/strong> avanc\u00e9. Une r\u00e9f\u00e9rence nationale et internationale pour les diff\u00e9rents essais m\u00e9caniques, les analyses chimiques et les travaux de m\u00e9tallurgie que nous r\u00e9alisons chez <strong>SCI<\/strong>.<\/p>\n<p>Des laboratoires dirig\u00e9s par des professionnels <strong>exceptionnellement bien form\u00e9s<\/strong> et toujours \u00e0 l&#8217;aff\u00fbt des innovations dans le secteur. C&#8217;est une n\u00e9cessit\u00e9 pour une entreprise de r\u00e9f\u00e9rence comme la n\u00f4tre.<\/p>\n<div class=\"menu-caja\">\n<div><a href=\"https:\/\/scisa.es\/fr\/controles-non-destructifs-et-laboratoire-de-metallurgie\/laboratoire-de-metallurgie\/essais-mecaniques\">Essais m\u00e9caniques<\/a><\/div>\n<div><a href=\"https:\/\/scisa.es\/fr\/controles-non-destructifs-et-laboratoire-de-metallurgie\/laboratoire-de-metallurgie\/analyse-chimique\">Analyse chimique<\/a><\/div>\n<div><a href=\"https:\/\/scisa.es\/fr\/controles-non-destructifs-et-laboratoire-de-metallurgie\/laboratoire-de-metallurgie\/metallographie\">M\u00e9tallographie<\/a><\/div>\n<\/div>\n<p>[\/vc_column_text][vc_empty_space]<a  itemprop=\"url\" href=\"https:\/\/scisa.es\/fr\/contact\/\" target=\"_self\" data-hover-border-color=\"#000000\" data-hover-color=\"#ffffff\" class=\"qbutton  medium white default derecha\" style=\"color: #000000; border-color: #757575; \">Contact avec nous<\/a>[\/qode_elements_holder_item][qode_elements_holder_item vertical_alignment=&#8221;middle&#8221; horizontal_alignment=&#8221;center&#8221; advanced_animations=&#8221;no&#8221;][vc_single_image image=&#8221;56099&#8243; img_size=&#8221;full&#8221; qode_css_animation=&#8221;&#8221; el_class=&#8221;altura-plis&#8221;][\/qode_elements_holder_item][\/qode_elements_holder][vc_row_inner row_type=&#8221;row&#8221; type=&#8221;full_width&#8221; text_align=&#8221;left&#8221; css_animation=&#8221;&#8221; el_id=&#8221;laboratoire-d-etalonnage&#8221;][vc_column_inner][\/vc_column_inner][\/vc_row_inner][vc_empty_space][qode_elements_holder background_color=&#8221;#ffffff&#8221; number_of_columns=&#8221;two_columns&#8221; switch_to_one_column=&#8221;768&#8243; alignment_one_column=&#8221;center&#8221;][qode_elements_holder_item vertical_alignment=&#8221;middle&#8221; horizontal_alignment=&#8221;center&#8221; advanced_animations=&#8221;no&#8221;][vc_single_image image=&#8221;56103&#8243; img_size=&#8221;full&#8221; alignment=&#8221;center&#8221; qode_css_animation=&#8221;&#8221; css=&#8221;.vc_custom_1644923929439{background-position: center !important;background-repeat: no-repeat !important;background-size: cover !important;}&#8221; el_class=&#8221;altura-plis&#8221;][\/qode_elements_holder_item][qode_elements_holder_item vertical_alignment=&#8221;middle&#8221; advanced_animations=&#8221;no&#8221; item_padding=&#8221;35px 35px 15px 35px&#8221;][vc_column_text]<\/p>\n<h2 class=\"titulo-flecha\">LABORATOIRE DE CALIBRAGE<\/h2>\n<p><a href=\"https:\/\/scisa.es\/fr\/\"><br \/>\n<strong>SCI<\/strong><br \/>\n<\/a> dispose de laboratoires fixes et mobiles accr\u00e9dit\u00e9s par<strong> ENAC<\/strong> avec le num\u00e9ro d&#8217;accr\u00e9ditation <strong>266\/LC10.230<\/strong> pour l&#8217;\u00e9talonnage des instruments de pesage \u00e0 fonctionnement non automatique.<\/p>\n<p>L&#8217;<strong> \u00e9talonnage accr\u00e9dit\u00e9<\/strong> est reconnu au niveau international et offre \u00e0 nos clients la fiabilit\u00e9 et la s\u00e9curit\u00e9 des mesures et des pes\u00e9es qu&#8217;ils effectuent, ainsi que le respect des exigences des audits de qualit\u00e9 <strong>(ISO 9001 ou ISO 14001)<\/strong>.<\/p>\n<p><strong>\u00c9talonnage dans les installations du client, nous effectuons l&#8217;\u00e9talonnage de tous les types d&#8217;\u00e9quipement de pesage non automatique, tels que :<\/strong><\/p>\n<div class=\"dos-listas\">\n<p><i class=\"fa fa-circle\" aria-hidden=\"true\"><\/i> Balances analytiques <i class=\"fa fa-circle\" aria-hidden=\"true\"><\/i> Balances \u00e0 plate-forme <i class=\"fa fa-circle\" aria-hidden=\"true\"><\/i> Balances \u00e0 fort tonnage Crochets peseurs <i class=\"fa fa-circle\" aria-hidden=\"true\"><\/i> R\u00e9acteurs, tr\u00e9mies, etc.<\/p>\n<\/div>\n<div class=\"menu-caja\">\n<div><a href=\"https:\/\/scisa.es\/fr\/controles-non-destructifs-et-laboratoire-de-metallurgie\/laboratoire-detalonnage\">Laboratoire d&#8217;\u00e9talonnage<\/a><\/div>\n<\/div>\n<p>[\/vc_column_text]<a  itemprop=\"url\" href=\"https:\/\/scisa.es\/fr\/contact\/\" target=\"_self\" data-hover-border-color=\"#000000\" data-hover-color=\"#ffffff\" class=\"qbutton  medium white default derecha\" style=\"color: #000000; border-color: #757575; \">Contact avec nous<\/a>[\/qode_elements_holder_item][\/qode_elements_holder][vc_empty_space][\/vc_column][\/vc_row][vc_row css_animation=&#8221;&#8221; row_type=&#8221;row&#8221; use_row_as_full_screen_section=&#8221;no&#8221; type=&#8221;full_width&#8221; angled_section=&#8221;no&#8221; text_align=&#8221;left&#8221; background_image_as_pattern=&#8221;without_pattern&#8221;][vc_column][vc_empty_space height=&#8221;64px&#8221;][\/vc_column][\/vc_row]<\/p>\n<\/div>","protected":false},"excerpt":{"rendered":"<p>[vc_row css_animation=&#8221;&#8221; row_type=&#8221;row&#8221; use_row_as_full_screen_section=&#8221;no&#8221; type=&#8221;full_width&#8221; angled_section=&#8221;no&#8221; text_align=&#8221;left&#8221; background_image_as_pattern=&#8221;without_pattern&#8221;][vc_column width=&#8221;1\/4&#8243;][vc_raw_html]JTNDdWwlMjBjbGFzcyUzRCUyMm1lbnUtbGF0ZXJhbCUyMHByaW5jaXBhbCUyMiUzRSUwQSUzQ2xpJTNFJTNDYSUyMGhyZWYlM0QlMjIlMjNlc3NhaXMtbm9uLWRlc3RydWN0aWZzJTIyJTNFRXNzYWlzJTIwbm9uJTIwZGVzdHJ1Y3RpZnMlM0MlMkZhJTNFJTNDJTJGbGklM0UlMEElM0NsaSUzRSUzQ2ElMjBocmVmJTNEJTIyJTIzbGFib3JhdG9pcmUtbWV0YWxsdXJnaXF1ZSUyMiUzRUxhYm9yYXRvaXJlJTIwbSVDMyVBOXRhbGx1cmdpcXVlJTNDJTJGYSUzRSUzQyUyRmxpJTNFJTBBJTNDbGklM0UlM0NhJTIwaHJlZiUzRCUyMiUyM2xhYm9yYXRvaXJlLWQtZXRhbG9ubmFnZSUyMiUzRUxhYm9yYXRvaXJlJTIwZCUyNyVDMyVBOXRhbG9ubmFnZSUzQyUyRmElM0UlM0MlMkZsaSUzRSUwQSUzQyUyRnVsJTNFJTBB[\/vc_raw_html][vc_empty_space][vc_raw_html]PGg1PkNvbnRhY3QgYXZlYyBub3VzPC9oNT4=[\/vc_raw_html][vc_separator type=&#8221;normal&#8221; color=&#8221;#bcbcbc&#8221; thickness=&#8221;1&#8243; transparency=&#8221;0.4&#8243;][vc_widget_sidebar sidebar_id=&#8221;sidebar-blog&#8221;][\/vc_column][vc_column width=&#8221;3\/4&#8243;][vc_row_inner row_type=&#8221;row&#8221; type=&#8221;full_width&#8221; text_align=&#8221;left&#8221; css_animation=&#8221;&#8221; el_id=&#8221;essais-non-destructifs&#8221;][vc_column_inner][\/vc_column_inner][\/vc_row_inner][qode_elements_holder background_color=&#8221;#ffffff&#8221; number_of_columns=&#8221;two_columns&#8221; switch_to_one_column=&#8221;768&#8243; alignment_one_column=&#8221;center&#8221;][qode_elements_holder_item vertical_alignment=&#8221;middle&#8221; horizontal_alignment=&#8221;center&#8221; advanced_animations=&#8221;no&#8221;][vc_single_image image=&#8221;56097&#8243; img_size=&#8221;full&#8221; qode_css_animation=&#8221;&#8221; el_class=&#8221;altura-plis&#8221;][\/qode_elements_holder_item][qode_elements_holder_item vertical_alignment=&#8221;middle&#8221; advanced_animations=&#8221;no&#8221; item_padding=&#8221;35px 35px 15px 35px&#8221;][vc_column_text] TESTS NON DESTRUCTIFS D\u00e8s le d\u00e9part, SCI a&#8230;<\/p>\n","protected":false},"author":1,"featured_media":56773,"parent":0,"menu_order":0,"comment_status":"closed","ping_status":"closed","template":"","meta":{"footnotes":""},"class_list":["post-58297","page","type-page","status-publish","has-post-thumbnail","hentry"],"_links":{"self":[{"href":"https:\/\/scisa.es\/fr\/wp-json\/wp\/v2\/pages\/58297","targetHints":{"allow":["GET"]}}],"collection":[{"href":"https:\/\/scisa.es\/fr\/wp-json\/wp\/v2\/pages"}],"about":[{"href":"https:\/\/scisa.es\/fr\/wp-json\/wp\/v2\/types\/page"}],"author":[{"embeddable":true,"href":"https:\/\/scisa.es\/fr\/wp-json\/wp\/v2\/users\/1"}],"replies":[{"embeddable":true,"href":"https:\/\/scisa.es\/fr\/wp-json\/wp\/v2\/comments?post=58297"}],"version-history":[{"count":0,"href":"https:\/\/scisa.es\/fr\/wp-json\/wp\/v2\/pages\/58297\/revisions"}],"wp:featuredmedia":[{"embeddable":true,"href":"https:\/\/scisa.es\/fr\/wp-json\/wp\/v2\/media\/56773"}],"wp:attachment":[{"href":"https:\/\/scisa.es\/fr\/wp-json\/wp\/v2\/media?parent=58297"}],"curies":[{"name":"wp","href":"https:\/\/api.w.org\/{rel}","templated":true}]}}