{"id":58302,"date":"2021-12-01T10:14:29","date_gmt":"2021-12-01T10:14:29","guid":{"rendered":"https:\/\/scisa.es\/controle-non-destructif\/controle-par-ressuage\/"},"modified":"2023-01-23T13:52:09","modified_gmt":"2023-01-23T13:52:09","slug":"controle-par-ressuage","status":"publish","type":"page","link":"https:\/\/scisa.es\/fr\/controles-non-destructifs-et-laboratoire-de-metallurgie\/essais-non-destructifs\/controle-par-ressuage","title":{"rendered":"Control par Ressuage"},"content":{"rendered":"<div class=\"wpb-content-wrapper\"><p>[vc_row css_animation=&#8221;&#8221; row_type=&#8221;row&#8221; use_row_as_full_screen_section=&#8221;no&#8221; type=&#8221;full_width&#8221; angled_section=&#8221;no&#8221; text_align=&#8221;left&#8221; background_image_as_pattern=&#8221;without_pattern&#8221;][vc_column width=&#8221;1\/4&#8243;][vc_raw_html]PGg1PkF1dHJlcyBzZXJ2aWNlcyBkZSBDTkQ8L2g1Pg==[\/vc_raw_html][vc_separator type=&#8221;normal&#8221; color=&#8221;#bcbcbc&#8221; thickness=&#8221;1&#8243; transparency=&#8221;0.4&#8243;][vc_raw_html]JTNDdWwlMjBjbGFzcyUzRCUyMm1lbnUtbGF0ZXJhbCUyMiUzRSUwQSUzQ2xpJTIwY2xhc3MlM0QlMjJ2b2x2ZXIlMjIlM0UlM0NhJTIwaHJlZiUzRCUyMmh0dHBzJTNBJTJGJTJGc2Npc2EuZXMlMkZmciUyRmNvbnRyb2xlcy1ub24tZGVzdHJ1Y3RpZnMtZXQtbGFib3JhdG9pcmUtZGUtbWV0YWxsdXJnaWUlMkYlMjIlM0UlM0NpJTIwY2xhc3MlM0QlMjJmYSUyMGZhLWJhY2t3YXJkJTIyJTIwYXJpYS1oaWRkZW4lM0QlMjJ0cnVlJTIyJTNFJTNDJTJGaSUzRSUyMCUyMExBQk9SQVRPSVJFJTIwRCUyN0VTU0FJUyUyME5PTiUyMERFU1RSVUNUSUZTJTIwRVQlMjBNJUMzJTg5VEFMTFVSR0lRVUVTJTNDJTJGYSUzRSUzQyUyRmxpJTNFJTBBJTBBJTNDbGklM0UlM0NhJTIwaHJlZiUzRCUyMmh0dHBzJTNBJTJGJTJGc2Npc2EuZXMlMkZmciUyRmNvbnRyb2xlcy1ub24tZGVzdHJ1Y3RpZnMtZXQtbGFib3JhdG9pcmUtZGUtbWV0YWxsdXJnaWUlMkZlc3NhaXMtbm9uLWRlc3RydWN0aWZzJTJGY29udHJvbGVzLXBhci1yYWRpb2dyYXBoaWUtaW5kdXN0cmllbGxlJTJGJTIyJTNFRXNzYWlzJTIwZGUlMjByYWRpb2dyYXBoaWUlMjBpbmR1c3RyaWVsbGUlM0MlMkZhJTNFJTNDJTJGbGklM0UlMEElMEElM0NsaSUzRSUzQ2ElMjBocmVmJTNEJTIyaHR0cHMlM0ElMkYlMkZzY2lzYS5lcyUyRmZyJTJGY29udHJvbGVzLW5vbi1kZXN0cnVjdGlmcy1ldC1sYWJvcmF0b2lyZS1kZS1tZXRhbGx1cmdpZSUyRmVzc2Fpcy1ub24tZGVzdHJ1Y3RpZnMlMkZjb250cm9sZXMtcGFyLXVsdHJhc29ucyUyRiUyMiUzRUVzc2FpcyUyMHBhciUyMHVsdHJhc29ucyUzQyUyRmElM0UlM0MlMkZsaSUzRSUwQSUwQSUzQ2xpJTNFJTNDYSUyMGhyZWYlM0QlMjJodHRwcyUzQSUyRiUyRnNjaXNhLmVzJTJGZnIlMkZjb250cm9sZXMtbm9uLWRlc3RydWN0aWZzLWV0LWxhYm9yYXRvaXJlLWRlLW1ldGFsbHVyZ2llJTJGZXNzYWlzLW5vbi1kZXN0cnVjdGlmcyUyRmNvbnRyb2xlLXBhci1tYWduZXRvc2NvcGllJTJGJTIyJTNFVGVzdCUyMGRlJTIwcGFydGljdWxlcyUyMG1hZ24lQzMlQTl0aXF1ZXMlM0MlMkZhJTNFJTNDJTJGbGklM0UlMEElMEElMEElM0NsaSUyMGNsYXNzJTNEJTIyc2luLWVubGFjZSUyMiUzRUNvbnRyb2wlMjBwYXIlMjBSZXNzdWFnZSUzQyUyRmxpJTNFJTBBJTBBJTBBJTBBJTBBJTNDbGklM0UlM0NhJTIwaHJlZiUzRCUyMmh0dHBzJTNBJTJGJTJGc2Npc2EuZXMlMkZmciUyRmNvbnRyb2xlcy1ub24tZGVzdHJ1Y3RpZnMtZXQtbGFib3JhdG9pcmUtZGUtbWV0YWxsdXJnaWUlMkZlc3NhaXMtbm9uLWRlc3RydWN0aWZzJTJGZXNzYWlzLXBhci1jb3VyYW50cy1kZS1mb3VjYXVsdCUyRiUyMiUzRUVzc2FpcyUyMHBhciUyMGNvdXJhbnRzJTIwZGUlMjBGb3VjYXVsdCUzQyUyRmElM0UlM0MlMkZsaSUzRSUwQSUwQSUzQ2xpJTNFJTNDYSUyMGhyZWYlM0QlMjJodHRwcyUzQSUyRiUyRnNjaXNhLmVzJTJGZnIlMkZjb250cm9sZXMtbm9uLWRlc3RydWN0aWZzLWV0LWxhYm9yYXRvaXJlLWRlLW1ldGFsbHVyZ2llJTJGZXNzYWlzLW5vbi1kZXN0cnVjdGlmcyUyRnRlc3QtZGUtZnVpdGUtYS1saGVsaXVtJTJGJTIyJTNFVGVzdCUyMGRlJTIwZnVpdGUlMjAlQzMlQTAlMjBsJTI3aCVDMyVBOWxpdW0lM0MlMkZhJTNFJTNDJTJGbGklM0UlMEElMEElM0NsaSUzRSUzQ2ElMjBocmVmJTNEJTIyaHR0cHMlM0ElMkYlMkZzY2lzYS5lcyUyRmZyJTJGY29udHJvbGVzLW5vbi1kZXN0cnVjdGlmcy1ldC1sYWJvcmF0b2lyZS1kZS1tZXRhbGx1cmdpZSUyRmVzc2Fpcy1ub24tZGVzdHJ1Y3RpZnMlMkZpbnNwZWN0aW9uLWRlcy1zb3VkdXJlcy1kZXMtdG91cnMtZW9saWVubmVzJTJGJTIyJTNFJTIwJTIwSW5zcGVjdGlvbiUyMGRlcyUyMHNvdWR1cmVzJTIwZGVzJTIwdG91cnMlMjBkJTI3JUMzJUE5b2xpZW5uZXMlM0MlMkZhJTNFJTNDJTJGbGklM0UlMEElMEElM0NsaSUzRSUzQ2ElMjBocmVmJTNEJTIyaHR0cHMlM0ElMkYlMkZzY2lzYS5lcyUyRmZyJTJGY29udHJvbGVzLW5vbi1kZXN0cnVjdGlmcy1ldC1sYWJvcmF0b2lyZS1kZS1tZXRhbGx1cmdpZSUyRmVzc2Fpcy1ub24tZGVzdHJ1Y3RpZnMlMkZpbnNwZWN0aW9uLXVsdHJhc29uaXF1ZS1kZS1sYS1jb3Jyb3Npb24lMkYlMjIlM0VJbnNwZWN0aW9uJTIwdWx0cmFzb25pcXVlJTIwZGUlMjBsYSUyMGNvcnJvc2lvbiUzQyUyRmElM0UlM0MlMkZsaSUzRSUwQSUwQSUzQ2xpJTNFJTNDYSUyMGhyZWYlM0QlMjJodHRwcyUzQSUyRiUyRnNjaXNhLmVzJTJGZnIlMkZjb250cm9sZXMtbm9uLWRlc3RydWN0aWZzLWV0LWxhYm9yYXRvaXJlLWRlLW1ldGFsbHVyZ2llJTJGZXNzYWlzLW5vbi1kZXN0cnVjdGlmcyUyRmF1dHJlcy1lc3NhaXMtbm9uLWRlc3RydWN0aWZzJTJGJTIyJTNFQXV0cmVzJTIwZXNzYWlzJTIwbm9uJTIwZGVzdHJ1Y3RpZnMlM0MlMkZhJTNFJTNDJTJGbGklM0UlMEElMEElM0NsaSUzRSUzQ2ElMjBocmVmJTNEJTIyaHR0cHMlM0ElMkYlMkZzY2lzYS5lcyUyRmZyJTJGY29udHJvbGVzLW5vbi1kZXN0cnVjdGlmcy1ldC1sYWJvcmF0b2lyZS1kZS1tZXRhbGx1cmdpZSUyRmVzc2Fpcy1ub24tZGVzdHJ1Y3RpZnMlMkZlc3NhaXMtYXBwbGlxdWVzLWF1eC1waXBlbGluZXMtZXQtYXV4LWdyYW5kcy1yZXNlcnZvaXJzLWRlLXN0b2NrYWdlJTJGJTIyJTNFRXNzYWlzJTIwYXBwbGlxdSVDMyVBOXMlMjBhdXglMjBwaXBlbGluZXMlMjBldCUyMGF1eCUyMGdyYW5kcyUyMHIlQzMlQTlzZXJ2b2lycyUyMGRlJTIwc3RvY2thZ2UlM0MlMkZhJTNFJTNDJTJGbGklM0UlMEElMEElMEElMEElM0MlMkZ1bCUzRQ==[\/vc_raw_html][vc_empty_space][vc_raw_html]PGg1PkNvbnRhY3QgYXZlYyBub3VzPC9oNT4=[\/vc_raw_html][vc_separator type=&#8221;normal&#8221; color=&#8221;#bcbcbc&#8221; thickness=&#8221;1&#8243; transparency=&#8221;0.4&#8243;][vc_widget_sidebar sidebar_id=&#8221;sidebar-blog&#8221;][\/vc_column][vc_column width=&#8221;3\/4&#8243;][vc_row_inner row_type=&#8221;row&#8221; type=&#8221;full_width&#8221; text_align=&#8221;left&#8221; css_animation=&#8221;&#8221; css=&#8221;.vc_custom_1639654729177{background-color: #ffffff !important;}&#8221;][vc_column_inner css=&#8221;.vc_custom_1639654809595{padding-right: 45px !important;padding-left: 45px !important;background-color: #ffffff !important;}&#8221;][vc_column_text]<\/p>\n<h2 class=\"internas-titul\">QU&#8217;EST-CE QU&#8217;UN CONTR\u00d4LE PAR RESSUAGE ?<\/h2>\n<div class=\"vc_row wpb_row vc_inner wf-container\">\n<div class=\"wpb_column vc_column_container vc_col-sm-12\">\n<div class=\"vc_column-inner \">\n<div class=\"wpb_wrapper\">\n<div class=\"wpb_text_column wpb_content_element \">\n<div class=\"wpb_wrapper\">\n<p>Le <strong>contr\u00f4le par ressuage<\/strong> est un type de <strong>contr\u00f4le non destructif<\/strong> qui d\u00e9tecte les imperfections de surface des mat\u00e9riaux non poreux, qu&#8217;ils soient m\u00e9talliques ou non.<\/p>\n<p>Ce type d&#8217;essai consiste essentiellement en l&#8217;application d&#8217;un liquide \u00e0 fort pouvoir mouillant sur la surface du mat\u00e9riau \u00e0 tester. <strong>Gr\u00e2ce \u00e0 l&#8217;effet capillaire<\/strong>, il va p\u00e9n\u00e9trer dans les discontinuit\u00e9s.<\/p>\n<p>Enfin, le surplus restant sur la surface sera \u00e9limin\u00e9 au moyen d&#8217;un syst\u00e8me de nettoyage appropri\u00e9 et l&#8217;application ult\u00e9rieure d&#8217;un r\u00e9v\u00e9lateur sera en mesure d&#8217;extraire le liquide qui \u00e9tait pr\u00e9c\u00e9demment pi\u00e9g\u00e9 dans les discontinuit\u00e9s, <strong>montrant ainsi leur emplacement<\/strong>.<\/p>\n<\/div>\n<\/div>\n<\/div>\n<\/div>\n<\/div>\n<\/div>\n<p>[\/vc_column_text][vc_empty_space][\/vc_column_inner][\/vc_row_inner][vc_row_inner row_type=&#8221;row&#8221; type=&#8221;full_width&#8221; text_align=&#8221;left&#8221; css_animation=&#8221;&#8221; css=&#8221;.vc_custom_1643721678861{padding-right: 0px !important;padding-left: 0px !important;}&#8221;][vc_column_inner css=&#8221;.vc_custom_1643721697933{padding-right: 0px !important;padding-left: 0px !important;}&#8221;][\/vc_column_inner][\/vc_row_inner][vc_row_inner row_type=&#8221;row&#8221; type=&#8221;full_width&#8221; text_align=&#8221;left&#8221; css_animation=&#8221;&#8221; css=&#8221;.vc_custom_1643722004115{margin-top: 32px !important;padding-top: 32px !important;padding-right: 0px !important;padding-left: 25px !important;background-color: #ffffff !important;}&#8221; el_class=&#8221;listas-chulas&#8221;][vc_column_inner][vc_column_text el_class=&#8221;contenido-lista&#8221;]<\/p>\n<h2 class=\"internas-titul\">LES TECHNIQUES DE CONTR\u00d4LE PAR RESSUAGE QUE NOUS UTILISONS<\/h2>\n<p>Les techniques que nous utilisons sont tr\u00e8s vari\u00e9es. Plus pr\u00e9cis\u00e9ment, en fonction de la phase dans laquelle nous nous trouvons, ils sont les <em>suivants<\/em>:<\/p>\n<ul class=\"lista-interna\">\n<li><i class=\"fa fa-angle-right\" aria-hidden=\"true\"><\/i> Visible \/ Fluorescent.<\/li>\n<li><i class=\"fa fa-angle-right\" aria-hidden=\"true\"><\/i> Enlevable \u00e0 l&#8217;eau \/ Enlevable au solvant \/ Post-\u00e9mulsifiable.<\/li>\n<li><i class=\"fa fa-angle-right\" aria-hidden=\"true\"><\/i> D\u00e9veloppeurs \u00e0 sec \/ humide.<\/li>\n<li><i class=\"fa fa-angle-right\" aria-hidden=\"true\"><\/i> Applications sp\u00e9ciales.<\/li>\n<\/ul>\n<p>[\/vc_column_text][vc_empty_space][\/vc_column_inner][\/vc_row_inner][vc_row_inner row_type=&#8221;row&#8221; type=&#8221;full_width&#8221; text_align=&#8221;left&#8221; css_animation=&#8221;&#8221; css=&#8221;.vc_custom_1643722039188{margin-top: 32px !important;padding-right: 0px !important;padding-left: 25px !important;background-color: #ffffff !important;}&#8221;][vc_column_inner width=&#8221;1\/2&#8243; css=&#8221;.vc_custom_1643722128412{padding-right: 10% !important;}&#8221;][vc_empty_space][vc_column_text el_class=&#8221;contenido-lista&#8221;]<\/p>\n<h2 class=\"internas-titul\">AVANTAGES DE CES TESTS<\/h2>\n<p>Le <strong>contr\u00f4le par ressuage<\/strong> pr\u00e9sente un certain nombre d&#8217;avantages :<\/p>\n<ul class=\"lista-interna\">\n<li><i class=\"fa fa-angle-right\" aria-hidden=\"true\"><\/i> Les <strong>r\u00e9sultats<\/strong> sont obtenus presque <strong>imm\u00e9diatement<\/strong> et sont faciles \u00e0 interpr\u00e9ter.<\/li>\n<li><i class=\"fa fa-angle-right\" aria-hidden=\"true\"><\/i> Ils ne sont pas limit\u00e9s aux mat\u00e9riaux ferromagn\u00e9tiques comme les<strong> tests de particules magn\u00e9tiques<\/strong>.<\/li>\n<li><i class=\"fa fa-angle-right\" aria-hidden=\"true\"><\/i> La m\u00e9thode est relativement simple et peut \u00eatre facilement mise en \u0153uvre sur le terrain.<\/li>\n<li><i class=\"fa fa-angle-right\" aria-hidden=\"true\"><\/i> Ils peuvent \u00eatre appliqu\u00e9s aussi bien \u00e0 <strong>de grands<\/strong> qu&#8217;\u00e0 de <strong>petits<\/strong> \u00e9chantillons.<\/li>\n<li><i class=\"fa fa-angle-right\" aria-hidden=\"true\"><\/i> Aucun \u00e9quipement sp\u00e9cial n&#8217;est n\u00e9cessaire.<\/li>\n<\/ul>\n<p>[\/vc_column_text][\/vc_column_inner][vc_column_inner width=&#8221;1\/2&#8243; css=&#8221;.vc_custom_1643723688417{padding-right: 0px !important;padding-left: 0px !important;}&#8221;][vc_single_image image=&#8221;56189&#8243; img_size=&#8221;full&#8221; alignment=&#8221;center&#8221; qode_css_animation=&#8221;&#8221; css=&#8221;.vc_custom_1642589195644{margin-top: 0px !important;margin-right: 0px !important;margin-bottom: 0px !important;margin-left: 0px !important;border-top-width: 0px !important;border-right-width: 0px !important;border-bottom-width: 0px !important;border-left-width: 0px !important;padding-top: 0px !important;padding-right: 0px !important;padding-bottom: 0px !important;padding-left: 0px !important;}&#8221;][\/vc_column_inner][\/vc_row_inner][\/vc_column][\/vc_row][vc_row css_animation=&#8221;&#8221; row_type=&#8221;row&#8221; use_row_as_full_screen_section=&#8221;no&#8221; type=&#8221;full_width&#8221; angled_section=&#8221;no&#8221; text_align=&#8221;left&#8221; background_image_as_pattern=&#8221;without_pattern&#8221;][vc_column][vc_empty_space height=&#8221;64px&#8221;][\/vc_column][\/vc_row]<\/p>\n<\/div>","protected":false},"excerpt":{"rendered":"<p>[vc_row css_animation=&#8221;&#8221; row_type=&#8221;row&#8221; use_row_as_full_screen_section=&#8221;no&#8221; type=&#8221;full_width&#8221; angled_section=&#8221;no&#8221; text_align=&#8221;left&#8221; background_image_as_pattern=&#8221;without_pattern&#8221;][vc_column width=&#8221;1\/4&#8243;][vc_raw_html]PGg1PkF1dHJlcyBzZXJ2aWNlcyBkZSBDTkQ8L2g1Pg==[\/vc_raw_html][vc_separator type=&#8221;normal&#8221; color=&#8221;#bcbcbc&#8221; thickness=&#8221;1&#8243; transparency=&#8221;0.4&#8243;][vc_raw_html]JTNDdWwlMjBjbGFzcyUzRCUyMm1lbnUtbGF0ZXJhbCUyMiUzRSUwQSUzQ2xpJTIwY2xhc3MlM0QlMjJ2b2x2ZXIlMjIlM0UlM0NhJTIwaHJlZiUzRCUyMmh0dHBzJTNBJTJGJTJGc2Npc2EuZXMlMkZmciUyRmNvbnRyb2xlcy1ub24tZGVzdHJ1Y3RpZnMtZXQtbGFib3JhdG9pcmUtZGUtbWV0YWxsdXJnaWUlMkYlMjIlM0UlM0NpJTIwY2xhc3MlM0QlMjJmYSUyMGZhLWJhY2t3YXJkJTIyJTIwYXJpYS1oaWRkZW4lM0QlMjJ0cnVlJTIyJTNFJTNDJTJGaSUzRSUyMCUyMExBQk9SQVRPSVJFJTIwRCUyN0VTU0FJUyUyME5PTiUyMERFU1RSVUNUSUZTJTIwRVQlMjBNJUMzJTg5VEFMTFVSR0lRVUVTJTNDJTJGYSUzRSUzQyUyRmxpJTNFJTBBJTBBJTNDbGklM0UlM0NhJTIwaHJlZiUzRCUyMmh0dHBzJTNBJTJGJTJGc2Npc2EuZXMlMkZmciUyRmNvbnRyb2xlcy1ub24tZGVzdHJ1Y3RpZnMtZXQtbGFib3JhdG9pcmUtZGUtbWV0YWxsdXJnaWUlMkZlc3NhaXMtbm9uLWRlc3RydWN0aWZzJTJGY29udHJvbGVzLXBhci1yYWRpb2dyYXBoaWUtaW5kdXN0cmllbGxlJTJGJTIyJTNFRXNzYWlzJTIwZGUlMjByYWRpb2dyYXBoaWUlMjBpbmR1c3RyaWVsbGUlM0MlMkZhJTNFJTNDJTJGbGklM0UlMEElMEElM0NsaSUzRSUzQ2ElMjBocmVmJTNEJTIyaHR0cHMlM0ElMkYlMkZzY2lzYS5lcyUyRmZyJTJGY29udHJvbGVzLW5vbi1kZXN0cnVjdGlmcy1ldC1sYWJvcmF0b2lyZS1kZS1tZXRhbGx1cmdpZSUyRmVzc2Fpcy1ub24tZGVzdHJ1Y3RpZnMlMkZjb250cm9sZXMtcGFyLXVsdHJhc29ucyUyRiUyMiUzRUVzc2FpcyUyMHBhciUyMHVsdHJhc29ucyUzQyUyRmElM0UlM0MlMkZsaSUzRSUwQSUwQSUzQ2xpJTNFJTNDYSUyMGhyZWYlM0QlMjJodHRwcyUzQSUyRiUyRnNjaXNhLmVzJTJGZnIlMkZjb250cm9sZXMtbm9uLWRlc3RydWN0aWZzLWV0LWxhYm9yYXRvaXJlLWRlLW1ldGFsbHVyZ2llJTJGZXNzYWlzLW5vbi1kZXN0cnVjdGlmcyUyRmNvbnRyb2xlLXBhci1tYWduZXRvc2NvcGllJTJGJTIyJTNFVGVzdCUyMGRlJTIwcGFydGljdWxlcyUyMG1hZ24lQzMlQTl0aXF1ZXMlM0MlMkZhJTNFJTNDJTJGbGklM0UlMEElMEElMEElM0NsaSUyMGNsYXNzJTNEJTIyc2luLWVubGFjZSUyMiUzRUNvbnRyb2wlMjBwYXIlMjBSZXNzdWFnZSUzQyUyRmxpJTNFJTBBJTBBJTBBJTBBJTBBJTNDbGklM0UlM0NhJTIwaHJlZiUzRCUyMmh0dHBzJTNBJTJGJTJGc2Npc2EuZXMlMkZmciUyRmNvbnRyb2xlcy1ub24tZGVzdHJ1Y3RpZnMtZXQtbGFib3JhdG9pcmUtZGUtbWV0YWxsdXJnaWUlMkZlc3NhaXMtbm9uLWRlc3RydWN0aWZzJTJGZXNzYWlzLXBhci1jb3VyYW50cy1kZS1mb3VjYXVsdCUyRiUyMiUzRUVzc2FpcyUyMHBhciUyMGNvdXJhbnRzJTIwZGUlMjBGb3VjYXVsdCUzQyUyRmElM0UlM0MlMkZsaSUzRSUwQSUwQSUzQ2xpJTNFJTNDYSUyMGhyZWYlM0QlMjJodHRwcyUzQSUyRiUyRnNjaXNhLmVzJTJGZnIlMkZjb250cm9sZXMtbm9uLWRlc3RydWN0aWZzLWV0LWxhYm9yYXRvaXJlLWRlLW1ldGFsbHVyZ2llJTJGZXNzYWlzLW5vbi1kZXN0cnVjdGlmcyUyRnRlc3QtZGUtZnVpdGUtYS1saGVsaXVtJTJGJTIyJTNFVGVzdCUyMGRlJTIwZnVpdGUlMjAlQzMlQTAlMjBsJTI3aCVDMyVBOWxpdW0lM0MlMkZhJTNFJTNDJTJGbGklM0UlMEElMEElM0NsaSUzRSUzQ2ElMjBocmVmJTNEJTIyaHR0cHMlM0ElMkYlMkZzY2lzYS5lcyUyRmZyJTJGY29udHJvbGVzLW5vbi1kZXN0cnVjdGlmcy1ldC1sYWJvcmF0b2lyZS1kZS1tZXRhbGx1cmdpZSUyRmVzc2Fpcy1ub24tZGVzdHJ1Y3RpZnMlMkZpbnNwZWN0aW9uLWRlcy1zb3VkdXJlcy1kZXMtdG91cnMtZW9saWVubmVzJTJGJTIyJTNFJTIwJTIwSW5zcGVjdGlvbiUyMGRlcyUyMHNvdWR1cmVzJTIwZGVzJTIwdG91cnMlMjBkJTI3JUMzJUE5b2xpZW5uZXMlM0MlMkZhJTNFJTNDJTJGbGklM0UlMEElMEElM0NsaSUzRSUzQ2ElMjBocmVmJTNEJTIyaHR0cHMlM0ElMkYlMkZzY2lzYS5lcyUyRmZyJTJGY29udHJvbGVzLW5vbi1kZXN0cnVjdGlmcy1ldC1sYWJvcmF0b2lyZS1kZS1tZXRhbGx1cmdpZSUyRmVzc2Fpcy1ub24tZGVzdHJ1Y3RpZnMlMkZpbnNwZWN0aW9uLXVsdHJhc29uaXF1ZS1kZS1sYS1jb3Jyb3Npb24lMkYlMjIlM0VJbnNwZWN0aW9uJTIwdWx0cmFzb25pcXVlJTIwZGUlMjBsYSUyMGNvcnJvc2lvbiUzQyUyRmElM0UlM0MlMkZsaSUzRSUwQSUwQSUzQ2xpJTNFJTNDYSUyMGhyZWYlM0QlMjJodHRwcyUzQSUyRiUyRnNjaXNhLmVzJTJGZnIlMkZjb250cm9sZXMtbm9uLWRlc3RydWN0aWZzLWV0LWxhYm9yYXRvaXJlLWRlLW1ldGFsbHVyZ2llJTJGZXNzYWlzLW5vbi1kZXN0cnVjdGlmcyUyRmF1dHJlcy1lc3NhaXMtbm9uLWRlc3RydWN0aWZzJTJGJTIyJTNFQXV0cmVzJTIwZXNzYWlzJTIwbm9uJTIwZGVzdHJ1Y3RpZnMlM0MlMkZhJTNFJTNDJTJGbGklM0UlMEElMEElM0NsaSUzRSUzQ2ElMjBocmVmJTNEJTIyaHR0cHMlM0ElMkYlMkZzY2lzYS5lcyUyRmZyJTJGY29udHJvbGVzLW5vbi1kZXN0cnVjdGlmcy1ldC1sYWJvcmF0b2lyZS1kZS1tZXRhbGx1cmdpZSUyRmVzc2Fpcy1ub24tZGVzdHJ1Y3RpZnMlMkZlc3NhaXMtYXBwbGlxdWVzLWF1eC1waXBlbGluZXMtZXQtYXV4LWdyYW5kcy1yZXNlcnZvaXJzLWRlLXN0b2NrYWdlJTJGJTIyJTNFRXNzYWlzJTIwYXBwbGlxdSVDMyVBOXMlMjBhdXglMjBwaXBlbGluZXMlMjBldCUyMGF1eCUyMGdyYW5kcyUyMHIlQzMlQTlzZXJ2b2lycyUyMGRlJTIwc3RvY2thZ2UlM0MlMkZhJTNFJTNDJTJGbGklM0UlMEElMEElMEElMEElM0MlMkZ1bCUzRQ==[\/vc_raw_html][vc_empty_space][vc_raw_html]PGg1PkNvbnRhY3QgYXZlYyBub3VzPC9oNT4=[\/vc_raw_html][vc_separator type=&#8221;normal&#8221; color=&#8221;#bcbcbc&#8221; thickness=&#8221;1&#8243; transparency=&#8221;0.4&#8243;][vc_widget_sidebar sidebar_id=&#8221;sidebar-blog&#8221;][\/vc_column][vc_column width=&#8221;3\/4&#8243;][vc_row_inner row_type=&#8221;row&#8221; type=&#8221;full_width&#8221; text_align=&#8221;left&#8221; css_animation=&#8221;&#8221; css=&#8221;.vc_custom_1639654729177{background-color: #ffffff !important;}&#8221;][vc_column_inner css=&#8221;.vc_custom_1639654809595{padding-right: 45px !important;padding-left: 45px !important;background-color: #ffffff !important;}&#8221;][vc_column_text] QU&#8217;EST-CE QU&#8217;UN CONTR\u00d4LE PAR RESSUAGE ? Le contr\u00f4le par ressuage est un&#8230;<\/p>\n","protected":false},"author":1,"featured_media":0,"parent":58104,"menu_order":0,"comment_status":"closed","ping_status":"closed","template":"","meta":{"footnotes":""},"class_list":["post-58302","page","type-page","status-publish","hentry"],"_links":{"self":[{"href":"https:\/\/scisa.es\/fr\/wp-json\/wp\/v2\/pages\/58302","targetHints":{"allow":["GET"]}}],"collection":[{"href":"https:\/\/scisa.es\/fr\/wp-json\/wp\/v2\/pages"}],"about":[{"href":"https:\/\/scisa.es\/fr\/wp-json\/wp\/v2\/types\/page"}],"author":[{"embeddable":true,"href":"https:\/\/scisa.es\/fr\/wp-json\/wp\/v2\/users\/1"}],"replies":[{"embeddable":true,"href":"https:\/\/scisa.es\/fr\/wp-json\/wp\/v2\/comments?post=58302"}],"version-history":[{"count":0,"href":"https:\/\/scisa.es\/fr\/wp-json\/wp\/v2\/pages\/58302\/revisions"}],"up":[{"embeddable":true,"href":"https:\/\/scisa.es\/fr\/wp-json\/wp\/v2\/pages\/58104"}],"wp:attachment":[{"href":"https:\/\/scisa.es\/fr\/wp-json\/wp\/v2\/media?parent=58302"}],"curies":[{"name":"wp","href":"https:\/\/api.w.org\/{rel}","templated":true}]}}