{"id":58309,"date":"2021-12-16T09:23:31","date_gmt":"2021-12-16T09:23:31","guid":{"rendered":"https:\/\/scisa.es\/inspection\/combustibles-gazeux\/"},"modified":"2023-02-21T17:36:12","modified_gmt":"2023-02-21T17:36:12","slug":"combustibles-gazeux","status":"publish","type":"page","link":"https:\/\/scisa.es\/fr\/inspection\/combustibles-gazeux\/","title":{"rendered":"Combustibles gazeux"},"content":{"rendered":"<div class=\"wpb-content-wrapper\"><p>[vc_row css_animation=&#8221;&#8221; row_type=&#8221;row&#8221; use_row_as_full_screen_section=&#8221;no&#8221; type=&#8221;full_width&#8221; angled_section=&#8221;no&#8221; text_align=&#8221;left&#8221; background_image_as_pattern=&#8221;without_pattern&#8221; z_index=&#8221;&#8221;][vc_column width=&#8221;1\/4&#8243;][vc_raw_html]PGg1PlTDqWzDqWNoYXJnZW1lbnRzPC9oNT4=[\/vc_raw_html][vc_separator type=&#8221;normal&#8221; color=&#8221;#bcbcbc&#8221; thickness=&#8221;1&#8243; transparency=&#8221;0.4&#8243;][vc_raw_html]JTNDYSUyMHRhcmdldCUzRCUyMl9ibGFuayUyMiUyMGNsYXNzJTNEJTIyZm9sbGV0by11bm8lMjIlMjBocmVmJTNEJTIyaHR0cHMlM0ElMkYlMkZzY2lzYS5lcyUyRndwLWNvbnRlbnQlMkZ1cGxvYWRzJTJGMjAyMiUyRjAyJTJGQ29tYnVzdGlibGVzLUdhc2Vvc29zLnBkZiUyMiUzRSUzQ2RpdiUyMGNsYXNzJTNEJTIyZm9sbGV0byUyMiUzRSUwQSUzQ2ltZyUyMGNsYXNzJTNEJTIyaWNvbm8lMjIlMjBzcmMlM0QlMjJodHRwcyUzQSUyRiUyRnNjaXNhLmVzJTJGd3AtY29udGVudCUyRnVwbG9hZHMlMkYyMDIxJTJGMTIlMkZkb3dubG9hZC1maWxlLTEucG5nJTIyJTNFJTBBJTNDcCUyMGNsYXNzJTNEJTIydGV4dG8lMjIlM0VUJUMzJUE5bCVDMyVBOWNoYXJnZXIlMjBsYSUyMGZpY2hlJTIwdGVjaG5pcXVlJTNDJTJGcCUzRSUwQSUwQSUzQyUyRmRpdiUzRSUzQyUyRmElM0U=[\/vc_raw_html][vc_empty_space][vc_raw_html]PGg1PkF1dHJlcyBzZXJ2aWNlcyBkJ2luc3BlY3Rpb248L2g1Pg==[\/vc_raw_html][vc_separator type=&#8221;normal&#8221; color=&#8221;#bcbcbc&#8221; thickness=&#8221;1&#8243; transparency=&#8221;0.4&#8243;][vc_raw_html]JTNDdWwlMjBjbGFzcyUzRCUyMm1lbnUtbGF0ZXJhbCUyMiUzRSUwQSUzQ2xpJTIwY2xhc3MlM0QlMjJ2b2x2ZXIlMjIlM0UlM0NhJTIwaHJlZiUzRCUyMmh0dHBzJTNBJTJGJTJGc2Npc2EuZXMlMkZmciUyRmluc3BlY3Rpb24lMkYlMjIlM0UlM0NpJTIwY2xhc3MlM0QlMjJmYSUyMGZhLWJhY2t3YXJkJTIyJTIwYXJpYS1oaWRkZW4lM0QlMjJ0cnVlJTIyJTNFJTNDJTJGaSUzRSUyMCUyMElOU1BFQ1RJT04lM0MlMkZhJTNFJTNDJTJGbGklM0UlMEElMEElMEElMEElMEElM0NsaSUzRSUzQ2ElMjBocmVmJTNEJTIyaHR0cHMlM0ElMkYlMkZzY2lzYS5lcyUyRmZyJTJGaW5zcGVjdGlvbiUyRmFzY2Vuc2V1cnMlMkYlMjIlM0VBc2NlbnNldXJzJTNDJTJGYSUzRSUwQSUyMCUzQyUyRmxpJTNFJTBBJTBBJTBBJTNDbGklM0UlM0NhJTIwaHJlZiUzRCUyMmh0dHBzJTNBJTJGJTJGc2Npc2EuZXMlMkZmciUyRmluc3BlY3Rpb24lMkZwY2ktbm9uLWluZHVzdHJpZWwlMkYlMjIlM0VQQ0klMjBOb24tSW5kdXN0cmllbCUzQyUyRmElM0UlM0MlMkZsaSUzRSUwQSUwQSUzQ2xpJTNFJTNDYSUyMGhyZWYlM0QlMjJodHRwcyUzQSUyRiUyRnNjaXNhLmVzJTJGZnIlMkZpbnNwZWN0aW9uJTJGcGNpLWluZHVzdHJpYWwlMkYlMjIlM0VQQ0klMjBJbmR1c3RyaWFsJTNDJTJGYSUzRSUzQyUyRmxpJTNFJTBBJTBBJTNDbGklMjBjbGFzcyUzRCUyMnNpbi1lbmxhY2UlMjIlM0VDb21idXN0aWJsZXMlMjBnYXpldXglM0MlMkZsaSUzRSUwQSUwQSUzQ2xpJTNFJTNDYSUyMGhyZWYlM0QlMjJodHRwcyUzQSUyRiUyRnNjaXNhLmVzJTJGZnIlMkZpbnNwZWN0aW9uJTJGZ3J1ZXMtbW9iaWxlcy1ldC1hdXRvbW90cmljZXMlMkYlMjIlM0VHcnVlcyUyMG1vYmlsZXMlMjBldCUyMGF1dG9tb3RyaWNlcyUzQyUyRmElM0UlM0MlMkZsaSUzRSUwQSUwQSUzQ2xpJTNFJTNDYSUyMGhyZWYlM0QlMjJodHRwcyUzQSUyRiUyRnNjaXNhLmVzJTJGZnIlMkZpbnNwZWN0aW9uJTJGaW5zdGFsbGF0aW9ucy1lbGVjdHJpcXVlcy1iYXNzZS10ZW5zaW9uJTJGJTIyJTNFSW5zdGFsbGF0aW9ucyUyMCVDMyVBOWxlY3RyaXF1ZXMlMjBiYXNzZSUyMHRlbnNpb24lM0MlMkZhJTNFJTNDJTJGbGklM0UlMEElMEElM0NsaSUzRSUzQ2ElMjBocmVmJTNEJTIyaHR0cHMlM0ElMkYlMkZzY2lzYS5lcyUyRmZyJTJGaW5zcGVjdGlvbiUyRmluc3RhbGxhdGlvbnMtZWxlY3RyaXF1ZXMtaGF1dGUtdGVuc2lvbiUyRiUyMiUzRUluc3RhbGxhdGlvbnMlMjAlQzMlQTlsZWN0cmlxdWVzJTIwaGF1dGUlMjB0ZW5zaW9uJTNDJTJGYSUzRSUzQyUyRmxpJTNFJTBBJTBBJTNDbGklM0UlM0NhJTIwaHJlZiUzRCUyMmh0dHBzJTNBJTJGJTJGc2Npc2EuZXMlMkZmciUyRmluc3BlY3Rpb24lMkZlcXVpcGVtZW50LXNvdXMtcHJlc3Npb24lMkYlMjIlM0UlQzMlODlxdWlwZW1lbnQlMjBzb3VzJTIwcHJlc3Npb24lM0MlMkZhJTNFJTNDJTJGbGklM0UlMEElMEElM0NsaSUzRSUzQ2ElMjBocmVmJTNEJTIyaHR0cHMlM0ElMkYlMkZzY2lzYS5lcyUyRmZyJTJGaW5zcGVjdGlvbiUyRmluc3RhbGxhdGlvbnMtZnJpZ29yaWZpcXVlcyUyRiUyMiUzRUluc3RhbGxhdGlvbnMlMjBmcmlnb3JpZmlxdWVzJTNDJTJGYSUzRSUzQyUyRmxpJTNFJTBBJTBBJTBBJTNDbGklM0UlM0NhJTIwaHJlZiUzRCUyMmh0dHBzJTNBJTJGJTJGc2Npc2EuZXMlMkZmciUyRmluc3BlY3Rpb24lMkZwcm9kdWl0cy1jaGltaXF1ZXMlMkYlMjIlM0VQcm9kdWl0cyUyMGNoaW1pcXVlcyUzQyUyRmElM0UlM0MlMkZsaSUzRSUwQSUwQSUzQ2xpJTNFJTNDYSUyMGhyZWYlM0QlMjJodHRwcyUzQSUyRiUyRnNjaXNhLmVzJTJGZnIlMkZpbnNwZWN0aW9uJTJGaW5zdGFsbGF0aW9ucy1wZXRyb2xpZXJlcyUyRiUyMiUzRUluc3RhbGxhdGlvbnMlMjBwJUMzJUE5dHJvbGklQzMlQThyZXMlM0MlMkZhJTNFJTNDJTJGbGklM0UlMEElMEElM0NsaSUzRSUzQ2ElMjBocmVmJTNEJTIyaHR0cHMlM0ElMkYlMkZzY2lzYS5lcyUyRmZyJTJGaW5zcGVjdGlvbiUyRnRyYW5zcG9ydC1kZS1sYXRwJTJGJTIyJTNFVHJhbnNwb3J0JTIwZGUlMjBsJTI3QVRQJTNDJTJGYSUzRSUzQyUyRmxpJTNFJTBBJTBBJTNDbGklM0UlM0NhJTIwaHJlZiUzRCUyMmh0dHBzJTNBJTJGJTJGc2Npc2EuZXMlMkZmciUyRmluc3BlY3Rpb24lMkZpbnN0YWxsYXRpb25zLXRoZXJtaXF1ZXMlMkYlMjIlM0VJbnN0YWxsYXRpb25zJTIwdGhlcm1pcXVlcyUzQyUyRmElM0UlM0MlMkZsaSUzRSUwQSUwQSUzQyUyRnVsJTNF[\/vc_raw_html][vc_empty_space][vc_raw_html]PGg1PkNvbnRhY3QgYXZlYyBub3VzPC9oNT4=[\/vc_raw_html][vc_separator type=&#8221;normal&#8221; color=&#8221;#bcbcbc&#8221; thickness=&#8221;1&#8243; transparency=&#8221;0.4&#8243;][vc_widget_sidebar sidebar_id=&#8221;sidebar-blog&#8221;][\/vc_column][vc_column width=&#8221;3\/4&#8243;][vc_row_inner row_type=&#8221;row&#8221; type=&#8221;full_width&#8221; text_align=&#8221;left&#8221; css_animation=&#8221;&#8221; css=&#8221;.vc_custom_1639654729177{background-color: #ffffff !important;}&#8221;][vc_column_inner css=&#8221;.vc_custom_1644424015460{padding-right: 45px !important;padding-left: 45px !important;}&#8221;][vc_empty_space][vc_column_text]<\/p>\n<h2 class=\"internas-titul\">INSPECTIONS DES INSTALLATIONS DE COMBUSTIBLE GAZEUX<\/h2>\n<div class=\"wpb_text_column wpb_content_element \">\n<div class=\"wpb_wrapper\">\n<div class=\"wpb_text_column wpb_content_element \">\n<div class=\"wpb_wrapper\">\n<p><strong>Inspections des installations de combustible gazeux<\/strong>, conform\u00e9ment aux dispositions du <a href=\"https:\/\/www.boe.es\/diario_boe\/txt.php?id=BOE-A-2006-15345\" target=\"_blank\" rel=\"noopener\">R.D. 919\/2006<\/a><strong>.<\/strong><\/p>\n<\/div>\n<\/div>\n<\/div>\n<\/div>\n<p>[\/vc_column_text][vc_empty_space][\/vc_column_inner][\/vc_row_inner][vc_row_inner row_type=&#8221;row&#8221; type=&#8221;full_width&#8221; text_align=&#8221;left&#8221; css_animation=&#8221;&#8221; css=&#8221;.vc_custom_1639654729177{background-color: #ffffff !important;}&#8221;][vc_column_inner width=&#8221;1\/2&#8243; css=&#8221;.vc_custom_1644424204431{padding-top: 0px !important;padding-right: 45px !important;padding-left: 45px !important;background-color: #ffffff !important;}&#8221;][vc_column_text]<strong>I. ITC ICG-02. Centres de stockage et de distribution d&#8217;emballages de gaz de p\u00e9trole liqu\u00e9fi\u00e9 (GPL)<\/strong>).[\/vc_column_text][vc_empty_space height=&#8221;15px&#8221;]<div class=\"q_icon_list\"><i class=\"qode_icon_font_awesome fa fa-check-circle-o qode-ili-icon-holder circle\" style=\"color: #dbae32;background-color: #ffffff;\" ><\/i><p style=\"font-size: 14px;\">Inspection initiale.<\/p><\/div><div class=\"q_icon_list\"><i class=\"qode_icon_font_awesome fa fa-check-circle-o qode-ili-icon-holder circle\" style=\"color: #dbae32;background-color: #ffffff;\" ><\/i><p style=\"font-size: 14px;\">Inspection p\u00e9riodique tous les 2 ans.<\/p><\/div>[vc_column_text]<strong>II. <\/strong><strong>ITC ICG-03. Installations de stockage de gaz de p\u00e9trole liqu\u00e9fi\u00e9 (GPL) dans des r\u00e9servoirs fixes.<\/strong>[\/vc_column_text][vc_empty_space height=&#8221;15px&#8221;]<div class=\"q_icon_list\"><i class=\"qode_icon_font_awesome fa fa-check-circle-o qode-ili-icon-holder circle\" style=\"color: #dbae32;background-color: #ffffff;\" ><\/i><p style=\"font-size: 14px;\">Inspection initiale.<\/p><\/div><div class=\"q_icon_list\"><i class=\"qode_icon_font_awesome fa fa-check-circle-o qode-ili-icon-holder circle\" style=\"color: #dbae32;background-color: #ffffff;\" ><\/i><p style=\"font-size: 14px;\">Test de pression p\u00e9riodique tous les 15 ans.<\/p><\/div>[\/vc_column_inner][vc_column_inner width=&#8221;1\/2&#8243; css=&#8221;.vc_custom_1644424045662{padding-right: 0px !important;}&#8221;][vc_single_image image=&#8221;56345&#8243; img_size=&#8221;full&#8221; alignment=&#8221;center&#8221; qode_css_animation=&#8221;&#8221; el_class=&#8221;ima-altura2&#8243;][\/vc_column_inner][\/vc_row_inner][vc_empty_space][vc_row_inner row_type=&#8221;row&#8221; type=&#8221;full_width&#8221; text_align=&#8221;left&#8221; css_animation=&#8221;&#8221; css=&#8221;.vc_custom_1644424256571{padding-left: 0px !important;background-color: #ffffff !important;}&#8221;][vc_column_inner width=&#8221;1\/2&#8243; css=&#8221;.vc_custom_1644424242526{padding-left: 0px !important;}&#8221;][vc_single_image image=&#8221;56343&#8243; img_size=&#8221;full&#8221; alignment=&#8221;center&#8221; qode_css_animation=&#8221;&#8221;][\/vc_column_inner][vc_column_inner width=&#8221;1\/2&#8243; css=&#8221;.vc_custom_1644424251800{padding-right: 45px !important;padding-left: 45px !important;background-color: #ffffff !important;}&#8221;][vc_column_text]<strong>III. ITC ICG-04. Des usines satellites de gaz naturel liqu\u00e9fi\u00e9 (GNL).<\/strong>[\/vc_column_text][vc_empty_space height=&#8221;15px&#8221;]<div class=\"q_icon_list\"><i class=\"qode_icon_font_awesome fa fa-check-circle-o qode-ili-icon-holder circle\" style=\"color: #dbae32;background-color: #ffffff;\" ><\/i><p style=\"font-size: 14px;\">Inspection initiale.<\/p><\/div><div class=\"q_icon_list\"><i class=\"qode_icon_font_awesome fa fa-check-circle-o qode-ili-icon-holder circle\" style=\"color: #dbae32;background-color: #ffffff;\" ><\/i><p style=\"font-size: 14px;\">Inspection p\u00e9riodique tous les 5 ans.<\/p><\/div><div class=\"q_icon_list\"><i class=\"qode_icon_font_awesome fa fa-check-circle-o qode-ili-icon-holder circle\" style=\"color: #dbae32;background-color: #ffffff;\" ><\/i><p style=\"font-size: 14px;\">Test de pression p\u00e9riodique tous les 15 ans.<\/p><\/div><div class=\"q_icon_list\"><i class=\"qode_icon_font_awesome fa fa-check-circle-o qode-ili-icon-holder circle\" style=\"color: #dbae32;background-color: #ffffff;\" ><\/i><p style=\"font-size: 14px;\">Certification de l&#039;inertie des r\u00e9servoirs.<\/p><\/div>[\/vc_column_inner][\/vc_row_inner][vc_empty_space][vc_row_inner row_type=&#8221;row&#8221; type=&#8221;full_width&#8221; text_align=&#8221;left&#8221; css_animation=&#8221;&#8221; css=&#8221;.vc_custom_1644424319103{padding-right: 0px !important;background-color: #ffffff !important;}&#8221;][vc_column_inner width=&#8221;1\/2&#8243; css=&#8221;.vc_custom_1639654809595{padding-right: 45px !important;padding-left: 45px !important;background-color: #ffffff !important;}&#8221;][vc_column_text]<strong>IV. ITC ICG-05. Stations de remplissage pour v\u00e9hicules \u00e0 gaz.<\/strong>[\/vc_column_text][vc_empty_space height=&#8221;15px&#8221;]<div class=\"q_icon_list\"><i class=\"qode_icon_font_awesome fa fa-check-circle-o qode-ili-icon-holder circle\" style=\"color: #dbae32;background-color: #ffffff;\" ><\/i><p style=\"font-size: 14px;\">Inspection initiale.<\/p><\/div><div class=\"q_icon_list\"><i class=\"qode_icon_font_awesome fa fa-check-circle-o qode-ili-icon-holder circle\" style=\"color: #dbae32;background-color: #ffffff;\" ><\/i><p style=\"font-size: 14px;\">Inspection p\u00e9riodique tous les 5 ans.<\/p><\/div>[vc_column_text]<strong>V. ITC ICG-08. Appareils \u00e0 gaz<\/strong>[\/vc_column_text]<div class=\"q_icon_list\"><i class=\"qode_icon_font_awesome fa fa-check-circle-o qode-ili-icon-holder circle\" style=\"color: #dbae32;background-color: #ffffff;\" ><\/i><p style=\"font-size: 14px;\">V\u00e9rification de l&#039;unit\u00e9.<\/p><\/div>[\/vc_column_inner][vc_column_inner width=&#8221;1\/2&#8243; css=&#8221;.vc_custom_1644424313361{padding-right: 0px !important;}&#8221;][vc_single_image image=&#8221;56347&#8243; img_size=&#8221;full&#8221; alignment=&#8221;center&#8221; qode_css_animation=&#8221;&#8221;][\/vc_column_inner][\/vc_row_inner][vc_empty_space][vc_row_inner row_type=&#8221;row&#8221; type=&#8221;full_width&#8221; text_align=&#8221;left&#8221; css_animation=&#8221;&#8221;][vc_column_inner][\/vc_column_inner][\/vc_row_inner][\/vc_column][\/vc_row][vc_row css_animation=&#8221;&#8221; row_type=&#8221;row&#8221; use_row_as_full_screen_section=&#8221;no&#8221; type=&#8221;full_width&#8221; angled_section=&#8221;no&#8221; text_align=&#8221;left&#8221; background_image_as_pattern=&#8221;without_pattern&#8221;][vc_column][vc_empty_space height=&#8221;64px&#8221;][\/vc_column][\/vc_row]<\/p>\n<\/div>","protected":false},"excerpt":{"rendered":"<p>[vc_row css_animation=&#8221;&#8221; row_type=&#8221;row&#8221; use_row_as_full_screen_section=&#8221;no&#8221; type=&#8221;full_width&#8221; angled_section=&#8221;no&#8221; text_align=&#8221;left&#8221; background_image_as_pattern=&#8221;without_pattern&#8221; z_index=&#8221;&#8221;][vc_column width=&#8221;1\/4&#8243;][vc_raw_html]PGg1PlTDqWzDqWNoYXJnZW1lbnRzPC9oNT4=[\/vc_raw_html][vc_separator type=&#8221;normal&#8221; color=&#8221;#bcbcbc&#8221; thickness=&#8221;1&#8243; transparency=&#8221;0.4&#8243;][vc_raw_html]JTNDYSUyMHRhcmdldCUzRCUyMl9ibGFuayUyMiUyMGNsYXNzJTNEJTIyZm9sbGV0by11bm8lMjIlMjBocmVmJTNEJTIyaHR0cHMlM0ElMkYlMkZzY2lzYS5lcyUyRndwLWNvbnRlbnQlMkZ1cGxvYWRzJTJGMjAyMiUyRjAyJTJGQ29tYnVzdGlibGVzLUdhc2Vvc29zLnBkZiUyMiUzRSUzQ2RpdiUyMGNsYXNzJTNEJTIyZm9sbGV0byUyMiUzRSUwQSUzQ2ltZyUyMGNsYXNzJTNEJTIyaWNvbm8lMjIlMjBzcmMlM0QlMjJodHRwcyUzQSUyRiUyRnNjaXNhLmVzJTJGd3AtY29udGVudCUyRnVwbG9hZHMlMkYyMDIxJTJGMTIlMkZkb3dubG9hZC1maWxlLTEucG5nJTIyJTNFJTBBJTNDcCUyMGNsYXNzJTNEJTIydGV4dG8lMjIlM0VUJUMzJUE5bCVDMyVBOWNoYXJnZXIlMjBsYSUyMGZpY2hlJTIwdGVjaG5pcXVlJTNDJTJGcCUzRSUwQSUwQSUzQyUyRmRpdiUzRSUzQyUyRmElM0U=[\/vc_raw_html][vc_empty_space][vc_raw_html]PGg1PkF1dHJlcyBzZXJ2aWNlcyBkJ2luc3BlY3Rpb248L2g1Pg==[\/vc_raw_html][vc_separator type=&#8221;normal&#8221; color=&#8221;#bcbcbc&#8221; thickness=&#8221;1&#8243; transparency=&#8221;0.4&#8243;][vc_raw_html]JTNDdWwlMjBjbGFzcyUzRCUyMm1lbnUtbGF0ZXJhbCUyMiUzRSUwQSUzQ2xpJTIwY2xhc3MlM0QlMjJ2b2x2ZXIlMjIlM0UlM0NhJTIwaHJlZiUzRCUyMmh0dHBzJTNBJTJGJTJGc2Npc2EuZXMlMkZmciUyRmluc3BlY3Rpb24lMkYlMjIlM0UlM0NpJTIwY2xhc3MlM0QlMjJmYSUyMGZhLWJhY2t3YXJkJTIyJTIwYXJpYS1oaWRkZW4lM0QlMjJ0cnVlJTIyJTNFJTNDJTJGaSUzRSUyMCUyMElOU1BFQ1RJT04lM0MlMkZhJTNFJTNDJTJGbGklM0UlMEElMEElMEElMEElMEElM0NsaSUzRSUzQ2ElMjBocmVmJTNEJTIyaHR0cHMlM0ElMkYlMkZzY2lzYS5lcyUyRmZyJTJGaW5zcGVjdGlvbiUyRmFzY2Vuc2V1cnMlMkYlMjIlM0VBc2NlbnNldXJzJTNDJTJGYSUzRSUwQSUyMCUzQyUyRmxpJTNFJTBBJTBBJTBBJTNDbGklM0UlM0NhJTIwaHJlZiUzRCUyMmh0dHBzJTNBJTJGJTJGc2Npc2EuZXMlMkZmciUyRmluc3BlY3Rpb24lMkZwY2ktbm9uLWluZHVzdHJpZWwlMkYlMjIlM0VQQ0klMjBOb24tSW5kdXN0cmllbCUzQyUyRmElM0UlM0MlMkZsaSUzRSUwQSUwQSUzQ2xpJTNFJTNDYSUyMGhyZWYlM0QlMjJodHRwcyUzQSUyRiUyRnNjaXNhLmVzJTJGZnIlMkZpbnNwZWN0aW9uJTJGcGNpLWluZHVzdHJpYWwlMkYlMjIlM0VQQ0klMjBJbmR1c3RyaWFsJTNDJTJGYSUzRSUzQyUyRmxpJTNFJTBBJTBBJTNDbGklMjBjbGFzcyUzRCUyMnNpbi1lbmxhY2UlMjIlM0VDb21idXN0aWJsZXMlMjBnYXpldXglM0MlMkZsaSUzRSUwQSUwQSUzQ2xpJTNFJTNDYSUyMGhyZWYlM0QlMjJodHRwcyUzQSUyRiUyRnNjaXNhLmVzJTJGZnIlMkZpbnNwZWN0aW9uJTJGZ3J1ZXMtbW9iaWxlcy1ldC1hdXRvbW90cmljZXMlMkYlMjIlM0VHcnVlcyUyMG1vYmlsZXMlMjBldCUyMGF1dG9tb3RyaWNlcyUzQyUyRmElM0UlM0MlMkZsaSUzRSUwQSUwQSUzQ2xpJTNFJTNDYSUyMGhyZWYlM0QlMjJodHRwcyUzQSUyRiUyRnNjaXNhLmVzJTJGZnIlMkZpbnNwZWN0aW9uJTJGaW5zdGFsbGF0aW9ucy1lbGVjdHJpcXVlcy1iYXNzZS10ZW5zaW9uJTJGJTIyJTNFSW5zdGFsbGF0aW9ucyUyMCVDMyVBOWxlY3RyaXF1ZXMlMjBiYXNzZSUyMHRlbnNpb24lM0MlMkZhJTNFJTNDJTJGbGklM0UlMEElMEElM0NsaSUzRSUzQ2ElMjBocmVmJTNEJTIyaHR0cHMlM0ElMkYlMkZzY2lzYS5lcyUyRmZyJTJGaW5zcGVjdGlvbiUyRmluc3RhbGxhdGlvbnMtZWxlY3RyaXF1ZXMtaGF1dGUtdGVuc2lvbiUyRiUyMiUzRUluc3RhbGxhdGlvbnMlMjAlQzMlQTlsZWN0cmlxdWVzJTIwaGF1dGUlMjB0ZW5zaW9uJTNDJTJGYSUzRSUzQyUyRmxpJTNFJTBBJTBBJTNDbGklM0UlM0NhJTIwaHJlZiUzRCUyMmh0dHBzJTNBJTJGJTJGc2Npc2EuZXMlMkZmciUyRmluc3BlY3Rpb24lMkZlcXVpcGVtZW50LXNvdXMtcHJlc3Npb24lMkYlMjIlM0UlQzMlODlxdWlwZW1lbnQlMjBzb3VzJTIwcHJlc3Npb24lM0MlMkZhJTNFJTNDJTJGbGklM0UlMEElMEElM0NsaSUzRSUzQ2ElMjBocmVmJTNEJTIyaHR0cHMlM0ElMkYlMkZzY2lzYS5lcyUyRmZyJTJGaW5zcGVjdGlvbiUyRmluc3RhbGxhdGlvbnMtZnJpZ29yaWZpcXVlcyUyRiUyMiUzRUluc3RhbGxhdGlvbnMlMjBmcmlnb3JpZmlxdWVzJTNDJTJGYSUzRSUzQyUyRmxpJTNFJTBBJTBBJTBBJTNDbGklM0UlM0NhJTIwaHJlZiUzRCUyMmh0dHBzJTNBJTJGJTJGc2Npc2EuZXMlMkZmciUyRmluc3BlY3Rpb24lMkZwcm9kdWl0cy1jaGltaXF1ZXMlMkYlMjIlM0VQcm9kdWl0cyUyMGNoaW1pcXVlcyUzQyUyRmElM0UlM0MlMkZsaSUzRSUwQSUwQSUzQ2xpJTNFJTNDYSUyMGhyZWYlM0QlMjJodHRwcyUzQSUyRiUyRnNjaXNhLmVzJTJGZnIlMkZpbnNwZWN0aW9uJTJGaW5zdGFsbGF0aW9ucy1wZXRyb2xpZXJlcyUyRiUyMiUzRUluc3RhbGxhdGlvbnMlMjBwJUMzJUE5dHJvbGklQzMlQThyZXMlM0MlMkZhJTNFJTNDJTJGbGklM0UlMEElMEElM0NsaSUzRSUzQ2ElMjBocmVmJTNEJTIyaHR0cHMlM0ElMkYlMkZzY2lzYS5lcyUyRmZyJTJGaW5zcGVjdGlvbiUyRnRyYW5zcG9ydC1kZS1sYXRwJTJGJTIyJTNFVHJhbnNwb3J0JTIwZGUlMjBsJTI3QVRQJTNDJTJGYSUzRSUzQyUyRmxpJTNFJTBBJTBBJTNDbGklM0UlM0NhJTIwaHJlZiUzRCUyMmh0dHBzJTNBJTJGJTJGc2Npc2EuZXMlMkZmciUyRmluc3BlY3Rpb24lMkZpbnN0YWxsYXRpb25zLXRoZXJtaXF1ZXMlMkYlMjIlM0VJbnN0YWxsYXRpb25zJTIwdGhlcm1pcXVlcyUzQyUyRmElM0UlM0MlMkZsaSUzRSUwQSUwQSUzQyUyRnVsJTNF[\/vc_raw_html][vc_empty_space][vc_raw_html]PGg1PkNvbnRhY3QgYXZlYyBub3VzPC9oNT4=[\/vc_raw_html][vc_separator type=&#8221;normal&#8221; color=&#8221;#bcbcbc&#8221; thickness=&#8221;1&#8243; transparency=&#8221;0.4&#8243;][vc_widget_sidebar sidebar_id=&#8221;sidebar-blog&#8221;][\/vc_column][vc_column width=&#8221;3\/4&#8243;][vc_row_inner row_type=&#8221;row&#8221; type=&#8221;full_width&#8221; text_align=&#8221;left&#8221; css_animation=&#8221;&#8221; css=&#8221;.vc_custom_1639654729177{background-color: #ffffff !important;}&#8221;][vc_column_inner css=&#8221;.vc_custom_1644424015460{padding-right: 45px !important;padding-left: 45px !important;}&#8221;][vc_empty_space][vc_column_text] INSPECTIONS DES INSTALLATIONS DE COMBUSTIBLE GAZEUX Inspections des installations&#8230;<\/p>\n","protected":false},"author":1,"featured_media":0,"parent":58106,"menu_order":0,"comment_status":"closed","ping_status":"closed","template":"","meta":{"footnotes":""},"class_list":["post-58309","page","type-page","status-publish","hentry"],"_links":{"self":[{"href":"https:\/\/scisa.es\/fr\/wp-json\/wp\/v2\/pages\/58309","targetHints":{"allow":["GET"]}}],"collection":[{"href":"https:\/\/scisa.es\/fr\/wp-json\/wp\/v2\/pages"}],"about":[{"href":"https:\/\/scisa.es\/fr\/wp-json\/wp\/v2\/types\/page"}],"author":[{"embeddable":true,"href":"https:\/\/scisa.es\/fr\/wp-json\/wp\/v2\/users\/1"}],"replies":[{"embeddable":true,"href":"https:\/\/scisa.es\/fr\/wp-json\/wp\/v2\/comments?post=58309"}],"version-history":[{"count":0,"href":"https:\/\/scisa.es\/fr\/wp-json\/wp\/v2\/pages\/58309\/revisions"}],"up":[{"embeddable":true,"href":"https:\/\/scisa.es\/fr\/wp-json\/wp\/v2\/pages\/58106"}],"wp:attachment":[{"href":"https:\/\/scisa.es\/fr\/wp-json\/wp\/v2\/media?parent=58309"}],"curies":[{"name":"wp","href":"https:\/\/api.w.org\/{rel}","templated":true}]}}