{"id":58315,"date":"2021-12-16T08:54:09","date_gmt":"2021-12-16T08:54:09","guid":{"rendered":"https:\/\/scisa.es\/inspection\/inspection-des-vehicules-et-des-machines-gnc-pem-d-r-1215-97\/"},"modified":"2023-01-25T12:26:30","modified_gmt":"2023-01-25T12:26:30","slug":"inspection-des-vehicules-et-des-machines-gnc-pem-d-r-1215-97","status":"publish","type":"page","link":"https:\/\/scisa.es\/fr\/inspection\/inspection-des-vehicules-et-des-machines-gnc-pem-d-r-1215-97\/","title":{"rendered":"Inspection des v\u00e9hicules et des machines (GNC, PEM, D.R. 1215\/97)"},"content":{"rendered":"<div class=\"wpb-content-wrapper\"><p>[vc_row css_animation=&#8221;&#8221; row_type=&#8221;row&#8221; use_row_as_full_screen_section=&#8221;no&#8221; type=&#8221;full_width&#8221; angled_section=&#8221;no&#8221; text_align=&#8221;left&#8221; background_image_as_pattern=&#8221;without_pattern&#8221;][vc_column width=&#8221;1\/4&#8243;][vc_raw_html]PGg1PkF1dHJlcyBzZXJ2aWNlcyBJTlNQRUNUSU9OPC9oNT4=[\/vc_raw_html][vc_separator type=&#8221;normal&#8221; color=&#8221;#bcbcbc&#8221; thickness=&#8221;1&#8243; transparency=&#8221;0.4&#8243;][vc_raw_html]JTNDdWwlMjBjbGFzcyUzRCUyMm1lbnUtbGF0ZXJhbCUyMiUzRSUwQSUzQ2xpJTIwY2xhc3MlM0QlMjJ2b2x2ZXIlMjIlM0UlM0NhJTIwaHJlZiUzRCUyMmh0dHBzJTNBJTJGJTJGc2Npc2EuZXMlMkZmciUyRmluc3BlY3Rpb24lMkYlMjIlM0UlM0NpJTIwY2xhc3MlM0QlMjJmYSUyMGZhLWJhY2t3YXJkJTIyJTIwYXJpYS1oaWRkZW4lM0QlMjJ0cnVlJTIyJTNFJTNDJTJGaSUzRSUyMCUyMElOU1BFQ1RJT04lM0MlMkZhJTNFJTNDJTJGbGklM0UlMEElMEElM0NsaSUyMGNsYXNzJTNEJTIyc2luLWVubGFjZSUyMiUzRUlOU1BFQ1RJT04lMjBERVMlMjBWJUMzJTg5SElDVUxFUyUyMEVUJTIwREVTJTIwTUFDSElORVMlMjAlMjhDTkclMkMlMjBQRU1QJTJDJTIwUi5ELiUyMDEyMTUlMkY5NyUyOSUzQyUyRmxpJTNFJTBBJTBBJTNDbGklM0UlM0NhJTIwaHJlZiUzRCUyMmh0dHBzJTNBJTJGJTJGc2Npc2EuZXMlMkZmciUyRmluc3BlY3Rpb24lMkZlbnRpdGUtZGluc3BlY3Rpb24tZXQtZGUtY29udHJvbGUtaW5kdXN0cmllbC1laWNpJTJGJTIyJTNFRU5USVQlQzMlODklMjBEJTI3SU5TUEVDVElPTiUyMEVUJTIwREUlMjBDT05UUiVDMyU5NExFJTIwSU5EVVNUUklFTCUyMCUyOEVJQ0klMjklM0MlMkZhJTNFJTNDJTJGbGklM0UlMEElMEElM0NsaSUzRSUzQ2ElMjBocmVmJTNEJTIyaHR0cHMlM0ElMkYlMkZzY2lzYS5lcyUyRmZyJTJGZ2VzaW4lMkYlMjIlM0VHRVNJTiUzQyUyRmElM0UlM0MlMkZsaSUzRSUwQSUwQSUzQ2xpJTNFJTNDYSUyMGhyZWYlM0QlMjJodHRwcyUzQSUyRiUyRnNjaXNhLmVzJTJGZnIlMkZlZmZpY2FjaXRlLWVuZXJnZXRpcXVlJTJGJTIyJTNFRUZGSUNBQ0lUJUMzJTg5JTIwJUMzJTg5TkVSRyVDMyU4OVRJUVVFJTNDJTJGYSUzRSUzQyUyRmxpJTNFJTBBJTBBJTNDJTJGdWwlM0U=[\/vc_raw_html][vc_empty_space][vc_raw_html]PGg1PkNvbnRhY3QgYXZlYyBub3VzPC9oNT4=[\/vc_raw_html][vc_separator type=&#8221;normal&#8221; color=&#8221;#bcbcbc&#8221; thickness=&#8221;1&#8243; transparency=&#8221;0.4&#8243;][vc_widget_sidebar sidebar_id=&#8221;sidebar-blog&#8221;][\/vc_column][vc_column width=&#8221;3\/4&#8243;][vc_row_inner row_type=&#8221;row&#8221; type=&#8221;full_width&#8221; text_align=&#8221;left&#8221; css_animation=&#8221;&#8221; css=&#8221;.vc_custom_1639654729177{background-color: #ffffff !important;}&#8221;][vc_column_inner css=&#8221;.vc_custom_1639654809595{padding-right: 45px !important;padding-left: 45px !important;background-color: #ffffff !important;}&#8221;][vc_column_text]<\/p>\n<h2 class=\"internas-titul\">TYPE D&#8217;ENTIT\u00c9 D&#8217;INSPECTION A<\/h2>\n<p style=\"text-align: left;\"><a href=\"https:\/\/scisa.es\/fr\/\" target=\"_blank\" rel=\"noopener\">SCI<\/a>, en tant qu&#8217;<strong>organisme d&#8217;inspection de type A<\/strong>, certifie la conformit\u00e9 &#8211; \u00e0 une norme, \u00e0 un d\u00e9cret royal ou \u00e0 un r\u00e8glement &#8211; des \u00e9quipements et des installations inclus dans la port\u00e9e de son accr\u00e9ditation.<\/p>\n<p>[\/vc_column_text][vc_empty_space][\/vc_column_inner][\/vc_row_inner][vc_empty_space][vc_row_inner row_type=&#8221;row&#8221; type=&#8221;full_width&#8221; text_align=&#8221;left&#8221; css_animation=&#8221;&#8221; css=&#8221;.vc_custom_1639742702193{padding-right: 0px !important;padding-left: 25px !important;background-color: #ffffff !important;}&#8221;][vc_column_inner width=&#8221;1\/2&#8243;][vc_empty_space][vc_column_text]<\/p>\n<h2 class=\"internas-titul\">Elle est actuellement autoris\u00e9e \u00e0 effectuer des inspections dans les domaines suivants :<\/h2>\n<p><strong>Inspection p\u00e9riodique de l&#8217;installation et v\u00e9rification des bouteilles \u00e0 haute pression<\/strong> pour le stockage de Gaz Naturel Comprim\u00e9 (GNC) utilis\u00e9 comme carburant dans les v\u00e9hicules (Norme UNE 26525:2007\/1M:2009. 1er Amendement).[\/vc_column_text][vc_column_text]<strong>SCI<\/strong> a \u00e9t\u00e9 la premi\u00e8re entit\u00e9 \u00e0 \u00eatre accr\u00e9dit\u00e9e pour l&#8217;<strong>inspection des v\u00e9hicules<\/strong> GNC. Nous avons donc une grande exp\u00e9rience dans l&#8217;inspection de v\u00e9hicules de diff\u00e9rents types (autobus urbains, camions de collecte USW, camionnettes, taxis et voitures priv\u00e9es) dans tout le pays.<\/p>\n<p>Le contr\u00f4le de l&#8217;installation GNC du v\u00e9hicule doit \u00eatre effectu\u00e9 au plus tard tous les <strong>48 mois<\/strong>&#8211; consulter les instructions du constructeur \u00e0 cet \u00e9gard &#8211; ainsi qu&#8217;en cas d&#8217;accident ou de modification de l&#8217;installation.[\/vc_column_text][vc_empty_space][\/vc_column_inner][vc_column_inner width=&#8221;1\/2&#8243; css=&#8221;.vc_custom_1643902311585{padding-right: 0px !important;}&#8221;][vc_single_image image=&#8221;56385&#8243; img_size=&#8221;full&#8221; alignment=&#8221;center&#8221; qode_css_animation=&#8221;&#8221; el_class=&#8221;imagen-cover2&#8243;][\/vc_column_inner][\/vc_row_inner][vc_row_inner row_type=&#8221;row&#8221; type=&#8221;full_width&#8221; text_align=&#8221;left&#8221; css_animation=&#8221;&#8221; css=&#8221;.vc_custom_1639742702193{padding-right: 0px !important;padding-left: 25px !important;background-color: #ffffff !important;}&#8221;][vc_column_inner][vc_column_text]<strong>2.- Inspection des plateformes \u00e9l\u00e9vatrices mobiles de personnes (Norme UNE 58921\/2017).<\/strong><\/p>\n<p>L&#8217;utilisation des <strong>plates-formes \u00e9l\u00e9vatrices mobiles de personnel (PEMP)<\/strong> est de plus en plus fr\u00e9quente car elles sont devenues un \u00e9l\u00e9ment essentiel pour le travail en hauteur dans diff\u00e9rents domaines, que ce soit pour l&#8217;assemblage, la r\u00e9paration, l&#8217;inspection, entre autres.<\/p>\n<p>Le site <strong>les plates-formes \u00e9l\u00e9vatrices mobiles de personnel (PEMP)<\/strong>En plus de respecter les exigences de s\u00e9curit\u00e9 du RD 1215\/1997 en tant qu&#8217;\u00e9quipement de travail, afin de garantir une utilisation s\u00fbre, elles doivent \u00eatre inspect\u00e9es selon les points inclus dans la norme UNE 58.921:2002 &#8220;Instructions pour l&#8217;installation, le fonctionnement, la maintenance, les r\u00e9visions et les inspections des plates-formes \u00e9l\u00e9vatrices mobiles de personnel&#8221;. <strong>(PEMP)<\/strong>&#8220;.<\/p>\n<p>Comme il n&#8217;existe pas de r\u00e9glementation sp\u00e9cifique pour ce type de machines, sur les conditions d&#8217;installation, d&#8217;exploitation, de maintenance, etc. qui d\u00e9veloppent les principes requis dans la r\u00e9glementation susmentionn\u00e9e, il est consid\u00e9r\u00e9 que la conformit\u00e9 \u00e0 la norme UNE-58921:2017 constitue une mani\u00e8re de respecter les exigences l\u00e9gales susmentionn\u00e9es.<\/p>\n<p>C&#8217;est ce qu&#8217;indique la recommandation sur le PEMP du minist\u00e8re de l&#8217;Industrie, du Commerce et du Tourisme, dat\u00e9e de 2019.<\/p>\n<p>SCI, S.A. est accr\u00e9dit\u00e9e en tant qu&#8217;entit\u00e9 d&#8217;inspection de type A et certifie la conformit\u00e9 \u00e0 la norme UNE 58921\/2017.[\/vc_column_text][vc_empty_space]<a  itemprop=\"url\" href=\"https:\/\/scisa.es\/contacto\/\" target=\"_blank\" data-hover-border-color=\"#000000\" data-hover-color=\"#ffffff\" class=\"qbutton  white default\" style=\"color: #000000; border-color: #757575; \">Plus d'informations<\/a>[vc_empty_space][\/vc_column_inner][\/vc_row_inner][vc_row_inner row_type=&#8221;row&#8221; type=&#8221;full_width&#8221; text_align=&#8221;left&#8221; css_animation=&#8221;&#8221; css=&#8221;.vc_custom_1643712262796{padding-right: 0px !important;padding-left: 0px !important;}&#8221;][vc_column_inner css=&#8221;.vc_custom_1643712305357{padding-right: 0px !important;padding-left: 0px !important;}&#8221;][vc_gallery type=&#8221;image_grid&#8221; images=&#8221;56381,56383&#8243; img_size=&#8221;full&#8221; column_number=&#8221;2&#8243; grayscale=&#8221;no&#8221; images_space=&#8221;gallery_with_space&#8221;][\/vc_column_inner][\/vc_row_inner][vc_row_inner row_type=&#8221;row&#8221; type=&#8221;full_width&#8221; text_align=&#8221;left&#8221; css_animation=&#8221;&#8221; css=&#8221;.vc_custom_1643711721869{margin-top: 32px !important;background-color: #ffffff !important;}&#8221;][vc_column_inner css=&#8221;.vc_custom_1639654835560{padding-right: 45px !important;padding-left: 45px !important;}&#8221;][vc_empty_space][vc_column_text]<strong>3.- Inspection des canalisations de transport et de distribution de gaz combustible<\/strong> (Arr\u00eat\u00e9 du 18 novembre 1974 pour les pressions sup\u00e9rieures \u00e0 16 bar -transport- et ITC IGC01 du <a href=\"https:\/\/www.boe.es\/diario_boe\/txt.php?id=BOE-A-2006-15345\" target=\"_blank\" rel=\"noopener\">R.D. 919\/2006<\/a> pour les pressions inf\u00e9rieures \u00e0 16 bar -distribution-).<\/p>\n<p><strong>Inspection des machines en tant qu&#8217;\u00e9quipements de travail<\/strong> (annexe I du <a href=\"http:\/\/www.boe.es\/buscar\/doc.php?id=BOE-A-1997-17824\" target=\"_blank\" rel=\"noopener\">D.R. 1215\/97<\/a>, modifi\u00e9 par le <a href=\"https:\/\/www.boe.es\/diario_boe\/txt.php?id=BOE-A-2004-19311\" target=\"_blank\" rel=\"noopener\">D.R. 2177\/2004<\/a>).<\/p>\n<p>Les \u00e9quipements de travail, et en particulier les machines, sont une source importante de risques. Le respect des dispositions minimales de s\u00e9curit\u00e9, afin qu&#8217;aucune situation dangereuse ne se produise lors de l&#8217;utilisation quotidienne de la machine, rev\u00eat donc une grande importance. <a href=\"http:\/\/www.boe.es\/buscar\/doc.php?id=BOE-A-1997-17824\" target=\"_blank\" rel=\"noopener\">R.D. 1215\/97<\/a> sur la s\u00e9curit\u00e9 des \u00e9quipements de travail.<\/p>\n<p>Pour les machines fabriqu\u00e9es avant 1995 : il est obligatoire de les mettre en conformit\u00e9 avec le <a href=\"http:\/\/www.boe.es\/buscar\/doc.php?id=BOE-A-1997-17824\" target=\"_blank\" rel=\"noopener\">R.D. 1215\/97<\/a>.<\/p>\n<p>Pour les machines fabriqu\u00e9es apr\u00e8s 1995 : le marquage CE est obligatoire pour la mise sur le march\u00e9 de l&#8217;UE.[\/vc_column_text][vc_empty_space][\/vc_column_inner][\/vc_row_inner][vc_row_inner row_type=&#8221;row&#8221; type=&#8221;full_width&#8221; text_align=&#8221;left&#8221; css_animation=&#8221;&#8221; css=&#8221;.vc_custom_1643712262796{padding-right: 0px !important;padding-left: 0px !important;}&#8221;][vc_column_inner css=&#8221;.vc_custom_1643712305357{padding-right: 0px !important;padding-left: 0px !important;}&#8221;][vc_gallery type=&#8221;image_grid&#8221; images=&#8221;56387,56389,56391,56393&#8243; img_size=&#8221;full&#8221; column_number=&#8221;4&#8243; grayscale=&#8221;yes&#8221; images_space=&#8221;gallery_without_space&#8221;][\/vc_column_inner][\/vc_row_inner][vc_empty_space][\/vc_column][\/vc_row][vc_row css_animation=&#8221;&#8221; row_type=&#8221;row&#8221; use_row_as_full_screen_section=&#8221;no&#8221; type=&#8221;full_width&#8221; angled_section=&#8221;no&#8221; text_align=&#8221;left&#8221; background_image_as_pattern=&#8221;without_pattern&#8221;][vc_column][vc_empty_space height=&#8221;64px&#8221;][\/vc_column][\/vc_row]<\/p>\n<\/div>","protected":false},"excerpt":{"rendered":"<p>[vc_row css_animation=&#8221;&#8221; row_type=&#8221;row&#8221; use_row_as_full_screen_section=&#8221;no&#8221; type=&#8221;full_width&#8221; angled_section=&#8221;no&#8221; text_align=&#8221;left&#8221; background_image_as_pattern=&#8221;without_pattern&#8221;][vc_column width=&#8221;1\/4&#8243;][vc_raw_html]PGg1PkF1dHJlcyBzZXJ2aWNlcyBJTlNQRUNUSU9OPC9oNT4=[\/vc_raw_html][vc_separator type=&#8221;normal&#8221; color=&#8221;#bcbcbc&#8221; thickness=&#8221;1&#8243; transparency=&#8221;0.4&#8243;][vc_raw_html]JTNDdWwlMjBjbGFzcyUzRCUyMm1lbnUtbGF0ZXJhbCUyMiUzRSUwQSUzQ2xpJTIwY2xhc3MlM0QlMjJ2b2x2ZXIlMjIlM0UlM0NhJTIwaHJlZiUzRCUyMmh0dHBzJTNBJTJGJTJGc2Npc2EuZXMlMkZmciUyRmluc3BlY3Rpb24lMkYlMjIlM0UlM0NpJTIwY2xhc3MlM0QlMjJmYSUyMGZhLWJhY2t3YXJkJTIyJTIwYXJpYS1oaWRkZW4lM0QlMjJ0cnVlJTIyJTNFJTNDJTJGaSUzRSUyMCUyMElOU1BFQ1RJT04lM0MlMkZhJTNFJTNDJTJGbGklM0UlMEElMEElM0NsaSUyMGNsYXNzJTNEJTIyc2luLWVubGFjZSUyMiUzRUlOU1BFQ1RJT04lMjBERVMlMjBWJUMzJTg5SElDVUxFUyUyMEVUJTIwREVTJTIwTUFDSElORVMlMjAlMjhDTkclMkMlMjBQRU1QJTJDJTIwUi5ELiUyMDEyMTUlMkY5NyUyOSUzQyUyRmxpJTNFJTBBJTBBJTNDbGklM0UlM0NhJTIwaHJlZiUzRCUyMmh0dHBzJTNBJTJGJTJGc2Npc2EuZXMlMkZmciUyRmluc3BlY3Rpb24lMkZlbnRpdGUtZGluc3BlY3Rpb24tZXQtZGUtY29udHJvbGUtaW5kdXN0cmllbC1laWNpJTJGJTIyJTNFRU5USVQlQzMlODklMjBEJTI3SU5TUEVDVElPTiUyMEVUJTIwREUlMjBDT05UUiVDMyU5NExFJTIwSU5EVVNUUklFTCUyMCUyOEVJQ0klMjklM0MlMkZhJTNFJTNDJTJGbGklM0UlMEElMEElM0NsaSUzRSUzQ2ElMjBocmVmJTNEJTIyaHR0cHMlM0ElMkYlMkZzY2lzYS5lcyUyRmZyJTJGZ2VzaW4lMkYlMjIlM0VHRVNJTiUzQyUyRmElM0UlM0MlMkZsaSUzRSUwQSUwQSUzQ2xpJTNFJTNDYSUyMGhyZWYlM0QlMjJodHRwcyUzQSUyRiUyRnNjaXNhLmVzJTJGZnIlMkZlZmZpY2FjaXRlLWVuZXJnZXRpcXVlJTJGJTIyJTNFRUZGSUNBQ0lUJUMzJTg5JTIwJUMzJTg5TkVSRyVDMyU4OVRJUVVFJTNDJTJGYSUzRSUzQyUyRmxpJTNFJTBBJTBBJTNDJTJGdWwlM0U=[\/vc_raw_html][vc_empty_space][vc_raw_html]PGg1PkNvbnRhY3QgYXZlYyBub3VzPC9oNT4=[\/vc_raw_html][vc_separator type=&#8221;normal&#8221; color=&#8221;#bcbcbc&#8221; thickness=&#8221;1&#8243; transparency=&#8221;0.4&#8243;][vc_widget_sidebar sidebar_id=&#8221;sidebar-blog&#8221;][\/vc_column][vc_column width=&#8221;3\/4&#8243;][vc_row_inner row_type=&#8221;row&#8221; type=&#8221;full_width&#8221; text_align=&#8221;left&#8221; css_animation=&#8221;&#8221; css=&#8221;.vc_custom_1639654729177{background-color: #ffffff !important;}&#8221;][vc_column_inner css=&#8221;.vc_custom_1639654809595{padding-right: 45px !important;padding-left: 45px !important;background-color: #ffffff !important;}&#8221;][vc_column_text] TYPE D&#8217;ENTIT\u00c9 D&#8217;INSPECTION A SCI, en tant qu&#8217;organisme d&#8217;inspection de type A,&#8230;<\/p>\n","protected":false},"author":1,"featured_media":0,"parent":58106,"menu_order":0,"comment_status":"closed","ping_status":"closed","template":"","meta":{"footnotes":""},"class_list":["post-58315","page","type-page","status-publish","hentry"],"_links":{"self":[{"href":"https:\/\/scisa.es\/fr\/wp-json\/wp\/v2\/pages\/58315","targetHints":{"allow":["GET"]}}],"collection":[{"href":"https:\/\/scisa.es\/fr\/wp-json\/wp\/v2\/pages"}],"about":[{"href":"https:\/\/scisa.es\/fr\/wp-json\/wp\/v2\/types\/page"}],"author":[{"embeddable":true,"href":"https:\/\/scisa.es\/fr\/wp-json\/wp\/v2\/users\/1"}],"replies":[{"embeddable":true,"href":"https:\/\/scisa.es\/fr\/wp-json\/wp\/v2\/comments?post=58315"}],"version-history":[{"count":0,"href":"https:\/\/scisa.es\/fr\/wp-json\/wp\/v2\/pages\/58315\/revisions"}],"up":[{"embeddable":true,"href":"https:\/\/scisa.es\/fr\/wp-json\/wp\/v2\/pages\/58106"}],"wp:attachment":[{"href":"https:\/\/scisa.es\/fr\/wp-json\/wp\/v2\/media?parent=58315"}],"curies":[{"name":"wp","href":"https:\/\/api.w.org\/{rel}","templated":true}]}}