{"id":58327,"date":"2021-12-01T10:15:31","date_gmt":"2021-12-01T10:15:31","guid":{"rendered":"https:\/\/scisa.es\/controle-non-destructif\/test-de-fuite-a-lhelium\/"},"modified":"2023-02-02T11:41:47","modified_gmt":"2023-02-02T11:41:47","slug":"test-de-fuite-a-lhelium","status":"publish","type":"page","link":"https:\/\/scisa.es\/fr\/controles-non-destructifs-et-laboratoire-de-metallurgie\/essais-non-destructifs\/test-de-fuite-a-lhelium\/","title":{"rendered":"Test de fuite \u00e0 l&#8217;h\u00e9lium"},"content":{"rendered":"<div class=\"wpb-content-wrapper\"><p>[vc_row css_animation=&#8221;&#8221; row_type=&#8221;row&#8221; use_row_as_full_screen_section=&#8221;no&#8221; type=&#8221;full_width&#8221; angled_section=&#8221;no&#8221; text_align=&#8221;left&#8221; background_image_as_pattern=&#8221;without_pattern&#8221;][vc_column width=&#8221;1\/4&#8243;][vc_raw_html]PGg1PkF1dHJlcyBzZXJ2aWNlcyBkZSBDTkQ8L2g1Pg==[\/vc_raw_html][vc_separator type=&#8221;normal&#8221; color=&#8221;#bcbcbc&#8221; thickness=&#8221;1&#8243; transparency=&#8221;0.4&#8243;][vc_raw_html]JTNDdWwlMjBjbGFzcyUzRCUyMm1lbnUtbGF0ZXJhbCUyMiUzRSUwQSUzQ2xpJTIwY2xhc3MlM0QlMjJ2b2x2ZXIlMjIlM0UlM0NhJTIwaHJlZiUzRCUyMmh0dHBzJTNBJTJGJTJGc2Npc2EuZXMlMkZmciUyRmNvbnRyb2xlcy1ub24tZGVzdHJ1Y3RpZnMtZXQtbGFib3JhdG9pcmUtZGUtbWV0YWxsdXJnaWUlMkYlMjIlM0UlM0NpJTIwY2xhc3MlM0QlMjJmYSUyMGZhLWJhY2t3YXJkJTIyJTIwYXJpYS1oaWRkZW4lM0QlMjJ0cnVlJTIyJTNFJTNDJTJGaSUzRSUyMCUyMExBQk9SQVRPSVJFJTIwRCUyN0VTU0FJUyUyME5PTiUyMERFU1RSVUNUSUZTJTIwRVQlMjBNJUMzJTg5VEFMTFVSR0lRVUVTJTNDJTJGYSUzRSUzQyUyRmxpJTNFJTBBJTBBJTNDbGklM0UlM0NhJTIwaHJlZiUzRCUyMmh0dHBzJTNBJTJGJTJGc2Npc2EuZXMlMkZmciUyRmNvbnRyb2xlcy1ub24tZGVzdHJ1Y3RpZnMtZXQtbGFib3JhdG9pcmUtZGUtbWV0YWxsdXJnaWUlMkZlc3NhaXMtbm9uLWRlc3RydWN0aWZzJTJGY29udHJvbGVzLXBhci1yYWRpb2dyYXBoaWUtaW5kdXN0cmllbGxlJTJGJTIyJTNFRXNzYWlzJTIwZGUlMjByYWRpb2dyYXBoaWUlMjBpbmR1c3RyaWVsbGUlM0MlMkZhJTNFJTNDJTJGbGklM0UlMEElMEElM0NsaSUzRSUzQ2ElMjBocmVmJTNEJTIyaHR0cHMlM0ElMkYlMkZzY2lzYS5lcyUyRmZyJTJGY29udHJvbGVzLW5vbi1kZXN0cnVjdGlmcy1ldC1sYWJvcmF0b2lyZS1kZS1tZXRhbGx1cmdpZSUyRmVzc2Fpcy1ub24tZGVzdHJ1Y3RpZnMlMkZjb250cm9sZXMtcGFyLXVsdHJhc29ucyUyRiUyMiUzRUNvbnRyb2xlcyUyMHBhciUyMFVsdHJhc29ucyUzQyUyRmElM0UlM0MlMkZsaSUzRSUwQSUwQSUwQSUzQ2xpJTNFJTNDYSUyMGhyZWYlM0QlMjJodHRwcyUzQSUyRiUyRnNjaXNhLmVzJTJGZnIlMkZjb250cm9sZXMtbm9uLWRlc3RydWN0aWZzLWV0LWxhYm9yYXRvaXJlLWRlLW1ldGFsbHVyZ2llJTJGZXNzYWlzLW5vbi1kZXN0cnVjdGlmcyUyRmNvbnRyb2xlLXBhci1tYWduZXRvc2NvcGllJTJGJTIyJTNFVGVzdCUyMGRlJTIwcGFydGljdWxlcyUyMG1hZ24lQzMlQTl0aXF1ZXMlM0MlMkZhJTNFJTNDJTJGbGklM0UlMEElMEElM0NsaSUzRSUzQ2ElMjBocmVmJTNEJTIyaHR0cHMlM0ElMkYlMkZzY2lzYS5lcyUyRmZyJTJGY29udHJvbGVzLW5vbi1kZXN0cnVjdGlmcy1ldC1sYWJvcmF0b2lyZS1kZS1tZXRhbGx1cmdpZSUyRmVzc2Fpcy1ub24tZGVzdHJ1Y3RpZnMlMkZjb250cm9sZS1wYXItcmVzc3VhZ2UlMkYlMjIlM0VDb250ciVDMyVCNGxlJTIwcGFyJTIwcmVzc3VhZ2UlM0MlMkZhJTNFJTNDJTJGbGklM0UlMEElMEElM0NsaSUzRSUzQ2ElMjBocmVmJTNEJTIyaHR0cHMlM0ElMkYlMkZzY2lzYS5lcyUyRmZyJTJGY29udHJvbGVzLW5vbi1kZXN0cnVjdGlmcy1ldC1sYWJvcmF0b2lyZS1kZS1tZXRhbGx1cmdpZSUyRmVzc2Fpcy1ub24tZGVzdHJ1Y3RpZnMlMkZlc3NhaXMtcGFyLWNvdXJhbnRzLWRlLWZvdWNhdWx0JTJGJTIyJTNFRXNzYWlzJTIwcGFyJTIwY291cmFudHMlMjBkZSUyMEZvdWNhdWx0JTNDJTJGYSUzRSUzQyUyRmxpJTNFJTBBJTBBJTBBJTBBJTNDbGklMjBjbGFzcyUzRCUyMnNpbi1lbmxhY2UlMjIlM0VUZXN0JTIwZGUlMjBmdWl0ZSUyMCVDMyVBMCUyMGwlMjdoJUMzJUE5bGl1bSUzQyUyRmxpJTNFJTBBJTBBJTNDbGklM0UlM0NhJTIwaHJlZiUzRCUyMmh0dHBzJTNBJTJGJTJGc2Npc2EuZXMlMkZmciUyRmNvbnRyb2xlcy1ub24tZGVzdHJ1Y3RpZnMtZXQtbGFib3JhdG9pcmUtZGUtbWV0YWxsdXJnaWUlMkZlc3NhaXMtbm9uLWRlc3RydWN0aWZzJTJGaW5zcGVjdGlvbi1kZXMtc291ZHVyZXMtZGVzLXRvdXJzLWVvbGllbm5lcyUyRiUyMiUzRSUyMCUyMEluc3BlY3Rpb24lMjBkZXMlMjBzb3VkdXJlcyUyMGRlcyUyMHRvdXJzJTIwZCUyNyVDMyVBOW9saWVubmVzJTNDJTJGYSUzRSUzQyUyRmxpJTNFJTBBJTBBJTNDbGklM0UlM0NhJTIwaHJlZiUzRCUyMmh0dHBzJTNBJTJGJTJGc2Npc2EuZXMlMkZmciUyRmNvbnRyb2xlcy1ub24tZGVzdHJ1Y3RpZnMtZXQtbGFib3JhdG9pcmUtZGUtbWV0YWxsdXJnaWUlMkZlc3NhaXMtbm9uLWRlc3RydWN0aWZzJTJGaW5zcGVjdGlvbi11bHRyYXNvbmlxdWUtZGUtbGEtY29ycm9zaW9uJTJGJTIyJTNFSW5zcGVjdGlvbiUyMHVsdHJhc29uaXF1ZSUyMGRlJTIwbGElMjBjb3Jyb3Npb24lM0MlMkZhJTNFJTNDJTJGbGklM0UlMEElMEElM0NsaSUzRSUzQ2ElMjBocmVmJTNEJTIyaHR0cHMlM0ElMkYlMkZzY2lzYS5lcyUyRmZyJTJGY29udHJvbGVzLW5vbi1kZXN0cnVjdGlmcy1ldC1sYWJvcmF0b2lyZS1kZS1tZXRhbGx1cmdpZSUyRmVzc2Fpcy1ub24tZGVzdHJ1Y3RpZnMlMkZhdXRyZXMtZXNzYWlzLW5vbi1kZXN0cnVjdGlmcyUyRiUyMiUzRUF1dHJlcyUyMGVzc2FpcyUyMG5vbiUyMGRlc3RydWN0aWZzJTNDJTJGYSUzRSUzQyUyRmxpJTNFJTBBJTBBJTNDbGklM0UlM0NhJTIwaHJlZiUzRCUyMmh0dHBzJTNBJTJGJTJGc2Npc2EuZXMlMkZmciUyRmNvbnRyb2xlcy1ub24tZGVzdHJ1Y3RpZnMtZXQtbGFib3JhdG9pcmUtZGUtbWV0YWxsdXJnaWUlMkZlc3NhaXMtbm9uLWRlc3RydWN0aWZzJTJGZXNzYWlzLWFwcGxpcXVlcy1hdXgtcGlwZWxpbmVzLWV0LWF1eC1ncmFuZHMtcmVzZXJ2b2lycy1kZS1zdG9ja2FnZSUyRiUyMiUzRUVzc2FpcyUyMGFwcGxpcXUlQzMlQTlzJTIwYXV4JTIwcGlwZWxpbmVzJTIwZXQlMjBhdXglMjBncmFuZHMlMjByJUMzJUE5c2Vydm9pcnMlMjBkZSUyMHN0b2NrYWdlJTNDJTJGYSUzRSUzQyUyRmxpJTNFJTBBJTBBJTBBJTBBJTNDJTJGdWwlM0U=[\/vc_raw_html][vc_empty_space][vc_raw_html]PGg1PkNvbnRhY3QgYXZlYyBub3VzPC9oNT4=[\/vc_raw_html][vc_separator type=&#8221;normal&#8221; color=&#8221;#bcbcbc&#8221; thickness=&#8221;1&#8243; transparency=&#8221;0.4&#8243;][vc_widget_sidebar sidebar_id=&#8221;sidebar-blog&#8221;][\/vc_column][vc_column width=&#8221;3\/4&#8243;][vc_row_inner row_type=&#8221;row&#8221; type=&#8221;full_width&#8221; text_align=&#8221;left&#8221; css_animation=&#8221;&#8221; css=&#8221;.vc_custom_1639654729177{background-color: #ffffff !important;}&#8221;][vc_column_inner width=&#8221;2\/3&#8243; css=&#8221;.vc_custom_1649163097189{padding-right: 45px !important;padding-bottom: 32px !important;padding-left: 45px !important;background-color: #ffffff !important;}&#8221;][vc_empty_space height=&#8221;70px&#8221; el_class=&#8221;quitar-movil&#8221;][vc_column_text css=&#8221;.vc_custom_1644315729940{margin-bottom: 20px !important;}&#8221;]<\/p>\n<h2 class=\"internas-titul\">TEST DE FUITE \u00c0 L&#8217;H\u00c9LIUM<\/h2>\n<p>[\/vc_column_text][vc_column_text]<\/p>\n<p style=\"text-align: left; font-size: 18px; line-height: 34px;\"><strong>SCI<\/strong> a les moyens d&#8217;effectuer les tests suivants de <em><br \/>\n<strong><br \/>\ndes fuites d&#8217;h\u00e9lium :<\/strong><br \/>\n<\/em><\/p>\n<p>[\/vc_column_text][vc_column_text]<\/p>\n<ul class=\"lista-interna\">\n<li><i class=\"fa fa-angle-right\" aria-hidden=\"true\"><\/i>  D\u00e9tection des fuites de He par la <strong>m\u00e9thode du vide pouss\u00e9 avec une sensibilit\u00e9<\/strong> allant jusqu&#8217;\u00e0 5*10-13 Pa m3 \/s | 3.75 *10-12 Torr l\/s | 5*10-12 mbar l\/s.<\/li>\n<li><i class=\"fa fa-angle-right\" aria-hidden=\"true\"><\/i>  D\u00e9tection de fuites par la <strong>m\u00e9thode Sniffer<\/strong> pour les \u00e9quipements sous pression avec une sensibilit\u00e9 de test allant jusqu&#8217;\u00e0 1 * 10-8 Pa m3 \/s | 7.5 *10-8Torr l\/s | 1*10-7 mbar l\/s.<\/li>\n<\/ul>\n<p>[\/vc_column_text][\/vc_column_inner][vc_column_inner width=&#8221;1\/3&#8243; css=&#8221;.vc_custom_1644317775285{padding-right: 0px !important;padding-left: 45px !important;}&#8221;][vc_single_image image=&#8221;56545&#8243; img_size=&#8221;full&#8221; alignment=&#8221;right&#8221; qode_css_animation=&#8221;&#8221;][vc_single_image image=&#8221;56547&#8243; img_size=&#8221;full&#8221; alignment=&#8221;right&#8221; qode_css_animation=&#8221;&#8221;][\/vc_column_inner][\/vc_row_inner][\/vc_column][\/vc_row][vc_row css_animation=&#8221;&#8221; row_type=&#8221;row&#8221; use_row_as_full_screen_section=&#8221;no&#8221; type=&#8221;full_width&#8221; angled_section=&#8221;no&#8221; text_align=&#8221;left&#8221; background_image_as_pattern=&#8221;without_pattern&#8221;][vc_column][vc_empty_space height=&#8221;64px&#8221;][\/vc_column][\/vc_row]<\/p>\n<\/div>","protected":false},"excerpt":{"rendered":"<p>[vc_row css_animation=&#8221;&#8221; row_type=&#8221;row&#8221; use_row_as_full_screen_section=&#8221;no&#8221; type=&#8221;full_width&#8221; angled_section=&#8221;no&#8221; text_align=&#8221;left&#8221; background_image_as_pattern=&#8221;without_pattern&#8221;][vc_column width=&#8221;1\/4&#8243;][vc_raw_html]PGg1PkF1dHJlcyBzZXJ2aWNlcyBkZSBDTkQ8L2g1Pg==[\/vc_raw_html][vc_separator type=&#8221;normal&#8221; color=&#8221;#bcbcbc&#8221; thickness=&#8221;1&#8243; transparency=&#8221;0.4&#8243;][vc_raw_html]JTNDdWwlMjBjbGFzcyUzRCUyMm1lbnUtbGF0ZXJhbCUyMiUzRSUwQSUzQ2xpJTIwY2xhc3MlM0QlMjJ2b2x2ZXIlMjIlM0UlM0NhJTIwaHJlZiUzRCUyMmh0dHBzJTNBJTJGJTJGc2Npc2EuZXMlMkZmciUyRmNvbnRyb2xlcy1ub24tZGVzdHJ1Y3RpZnMtZXQtbGFib3JhdG9pcmUtZGUtbWV0YWxsdXJnaWUlMkYlMjIlM0UlM0NpJTIwY2xhc3MlM0QlMjJmYSUyMGZhLWJhY2t3YXJkJTIyJTIwYXJpYS1oaWRkZW4lM0QlMjJ0cnVlJTIyJTNFJTNDJTJGaSUzRSUyMCUyMExBQk9SQVRPSVJFJTIwRCUyN0VTU0FJUyUyME5PTiUyMERFU1RSVUNUSUZTJTIwRVQlMjBNJUMzJTg5VEFMTFVSR0lRVUVTJTNDJTJGYSUzRSUzQyUyRmxpJTNFJTBBJTBBJTNDbGklM0UlM0NhJTIwaHJlZiUzRCUyMmh0dHBzJTNBJTJGJTJGc2Npc2EuZXMlMkZmciUyRmNvbnRyb2xlcy1ub24tZGVzdHJ1Y3RpZnMtZXQtbGFib3JhdG9pcmUtZGUtbWV0YWxsdXJnaWUlMkZlc3NhaXMtbm9uLWRlc3RydWN0aWZzJTJGY29udHJvbGVzLXBhci1yYWRpb2dyYXBoaWUtaW5kdXN0cmllbGxlJTJGJTIyJTNFRXNzYWlzJTIwZGUlMjByYWRpb2dyYXBoaWUlMjBpbmR1c3RyaWVsbGUlM0MlMkZhJTNFJTNDJTJGbGklM0UlMEElMEElM0NsaSUzRSUzQ2ElMjBocmVmJTNEJTIyaHR0cHMlM0ElMkYlMkZzY2lzYS5lcyUyRmZyJTJGY29udHJvbGVzLW5vbi1kZXN0cnVjdGlmcy1ldC1sYWJvcmF0b2lyZS1kZS1tZXRhbGx1cmdpZSUyRmVzc2Fpcy1ub24tZGVzdHJ1Y3RpZnMlMkZjb250cm9sZXMtcGFyLXVsdHJhc29ucyUyRiUyMiUzRUNvbnRyb2xlcyUyMHBhciUyMFVsdHJhc29ucyUzQyUyRmElM0UlM0MlMkZsaSUzRSUwQSUwQSUwQSUzQ2xpJTNFJTNDYSUyMGhyZWYlM0QlMjJodHRwcyUzQSUyRiUyRnNjaXNhLmVzJTJGZnIlMkZjb250cm9sZXMtbm9uLWRlc3RydWN0aWZzLWV0LWxhYm9yYXRvaXJlLWRlLW1ldGFsbHVyZ2llJTJGZXNzYWlzLW5vbi1kZXN0cnVjdGlmcyUyRmNvbnRyb2xlLXBhci1tYWduZXRvc2NvcGllJTJGJTIyJTNFVGVzdCUyMGRlJTIwcGFydGljdWxlcyUyMG1hZ24lQzMlQTl0aXF1ZXMlM0MlMkZhJTNFJTNDJTJGbGklM0UlMEElMEElM0NsaSUzRSUzQ2ElMjBocmVmJTNEJTIyaHR0cHMlM0ElMkYlMkZzY2lzYS5lcyUyRmZyJTJGY29udHJvbGVzLW5vbi1kZXN0cnVjdGlmcy1ldC1sYWJvcmF0b2lyZS1kZS1tZXRhbGx1cmdpZSUyRmVzc2Fpcy1ub24tZGVzdHJ1Y3RpZnMlMkZjb250cm9sZS1wYXItcmVzc3VhZ2UlMkYlMjIlM0VDb250ciVDMyVCNGxlJTIwcGFyJTIwcmVzc3VhZ2UlM0MlMkZhJTNFJTNDJTJGbGklM0UlMEElMEElM0NsaSUzRSUzQ2ElMjBocmVmJTNEJTIyaHR0cHMlM0ElMkYlMkZzY2lzYS5lcyUyRmZyJTJGY29udHJvbGVzLW5vbi1kZXN0cnVjdGlmcy1ldC1sYWJvcmF0b2lyZS1kZS1tZXRhbGx1cmdpZSUyRmVzc2Fpcy1ub24tZGVzdHJ1Y3RpZnMlMkZlc3NhaXMtcGFyLWNvdXJhbnRzLWRlLWZvdWNhdWx0JTJGJTIyJTNFRXNzYWlzJTIwcGFyJTIwY291cmFudHMlMjBkZSUyMEZvdWNhdWx0JTNDJTJGYSUzRSUzQyUyRmxpJTNFJTBBJTBBJTBBJTBBJTNDbGklMjBjbGFzcyUzRCUyMnNpbi1lbmxhY2UlMjIlM0VUZXN0JTIwZGUlMjBmdWl0ZSUyMCVDMyVBMCUyMGwlMjdoJUMzJUE5bGl1bSUzQyUyRmxpJTNFJTBBJTBBJTNDbGklM0UlM0NhJTIwaHJlZiUzRCUyMmh0dHBzJTNBJTJGJTJGc2Npc2EuZXMlMkZmciUyRmNvbnRyb2xlcy1ub24tZGVzdHJ1Y3RpZnMtZXQtbGFib3JhdG9pcmUtZGUtbWV0YWxsdXJnaWUlMkZlc3NhaXMtbm9uLWRlc3RydWN0aWZzJTJGaW5zcGVjdGlvbi1kZXMtc291ZHVyZXMtZGVzLXRvdXJzLWVvbGllbm5lcyUyRiUyMiUzRSUyMCUyMEluc3BlY3Rpb24lMjBkZXMlMjBzb3VkdXJlcyUyMGRlcyUyMHRvdXJzJTIwZCUyNyVDMyVBOW9saWVubmVzJTNDJTJGYSUzRSUzQyUyRmxpJTNFJTBBJTBBJTNDbGklM0UlM0NhJTIwaHJlZiUzRCUyMmh0dHBzJTNBJTJGJTJGc2Npc2EuZXMlMkZmciUyRmNvbnRyb2xlcy1ub24tZGVzdHJ1Y3RpZnMtZXQtbGFib3JhdG9pcmUtZGUtbWV0YWxsdXJnaWUlMkZlc3NhaXMtbm9uLWRlc3RydWN0aWZzJTJGaW5zcGVjdGlvbi11bHRyYXNvbmlxdWUtZGUtbGEtY29ycm9zaW9uJTJGJTIyJTNFSW5zcGVjdGlvbiUyMHVsdHJhc29uaXF1ZSUyMGRlJTIwbGElMjBjb3Jyb3Npb24lM0MlMkZhJTNFJTNDJTJGbGklM0UlMEElMEElM0NsaSUzRSUzQ2ElMjBocmVmJTNEJTIyaHR0cHMlM0ElMkYlMkZzY2lzYS5lcyUyRmZyJTJGY29udHJvbGVzLW5vbi1kZXN0cnVjdGlmcy1ldC1sYWJvcmF0b2lyZS1kZS1tZXRhbGx1cmdpZSUyRmVzc2Fpcy1ub24tZGVzdHJ1Y3RpZnMlMkZhdXRyZXMtZXNzYWlzLW5vbi1kZXN0cnVjdGlmcyUyRiUyMiUzRUF1dHJlcyUyMGVzc2FpcyUyMG5vbiUyMGRlc3RydWN0aWZzJTNDJTJGYSUzRSUzQyUyRmxpJTNFJTBBJTBBJTNDbGklM0UlM0NhJTIwaHJlZiUzRCUyMmh0dHBzJTNBJTJGJTJGc2Npc2EuZXMlMkZmciUyRmNvbnRyb2xlcy1ub24tZGVzdHJ1Y3RpZnMtZXQtbGFib3JhdG9pcmUtZGUtbWV0YWxsdXJnaWUlMkZlc3NhaXMtbm9uLWRlc3RydWN0aWZzJTJGZXNzYWlzLWFwcGxpcXVlcy1hdXgtcGlwZWxpbmVzLWV0LWF1eC1ncmFuZHMtcmVzZXJ2b2lycy1kZS1zdG9ja2FnZSUyRiUyMiUzRUVzc2FpcyUyMGFwcGxpcXUlQzMlQTlzJTIwYXV4JTIwcGlwZWxpbmVzJTIwZXQlMjBhdXglMjBncmFuZHMlMjByJUMzJUE5c2Vydm9pcnMlMjBkZSUyMHN0b2NrYWdlJTNDJTJGYSUzRSUzQyUyRmxpJTNFJTBBJTBBJTBBJTBBJTNDJTJGdWwlM0U=[\/vc_raw_html][vc_empty_space][vc_raw_html]PGg1PkNvbnRhY3QgYXZlYyBub3VzPC9oNT4=[\/vc_raw_html][vc_separator type=&#8221;normal&#8221; color=&#8221;#bcbcbc&#8221; thickness=&#8221;1&#8243; transparency=&#8221;0.4&#8243;][vc_widget_sidebar sidebar_id=&#8221;sidebar-blog&#8221;][\/vc_column][vc_column width=&#8221;3\/4&#8243;][vc_row_inner row_type=&#8221;row&#8221; type=&#8221;full_width&#8221; text_align=&#8221;left&#8221; css_animation=&#8221;&#8221; css=&#8221;.vc_custom_1639654729177{background-color: #ffffff !important;}&#8221;][vc_column_inner width=&#8221;2\/3&#8243; css=&#8221;.vc_custom_1649163097189{padding-right: 45px !important;padding-bottom: 32px !important;padding-left: 45px !important;background-color: #ffffff !important;}&#8221;][vc_empty_space height=&#8221;70px&#8221; el_class=&#8221;quitar-movil&#8221;][vc_column_text css=&#8221;.vc_custom_1644315729940{margin-bottom: 20px !important;}&#8221;] TEST DE FUITE \u00c0&#8230;<\/p>\n","protected":false},"author":1,"featured_media":0,"parent":58104,"menu_order":0,"comment_status":"closed","ping_status":"closed","template":"","meta":{"footnotes":""},"class_list":["post-58327","page","type-page","status-publish","hentry"],"_links":{"self":[{"href":"https:\/\/scisa.es\/fr\/wp-json\/wp\/v2\/pages\/58327","targetHints":{"allow":["GET"]}}],"collection":[{"href":"https:\/\/scisa.es\/fr\/wp-json\/wp\/v2\/pages"}],"about":[{"href":"https:\/\/scisa.es\/fr\/wp-json\/wp\/v2\/types\/page"}],"author":[{"embeddable":true,"href":"https:\/\/scisa.es\/fr\/wp-json\/wp\/v2\/users\/1"}],"replies":[{"embeddable":true,"href":"https:\/\/scisa.es\/fr\/wp-json\/wp\/v2\/comments?post=58327"}],"version-history":[{"count":0,"href":"https:\/\/scisa.es\/fr\/wp-json\/wp\/v2\/pages\/58327\/revisions"}],"up":[{"embeddable":true,"href":"https:\/\/scisa.es\/fr\/wp-json\/wp\/v2\/pages\/58104"}],"wp:attachment":[{"href":"https:\/\/scisa.es\/fr\/wp-json\/wp\/v2\/media?parent=58327"}],"curies":[{"name":"wp","href":"https:\/\/api.w.org\/{rel}","templated":true}]}}