{"id":58331,"date":"2021-11-29T11:12:13","date_gmt":"2021-11-29T11:12:13","guid":{"rendered":"https:\/\/scisa.es\/departement-de-la-radioprotection\/"},"modified":"2023-02-02T09:48:21","modified_gmt":"2023-02-02T09:48:21","slug":"departement-de-la-radioprotection","status":"publish","type":"page","link":"https:\/\/scisa.es\/fr\/departement-de-la-radioprotection\/","title":{"rendered":"D\u00e9partement de la radioprotection"},"content":{"rendered":"<div class=\"wpb-content-wrapper\"><p>[vc_row css_animation=&#8221;&#8221; row_type=&#8221;row&#8221; use_row_as_full_screen_section=&#8221;no&#8221; type=&#8221;full_width&#8221; angled_section=&#8221;no&#8221; text_align=&#8221;left&#8221; background_image_as_pattern=&#8221;without_pattern&#8221;][vc_column width=&#8221;1\/4&#8243;][vc_column_text]<\/p>\n<ul class=\"menu-lateral\">\n<li class=\"volver\"><a href=\"https:\/\/scisa.es\/fr\/departement-de-la-radioprotection\/\"><i class=\"fa fa-backward\" aria-hidden=\"true\"><\/i> SERVICE DE RADIOPROTECTION<\/a><\/li>\n<li><a href=\"https:\/\/scisa.es\/fr\/departement-de-la-radioprotection\/#protection-radiologique\">UNIT\u00c9 TECHNIQUE DE RADIOPROTECTION (UTPR)<\/a><\/li>\n<li><a href=\"https:\/\/scisa.es\/fr\/departement-de-la-radioprotection\/#dosim\u00e9trie-personnel\">SERVICE DE DOSIM\u00c9TRIE INDIVIDUELLE EXTERNE (EPSD)<\/a><\/li>\n<li><a href=\"https:\/\/scisa.es\/fr\/departement-de-la-radioprotection\/#installation-radioactive\">INSTALLATION RADIOACTIVE (IR) DE SECONDE CAT\u00c9GORIE<\/a><\/li>\n<\/ul>\n<p>[\/vc_column_text][vc_empty_space][vc_column_text]<\/p>\n<h5>Contact avec nous<\/h5>\n<p>[\/vc_column_text][vc_separator type=&#8221;normal&#8221; color=&#8221;#bcbcbc&#8221; thickness=&#8221;1&#8243; transparency=&#8221;0.4&#8243;][vc_widget_sidebar sidebar_id=&#8221;sidebar-blog&#8221;][\/vc_column][vc_column width=&#8221;3\/4&#8243;][vc_row_inner row_type=&#8221;row&#8221; type=&#8221;full_width&#8221; text_align=&#8221;left&#8221; css_animation=&#8221;&#8221; el_id=&#8221;protection-radiologique&#8221;][vc_column_inner][\/vc_column_inner][\/vc_row_inner][qode_elements_holder background_color=&#8221;#ffffff&#8221; number_of_columns=&#8221;two_columns&#8221; switch_to_one_column=&#8221;768&#8243; alignment_one_column=&#8221;center&#8221;][qode_elements_holder_item vertical_alignment=&#8221;middle&#8221; horizontal_alignment=&#8221;center&#8221; advanced_animations=&#8221;no&#8221;][vc_single_image image=&#8221;56453&#8243; img_size=&#8221;full&#8221; qode_css_animation=&#8221;&#8221; el_class=&#8221;altura-plis&#8221;][\/qode_elements_holder_item][qode_elements_holder_item vertical_alignment=&#8221;middle&#8221; advanced_animations=&#8221;no&#8221; item_padding=&#8221;15px 35px 15px 35px&#8221;][vc_column_text]<\/p>\n<h2 class=\"titulo-flecha\">UNIT\u00c9 TECHNIQUE DE RADIOPROTECTION (UTPR)<\/h2>\n<p>L&#8217;<strong>UTPR<\/strong> du <strong>SCI<\/strong> a \u00e9t\u00e9 autoris\u00e9 par le <strong>Conseil de s\u00e9curit\u00e9 nucl\u00e9aire<\/strong><strong>(CSN)<\/strong> en <strong>1992<\/strong> et est inspect\u00e9 p\u00e9riodiquement par cet organisme.<\/p>\n<div class=\"menu-caja\">\n<div><a href=\"https:\/\/scisa.es\/fr\/departement-de-la-radioprotection\/service-dinstallation-de-radiographies-a-des-fins-medicales-et-diagnostiques\/\">Service aux installations de radiographie \u00e0 des fins de diagnostic m\u00e9dical<\/a><\/div>\n<div><a href=\"https:\/\/scisa.es\/fr\/departement-de-la-radioprotection\/delivrance-des-certificats-de-verification-radiologique-des-equipements\/\">D\u00e9livrance des certificats V\u00e9rification radiologique de l&#8217;\u00e9quipement<\/a><\/div>\n<\/div>\n<p>[\/vc_column_text][vc_empty_space]<a  itemprop=\"url\" href=\"https:\/\/scisa.es\/fr\/contact\/\" target=\"_self\" data-hover-border-color=\"#000000\" data-hover-color=\"#ffffff\" class=\"qbutton  medium white default derecha\" style=\"color: #000000; border-color: #757575; \">Contact avec nous<\/a>[vc_empty_space][\/qode_elements_holder_item][\/qode_elements_holder][vc_empty_space][vc_row_inner row_type=&#8221;row&#8221; type=&#8221;full_width&#8221; text_align=&#8221;left&#8221; css_animation=&#8221;&#8221; el_id=&#8221;dosim\u00e9trie-personnel&#8221;][vc_column_inner][\/vc_column_inner][\/vc_row_inner][qode_elements_holder background_color=&#8221;#ffffff&#8221; number_of_columns=&#8221;two_columns&#8221; switch_to_one_column=&#8221;768&#8243; alignment_one_column=&#8221;center&#8221;][qode_elements_holder_item vertical_alignment=&#8221;middle&#8221; advanced_animations=&#8221;no&#8221; item_padding=&#8221;15px 35px 15px 35px&#8221;][vc_column_text]<\/p>\n<h2 class=\"titulo-flecha\">SERVICE DE DOSIM\u00c9TRIE INDIVIDUELLE EXTERNE (EPSD)<\/h2>\n<p>Le <strong>SCI<\/strong> dispose d&#8217;un <strong>service de dosim\u00e9trie individuelle<\/strong> depuis <strong>1993<\/strong>, date \u00e0 laquelle il a \u00e9t\u00e9 autoris\u00e9 par le <strong>Conseil de s\u00e9curit\u00e9 nucl\u00e9aire<\/strong><strong>(CSN)<\/strong>.<\/p>\n<div class=\"menu-caja\">\n<div><a href=\"https:\/\/scisa.es\/fr\/departement-de-la-radioprotection\/service-de-dosimetrie-personnelle-externe-epds\/\"> Service de dosim\u00e9trie personnelle externe (EPDS)<\/a><\/div>\n<\/div>\n<p>[\/vc_column_text][vc_empty_space]<a  itemprop=\"url\" href=\"https:\/\/scisa.es\/fr\/contact\/\" target=\"_self\" data-hover-border-color=\"#000000\" data-hover-color=\"#ffffff\" class=\"qbutton  medium white default derecha\" style=\"color: #000000; border-color: #757575; \">Contact avec nous<\/a>[\/qode_elements_holder_item][qode_elements_holder_item vertical_alignment=&#8221;middle&#8221; horizontal_alignment=&#8221;center&#8221; advanced_animations=&#8221;no&#8221;][vc_single_image image=&#8221;56459&#8243; img_size=&#8221;full&#8221; qode_css_animation=&#8221;&#8221; el_class=&#8221;altura-plis&#8221;][\/qode_elements_holder_item][\/qode_elements_holder][vc_row_inner row_type=&#8221;row&#8221; type=&#8221;full_width&#8221; text_align=&#8221;left&#8221; css_animation=&#8221;&#8221; el_id=&#8221;installation-radioactive&#8221;][vc_column_inner][\/vc_column_inner][\/vc_row_inner][vc_empty_space][qode_elements_holder background_color=&#8221;#ffffff&#8221; number_of_columns=&#8221;two_columns&#8221; switch_to_one_column=&#8221;768&#8243; alignment_one_column=&#8221;center&#8221;][qode_elements_holder_item vertical_alignment=&#8221;middle&#8221; horizontal_alignment=&#8221;center&#8221; advanced_animations=&#8221;no&#8221;][vc_single_image image=&#8221;56473&#8243; img_size=&#8221;full&#8221; qode_css_animation=&#8221;&#8221; el_class=&#8221;altura-plis&#8221;][\/qode_elements_holder_item][qode_elements_holder_item vertical_alignment=&#8221;middle&#8221; advanced_animations=&#8221;no&#8221; item_padding=&#8221;15px 35px 15px 35px&#8221;][vc_column_text]<\/p>\n<h2 class=\"titulo-flecha\">INSTALLATION RADIOACTIVE (IR) DE SECONDE CAT\u00c9GORIE<\/h2>\n<p><strong>SCI<\/strong> dispose d&#8217;une installation radioactive de deuxi\u00e8me cat\u00e9gorie autoris\u00e9e par le <strong>Conseil de s\u00e9curit\u00e9 nucl\u00e9aire<\/strong><strong>(CSN)<\/strong>, qui est p\u00e9riodiquement inspect\u00e9e par cet organisme.<\/p>\n<div class=\"menu-caja\">\n<div><a href=\"https:\/\/scisa.es\/fr\/departement-de-la-radioprotection\/realisation-de-tests-detancheite-des-sources-radioactives-encapsulees\/\">Test d&#8217;herm\u00e9ticit\u00e9 des sources radioactives encapsul\u00e9es<\/a><\/div>\n<div><a href=\"https:\/\/scisa.es\/fr\/departement-de-la-radioprotection\/verification-des-appareils-de-mesure-des-rayonnements\/\">V\u00e9rification<br \/>\nd&#8217;\u00e9quipement<br \/>\nMesure des radiations<\/a><\/div>\n<\/div>\n<p>[\/vc_column_text][vc_empty_space]<a  itemprop=\"url\" href=\"https:\/\/scisa.es\/fr\/contact\/\" target=\"_self\" data-hover-border-color=\"#000000\" data-hover-color=\"#ffffff\" class=\"qbutton  medium white default derecha\" style=\"color: #000000; border-color: #757575; \">Contact avec nous<\/a>[vc_empty_space][\/qode_elements_holder_item][\/qode_elements_holder][vc_empty_space][\/vc_column][\/vc_row][vc_row css_animation=&#8221;&#8221; row_type=&#8221;row&#8221; use_row_as_full_screen_section=&#8221;no&#8221; type=&#8221;full_width&#8221; angled_section=&#8221;no&#8221; text_align=&#8221;left&#8221; background_image_as_pattern=&#8221;without_pattern&#8221;][vc_column][vc_empty_space height=&#8221;64px&#8221;][\/vc_column][\/vc_row]<\/p>\n<\/div>","protected":false},"excerpt":{"rendered":"<p>[vc_row css_animation=&#8221;&#8221; row_type=&#8221;row&#8221; use_row_as_full_screen_section=&#8221;no&#8221; type=&#8221;full_width&#8221; angled_section=&#8221;no&#8221; text_align=&#8221;left&#8221; background_image_as_pattern=&#8221;without_pattern&#8221;][vc_column width=&#8221;1\/4&#8243;][vc_column_text] SERVICE DE RADIOPROTECTION UNIT\u00c9 TECHNIQUE DE RADIOPROTECTION (UTPR) SERVICE DE DOSIM\u00c9TRIE INDIVIDUELLE EXTERNE (EPSD) INSTALLATION RADIOACTIVE (IR) DE SECONDE CAT\u00c9GORIE [\/vc_column_text][vc_empty_space][vc_column_text] Contact avec nous [\/vc_column_text][vc_separator type=&#8221;normal&#8221; color=&#8221;#bcbcbc&#8221; thickness=&#8221;1&#8243; transparency=&#8221;0.4&#8243;][vc_widget_sidebar sidebar_id=&#8221;sidebar-blog&#8221;][\/vc_column][vc_column width=&#8221;3\/4&#8243;][vc_row_inner row_type=&#8221;row&#8221; type=&#8221;full_width&#8221; text_align=&#8221;left&#8221; css_animation=&#8221;&#8221; el_id=&#8221;protection-radiologique&#8221;][vc_column_inner][\/vc_column_inner][\/vc_row_inner][qode_elements_holder&#8230;<\/p>\n","protected":false},"author":1,"featured_media":0,"parent":0,"menu_order":0,"comment_status":"closed","ping_status":"closed","template":"","meta":{"footnotes":""},"class_list":["post-58331","page","type-page","status-publish","hentry"],"_links":{"self":[{"href":"https:\/\/scisa.es\/fr\/wp-json\/wp\/v2\/pages\/58331","targetHints":{"allow":["GET"]}}],"collection":[{"href":"https:\/\/scisa.es\/fr\/wp-json\/wp\/v2\/pages"}],"about":[{"href":"https:\/\/scisa.es\/fr\/wp-json\/wp\/v2\/types\/page"}],"author":[{"embeddable":true,"href":"https:\/\/scisa.es\/fr\/wp-json\/wp\/v2\/users\/1"}],"replies":[{"embeddable":true,"href":"https:\/\/scisa.es\/fr\/wp-json\/wp\/v2\/comments?post=58331"}],"version-history":[{"count":0,"href":"https:\/\/scisa.es\/fr\/wp-json\/wp\/v2\/pages\/58331\/revisions"}],"wp:attachment":[{"href":"https:\/\/scisa.es\/fr\/wp-json\/wp\/v2\/media?parent=58331"}],"curies":[{"name":"wp","href":"https:\/\/api.w.org\/{rel}","templated":true}]}}