{"id":58559,"date":"2021-11-29T11:08:38","date_gmt":"2021-11-29T11:08:38","guid":{"rendered":"https:\/\/scisa.es\/accreditations\/"},"modified":"2024-09-23T07:38:13","modified_gmt":"2024-09-23T07:38:13","slug":"accreditations","status":"publish","type":"page","link":"https:\/\/scisa.es\/fr\/accreditations","title":{"rendered":"Accr\u00e9ditations"},"content":{"rendered":"<div class=\"wpb-content-wrapper\"><p>[vc_row css_animation=&#8221;&#8221; row_type=&#8221;row&#8221; use_row_as_full_screen_section=&#8221;no&#8221; type=&#8221;full_width&#8221; angled_section=&#8221;no&#8221; text_align=&#8221;left&#8221; background_image_as_pattern=&#8221;without_pattern&#8221;][vc_column width=&#8221;1\/4&#8243;][vc_raw_html]PGg1PkNvbnRhY3QgYXZlYyBub3VzPC9oNT4=[\/vc_raw_html][vc_separator type=&#8221;normal&#8221; color=&#8221;#bcbcbc&#8221; thickness=&#8221;1&#8243; transparency=&#8221;0.4&#8243;][vc_widget_sidebar sidebar_id=&#8221;Acreditaciones&#8221;][\/vc_column][vc_column width=&#8221;3\/4&#8243;][vc_row_inner row_type=&#8221;row&#8221; type=&#8221;full_width&#8221; text_align=&#8221;left&#8221; css_animation=&#8221;&#8221; css=&#8221;.vc_custom_1644409816412{background-color: #ffffff !important;}&#8221;][vc_column_inner css=&#8221;.vc_custom_1639654809595{padding-right: 45px !important;padding-left: 45px !important;background-color: #ffffff !important;}&#8221;][vc_column_text]<\/p>\n<h2 class=\"internas-titul\">Accr\u00e9ditations et certifications<\/h2>\n<p><strong>SCI<\/strong> dispose d&#8217;<strong> accr\u00e9ditations et de certifications<\/strong> accord\u00e9es par les diff\u00e9rents organismes comp\u00e9tents, tant en <strong>Espagne qu&#8217;en Europe<\/strong>.<\/p>\n<p>Jour apr\u00e8s jour, nous continuons \u00e0 travailler guid\u00e9s par <strong>nos valeurs<\/strong> d&#8217;entreprise : <strong>int\u00e9grit\u00e9<\/strong>, <strong>ind\u00e9pendance<\/strong> et <strong>bonnes pratiques professionnelles<\/strong>. Ces valeurs sont appliqu\u00e9es par les plus de 400 professionnels qui composent notre \u00e9quipe.[\/vc_column_text][vc_empty_space][\/vc_column_inner][\/vc_row_inner][vc_empty_space][vc_row_inner row_type=&#8221;row&#8221; type=&#8221;full_width&#8221; text_align=&#8221;left&#8221; css_animation=&#8221;&#8221; css=&#8221;.vc_custom_1644409816412{background-color: #ffffff !important;}&#8221;][vc_column_inner css=&#8221;.vc_custom_1639654809595{padding-right: 45px !important;padding-left: 45px !important;background-color: #ffffff !important;}&#8221;][vc_column_text]<\/p>\n<h2>ACCR\u00c9DITATIONS D\u00c9LIVR\u00c9ES PAR L&#8217;ENAC<\/h2>\n<p>[\/vc_column_text][vc_separator type=&#8221;normal&#8221; color=&#8221;#efefef&#8221; thickness=&#8221;2&#8243; up=&#8221;15&#8243; down=&#8221;15&#8243;][\/vc_column_inner][\/vc_row_inner][vc_row_inner row_type=&#8221;row&#8221; type=&#8221;full_width&#8221; text_align=&#8221;left&#8221; css_animation=&#8221;&#8221;][vc_column_inner css=&#8221;.vc_custom_1643712305357{padding-right: 0px !important;padding-left: 0px !important;}&#8221;][qode_elements_holder number_of_columns=&#8221;three_columns&#8221;][qode_elements_holder_item advanced_animations=&#8221;no&#8221;][vc_raw_html]JTNDZGl2JTIwY2xhc3MlM0QlMjJhY3JlZGl0JTIyJTNFJTBBJTNDaW1nJTIwc3JjJTNEJTIyaHR0cHMlM0ElMkYlMkZzY2lzYS5lcyUyRndwLWNvbnRlbnQlMkZ1cGxvYWRzJTJGMjAyMiUyRjExJTJGRUkzNjQtRUNVLnBuZyUyMiUzRSUwQSUzQ3AlMjBjbGFzcyUzRCUyMnN1YnRpdHVsby1hY3JlZCUyMiUzRUVOLUlTTyUyMDE3MDIwJTIwMTIlMkZFSTM2NCUzQyUyRnAlM0UlMEElM0NwJTIwY2xhc3MlM0QlMjJhY3JlZGl0LXRpdHVsbyUyMiUzRUxpY2VuY2VzJTIwZCVFMiU4MCU5OXVyYmFuaXNtZSUyMGRlJTIwbCVFMiU4MCU5OUVDVSUzQ2JyJTJGJTNFJTNDYnIlMkYlM0UlM0MlMkZwJTNFJTBBJTNDcCUyMGNsYXNzJTNEJTIyYm90b24tZW5sYWNlJTIyJTNFJTNDYSUyMGhyZWYlM0QlMjJodHRwcyUzQSUyRiUyRnNjaXNhLmVzJTJGd3AtY29udGVudCUyRnVwbG9hZHMlMkYyMDIyJTJGMDIlMkZDRVJUSUZJQ0FET19FSTM2NC5wZGYlMjIlMjB0YXJnZXQlM0QlMjJfYmxhbmslMjIlM0UlMjAlMjBWT0lSJTIwQ0VSVElGSUNBVCUzQyUyRmElM0UlM0MlMkZwJTNFJTBBJTNDJTJGZGl2JTNF[\/vc_raw_html][\/qode_elements_holder_item][qode_elements_holder_item advanced_animations=&#8221;no&#8221;][vc_raw_html]JTNDZGl2JTIwY2xhc3MlM0QlMjJhY3JlZGl0JTIyJTNFJTBBJTNDaW1nJTIwc3JjJTNEJTIyaHR0cHMlM0ElMkYlMkZzY2lzYS5lcyUyRndwLWNvbnRlbnQlMkZ1cGxvYWRzJTJGMjAyMiUyRjExJTJGTjEyLUVJNzI4LnBuZyUyMiUzRSUwQSUzQ3AlMjBjbGFzcyUzRCUyMnN1YnRpdHVsby1hY3JlZCUyMiUzRUVOLUlTTyUyMDE3MDIwJTIwMTIlMkZFSTcyOCUzQyUyRnAlM0UlMEElM0NwJTIwY2xhc3MlM0QlMjJhY3JlZGl0LXRpdHVsbyUyMiUzRU0lQzMlQTl0cm9sb2dpZSUyMGwlQzMlQTlnYWxlJTIwJTNDYnIlM0UlMjZuYnNwJTNCJTNDJTJGcCUzRSUwQSUzQ3AlMjBjbGFzcyUzRCUyMmJvdG9uLWVubGFjZSUyMiUzRSUzQ2ElMjBocmVmJTNEJTIyaHR0cHMlM0ElMkYlMkZzY2lzYS5lcyUyRndwLWNvbnRlbnQlMkZ1cGxvYWRzJTJGMjAyMiUyRjAyJTJGQ0VSVF83X0VJXzcyOF9yZXYwLnBkZiUyMiUyMHRhcmdldCUzRCUyMl9ibGFuayUyMiUzRSUyMCUyMFZPSVIlMjBDRVJUSUZJQ0FUJTNDJTJGYSUzRSUzQyUyRnAlM0UlMEElM0MlMkZkaXYlM0U=[\/vc_raw_html][\/qode_elements_holder_item][qode_elements_holder_item advanced_animations=&#8221;no&#8221;][vc_raw_html]JTNDZGl2JTIwY2xhc3MlM0QlMjJhY3JlZGl0JTIyJTNFJTBBJTNDaW1nJTIwc3JjJTNEJTIyaHR0cHMlM0ElMkYlMkZzY2lzYS5lcyUyRndwLWNvbnRlbnQlMkZ1cGxvYWRzJTJGMjAyMiUyRjExJTJGRUkzNjQtRUNVLnBuZyUyMiUzRSUwQSUzQ3AlMjBjbGFzcyUzRCUyMnN1YnRpdHVsby1hY3JlZCUyMiUzRUVOLUlTTyUyMDE3MDIwJTIwMTIlMkZFSTM2NCUzQyUyRnAlM0UlMEElM0NwJTIwY2xhc3MlM0QlMjJhY3JlZGl0LXRpdHVsbyUyMiUzRUxhYm9yYXRvaXJlJTIwTSVDMyVBOXRhbGx1cmdpcXVlJTJDJTIwQ29udHIlQzMlQjRsZXMlMjBOb24lMjBEZXN0cnVjdGlmcyUyMGV0JTIwQVRQJTNDJTJGcCUzRSUwQSUzQ3AlMjBjbGFzcyUzRCUyMmJvdG9uLWVubGFjZSUyMiUzRSUzQ2ElMjBocmVmJTNEJTIyaHR0cHMlM0ElMkYlMkZzY2lzYS5lcyUyRndwLWNvbnRlbnQlMkZ1cGxvYWRzJTJGMjAyMiUyRjAyJTJGQ0VSVElGSUNBRE9fTEMtMTAyMzBfcmV2MC5wZGYlMjIlMjB0YXJnZXQlM0QlMjJfYmxhbmslMjIlM0UlMjAlMjBWT0lSJTIwQ0VSVElGSUNBVCUzQyUyRmElM0UlM0MlMkZwJTNFJTBBJTNDJTJGZGl2JTNF[\/vc_raw_html][\/qode_elements_holder_item][\/qode_elements_holder][qode_elements_holder number_of_columns=&#8221;two_columns&#8221;][qode_elements_holder_item advanced_animations=&#8221;no&#8221;][vc_raw_html]JTNDZGl2JTIwY2xhc3MlM0QlMjJhY3JlZGl0JTIyJTNFJTBBJTNDaW1nJTIwc3JjJTNEJTIyaHR0cHMlM0ElMkYlMkZzY2lzYS5lcyUyRndwLWNvbnRlbnQlMkZ1cGxvYWRzJTJGMjAyMiUyRjExJTJGTjEyLUVJMDA5LnBuZyUyMiUzRSUwQSUzQ3AlMjBjbGFzcyUzRCUyMnN1YnRpdHVsby1hY3JlZCUyMiUzRUVOLUlTTyUyMDE3MDIwJTIwMTIlMkZFSTAwOSUzQyUyRnAlM0UlMEElM0NwJTIwY2xhc3MlM0QlMjJhY3JlZGl0LXRpdHVsbyUyMiUzRU9yZ2FuaXNtZSUyMGRlJTIwY29udHIlQzMlQjRsZSUyQyUyMG9yZ2FuaXNtZSUyMG5vdGlmaSVDMyVBOSUyMGV0JTIwZW50aXQlQzMlQTklMjBkJTI3aW5zcGVjdGlvbiUzQyUyRnAlM0UlMEElM0NwJTIwY2xhc3MlM0QlMjJib3Rvbi1lbmxhY2UlMjIlM0UlM0NhJTIwaHJlZiUzRCUyMmh0dHBzJTNBJTJGJTJGc2Npc2EuZXMlMkZ3cC1jb250ZW50JTJGdXBsb2FkcyUyRjIwMjIlMkYwMiUyRkNFUlRJRklDQURPX0VJMDA5LnBkZiUyMiUyMHRhcmdldCUzRCUyMl9ibGFuayUyMiUzRSUyMCUyMFZPSVIlMjBDRVJUSUZJQ0FUJTNDJTJGYSUzRSUzQyUyRnAlM0UlMEElM0MlMkZkaXYlM0U=[\/vc_raw_html][\/qode_elements_holder_item][qode_elements_holder_item advanced_animations=&#8221;no&#8221;][vc_raw_html]JTNDZGl2JTIwY2xhc3MlM0QlMjJhY3JlZGl0JTIyJTNFJTBBJTNDaW1nJTIwc3JjJTNEJTIyaHR0cHMlM0ElMkYlMkZzY2lzYS5lcyUyRndwLWNvbnRlbnQlMkZ1cGxvYWRzJTJGMjAyMiUyRjExJTJGTjY3LUxFMTAxLnBuZyUyMiUzRSUwQSUzQ3AlMjBjbGFzcyUzRCUyMnN1YnRpdHVsby1hY3JlZCUyMiUzRUVOLUlTTyUyMDE3MDI1JTIwNjclMkZMRTEwMSUzQyUyRnAlM0UlMEElM0NwJTIwY2xhc3MlM0QlMjJhY3JlZGl0LXRpdHVsbyUyMiUzRUxhYm9yYXRvaXJlJTIwTSVDMyVBOXRhbGx1cmdpcXVlJTJDJTIwQ29udHIlQzMlQjRsZXMlMjBOb24lMjBEZXN0cnVjdGlmcyUyMGV0JTIwQVRQJTNDJTJGcCUzRSUwQSUzQ3AlMjBjbGFzcyUzRCUyMmJvdG9uLWVubGFjZSUyMiUzRSUzQ2ElMjBocmVmJTNEJTIyaHR0cHMlM0ElMkYlMkZzY2lzYS5lcyUyRndwLWNvbnRlbnQlMkZ1cGxvYWRzJTJGMjAyMiUyRjAyJTJGQ0VSVElGSUNBRE9fNjdMRTEwMS5wZGYlMjIlMjB0YXJnZXQlM0QlMjJfYmxhbmslMjIlM0UlMjAlMjBWT0lSJTIwQ0VSVElGSUNBVCUzQyUyRmElM0UlM0MlMkZwJTNFJTBBJTNDJTJGZGl2JTNF[\/vc_raw_html][\/qode_elements_holder_item][qode_elements_holder_item advanced_animations=&#8221;no&#8221;][vc_raw_html]JTNDZGl2JTIwY2xhc3MlM0QlMjJhY3JlZGl0JTIyJTNFJTBBJTNDaW1nJTIwc3JjJTNEJTIyaHR0cHMlM0ElMkYlMkZzY2lzYS5lcyUyRndwLWNvbnRlbnQlMkZ1cGxvYWRzJTJGMjAyMyUyRjAyJTJGaXNvLTE3MDY1LnBuZyUyMiUzRSUwQSUzQ3AlMjBjbGFzcyUzRCUyMnN1YnRpdHVsby1hY3JlZCUyMiUzRUVOLUlTTyUyMDE3MDY1JTIwMjA3JTJGQy1QUjQyNyUzQyUyRnAlM0UlMEElM0NwJTIwY2xhc3MlM0QlMjJhY3JlZGl0LXRpdHVsbyUyMiUzRUNlcnRpZmljYXRpb24lMjBkZSUyMHByb2R1aXQlMjBkYW5zJTIwbGVzJTIwJUMzJUE5cXVpcGVtZW50cyUyMHNvdXMlMjBwcmVzc2lvbiUzQyUyRnAlM0UlMEElM0NwJTIwY2xhc3MlM0QlMjJib3Rvbi1lbmxhY2UlMjIlM0UlM0NhJTIwaHJlZiUzRCUyMmh0dHBzJTNBJTJGJTJGc2Npc2EuZXMlMkZ3cC1jb250ZW50JTJGdXBsb2FkcyUyRjIwMjMlMkYwMiUyRkNFUlRfN19DLVBSXzQyN19yZXYwLnBkZiUyMiUyMHRhcmdldCUzRCUyMl9ibGFuayUyMiUzRSUyMCUyMFZPSVIlMjBDRVJUSUZJQ0FUJTNDJTJGYSUzRSUzQyUyRnAlM0UlMEElM0MlMkZkaXYlM0UlMEE=[\/vc_raw_html][\/qode_elements_holder_item][\/qode_elements_holder][qode_elements_holder number_of_columns=&#8221;two_columns&#8221;][qode_elements_holder_item advanced_animations=&#8221;no&#8221;][vc_raw_html]JTNDZGl2JTIwY2xhc3MlM0QlMjJhY3JlZGl0JTIyJTNFJTBBJTNDaW1nJTIwc3JjJTNEJTIyaHR0cHMlM0ElMkYlMkZzY2lzYS5lcyUyRndwLWNvbnRlbnQlMkZ1cGxvYWRzJTJGMjAyNCUyRjA5JTJGZW5hYzEucG5nJTIyJTIwYWx0JTNEJTIyY2VydGlmaWNhY2lvbiUyMElTTyUyMDE3MDY1JTIwV0VCJTIwMSUyMGV4cCUyMDIwNyUyMEMlMjBQUjQyOSUyMiUyMHRpdGxlJTNEJTIyQWNyZWRpdGFjaW9uZXMlMjAxMCUyMiUzRSUwQSUzQ3AlMjBjbGFzcyUzRCUyMnN1YnRpdHVsby1hY3JlZCUyMiUzRUVOLUlTTyUyMDE3MDY1JTIwMjA3JTJGQy1QUjQyOSUzQyUyRnAlM0UlMEElM0NwJTIwY2xhc3MlM0QlMjJhY3JlZGl0LXRpdHVsbyUyMiUzRUNlcnRpZmljYXRpb24lMjBkZSUyMHByb2R1aXQlMjBkJTI3aW5zdHJ1bWVudCUyMGRlJTIwcGVzYWdlJTIwJTNDYnIlM0UlMjZuYnNwJTNCJTNDJTJGcCUzRSUwQSUzQ3AlMjBjbGFzcyUzRCUyMmJvdG9uLWVubGFjZSUyMiUzRSUzQ2ElMjBocmVmJTNEJTIyaHR0cHMlM0ElMkYlMkZzY2lzYS5lcyUyRndwLWNvbnRlbnQlMkZ1cGxvYWRzJTJGMjAyMyUyRjA3JTJGQ0VSVElGSUNBRE8tX0NFUlRJRklDQUNJT04tREUtUFJPRFVDVE9TLU1FVFJPTE9HSUEucGRmJTIyJTIwdGFyZ2V0JTNEJTIyX2JsYW5rJTIyJTNFJTIwVk9JUiUyMENFUlRJRklDQVQlM0MlMkZhJTNFJTNDJTJGcCUzRSUwQSUzQyUyRmRpdiUzRSUwQQ==[\/vc_raw_html][\/qode_elements_holder_item][qode_elements_holder_item advanced_animations=&#8221;no&#8221;][\/qode_elements_holder_item][qode_elements_holder_item advanced_animations=&#8221;no&#8221;][\/qode_elements_holder_item][\/qode_elements_holder][\/vc_column_inner][\/vc_row_inner][vc_empty_space][vc_row_inner row_type=&#8221;row&#8221; type=&#8221;full_width&#8221; text_align=&#8221;left&#8221; css_animation=&#8221;&#8221; css=&#8221;.vc_custom_1644409816412{background-color: #ffffff !important;}&#8221;][vc_column_inner css=&#8221;.vc_custom_1639654809595{padding-right: 45px !important;padding-left: 45px !important;background-color: #ffffff !important;}&#8221;][vc_column_text]<\/p>\n<h2>CERTIFICATIONS DE SYST\u00c8MES DE GESTION INT\u00c9GR\u00c9E<\/h2>\n<p>[\/vc_column_text][vc_separator type=&#8221;normal&#8221; color=&#8221;#efefef&#8221; thickness=&#8221;2&#8243; up=&#8221;15&#8243; down=&#8221;15&#8243;][\/vc_column_inner][\/vc_row_inner][vc_row_inner row_type=&#8221;row&#8221; type=&#8221;full_width&#8221; text_align=&#8221;left&#8221; css_animation=&#8221;&#8221;][vc_column_inner css=&#8221;.vc_custom_1643712305357{padding-right: 0px !important;padding-left: 0px !important;}&#8221;][qode_elements_holder number_of_columns=&#8221;three_columns&#8221;][qode_elements_holder_item advanced_animations=&#8221;no&#8221;][vc_raw_html]JTNDZGl2JTIwY2xhc3MlM0QlMjJhY3JlZGl0JTIyJTNFJTBBJTNDaW1nJTIwc3JjJTNEJTIyaHR0cHMlM0ElMkYlMkZzY2lzYS5lcyUyRndwLWNvbnRlbnQlMkZ1cGxvYWRzJTJGMjAyMiUyRjAyJTJGMTQwMDEucG5nJTIyJTNFJTBBJTNDcCUyMGNsYXNzJTNEJTIyc3VidGl0dWxvLWFjcmVkJTIyJTNFSVNPJTIwMTQwMDElM0EyMDE1JTNDJTJGcCUzRSUwQSUzQ3AlMjBjbGFzcyUzRCUyMmFjcmVkaXQtdGl0dWxvJTIyJTNFQ0VSVElGSUNBVCUyME4lQzIlQjAlMjAxMTMwOTMlM0MlMkZwJTNFJTBBJTNDcCUyMGNsYXNzJTNEJTIyYm90b24tZW5sYWNlJTIyJTNFJTNDYSUyMGhyZWYlM0QlMjJodHRwcyUzQSUyRiUyRnNjaXNhLmVzJTJGd3AtY29udGVudCUyRnVwbG9hZHMlMkYyMDI0JTJGMDglMkZJU08tNDUwMDEucGRmJTIyJTIwdGFyZ2V0JTNEJTIyX2JsYW5rJTIyJTNFJTIwJTIwVk9JUiUyMENFUlRJRklDQVQlM0MlMkZhJTNFJTNDJTJGcCUzRSUwQSUzQyUyRmRpdiUzRQ==[\/vc_raw_html][\/qode_elements_holder_item][qode_elements_holder_item advanced_animations=&#8221;no&#8221;][vc_raw_html]JTNDZGl2JTIwY2xhc3MlM0QlMjJhY3JlZGl0JTIyJTNFJTBBJTNDaW1nJTIwc3JjJTNEJTIyaHR0cHMlM0ElMkYlMkZzY2lzYS5lcyUyRndwLWNvbnRlbnQlMkZ1cGxvYWRzJTJGMjAyMiUyRjAyJTJGTlFBX0lTTzkwMDFfQ01ZS19VS0FTLWVkaXQuanBnJTIyJTNFJTBBJTNDcCUyMGNsYXNzJTNEJTIyc3VidGl0dWxvLWFjcmVkJTIyJTNFSVNPJTIwOTAwMSUzQTIwMTUlM0MlMkZwJTNFJTBBJTNDcCUyMGNsYXNzJTNEJTIyYWNyZWRpdC10aXR1bG8lMjIlM0VDRVJUSUZJQ0FUJTIwTiVDMiVCMCUyMDgwMDc1NiUzQyUyRnAlM0UlMEElM0NwJTIwY2xhc3MlM0QlMjJib3Rvbi1lbmxhY2UlMjIlM0UlM0NhJTIwaHJlZiUzRCUyMmh0dHBzJTNBJTJGJTJGc2Npc2EuZXMlMkZ3cC1jb250ZW50JTJGdXBsb2FkcyUyRjIwMjQlMkYwOCUyRklTTy05MDAxLnBkZiUyMiUyMHRhcmdldCUzRCUyMl9ibGFuayUyMiUzRSUyMCUyMFZPSVIlMjBDRVJUSUZJQ0FUJTNDJTJGYSUzRSUzQyUyRnAlM0UlMEElM0MlMkZkaXYlM0U=[\/vc_raw_html][\/qode_elements_holder_item][qode_elements_holder_item advanced_animations=&#8221;no&#8221;][vc_raw_html]JTNDZGl2JTIwY2xhc3MlM0QlMjJhY3JlZGl0JTIyJTNFJTBBJTNDaW1nJTIwc3JjJTNEJTIyaHR0cHMlM0ElMkYlMkZzY2lzYS5lcyUyRndwLWNvbnRlbnQlMkZ1cGxvYWRzJTJGMjAyMiUyRjAyJTJGTlFBX0lTTzQ1MDAxX0NNWUtfVUtBUy1lZGl0LTEuanBnJTIyJTNFJTBBJTNDcCUyMGNsYXNzJTNEJTIyc3VidGl0dWxvLWFjcmVkJTIyJTNFSVNPJTIwNDUwMDElM0EyMDE3JTNDJTJGcCUzRSUwQSUzQ3AlMjBjbGFzcyUzRCUyMmFjcmVkaXQtdGl0dWxvJTIyJTNFQ0VSVElGSUNBVCUyME4lQzIlQjAlMjAxMTMwOTQlM0MlMkZwJTNFJTBBJTNDcCUyMGNsYXNzJTNEJTIyYm90b24tZW5sYWNlJTIyJTNFJTNDYSUyMGhyZWYlM0QlMjJodHRwcyUzQSUyRiUyRnNjaXNhLmVzJTJGd3AtY29udGVudCUyRnVwbG9hZHMlMkYyMDI0JTJGMDglMkZJU08tNDUwMDEucGRmJTIyJTIwdGFyZ2V0JTNEJTIyX2JsYW5rJTIyJTNFJTIwJTIwVk9JUiUyMENFUlRJRklDQVQlM0MlMkZhJTNFJTNDJTJGcCUzRSUwQSUzQyUyRmRpdiUzRQ==[\/vc_raw_html][\/qode_elements_holder_item][\/qode_elements_holder][\/vc_column_inner][\/vc_row_inner][vc_empty_space][vc_row_inner row_type=&#8221;row&#8221; type=&#8221;full_width&#8221; text_align=&#8221;left&#8221; css_animation=&#8221;&#8221; css=&#8221;.vc_custom_1644409816412{background-color: #ffffff !important;}&#8221;][vc_column_inner css=&#8221;.vc_custom_1639654809595{padding-right: 45px !important;padding-left: 45px !important;background-color: #ffffff !important;}&#8221;][vc_column_text]<\/p>\n<h2>CERTIFICATS \u00c9MIS PAR LA DNV<\/h2>\n<p>[\/vc_column_text][vc_separator type=&#8221;normal&#8221; color=&#8221;#efefef&#8221; thickness=&#8221;2&#8243; up=&#8221;15&#8243; down=&#8221;15&#8243;][\/vc_column_inner][\/vc_row_inner][vc_row_inner row_type=&#8221;row&#8221; type=&#8221;full_width&#8221; text_align=&#8221;left&#8221; css_animation=&#8221;&#8221;][vc_column_inner css=&#8221;.vc_custom_1643712305357{padding-right: 0px !important;padding-left: 0px !important;}&#8221;][qode_elements_holder number_of_columns=&#8221;two_columns&#8221;][qode_elements_holder_item advanced_animations=&#8221;no&#8221;][vc_raw_html]JTNDZGl2JTIwY2xhc3MlM0QlMjJhY3JlZGl0JTIyJTNFJTBBJTNDaW1nJTIwc3JjJTNEJTIyaHR0cHMlM0ElMkYlMkZzY2lzYS5lcyUyRndwLWNvbnRlbnQlMkZ1cGxvYWRzJTJGMjAyMiUyRjAyJTJGZG52LXQucG5nJTIyJTNFJTBBJTNDcCUyMGNsYXNzJTNEJTIyc3VidGl0dWxvLWFjcmVkJTIyJTNFRE5WJTIwQVVUJTIwUVVBTElGSUNBVElPTiUyME9NTklTQ0FOJTNDJTJGcCUzRSUwQSUzQ3AlMjBjbGFzcyUzRCUyMmFjcmVkaXQtdGl0dWxvJTIyJTNFUFAxNTMwOTAlM0MlMkZwJTNFJTBBJTNDcCUyMGNsYXNzJTNEJTIyYm90b24tZW5sYWNlJTIyJTNFJTNDYSUyMGhyZWYlM0QlMjJodHRwcyUzQSUyRiUyRnNjaXNhLmVzJTJGd3AtY29udGVudCUyRnVwbG9hZHMlMkYyMDIyJTJGMDIlMkZkbnYtYXV0LXF1YWxpZmljYXRpb24tb21uaXNjYW4ucGRmJTIyJTIwdGFyZ2V0JTNEJTIyX2JsYW5rJTIyJTNFJTIwJTIwVk9JUiUyMENFUlRJRklDQVQlM0MlMkZhJTNFJTNDJTJGcCUzRSUwQSUzQyUyRmRpdiUzRQ==[\/vc_raw_html][\/qode_elements_holder_item][qode_elements_holder_item advanced_animations=&#8221;no&#8221;][vc_raw_html]JTNDZGl2JTIwY2xhc3MlM0QlMjJhY3JlZGl0JTIyJTNFJTBBJTNDaW1nJTIwc3JjJTNEJTIyaHR0cHMlM0ElMkYlMkZzY2lzYS5lcyUyRndwLWNvbnRlbnQlMkZ1cGxvYWRzJTJGMjAyMiUyRjAyJTJGZG52LXQucG5nJTIyJTNFJTBBJTNDcCUyMGNsYXNzJTNEJTIyc3VidGl0dWxvLWFjcmVkJTIyJTNFRE5WJTIwQVVUJTIwUVVBTElGSUNBVElPTiUyMFBJUEVTWVNDQU4tUEElM0MlMkZwJTNFJTBBJTNDcCUyMGNsYXNzJTNEJTIyYWNyZWRpdC10aXR1bG8lMjIlM0VQUDE1MzA5MCUzQyUyRnAlM0UlMEElM0NwJTIwY2xhc3MlM0QlMjJib3Rvbi1lbmxhY2UlMjIlM0UlM0NhJTIwaHJlZiUzRCUyMmh0dHBzJTNBJTJGJTJGc2Npc2EuZXMlMkZ3cC1jb250ZW50JTJGdXBsb2FkcyUyRjIwMjIlMkYwMiUyRmRudi1hdXQtcXVhbGlmaWNhdGlvbi1waXBlc3lzY2FuLXBhLnBkZiUyMiUyMHRhcmdldCUzRCUyMl9ibGFuayUyMiUzRSUyMCUyMFZPSVIlMjBDRVJUSUZJQ0FUJTNDJTJGYSUzRSUzQyUyRnAlM0UlMEElM0MlMkZkaXYlM0U=[\/vc_raw_html][\/qode_elements_holder_item][\/qode_elements_holder][\/vc_column_inner][\/vc_row_inner][vc_empty_space][vc_row_inner row_type=&#8221;row&#8221; type=&#8221;full_width&#8221; text_align=&#8221;left&#8221; css_animation=&#8221;&#8221; css=&#8221;.vc_custom_1644409816412{background-color: #ffffff !important;}&#8221;][vc_column_inner css=&#8221;.vc_custom_1639654809595{padding-right: 45px !important;padding-left: 45px !important;background-color: #ffffff !important;}&#8221;][vc_column_text]<\/p>\n<h2>CERTIFICATS \u00c9MIS PAR NADCAP<\/h2>\n<p>[\/vc_column_text][vc_separator type=&#8221;normal&#8221; color=&#8221;#efefef&#8221; thickness=&#8221;2&#8243; up=&#8221;15&#8243; down=&#8221;15&#8243;][\/vc_column_inner][\/vc_row_inner][vc_row_inner row_type=&#8221;row&#8221; type=&#8221;full_width&#8221; text_align=&#8221;left&#8221; css_animation=&#8221;&#8221;][vc_column_inner css=&#8221;.vc_custom_1643712305357{padding-right: 0px !important;padding-left: 0px !important;}&#8221;][qode_elements_holder number_of_columns=&#8221;two_columns&#8221;][qode_elements_holder_item advanced_animations=&#8221;no&#8221;][vc_raw_html]JTNDZGl2JTIwY2xhc3MlM0QlMjJhY3JlZGl0JTIyJTNFJTBBJTNDaW1nJTIwc3JjJTNEJTIyaHR0cHMlM0ElMkYlMkZzY2lzYS5lcyUyRndwLWNvbnRlbnQlMkZ1cGxvYWRzJTJGMjAyNCUyRjA2JTJGTE9HTy1OQURDQVAtTkVXLnBuZyUyMiUzRSUwQSUzQ3AlMjBjbGFzcyUzRCUyMnN1YnRpdHVsby1hY3JlZCUyMiUzRU5BRENBUCUyME1BRFJJRCUzQyUyRnAlM0UlMEElM0NwJTIwY2xhc3MlM0QlMjJhY3JlZGl0LXRpdHVsbyUyMiUzRUNFUlRJRklDQVQlMjA5MTYxMjEwNzQwJTNDJTJGcCUzRSUwQSUzQ3AlMjBjbGFzcyUzRCUyMmJvdG9uLWVubGFjZSUyMiUzRSUzQ2ElMjBocmVmJTNEJTIyaHR0cHMlM0ElMkYlMkZzY2lzYS5lcyUyRndwLWNvbnRlbnQlMkZ1cGxvYWRzJTJGMjAyNCUyRjAxJTJGQ0VSVElGSUNBQ0lPTi1OQURDQVAtTUFEUklELnBkZiUyMiUyMHRhcmdldCUzRCUyMl9ibGFuayUyMiUzRSUyMCUyMFZPSVIlMjBDRVJUSUZJQ0FUJTNDJTJGYSUzRSUzQyUyRnAlM0UlMEElM0MlMkZkaXYlM0U=[\/vc_raw_html][\/qode_elements_holder_item][qode_elements_holder_item advanced_animations=&#8221;no&#8221;][vc_raw_html]JTNDZGl2JTIwY2xhc3MlM0QlMjJhY3JlZGl0JTIyJTNFJTBBJTNDaW1nJTIwc3JjJTNEJTIyaHR0cHMlM0ElMkYlMkZzY2lzYS5lcyUyRndwLWNvbnRlbnQlMkZ1cGxvYWRzJTJGMjAyNCUyRjA2JTJGTE9HTy1OQURDQVAtTkVXLnBuZyUyMiUzRSUwQSUzQ3AlMjBjbGFzcyUzRCUyMnN1YnRpdHVsby1hY3JlZCUyMiUzRU5BRENBUCUyME9SVFVFTExBJTNDJTJGcCUzRSUwQSUzQ3AlMjBjbGFzcyUzRCUyMmFjcmVkaXQtdGl0dWxvJTIyJTNFQ0VSVElGSUNBVCUyMDcwNjgyMDYyNzIlM0MlMkZwJTNFJTBBJTNDcCUyMGNsYXNzJTNEJTIyYm90b24tZW5sYWNlJTIyJTNFJTNDYSUyMGhyZWYlM0QlMjJodHRwcyUzQSUyRiUyRnNjaXNhLmVzJTJGd3AtY29udGVudCUyRnVwbG9hZHMlMkYyMDI0JTJGMDElMkZDRVJUSUZJQ0FDSU9OLU5BRENBUC1PUlRVRUxMQS5wZGZmJTIyJTIwdGFyZ2V0JTNEJTIyX2JsYW5rJTIyJTNFJTIwJTIwVk9JUiUyMENFUlRJRklDQVQlM0MlMkZhJTNFJTNDJTJGcCUzRSUwQSUzQyUyRmRpdiUzRQ==[\/vc_raw_html][\/qode_elements_holder_item][\/qode_elements_holder][\/vc_column_inner][\/vc_row_inner][vc_empty_space][vc_row_inner row_type=&#8221;row&#8221; type=&#8221;full_width&#8221; text_align=&#8221;left&#8221; css_animation=&#8221;&#8221; css=&#8221;.vc_custom_1644409816412{background-color: #ffffff !important;}&#8221;][vc_column_inner css=&#8221;.vc_custom_1639654809595{padding-right: 45px !important;padding-left: 45px !important;background-color: #ffffff !important;}&#8221;][vc_column_text]<\/p>\n<h2>AUTRES CERTIFICATIONS<\/h2>\n<p>[\/vc_column_text][vc_separator type=&#8221;normal&#8221; color=&#8221;#efefef&#8221; thickness=&#8221;2&#8243; up=&#8221;15&#8243; down=&#8221;15&#8243;][\/vc_column_inner][\/vc_row_inner][vc_row_inner row_type=&#8221;row&#8221; type=&#8221;full_width&#8221; text_align=&#8221;left&#8221; css_animation=&#8221;&#8221;][vc_column_inner css=&#8221;.vc_custom_1643712305357{padding-right: 0px !important;padding-left: 0px !important;}&#8221;][qode_elements_holder number_of_columns=&#8221;two_columns&#8221;][qode_elements_holder_item advanced_animations=&#8221;no&#8221;][vc_raw_html]JTNDZGl2JTIwY2xhc3MlM0QlMjJhY3JlZGl0JTIyJTNFJTBBJTNDaW1nJTIwc3JjJTNEJTIyaHR0cHMlM0ElMkYlMkZzY2lzYS5lcyUyRndwLWNvbnRlbnQlMkZ1cGxvYWRzJTJGMjAyMiUyRjAyJTJGZ2VzdGlvbi11bm8uanBnJTIyJTNFJTBBJTNDcCUyMGNsYXNzJTNEJTIyc3VidGl0dWxvLWFjcmVkJTIyJTNFQ0VSVElGSUNBVElPTiUyMEdQQ04lM0MlMkZwJTNFJTBBJTNDcCUyMGNsYXNzJTNEJTIyYWNyZWRpdC10aXR1bG8lMjIlM0VVTkUtRU4lMjA3MzQwMSUzQTE5OTUlM0MlMkZwJTNFJTBBJTNDcCUyMGNsYXNzJTNEJTIyYm90b24tZW5sYWNlJTIyJTNFJTNDYSUyMGhyZWYlM0QlMjJodHRwcyUzQSUyRiUyRnNjaXNhLmVzJTJGd3AtY29udGVudCUyRnVwbG9hZHMlMkYyMDIzJTJGMDIlMkZDRVJUSUZJQ0FDSU9OLUdQQ04ucGRmJTIyJTIwdGFyZ2V0JTNEJTIyX2JsYW5rJTIyJTNFJTIwJTIwVk9JUiUyMENFUlRJRklDQVQlM0MlMkZhJTNFJTNDJTJGcCUzRSUwQSUzQyUyRmRpdiUzRQ==[\/vc_raw_html][\/qode_elements_holder_item][qode_elements_holder_item advanced_animations=&#8221;no&#8221;][vc_raw_html]JTNDZGl2JTIwY2xhc3MlM0QlMjJhY3JlZGl0JTIyJTNFJTBBJTNDaW1nJTIwY2xhc3MlM0QlMjJsb2dvLWRpZiUyMiUyMHNyYyUzRCUyMmh0dHBzJTNBJTJGJTJGc2Npc2EuZXMlMkZ3cC1jb250ZW50JTJGdXBsb2FkcyUyRjIwMjIlMkYwMiUyRkxvZ290aXBvX2RlbF9NaW5pc3RlcmlvX2RlX0Vjb25vbWlhX0luZHVzdHJpYV95X0NvbXBldGl0aXZpZGFkLnN2Z18ucG5nJTIyJTNFJTBBJTNDcCUyMGNsYXNzJTNEJTIyc3VidGl0dWxvLWFjcmVkJTIyJTNFUiVDMyU4OVNPTFVUSU9OJTIwRFUlMjBUVU5ORUwlMjBGUk9JRCUzQyUyRnAlM0UlMEElM0NwJTIwY2xhc3MlM0QlMjJhY3JlZGl0LXRpdHVsbyUyMiUzRSUzQyUyRnAlM0UlMEElM0NwJTIwY2xhc3MlM0QlMjJib3Rvbi1lbmxhY2UlMjIlM0UlM0NhJTIwaHJlZiUzRCUyMmh0dHBzJTNBJTJGJTJGc2Npc2EuZXMlMkZ3cC1jb250ZW50JTJGdXBsb2FkcyUyRjIwMjMlMkYwNyUyRlJFU09MVUNJT04tVFVORUwtREUtRlJJTy1TQ0lTQS1WQUxFTkNJQS5wZGYlMjIlMjB0YXJnZXQlM0QlMjJfYmxhbmslMjIlM0UlMjAlMjBWT0lSJTIwQ0VSVElGSUNBVCUzQyUyRmElM0UlM0MlMkZwJTNFJTBBJTNDJTJGZGl2JTNF[\/vc_raw_html][\/qode_elements_holder_item][\/qode_elements_holder][qode_elements_holder number_of_columns=&#8221;two_columns&#8221;][qode_elements_holder_item advanced_animations=&#8221;no&#8221;][\/qode_elements_holder_item][qode_elements_holder_item advanced_animations=&#8221;no&#8221;][vc_raw_html]JTNDZGl2JTIwY2xhc3MlM0QlMjJhY3JlZGl0JTIyJTNFJTBBJTNDaW1nJTIwY2xhc3MlM0QlMjJsb2dvLWRpZjIlMjIlMjBzcmMlM0QlMjJodHRwcyUzQSUyRiUyRnNjaXNhLmVzJTJGd3AtY29udGVudCUyRnVwbG9hZHMlMkYyMDIyJTJGMDIlMkZMT0dPLUNPTVVOSURBRDEucG5nJTIyJTNFJTBBJTNDcCUyMGNsYXNzJTNEJTIyc3VidGl0dWxvLWFjcmVkJTIyJTNFQ0VSVElGSUNBVCUyMEQlMjdJTlNDUklQVElPTiUyMEFVJTIwUkVHSVNUUkUlMjBERSUyMENPTlRSJUMzJTk0TEUlMjBNJUMzJTg5VFJPTE9HSVFVRSUzQyUyRnAlM0UlMEElM0NwJTIwY2xhc3MlM0QlMjJhY3JlZGl0LXRpdHVsbyUyMiUzRTE2LU9WLTEwNTMlM0MlMkZwJTNFJTBBJTNDcCUyMGNsYXNzJTNEJTIyYm90b24tZW5sYWNlJTIyJTNFJTNDYSUyMGhyZWYlM0QlMjJodHRwcyUzQSUyRiUyRnNjaXNhLmVzJTJGd3AtY29udGVudCUyRnVwbG9hZHMlMkYyMDIyJTJGMDIlMkZjZXJ0aWZpY2Fkb19hY3JlZGl0YWNpb25fbWV0cm9sb2dpYV9TQ0kucGRmJTIyJTIwdGFyZ2V0JTNEJTIyX2JsYW5rJTIyJTNFJTIwJTIwVk9JUiUyMENFUlRJRklDQVQlM0MlMkZhJTNFJTNDJTJGcCUzRSUwQSUzQyUyRmRpdiUzRQ==[\/vc_raw_html][\/qode_elements_holder_item][\/qode_elements_holder][\/vc_column_inner][\/vc_row_inner][vc_empty_space][\/vc_column][\/vc_row][vc_row css_animation=&#8221;&#8221; row_type=&#8221;row&#8221; use_row_as_full_screen_section=&#8221;no&#8221; type=&#8221;full_width&#8221; angled_section=&#8221;no&#8221; text_align=&#8221;left&#8221; background_image_as_pattern=&#8221;without_pattern&#8221;][vc_column][vc_empty_space height=&#8221;64px&#8221;][\/vc_column][\/vc_row]<\/p>\n<\/div>","protected":false},"excerpt":{"rendered":"<p>[vc_row css_animation=&#8221;&#8221; row_type=&#8221;row&#8221; use_row_as_full_screen_section=&#8221;no&#8221; type=&#8221;full_width&#8221; angled_section=&#8221;no&#8221; text_align=&#8221;left&#8221; background_image_as_pattern=&#8221;without_pattern&#8221;][vc_column width=&#8221;1\/4&#8243;][vc_raw_html]PGg1PkNvbnRhY3QgYXZlYyBub3VzPC9oNT4=[\/vc_raw_html][vc_separator type=&#8221;normal&#8221; color=&#8221;#bcbcbc&#8221; thickness=&#8221;1&#8243; transparency=&#8221;0.4&#8243;][vc_widget_sidebar sidebar_id=&#8221;Acreditaciones&#8221;][\/vc_column][vc_column width=&#8221;3\/4&#8243;][vc_row_inner row_type=&#8221;row&#8221; type=&#8221;full_width&#8221; text_align=&#8221;left&#8221; css_animation=&#8221;&#8221; css=&#8221;.vc_custom_1644409816412{background-color: #ffffff !important;}&#8221;][vc_column_inner css=&#8221;.vc_custom_1639654809595{padding-right: 45px !important;padding-left: 45px !important;background-color: #ffffff !important;}&#8221;][vc_column_text] Accr\u00e9ditations et certifications SCI dispose d&#8217; accr\u00e9ditations et de certifications accord\u00e9es par les diff\u00e9rents organismes comp\u00e9tents,&#8230;<\/p>\n","protected":false},"author":1,"featured_media":0,"parent":0,"menu_order":0,"comment_status":"closed","ping_status":"closed","template":"","meta":{"footnotes":""},"class_list":["post-58559","page","type-page","status-publish","hentry"],"_links":{"self":[{"href":"https:\/\/scisa.es\/fr\/wp-json\/wp\/v2\/pages\/58559","targetHints":{"allow":["GET"]}}],"collection":[{"href":"https:\/\/scisa.es\/fr\/wp-json\/wp\/v2\/pages"}],"about":[{"href":"https:\/\/scisa.es\/fr\/wp-json\/wp\/v2\/types\/page"}],"author":[{"embeddable":true,"href":"https:\/\/scisa.es\/fr\/wp-json\/wp\/v2\/users\/1"}],"replies":[{"embeddable":true,"href":"https:\/\/scisa.es\/fr\/wp-json\/wp\/v2\/comments?post=58559"}],"version-history":[{"count":0,"href":"https:\/\/scisa.es\/fr\/wp-json\/wp\/v2\/pages\/58559\/revisions"}],"wp:attachment":[{"href":"https:\/\/scisa.es\/fr\/wp-json\/wp\/v2\/media?parent=58559"}],"curies":[{"name":"wp","href":"https:\/\/api.w.org\/{rel}","templated":true}]}}