{"id":59073,"date":"2022-08-23T07:36:39","date_gmt":"2022-08-23T07:36:39","guid":{"rendered":"https:\/\/scisa.es\/politique-qualite-environnement-la-sante-et-la-securite-au-travail\/"},"modified":"2022-08-23T07:57:19","modified_gmt":"2022-08-23T07:57:19","slug":"politique-qualite-environnement-la-sante-et-la-securite-au-travail","status":"publish","type":"page","link":"https:\/\/scisa.es\/fr\/politique-qualite-environnement-la-sante-et-la-securite-au-travail","title":{"rendered":"POLITIQUE QUALIT\u00c9, ENVIRONNEMENT LA SANT\u00c9 ET LA S\u00c9CURIT\u00c9 AU TRAVAIL"},"content":{"rendered":"<div class=\"wpb-content-wrapper\"><p>[vc_row css_animation=&#8221;&#8221; row_type=&#8221;row&#8221; use_row_as_full_screen_section=&#8221;no&#8221; type=&#8221;full_width&#8221; angled_section=&#8221;no&#8221; text_align=&#8221;left&#8221; background_image_as_pattern=&#8221;without_pattern&#8221;][vc_column][vc_column_text]S.C.I S.A. s\u2019engage \u00e0 <strong>atteindre et maintenir le plus haut niveau de qualit\u00e9,<\/strong> de <strong>s\u00e9curit\u00e9 et de protection au travail. Nous avons pour cela int\u00e9gr\u00e9 la gestion de ces domaines<\/strong>,our garantir des services de qualit\u00e9 tout en respectant et en prot\u00e9geant l\u2019environnement mais aussi en veillant \u00e0 la s\u00e9curit\u00e9 et \u00e0 la sant\u00e9 des salari\u00e9s et des tierces personnes, lors de la r\u00e9alisation de nos travaux, que ce soit dans nos installations, celles de nos clients ou sur les chantiers.<\/p>\n<p>S.C.I., S.A a \u00e9tabli une <strong>Culture de S\u00fbret\u00e9 Nucl\u00e9aire et veille<\/strong> \u00e0 ce que la suret\u00e9 nucl\u00e9aire soit prise en compte dans la prise de d\u00e9cision et que celle-ci ne soit compromise par aucune d\u00e9cision prise, favorisant l\u2019engagement dans toute l\u2019organisation.<\/p>\n<p>Pour atteindre et maintenir le plus haut niveau de qualit\u00e9 dans tous les aspects du travail, il faut respecter rigoureusement tous les modes op\u00e9ratoires, former et motiver son personnel, s\u2019assurer que les \u00e9quipements et installations n\u00e9cessaires au bon d\u00e9roulement de nos activit\u00e9s sont conformes.<\/p>\n<p>Un haut niveau de protection peut \u00eatre atteint en \u00e9liminant les dangers et en diminuant les risques potentiels pour la s\u00e9curit\u00e9, la sant\u00e9, l\u2019environnement et la S\u00fbret\u00e9 Nucl\u00e9aire, qui pourraient d\u00e9couler de notre activit\u00e9. Cela passe aussi par l\u2019adoption de mesures de pr\u00e9vention, de protection et d\u2019urgence pour le contr\u00f4le de ces risques.<\/p>\n<p>Am\u00e9liorer le travail et les conditions de travail, en vue d\u2019accro\u00eetre le niveau de qualit\u00e9 du service fourni et la protection de la s\u00e9curit\u00e9 et la sant\u00e9 de nos travailleurs, ainsi que l\u2019utilisation de l\u2019\u00e9nergie de la fa\u00e7on la plus efficace possible, l\u2019optimisation de l\u2019utilisation des mat\u00e9riaux et le d\u00e9veloppement des techniques de r\u00e9duction, d\u2019utilisation et de recyclage des d\u00e9chets et l\u2019utilisation des progr\u00e8s techniques et de la recherche et du d\u00e9veloppement dans la r\u00e9alisation de nos travaux, sont des points cl\u00e9s dans la strat\u00e9gie <strong>d\u2019am\u00e9lioration continue, la pr\u00e9vention de la pollution et la Culture de S\u00fbret\u00e9 Nucl\u00e9aire<\/strong> de S.C.I S.A.<\/p>\n<p>Nous sommes convaincus que les accidents du travail et ceux ayant un impact sur l\u2019environnement, ne sont pas dus au hasard et qu\u2019ils peuvent \u00eatre \u00e9vit\u00e9s si tous les membres de notre entreprise respectent la r\u00e8glementation, les normes et les proc\u00e9dures qui composent le Syst\u00e8me Int\u00e9gr\u00e9 de Gestion de la s\u00e9curit\u00e9, de la sant\u00e9 et de l\u2019environnement.<\/p>\n<p>Pour y arriver, <strong>je m\u2019engage en tant que directrice de S.C.I S.A. \u00e0 :<\/strong><\/p>\n<ul class=\"lalista\">\n<li><strong>Garantir le respect des exigences r\u00e8glementaires et normatives, ainsi que d\u2019autres exigences auxquels l\u2019entreprise a d\u00e9cid\u00e9 d\u2019adh\u00e9rer pour am\u00e9liorer la sant\u00e9, la s\u00e9curit\u00e9, l\u2019environnement et la qualit\u00e9 au travail et de la S\u00fbret\u00e9 Nucl\u00e9aire.<\/strong><\/li>\n<li><strong>D\u00e9velopper et implanter un syst\u00e8me de gestion int\u00e9gr\u00e9 efficace<\/strong>bas\u00e9 sur les normes ISO 14001, ISO 45001, ISO 9001 et ISO 19443, qui inclut la mise en place d\u2019objectifs, la r\u00e9alisation d\u2019inspections p\u00e9riodiques et des r\u00e9visions du syst\u00e8me garantissant ainsi son <strong>am\u00e9lioration continue en mati\u00e8re de qualit\u00e9,<\/strong> s\u00e9curit\u00e9, sant\u00e9 et environnement et la S\u00fbret\u00e9 Nucl\u00e9aire dans les services importants pour la Suret\u00e9 Nucl\u00e9aire (ITNS) que S.C.I., S.A effectue pour la cha\u00eene d\u2019approvisionnement du secteur de l\u2019\u00e9nergie nucl\u00e9aire.<\/li>\n<li>Maintenir une attitude ouverte au sein m\u00eame de l\u2019entreprise et face \u00e0 la soci\u00e9t\u00e9 en g\u00e9n\u00e9ral, <strong>en \u00e9tant r\u00e9ceptif aux inqui\u00e9tudes<\/strong> en mati\u00e8re de qualit\u00e9, sant\u00e9, s\u00e9curit\u00e9 et d\u2019environnement et S\u00fbret\u00e9 Nucl\u00e9aire que peuvent avoir les salari\u00e9s, organismes, associations ou institutions sur les installations.<\/li>\n<li><strong>Garantir des conditions de travail s\u00fbres<\/strong> pour pr\u00e9venir les blessures et la d\u00e9t\u00e9rioration de la sant\u00e9 des travailleurs de l\u2019entreprise.<\/li>\n<li><strong>Informer<\/strong> les employ\u00e9s sur les risques et aspects environnementaux li\u00e9s \u00e0 notre activit\u00e9, afin que leur comportement au poste de travail refl\u00e8te leur responsabilit\u00e9 au niveau s\u00e9curit\u00e9, sant\u00e9 et environnement et S\u00fbret\u00e9 Nucl\u00e9aire.<\/li>\n<li><strong>Sensibiliser et former<\/strong> tout le personnel de l\u2019entreprise \u00e0 la qualit\u00e9, la pr\u00e9vention des risques et la minimisation de l\u2019impact environnemental en lien avec notre activit\u00e9. De cette mani\u00e8re, le travail peut se faire en respectant un haut niveau de qualit\u00e9 et de s\u00e9curit\u00e9.<\/li>\n<li><strong>Sensibiliser les personnes impliqu\u00e9es dans la r\u00e9alisation de ITNS<\/strong> \u00e0 l\u2019importance de leurs missions, y compris les cons\u00e9quences possibles pour la S\u00fbret\u00e9 Nucl\u00e9aire d\u2019erreurs dans leurs activit\u00e9s, en favorisant une attitude interrogative.<\/li>\n<li>Promouvoir entre nos fournisseurs, contractants, sous-contractants et clients, le respect de toutes lesdispositions \u00e9tablies par l\u2019entreprise en mati\u00e8re d\u2019environnement, de s\u00e9curit\u00e9 et de sant\u00e9 au travail et de S\u00fbret\u00e9 Nucl\u00e9aire<\/li>\n<li>Garantir que les services fournis par S.C.I., S.A en tant que fournisseur de ITNS ne soient pas compromispar d\u2019autres priorit\u00e9s (economiques, financi\u00e8res, etc.).<\/li>\n<\/ul>\n<p>Le respect de cette politique nous aide \u00e0 atteindre le plus haut niveau, de S\u00fbret\u00e9 Nucl\u00e9aire y de protection de tout le personnel de S.C.I S.A., de ses actifs mat\u00e9riels ou immat\u00e9riels et en g\u00e9n\u00e9ral de toute la soci\u00e9t\u00e9 et de l\u2019environnement, et \u00e0 am\u00e9liorer notre syst\u00e8me de gestion et l\u2019ex\u00e9cution de nos missions dans le respect de nos modes op\u00e9ratoires.[\/vc_column_text][vc_empty_space][\/vc_column][\/vc_row]<\/p>\n<\/div>","protected":false},"excerpt":{"rendered":"<p>[vc_row css_animation=&#8221;&#8221; row_type=&#8221;row&#8221; use_row_as_full_screen_section=&#8221;no&#8221; type=&#8221;full_width&#8221; angled_section=&#8221;no&#8221; text_align=&#8221;left&#8221; background_image_as_pattern=&#8221;without_pattern&#8221;][vc_column][vc_column_text]S.C.I S.A. s\u2019engage \u00e0 atteindre et maintenir le plus haut niveau de qualit\u00e9, de s\u00e9curit\u00e9 et de protection au travail. Nous avons pour cela int\u00e9gr\u00e9 la gestion de ces domaines,our garantir des services de qualit\u00e9 tout en respectant&#8230;<\/p>\n","protected":false},"author":1,"featured_media":0,"parent":0,"menu_order":0,"comment_status":"closed","ping_status":"closed","template":"","meta":{"footnotes":""},"class_list":["post-59073","page","type-page","status-publish","hentry"],"_links":{"self":[{"href":"https:\/\/scisa.es\/fr\/wp-json\/wp\/v2\/pages\/59073","targetHints":{"allow":["GET"]}}],"collection":[{"href":"https:\/\/scisa.es\/fr\/wp-json\/wp\/v2\/pages"}],"about":[{"href":"https:\/\/scisa.es\/fr\/wp-json\/wp\/v2\/types\/page"}],"author":[{"embeddable":true,"href":"https:\/\/scisa.es\/fr\/wp-json\/wp\/v2\/users\/1"}],"replies":[{"embeddable":true,"href":"https:\/\/scisa.es\/fr\/wp-json\/wp\/v2\/comments?post=59073"}],"version-history":[{"count":0,"href":"https:\/\/scisa.es\/fr\/wp-json\/wp\/v2\/pages\/59073\/revisions"}],"wp:attachment":[{"href":"https:\/\/scisa.es\/fr\/wp-json\/wp\/v2\/media?parent=59073"}],"curies":[{"name":"wp","href":"https:\/\/api.w.org\/{rel}","templated":true}]}}